{"id":3678,"date":"2025-04-15T09:01:29","date_gmt":"2025-04-15T09:01:29","guid":{"rendered":"https:\/\/xenonkungen.com\/product\/60w-xenonkit-for-helljus-speedstart-12-24v\/"},"modified":"2026-04-29T14:19:16","modified_gmt":"2026-04-29T13:19:16","slug":"60w-xenon-sett-for-fjernlys-speedstart-12-24v","status":"publish","type":"product","link":"https:\/\/xenonkungen.com\/no\/produkt\/60w-xenon-sett-for-fjernlys-speedstart-12-24v\/","title":{"rendered":"60W Xenon-sett for fjernlys SpeedStart | 12\/24V"},"content":{"rendered":"<h1>Premium 60W Xenon-sett<\/h1>\n<p>Eksklusivt hos Xenon King.<br \/>\nB\u00e5de ballasten og lampene er av typen Super fast start og High brightness: Rask start og med h\u00f8yere lysstyrke.<\/p>\n<p>Inngangsballasten HNS-6 har en effekt p\u00e5 60W (effektiv ~60W).<\/p>\n<p>En unik egenskap ved HNS-6 er at den kan betjene alle xenonlamper, inkludert blyfrie (D1\/D2\/D3\/D4). Dette krever imidlertid spesialkabler, og oppgaven er gitt her for \u00e5 demonstrere den avanserte teknologien til HNS-6.<\/p>\n<p>HNS-6 erstatter produsentens fremragende, men utrangerte HNS-60-ballast, som har bevist sin p\u00e5litelighet gjennom mange \u00e5r.<\/p>\n<p>Hvor mye bedre fjernlys f\u00e5r du i akkurat din bil n\u00e5r frontlyktene gir 11200 lumen mot de eksisterende 2400 lumen?<\/p>\n<p>Ballast: HNS-6 Superrask start<br \/>\nEffekt: 60W (~60W), 42V\/85V AC<br \/>\nStr\u00f8mforbruk: 5,2 A\/12 V<br \/>\nVolt: 9-32V DC<br \/>\nDriftsmilj\u00f8: -40 til +85<\/p>\n<p><strong>Tilgjengelig med f\u00f8lgende lampesokkel:<\/strong><br \/>\nXenon-sett H1<br \/>\nXenon-sett H3<br \/>\nH7 Xenon Kit \/ Xenon Kit H7 (projektorlinse eller fjernlys)<br \/>\nH7R (reflektor n\u00e6rlys)<br \/>\nH9 (H8\/H11)<br \/>\n9005 (HB3\/HIR1\/9011)<br \/>\n9006 (HB4\/HIR2\/9012)<\/p>\n<p><strong>Valgfri fargetemperatur (K = Kelvin):<\/strong><br \/>\n4300K = 5600\u00b1100 lm, standard hvit<br \/>\n5000K = 5200\u00b1100 lm, lys hvit<br \/>\n6000K = 4700\u00b1100 lm, diamanthvit<br \/>\nFaktiske verdier i henhold til spektroanalyse.<br \/>\n- Vi anbefaler 4300K.<\/p>\n<p><strong>Ta hensyn til<\/strong> at dette settet ikke er egnet for n\u00e6rlys p\u00e5 grunn av det overdrevne lyset. Gir ca. 450% mer lys sammenlignet med bilens eksisterende halogenlykter p\u00e5 55 W. Anbefales derfor kun for konvertering av bilens fjernlys.<\/p>\n<p>Varmeutviklingen er lavere enn for halogen 55W, s\u00e5 det er ingen risiko for brente lamper.<\/p>\n<p>Innhold:<br \/>\n2 stk. forkoblingsenhet HNS-6 Superrask start 9-32 V DC<br \/>\n2 stk Power Xenon-lamper<\/p>\n<p><strong>Lagerstatus<\/strong><br \/>\nDette settet best\u00e5r av to separate artikler. Du kan sjekke lagerstatus for den spesifikke lampen\/fargen og ballasten under den respektive kategorien\/varen.<\/p>\n<p><strong>CANBUS:<\/strong><br \/>\nHvis du har en bil med Canbus-lysoverv\u00e5king, anbefaler vi at du kontakter kundeservice for veiledning.<\/p>\n<p><strong>NB! P\u00e5 enkelte nyere Saab-modeller har vi f\u00e5tt rapporter om at bilens avanserte\/sensitive elektriske system har blitt skadet under monteringen.<br \/>\nVi frar\u00e5der derfor xenonkonvertering p\u00e5 disse bilene, og vil ikke refundere eventuelle reparasjonskostnader hvis det skulle oppst\u00e5 problemer p\u00e5 bilen din. For mer informasjon, vennligst ring v\u00e5rt supportteam p\u00e5 0300-30860.<\/strong><\/p>\n<p>Garanti 3 \u00e5r ballast | 1 \u00e5r lampe<\/p>","protected":false},"excerpt":{"rendered":"<p>Fjernlys | Premium 60W Xenon-sett for den beste m\u00e5ten \u00e5 konvertere til xenon. B\u00e5de ballast og lamper er av typen Super fast start og High brightness: Rask start og med h\u00f8yere lysstyrke.<\/p>","protected":false},"featured_media":25925,"comment_status":"closed","ping_status":"closed","template":"","meta":{"_acf_changed":false,"_smort_price_nok":"1063","_smort_price_dkk":"675","_smort_price_eur":"90.45","_smort_sale_price_nok":"","_smort_sale_price_dkk":"","_smort_sale_price_eur":"","smort_restorder":"","shipmondo_restorder":"","_kad_blocks_custom_css":"","_kad_blocks_head_custom_js":"","_kad_blocks_body_custom_js":"","_kad_blocks_footer_custom_js":"","smort_custom_pricelist_1":"636.8","smort_custom_pricelist_2":"557.2","smort_custom_pricelist_3":"529.34","smort_custom_pricelist_4":"796","smort_custom_pricelist_5":"557.2"},"anvandningsomrade":[],"bilmarken":[],"product_brand":[],"product_cat":[2485],"product_tag":[],"class_list":{"0":"post-3678","1":"product","2":"type-product","3":"status-publish","4":"has-post-thumbnail","6":"product_cat-xenonkonventering","7":"pa_faktisk-effekts-forbrukning-401","8":"pa_fargtemperatur-5000k","9":"pa_fargtemperatur-6000k","10":"pa_fargtemperatur-4300k","11":"pa_lampsockel-kontakt-h7","12":"pa_lampsockel-kontakt-h9","13":"pa_lampsockel-kontakt-9005-hb3","14":"pa_lampsockel-kontakt-9006-hb4","15":"pa_lampsockel-kontakt-h1","16":"pa_lampsockel-kontakt-h3","17":"pa_lampsockel-kontakt-h7r","18":"pa_led-chips-effekt-w-694","19":"pa_volt-v-12-24","21":"first","22":"onbackorder","23":"taxable","24":"shipping-taxable","25":"purchasable","26":"product-type-variable"},"bundled_by":[],"bundle_stock_status":"onbackorder","bundle_stock_quantity":-114,"bundle_virtual":false,"bundle_layout":"","bundle_add_to_cart_form_location":"","bundle_editable_in_cart":false,"bundle_sold_individually_context":"","bundle_item_grouping":"","bundle_min_size":"","bundle_max_size":"","bundle_price":[],"bundled_items":[],"bundle_sell_ids":[],"acf":[],"yoast_head":"<!-- This site is optimized with the Yoast SEO plugin v27.0 - https:\/\/yoast.com\/product\/yoast-seo-wordpress\/ -->\n<title>60W Xenonkit f\u00f6r helljus SpeedStart | 12\/24V - Xenonkungen<\/title>\n<meta name=\"robots\" content=\"index, follow, max-snippet:-1, max-image-preview:large, max-video-preview:-1\" \/>\n<link rel=\"canonical\" href=\"https:\/\/xenonkungen.com\/no\/produkt\/60w-xenon-sett-for-fjernlys-speedstart-12-24v\/\" \/>\n<meta property=\"og:locale\" content=\"nb_NO\" \/>\n<meta property=\"og:type\" content=\"article\" \/>\n<meta property=\"og:title\" content=\"60W Xenonkit f\u00f6r helljus SpeedStart | 12\/24V - Xenonkungen\" \/>\n<meta property=\"og:description\" content=\"Helljus | Premium 60W Xenon kit f\u00f6r b\u00e4sta s\u00e4ttet att xenonkonvertera. B\u00e5de ballast och lampor \u00e4r av typ Super fast start och High brightness: Snabbstartande och med h\u00f6gre ljusstyrka.\" \/>\n<meta property=\"og:url\" content=\"https:\/\/xenonkungen.com\/no\/produkt\/60w-xenon-sett-for-fjernlys-speedstart-12-24v\/\" \/>\n<meta property=\"og:site_name\" content=\"Xenonkungen\" \/>\n<meta property=\"article:modified_time\" content=\"2026-04-29T13:19:16+00:00\" \/>\n<meta property=\"og:image\" content=\"https:\/\/xenonkungen.com\/wp-content\/uploads\/2025\/04\/Xenonkit-60W-ArtNr128814-ToHemsidan-no-text-2-PNNG-1024x921.png\" \/>\n\t<meta property=\"og:image:width\" content=\"1024\" \/>\n\t<meta property=\"og:image:height\" content=\"921\" \/>\n\t<meta property=\"og:image:type\" content=\"image\/png\" \/>\n<meta name=\"twitter:card\" content=\"summary_large_image\" \/>\n<meta name=\"twitter:label1\" content=\"Ansl. lesetid\" \/>\n\t<meta name=\"twitter:data1\" content=\"2 minutter\" \/>\n<script type=\"application\/ld+json\" class=\"yoast-schema-graph\">{\"@context\":\"https:\/\/schema.org\",\"@graph\":[{\"@type\":\"WebPage\",\"@id\":\"https:\/\/xenonkungen.com\/produkt\/60w-xenonkit-for-helljus-speedstart-12-24v\/\",\"url\":\"https:\/\/xenonkungen.com\/produkt\/60w-xenonkit-for-helljus-speedstart-12-24v\/\",\"name\":\"60W Xenonkit f\u00f6r helljus SpeedStart | 12\/24V - Xenonkungen\",\"isPartOf\":{\"@id\":\"https:\/\/xenonkungen.com\/#website\"},\"primaryImageOfPage\":{\"@id\":\"https:\/\/xenonkungen.com\/produkt\/60w-xenonkit-for-helljus-speedstart-12-24v\/#primaryimage\"},\"image\":{\"@id\":\"https:\/\/xenonkungen.com\/produkt\/60w-xenonkit-for-helljus-speedstart-12-24v\/#primaryimage\"},\"thumbnailUrl\":\"https:\/\/xenonkungen.com\/wp-content\/uploads\/2025\/04\/Xenonkit-60W-ArtNr128814-ToHemsidan-no-text-2-PNNG-scaled.png\",\"datePublished\":\"2025-04-15T09:01:29+00:00\",\"dateModified\":\"2026-04-29T13:19:16+00:00\",\"breadcrumb\":{\"@id\":\"https:\/\/xenonkungen.com\/produkt\/60w-xenonkit-for-helljus-speedstart-12-24v\/#breadcrumb\"},\"inLanguage\":\"nb-NO\",\"potentialAction\":[{\"@type\":\"ReadAction\",\"target\":[\"https:\/\/xenonkungen.com\/produkt\/60w-xenonkit-for-helljus-speedstart-12-24v\/\"]}]},{\"@type\":\"ImageObject\",\"inLanguage\":\"nb-NO\",\"@id\":\"https:\/\/xenonkungen.com\/produkt\/60w-xenonkit-for-helljus-speedstart-12-24v\/#primaryimage\",\"url\":\"https:\/\/xenonkungen.com\/wp-content\/uploads\/2025\/04\/Xenonkit-60W-ArtNr128814-ToHemsidan-no-text-2-PNNG-scaled.png\",\"contentUrl\":\"https:\/\/xenonkungen.com\/wp-content\/uploads\/2025\/04\/Xenonkit-60W-ArtNr128814-ToHemsidan-no-text-2-PNNG-scaled.png\",\"width\":2560,\"height\":2303},{\"@type\":\"BreadcrumbList\",\"@id\":\"https:\/\/xenonkungen.com\/produkt\/60w-xenonkit-for-helljus-speedstart-12-24v\/#breadcrumb\",\"itemListElement\":[{\"@type\":\"ListItem\",\"position\":1,\"name\":\"Hem\",\"item\":\"https:\/\/xenonkungen.com\/\"},{\"@type\":\"ListItem\",\"position\":2,\"name\":\"Shop\",\"item\":\"https:\/\/xenonkungen.com\/shop\/\"},{\"@type\":\"ListItem\",\"position\":3,\"name\":\"60W Xenonkit f\u00f6r helljus SpeedStart | 12\/24V\"}]},{\"@type\":\"WebSite\",\"@id\":\"https:\/\/xenonkungen.com\/#website\",\"url\":\"https:\/\/xenonkungen.com\/\",\"name\":\"Xenonkungen\",\"description\":\"\",\"potentialAction\":[{\"@type\":\"SearchAction\",\"target\":{\"@type\":\"EntryPoint\",\"urlTemplate\":\"https:\/\/xenonkungen.com\/?s={search_term_string}\"},\"query-input\":{\"@type\":\"PropertyValueSpecification\",\"valueRequired\":true,\"valueName\":\"search_term_string\"}}],\"inLanguage\":\"nb-NO\"}]}<\/script>\n<!-- \/ Yoast SEO plugin. -->","yoast_head_json":{"title":"60W Xenon-sett for fjernlys SpeedStart | 12\/24V - Xenonkungen","robots":{"index":"index","follow":"follow","max-snippet":"max-snippet:-1","max-image-preview":"max-image-preview:large","max-video-preview":"max-video-preview:-1"},"canonical":"https:\/\/xenonkungen.com\/no\/produkt\/60w-xenon-sett-for-fjernlys-speedstart-12-24v\/","og_locale":"nb_NO","og_type":"article","og_title":"60W Xenonkit f\u00f6r helljus SpeedStart | 12\/24V - Xenonkungen","og_description":"Helljus | Premium 60W Xenon kit f\u00f6r b\u00e4sta s\u00e4ttet att xenonkonvertera. B\u00e5de ballast och lampor \u00e4r av typ Super fast start och High brightness: Snabbstartande och med h\u00f6gre ljusstyrka.","og_url":"https:\/\/xenonkungen.com\/no\/produkt\/60w-xenon-sett-for-fjernlys-speedstart-12-24v\/","og_site_name":"Xenonkungen","article_modified_time":"2026-04-29T13:19:16+00:00","og_image":[{"width":1024,"height":921,"url":"https:\/\/xenonkungen.com\/wp-content\/uploads\/2025\/04\/Xenonkit-60W-ArtNr128814-ToHemsidan-no-text-2-PNNG-1024x921.png","type":"image\/png"}],"twitter_card":"summary_large_image","twitter_misc":{"Ansl. lesetid":"2 minutter"},"schema":{"@context":"https:\/\/schema.org","@graph":[{"@type":"WebPage","@id":"https:\/\/xenonkungen.com\/produkt\/60w-xenonkit-for-helljus-speedstart-12-24v\/","url":"https:\/\/xenonkungen.com\/produkt\/60w-xenonkit-for-helljus-speedstart-12-24v\/","name":"60W Xenon-sett for fjernlys SpeedStart | 12\/24V - Xenonkungen","isPartOf":{"@id":"https:\/\/xenonkungen.com\/#website"},"primaryImageOfPage":{"@id":"https:\/\/xenonkungen.com\/produkt\/60w-xenonkit-for-helljus-speedstart-12-24v\/#primaryimage"},"image":{"@id":"https:\/\/xenonkungen.com\/produkt\/60w-xenonkit-for-helljus-speedstart-12-24v\/#primaryimage"},"thumbnailUrl":"https:\/\/xenonkungen.com\/wp-content\/uploads\/2025\/04\/Xenonkit-60W-ArtNr128814-ToHemsidan-no-text-2-PNNG-scaled.png","datePublished":"2025-04-15T09:01:29+00:00","dateModified":"2026-04-29T13:19:16+00:00","breadcrumb":{"@id":"https:\/\/xenonkungen.com\/produkt\/60w-xenonkit-for-helljus-speedstart-12-24v\/#breadcrumb"},"inLanguage":"nb-NO","potentialAction":[{"@type":"ReadAction","target":["https:\/\/xenonkungen.com\/produkt\/60w-xenonkit-for-helljus-speedstart-12-24v\/"]}]},{"@type":"ImageObject","inLanguage":"nb-NO","@id":"https:\/\/xenonkungen.com\/produkt\/60w-xenonkit-for-helljus-speedstart-12-24v\/#primaryimage","url":"https:\/\/xenonkungen.com\/wp-content\/uploads\/2025\/04\/Xenonkit-60W-ArtNr128814-ToHemsidan-no-text-2-PNNG-scaled.png","contentUrl":"https:\/\/xenonkungen.com\/wp-content\/uploads\/2025\/04\/Xenonkit-60W-ArtNr128814-ToHemsidan-no-text-2-PNNG-scaled.png","width":2560,"height":2303},{"@type":"BreadcrumbList","@id":"https:\/\/xenonkungen.com\/produkt\/60w-xenonkit-for-helljus-speedstart-12-24v\/#breadcrumb","itemListElement":[{"@type":"ListItem","position":1,"name":"Hem","item":"https:\/\/xenonkungen.com\/"},{"@type":"ListItem","position":2,"name":"Shop","item":"https:\/\/xenonkungen.com\/shop\/"},{"@type":"ListItem","position":3,"name":"60W Xenonkit f\u00f6r helljus SpeedStart | 12\/24V"}]},{"@type":"WebSite","@id":"https:\/\/xenonkungen.com\/#website","url":"https:\/\/xenonkungen.com\/","name":"Xenonkungen","description":"","potentialAction":[{"@type":"SearchAction","target":{"@type":"EntryPoint","urlTemplate":"https:\/\/xenonkungen.com\/?s={search_term_string}"},"query-input":{"@type":"PropertyValueSpecification","valueRequired":true,"valueName":"search_term_string"}}],"inLanguage":"nb-NO"}]}},"taxonomy_info":{"product_cat":[{"value":2485,"label":"Xenonkonvertering"}],"pa_faktisk-effekts-forbrukning":[{"value":401,"label":"60"}],"pa_fargtemperatur":[{"value":154,"label":"5000K"},{"value":188,"label":"6000K"},{"value":755,"label":"4300K"}],"pa_lampsockel-kontakt":[{"value":206,"label":"H7"},{"value":163,"label":"H9"},{"value":741,"label":"9005, HB3"},{"value":326,"label":"9006 , HB4"},{"value":336,"label":"H1"},{"value":339,"label":"H3"},{"value":2719,"label":"H7R"}],"pa_led-chips-effekt-w":[{"value":694,"label":"60"}],"pa_volt-v":[{"value":348,"label":"12, 24"}]},"featured_image_src_large":["https:\/\/xenonkungen.com\/wp-content\/uploads\/2025\/04\/Xenonkit-60W-ArtNr128814-ToHemsidan-no-text-2-PNNG-1024x921.png",1024,921,true],"author_info":[],"comment_info":3,"_links":{"self":[{"href":"https:\/\/xenonkungen.com\/no\/wp-json\/wp\/v2\/product\/3678","targetHints":{"allow":["GET"]}}],"collection":[{"href":"https:\/\/xenonkungen.com\/no\/wp-json\/wp\/v2\/product"}],"about":[{"href":"https:\/\/xenonkungen.com\/no\/wp-json\/wp\/v2\/types\/product"}],"replies":[{"embeddable":true,"href":"https:\/\/xenonkungen.com\/no\/wp-json\/wp\/v2\/comments?post=3678"}],"wp:featuredmedia":[{"embeddable":true,"href":"https:\/\/xenonkungen.com\/no\/wp-json\/wp\/v2\/media\/25925"}],"wp:attachment":[{"href":"https:\/\/xenonkungen.com\/no\/wp-json\/wp\/v2\/media?parent=3678"}],"wp:term":[{"taxonomy":"anvandningsomrade","embeddable":true,"href":"https:\/\/xenonkungen.com\/no\/wp-json\/wp\/v2\/anvandningsomrade?post=3678"},{"taxonomy":"bilmarken","embeddable":true,"href":"https:\/\/xenonkungen.com\/no\/wp-json\/wp\/v2\/bilmarken?post=3678"},{"taxonomy":"product_brand","embeddable":true,"href":"https:\/\/xenonkungen.com\/no\/wp-json\/wp\/v2\/product_brand?post=3678"},{"taxonomy":"product_cat","embeddable":true,"href":"https:\/\/xenonkungen.com\/no\/wp-json\/wp\/v2\/product_cat?post=3678"},{"taxonomy":"product_tag","embeddable":true,"href":"https:\/\/xenonkungen.com\/no\/wp-json\/wp\/v2\/product_tag?post=3678"}],"curies":[{"name":"wp","href":"https:\/\/api.w.org\/{rel}","templated":true}]}}