{"id":3711,"date":"2025-04-15T09:01:47","date_gmt":"2025-04-15T09:01:47","guid":{"rendered":"https:\/\/xenonkungen.com\/product\/50w-canbus-xenonkit-for-helljus-12v\/"},"modified":"2026-05-13T16:10:48","modified_gmt":"2026-05-13T15:10:48","slug":"50w-canbus-xenon-sett-for-fjernlys-12v","status":"publish","type":"product","link":"https:\/\/xenonkungen.com\/no\/produkt\/50w-canbus-xenon-sett-for-fjernlys-12v\/","title":{"rendered":"50W Canbus Xenon-sett for fjernlys 12V"},"content":{"rendered":"<h1>Premium 50W Xenon-sett<\/h1>\n<p>Eksklusivt hos Xenon King.<br \/>\nHNS-C5-ballasten har en effekt p\u00e5 50 W, noe som gir ca. 50% mer lys enn standard 35 W xenonlys.<\/p>\n<p>En unik egenskap ved HNS-C5 er at den kan betjene alle xenonlamper, inkludert blyfrie (D1\/D2\/D3\/D4). Dette krever imidlertid spesialkabler, og oppgaven er gitt her for \u00e5 demonstrere den avanserte teknologien til HNS-C5.<\/p>\n<p>Lansert v\u00e5ren 2017. HNS-C5 erstatter produsentens fremragende, men utrangerte HNS-C50-ballast, som har bevist sin p\u00e5litelighet gjennom flere \u00e5r.<\/p>\n<p>Ballast: HNS-C5 (2017)<br \/>\nEffekt: 50W (~50W), 42V\/85V AC<br \/>\nVolt: 10-16V DC<br \/>\nDriftsmilj\u00f8: -40 til +85<\/p>\n<p><strong>Xenon-lampe med sokkel<\/strong><br \/>\nH1<br \/>\nH3<br \/>\nH7 (projektorlinse eller fjernlys)<br \/>\nH7R (reflektor n\u00e6rlys)<br \/>\nH9 (H8\/H11)<br \/>\n9005 (HB3)<br \/>\n9006 (HB4)<\/p>\n<p><strong>Fargetemperatur (Kelvin) og Lumen (lm)<\/strong><br \/>\n4300K = 5000\u00b1100 lm, standard hvit<br \/>\n5000K = 4700\u00b1100 lm, lys hvit<br \/>\n6000K = 4100\u00b1100 lm, diamanthvit<br \/>\nFaktiske verdier i henhold til spektroanalyse.<br \/>\n- Vi anbefaler 4300K.<\/p>\n<p><strong>Kunderapporter om funksjon:<\/strong><br \/>\nSaab 9-3 2007 fungerer feilfritt<\/p>\n<p><strong>Kjente unntak:<\/strong><br \/>\nVolvo XC70, V60, XC60 modell\u00e5r 2016-2017.<br \/>\nFungerer, men lampeadvarsel oppst\u00e5r etter en stund.<\/p>\n<p>BMW i3 2017 trenger ekstern motstand se Art.nr: 103144-H8<\/p>\n<p>Komplett for konvertering av 2 n\u00e6rlys, fjernlys eller t\u00e5kelys. Se ogs\u00e5 v\u00e5re alternative xenonsett 40W, 50W, 60W og for ekstra lys.<\/p>\n<p><strong>Innhold i leveransen<\/strong><br \/>\n2 stk Canbus-forkoblingsenhet HNS-C5 12V<br \/>\n2 stk Power Xenon-lamper<\/p>\n<p><strong>Lagerstatus<\/strong><br \/>\nDette settet best\u00e5r av to separate artikler. Du kan sjekke lagerstatus for den spesifikke lampen\/fargen og ballasten under den respektive kategorien\/varen.<\/p>\n<p><em>Bilen din trenger kanskje spesialtilbeh\u00f8r (se Lygteholdere)?<\/em><\/p>\n<p>Garanti 3 \u00e5r ballast | 1 \u00e5r lampe<\/p>\n<p><strong>NB! P\u00e5 enkelte nyere Saab-modeller har vi f\u00e5tt rapporter om at bilens avanserte\/sensitive elektriske system har blitt skadet under monteringen.<br \/>\nVi frar\u00e5der derfor xenonkonvertering p\u00e5 disse bilene, og vil ikke refundere eventuelle reparasjonskostnader hvis det skulle oppst\u00e5 problemer p\u00e5 bilen din. For mer informasjon, vennligst ring v\u00e5rt supportteam p\u00e5 0300-30860.<\/strong><\/p>","protected":false},"excerpt":{"rendered":"<p>50W xenonlys for biler med Canbus-lysoverv\u00e5king. Gir bilen din opptil 400% sterkere fjernlys.<\/p>","protected":false},"featured_media":25924,"comment_status":"closed","ping_status":"closed","template":"","meta":{"_acf_changed":false,"_smort_price_nok":"1170","_smort_price_dkk":"743","_smort_price_eur":"99.54","_smort_sale_price_nok":"","_smort_sale_price_dkk":"","_smort_sale_price_eur":"","smort_restorder":"","shipmondo_restorder":"","_kad_blocks_custom_css":"","_kad_blocks_head_custom_js":"","_kad_blocks_body_custom_js":"","_kad_blocks_footer_custom_js":"","smort_custom_pricelist_1":"700.8","smort_custom_pricelist_2":"613.2","smort_custom_pricelist_3":"582.54","smort_custom_pricelist_4":"876","smort_custom_pricelist_5":"613.2"},"anvandningsomrade":[],"bilmarken":[],"product_brand":[],"product_cat":[2485],"product_tag":[],"class_list":{"0":"post-3711","1":"product","2":"type-product","3":"status-publish","4":"has-post-thumbnail","6":"product_cat-xenonkonventering","7":"pa_faktisk-effekts-forbrukning-381","8":"pa_fargtemperatur-5000k","9":"pa_fargtemperatur-6000k","10":"pa_fargtemperatur-4300k","11":"pa_lampsockel-kontakt-h7","12":"pa_lampsockel-kontakt-h9","13":"pa_lampsockel-kontakt-9005-hb3","14":"pa_lampsockel-kontakt-9006-hb4","15":"pa_lampsockel-kontakt-h1","16":"pa_lampsockel-kontakt-h3","17":"pa_lampsockel-kontakt-h7r","18":"pa_led-chips-effekt-w-355","19":"pa_volt-v-159","21":"first","22":"onbackorder","23":"taxable","24":"shipping-taxable","25":"purchasable","26":"product-type-variable"},"bundled_by":[],"bundle_stock_status":"onbackorder","bundle_stock_quantity":-36,"bundle_virtual":false,"bundle_layout":"","bundle_add_to_cart_form_location":"","bundle_editable_in_cart":false,"bundle_sold_individually_context":"","bundle_item_grouping":"","bundle_min_size":"","bundle_max_size":"","bundle_price":[],"bundled_items":[],"bundle_sell_ids":[],"acf":[],"yoast_head":"<!-- This site is optimized with the Yoast SEO plugin v27.0 - https:\/\/yoast.com\/product\/yoast-seo-wordpress\/ -->\n<title>50W Canbus Xenonkit f\u00f6r helljus | 12V - Xenonkungen<\/title>\n<meta name=\"robots\" content=\"index, follow, max-snippet:-1, max-image-preview:large, max-video-preview:-1\" \/>\n<link rel=\"canonical\" href=\"https:\/\/xenonkungen.com\/no\/produkt\/50w-canbus-xenon-sett-for-fjernlys-12v\/\" \/>\n<meta property=\"og:locale\" content=\"nb_NO\" \/>\n<meta property=\"og:type\" content=\"article\" \/>\n<meta property=\"og:title\" content=\"50W Canbus Xenonkit f\u00f6r helljus | 12V - Xenonkungen\" \/>\n<meta property=\"og:description\" content=\"50W xenonljus f\u00f6r bilar med Canbus ljus\u00f6vervakning. Ger din bil upp till 400% starkare helljus.\" \/>\n<meta property=\"og:url\" content=\"https:\/\/xenonkungen.com\/no\/produkt\/50w-canbus-xenon-sett-for-fjernlys-12v\/\" \/>\n<meta property=\"og:site_name\" content=\"Xenonkungen\" \/>\n<meta property=\"article:modified_time\" content=\"2026-05-13T15:10:48+00:00\" \/>\n<meta property=\"og:image\" content=\"https:\/\/xenonkungen.com\/wp-content\/uploads\/2025\/04\/Xenonkit-50W-Artnr125014-DSCF9865-ToHemsidan-no-text-1024x921.png\" \/>\n\t<meta property=\"og:image:width\" content=\"1024\" \/>\n\t<meta property=\"og:image:height\" content=\"921\" \/>\n\t<meta property=\"og:image:type\" content=\"image\/png\" \/>\n<meta name=\"twitter:card\" content=\"summary_large_image\" \/>\n<meta name=\"twitter:label1\" content=\"Ansl. lesetid\" \/>\n\t<meta name=\"twitter:data1\" content=\"2 minutter\" \/>\n<script type=\"application\/ld+json\" class=\"yoast-schema-graph\">{\"@context\":\"https:\/\/schema.org\",\"@graph\":[{\"@type\":\"WebPage\",\"@id\":\"https:\/\/xenonkungen.com\/produkt\/50w-canbus-xenonkit-for-helljus-12v\/\",\"url\":\"https:\/\/xenonkungen.com\/produkt\/50w-canbus-xenonkit-for-helljus-12v\/\",\"name\":\"50W Canbus Xenonkit f\u00f6r helljus | 12V - Xenonkungen\",\"isPartOf\":{\"@id\":\"https:\/\/xenonkungen.com\/#website\"},\"primaryImageOfPage\":{\"@id\":\"https:\/\/xenonkungen.com\/produkt\/50w-canbus-xenonkit-for-helljus-12v\/#primaryimage\"},\"image\":{\"@id\":\"https:\/\/xenonkungen.com\/produkt\/50w-canbus-xenonkit-for-helljus-12v\/#primaryimage\"},\"thumbnailUrl\":\"https:\/\/xenonkungen.com\/wp-content\/uploads\/2025\/04\/Xenonkit-50W-Artnr125014-DSCF9865-ToHemsidan-no-text-scaled.png\",\"datePublished\":\"2025-04-15T09:01:47+00:00\",\"dateModified\":\"2026-05-13T15:10:48+00:00\",\"breadcrumb\":{\"@id\":\"https:\/\/xenonkungen.com\/produkt\/50w-canbus-xenonkit-for-helljus-12v\/#breadcrumb\"},\"inLanguage\":\"nb-NO\",\"potentialAction\":[{\"@type\":\"ReadAction\",\"target\":[\"https:\/\/xenonkungen.com\/produkt\/50w-canbus-xenonkit-for-helljus-12v\/\"]}]},{\"@type\":\"ImageObject\",\"inLanguage\":\"nb-NO\",\"@id\":\"https:\/\/xenonkungen.com\/produkt\/50w-canbus-xenonkit-for-helljus-12v\/#primaryimage\",\"url\":\"https:\/\/xenonkungen.com\/wp-content\/uploads\/2025\/04\/Xenonkit-50W-Artnr125014-DSCF9865-ToHemsidan-no-text-scaled.png\",\"contentUrl\":\"https:\/\/xenonkungen.com\/wp-content\/uploads\/2025\/04\/Xenonkit-50W-Artnr125014-DSCF9865-ToHemsidan-no-text-scaled.png\",\"width\":2560,\"height\":2303},{\"@type\":\"BreadcrumbList\",\"@id\":\"https:\/\/xenonkungen.com\/produkt\/50w-canbus-xenonkit-for-helljus-12v\/#breadcrumb\",\"itemListElement\":[{\"@type\":\"ListItem\",\"position\":1,\"name\":\"Hem\",\"item\":\"https:\/\/xenonkungen.com\/\"},{\"@type\":\"ListItem\",\"position\":2,\"name\":\"Shop\",\"item\":\"https:\/\/xenonkungen.com\/shop\/\"},{\"@type\":\"ListItem\",\"position\":3,\"name\":\"50W Canbus Xenonkit f\u00f6r helljus | 12V\"}]},{\"@type\":\"WebSite\",\"@id\":\"https:\/\/xenonkungen.com\/#website\",\"url\":\"https:\/\/xenonkungen.com\/\",\"name\":\"Xenonkungen\",\"description\":\"\",\"potentialAction\":[{\"@type\":\"SearchAction\",\"target\":{\"@type\":\"EntryPoint\",\"urlTemplate\":\"https:\/\/xenonkungen.com\/?s={search_term_string}\"},\"query-input\":{\"@type\":\"PropertyValueSpecification\",\"valueRequired\":true,\"valueName\":\"search_term_string\"}}],\"inLanguage\":\"nb-NO\"}]}<\/script>\n<!-- \/ Yoast SEO plugin. -->","yoast_head_json":{"title":"50W Canbus Xenon-sett for fjernlys | 12V - Xenonkungen","robots":{"index":"index","follow":"follow","max-snippet":"max-snippet:-1","max-image-preview":"max-image-preview:large","max-video-preview":"max-video-preview:-1"},"canonical":"https:\/\/xenonkungen.com\/no\/produkt\/50w-canbus-xenon-sett-for-fjernlys-12v\/","og_locale":"nb_NO","og_type":"article","og_title":"50W Canbus Xenonkit f\u00f6r helljus | 12V - Xenonkungen","og_description":"50W xenonljus f\u00f6r bilar med Canbus ljus\u00f6vervakning. Ger din bil upp till 400% starkare helljus.","og_url":"https:\/\/xenonkungen.com\/no\/produkt\/50w-canbus-xenon-sett-for-fjernlys-12v\/","og_site_name":"Xenonkungen","article_modified_time":"2026-05-13T15:10:48+00:00","og_image":[{"width":1024,"height":921,"url":"https:\/\/xenonkungen.com\/wp-content\/uploads\/2025\/04\/Xenonkit-50W-Artnr125014-DSCF9865-ToHemsidan-no-text-1024x921.png","type":"image\/png"}],"twitter_card":"summary_large_image","twitter_misc":{"Ansl. lesetid":"2 minutter"},"schema":{"@context":"https:\/\/schema.org","@graph":[{"@type":"WebPage","@id":"https:\/\/xenonkungen.com\/produkt\/50w-canbus-xenonkit-for-helljus-12v\/","url":"https:\/\/xenonkungen.com\/produkt\/50w-canbus-xenonkit-for-helljus-12v\/","name":"50W Canbus Xenon-sett for fjernlys | 12V - Xenonkungen","isPartOf":{"@id":"https:\/\/xenonkungen.com\/#website"},"primaryImageOfPage":{"@id":"https:\/\/xenonkungen.com\/produkt\/50w-canbus-xenonkit-for-helljus-12v\/#primaryimage"},"image":{"@id":"https:\/\/xenonkungen.com\/produkt\/50w-canbus-xenonkit-for-helljus-12v\/#primaryimage"},"thumbnailUrl":"https:\/\/xenonkungen.com\/wp-content\/uploads\/2025\/04\/Xenonkit-50W-Artnr125014-DSCF9865-ToHemsidan-no-text-scaled.png","datePublished":"2025-04-15T09:01:47+00:00","dateModified":"2026-05-13T15:10:48+00:00","breadcrumb":{"@id":"https:\/\/xenonkungen.com\/produkt\/50w-canbus-xenonkit-for-helljus-12v\/#breadcrumb"},"inLanguage":"nb-NO","potentialAction":[{"@type":"ReadAction","target":["https:\/\/xenonkungen.com\/produkt\/50w-canbus-xenonkit-for-helljus-12v\/"]}]},{"@type":"ImageObject","inLanguage":"nb-NO","@id":"https:\/\/xenonkungen.com\/produkt\/50w-canbus-xenonkit-for-helljus-12v\/#primaryimage","url":"https:\/\/xenonkungen.com\/wp-content\/uploads\/2025\/04\/Xenonkit-50W-Artnr125014-DSCF9865-ToHemsidan-no-text-scaled.png","contentUrl":"https:\/\/xenonkungen.com\/wp-content\/uploads\/2025\/04\/Xenonkit-50W-Artnr125014-DSCF9865-ToHemsidan-no-text-scaled.png","width":2560,"height":2303},{"@type":"BreadcrumbList","@id":"https:\/\/xenonkungen.com\/produkt\/50w-canbus-xenonkit-for-helljus-12v\/#breadcrumb","itemListElement":[{"@type":"ListItem","position":1,"name":"Hem","item":"https:\/\/xenonkungen.com\/"},{"@type":"ListItem","position":2,"name":"Shop","item":"https:\/\/xenonkungen.com\/shop\/"},{"@type":"ListItem","position":3,"name":"50W Canbus Xenonkit f\u00f6r helljus | 12V"}]},{"@type":"WebSite","@id":"https:\/\/xenonkungen.com\/#website","url":"https:\/\/xenonkungen.com\/","name":"Xenonkungen","description":"","potentialAction":[{"@type":"SearchAction","target":{"@type":"EntryPoint","urlTemplate":"https:\/\/xenonkungen.com\/?s={search_term_string}"},"query-input":{"@type":"PropertyValueSpecification","valueRequired":true,"valueName":"search_term_string"}}],"inLanguage":"nb-NO"}]}},"taxonomy_info":{"product_cat":[{"value":2485,"label":"Xenonkonvertering"}],"pa_faktisk-effekts-forbrukning":[{"value":381,"label":"50"}],"pa_fargtemperatur":[{"value":154,"label":"5000K"},{"value":188,"label":"6000K"},{"value":755,"label":"4300K"}],"pa_lampsockel-kontakt":[{"value":206,"label":"H7"},{"value":163,"label":"H9"},{"value":741,"label":"9005, HB3"},{"value":326,"label":"9006 , HB4"},{"value":336,"label":"H1"},{"value":339,"label":"H3"},{"value":2719,"label":"H7R"}],"pa_led-chips-effekt-w":[{"value":355,"label":"50"}],"pa_volt-v":[{"value":159,"label":"12"}]},"featured_image_src_large":["https:\/\/xenonkungen.com\/wp-content\/uploads\/2025\/04\/Xenonkit-50W-Artnr125014-DSCF9865-ToHemsidan-no-text-1024x921.png",1024,921,true],"author_info":[],"comment_info":2,"_links":{"self":[{"href":"https:\/\/xenonkungen.com\/no\/wp-json\/wp\/v2\/product\/3711","targetHints":{"allow":["GET"]}}],"collection":[{"href":"https:\/\/xenonkungen.com\/no\/wp-json\/wp\/v2\/product"}],"about":[{"href":"https:\/\/xenonkungen.com\/no\/wp-json\/wp\/v2\/types\/product"}],"replies":[{"embeddable":true,"href":"https:\/\/xenonkungen.com\/no\/wp-json\/wp\/v2\/comments?post=3711"}],"wp:featuredmedia":[{"embeddable":true,"href":"https:\/\/xenonkungen.com\/no\/wp-json\/wp\/v2\/media\/25924"}],"wp:attachment":[{"href":"https:\/\/xenonkungen.com\/no\/wp-json\/wp\/v2\/media?parent=3711"}],"wp:term":[{"taxonomy":"anvandningsomrade","embeddable":true,"href":"https:\/\/xenonkungen.com\/no\/wp-json\/wp\/v2\/anvandningsomrade?post=3711"},{"taxonomy":"bilmarken","embeddable":true,"href":"https:\/\/xenonkungen.com\/no\/wp-json\/wp\/v2\/bilmarken?post=3711"},{"taxonomy":"product_brand","embeddable":true,"href":"https:\/\/xenonkungen.com\/no\/wp-json\/wp\/v2\/product_brand?post=3711"},{"taxonomy":"product_cat","embeddable":true,"href":"https:\/\/xenonkungen.com\/no\/wp-json\/wp\/v2\/product_cat?post=3711"},{"taxonomy":"product_tag","embeddable":true,"href":"https:\/\/xenonkungen.com\/no\/wp-json\/wp\/v2\/product_tag?post=3711"}],"curies":[{"name":"wp","href":"https:\/\/api.w.org\/{rel}","templated":true}]}}