{"id":3777,"date":"2025-04-15T09:02:31","date_gmt":"2025-04-15T09:02:31","guid":{"rendered":"https:\/\/xenonkungen.com\/product\/nightshift-blixtljus-diskret-h32mm\/"},"modified":"2026-05-04T10:51:06","modified_gmt":"2026-05-04T09:51:06","slug":"luxtar-lommelykt-diskre-h32mm","status":"publish","type":"product","link":"https:\/\/xenonkungen.com\/no\/produkt\/luxtar-lommelykt-diskre-h32mm\/","title":{"rendered":"Luxtar blitzlys diskr\u00e9 | H32 mm"},"content":{"rendered":"<div class=\"container\">\n<h1>Luxtar diskr\u00e9 strobelys med 36 blinkm\u00f8nstre<\/h1>\n<p>Dette diskrete Luxtar-strobelyset er den ultimate l\u00f8sningen for brukere som trenger en kraftig, men diskret varslingsenhet. Med 36 valgbare strobelysm\u00f8nstre tilbyr det en tilpassbar l\u00f8sning for \u00e5 oppn\u00e5 \u00f8nsket effekt, enten det er for n\u00f8detater, servicebiler eller annet spesialutstyr.<\/p>\n<div class=\"features\">\n<h2>Kjerneegenskaper:<\/h2>\n<ul>\n<li>36 valgbare blinkm\u00f8nstre for tilpasset bruk og \u00f8nsket signaleffekt.<\/li>\n<li>Konstruert i polykarbonat for maksimal holdbarhet og korrosjonsbestandighet, selv n\u00e5r de monteres direkte p\u00e5 metalloverflater.<\/li>\n<li>Kabelinnf\u00f8ringen g\u00e5r direkte til baksiden for \u00e5 skjule og sikre ledningsnettet mot ytre p\u00e5virkninger som v\u00e6r, vind og fysiske hindringer.<\/li>\n<\/ul>\n<\/div>\n<p>Med sin robuste konstruksjon og et bredt utvalg av blinkm\u00f8nstre er Nightshift\u00ae-blinklyset en p\u00e5litelig og langvarig investering for dem som trenger p\u00e5litelig og tilpasningsdyktig varslingssignalering under alle forhold.<\/p>\n<\/div>\n<p><strong>Volt:<\/strong> 10-30V<br \/>\n<strong>Farge:<\/strong> rav<br \/>\n<strong>St\u00f8rrelse:<\/strong> LBH 60x 45x 32mm<br \/>\n<strong>IP-klasse:<\/strong> IP67<br \/>\n<strong>Sertifikat:<\/strong> SAEH595, ECE R10, ECE R65<\/p>\n<p><strong>Koblingsskjema:<\/strong><br \/>\nR\u00f8d \u2013 Pluss<br \/>\nSvart \u2013 Jord\/minus<br \/>\nGul og gr\u00e5 \u2013 brokoblet, kobles mellom for \u00e5 endre blinkem\u00f8nster. Fj\u00e6rbelastet knapp anbefales.<\/p>\n<p><strong>Garanti:<\/strong> 2 \u00e5r<\/p>","protected":false},"excerpt":{"rendered":"<p>Lavt montert blinklys som passer perfekt p\u00e5 lastebilen eller servicebilen.<\/p>","protected":false},"featured_media":3778,"comment_status":"closed","ping_status":"closed","template":"","meta":{"_acf_changed":false,"_smort_price_nok":"363","_smort_price_dkk":"231","_smort_price_eur":"30.91","_smort_sale_price_nok":"","_smort_sale_price_dkk":"","_smort_sale_price_eur":"","smort_restorder":"","shipmondo_restorder":"","_kad_blocks_custom_css":"","_kad_blocks_head_custom_js":"","_kad_blocks_body_custom_js":"","_kad_blocks_footer_custom_js":"","smort_custom_pricelist_1":"217.6","smort_custom_pricelist_2":"190.4","smort_custom_pricelist_3":"180.88","smort_custom_pricelist_4":"272","smort_custom_pricelist_5":"190.4"},"anvandningsomrade":[],"bilmarken":[],"product_brand":[103],"product_cat":[3040,2553,1061],"product_tag":[],"class_list":{"0":"post-3777","1":"product","2":"type-product","3":"status-publish","4":"has-post-thumbnail","6":"product_brand-luxtar","7":"product_cat-hideaway-blixtljus","8":"product_cat-blixtljus-riktat-varningsljus","9":"product_cat-varningsljus","10":"pa_fuktskydd-varde-ipxx-ip67","11":"pa_godkannande-saeh595-ece-r10-ece-r65","12":"pa_storlek-mm-1235","14":"first","15":"instock","16":"taxable","17":"shipping-taxable","18":"purchasable","19":"product-type-simple"},"bundled_by":[],"bundle_stock_status":"instock","bundle_stock_quantity":8,"bundle_virtual":false,"bundle_layout":"","bundle_add_to_cart_form_location":"","bundle_editable_in_cart":false,"bundle_sold_individually_context":"","bundle_item_grouping":"","bundle_min_size":"","bundle_max_size":"","bundle_price":[],"bundled_items":[],"bundle_sell_ids":[],"acf":[],"yoast_head":"<!-- This site is optimized with the Yoast SEO plugin v27.0 - https:\/\/yoast.com\/product\/yoast-seo-wordpress\/ -->\n<title>Luxtar Blixtljus Diskret | H32mm - Xenonkungen<\/title>\n<meta name=\"robots\" content=\"index, follow, max-snippet:-1, max-image-preview:large, max-video-preview:-1\" \/>\n<link rel=\"canonical\" href=\"https:\/\/xenonkungen.com\/no\/produkt\/luxtar-lommelykt-diskre-h32mm\/\" \/>\n<meta property=\"og:locale\" content=\"nb_NO\" \/>\n<meta property=\"og:type\" content=\"article\" \/>\n<meta property=\"og:title\" content=\"Luxtar Blixtljus Diskret | H32mm - Xenonkungen\" \/>\n<meta property=\"og:description\" content=\"L\u00e5gmonterat blixtljus som passar perfekt p\u00e5 lastbilen eller servicebil.\" \/>\n<meta property=\"og:url\" content=\"https:\/\/xenonkungen.com\/no\/produkt\/luxtar-lommelykt-diskre-h32mm\/\" \/>\n<meta property=\"og:site_name\" content=\"Xenonkungen\" \/>\n<meta property=\"article:modified_time\" content=\"2026-05-04T09:51:06+00:00\" \/>\n<meta property=\"og:image\" content=\"https:\/\/xenonkungen.com\/wp-content\/uploads\/2025\/04\/167766381-origpic-0772e0.png\" \/>\n\t<meta property=\"og:image:width\" content=\"1000\" \/>\n\t<meta property=\"og:image:height\" content=\"1000\" \/>\n\t<meta property=\"og:image:type\" content=\"image\/png\" \/>\n<meta name=\"twitter:card\" content=\"summary_large_image\" \/>\n<meta name=\"twitter:label1\" content=\"Ansl. lesetid\" \/>\n\t<meta name=\"twitter:data1\" content=\"2 minutter\" \/>\n<script type=\"application\/ld+json\" class=\"yoast-schema-graph\">{\"@context\":\"https:\/\/schema.org\",\"@graph\":[{\"@type\":\"WebPage\",\"@id\":\"https:\/\/xenonkungen.com\/produkt\/luxtar-blixtljus-diskret-h32mm\/\",\"url\":\"https:\/\/xenonkungen.com\/produkt\/luxtar-blixtljus-diskret-h32mm\/\",\"name\":\"Luxtar Blixtljus Diskret | H32mm - Xenonkungen\",\"isPartOf\":{\"@id\":\"https:\/\/xenonkungen.com\/#website\"},\"primaryImageOfPage\":{\"@id\":\"https:\/\/xenonkungen.com\/produkt\/luxtar-blixtljus-diskret-h32mm\/#primaryimage\"},\"image\":{\"@id\":\"https:\/\/xenonkungen.com\/produkt\/luxtar-blixtljus-diskret-h32mm\/#primaryimage\"},\"thumbnailUrl\":\"https:\/\/xenonkungen.com\/wp-content\/uploads\/2025\/04\/167766381-origpic-0772e0.png\",\"datePublished\":\"2025-04-15T09:02:31+00:00\",\"dateModified\":\"2026-05-04T09:51:06+00:00\",\"breadcrumb\":{\"@id\":\"https:\/\/xenonkungen.com\/produkt\/luxtar-blixtljus-diskret-h32mm\/#breadcrumb\"},\"inLanguage\":\"nb-NO\",\"potentialAction\":[{\"@type\":\"ReadAction\",\"target\":[\"https:\/\/xenonkungen.com\/produkt\/luxtar-blixtljus-diskret-h32mm\/\"]}]},{\"@type\":\"ImageObject\",\"inLanguage\":\"nb-NO\",\"@id\":\"https:\/\/xenonkungen.com\/produkt\/luxtar-blixtljus-diskret-h32mm\/#primaryimage\",\"url\":\"https:\/\/xenonkungen.com\/wp-content\/uploads\/2025\/04\/167766381-origpic-0772e0.png\",\"contentUrl\":\"https:\/\/xenonkungen.com\/wp-content\/uploads\/2025\/04\/167766381-origpic-0772e0.png\",\"width\":1000,\"height\":1000},{\"@type\":\"BreadcrumbList\",\"@id\":\"https:\/\/xenonkungen.com\/produkt\/luxtar-blixtljus-diskret-h32mm\/#breadcrumb\",\"itemListElement\":[{\"@type\":\"ListItem\",\"position\":1,\"name\":\"Hem\",\"item\":\"https:\/\/xenonkungen.com\/\"},{\"@type\":\"ListItem\",\"position\":2,\"name\":\"Shop\",\"item\":\"https:\/\/xenonkungen.com\/shop\/\"},{\"@type\":\"ListItem\",\"position\":3,\"name\":\"Luxtar Blixtljus Diskret | H32mm\"}]},{\"@type\":\"WebSite\",\"@id\":\"https:\/\/xenonkungen.com\/#website\",\"url\":\"https:\/\/xenonkungen.com\/\",\"name\":\"Xenonkungen\",\"description\":\"\",\"potentialAction\":[{\"@type\":\"SearchAction\",\"target\":{\"@type\":\"EntryPoint\",\"urlTemplate\":\"https:\/\/xenonkungen.com\/?s={search_term_string}\"},\"query-input\":{\"@type\":\"PropertyValueSpecification\",\"valueRequired\":true,\"valueName\":\"search_term_string\"}}],\"inLanguage\":\"nb-NO\"}]}<\/script>\n<!-- \/ Yoast SEO plugin. -->","yoast_head_json":{"title":"Luxtar blitzlys diskr\u00e9 | H32mm - Xenonkungen","robots":{"index":"index","follow":"follow","max-snippet":"max-snippet:-1","max-image-preview":"max-image-preview:large","max-video-preview":"max-video-preview:-1"},"canonical":"https:\/\/xenonkungen.com\/no\/produkt\/luxtar-lommelykt-diskre-h32mm\/","og_locale":"nb_NO","og_type":"article","og_title":"Luxtar Blixtljus Diskret | H32mm - Xenonkungen","og_description":"L\u00e5gmonterat blixtljus som passar perfekt p\u00e5 lastbilen eller servicebil.","og_url":"https:\/\/xenonkungen.com\/no\/produkt\/luxtar-lommelykt-diskre-h32mm\/","og_site_name":"Xenonkungen","article_modified_time":"2026-05-04T09:51:06+00:00","og_image":[{"width":1000,"height":1000,"url":"https:\/\/xenonkungen.com\/wp-content\/uploads\/2025\/04\/167766381-origpic-0772e0.png","type":"image\/png"}],"twitter_card":"summary_large_image","twitter_misc":{"Ansl. lesetid":"2 minutter"},"schema":{"@context":"https:\/\/schema.org","@graph":[{"@type":"WebPage","@id":"https:\/\/xenonkungen.com\/produkt\/luxtar-blixtljus-diskret-h32mm\/","url":"https:\/\/xenonkungen.com\/produkt\/luxtar-blixtljus-diskret-h32mm\/","name":"Luxtar blitzlys diskr\u00e9 | H32mm - Xenonkungen","isPartOf":{"@id":"https:\/\/xenonkungen.com\/#website"},"primaryImageOfPage":{"@id":"https:\/\/xenonkungen.com\/produkt\/luxtar-blixtljus-diskret-h32mm\/#primaryimage"},"image":{"@id":"https:\/\/xenonkungen.com\/produkt\/luxtar-blixtljus-diskret-h32mm\/#primaryimage"},"thumbnailUrl":"https:\/\/xenonkungen.com\/wp-content\/uploads\/2025\/04\/167766381-origpic-0772e0.png","datePublished":"2025-04-15T09:02:31+00:00","dateModified":"2026-05-04T09:51:06+00:00","breadcrumb":{"@id":"https:\/\/xenonkungen.com\/produkt\/luxtar-blixtljus-diskret-h32mm\/#breadcrumb"},"inLanguage":"nb-NO","potentialAction":[{"@type":"ReadAction","target":["https:\/\/xenonkungen.com\/produkt\/luxtar-blixtljus-diskret-h32mm\/"]}]},{"@type":"ImageObject","inLanguage":"nb-NO","@id":"https:\/\/xenonkungen.com\/produkt\/luxtar-blixtljus-diskret-h32mm\/#primaryimage","url":"https:\/\/xenonkungen.com\/wp-content\/uploads\/2025\/04\/167766381-origpic-0772e0.png","contentUrl":"https:\/\/xenonkungen.com\/wp-content\/uploads\/2025\/04\/167766381-origpic-0772e0.png","width":1000,"height":1000},{"@type":"BreadcrumbList","@id":"https:\/\/xenonkungen.com\/produkt\/luxtar-blixtljus-diskret-h32mm\/#breadcrumb","itemListElement":[{"@type":"ListItem","position":1,"name":"Hem","item":"https:\/\/xenonkungen.com\/"},{"@type":"ListItem","position":2,"name":"Shop","item":"https:\/\/xenonkungen.com\/shop\/"},{"@type":"ListItem","position":3,"name":"Luxtar Blixtljus Diskret | H32mm"}]},{"@type":"WebSite","@id":"https:\/\/xenonkungen.com\/#website","url":"https:\/\/xenonkungen.com\/","name":"Xenonkungen","description":"","potentialAction":[{"@type":"SearchAction","target":{"@type":"EntryPoint","urlTemplate":"https:\/\/xenonkungen.com\/?s={search_term_string}"},"query-input":{"@type":"PropertyValueSpecification","valueRequired":true,"valueName":"search_term_string"}}],"inLanguage":"nb-NO"}]}},"taxonomy_info":{"product_brand":[{"value":103,"label":"LUXTAR"}],"product_cat":[{"value":3040,"label":"HIDEAWAY"},{"value":2553,"label":"Blixtljus - Riktat varningsljus"},{"value":1061,"label":"Varningsljus"}],"pa_fuktskydd-varde-ipxx":[{"value":333,"label":"IP67"}],"pa_godkannande":[{"value":1234,"label":"SAEH595, ECE R10, ECE R65"}],"pa_storlek-mm":[{"value":1235,"label":"60"}]},"featured_image_src_large":["https:\/\/xenonkungen.com\/wp-content\/uploads\/2025\/04\/167766381-origpic-0772e0.png",1000,1000,false],"author_info":[],"comment_info":0,"_links":{"self":[{"href":"https:\/\/xenonkungen.com\/no\/wp-json\/wp\/v2\/product\/3777","targetHints":{"allow":["GET"]}}],"collection":[{"href":"https:\/\/xenonkungen.com\/no\/wp-json\/wp\/v2\/product"}],"about":[{"href":"https:\/\/xenonkungen.com\/no\/wp-json\/wp\/v2\/types\/product"}],"replies":[{"embeddable":true,"href":"https:\/\/xenonkungen.com\/no\/wp-json\/wp\/v2\/comments?post=3777"}],"wp:featuredmedia":[{"embeddable":true,"href":"https:\/\/xenonkungen.com\/no\/wp-json\/wp\/v2\/media\/3778"}],"wp:attachment":[{"href":"https:\/\/xenonkungen.com\/no\/wp-json\/wp\/v2\/media?parent=3777"}],"wp:term":[{"taxonomy":"anvandningsomrade","embeddable":true,"href":"https:\/\/xenonkungen.com\/no\/wp-json\/wp\/v2\/anvandningsomrade?post=3777"},{"taxonomy":"bilmarken","embeddable":true,"href":"https:\/\/xenonkungen.com\/no\/wp-json\/wp\/v2\/bilmarken?post=3777"},{"taxonomy":"product_brand","embeddable":true,"href":"https:\/\/xenonkungen.com\/no\/wp-json\/wp\/v2\/product_brand?post=3777"},{"taxonomy":"product_cat","embeddable":true,"href":"https:\/\/xenonkungen.com\/no\/wp-json\/wp\/v2\/product_cat?post=3777"},{"taxonomy":"product_tag","embeddable":true,"href":"https:\/\/xenonkungen.com\/no\/wp-json\/wp\/v2\/product_tag?post=3777"}],"curies":[{"name":"wp","href":"https:\/\/api.w.org\/{rel}","templated":true}]}}