{"id":3806,"date":"2025-04-15T09:02:50","date_gmt":"2025-04-15T09:02:50","guid":{"rendered":"https:\/\/xenonkungen.com\/product\/nightshift-blixtljusramp-ps80-led-1185mm-ece-godkand-r10-r65\/"},"modified":"2026-05-04T10:50:48","modified_gmt":"2026-05-04T09:50:48","slug":"luxtar-blitzlysbar-ps80-led-1185-mm-ece-godkjent-r10-r65","status":"publish","type":"product","link":"https:\/\/xenonkungen.com\/no\/produkt\/luxtar-blitzlysbar-ps80-led-1185-mm-ece-godkjent-r10-r65\/","title":{"rendered":"Luxtar blinklysbjelke PS80 LED 1185 mm | ECE-godkjent R10, R65"},"content":{"rendered":"<div class=\"container\">\n<h1>Luxtar PS80 blitslysbjelke<\/h1>\n<p>Den innovative Luxtar PS80 strobelysbjelken tilbyr uovertruffen synlighet og p\u00e5litelighet med sin lave profil og kraftige ytelse. Denne lysbjelken er godkjent i henhold til b\u00e5de ECE R65 klasse 1 og ECE R10, og er den ultimate l\u00f8sningen for profesjonelle brukere som krever de h\u00f8yeste standardene for sikkerhet og synlighet.<\/p>\n<div class=\"features\">\n<h2>Kjennetegn som skiller seg ut:<\/h2>\n<ul>\n<li><strong>108 kraftige LED-moduler:<\/strong> Hver 1W-modul sikrer enest\u00e5ende synlighet for omgivelsene.<\/li>\n<li><strong>19 lynm\u00f8nstre som kan tilpasses:<\/strong> Kan enkelt tilpasses til ulike arbeidsplasser og milj\u00f8er.<\/li>\n<li><strong>Slitesterkt polykarbonatmateriale:<\/strong> Garanterer lang holdbarhet uten fare for korrosjon ved montering p\u00e5 metalloverflater.<\/li>\n<li><strong>Totalvekt p\u00e5 8 kg:<\/strong> Inkluderer braketter for enkel montering og stabilitet.<\/li>\n<\/ul>\n<\/div>\n<p>Luxtar PS80 er designet for \u00e5 m\u00f8te de strengeste kravene, kombinert med avansert teknologi og materialer av h\u00f8yeste kvalitet, noe som gj\u00f8r den til en p\u00e5litelig partner for alle typer kj\u00f8ret\u00f8y og arbeidsmilj\u00f8er.<\/p>\n<\/div>\n<h2><strong>Spesifikasjoner:<\/strong><\/h2>\n<p><strong>Merkevare:<\/strong> Luxtar<br \/>\n<strong>Modell:<\/strong> Lommelyktrampe<br \/>\n<strong>Lynm\u00f8nstre:<\/strong> 19.<br \/>\n<strong>Antall dioder:<\/strong> 108.<br \/>\n<strong>Lyskilde:<\/strong> LED<br \/>\n<strong>Lysfarge\/fargetemperatur:<\/strong> rav<br \/>\n<strong>Multivolt:<\/strong> 10-30v<br \/>\n<strong>Effekt (Watt):<\/strong> 98,5<br \/>\n<strong>Str\u00f8mforbruk (Ampere):<\/strong><br \/>\n- 8,2 ved 12 V<br \/>\n- 3,9 ved 24 V<br \/>\n<strong>Beskyttelse mot fuktighet:<\/strong> IP67<br \/>\n<strong>Arbeidsmilj\u00f8:<\/strong> -40 \u00b0C til +65 \u00b0C<br \/>\n<strong>Autorisert under:<\/strong> ECE R10, E-merket (E9), ECE R65 klasse 1, EMC, CE og RoHS<br \/>\n<strong>St\u00f8rrelse:<\/strong> 1185x95x270 mm<br \/>\n<strong>Vekt:<\/strong> 8 kg<\/p>\n<p><strong>Godt \u00e5 vite:<\/strong><br \/>\nBruksanvisning for produktet f\u00f8lger med i pakken.<br \/>\nLommelyktrampen har tre kabler ut, r\u00f8d, svart og gul. R\u00f8d er +, svart ? og gul er for \u00e5 endre stroboskopm\u00f8nsteret.<br \/>\nBare 2 lysm\u00f8nstre er ECE R65-godkjent.<br \/>\nKabellengden er 500 mm.<br \/>\n<strong><br \/>\nInnhold i leveransen:<\/strong><br \/>\nProduktet inneholder 1 ramme for nattskiftlommelykt og takbrakett.<br \/>\n<strong><br \/>\nGaranti:<\/strong> 2 \u00e5r<\/p>\n<p><iframe loading=\"lazy\" src=\"https:\/\/www.youtube.com\/embed\/CCHbvYFqwBI\" width=\"560\" height=\"315\" frameborder=\"0\" allowfullscreen=\"allowfullscreen\"><\/iframe><\/p>","protected":false},"excerpt":{"rendered":"<p><b>N\u00e5v\u00e6rende<\/b><br \/>\nRampen fungerer p\u00e5 10-30 V. Det gj\u00f8r den perfekt for b\u00e5de servicebiler med 12 V og tyngre kj\u00f8ret\u00f8y med 24 V-systemer.<\/p>\n<p><b>Sertifikat <\/b><br \/>\nR10, E-merket (E9), ECE R65 klasse 1, EMC, CE og RoHS<br \/>\nF\u00f8rsteklasses, godkjent for bruk under alle omstendigheter<\/p>\n<p><b>Vannbestandig<\/b><br \/>\nIP67. Det betyr at den er st\u00f8v- og vanntett<\/p>\n<p><b>Bruksomr\u00e5de<\/b><br \/>\nPasser for lastebiler, servicebiler, varebiler, traktorer, h\u00e5ndverkere og alle andre steder der du trenger \u00e5 sikre omr\u00e5det rundt kj\u00f8ret\u00f8yet ditt<\/p>\n<p><b>Innhold i leveransen<\/b><br \/>\n1 stk Nightshift lommelyktrampe inkl. braketter<\/p>","protected":false},"featured_media":3807,"comment_status":"closed","ping_status":"closed","template":"","meta":{"_acf_changed":false,"_smort_price_nok":"6617","_smort_price_dkk":"4204","_smort_price_eur":"563.16","_smort_sale_price_nok":"","_smort_sale_price_dkk":"","_smort_sale_price_eur":"","smort_restorder":"","shipmondo_restorder":"","_kad_blocks_custom_css":"","_kad_blocks_head_custom_js":"","_kad_blocks_body_custom_js":"","_kad_blocks_footer_custom_js":"","smort_custom_pricelist_1":"3964.8","smort_custom_pricelist_2":"3221.4","smort_custom_pricelist_3":"3060.33","smort_custom_pricelist_4":"4956","smort_custom_pricelist_5":"3221.4"},"anvandningsomrade":[],"bilmarken":[],"product_brand":[103],"product_cat":[2580,1061],"product_tag":[],"class_list":{"0":"post-3806","1":"product","2":"type-product","3":"status-publish","4":"has-post-thumbnail","6":"product_brand-luxtar","7":"product_cat-blixtljusramp-varningsljus","8":"product_cat-varningsljus","9":"pa_faktisk-effekts-forbrukning-1247","10":"pa_storlek-mm-224x385x67","11":"pa_stromforbrukning-41a24v","12":"pa_stromforbrukning-82a12v","13":"pa_volt-v-12-24","15":"first","16":"instock","17":"taxable","18":"shipping-taxable","19":"purchasable","20":"product-type-simple"},"bundled_by":[],"bundle_stock_status":"instock","bundle_stock_quantity":1,"bundle_virtual":false,"bundle_layout":"","bundle_add_to_cart_form_location":"","bundle_editable_in_cart":false,"bundle_sold_individually_context":"","bundle_item_grouping":"","bundle_min_size":"","bundle_max_size":"","bundle_price":[],"bundled_items":[],"bundle_sell_ids":[],"acf":[],"yoast_head":"<!-- This site is optimized with the Yoast SEO plugin v27.0 - https:\/\/yoast.com\/product\/yoast-seo-wordpress\/ -->\n<title>Luxtar Blixtljusramp PS80 LED 1185mm | ECE godk\u00e4nd R10, R65 - Xenonkungen<\/title>\n<meta name=\"robots\" content=\"index, follow, max-snippet:-1, max-image-preview:large, max-video-preview:-1\" \/>\n<link rel=\"canonical\" href=\"https:\/\/xenonkungen.com\/no\/produkt\/luxtar-blitzlysbar-ps80-led-1185-mm-ece-godkjent-r10-r65\/\" \/>\n<meta property=\"og:locale\" content=\"nb_NO\" \/>\n<meta property=\"og:type\" content=\"article\" \/>\n<meta property=\"og:title\" content=\"Luxtar Blixtljusramp PS80 LED 1185mm | ECE godk\u00e4nd R10, R65 - Xenonkungen\" \/>\n<meta property=\"og:description\" content=\"Str\u00f6m Rampen drivs p\u00e5 10-30V. Vilket g\u00f6r att den \u00e4r perfekt b\u00e5de f\u00f6r servicebilar med 12v och tyngre fordon med 24v system.  Certifikat  R10, E-m\u00e4rkt (E9), ECE R65 klass 1, EMC, CE och RoHS H\u00e5ller h\u00f6gsta klass, Godk\u00e4nd att anv\u00e4nda enligt alla konstens regler  Vattent\u00e5lig IP67. Vilken inneb\u00e4r att den \u00e4r Damm och vattent\u00e4t  Anv\u00e4ndningsomr\u00e5de Passar bra f\u00f6r Lastbil, servicebil, budbil, traktorer hantverkare och alla andra t\u00e4nkbara st\u00e4llen d\u00e4r man beh\u00f6ver s\u00e4kra sin yta runt sitt fordon  Leveransinneh\u00e5ll 1 styck Nightshift Blixtljusramp inkl. f\u00e4sten\" \/>\n<meta property=\"og:url\" content=\"https:\/\/xenonkungen.com\/no\/produkt\/luxtar-blitzlysbar-ps80-led-1185-mm-ece-godkjent-r10-r65\/\" \/>\n<meta property=\"og:site_name\" content=\"Xenonkungen\" \/>\n<meta property=\"article:modified_time\" content=\"2026-05-04T09:50:48+00:00\" \/>\n<meta property=\"og:image\" content=\"https:\/\/xenonkungen.com\/wp-content\/uploads\/2025\/04\/167769009-origpic-3d3951.png\" \/>\n\t<meta property=\"og:image:width\" content=\"1000\" \/>\n\t<meta property=\"og:image:height\" content=\"1000\" \/>\n\t<meta property=\"og:image:type\" content=\"image\/png\" \/>\n<meta name=\"twitter:card\" content=\"summary_large_image\" \/>\n<meta name=\"twitter:label1\" content=\"Ansl. lesetid\" \/>\n\t<meta name=\"twitter:data1\" content=\"2 minutter\" \/>\n<script type=\"application\/ld+json\" class=\"yoast-schema-graph\">{\"@context\":\"https:\/\/schema.org\",\"@graph\":[{\"@type\":\"WebPage\",\"@id\":\"https:\/\/xenonkungen.com\/produkt\/luxtar-blixtljusramp-ps80-led-1185mm-ece-godkand-r10-r65\/\",\"url\":\"https:\/\/xenonkungen.com\/produkt\/luxtar-blixtljusramp-ps80-led-1185mm-ece-godkand-r10-r65\/\",\"name\":\"Luxtar Blixtljusramp PS80 LED 1185mm | ECE godk\u00e4nd R10, R65 - Xenonkungen\",\"isPartOf\":{\"@id\":\"https:\/\/xenonkungen.com\/#website\"},\"primaryImageOfPage\":{\"@id\":\"https:\/\/xenonkungen.com\/produkt\/luxtar-blixtljusramp-ps80-led-1185mm-ece-godkand-r10-r65\/#primaryimage\"},\"image\":{\"@id\":\"https:\/\/xenonkungen.com\/produkt\/luxtar-blixtljusramp-ps80-led-1185mm-ece-godkand-r10-r65\/#primaryimage\"},\"thumbnailUrl\":\"https:\/\/xenonkungen.com\/wp-content\/uploads\/2025\/04\/167769009-origpic-3d3951.png\",\"datePublished\":\"2025-04-15T09:02:50+00:00\",\"dateModified\":\"2026-05-04T09:50:48+00:00\",\"breadcrumb\":{\"@id\":\"https:\/\/xenonkungen.com\/produkt\/luxtar-blixtljusramp-ps80-led-1185mm-ece-godkand-r10-r65\/#breadcrumb\"},\"inLanguage\":\"nb-NO\",\"potentialAction\":[{\"@type\":\"ReadAction\",\"target\":[\"https:\/\/xenonkungen.com\/produkt\/luxtar-blixtljusramp-ps80-led-1185mm-ece-godkand-r10-r65\/\"]}]},{\"@type\":\"ImageObject\",\"inLanguage\":\"nb-NO\",\"@id\":\"https:\/\/xenonkungen.com\/produkt\/luxtar-blixtljusramp-ps80-led-1185mm-ece-godkand-r10-r65\/#primaryimage\",\"url\":\"https:\/\/xenonkungen.com\/wp-content\/uploads\/2025\/04\/167769009-origpic-3d3951.png\",\"contentUrl\":\"https:\/\/xenonkungen.com\/wp-content\/uploads\/2025\/04\/167769009-origpic-3d3951.png\",\"width\":1000,\"height\":1000},{\"@type\":\"BreadcrumbList\",\"@id\":\"https:\/\/xenonkungen.com\/produkt\/luxtar-blixtljusramp-ps80-led-1185mm-ece-godkand-r10-r65\/#breadcrumb\",\"itemListElement\":[{\"@type\":\"ListItem\",\"position\":1,\"name\":\"Hem\",\"item\":\"https:\/\/xenonkungen.com\/\"},{\"@type\":\"ListItem\",\"position\":2,\"name\":\"Shop\",\"item\":\"https:\/\/xenonkungen.com\/shop\/\"},{\"@type\":\"ListItem\",\"position\":3,\"name\":\"Luxtar Blixtljusramp PS80 LED 1185mm | ECE godk\u00e4nd R10, R65\"}]},{\"@type\":\"WebSite\",\"@id\":\"https:\/\/xenonkungen.com\/#website\",\"url\":\"https:\/\/xenonkungen.com\/\",\"name\":\"Xenonkungen\",\"description\":\"\",\"potentialAction\":[{\"@type\":\"SearchAction\",\"target\":{\"@type\":\"EntryPoint\",\"urlTemplate\":\"https:\/\/xenonkungen.com\/?s={search_term_string}\"},\"query-input\":{\"@type\":\"PropertyValueSpecification\",\"valueRequired\":true,\"valueName\":\"search_term_string\"}}],\"inLanguage\":\"nb-NO\"}]}<\/script>\n<!-- \/ Yoast SEO plugin. -->","yoast_head_json":{"title":"Luxtar Blinkende lysbjelke PS80 LED 1185mm | ECE-godkjent R10, R65 - Xenonkungen","robots":{"index":"index","follow":"follow","max-snippet":"max-snippet:-1","max-image-preview":"max-image-preview:large","max-video-preview":"max-video-preview:-1"},"canonical":"https:\/\/xenonkungen.com\/no\/produkt\/luxtar-blitzlysbar-ps80-led-1185-mm-ece-godkjent-r10-r65\/","og_locale":"nb_NO","og_type":"article","og_title":"Luxtar Blixtljusramp PS80 LED 1185mm | ECE godk\u00e4nd R10, R65 - Xenonkungen","og_description":"Str\u00f6m Rampen drivs p\u00e5 10-30V. Vilket g\u00f6r att den \u00e4r perfekt b\u00e5de f\u00f6r servicebilar med 12v och tyngre fordon med 24v system.  Certifikat  R10, E-m\u00e4rkt (E9), ECE R65 klass 1, EMC, CE och RoHS H\u00e5ller h\u00f6gsta klass, Godk\u00e4nd att anv\u00e4nda enligt alla konstens regler  Vattent\u00e5lig IP67. Vilken inneb\u00e4r att den \u00e4r Damm och vattent\u00e4t  Anv\u00e4ndningsomr\u00e5de Passar bra f\u00f6r Lastbil, servicebil, budbil, traktorer hantverkare och alla andra t\u00e4nkbara st\u00e4llen d\u00e4r man beh\u00f6ver s\u00e4kra sin yta runt sitt fordon  Leveransinneh\u00e5ll 1 styck Nightshift Blixtljusramp inkl. f\u00e4sten","og_url":"https:\/\/xenonkungen.com\/no\/produkt\/luxtar-blitzlysbar-ps80-led-1185-mm-ece-godkjent-r10-r65\/","og_site_name":"Xenonkungen","article_modified_time":"2026-05-04T09:50:48+00:00","og_image":[{"width":1000,"height":1000,"url":"https:\/\/xenonkungen.com\/wp-content\/uploads\/2025\/04\/167769009-origpic-3d3951.png","type":"image\/png"}],"twitter_card":"summary_large_image","twitter_misc":{"Ansl. lesetid":"2 minutter"},"schema":{"@context":"https:\/\/schema.org","@graph":[{"@type":"WebPage","@id":"https:\/\/xenonkungen.com\/produkt\/luxtar-blixtljusramp-ps80-led-1185mm-ece-godkand-r10-r65\/","url":"https:\/\/xenonkungen.com\/produkt\/luxtar-blixtljusramp-ps80-led-1185mm-ece-godkand-r10-r65\/","name":"Luxtar Blinkende lysbjelke PS80 LED 1185mm | ECE-godkjent R10, R65 - Xenonkungen","isPartOf":{"@id":"https:\/\/xenonkungen.com\/#website"},"primaryImageOfPage":{"@id":"https:\/\/xenonkungen.com\/produkt\/luxtar-blixtljusramp-ps80-led-1185mm-ece-godkand-r10-r65\/#primaryimage"},"image":{"@id":"https:\/\/xenonkungen.com\/produkt\/luxtar-blixtljusramp-ps80-led-1185mm-ece-godkand-r10-r65\/#primaryimage"},"thumbnailUrl":"https:\/\/xenonkungen.com\/wp-content\/uploads\/2025\/04\/167769009-origpic-3d3951.png","datePublished":"2025-04-15T09:02:50+00:00","dateModified":"2026-05-04T09:50:48+00:00","breadcrumb":{"@id":"https:\/\/xenonkungen.com\/produkt\/luxtar-blixtljusramp-ps80-led-1185mm-ece-godkand-r10-r65\/#breadcrumb"},"inLanguage":"nb-NO","potentialAction":[{"@type":"ReadAction","target":["https:\/\/xenonkungen.com\/produkt\/luxtar-blixtljusramp-ps80-led-1185mm-ece-godkand-r10-r65\/"]}]},{"@type":"ImageObject","inLanguage":"nb-NO","@id":"https:\/\/xenonkungen.com\/produkt\/luxtar-blixtljusramp-ps80-led-1185mm-ece-godkand-r10-r65\/#primaryimage","url":"https:\/\/xenonkungen.com\/wp-content\/uploads\/2025\/04\/167769009-origpic-3d3951.png","contentUrl":"https:\/\/xenonkungen.com\/wp-content\/uploads\/2025\/04\/167769009-origpic-3d3951.png","width":1000,"height":1000},{"@type":"BreadcrumbList","@id":"https:\/\/xenonkungen.com\/produkt\/luxtar-blixtljusramp-ps80-led-1185mm-ece-godkand-r10-r65\/#breadcrumb","itemListElement":[{"@type":"ListItem","position":1,"name":"Hem","item":"https:\/\/xenonkungen.com\/"},{"@type":"ListItem","position":2,"name":"Shop","item":"https:\/\/xenonkungen.com\/shop\/"},{"@type":"ListItem","position":3,"name":"Luxtar Blixtljusramp PS80 LED 1185mm | ECE godk\u00e4nd R10, R65"}]},{"@type":"WebSite","@id":"https:\/\/xenonkungen.com\/#website","url":"https:\/\/xenonkungen.com\/","name":"Xenonkungen","description":"","potentialAction":[{"@type":"SearchAction","target":{"@type":"EntryPoint","urlTemplate":"https:\/\/xenonkungen.com\/?s={search_term_string}"},"query-input":{"@type":"PropertyValueSpecification","valueRequired":true,"valueName":"search_term_string"}}],"inLanguage":"nb-NO"}]}},"taxonomy_info":{"product_brand":[{"value":103,"label":"LUXTAR"}],"product_cat":[{"value":2580,"label":"Blixtljusramp"},{"value":1061,"label":"Varningsljus"}],"pa_faktisk-effekts-forbrukning":[{"value":1247,"label":"98,5"}],"pa_storlek-mm":[{"value":1185,"label":"224x38,5x67"}],"pa_stromforbrukning":[{"value":1010,"label":"4,1A@24V"},{"value":1248,"label":"8,2A@12V"}],"pa_volt-v":[{"value":348,"label":"12, 24"}]},"featured_image_src_large":["https:\/\/xenonkungen.com\/wp-content\/uploads\/2025\/04\/167769009-origpic-3d3951.png",1000,1000,false],"author_info":[],"comment_info":0,"_links":{"self":[{"href":"https:\/\/xenonkungen.com\/no\/wp-json\/wp\/v2\/product\/3806","targetHints":{"allow":["GET"]}}],"collection":[{"href":"https:\/\/xenonkungen.com\/no\/wp-json\/wp\/v2\/product"}],"about":[{"href":"https:\/\/xenonkungen.com\/no\/wp-json\/wp\/v2\/types\/product"}],"replies":[{"embeddable":true,"href":"https:\/\/xenonkungen.com\/no\/wp-json\/wp\/v2\/comments?post=3806"}],"wp:featuredmedia":[{"embeddable":true,"href":"https:\/\/xenonkungen.com\/no\/wp-json\/wp\/v2\/media\/3807"}],"wp:attachment":[{"href":"https:\/\/xenonkungen.com\/no\/wp-json\/wp\/v2\/media?parent=3806"}],"wp:term":[{"taxonomy":"anvandningsomrade","embeddable":true,"href":"https:\/\/xenonkungen.com\/no\/wp-json\/wp\/v2\/anvandningsomrade?post=3806"},{"taxonomy":"bilmarken","embeddable":true,"href":"https:\/\/xenonkungen.com\/no\/wp-json\/wp\/v2\/bilmarken?post=3806"},{"taxonomy":"product_brand","embeddable":true,"href":"https:\/\/xenonkungen.com\/no\/wp-json\/wp\/v2\/product_brand?post=3806"},{"taxonomy":"product_cat","embeddable":true,"href":"https:\/\/xenonkungen.com\/no\/wp-json\/wp\/v2\/product_cat?post=3806"},{"taxonomy":"product_tag","embeddable":true,"href":"https:\/\/xenonkungen.com\/no\/wp-json\/wp\/v2\/product_tag?post=3806"}],"curies":[{"name":"wp","href":"https:\/\/api.w.org\/{rel}","templated":true}]}}