{"id":4001,"date":"2025-04-15T09:04:34","date_gmt":"2025-04-15T09:04:34","guid":{"rendered":"https:\/\/xenonkungen.com\/product\/blixtljus-eq-3led-r10-10-30v\/"},"modified":"2026-04-09T15:23:42","modified_gmt":"2026-04-09T14:23:42","slug":"lommelykt-eq-3led-r10-10-30v","status":"publish","type":"product","link":"https:\/\/xenonkungen.com\/no\/produkt\/lommelykt-eq-3led-r10-10-30v\/","title":{"rendered":"Blitslys EQ 3Led (R10) 10-30v"},"content":{"rendered":"<div class=\"container\">\n<h1>Avansert gult\/oransje LED-varsellys<\/h1>\n<p>Dette LED-varsellyset, med 12 valgbare blinksekvenser, er en viktig sikkerhetsfunksjon i kj\u00f8ret\u00f8yet og er utstyrt med den nyeste teknologien for optimal synlighet og ytelse.<\/p>\n<div class=\"features\">\n<h2>Kjerneegenskaper:<\/h2>\n<ul>\n<li><span class=\"highlight\">12 valgbare lynsekvenser:<\/span> Muliggj\u00f8r tilpasset varslingssignalering for ulike situasjoner.<\/li>\n<li><span class=\"highlight\">H\u00f8y intensitet 3Gen. diode lamper:<\/span> Suveren optisk kvalitet for eksepsjonell synlighet og sikkerhet.<\/li>\n<li><span class=\"highlight\">Vibrasjonsbestandig og p\u00e5litelig:<\/span> Designet for langvarig bruk under krevende forhold.<\/li>\n<li><span class=\"highlight\">Fuktbestandig:<\/span> IP67-sertifisert for optimal ytelse under alle v\u00e6rforhold.<\/li>\n<li><span class=\"highlight\">Slitesterk polykarbonatlinse og aluminiumsplate:<\/span> Sikrer holdbarhet og effektiv varmespredning.<\/li>\n<li><span class=\"highlight\">EMC-godkjent:<\/span> Sikrer problemfri drift i elektronisk intensive milj\u00f8er.<\/li>\n<li><span class=\"highlight\">Synkroniseringskapasitet:<\/span> Opptil 10 enheter kan kobles sammen for koordinert varsling.<\/li>\n<li><span class=\"highlight\">Hi\/Low Power-funksjon:<\/span> Energieffektive innstillinger for langvarig drift.<\/li>\n<\/ul>\n<p>Denne varsellampen er ideell for bruk p\u00e5 arbeidskj\u00f8ret\u00f8y, lastebiler, gravemaskiner og andre tunge kj\u00f8ret\u00f8y som krever h\u00f8y synlighet.<\/p>\n<\/div>\n<\/div>\n<p><strong>Garanti:<\/strong> 5 \u00e5r<\/p>\n<p><iframe loading=\"lazy\" height=\"314\" src=\"https:\/\/www.youtube.com\/embed\/uifLvlApbuU\" width=\"560\" allowfullscreen=\"allowfullscreen\"><\/iframe><\/p>","protected":false},"excerpt":{"rendered":"<p>Avancerad Gul\/Orange LED Varningslampa Denna LED varningslampa, med 12 valbara blixtsekvenser, \u00e4r en essentiell s\u00e4kerhetsfunktion f\u00f6r fordon, utrustad med den senaste teknologin f\u00f6r optimal synlighet och prestanda. K\u00e4rnegenskaper: 12 Valbara Blixtsekvenser: M\u00f6jligg\u00f6r anpassad varningssignalering f\u00f6r olika situationer. H\u00f6gintensiva 3Gen. Diodlampor: Superb optisk kvalitet f\u00f6r exceptionell synlighet och s\u00e4kerhet. Vibrationst\u00e5lig och Drifts\u00e4ker: Konstruerad f\u00f6r l\u00e5ngvarig anv\u00e4ndning [&hellip;]<\/p>","protected":false},"featured_media":4002,"comment_status":"closed","ping_status":"closed","template":"","meta":{"_acf_changed":false,"_smort_price_nok":"430","_smort_price_dkk":"421","_smort_price_eur":"56.36","_smort_sale_price_nok":"430","_smort_sale_price_dkk":"","_smort_sale_price_eur":"36.63","smort_restorder":"","shipmondo_restorder":"","_kad_blocks_custom_css":"","_kad_blocks_head_custom_js":"","_kad_blocks_body_custom_js":"","_kad_blocks_footer_custom_js":"","smort_custom_pricelist_1":"347.2","smort_custom_pricelist_2":"347.2","smort_custom_pricelist_3":"329.84","smort_custom_pricelist_4":"496","smort_custom_pricelist_5":"347.2"},"anvandningsomrade":[],"bilmarken":[],"product_brand":[],"product_cat":[2553,1061],"product_tag":[],"class_list":{"0":"post-4001","1":"product","2":"type-product","3":"status-publish","4":"has-post-thumbnail","6":"product_cat-blixtljus-riktat-varningsljus","7":"product_cat-varningsljus","8":"pa_fuktskydd-varde-ipxx-ip67","9":"pa_godkannande-ece-r10","10":"pa_ljusbild-blixljus","11":"pa_storlek-mm-95x34x22","12":"pa_volt-v-12-24","14":"first","15":"onbackorder","16":"sale","17":"taxable","18":"shipping-taxable","19":"purchasable","20":"product-type-simple"},"bundled_by":[],"bundle_stock_status":"onbackorder","bundle_stock_quantity":-15,"bundle_virtual":false,"bundle_layout":"","bundle_add_to_cart_form_location":"","bundle_editable_in_cart":false,"bundle_sold_individually_context":"","bundle_item_grouping":"","bundle_min_size":"","bundle_max_size":"","bundle_price":[],"bundled_items":[],"bundle_sell_ids":[],"acf":[],"yoast_head":"<!-- This site is optimized with the Yoast SEO plugin v27.0 - https:\/\/yoast.com\/product\/yoast-seo-wordpress\/ -->\n<title>Blixtljus EQ 3Led (R10) 10-30v - Xenonkungen<\/title>\n<meta name=\"robots\" content=\"index, follow, max-snippet:-1, max-image-preview:large, max-video-preview:-1\" \/>\n<link rel=\"canonical\" href=\"https:\/\/xenonkungen.com\/no\/produkt\/lommelykt-eq-3led-r10-10-30v\/\" \/>\n<meta property=\"og:locale\" content=\"nb_NO\" \/>\n<meta property=\"og:type\" content=\"article\" \/>\n<meta property=\"og:title\" content=\"Blixtljus EQ 3Led (R10) 10-30v - Xenonkungen\" \/>\n<meta property=\"og:description\" content=\"Avancerad Gul\/Orange LED Varningslampa Denna LED varningslampa, med 12 valbara blixtsekvenser, \u00e4r en essentiell s\u00e4kerhetsfunktion f\u00f6r fordon, utrustad med den senaste teknologin f\u00f6r optimal synlighet och prestanda. K\u00e4rnegenskaper: 12 Valbara Blixtsekvenser: M\u00f6jligg\u00f6r anpassad varningssignalering f\u00f6r olika situationer. H\u00f6gintensiva 3Gen. Diodlampor: Superb optisk kvalitet f\u00f6r exceptionell synlighet och s\u00e4kerhet. Vibrationst\u00e5lig och Drifts\u00e4ker: Konstruerad f\u00f6r l\u00e5ngvarig anv\u00e4ndning [&hellip;]\" \/>\n<meta property=\"og:url\" content=\"https:\/\/xenonkungen.com\/no\/produkt\/lommelykt-eq-3led-r10-10-30v\/\" \/>\n<meta property=\"og:site_name\" content=\"Xenonkungen\" \/>\n<meta property=\"article:modified_time\" content=\"2026-04-09T14:23:42+00:00\" \/>\n<meta property=\"og:image\" content=\"https:\/\/xenonkungen.com\/wp-content\/uploads\/2025\/04\/12958909-origpic-e93dcd.jpg\" \/>\n\t<meta property=\"og:image:width\" content=\"300\" \/>\n\t<meta property=\"og:image:height\" content=\"300\" \/>\n\t<meta property=\"og:image:type\" content=\"image\/jpeg\" \/>\n<meta name=\"twitter:card\" content=\"summary_large_image\" \/>\n<meta name=\"twitter:label1\" content=\"Ansl. lesetid\" \/>\n\t<meta name=\"twitter:data1\" content=\"1 minutt\" \/>\n<script type=\"application\/ld+json\" class=\"yoast-schema-graph\">{\"@context\":\"https:\/\/schema.org\",\"@graph\":[{\"@type\":\"WebPage\",\"@id\":\"https:\/\/xenonkungen.com\/nl\/product\/zaklamp-eq-3led-r10-10-30v\/\",\"url\":\"https:\/\/xenonkungen.com\/nl\/product\/zaklamp-eq-3led-r10-10-30v\/\",\"name\":\"Blixtljus EQ 3Led (R10) 10-30v - Xenonkungen\",\"isPartOf\":{\"@id\":\"https:\/\/xenonkungen.com\/#website\"},\"primaryImageOfPage\":{\"@id\":\"https:\/\/xenonkungen.com\/nl\/product\/zaklamp-eq-3led-r10-10-30v\/#primaryimage\"},\"image\":{\"@id\":\"https:\/\/xenonkungen.com\/nl\/product\/zaklamp-eq-3led-r10-10-30v\/#primaryimage\"},\"thumbnailUrl\":\"https:\/\/xenonkungen.com\/wp-content\/uploads\/2025\/04\/12958909-origpic-e93dcd.jpg\",\"datePublished\":\"2025-04-15T09:04:34+00:00\",\"dateModified\":\"2026-04-09T14:23:42+00:00\",\"breadcrumb\":{\"@id\":\"https:\/\/xenonkungen.com\/nl\/product\/zaklamp-eq-3led-r10-10-30v\/#breadcrumb\"},\"inLanguage\":\"nb-NO\",\"potentialAction\":[{\"@type\":\"ReadAction\",\"target\":[\"https:\/\/xenonkungen.com\/nl\/product\/zaklamp-eq-3led-r10-10-30v\/\"]}]},{\"@type\":\"ImageObject\",\"inLanguage\":\"nb-NO\",\"@id\":\"https:\/\/xenonkungen.com\/nl\/product\/zaklamp-eq-3led-r10-10-30v\/#primaryimage\",\"url\":\"https:\/\/xenonkungen.com\/wp-content\/uploads\/2025\/04\/12958909-origpic-e93dcd.jpg\",\"contentUrl\":\"https:\/\/xenonkungen.com\/wp-content\/uploads\/2025\/04\/12958909-origpic-e93dcd.jpg\",\"width\":300,\"height\":300},{\"@type\":\"BreadcrumbList\",\"@id\":\"https:\/\/xenonkungen.com\/nl\/product\/zaklamp-eq-3led-r10-10-30v\/#breadcrumb\",\"itemListElement\":[{\"@type\":\"ListItem\",\"position\":1,\"name\":\"Hem\",\"item\":\"https:\/\/xenonkungen.com\/\"},{\"@type\":\"ListItem\",\"position\":2,\"name\":\"Shop\",\"item\":\"https:\/\/xenonkungen.com\/shop\/\"},{\"@type\":\"ListItem\",\"position\":3,\"name\":\"Blixtljus EQ 3Led (R10) 10-30v\"}]},{\"@type\":\"WebSite\",\"@id\":\"https:\/\/xenonkungen.com\/#website\",\"url\":\"https:\/\/xenonkungen.com\/\",\"name\":\"Xenonkungen\",\"description\":\"\",\"potentialAction\":[{\"@type\":\"SearchAction\",\"target\":{\"@type\":\"EntryPoint\",\"urlTemplate\":\"https:\/\/xenonkungen.com\/?s={search_term_string}\"},\"query-input\":{\"@type\":\"PropertyValueSpecification\",\"valueRequired\":true,\"valueName\":\"search_term_string\"}}],\"inLanguage\":\"nb-NO\"}]}<\/script>\n<!-- \/ Yoast SEO plugin. -->","yoast_head_json":{"title":"Blits EQ 3Led (R10) 10-30v - Xenonkungen","robots":{"index":"index","follow":"follow","max-snippet":"max-snippet:-1","max-image-preview":"max-image-preview:large","max-video-preview":"max-video-preview:-1"},"canonical":"https:\/\/xenonkungen.com\/no\/produkt\/lommelykt-eq-3led-r10-10-30v\/","og_locale":"nb_NO","og_type":"article","og_title":"Blixtljus EQ 3Led (R10) 10-30v - Xenonkungen","og_description":"Avancerad Gul\/Orange LED Varningslampa Denna LED varningslampa, med 12 valbara blixtsekvenser, \u00e4r en essentiell s\u00e4kerhetsfunktion f\u00f6r fordon, utrustad med den senaste teknologin f\u00f6r optimal synlighet och prestanda. K\u00e4rnegenskaper: 12 Valbara Blixtsekvenser: M\u00f6jligg\u00f6r anpassad varningssignalering f\u00f6r olika situationer. H\u00f6gintensiva 3Gen. Diodlampor: Superb optisk kvalitet f\u00f6r exceptionell synlighet och s\u00e4kerhet. Vibrationst\u00e5lig och Drifts\u00e4ker: Konstruerad f\u00f6r l\u00e5ngvarig anv\u00e4ndning [&hellip;]","og_url":"https:\/\/xenonkungen.com\/no\/produkt\/lommelykt-eq-3led-r10-10-30v\/","og_site_name":"Xenonkungen","article_modified_time":"2026-04-09T14:23:42+00:00","og_image":[{"width":300,"height":300,"url":"https:\/\/xenonkungen.com\/wp-content\/uploads\/2025\/04\/12958909-origpic-e93dcd.jpg","type":"image\/jpeg"}],"twitter_card":"summary_large_image","twitter_misc":{"Ansl. lesetid":"1 minutt"},"schema":{"@context":"https:\/\/schema.org","@graph":[{"@type":"WebPage","@id":"https:\/\/xenonkungen.com\/nl\/product\/zaklamp-eq-3led-r10-10-30v\/","url":"https:\/\/xenonkungen.com\/nl\/product\/zaklamp-eq-3led-r10-10-30v\/","name":"Blits EQ 3Led (R10) 10-30v - Xenonkungen","isPartOf":{"@id":"https:\/\/xenonkungen.com\/#website"},"primaryImageOfPage":{"@id":"https:\/\/xenonkungen.com\/nl\/product\/zaklamp-eq-3led-r10-10-30v\/#primaryimage"},"image":{"@id":"https:\/\/xenonkungen.com\/nl\/product\/zaklamp-eq-3led-r10-10-30v\/#primaryimage"},"thumbnailUrl":"https:\/\/xenonkungen.com\/wp-content\/uploads\/2025\/04\/12958909-origpic-e93dcd.jpg","datePublished":"2025-04-15T09:04:34+00:00","dateModified":"2026-04-09T14:23:42+00:00","breadcrumb":{"@id":"https:\/\/xenonkungen.com\/nl\/product\/zaklamp-eq-3led-r10-10-30v\/#breadcrumb"},"inLanguage":"nb-NO","potentialAction":[{"@type":"ReadAction","target":["https:\/\/xenonkungen.com\/nl\/product\/zaklamp-eq-3led-r10-10-30v\/"]}]},{"@type":"ImageObject","inLanguage":"nb-NO","@id":"https:\/\/xenonkungen.com\/nl\/product\/zaklamp-eq-3led-r10-10-30v\/#primaryimage","url":"https:\/\/xenonkungen.com\/wp-content\/uploads\/2025\/04\/12958909-origpic-e93dcd.jpg","contentUrl":"https:\/\/xenonkungen.com\/wp-content\/uploads\/2025\/04\/12958909-origpic-e93dcd.jpg","width":300,"height":300},{"@type":"BreadcrumbList","@id":"https:\/\/xenonkungen.com\/nl\/product\/zaklamp-eq-3led-r10-10-30v\/#breadcrumb","itemListElement":[{"@type":"ListItem","position":1,"name":"Hem","item":"https:\/\/xenonkungen.com\/"},{"@type":"ListItem","position":2,"name":"Shop","item":"https:\/\/xenonkungen.com\/shop\/"},{"@type":"ListItem","position":3,"name":"Blixtljus EQ 3Led (R10) 10-30v"}]},{"@type":"WebSite","@id":"https:\/\/xenonkungen.com\/#website","url":"https:\/\/xenonkungen.com\/","name":"Xenonkungen","description":"","potentialAction":[{"@type":"SearchAction","target":{"@type":"EntryPoint","urlTemplate":"https:\/\/xenonkungen.com\/?s={search_term_string}"},"query-input":{"@type":"PropertyValueSpecification","valueRequired":true,"valueName":"search_term_string"}}],"inLanguage":"nb-NO"}]}},"taxonomy_info":{"product_cat":[{"value":2553,"label":"Blixtljus - Riktat varningsljus"},{"value":1061,"label":"Varningsljus"}],"pa_fuktskydd-varde-ipxx":[{"value":333,"label":"IP67"}],"pa_godkannande":[{"value":966,"label":"ECE, R10"}],"pa_ljusbild":[{"value":1279,"label":"Blixljus"}],"pa_storlek-mm":[{"value":1302,"label":"95x34x22"}],"pa_volt-v":[{"value":348,"label":"12, 24"}]},"featured_image_src_large":["https:\/\/xenonkungen.com\/wp-content\/uploads\/2025\/04\/12958909-origpic-e93dcd.jpg",300,300,false],"author_info":[],"comment_info":0,"_links":{"self":[{"href":"https:\/\/xenonkungen.com\/no\/wp-json\/wp\/v2\/product\/4001","targetHints":{"allow":["GET"]}}],"collection":[{"href":"https:\/\/xenonkungen.com\/no\/wp-json\/wp\/v2\/product"}],"about":[{"href":"https:\/\/xenonkungen.com\/no\/wp-json\/wp\/v2\/types\/product"}],"replies":[{"embeddable":true,"href":"https:\/\/xenonkungen.com\/no\/wp-json\/wp\/v2\/comments?post=4001"}],"wp:featuredmedia":[{"embeddable":true,"href":"https:\/\/xenonkungen.com\/no\/wp-json\/wp\/v2\/media\/4002"}],"wp:attachment":[{"href":"https:\/\/xenonkungen.com\/no\/wp-json\/wp\/v2\/media?parent=4001"}],"wp:term":[{"taxonomy":"anvandningsomrade","embeddable":true,"href":"https:\/\/xenonkungen.com\/no\/wp-json\/wp\/v2\/anvandningsomrade?post=4001"},{"taxonomy":"bilmarken","embeddable":true,"href":"https:\/\/xenonkungen.com\/no\/wp-json\/wp\/v2\/bilmarken?post=4001"},{"taxonomy":"product_brand","embeddable":true,"href":"https:\/\/xenonkungen.com\/no\/wp-json\/wp\/v2\/product_brand?post=4001"},{"taxonomy":"product_cat","embeddable":true,"href":"https:\/\/xenonkungen.com\/no\/wp-json\/wp\/v2\/product_cat?post=4001"},{"taxonomy":"product_tag","embeddable":true,"href":"https:\/\/xenonkungen.com\/no\/wp-json\/wp\/v2\/product_tag?post=4001"}],"curies":[{"name":"wp","href":"https:\/\/api.w.org\/{rel}","templated":true}]}}