{"id":4011,"date":"2025-04-15T09:04:42","date_gmt":"2025-04-15T09:04:42","guid":{"rendered":"https:\/\/xenonkungen.com\/product\/blixtljus-eq-3led-180-r10-bla\/"},"modified":"2026-05-08T15:41:31","modified_gmt":"2026-05-08T14:41:31","slug":"lommelykt-eq-3led-180-r10-bla","status":"publish","type":"product","link":"https:\/\/xenonkungen.com\/no\/produkt\/lommelykt-eq-3led-180-r10-bla\/","title":{"rendered":"Blinkende lys EQ 3LED 180 R10 Bl\u00e5"},"content":{"rendered":"<div class=\"container\">\n<h1>H\u00f8yintensivt bl\u00e5tt blitslys med 180 graders vidvinkel<\/h1>\n<p>Dette h\u00f8yintensive bl\u00e5 blitslyset gir uovertruffen synlighet med en vidvinkel p\u00e5 180 grader og 12 ulike lysm\u00f8nstre som kan tilpasses dine behov.<\/p>\n<div class=\"features\">\n<h2>Produktets egenskaper:<\/h2>\n<ul>\n<li><span class=\"highlight\">180 graders vidvinkel:<\/span> Sikrer bred dekning og maksimal synlighet.<\/li>\n<li><span class=\"highlight\">12 valgbare lysbilder:<\/span> Muliggj\u00f8r tilpasset signalering for ulike scenarier.<\/li>\n<li><span class=\"highlight\">Klar polykarbonatlinse:<\/span> Slitesterk og motstandsdyktig mot slag og st\u00f8t.<\/li>\n<li><span class=\"highlight\">ABS-kiste p\u00e5 Foamex-plate:<\/span> Robust konstruksjon for langvarig bruk.<\/li>\n<li><span class=\"highlight\">IP67-klassifisering:<\/span> Forseglet mot st\u00f8v og fuktighet, og kan rengj\u00f8res med h\u00f8ytrykksspyler.<\/li>\n<li><span class=\"highlight\">Synkroniseringskapasitet:<\/span> Opptil 10 enheter kan synkroniseres for enhetlig signalering.<\/li>\n<li><span class=\"highlight\">Bruksomr\u00e5der:<\/span> Ideell for utrykningskj\u00f8ret\u00f8y, sikkerhetskj\u00f8ret\u00f8y og der det er behov for h\u00f8y synlighet.<\/li>\n<\/ul>\n<\/div>\n<\/div>\n<p><strong>Godt \u00e5 vite:<\/strong><br \/>Tilkobling av kabelfarge<br \/>R\u00f8d - pluss, hvit - h\u00f8y\/lav effekt, svart - jord, gul - lyn<\/p>\n<p><strong>Innhold i leveransen<\/strong><br \/>1. blitslys<br \/>2 skruer for montering<br \/>1. gummihylse<\/p>\n<p><strong>Garanti<\/strong> <br \/>5 \u00e5rs funksjonsgaranti<\/p>\n<p><strong>Godt \u00e5 vite<\/strong><br \/>Du velger selv hvilket blinkende lysm\u00f8nster som passer deg best, ved \u00e5 veksle mellom dem med den gule kabelen. <\/p>\n<p>IP-oppgraderinger <br \/>IP6x - st\u00f8vtett<br \/>IPx7 - vanntett<\/p>","protected":false},"excerpt":{"rendered":"<p>H\u00f6gintensivt Bl\u00e5tt Blixtljus med 180 Graders Vidvinkel Detta h\u00f6gintensiva bl\u00e5a blixtljus erbjuder en o\u00f6vertr\u00e4ffad synlighet med en vidvinkel p\u00e5 180 grader, kompletterad med 12 olika ljusbilder f\u00f6r att anpassa efter dina behov. Produktegenskaper: 180 Graders Vidvinkel: Garanterar bred t\u00e4ckning och maximal synlighet. 12 Valbara Ljusbilder: M\u00f6jligg\u00f6r anpassad signalering f\u00f6r olika scenarier. Klar Polykarbonatlins: H\u00e5llbar och [&hellip;]<\/p>","protected":false},"featured_media":4012,"comment_status":"closed","ping_status":"closed","template":"","meta":{"_acf_changed":false,"_smort_price_nok":"577","_smort_price_dkk":"610","_smort_price_eur":"81.72","_smort_sale_price_nok":"577","_smort_sale_price_dkk":"","_smort_sale_price_eur":"49.09","smort_restorder":"","shipmondo_restorder":"","_kad_blocks_custom_css":"","_kad_blocks_head_custom_js":"","_kad_blocks_body_custom_js":"","_kad_blocks_footer_custom_js":"","smort_custom_pricelist_1":"575.36","smort_custom_pricelist_2":"503.44","smort_custom_pricelist_3":"467.48","smort_custom_pricelist_4":"719.2","smort_custom_pricelist_5":"503.44"},"anvandningsomrade":[],"bilmarken":[],"product_brand":[],"product_cat":[3037,2553,1061],"product_tag":[],"class_list":{"0":"post-4011","1":"product","2":"type-product","3":"status-publish","4":"has-post-thumbnail","6":"product_cat-3led-180-blixtljus","7":"product_cat-blixtljus-riktat-varningsljus","8":"product_cat-varningsljus","9":"pa_fuktskydd-varde-ipxx-ip67","10":"pa_godkannande-ece-r10-emc","11":"pa_storlek-mm-111x37x23","12":"pa_volt-v-12-24","14":"first","15":"instock","16":"taxable","17":"shipping-taxable","18":"purchasable","19":"product-type-simple"},"bundled_by":[],"bundle_stock_status":"instock","bundle_stock_quantity":3,"bundle_virtual":false,"bundle_layout":"","bundle_add_to_cart_form_location":"","bundle_editable_in_cart":false,"bundle_sold_individually_context":"","bundle_item_grouping":"","bundle_min_size":"","bundle_max_size":"","bundle_price":[],"bundled_items":[],"bundle_sell_ids":[],"acf":[],"yoast_head":"<!-- This site is optimized with the Yoast SEO plugin v27.0 - https:\/\/yoast.com\/product\/yoast-seo-wordpress\/ -->\n<title>Blixtljus EQ 3LED 180 R10 Bl\u00e5 - Xenonkungen<\/title>\n<meta name=\"robots\" content=\"index, follow, max-snippet:-1, max-image-preview:large, max-video-preview:-1\" \/>\n<link rel=\"canonical\" href=\"https:\/\/xenonkungen.com\/no\/produkt\/lommelykt-eq-3led-180-r10-bla\/\" \/>\n<meta property=\"og:locale\" content=\"nb_NO\" \/>\n<meta property=\"og:type\" content=\"article\" \/>\n<meta property=\"og:title\" content=\"Blixtljus EQ 3LED 180 R10 Bl\u00e5 - Xenonkungen\" \/>\n<meta property=\"og:description\" content=\"H\u00f6gintensivt Bl\u00e5tt Blixtljus med 180 Graders Vidvinkel Detta h\u00f6gintensiva bl\u00e5a blixtljus erbjuder en o\u00f6vertr\u00e4ffad synlighet med en vidvinkel p\u00e5 180 grader, kompletterad med 12 olika ljusbilder f\u00f6r att anpassa efter dina behov. Produktegenskaper: 180 Graders Vidvinkel: Garanterar bred t\u00e4ckning och maximal synlighet. 12 Valbara Ljusbilder: M\u00f6jligg\u00f6r anpassad signalering f\u00f6r olika scenarier. Klar Polykarbonatlins: H\u00e5llbar och [&hellip;]\" \/>\n<meta property=\"og:url\" content=\"https:\/\/xenonkungen.com\/no\/produkt\/lommelykt-eq-3led-180-r10-bla\/\" \/>\n<meta property=\"og:site_name\" content=\"Xenonkungen\" \/>\n<meta property=\"article:modified_time\" content=\"2026-05-08T14:41:31+00:00\" \/>\n<meta property=\"og:image\" content=\"https:\/\/xenonkungen.com\/wp-content\/uploads\/2025\/04\/23435221-origpic-d62fe3.jpg\" \/>\n\t<meta property=\"og:image:width\" content=\"600\" \/>\n\t<meta property=\"og:image:height\" content=\"600\" \/>\n\t<meta property=\"og:image:type\" content=\"image\/jpeg\" \/>\n<meta name=\"twitter:card\" content=\"summary_large_image\" \/>\n<meta name=\"twitter:label1\" content=\"Ansl. lesetid\" \/>\n\t<meta name=\"twitter:data1\" content=\"1 minutt\" \/>\n<script type=\"application\/ld+json\" class=\"yoast-schema-graph\">{\"@context\":\"https:\/\/schema.org\",\"@graph\":[{\"@type\":\"WebPage\",\"@id\":\"https:\/\/xenonkungen.com\/produkt\/blixtljus-eq-3led-180-r10-bla\/\",\"url\":\"https:\/\/xenonkungen.com\/produkt\/blixtljus-eq-3led-180-r10-bla\/\",\"name\":\"Blixtljus EQ 3LED 180 R10 Bl\u00e5 - Xenonkungen\",\"isPartOf\":{\"@id\":\"https:\/\/xenonkungen.com\/#website\"},\"primaryImageOfPage\":{\"@id\":\"https:\/\/xenonkungen.com\/produkt\/blixtljus-eq-3led-180-r10-bla\/#primaryimage\"},\"image\":{\"@id\":\"https:\/\/xenonkungen.com\/produkt\/blixtljus-eq-3led-180-r10-bla\/#primaryimage\"},\"thumbnailUrl\":\"https:\/\/xenonkungen.com\/wp-content\/uploads\/2025\/04\/23435221-origpic-d62fe3.jpg\",\"datePublished\":\"2025-04-15T09:04:42+00:00\",\"dateModified\":\"2026-05-08T14:41:31+00:00\",\"breadcrumb\":{\"@id\":\"https:\/\/xenonkungen.com\/produkt\/blixtljus-eq-3led-180-r10-bla\/#breadcrumb\"},\"inLanguage\":\"nb-NO\",\"potentialAction\":[{\"@type\":\"ReadAction\",\"target\":[\"https:\/\/xenonkungen.com\/produkt\/blixtljus-eq-3led-180-r10-bla\/\"]}]},{\"@type\":\"ImageObject\",\"inLanguage\":\"nb-NO\",\"@id\":\"https:\/\/xenonkungen.com\/produkt\/blixtljus-eq-3led-180-r10-bla\/#primaryimage\",\"url\":\"https:\/\/xenonkungen.com\/wp-content\/uploads\/2025\/04\/23435221-origpic-d62fe3.jpg\",\"contentUrl\":\"https:\/\/xenonkungen.com\/wp-content\/uploads\/2025\/04\/23435221-origpic-d62fe3.jpg\",\"width\":600,\"height\":600},{\"@type\":\"BreadcrumbList\",\"@id\":\"https:\/\/xenonkungen.com\/produkt\/blixtljus-eq-3led-180-r10-bla\/#breadcrumb\",\"itemListElement\":[{\"@type\":\"ListItem\",\"position\":1,\"name\":\"Hem\",\"item\":\"https:\/\/xenonkungen.com\/\"},{\"@type\":\"ListItem\",\"position\":2,\"name\":\"Shop\",\"item\":\"https:\/\/xenonkungen.com\/shop\/\"},{\"@type\":\"ListItem\",\"position\":3,\"name\":\"Blixtljus EQ 3LED 180 R10 Bl\u00e5\"}]},{\"@type\":\"WebSite\",\"@id\":\"https:\/\/xenonkungen.com\/#website\",\"url\":\"https:\/\/xenonkungen.com\/\",\"name\":\"Xenonkungen\",\"description\":\"\",\"potentialAction\":[{\"@type\":\"SearchAction\",\"target\":{\"@type\":\"EntryPoint\",\"urlTemplate\":\"https:\/\/xenonkungen.com\/?s={search_term_string}\"},\"query-input\":{\"@type\":\"PropertyValueSpecification\",\"valueRequired\":true,\"valueName\":\"search_term_string\"}}],\"inLanguage\":\"nb-NO\"}]}<\/script>\n<!-- \/ Yoast SEO plugin. -->","yoast_head_json":{"title":"Lommelykt EQ 3LED 180 R10 Bl\u00e5 - Xenonkungen","robots":{"index":"index","follow":"follow","max-snippet":"max-snippet:-1","max-image-preview":"max-image-preview:large","max-video-preview":"max-video-preview:-1"},"canonical":"https:\/\/xenonkungen.com\/no\/produkt\/lommelykt-eq-3led-180-r10-bla\/","og_locale":"nb_NO","og_type":"article","og_title":"Blixtljus EQ 3LED 180 R10 Bl\u00e5 - Xenonkungen","og_description":"H\u00f6gintensivt Bl\u00e5tt Blixtljus med 180 Graders Vidvinkel Detta h\u00f6gintensiva bl\u00e5a blixtljus erbjuder en o\u00f6vertr\u00e4ffad synlighet med en vidvinkel p\u00e5 180 grader, kompletterad med 12 olika ljusbilder f\u00f6r att anpassa efter dina behov. Produktegenskaper: 180 Graders Vidvinkel: Garanterar bred t\u00e4ckning och maximal synlighet. 12 Valbara Ljusbilder: M\u00f6jligg\u00f6r anpassad signalering f\u00f6r olika scenarier. Klar Polykarbonatlins: H\u00e5llbar och [&hellip;]","og_url":"https:\/\/xenonkungen.com\/no\/produkt\/lommelykt-eq-3led-180-r10-bla\/","og_site_name":"Xenonkungen","article_modified_time":"2026-05-08T14:41:31+00:00","og_image":[{"width":600,"height":600,"url":"https:\/\/xenonkungen.com\/wp-content\/uploads\/2025\/04\/23435221-origpic-d62fe3.jpg","type":"image\/jpeg"}],"twitter_card":"summary_large_image","twitter_misc":{"Ansl. lesetid":"1 minutt"},"schema":{"@context":"https:\/\/schema.org","@graph":[{"@type":"WebPage","@id":"https:\/\/xenonkungen.com\/produkt\/blixtljus-eq-3led-180-r10-bla\/","url":"https:\/\/xenonkungen.com\/produkt\/blixtljus-eq-3led-180-r10-bla\/","name":"Lommelykt EQ 3LED 180 R10 Bl\u00e5 - Xenonkungen","isPartOf":{"@id":"https:\/\/xenonkungen.com\/#website"},"primaryImageOfPage":{"@id":"https:\/\/xenonkungen.com\/produkt\/blixtljus-eq-3led-180-r10-bla\/#primaryimage"},"image":{"@id":"https:\/\/xenonkungen.com\/produkt\/blixtljus-eq-3led-180-r10-bla\/#primaryimage"},"thumbnailUrl":"https:\/\/xenonkungen.com\/wp-content\/uploads\/2025\/04\/23435221-origpic-d62fe3.jpg","datePublished":"2025-04-15T09:04:42+00:00","dateModified":"2026-05-08T14:41:31+00:00","breadcrumb":{"@id":"https:\/\/xenonkungen.com\/produkt\/blixtljus-eq-3led-180-r10-bla\/#breadcrumb"},"inLanguage":"nb-NO","potentialAction":[{"@type":"ReadAction","target":["https:\/\/xenonkungen.com\/produkt\/blixtljus-eq-3led-180-r10-bla\/"]}]},{"@type":"ImageObject","inLanguage":"nb-NO","@id":"https:\/\/xenonkungen.com\/produkt\/blixtljus-eq-3led-180-r10-bla\/#primaryimage","url":"https:\/\/xenonkungen.com\/wp-content\/uploads\/2025\/04\/23435221-origpic-d62fe3.jpg","contentUrl":"https:\/\/xenonkungen.com\/wp-content\/uploads\/2025\/04\/23435221-origpic-d62fe3.jpg","width":600,"height":600},{"@type":"BreadcrumbList","@id":"https:\/\/xenonkungen.com\/produkt\/blixtljus-eq-3led-180-r10-bla\/#breadcrumb","itemListElement":[{"@type":"ListItem","position":1,"name":"Hem","item":"https:\/\/xenonkungen.com\/"},{"@type":"ListItem","position":2,"name":"Shop","item":"https:\/\/xenonkungen.com\/shop\/"},{"@type":"ListItem","position":3,"name":"Blixtljus EQ 3LED 180 R10 Bl\u00e5"}]},{"@type":"WebSite","@id":"https:\/\/xenonkungen.com\/#website","url":"https:\/\/xenonkungen.com\/","name":"Xenonkungen","description":"","potentialAction":[{"@type":"SearchAction","target":{"@type":"EntryPoint","urlTemplate":"https:\/\/xenonkungen.com\/?s={search_term_string}"},"query-input":{"@type":"PropertyValueSpecification","valueRequired":true,"valueName":"search_term_string"}}],"inLanguage":"nb-NO"}]}},"taxonomy_info":{"product_cat":[{"value":3037,"label":"3LED 180\u00b0"},{"value":2553,"label":"Blixtljus - Riktat varningsljus"},{"value":1061,"label":"Varningsljus"}],"pa_fuktskydd-varde-ipxx":[{"value":333,"label":"IP67"}],"pa_godkannande":[{"value":1306,"label":"ECE R10 (EMC)"}],"pa_storlek-mm":[{"value":1308,"label":"111x37x23"}],"pa_volt-v":[{"value":348,"label":"12, 24"}]},"featured_image_src_large":["https:\/\/xenonkungen.com\/wp-content\/uploads\/2025\/04\/23435221-origpic-d62fe3.jpg",600,600,false],"author_info":[],"comment_info":0,"_links":{"self":[{"href":"https:\/\/xenonkungen.com\/no\/wp-json\/wp\/v2\/product\/4011","targetHints":{"allow":["GET"]}}],"collection":[{"href":"https:\/\/xenonkungen.com\/no\/wp-json\/wp\/v2\/product"}],"about":[{"href":"https:\/\/xenonkungen.com\/no\/wp-json\/wp\/v2\/types\/product"}],"replies":[{"embeddable":true,"href":"https:\/\/xenonkungen.com\/no\/wp-json\/wp\/v2\/comments?post=4011"}],"wp:featuredmedia":[{"embeddable":true,"href":"https:\/\/xenonkungen.com\/no\/wp-json\/wp\/v2\/media\/4012"}],"wp:attachment":[{"href":"https:\/\/xenonkungen.com\/no\/wp-json\/wp\/v2\/media?parent=4011"}],"wp:term":[{"taxonomy":"anvandningsomrade","embeddable":true,"href":"https:\/\/xenonkungen.com\/no\/wp-json\/wp\/v2\/anvandningsomrade?post=4011"},{"taxonomy":"bilmarken","embeddable":true,"href":"https:\/\/xenonkungen.com\/no\/wp-json\/wp\/v2\/bilmarken?post=4011"},{"taxonomy":"product_brand","embeddable":true,"href":"https:\/\/xenonkungen.com\/no\/wp-json\/wp\/v2\/product_brand?post=4011"},{"taxonomy":"product_cat","embeddable":true,"href":"https:\/\/xenonkungen.com\/no\/wp-json\/wp\/v2\/product_cat?post=4011"},{"taxonomy":"product_tag","embeddable":true,"href":"https:\/\/xenonkungen.com\/no\/wp-json\/wp\/v2\/product_tag?post=4011"}],"curies":[{"name":"wp","href":"https:\/\/api.w.org\/{rel}","templated":true}]}}