{"id":4093,"date":"2025-04-15T09:05:16","date_gmt":"2025-04-15T09:05:16","guid":{"rendered":"https:\/\/xenonkungen.com\/product\/mc-dynamisk-bakmarkering-rod-bromsljus\/"},"modified":"2026-03-17T09:55:26","modified_gmt":"2026-03-17T08:55:26","slug":"mc-dynamisk-bakre-markeringsstang-bremselys","status":"publish","type":"product","link":"https:\/\/xenonkungen.com\/no\/produkt\/mc-dynamisk-bakre-markeringsstang-bremselys\/","title":{"rendered":"MC Dynamic Rear Marking | R\u00f8dt\/blankt lys"},"content":{"rendered":"<p>N\u00e5 kan du gi motorsykkelen din et unikt og imponerende utseende samtidig som du forbedrer synligheten og sikkerheten med v\u00e5r MC Dynamic Rear Marker med r\u00f8dt posisjonslys. Dette produktet kombinerer en dynamisk blinklysfunksjon og r\u00f8d bakre markering for \u00e5 gi deg enest\u00e5ende synlighet og oppmerksomhet fra andre trafikanter.<\/p>\n<p>Den dynamiske blinklysfunksjonen skaper en imponerende effekt n\u00e5r du svinger eller skifter kj\u00f8refelt. Lyset pulserer og varierer i intensitet for \u00e5 v\u00e6re godt synlig og tiltrekke seg oppmerksomhet. Du vil ikke bare v\u00e6re synlig, du vil ogs\u00e5 gj\u00f8re inntrykk p\u00e5 veien.<\/p>\n<p>Med r\u00f8d bakre markering f\u00e5r du \u00f8kt synlighet n\u00e5r du er ute p\u00e5 veien.<\/p>\n<p>Monteringen er enkel og passer til de fleste motorsykler. Du trenger ikke \u00e5 v\u00e6re ekspert for \u00e5 oppgradere motorsykkelen din med dette produktet. MC Dynamic Rear Marker med r\u00f8dt bremselys er laget av materialer av h\u00f8y kvalitet for \u00e5 sikre holdbarhet og p\u00e5litelighet.<\/p>\n<p>\u00d8k b\u00e5de synligheten og sikkerheten p\u00e5 veien med v\u00e5r dynamiske bakmark\u00f8r for motorsykkel med r\u00f8dt markeringslys. Bestill i dag og ta motorsykkelens synlighet til et nytt niv\u00e5. Kj\u00f8r med selvtillit og f\u00e5 motorsykkelen din til \u00e5 skille seg ut fra mengden!<\/p>","protected":false},"excerpt":{"rendered":"<p>Gi motorsykkelen din et sporty og trygt utseende med v\u00e5r MC Dynamic Rear Marking i r\u00f8dt. Denne dynamiske merkingen gir deg \u00f8kt synlighet og signaliserer direkte til andre trafikanter. Enkel \u00e5 montere og passer til alle motorsykler. Bestill MC Dynamic Rear Marking i dag, og ta sikkerheten og stilen din til neste niv\u00e5!<\/p>","protected":false},"featured_media":4094,"comment_status":"closed","ping_status":"closed","template":"","meta":{"_acf_changed":false,"_smort_price_nok":"134","_smort_price_dkk":"121","_smort_price_eur":"16.27","_smort_sale_price_nok":"134","_smort_sale_price_dkk":"","_smort_sale_price_eur":"11.36","smort_restorder":"","shipmondo_restorder":"","_kad_blocks_custom_css":"","_kad_blocks_head_custom_js":"","_kad_blocks_body_custom_js":"","_kad_blocks_footer_custom_js":"","smort_custom_pricelist_1":"114.56","smort_custom_pricelist_2":"100.24","smort_custom_pricelist_3":"95.23","smort_custom_pricelist_4":"143.2","smort_custom_pricelist_5":"100.24"},"anvandningsomrade":[165,2709,234],"bilmarken":[],"product_brand":[],"product_cat":[2811,2552,2477,2812,2478,1064,1833],"product_tag":[],"class_list":{"0":"post-4093","1":"product","2":"type-product","3":"status-publish","4":"has-post-thumbnail","6":"anvandningsomrade-atv","7":"anvandningsomrade-atv-snoskoter","8":"anvandningsomrade-mc","9":"product_cat-bak","10":"product_cat-bakljus-slap","11":"product_cat-blinkers","12":"product_cat-kombo","13":"product_cat-positionsljus-slap","14":"product_cat-baklampor","15":"product_cat-bakmarkering","17":"first","18":"instock","19":"sale","20":"taxable","21":"shipping-taxable","22":"purchasable","23":"product-type-simple"},"bundled_by":[],"bundle_stock_status":"instock","bundle_stock_quantity":24,"bundle_virtual":false,"bundle_layout":"","bundle_add_to_cart_form_location":"","bundle_editable_in_cart":false,"bundle_sold_individually_context":"","bundle_item_grouping":"","bundle_min_size":"","bundle_max_size":"","bundle_price":[],"bundled_items":[],"bundle_sell_ids":[],"acf":[],"yoast_head":"<!-- This site is optimized with the Yoast SEO plugin v27.0 - https:\/\/yoast.com\/product\/yoast-seo-wordpress\/ -->\n<title>MC Dynamisk Bakmarkering | R\u00f6d\/Bromsljus - Xenonkungen<\/title>\n<meta name=\"robots\" content=\"index, follow, max-snippet:-1, max-image-preview:large, max-video-preview:-1\" \/>\n<link rel=\"canonical\" href=\"https:\/\/xenonkungen.com\/no\/produkt\/mc-dynamisk-bakre-markeringsstang-bremselys\/\" \/>\n<meta property=\"og:locale\" content=\"nb_NO\" \/>\n<meta property=\"og:type\" content=\"article\" \/>\n<meta property=\"og:title\" content=\"MC Dynamisk Bakmarkering | R\u00f6d\/Bromsljus - Xenonkungen\" \/>\n<meta property=\"og:description\" content=\"Ge din motorcykel ett sportigt och s\u00e4kert utseende med v\u00e5r MC Dynamisk Bakmarkering i r\u00f6tt. Denna dynamiska markering ger dig \u00f6kad synlighet och signalerar direkt till andra trafikanter. Enkel installation och passar alla motorcyklar. Best\u00e4ll din MC Dynamisk Bakmarkering redan idag och ta din s\u00e4kerhet och stil till n\u00e4sta niv\u00e5!\" \/>\n<meta property=\"og:url\" content=\"https:\/\/xenonkungen.com\/no\/produkt\/mc-dynamisk-bakre-markeringsstang-bremselys\/\" \/>\n<meta property=\"og:site_name\" content=\"Xenonkungen\" \/>\n<meta property=\"article:modified_time\" content=\"2026-03-17T08:55:26+00:00\" \/>\n<meta property=\"og:image\" content=\"https:\/\/xenonkungen.com\/wp-content\/uploads\/2025\/04\/XAR_L2ag-1-scaled.png\" \/>\n\t<meta property=\"og:image:width\" content=\"2560\" \/>\n\t<meta property=\"og:image:height\" content=\"2560\" \/>\n\t<meta property=\"og:image:type\" content=\"image\/png\" \/>\n<meta name=\"twitter:card\" content=\"summary_large_image\" \/>\n<meta name=\"twitter:label1\" content=\"Ansl. lesetid\" \/>\n\t<meta name=\"twitter:data1\" content=\"2 minutter\" \/>\n<script type=\"application\/ld+json\" class=\"yoast-schema-graph\">{\"@context\":\"https:\/\/schema.org\",\"@graph\":[{\"@type\":\"WebPage\",\"@id\":\"https:\/\/xenonkungen.com\/produkt\/mc-dynamisk-bakmarkering-rod-bromsljus\/\",\"url\":\"https:\/\/xenonkungen.com\/produkt\/mc-dynamisk-bakmarkering-rod-bromsljus\/\",\"name\":\"MC Dynamisk Bakmarkering | R\u00f6d\/Bromsljus - Xenonkungen\",\"isPartOf\":{\"@id\":\"https:\/\/xenonkungen.com\/#website\"},\"primaryImageOfPage\":{\"@id\":\"https:\/\/xenonkungen.com\/produkt\/mc-dynamisk-bakmarkering-rod-bromsljus\/#primaryimage\"},\"image\":{\"@id\":\"https:\/\/xenonkungen.com\/produkt\/mc-dynamisk-bakmarkering-rod-bromsljus\/#primaryimage\"},\"thumbnailUrl\":\"https:\/\/xenonkungen.com\/wp-content\/uploads\/2025\/04\/XAR_L2ag-1-scaled.png\",\"datePublished\":\"2025-04-15T09:05:16+00:00\",\"dateModified\":\"2026-03-17T08:55:26+00:00\",\"breadcrumb\":{\"@id\":\"https:\/\/xenonkungen.com\/produkt\/mc-dynamisk-bakmarkering-rod-bromsljus\/#breadcrumb\"},\"inLanguage\":\"nb-NO\",\"potentialAction\":[{\"@type\":\"ReadAction\",\"target\":[\"https:\/\/xenonkungen.com\/produkt\/mc-dynamisk-bakmarkering-rod-bromsljus\/\"]}]},{\"@type\":\"ImageObject\",\"inLanguage\":\"nb-NO\",\"@id\":\"https:\/\/xenonkungen.com\/produkt\/mc-dynamisk-bakmarkering-rod-bromsljus\/#primaryimage\",\"url\":\"https:\/\/xenonkungen.com\/wp-content\/uploads\/2025\/04\/XAR_L2ag-1-scaled.png\",\"contentUrl\":\"https:\/\/xenonkungen.com\/wp-content\/uploads\/2025\/04\/XAR_L2ag-1-scaled.png\",\"width\":2560,\"height\":2560},{\"@type\":\"BreadcrumbList\",\"@id\":\"https:\/\/xenonkungen.com\/produkt\/mc-dynamisk-bakmarkering-rod-bromsljus\/#breadcrumb\",\"itemListElement\":[{\"@type\":\"ListItem\",\"position\":1,\"name\":\"Hem\",\"item\":\"https:\/\/xenonkungen.com\/\"},{\"@type\":\"ListItem\",\"position\":2,\"name\":\"Shop\",\"item\":\"https:\/\/xenonkungen.com\/shop\/\"},{\"@type\":\"ListItem\",\"position\":3,\"name\":\"MC Dynamisk Bakmarkering | R\u00f6d\/Bromsljus\"}]},{\"@type\":\"WebSite\",\"@id\":\"https:\/\/xenonkungen.com\/#website\",\"url\":\"https:\/\/xenonkungen.com\/\",\"name\":\"Xenonkungen\",\"description\":\"\",\"potentialAction\":[{\"@type\":\"SearchAction\",\"target\":{\"@type\":\"EntryPoint\",\"urlTemplate\":\"https:\/\/xenonkungen.com\/?s={search_term_string}\"},\"query-input\":{\"@type\":\"PropertyValueSpecification\",\"valueRequired\":true,\"valueName\":\"search_term_string\"}}],\"inLanguage\":\"nb-NO\"}]}<\/script>\n<!-- \/ Yoast SEO plugin. -->","yoast_head_json":{"title":"MC Dynamisk bakmarkeringslys | R\u00f8dt\/Bremselys - Xenonkungen","robots":{"index":"index","follow":"follow","max-snippet":"max-snippet:-1","max-image-preview":"max-image-preview:large","max-video-preview":"max-video-preview:-1"},"canonical":"https:\/\/xenonkungen.com\/no\/produkt\/mc-dynamisk-bakre-markeringsstang-bremselys\/","og_locale":"nb_NO","og_type":"article","og_title":"MC Dynamisk Bakmarkering | R\u00f6d\/Bromsljus - Xenonkungen","og_description":"Ge din motorcykel ett sportigt och s\u00e4kert utseende med v\u00e5r MC Dynamisk Bakmarkering i r\u00f6tt. Denna dynamiska markering ger dig \u00f6kad synlighet och signalerar direkt till andra trafikanter. Enkel installation och passar alla motorcyklar. Best\u00e4ll din MC Dynamisk Bakmarkering redan idag och ta din s\u00e4kerhet och stil till n\u00e4sta niv\u00e5!","og_url":"https:\/\/xenonkungen.com\/no\/produkt\/mc-dynamisk-bakre-markeringsstang-bremselys\/","og_site_name":"Xenonkungen","article_modified_time":"2026-03-17T08:55:26+00:00","og_image":[{"width":2560,"height":2560,"url":"https:\/\/xenonkungen.com\/wp-content\/uploads\/2025\/04\/XAR_L2ag-1-scaled.png","type":"image\/png"}],"twitter_card":"summary_large_image","twitter_misc":{"Ansl. lesetid":"2 minutter"},"schema":{"@context":"https:\/\/schema.org","@graph":[{"@type":"WebPage","@id":"https:\/\/xenonkungen.com\/produkt\/mc-dynamisk-bakmarkering-rod-bromsljus\/","url":"https:\/\/xenonkungen.com\/produkt\/mc-dynamisk-bakmarkering-rod-bromsljus\/","name":"MC Dynamisk bakmarkeringslys | R\u00f8dt\/Bremselys - Xenonkungen","isPartOf":{"@id":"https:\/\/xenonkungen.com\/#website"},"primaryImageOfPage":{"@id":"https:\/\/xenonkungen.com\/produkt\/mc-dynamisk-bakmarkering-rod-bromsljus\/#primaryimage"},"image":{"@id":"https:\/\/xenonkungen.com\/produkt\/mc-dynamisk-bakmarkering-rod-bromsljus\/#primaryimage"},"thumbnailUrl":"https:\/\/xenonkungen.com\/wp-content\/uploads\/2025\/04\/XAR_L2ag-1-scaled.png","datePublished":"2025-04-15T09:05:16+00:00","dateModified":"2026-03-17T08:55:26+00:00","breadcrumb":{"@id":"https:\/\/xenonkungen.com\/produkt\/mc-dynamisk-bakmarkering-rod-bromsljus\/#breadcrumb"},"inLanguage":"nb-NO","potentialAction":[{"@type":"ReadAction","target":["https:\/\/xenonkungen.com\/produkt\/mc-dynamisk-bakmarkering-rod-bromsljus\/"]}]},{"@type":"ImageObject","inLanguage":"nb-NO","@id":"https:\/\/xenonkungen.com\/produkt\/mc-dynamisk-bakmarkering-rod-bromsljus\/#primaryimage","url":"https:\/\/xenonkungen.com\/wp-content\/uploads\/2025\/04\/XAR_L2ag-1-scaled.png","contentUrl":"https:\/\/xenonkungen.com\/wp-content\/uploads\/2025\/04\/XAR_L2ag-1-scaled.png","width":2560,"height":2560},{"@type":"BreadcrumbList","@id":"https:\/\/xenonkungen.com\/produkt\/mc-dynamisk-bakmarkering-rod-bromsljus\/#breadcrumb","itemListElement":[{"@type":"ListItem","position":1,"name":"Hem","item":"https:\/\/xenonkungen.com\/"},{"@type":"ListItem","position":2,"name":"Shop","item":"https:\/\/xenonkungen.com\/shop\/"},{"@type":"ListItem","position":3,"name":"MC Dynamisk Bakmarkering | R\u00f6d\/Bromsljus"}]},{"@type":"WebSite","@id":"https:\/\/xenonkungen.com\/#website","url":"https:\/\/xenonkungen.com\/","name":"Xenonkungen","description":"","potentialAction":[{"@type":"SearchAction","target":{"@type":"EntryPoint","urlTemplate":"https:\/\/xenonkungen.com\/?s={search_term_string}"},"query-input":{"@type":"PropertyValueSpecification","valueRequired":true,"valueName":"search_term_string"}}],"inLanguage":"nb-NO"}]}},"taxonomy_info":{"anvandningsomrade":[{"value":165,"label":"ATV"},{"value":2709,"label":"ATV \/ Sn\u00f6skoter"},{"value":234,"label":"MC"}],"product_cat":[{"value":2811,"label":"Bak"},{"value":2552,"label":"Bakljus"},{"value":2477,"label":"Blinkers"},{"value":2812,"label":"Kombo"},{"value":2478,"label":"Positionsljus"},{"value":1064,"label":"Baklampor"},{"value":1833,"label":"Bakmarkering"}]},"featured_image_src_large":["https:\/\/xenonkungen.com\/wp-content\/uploads\/2025\/04\/XAR_L2ag-1-1024x1024.png",1024,1024,true],"author_info":[],"comment_info":0,"_links":{"self":[{"href":"https:\/\/xenonkungen.com\/no\/wp-json\/wp\/v2\/product\/4093","targetHints":{"allow":["GET"]}}],"collection":[{"href":"https:\/\/xenonkungen.com\/no\/wp-json\/wp\/v2\/product"}],"about":[{"href":"https:\/\/xenonkungen.com\/no\/wp-json\/wp\/v2\/types\/product"}],"replies":[{"embeddable":true,"href":"https:\/\/xenonkungen.com\/no\/wp-json\/wp\/v2\/comments?post=4093"}],"wp:featuredmedia":[{"embeddable":true,"href":"https:\/\/xenonkungen.com\/no\/wp-json\/wp\/v2\/media\/4094"}],"wp:attachment":[{"href":"https:\/\/xenonkungen.com\/no\/wp-json\/wp\/v2\/media?parent=4093"}],"wp:term":[{"taxonomy":"anvandningsomrade","embeddable":true,"href":"https:\/\/xenonkungen.com\/no\/wp-json\/wp\/v2\/anvandningsomrade?post=4093"},{"taxonomy":"bilmarken","embeddable":true,"href":"https:\/\/xenonkungen.com\/no\/wp-json\/wp\/v2\/bilmarken?post=4093"},{"taxonomy":"product_brand","embeddable":true,"href":"https:\/\/xenonkungen.com\/no\/wp-json\/wp\/v2\/product_brand?post=4093"},{"taxonomy":"product_cat","embeddable":true,"href":"https:\/\/xenonkungen.com\/no\/wp-json\/wp\/v2\/product_cat?post=4093"},{"taxonomy":"product_tag","embeddable":true,"href":"https:\/\/xenonkungen.com\/no\/wp-json\/wp\/v2\/product_tag?post=4093"}],"curies":[{"name":"wp","href":"https:\/\/api.w.org\/{rel}","templated":true}]}}