{"id":4189,"date":"2025-04-15T09:07:18","date_gmt":"2025-04-15T09:07:18","guid":{"rendered":"https:\/\/xenonkungen.com\/product\/ledis-on-interiorljus-600mm\/"},"modified":"2026-03-04T16:54:56","modified_gmt":"2026-03-04T15:54:56","slug":"led-lys-pa-innvendig-lys-600-mm","status":"publish","type":"product","link":"https:\/\/xenonkungen.com\/no\/produkt\/led-lys-pa-innvendig-lys-600-mm\/","title":{"rendered":"LEDIS-ON\u00ae Innvendig belysning 600 mm"},"content":{"rendered":"<p>LEDIS-ON\u00ae interi\u00f8rlamper lyser opp m\u00f8rke rom, for eksempel i varebiler, der skapbelysningen kan v\u00e6re d\u00e5rlig.<br \/>LEDIS-ON Interi\u00f8rbelysning er en slank modell som bare bygger 12 mm i h\u00f8yden og har et diskret kabinett som skjuler monteringsskruene.<\/p>\n<p>Med IP67-klassifisering kan du ogs\u00e5 montere den p\u00e5 utsiden, for eksempel som inngangslys p\u00e5 en bobil eller campingvogn.<br \/>IP67 betyr at den er st\u00f8v- og vanntett og t\u00e5ler nedsenking til 1 meter i 30 minutter.<\/p>\n<p><strong>Godt \u00e5 vite<\/strong><br \/>Kobles vanligvis til samme ledningsnett som eksisterende innvendige lys.<br \/>Inkluderer 2 gjennomsiktige festeanordninger for alternativ montering.<br \/>Kabellengde 10 cm.<br \/>Koblingsskjema:<br \/>Svart ? Jord (-)<br \/>R\u00f8d ? Pluss (+)<\/p>","protected":false},"excerpt":{"rendered":"<p>LED-lys innvendig<\/p>\n<p>Fuktighetsbeskyttelsesklasse<br \/>\nIP67<\/p>\n<p>Multivolt<br \/>\n10-30 V LIKESTR\u00d8M<\/p>\n<p>ECE R10<\/p>\n<p>Innhold i leveransen<br \/>\n1 LEDIS-ON\u00ae innvendig lys 600 mm<\/p>","protected":false},"featured_media":4190,"comment_status":"closed","ping_status":"closed","template":"","meta":{"_acf_changed":false,"_smort_price_nok":"465","_smort_price_dkk":"295","_smort_price_eur":"39.54","_smort_sale_price_nok":"","_smort_sale_price_dkk":"","_smort_sale_price_eur":"","smort_restorder":"","shipmondo_restorder":"","_kad_blocks_custom_css":"","_kad_blocks_head_custom_js":"","_kad_blocks_body_custom_js":"","_kad_blocks_footer_custom_js":"","smort_custom_pricelist_1":"278.4","smort_custom_pricelist_2":"243.6","smort_custom_pricelist_3":"231.42","smort_custom_pricelist_4":"348","smort_custom_pricelist_5":"243.6"},"anvandningsomrade":[166,238,2816],"bilmarken":[],"product_brand":[100],"product_cat":[2586],"product_tag":[],"class_list":{"0":"post-4189","1":"product","2":"type-product","3":"status-publish","4":"has-post-thumbnail","6":"anvandningsomrade-lastbil","7":"anvandningsomrade-slap","8":"anvandningsomrade-trailer","9":"product_brand-ledis-on","10":"product_cat-interiorbelysning-slap","11":"pa_fuktskydd-varde-ipxx-ip67","12":"pa_godkannande-ece-r10","13":"pa_led-chips-effekt-w-1327","14":"pa_storlek-mm-600x12x54","15":"pa_stromforbrukning-06a24v","16":"pa_stromforbrukning-11a12v","17":"pa_volt-v-multivolt-10-12-16-18-24-28-30","19":"first","20":"outofstock","21":"taxable","22":"shipping-taxable","23":"purchasable","24":"product-type-simple"},"bundled_by":[],"bundle_stock_status":"outofstock","bundle_stock_quantity":-5,"bundle_virtual":false,"bundle_layout":"","bundle_add_to_cart_form_location":"","bundle_editable_in_cart":false,"bundle_sold_individually_context":"","bundle_item_grouping":"","bundle_min_size":"","bundle_max_size":"","bundle_price":[],"bundled_items":[],"bundle_sell_ids":[],"acf":[],"yoast_head":"<!-- This site is optimized with the Yoast SEO plugin v27.0 - https:\/\/yoast.com\/product\/yoast-seo-wordpress\/ -->\n<title>LEDIS-ON\u00ae Interi\u00f6rljus 600mm - Xenonkungen<\/title>\n<meta name=\"robots\" content=\"index, follow, max-snippet:-1, max-image-preview:large, max-video-preview:-1\" \/>\n<link rel=\"canonical\" href=\"https:\/\/xenonkungen.com\/no\/produkt\/led-lys-pa-innvendig-lys-600-mm\/\" \/>\n<meta property=\"og:locale\" content=\"nb_NO\" \/>\n<meta property=\"og:type\" content=\"article\" \/>\n<meta property=\"og:title\" content=\"LEDIS-ON\u00ae Interi\u00f6rljus 600mm - Xenonkungen\" \/>\n<meta property=\"og:description\" content=\"LED Interi\u00f6rljus Fuktskyddsklassad IP67 Multivolt 10-30V DC ECE R10 Leveransinneh\u00e5ll 1st LEDIS-ON\u00ae Interi\u00f6rljus 600mm\" \/>\n<meta property=\"og:url\" content=\"https:\/\/xenonkungen.com\/no\/produkt\/led-lys-pa-innvendig-lys-600-mm\/\" \/>\n<meta property=\"og:site_name\" content=\"Xenonkungen\" \/>\n<meta property=\"article:modified_time\" content=\"2026-03-04T15:54:56+00:00\" \/>\n<meta property=\"og:image\" content=\"https:\/\/xenonkungen.com\/wp-content\/uploads\/2025\/04\/174317087-origpic-cccf46.png\" \/>\n\t<meta property=\"og:image:width\" content=\"1000\" \/>\n\t<meta property=\"og:image:height\" content=\"1000\" \/>\n\t<meta property=\"og:image:type\" content=\"image\/png\" \/>\n<meta name=\"twitter:card\" content=\"summary_large_image\" \/>\n<meta name=\"twitter:label1\" content=\"Ansl. lesetid\" \/>\n\t<meta name=\"twitter:data1\" content=\"1 minutt\" \/>\n<script type=\"application\/ld+json\" class=\"yoast-schema-graph\">{\"@context\":\"https:\/\/schema.org\",\"@graph\":[{\"@type\":\"WebPage\",\"@id\":\"https:\/\/xenonkungen.com\/produkt\/ledis-on-interiorljus-600mm\/\",\"url\":\"https:\/\/xenonkungen.com\/produkt\/ledis-on-interiorljus-600mm\/\",\"name\":\"LEDIS-ON\u00ae Interi\u00f6rljus 600mm - Xenonkungen\",\"isPartOf\":{\"@id\":\"https:\/\/xenonkungen.com\/#website\"},\"primaryImageOfPage\":{\"@id\":\"https:\/\/xenonkungen.com\/produkt\/ledis-on-interiorljus-600mm\/#primaryimage\"},\"image\":{\"@id\":\"https:\/\/xenonkungen.com\/produkt\/ledis-on-interiorljus-600mm\/#primaryimage\"},\"thumbnailUrl\":\"https:\/\/xenonkungen.com\/wp-content\/uploads\/2025\/04\/174317087-origpic-cccf46.png\",\"datePublished\":\"2025-04-15T09:07:18+00:00\",\"dateModified\":\"2026-03-04T15:54:56+00:00\",\"breadcrumb\":{\"@id\":\"https:\/\/xenonkungen.com\/produkt\/ledis-on-interiorljus-600mm\/#breadcrumb\"},\"inLanguage\":\"nb-NO\",\"potentialAction\":[{\"@type\":\"ReadAction\",\"target\":[\"https:\/\/xenonkungen.com\/produkt\/ledis-on-interiorljus-600mm\/\"]}]},{\"@type\":\"ImageObject\",\"inLanguage\":\"nb-NO\",\"@id\":\"https:\/\/xenonkungen.com\/produkt\/ledis-on-interiorljus-600mm\/#primaryimage\",\"url\":\"https:\/\/xenonkungen.com\/wp-content\/uploads\/2025\/04\/174317087-origpic-cccf46.png\",\"contentUrl\":\"https:\/\/xenonkungen.com\/wp-content\/uploads\/2025\/04\/174317087-origpic-cccf46.png\",\"width\":1000,\"height\":1000},{\"@type\":\"BreadcrumbList\",\"@id\":\"https:\/\/xenonkungen.com\/produkt\/ledis-on-interiorljus-600mm\/#breadcrumb\",\"itemListElement\":[{\"@type\":\"ListItem\",\"position\":1,\"name\":\"Hem\",\"item\":\"https:\/\/xenonkungen.com\/\"},{\"@type\":\"ListItem\",\"position\":2,\"name\":\"Shop\",\"item\":\"https:\/\/xenonkungen.com\/shop\/\"},{\"@type\":\"ListItem\",\"position\":3,\"name\":\"LEDIS-ON\u00ae Interi\u00f6rljus 600mm\"}]},{\"@type\":\"WebSite\",\"@id\":\"https:\/\/xenonkungen.com\/#website\",\"url\":\"https:\/\/xenonkungen.com\/\",\"name\":\"Xenonkungen\",\"description\":\"\",\"potentialAction\":[{\"@type\":\"SearchAction\",\"target\":{\"@type\":\"EntryPoint\",\"urlTemplate\":\"https:\/\/xenonkungen.com\/?s={search_term_string}\"},\"query-input\":{\"@type\":\"PropertyValueSpecification\",\"valueRequired\":true,\"valueName\":\"search_term_string\"}}],\"inLanguage\":\"nb-NO\"}]}<\/script>\n<!-- \/ Yoast SEO plugin. -->","yoast_head_json":{"title":"LEDIS-ON\u00ae Innvendig lys 600mm - Xenonkungen","robots":{"index":"index","follow":"follow","max-snippet":"max-snippet:-1","max-image-preview":"max-image-preview:large","max-video-preview":"max-video-preview:-1"},"canonical":"https:\/\/xenonkungen.com\/no\/produkt\/led-lys-pa-innvendig-lys-600-mm\/","og_locale":"nb_NO","og_type":"article","og_title":"LEDIS-ON\u00ae Interi\u00f6rljus 600mm - Xenonkungen","og_description":"LED Interi\u00f6rljus Fuktskyddsklassad IP67 Multivolt 10-30V DC ECE R10 Leveransinneh\u00e5ll 1st LEDIS-ON\u00ae Interi\u00f6rljus 600mm","og_url":"https:\/\/xenonkungen.com\/no\/produkt\/led-lys-pa-innvendig-lys-600-mm\/","og_site_name":"Xenonkungen","article_modified_time":"2026-03-04T15:54:56+00:00","og_image":[{"width":1000,"height":1000,"url":"https:\/\/xenonkungen.com\/wp-content\/uploads\/2025\/04\/174317087-origpic-cccf46.png","type":"image\/png"}],"twitter_card":"summary_large_image","twitter_misc":{"Ansl. lesetid":"1 minutt"},"schema":{"@context":"https:\/\/schema.org","@graph":[{"@type":"WebPage","@id":"https:\/\/xenonkungen.com\/produkt\/ledis-on-interiorljus-600mm\/","url":"https:\/\/xenonkungen.com\/produkt\/ledis-on-interiorljus-600mm\/","name":"LEDIS-ON\u00ae Innvendig lys 600mm - Xenonkungen","isPartOf":{"@id":"https:\/\/xenonkungen.com\/#website"},"primaryImageOfPage":{"@id":"https:\/\/xenonkungen.com\/produkt\/ledis-on-interiorljus-600mm\/#primaryimage"},"image":{"@id":"https:\/\/xenonkungen.com\/produkt\/ledis-on-interiorljus-600mm\/#primaryimage"},"thumbnailUrl":"https:\/\/xenonkungen.com\/wp-content\/uploads\/2025\/04\/174317087-origpic-cccf46.png","datePublished":"2025-04-15T09:07:18+00:00","dateModified":"2026-03-04T15:54:56+00:00","breadcrumb":{"@id":"https:\/\/xenonkungen.com\/produkt\/ledis-on-interiorljus-600mm\/#breadcrumb"},"inLanguage":"nb-NO","potentialAction":[{"@type":"ReadAction","target":["https:\/\/xenonkungen.com\/produkt\/ledis-on-interiorljus-600mm\/"]}]},{"@type":"ImageObject","inLanguage":"nb-NO","@id":"https:\/\/xenonkungen.com\/produkt\/ledis-on-interiorljus-600mm\/#primaryimage","url":"https:\/\/xenonkungen.com\/wp-content\/uploads\/2025\/04\/174317087-origpic-cccf46.png","contentUrl":"https:\/\/xenonkungen.com\/wp-content\/uploads\/2025\/04\/174317087-origpic-cccf46.png","width":1000,"height":1000},{"@type":"BreadcrumbList","@id":"https:\/\/xenonkungen.com\/produkt\/ledis-on-interiorljus-600mm\/#breadcrumb","itemListElement":[{"@type":"ListItem","position":1,"name":"Hem","item":"https:\/\/xenonkungen.com\/"},{"@type":"ListItem","position":2,"name":"Shop","item":"https:\/\/xenonkungen.com\/shop\/"},{"@type":"ListItem","position":3,"name":"LEDIS-ON\u00ae Interi\u00f6rljus 600mm"}]},{"@type":"WebSite","@id":"https:\/\/xenonkungen.com\/#website","url":"https:\/\/xenonkungen.com\/","name":"Xenonkungen","description":"","potentialAction":[{"@type":"SearchAction","target":{"@type":"EntryPoint","urlTemplate":"https:\/\/xenonkungen.com\/?s={search_term_string}"},"query-input":{"@type":"PropertyValueSpecification","valueRequired":true,"valueName":"search_term_string"}}],"inLanguage":"nb-NO"}]}},"taxonomy_info":{"anvandningsomrade":[{"value":166,"label":"Lastbil"},{"value":238,"label":"SL\u00c4P"},{"value":2816,"label":"TRAILER"}],"product_brand":[{"value":100,"label":"LEDIS-ON"}],"product_cat":[{"value":2586,"label":"Interi\u00f6rbelysning"}],"pa_fuktskydd-varde-ipxx":[{"value":333,"label":"IP67"}],"pa_godkannande":[{"value":966,"label":"ECE, R10"}],"pa_led-chips-effekt-w":[{"value":1327,"label":"26,8"}],"pa_storlek-mm":[{"value":1326,"label":"600x12x54"}],"pa_stromforbrukning":[{"value":539,"label":"0,6A@24V"},{"value":538,"label":"1,1A@12V"}],"pa_volt-v":[{"value":773,"label":"Multivolt, 10, 12, 16, 18, 24, 28, 30"}]},"featured_image_src_large":["https:\/\/xenonkungen.com\/wp-content\/uploads\/2025\/04\/174317087-origpic-cccf46.png",1000,1000,false],"author_info":[],"comment_info":0,"_links":{"self":[{"href":"https:\/\/xenonkungen.com\/no\/wp-json\/wp\/v2\/product\/4189","targetHints":{"allow":["GET"]}}],"collection":[{"href":"https:\/\/xenonkungen.com\/no\/wp-json\/wp\/v2\/product"}],"about":[{"href":"https:\/\/xenonkungen.com\/no\/wp-json\/wp\/v2\/types\/product"}],"replies":[{"embeddable":true,"href":"https:\/\/xenonkungen.com\/no\/wp-json\/wp\/v2\/comments?post=4189"}],"wp:featuredmedia":[{"embeddable":true,"href":"https:\/\/xenonkungen.com\/no\/wp-json\/wp\/v2\/media\/4190"}],"wp:attachment":[{"href":"https:\/\/xenonkungen.com\/no\/wp-json\/wp\/v2\/media?parent=4189"}],"wp:term":[{"taxonomy":"anvandningsomrade","embeddable":true,"href":"https:\/\/xenonkungen.com\/no\/wp-json\/wp\/v2\/anvandningsomrade?post=4189"},{"taxonomy":"bilmarken","embeddable":true,"href":"https:\/\/xenonkungen.com\/no\/wp-json\/wp\/v2\/bilmarken?post=4189"},{"taxonomy":"product_brand","embeddable":true,"href":"https:\/\/xenonkungen.com\/no\/wp-json\/wp\/v2\/product_brand?post=4189"},{"taxonomy":"product_cat","embeddable":true,"href":"https:\/\/xenonkungen.com\/no\/wp-json\/wp\/v2\/product_cat?post=4189"},{"taxonomy":"product_tag","embeddable":true,"href":"https:\/\/xenonkungen.com\/no\/wp-json\/wp\/v2\/product_tag?post=4189"}],"curies":[{"name":"wp","href":"https:\/\/api.w.org\/{rel}","templated":true}]}}