{"id":4239,"date":"2025-04-15T09:08:32","date_gmt":"2025-04-15T09:08:32","guid":{"rendered":"https:\/\/xenonkungen.com\/product\/lazer-triple-r-850-extraljusramp-127-322-mm-pos-ljus\/"},"modified":"2026-04-24T17:24:16","modified_gmt":"2026-04-24T16:24:16","slug":"lazer-triple-r-850-ekstra-lysbjelke-127-322-mm-poslys","status":"publish","type":"product","link":"https:\/\/xenonkungen.com\/no\/produkt\/lazer-triple-r-850-ekstra-lysbjelke-127-322-mm-poslys\/","title":{"rendered":"Lazer Triple-R 850 ekstralysestang 12,7\u2033 (322 mm) pos.lys"},"content":{"rendered":"<h2>Lazer Triple-R - r\u00e5 kraft og presisjon i et kompakt format<\/h2>\n<p><strong>Lazer Triple-R-serien<\/strong> er utviklet for \u00e5 oppfylle de h\u00f8ye kravene som stilles i profesjonell rally- og motorsport - og leverer n\u00e5 samme ytelse til bilen, pickupen eller den tunge lastebilen din. Enten du kj\u00f8rer p\u00e5 veien, i skogen eller p\u00e5 racerbanen, f\u00e5r du en lysopplevelse i verdensklasse.<\/p>\n<h3>Standard og Elite - Velg det niv\u00e5et du trenger<\/h3>\n<p>Serien er tilgjengelig i b\u00e5de <strong>Standard<\/strong>- og <strong>Elite<\/strong>-versjon. Med toppmoderne LED-teknologi og optimalisert reflektoroptikk tilbyr Triple-R en <strong>ekstrem rekkevidde<\/strong> og - i Elite-versjonen - en <strong>kraftig sidelengs lysspredning<\/strong>Perfekt for \u00e5 f\u00e5 oversikt over veikanten eller skogsomr\u00e5der.<\/p>\n<h3>Ideell for takmontering<\/h3>\n<p>Trippel R <strong>lav vertikal lysspredning<\/strong> noe som gj\u00f8r den ideell for takmontering uten \u00e5 for\u00e5rsake irriterende refleksjoner fra panseret.<\/p>\n<h3>Fleksibel design i fire st\u00f8rrelser<\/h3>\n<p>Triple-R Standard er tilgjengelig i fire lengder (<strong>230-590 mm<\/strong>) og har en kompakt profil p\u00e5 bare 73 mm i h\u00f8yden og 105 mm i dybden - lett \u00e5 integrere i ethvert kj\u00f8ret\u00f8y.<\/p>\n<h3>Posisjonslys i hvitt eller oransje<\/h3>\n<p>For de som \u00f8nsker \u00e5 skille seg ut selv i dagslys, er det mulig \u00e5 aktivere <strong>integrert posisjonslys<\/strong> i enten hvitt eller oransje - en stilig og i\u00f8ynefallende detalj.<\/p>\n<h3>E-Boost - maksimal lysstyrke p\u00e5 ett sekund<\/h3>\n<p>Modellene <strong>Triple-R 1000<\/strong> og <strong>1250<\/strong> er utstyrt med <strong>E-boost-funksjon<\/strong> som gir hele <strong>9240 og 13 860 lumen<\/strong> - ideell for offroadkj\u00f8ring og rally. N\u00e5r du kj\u00f8rer p\u00e5 offentlig vei, kan du enkelt bytte til en <strong>E-autorisert modus<\/strong> som fortsatt gir imponerende lysstyrke.<\/p>\n<h3>Ekstra sikkerhet med varsellys<\/h3>\n<p>Triple-R 1000 er ogs\u00e5 tilgjengelig med <strong>integrert blinkende varsellampe<\/strong> - ideell for utrykningskj\u00f8ret\u00f8y, servicebiler eller arbeidsplasser med h\u00f8ye sikkerhetskrav.<\/p>\n<h3>Trygghet p\u00e5 kj\u00f8pet<\/h3>\n<p>Alle lamper i Triple-R-serien er dekket av <strong>5 \u00e5rs funksjonsgaranti<\/strong>. Du investerer ikke bare i kraftig lys - du investerer i p\u00e5litelig ytelse \u00e5r etter \u00e5r.<\/p>\n<p><strong>Triple-R fra Lazer - for deg som krever det beste, uansett vei og v\u00e6r.<\/strong><\/p>","protected":false},"excerpt":{"rendered":"<p>Lazer Triple-R \u2013 R\u00e5styrka och precision i ett kompakt format Lazer Triple-R-serien \u00e4r skapad f\u00f6r att m\u00f6ta de h\u00f6gt st\u00e4llda kraven fr\u00e5n professionell rally- och motorsport \u2013 och levererar nu samma prestanda till din personbil, pickup eller tunga lastbil. Oavsett om du k\u00f6r p\u00e5 landsv\u00e4g, i skogen eller p\u00e5 t\u00e4vlingsbana f\u00e5r du en ljusupplevelse i [&hellip;]<\/p>","protected":false},"featured_media":4240,"comment_status":"closed","ping_status":"open","template":"","meta":{"_acf_changed":false,"_smort_price_nok":"5474","_smort_price_dkk":"3478","_smort_price_eur":"465.89","_smort_sale_price_nok":"","_smort_sale_price_dkk":"","_smort_sale_price_eur":"","smort_restorder":"","shipmondo_restorder":"","_kad_blocks_custom_css":"","_kad_blocks_head_custom_js":"","_kad_blocks_body_custom_js":"","_kad_blocks_footer_custom_js":"","smort_custom_pricelist_1":"3280","smort_custom_pricelist_2":"3280","smort_custom_pricelist_3":"3280","smort_custom_pricelist_4":"4100","smort_custom_pricelist_5":"3280"},"anvandningsomrade":[],"bilmarken":[],"product_brand":[1124],"product_cat":[2561,2966,2539],"product_tag":[2735],"class_list":{"0":"post-4239","1":"product","2":"type-product","3":"status-publish","4":"has-post-thumbnail","6":"product_brand-lazer","7":"product_cat-lazer","8":"product_cat-ledramp-rak","9":"product_cat-ledramper","10":"product_tag-lazer","11":"pa_fargtemperatur-5000k","12":"pa_fuktskydd-varde-ipxx-ip67","13":"pa_godkannande-ece-r112","14":"pa_led-chips-effekt-w-1319","15":"pa_storlek-mm-322x73x105","16":"pa_stromforbrukning-46a144v","17":"pa_volt-v-multivolt-10-12-16-18-24-28-30-32","19":"first","20":"onbackorder","21":"taxable","22":"shipping-taxable","23":"purchasable","24":"product-type-simple"},"bundled_by":[],"bundle_stock_status":"onbackorder","bundle_stock_quantity":0,"bundle_virtual":false,"bundle_layout":"","bundle_add_to_cart_form_location":"","bundle_editable_in_cart":false,"bundle_sold_individually_context":"","bundle_item_grouping":"","bundle_min_size":"","bundle_max_size":"","bundle_price":[],"bundled_items":[],"bundle_sell_ids":[],"acf":[],"yoast_head":"<!-- This site is optimized with the Yoast SEO plugin v27.0 - https:\/\/yoast.com\/product\/yoast-seo-wordpress\/ -->\n<title>Lazer Triple-R 850 extraljusramp 12,7&quot; (322 mm) pos.ljus - Xenonkungen<\/title>\n<meta name=\"robots\" content=\"index, follow, max-snippet:-1, max-image-preview:large, max-video-preview:-1\" \/>\n<link rel=\"canonical\" href=\"https:\/\/xenonkungen.com\/no\/produkt\/lazer-triple-r-850-ekstra-lysbjelke-127-322-mm-poslys\/\" \/>\n<meta property=\"og:locale\" content=\"nb_NO\" \/>\n<meta property=\"og:type\" content=\"article\" \/>\n<meta property=\"og:title\" content=\"Lazer Triple-R 850 extraljusramp 12,7&quot; (322 mm) pos.ljus - Xenonkungen\" \/>\n<meta property=\"og:description\" content=\"Lazer Triple-R \u2013 R\u00e5styrka och precision i ett kompakt format Lazer Triple-R-serien \u00e4r skapad f\u00f6r att m\u00f6ta de h\u00f6gt st\u00e4llda kraven fr\u00e5n professionell rally- och motorsport \u2013 och levererar nu samma prestanda till din personbil, pickup eller tunga lastbil. Oavsett om du k\u00f6r p\u00e5 landsv\u00e4g, i skogen eller p\u00e5 t\u00e4vlingsbana f\u00e5r du en ljusupplevelse i [&hellip;]\" \/>\n<meta property=\"og:url\" content=\"https:\/\/xenonkungen.com\/no\/produkt\/lazer-triple-r-850-ekstra-lysbjelke-127-322-mm-poslys\/\" \/>\n<meta property=\"og:site_name\" content=\"Xenonkungen\" \/>\n<meta property=\"article:modified_time\" content=\"2026-04-24T16:24:16+00:00\" \/>\n<meta property=\"og:image\" content=\"https:\/\/xenonkungen.com\/wp-content\/uploads\/2025\/04\/159232_itemimage_mainfront.jpg\" \/>\n\t<meta property=\"og:image:width\" content=\"2048\" \/>\n\t<meta property=\"og:image:height\" content=\"1536\" \/>\n\t<meta property=\"og:image:type\" content=\"image\/jpeg\" \/>\n<meta name=\"twitter:card\" content=\"summary_large_image\" \/>\n<meta name=\"twitter:label1\" content=\"Ansl. lesetid\" \/>\n\t<meta name=\"twitter:data1\" content=\"2 minutter\" \/>\n<script type=\"application\/ld+json\" class=\"yoast-schema-graph\">{\"@context\":\"https:\/\/schema.org\",\"@graph\":[{\"@type\":\"WebPage\",\"@id\":\"https:\/\/xenonkungen.com\/produkt\/lazer-triple-r-850-extraljusramp-127-322-mm-pos-ljus\/\",\"url\":\"https:\/\/xenonkungen.com\/produkt\/lazer-triple-r-850-extraljusramp-127-322-mm-pos-ljus\/\",\"name\":\"Lazer Triple-R 850 extraljusramp 12,7\\\" (322 mm) pos.ljus - Xenonkungen\",\"isPartOf\":{\"@id\":\"https:\/\/xenonkungen.com\/#website\"},\"primaryImageOfPage\":{\"@id\":\"https:\/\/xenonkungen.com\/produkt\/lazer-triple-r-850-extraljusramp-127-322-mm-pos-ljus\/#primaryimage\"},\"image\":{\"@id\":\"https:\/\/xenonkungen.com\/produkt\/lazer-triple-r-850-extraljusramp-127-322-mm-pos-ljus\/#primaryimage\"},\"thumbnailUrl\":\"https:\/\/xenonkungen.com\/wp-content\/uploads\/2025\/04\/159232_itemimage_mainfront.jpg\",\"datePublished\":\"2025-04-15T09:08:32+00:00\",\"dateModified\":\"2026-04-24T16:24:16+00:00\",\"breadcrumb\":{\"@id\":\"https:\/\/xenonkungen.com\/produkt\/lazer-triple-r-850-extraljusramp-127-322-mm-pos-ljus\/#breadcrumb\"},\"inLanguage\":\"nb-NO\",\"potentialAction\":[{\"@type\":\"ReadAction\",\"target\":[\"https:\/\/xenonkungen.com\/produkt\/lazer-triple-r-850-extraljusramp-127-322-mm-pos-ljus\/\"]}]},{\"@type\":\"ImageObject\",\"inLanguage\":\"nb-NO\",\"@id\":\"https:\/\/xenonkungen.com\/produkt\/lazer-triple-r-850-extraljusramp-127-322-mm-pos-ljus\/#primaryimage\",\"url\":\"https:\/\/xenonkungen.com\/wp-content\/uploads\/2025\/04\/159232_itemimage_mainfront.jpg\",\"contentUrl\":\"https:\/\/xenonkungen.com\/wp-content\/uploads\/2025\/04\/159232_itemimage_mainfront.jpg\",\"width\":2048,\"height\":1536},{\"@type\":\"BreadcrumbList\",\"@id\":\"https:\/\/xenonkungen.com\/produkt\/lazer-triple-r-850-extraljusramp-127-322-mm-pos-ljus\/#breadcrumb\",\"itemListElement\":[{\"@type\":\"ListItem\",\"position\":1,\"name\":\"Hem\",\"item\":\"https:\/\/xenonkungen.com\/\"},{\"@type\":\"ListItem\",\"position\":2,\"name\":\"Shop\",\"item\":\"https:\/\/xenonkungen.com\/shop\/\"},{\"@type\":\"ListItem\",\"position\":3,\"name\":\"Lazer Triple-R 850 extraljusramp 12,7&#8243; (322 mm) pos.ljus\"}]},{\"@type\":\"WebSite\",\"@id\":\"https:\/\/xenonkungen.com\/#website\",\"url\":\"https:\/\/xenonkungen.com\/\",\"name\":\"Xenonkungen\",\"description\":\"\",\"potentialAction\":[{\"@type\":\"SearchAction\",\"target\":{\"@type\":\"EntryPoint\",\"urlTemplate\":\"https:\/\/xenonkungen.com\/?s={search_term_string}\"},\"query-input\":{\"@type\":\"PropertyValueSpecification\",\"valueRequired\":true,\"valueName\":\"search_term_string\"}}],\"inLanguage\":\"nb-NO\"}]}<\/script>\n<!-- \/ Yoast SEO plugin. -->","yoast_head_json":{"title":"Lazer Triple-R 850 ekstra lysbjelke 12,7&quot; (322 mm) posisjonslys - Xenonkungen","robots":{"index":"index","follow":"follow","max-snippet":"max-snippet:-1","max-image-preview":"max-image-preview:large","max-video-preview":"max-video-preview:-1"},"canonical":"https:\/\/xenonkungen.com\/no\/produkt\/lazer-triple-r-850-ekstra-lysbjelke-127-322-mm-poslys\/","og_locale":"nb_NO","og_type":"article","og_title":"Lazer Triple-R 850 extraljusramp 12,7\" (322 mm) pos.ljus - Xenonkungen","og_description":"Lazer Triple-R \u2013 R\u00e5styrka och precision i ett kompakt format Lazer Triple-R-serien \u00e4r skapad f\u00f6r att m\u00f6ta de h\u00f6gt st\u00e4llda kraven fr\u00e5n professionell rally- och motorsport \u2013 och levererar nu samma prestanda till din personbil, pickup eller tunga lastbil. Oavsett om du k\u00f6r p\u00e5 landsv\u00e4g, i skogen eller p\u00e5 t\u00e4vlingsbana f\u00e5r du en ljusupplevelse i [&hellip;]","og_url":"https:\/\/xenonkungen.com\/no\/produkt\/lazer-triple-r-850-ekstra-lysbjelke-127-322-mm-poslys\/","og_site_name":"Xenonkungen","article_modified_time":"2026-04-24T16:24:16+00:00","og_image":[{"width":2048,"height":1536,"url":"https:\/\/xenonkungen.com\/wp-content\/uploads\/2025\/04\/159232_itemimage_mainfront.jpg","type":"image\/jpeg"}],"twitter_card":"summary_large_image","twitter_misc":{"Ansl. lesetid":"2 minutter"},"schema":{"@context":"https:\/\/schema.org","@graph":[{"@type":"WebPage","@id":"https:\/\/xenonkungen.com\/produkt\/lazer-triple-r-850-extraljusramp-127-322-mm-pos-ljus\/","url":"https:\/\/xenonkungen.com\/produkt\/lazer-triple-r-850-extraljusramp-127-322-mm-pos-ljus\/","name":"Lazer Triple-R 850 ekstra lysbjelke 12,7&quot; (322 mm) posisjonslys - Xenonkungen","isPartOf":{"@id":"https:\/\/xenonkungen.com\/#website"},"primaryImageOfPage":{"@id":"https:\/\/xenonkungen.com\/produkt\/lazer-triple-r-850-extraljusramp-127-322-mm-pos-ljus\/#primaryimage"},"image":{"@id":"https:\/\/xenonkungen.com\/produkt\/lazer-triple-r-850-extraljusramp-127-322-mm-pos-ljus\/#primaryimage"},"thumbnailUrl":"https:\/\/xenonkungen.com\/wp-content\/uploads\/2025\/04\/159232_itemimage_mainfront.jpg","datePublished":"2025-04-15T09:08:32+00:00","dateModified":"2026-04-24T16:24:16+00:00","breadcrumb":{"@id":"https:\/\/xenonkungen.com\/produkt\/lazer-triple-r-850-extraljusramp-127-322-mm-pos-ljus\/#breadcrumb"},"inLanguage":"nb-NO","potentialAction":[{"@type":"ReadAction","target":["https:\/\/xenonkungen.com\/produkt\/lazer-triple-r-850-extraljusramp-127-322-mm-pos-ljus\/"]}]},{"@type":"ImageObject","inLanguage":"nb-NO","@id":"https:\/\/xenonkungen.com\/produkt\/lazer-triple-r-850-extraljusramp-127-322-mm-pos-ljus\/#primaryimage","url":"https:\/\/xenonkungen.com\/wp-content\/uploads\/2025\/04\/159232_itemimage_mainfront.jpg","contentUrl":"https:\/\/xenonkungen.com\/wp-content\/uploads\/2025\/04\/159232_itemimage_mainfront.jpg","width":2048,"height":1536},{"@type":"BreadcrumbList","@id":"https:\/\/xenonkungen.com\/produkt\/lazer-triple-r-850-extraljusramp-127-322-mm-pos-ljus\/#breadcrumb","itemListElement":[{"@type":"ListItem","position":1,"name":"Hem","item":"https:\/\/xenonkungen.com\/"},{"@type":"ListItem","position":2,"name":"Shop","item":"https:\/\/xenonkungen.com\/shop\/"},{"@type":"ListItem","position":3,"name":"Lazer Triple-R 850 extraljusramp 12,7&#8243; (322 mm) pos.ljus"}]},{"@type":"WebSite","@id":"https:\/\/xenonkungen.com\/#website","url":"https:\/\/xenonkungen.com\/","name":"Xenonkungen","description":"","potentialAction":[{"@type":"SearchAction","target":{"@type":"EntryPoint","urlTemplate":"https:\/\/xenonkungen.com\/?s={search_term_string}"},"query-input":{"@type":"PropertyValueSpecification","valueRequired":true,"valueName":"search_term_string"}}],"inLanguage":"nb-NO"}]}},"taxonomy_info":{"product_brand":[{"value":1124,"label":"Lazer"}],"product_cat":[{"value":2561,"label":"Lazer"},{"value":2966,"label":"Ledramp Rak"},{"value":2539,"label":"LEDRAMPER"}],"product_tag":[{"value":2735,"label":"Lazer"}],"pa_fargtemperatur":[{"value":154,"label":"5000K"}],"pa_fuktskydd-varde-ipxx":[{"value":333,"label":"IP67"}],"pa_godkannande":[{"value":1123,"label":"ECE, R112"}],"pa_led-chips-effekt-w":[{"value":1319,"label":"66"}],"pa_storlek-mm":[{"value":1341,"label":"322x73x105"}],"pa_stromforbrukning":[{"value":1342,"label":"4,6A@14,4V"}],"pa_volt-v":[{"value":1084,"label":"Multivolt, 10, 12, 16, 18, 24, 28, 30, 32"}]},"featured_image_src_large":["https:\/\/xenonkungen.com\/wp-content\/uploads\/2025\/04\/159232_itemimage_mainfront-1024x768.jpg",1024,768,true],"author_info":[],"comment_info":0,"_links":{"self":[{"href":"https:\/\/xenonkungen.com\/no\/wp-json\/wp\/v2\/product\/4239","targetHints":{"allow":["GET"]}}],"collection":[{"href":"https:\/\/xenonkungen.com\/no\/wp-json\/wp\/v2\/product"}],"about":[{"href":"https:\/\/xenonkungen.com\/no\/wp-json\/wp\/v2\/types\/product"}],"replies":[{"embeddable":true,"href":"https:\/\/xenonkungen.com\/no\/wp-json\/wp\/v2\/comments?post=4239"}],"wp:featuredmedia":[{"embeddable":true,"href":"https:\/\/xenonkungen.com\/no\/wp-json\/wp\/v2\/media\/4240"}],"wp:attachment":[{"href":"https:\/\/xenonkungen.com\/no\/wp-json\/wp\/v2\/media?parent=4239"}],"wp:term":[{"taxonomy":"anvandningsomrade","embeddable":true,"href":"https:\/\/xenonkungen.com\/no\/wp-json\/wp\/v2\/anvandningsomrade?post=4239"},{"taxonomy":"bilmarken","embeddable":true,"href":"https:\/\/xenonkungen.com\/no\/wp-json\/wp\/v2\/bilmarken?post=4239"},{"taxonomy":"product_brand","embeddable":true,"href":"https:\/\/xenonkungen.com\/no\/wp-json\/wp\/v2\/product_brand?post=4239"},{"taxonomy":"product_cat","embeddable":true,"href":"https:\/\/xenonkungen.com\/no\/wp-json\/wp\/v2\/product_cat?post=4239"},{"taxonomy":"product_tag","embeddable":true,"href":"https:\/\/xenonkungen.com\/no\/wp-json\/wp\/v2\/product_tag?post=4239"}],"curies":[{"name":"wp","href":"https:\/\/api.w.org\/{rel}","templated":true}]}}