{"id":4252,"date":"2025-04-15T09:08:32","date_gmt":"2025-04-15T09:08:32","guid":{"rendered":"https:\/\/xenonkungen.com\/product\/lazer-triple-r-1000std-extraljusramp-157-410-mm-pos-lj\/"},"modified":"2026-04-24T17:24:19","modified_gmt":"2026-04-24T16:24:19","slug":"lazer-triple-r-1000std-ekstra-lysrampe-157-410-mm-pos-lj","status":"publish","type":"product","link":"https:\/\/xenonkungen.com\/no\/produkt\/lazer-triple-r-1000std-ekstra-lysrampe-157-410-mm-pos-lj\/","title":{"rendered":"Lazer Triple-R 1000Std ekstra lett rampe 15,7\u2033 (410 mm) pos.lj"},"content":{"rendered":"<h1>Linear by Lazers: Ekstra lette ramper av h\u00f8yeste kvalitet for hverdagsbruk<\/h1>\n<p>Linear er Lazers premiumserie av kj\u00f8relys, tilgjengelig i b\u00e5de Standard- og Elite-versjoner. Alle produktene i Linear-serien gir h\u00f8yest mulig lysytelse, og alt dette leveres i en elegant, slank og aerodynamisk design.<\/p>\n<h2>Enkel installasjon og effektiv belysning<\/h2>\n<p>Med de medf\u00f8lgende rustfrie st\u00e5lbrakettene er Linear-rampene enkle \u00e5 montere og gir en enest\u00e5ende belysning p\u00e5 veien. Linear Standard er tilgjengelig i seks forskjellige lengder, fra 232 til 1282 mm, med en h\u00f8yde og dybde p\u00e5 bare henholdsvis 40 mm og 62 mm. Denne kompakte st\u00f8rrelsen gj\u00f8r den ideell selv for montering p\u00e5 trange steder.<\/p>\n<h2>Overlegen lysytelse med LED-teknologi<\/h2>\n<p>Hver rampe er utstyrt med en rekke 3W LED-lamper av h\u00f8y kvalitet, strategisk plassert bak en uknuselig polykarbonatlinse. Linsen er belagt for \u00e5 effektivt avvise sn\u00f8 og smuss som kan p\u00e5virke lysutbyttet negativt.<\/p>\n<h2>Minimalistisk og tilpasningsdyktig design<\/h2>\n<p>Takket v\u00e6re det lette lampehuset i aluminium og de slanke dimensjonene er vekten p\u00e5 rampene holdt p\u00e5 et minimum. I tillegg s\u00f8rger den aerodynamiske designen for at rampene smelter optimalt inn, uansett om du velger \u00e5 montere dem foran eller p\u00e5 taket av bilen.<\/p>\n<h2>Line\u00e6r standard: En rampe for fremtiden<\/h2>\n<p>Med Linear Standard kan du stole p\u00e5 jevn belysning av h\u00f8y kvalitet i mange \u00e5r fremover!<\/p>\n<p>Linear Standard ekstralysbjelker leveres med 5 \u00e5rs funksjonsgaranti. Sikkerhet og p\u00e5litelighet i lang tid fremover!<\/p>","protected":false},"excerpt":{"rendered":"<p>Linear av Lazers: Extraljusramper av H\u00f6gsta Kvalitet f\u00f6r Dagligt Bruk Linear \u00e4r Lazers premiumserie av extraljusramper f\u00f6r dagligt bruk, tillg\u00e4ngliga i b\u00e5de Standard och Elite-utf\u00f6randen. Varje produkt i Linear-serien erbjuder h\u00f6gsta m\u00f6jliga ljusprestanda, och allt detta kommer i en snygg, slimmad och aerodynamisk design. Enkel Montering och Effektiv Belysning Med de medf\u00f6ljande rostfria f\u00e4stena \u00e4r [&hellip;]<\/p>","protected":false},"featured_media":4253,"comment_status":"closed","ping_status":"open","template":"","meta":{"_acf_changed":false,"_smort_price_nok":"6804","_smort_price_dkk":"4322","_smort_price_eur":"579.06","_smort_sale_price_nok":"","_smort_sale_price_dkk":"","_smort_sale_price_eur":"","smort_restorder":"","shipmondo_restorder":"","_kad_blocks_custom_css":"","_kad_blocks_head_custom_js":"","_kad_blocks_body_custom_js":"","_kad_blocks_footer_custom_js":"","smort_custom_pricelist_1":"4000","smort_custom_pricelist_2":"4000","smort_custom_pricelist_3":"4000","smort_custom_pricelist_4":"5000","smort_custom_pricelist_5":"4000"},"anvandningsomrade":[],"bilmarken":[],"product_brand":[1124],"product_cat":[2561,2966,2539],"product_tag":[2735],"class_list":{"0":"post-4252","1":"product","2":"type-product","3":"status-publish","4":"has-post-thumbnail","6":"product_brand-lazer","7":"product_cat-lazer","8":"product_cat-ledramp-rak","9":"product_cat-ledramper","10":"product_tag-lazer","11":"pa_fargtemperatur-5000k","12":"pa_fuktskydd-varde-ipxx-ip67","13":"pa_godkannande-ece-r112","14":"pa_lampsockel-kontakt-superseal","15":"pa_led-chips-effekt-w-1345","16":"pa_storlek-mm-1132x62x40","17":"pa_stromforbrukning-102a144v","18":"pa_volt-v-multivolt-10-12-16-18-24-28-30-32","20":"first","21":"onbackorder","22":"taxable","23":"shipping-taxable","24":"purchasable","25":"product-type-simple"},"bundled_by":[],"bundle_stock_status":"onbackorder","bundle_stock_quantity":0,"bundle_virtual":false,"bundle_layout":"","bundle_add_to_cart_form_location":"","bundle_editable_in_cart":false,"bundle_sold_individually_context":"","bundle_item_grouping":"","bundle_min_size":"","bundle_max_size":"","bundle_price":[],"bundled_items":[],"bundle_sell_ids":[],"acf":[],"yoast_head":"<!-- This site is optimized with the Yoast SEO plugin v27.0 - https:\/\/yoast.com\/product\/yoast-seo-wordpress\/ -->\n<title>Lazer Triple-R 1000Std extraljusramp 15,7&quot; (410 mm) pos.lj - Xenonkungen<\/title>\n<meta name=\"robots\" content=\"index, follow, max-snippet:-1, max-image-preview:large, max-video-preview:-1\" \/>\n<link rel=\"canonical\" href=\"https:\/\/xenonkungen.com\/no\/produkt\/lazer-triple-r-1000std-ekstra-lysrampe-157-410-mm-pos-lj\/\" \/>\n<meta property=\"og:locale\" content=\"nb_NO\" \/>\n<meta property=\"og:type\" content=\"article\" \/>\n<meta property=\"og:title\" content=\"Lazer Triple-R 1000Std extraljusramp 15,7&quot; (410 mm) pos.lj - Xenonkungen\" \/>\n<meta property=\"og:description\" content=\"Linear av Lazers: Extraljusramper av H\u00f6gsta Kvalitet f\u00f6r Dagligt Bruk Linear \u00e4r Lazers premiumserie av extraljusramper f\u00f6r dagligt bruk, tillg\u00e4ngliga i b\u00e5de Standard och Elite-utf\u00f6randen. Varje produkt i Linear-serien erbjuder h\u00f6gsta m\u00f6jliga ljusprestanda, och allt detta kommer i en snygg, slimmad och aerodynamisk design. Enkel Montering och Effektiv Belysning Med de medf\u00f6ljande rostfria f\u00e4stena \u00e4r [&hellip;]\" \/>\n<meta property=\"og:url\" content=\"https:\/\/xenonkungen.com\/no\/produkt\/lazer-triple-r-1000std-ekstra-lysrampe-157-410-mm-pos-lj\/\" \/>\n<meta property=\"og:site_name\" content=\"Xenonkungen\" \/>\n<meta property=\"article:modified_time\" content=\"2026-04-24T16:24:19+00:00\" \/>\n<meta property=\"og:image\" content=\"https:\/\/xenonkungen.com\/wp-content\/uploads\/2025\/04\/159234_itemimage_mainfront.jpg\" \/>\n\t<meta property=\"og:image:width\" content=\"2048\" \/>\n\t<meta property=\"og:image:height\" content=\"1536\" \/>\n\t<meta property=\"og:image:type\" content=\"image\/jpeg\" \/>\n<meta name=\"twitter:card\" content=\"summary_large_image\" \/>\n<meta name=\"twitter:label1\" content=\"Ansl. lesetid\" \/>\n\t<meta name=\"twitter:data1\" content=\"1 minutt\" \/>\n<script type=\"application\/ld+json\" class=\"yoast-schema-graph\">{\"@context\":\"https:\/\/schema.org\",\"@graph\":[{\"@type\":\"WebPage\",\"@id\":\"https:\/\/xenonkungen.com\/en\/product\/lazer-triple-r-1000std-extra-light-ramp-157-410-mm-pos-lj\/\",\"url\":\"https:\/\/xenonkungen.com\/en\/product\/lazer-triple-r-1000std-extra-light-ramp-157-410-mm-pos-lj\/\",\"name\":\"Lazer Triple-R 1000Std extraljusramp 15,7\\\" (410 mm) pos.lj - Xenonkungen\",\"isPartOf\":{\"@id\":\"https:\/\/xenonkungen.com\/#website\"},\"primaryImageOfPage\":{\"@id\":\"https:\/\/xenonkungen.com\/en\/product\/lazer-triple-r-1000std-extra-light-ramp-157-410-mm-pos-lj\/#primaryimage\"},\"image\":{\"@id\":\"https:\/\/xenonkungen.com\/en\/product\/lazer-triple-r-1000std-extra-light-ramp-157-410-mm-pos-lj\/#primaryimage\"},\"thumbnailUrl\":\"https:\/\/xenonkungen.com\/wp-content\/uploads\/2025\/04\/159234_itemimage_mainfront.jpg\",\"datePublished\":\"2025-04-15T09:08:32+00:00\",\"dateModified\":\"2026-04-24T16:24:19+00:00\",\"breadcrumb\":{\"@id\":\"https:\/\/xenonkungen.com\/en\/product\/lazer-triple-r-1000std-extra-light-ramp-157-410-mm-pos-lj\/#breadcrumb\"},\"inLanguage\":\"nb-NO\",\"potentialAction\":[{\"@type\":\"ReadAction\",\"target\":[\"https:\/\/xenonkungen.com\/en\/product\/lazer-triple-r-1000std-extra-light-ramp-157-410-mm-pos-lj\/\"]}]},{\"@type\":\"ImageObject\",\"inLanguage\":\"nb-NO\",\"@id\":\"https:\/\/xenonkungen.com\/en\/product\/lazer-triple-r-1000std-extra-light-ramp-157-410-mm-pos-lj\/#primaryimage\",\"url\":\"https:\/\/xenonkungen.com\/wp-content\/uploads\/2025\/04\/159234_itemimage_mainfront.jpg\",\"contentUrl\":\"https:\/\/xenonkungen.com\/wp-content\/uploads\/2025\/04\/159234_itemimage_mainfront.jpg\",\"width\":2048,\"height\":1536},{\"@type\":\"BreadcrumbList\",\"@id\":\"https:\/\/xenonkungen.com\/en\/product\/lazer-triple-r-1000std-extra-light-ramp-157-410-mm-pos-lj\/#breadcrumb\",\"itemListElement\":[{\"@type\":\"ListItem\",\"position\":1,\"name\":\"Hem\",\"item\":\"https:\/\/xenonkungen.com\/\"},{\"@type\":\"ListItem\",\"position\":2,\"name\":\"Shop\",\"item\":\"https:\/\/xenonkungen.com\/shop\/\"},{\"@type\":\"ListItem\",\"position\":3,\"name\":\"Lazer Triple-R 1000Std extraljusramp 15,7&#8243; (410 mm) pos.lj\"}]},{\"@type\":\"WebSite\",\"@id\":\"https:\/\/xenonkungen.com\/#website\",\"url\":\"https:\/\/xenonkungen.com\/\",\"name\":\"Xenonkungen\",\"description\":\"\",\"potentialAction\":[{\"@type\":\"SearchAction\",\"target\":{\"@type\":\"EntryPoint\",\"urlTemplate\":\"https:\/\/xenonkungen.com\/?s={search_term_string}\"},\"query-input\":{\"@type\":\"PropertyValueSpecification\",\"valueRequired\":true,\"valueName\":\"search_term_string\"}}],\"inLanguage\":\"nb-NO\"}]}<\/script>\n<!-- \/ Yoast SEO plugin. -->","yoast_head_json":{"title":"Lazer Triple-R 1000Std ekstralysbjelke 15,7&quot; (410 mm) pos.lj - Xenonkungen","robots":{"index":"index","follow":"follow","max-snippet":"max-snippet:-1","max-image-preview":"max-image-preview:large","max-video-preview":"max-video-preview:-1"},"canonical":"https:\/\/xenonkungen.com\/no\/produkt\/lazer-triple-r-1000std-ekstra-lysrampe-157-410-mm-pos-lj\/","og_locale":"nb_NO","og_type":"article","og_title":"Lazer Triple-R 1000Std extraljusramp 15,7\" (410 mm) pos.lj - Xenonkungen","og_description":"Linear av Lazers: Extraljusramper av H\u00f6gsta Kvalitet f\u00f6r Dagligt Bruk Linear \u00e4r Lazers premiumserie av extraljusramper f\u00f6r dagligt bruk, tillg\u00e4ngliga i b\u00e5de Standard och Elite-utf\u00f6randen. Varje produkt i Linear-serien erbjuder h\u00f6gsta m\u00f6jliga ljusprestanda, och allt detta kommer i en snygg, slimmad och aerodynamisk design. Enkel Montering och Effektiv Belysning Med de medf\u00f6ljande rostfria f\u00e4stena \u00e4r [&hellip;]","og_url":"https:\/\/xenonkungen.com\/no\/produkt\/lazer-triple-r-1000std-ekstra-lysrampe-157-410-mm-pos-lj\/","og_site_name":"Xenonkungen","article_modified_time":"2026-04-24T16:24:19+00:00","og_image":[{"width":2048,"height":1536,"url":"https:\/\/xenonkungen.com\/wp-content\/uploads\/2025\/04\/159234_itemimage_mainfront.jpg","type":"image\/jpeg"}],"twitter_card":"summary_large_image","twitter_misc":{"Ansl. lesetid":"1 minutt"},"schema":{"@context":"https:\/\/schema.org","@graph":[{"@type":"WebPage","@id":"https:\/\/xenonkungen.com\/en\/product\/lazer-triple-r-1000std-extra-light-ramp-157-410-mm-pos-lj\/","url":"https:\/\/xenonkungen.com\/en\/product\/lazer-triple-r-1000std-extra-light-ramp-157-410-mm-pos-lj\/","name":"Lazer Triple-R 1000Std ekstralysbjelke 15,7&quot; (410 mm) pos.lj - Xenonkungen","isPartOf":{"@id":"https:\/\/xenonkungen.com\/#website"},"primaryImageOfPage":{"@id":"https:\/\/xenonkungen.com\/en\/product\/lazer-triple-r-1000std-extra-light-ramp-157-410-mm-pos-lj\/#primaryimage"},"image":{"@id":"https:\/\/xenonkungen.com\/en\/product\/lazer-triple-r-1000std-extra-light-ramp-157-410-mm-pos-lj\/#primaryimage"},"thumbnailUrl":"https:\/\/xenonkungen.com\/wp-content\/uploads\/2025\/04\/159234_itemimage_mainfront.jpg","datePublished":"2025-04-15T09:08:32+00:00","dateModified":"2026-04-24T16:24:19+00:00","breadcrumb":{"@id":"https:\/\/xenonkungen.com\/en\/product\/lazer-triple-r-1000std-extra-light-ramp-157-410-mm-pos-lj\/#breadcrumb"},"inLanguage":"nb-NO","potentialAction":[{"@type":"ReadAction","target":["https:\/\/xenonkungen.com\/en\/product\/lazer-triple-r-1000std-extra-light-ramp-157-410-mm-pos-lj\/"]}]},{"@type":"ImageObject","inLanguage":"nb-NO","@id":"https:\/\/xenonkungen.com\/en\/product\/lazer-triple-r-1000std-extra-light-ramp-157-410-mm-pos-lj\/#primaryimage","url":"https:\/\/xenonkungen.com\/wp-content\/uploads\/2025\/04\/159234_itemimage_mainfront.jpg","contentUrl":"https:\/\/xenonkungen.com\/wp-content\/uploads\/2025\/04\/159234_itemimage_mainfront.jpg","width":2048,"height":1536},{"@type":"BreadcrumbList","@id":"https:\/\/xenonkungen.com\/en\/product\/lazer-triple-r-1000std-extra-light-ramp-157-410-mm-pos-lj\/#breadcrumb","itemListElement":[{"@type":"ListItem","position":1,"name":"Hem","item":"https:\/\/xenonkungen.com\/"},{"@type":"ListItem","position":2,"name":"Shop","item":"https:\/\/xenonkungen.com\/shop\/"},{"@type":"ListItem","position":3,"name":"Lazer Triple-R 1000Std extraljusramp 15,7&#8243; (410 mm) pos.lj"}]},{"@type":"WebSite","@id":"https:\/\/xenonkungen.com\/#website","url":"https:\/\/xenonkungen.com\/","name":"Xenonkungen","description":"","potentialAction":[{"@type":"SearchAction","target":{"@type":"EntryPoint","urlTemplate":"https:\/\/xenonkungen.com\/?s={search_term_string}"},"query-input":{"@type":"PropertyValueSpecification","valueRequired":true,"valueName":"search_term_string"}}],"inLanguage":"nb-NO"}]}},"taxonomy_info":{"product_brand":[{"value":1124,"label":"Lazer"}],"product_cat":[{"value":2561,"label":"Lazer"},{"value":2966,"label":"Ledramp Rak"},{"value":2539,"label":"LEDRAMPER"}],"product_tag":[{"value":2735,"label":"Lazer"}],"pa_fargtemperatur":[{"value":154,"label":"5000K"}],"pa_fuktskydd-varde-ipxx":[{"value":333,"label":"IP67"}],"pa_godkannande":[{"value":1123,"label":"ECE, R112"}],"pa_lampsockel-kontakt":[{"value":1122,"label":"Superseal"}],"pa_led-chips-effekt-w":[{"value":1345,"label":"147"}],"pa_storlek-mm":[{"value":1344,"label":"1132x62x40"}],"pa_stromforbrukning":[{"value":1346,"label":"10,2A@14,4V"}],"pa_volt-v":[{"value":1084,"label":"Multivolt, 10, 12, 16, 18, 24, 28, 30, 32"}]},"featured_image_src_large":["https:\/\/xenonkungen.com\/wp-content\/uploads\/2025\/04\/159234_itemimage_mainfront-1024x768.jpg",1024,768,true],"author_info":[],"comment_info":0,"_links":{"self":[{"href":"https:\/\/xenonkungen.com\/no\/wp-json\/wp\/v2\/product\/4252","targetHints":{"allow":["GET"]}}],"collection":[{"href":"https:\/\/xenonkungen.com\/no\/wp-json\/wp\/v2\/product"}],"about":[{"href":"https:\/\/xenonkungen.com\/no\/wp-json\/wp\/v2\/types\/product"}],"replies":[{"embeddable":true,"href":"https:\/\/xenonkungen.com\/no\/wp-json\/wp\/v2\/comments?post=4252"}],"wp:featuredmedia":[{"embeddable":true,"href":"https:\/\/xenonkungen.com\/no\/wp-json\/wp\/v2\/media\/4253"}],"wp:attachment":[{"href":"https:\/\/xenonkungen.com\/no\/wp-json\/wp\/v2\/media?parent=4252"}],"wp:term":[{"taxonomy":"anvandningsomrade","embeddable":true,"href":"https:\/\/xenonkungen.com\/no\/wp-json\/wp\/v2\/anvandningsomrade?post=4252"},{"taxonomy":"bilmarken","embeddable":true,"href":"https:\/\/xenonkungen.com\/no\/wp-json\/wp\/v2\/bilmarken?post=4252"},{"taxonomy":"product_brand","embeddable":true,"href":"https:\/\/xenonkungen.com\/no\/wp-json\/wp\/v2\/product_brand?post=4252"},{"taxonomy":"product_cat","embeddable":true,"href":"https:\/\/xenonkungen.com\/no\/wp-json\/wp\/v2\/product_cat?post=4252"},{"taxonomy":"product_tag","embeddable":true,"href":"https:\/\/xenonkungen.com\/no\/wp-json\/wp\/v2\/product_tag?post=4252"}],"curies":[{"name":"wp","href":"https:\/\/api.w.org\/{rel}","templated":true}]}}