{"id":4314,"date":"2025-04-15T09:10:36","date_gmt":"2025-04-15T09:10:36","guid":{"rendered":"https:\/\/xenonkungen.com\/product\/lazer-utility-80-arbetslampa-med-slimline-faste\/"},"modified":"2026-04-24T17:24:34","modified_gmt":"2026-04-24T16:24:34","slug":"lazer-utility-80-arbeidslampe-med-slank-feste","status":"publish","type":"product","link":"https:\/\/xenonkungen.com\/no\/produkt\/lazer-utility-80-arbeidslampe-med-slank-feste\/","title":{"rendered":"Lazer Utility 80 arbeidslys med Slimline-brakett"},"content":{"rendered":"<h1 class=\"\">Lazer Utility 80 arbeidslys med Slimline-brakett<\/h1>\n<p>Utility 80 med Slimline Bracket-arbeidslys er Lazers utvalg av LED-arbeidslys og -tilbeh\u00f8r med h\u00f8y ytelse, som kombinerer h\u00f8yeffektive LED-systemer med patents\u00f8kte designfunksjoner for \u00e5 maksimere lysstyrke, funksjonalitet og p\u00e5litelighet. Utility-serien er utformet for \u00e5 t\u00e5le de t\u00f8ffeste milj\u00f8er, og t\u00e5ler vibrasjoner, korrosjon, st\u00f8t og vanninntrengning. Velg mellom 25 W, 45 W eller 80 W - eller hvis du foretrekker det - mye, mer eller mest lys! Den h\u00f8ye effekten kan opprettholdes i lang tid takket v\u00e6re et innovativt CAE-optimalisert kj\u00f8lesystem som s\u00f8rger for at varmen ledes effektivt ut av lampen.<\/p>\n<p>Alle lampene i Utility-serien er sm\u00e5 og kompakte og leverer en imponerende lysmengde og -kvalitet. Ultrareflekterende, vakuummetallisert optikk, designet og konstruert ved hjelp av den mest avanserte programvaren for CAD-design og lyssimulering, gir en jevn lysstr\u00f8m over et stort omr\u00e5de rundt kj\u00f8ret\u00f8yet som alltid er sterkt opplyst. Lysdiodene er n\u00f8ye utvalgt og har en fargetemperatur p\u00e5 5000K, noe som har vist seg \u00e5 maksimere skarpheten og samtidig redusere tretthet og belastning som kan oppst\u00e5 ved bruk av h\u00f8yere fargeskalaer.<\/p>\n<p>Lampene (Utility-45 og 80 er ogs\u00e5 tilgjengelige uten ADR-merking). Utility-25 har EMC-merking CISPR-25 (klasse 5), mens Utility-45 og 80 har CISPR-25 (klasse 3).<\/p>","protected":false},"excerpt":{"rendered":"<p>Lazer Utility 80 arbetslampa med Slimline-f\u00e4ste Utility 80 med Slimline-f\u00e4ste arbetslampa \u00e4r Lazers serie med h\u00f6gpresterande LED-arbetslampor och tillbeh\u00f6r, som kombinerar h\u00f6geffektiva LED-system med patents\u00f6kta designfunktioner f\u00f6r att maximera ljusstyrka, funktionalitet och tillf\u00f6rlitlighet. Utility-serien \u00e4r framtagen f\u00f6r att klara av de allra tuffaste milj\u00f6erna och st\u00e5 emot b\u00e5de vibrationer, korrosion, st\u00f6tar och intr\u00e4ngande vatten. V\u00e4lj [&hellip;]<\/p>","protected":false},"featured_media":4315,"comment_status":"closed","ping_status":"open","template":"","meta":{"_acf_changed":false,"_smort_price_nok":"3407","_smort_price_dkk":"2165","_smort_price_eur":"289.99","_smort_sale_price_nok":"","_smort_sale_price_dkk":"","_smort_sale_price_eur":"","smort_restorder":"","shipmondo_restorder":"","_kad_blocks_custom_css":"","_kad_blocks_head_custom_js":"","_kad_blocks_body_custom_js":"","_kad_blocks_footer_custom_js":"","smort_custom_pricelist_1":"2121.6","smort_custom_pricelist_2":"2121.6","smort_custom_pricelist_3":"2121.6","smort_custom_pricelist_4":"2652","smort_custom_pricelist_5":"2121.6"},"anvandningsomrade":[],"bilmarken":[],"product_brand":[1124],"product_cat":[2597,508],"product_tag":[2735],"class_list":{"0":"post-4314","1":"product","2":"type-product","3":"status-publish","4":"has-post-thumbnail","6":"product_brand-lazer","7":"product_cat-lazer-arbetsbelysning","8":"product_cat-arbetsbelysning","9":"product_tag-lazer","10":"pa_fargtemperatur-5000k","11":"pa_fuktskydd-varde-ipxx-ip67","12":"pa_lampsockel-kontakt-dt","13":"pa_led-chips-effekt-w-1017","14":"pa_ljusbild-flood","15":"pa_storlek-mm-110x85x108","16":"pa_stromforbrukning-55a144v","17":"pa_volt-v-multivolt-10-12-16-18-24-28-30-32","19":"first","20":"onbackorder","21":"taxable","22":"shipping-taxable","23":"purchasable","24":"product-type-simple"},"bundled_by":[],"bundle_stock_status":"onbackorder","bundle_stock_quantity":0,"bundle_virtual":false,"bundle_layout":"","bundle_add_to_cart_form_location":"","bundle_editable_in_cart":false,"bundle_sold_individually_context":"","bundle_item_grouping":"","bundle_min_size":"","bundle_max_size":"","bundle_price":[],"bundled_items":[],"bundle_sell_ids":[],"acf":[],"yoast_head":"<!-- This site is optimized with the Yoast SEO plugin v27.0 - https:\/\/yoast.com\/product\/yoast-seo-wordpress\/ -->\n<title>Lazer Utility 80 arbetslampa med Slimline-f\u00e4ste - Xenonkungen<\/title>\n<meta name=\"robots\" content=\"index, follow, max-snippet:-1, max-image-preview:large, max-video-preview:-1\" \/>\n<link rel=\"canonical\" href=\"https:\/\/xenonkungen.com\/no\/produkt\/lazer-utility-80-arbeidslampe-med-slank-feste\/\" \/>\n<meta property=\"og:locale\" content=\"nb_NO\" \/>\n<meta property=\"og:type\" content=\"article\" \/>\n<meta property=\"og:title\" content=\"Lazer Utility 80 arbetslampa med Slimline-f\u00e4ste - Xenonkungen\" \/>\n<meta property=\"og:description\" content=\"Lazer Utility 80 arbetslampa med Slimline-f\u00e4ste Utility 80 med Slimline-f\u00e4ste arbetslampa \u00e4r Lazers serie med h\u00f6gpresterande LED-arbetslampor och tillbeh\u00f6r, som kombinerar h\u00f6geffektiva LED-system med patents\u00f6kta designfunktioner f\u00f6r att maximera ljusstyrka, funktionalitet och tillf\u00f6rlitlighet. Utility-serien \u00e4r framtagen f\u00f6r att klara av de allra tuffaste milj\u00f6erna och st\u00e5 emot b\u00e5de vibrationer, korrosion, st\u00f6tar och intr\u00e4ngande vatten. V\u00e4lj [&hellip;]\" \/>\n<meta property=\"og:url\" content=\"https:\/\/xenonkungen.com\/no\/produkt\/lazer-utility-80-arbeidslampe-med-slank-feste\/\" \/>\n<meta property=\"og:site_name\" content=\"Xenonkungen\" \/>\n<meta property=\"article:modified_time\" content=\"2026-04-24T16:24:34+00:00\" \/>\n<meta property=\"og:image\" content=\"https:\/\/xenonkungen.com\/wp-content\/uploads\/2025\/04\/159283_itemimage_mainfront.jpg\" \/>\n\t<meta property=\"og:image:width\" content=\"2048\" \/>\n\t<meta property=\"og:image:height\" content=\"1537\" \/>\n\t<meta property=\"og:image:type\" content=\"image\/jpeg\" \/>\n<meta name=\"twitter:card\" content=\"summary_large_image\" \/>\n<meta name=\"twitter:label1\" content=\"Ansl. lesetid\" \/>\n\t<meta name=\"twitter:data1\" content=\"1 minutt\" \/>\n<script type=\"application\/ld+json\" class=\"yoast-schema-graph\">{\"@context\":\"https:\/\/schema.org\",\"@graph\":[{\"@type\":\"WebPage\",\"@id\":\"https:\/\/xenonkungen.com\/produkt\/lazer-utility-80-arbetslampa-med-slimline-faste\/\",\"url\":\"https:\/\/xenonkungen.com\/produkt\/lazer-utility-80-arbetslampa-med-slimline-faste\/\",\"name\":\"Lazer Utility 80 arbetslampa med Slimline-f\u00e4ste - Xenonkungen\",\"isPartOf\":{\"@id\":\"https:\/\/xenonkungen.com\/#website\"},\"primaryImageOfPage\":{\"@id\":\"https:\/\/xenonkungen.com\/produkt\/lazer-utility-80-arbetslampa-med-slimline-faste\/#primaryimage\"},\"image\":{\"@id\":\"https:\/\/xenonkungen.com\/produkt\/lazer-utility-80-arbetslampa-med-slimline-faste\/#primaryimage\"},\"thumbnailUrl\":\"https:\/\/xenonkungen.com\/wp-content\/uploads\/2025\/04\/159283_itemimage_mainfront.jpg\",\"datePublished\":\"2025-04-15T09:10:36+00:00\",\"dateModified\":\"2026-04-24T16:24:34+00:00\",\"breadcrumb\":{\"@id\":\"https:\/\/xenonkungen.com\/produkt\/lazer-utility-80-arbetslampa-med-slimline-faste\/#breadcrumb\"},\"inLanguage\":\"nb-NO\",\"potentialAction\":[{\"@type\":\"ReadAction\",\"target\":[\"https:\/\/xenonkungen.com\/produkt\/lazer-utility-80-arbetslampa-med-slimline-faste\/\"]}]},{\"@type\":\"ImageObject\",\"inLanguage\":\"nb-NO\",\"@id\":\"https:\/\/xenonkungen.com\/produkt\/lazer-utility-80-arbetslampa-med-slimline-faste\/#primaryimage\",\"url\":\"https:\/\/xenonkungen.com\/wp-content\/uploads\/2025\/04\/159283_itemimage_mainfront.jpg\",\"contentUrl\":\"https:\/\/xenonkungen.com\/wp-content\/uploads\/2025\/04\/159283_itemimage_mainfront.jpg\",\"width\":2048,\"height\":1537},{\"@type\":\"BreadcrumbList\",\"@id\":\"https:\/\/xenonkungen.com\/produkt\/lazer-utility-80-arbetslampa-med-slimline-faste\/#breadcrumb\",\"itemListElement\":[{\"@type\":\"ListItem\",\"position\":1,\"name\":\"Hem\",\"item\":\"https:\/\/xenonkungen.com\/\"},{\"@type\":\"ListItem\",\"position\":2,\"name\":\"Shop\",\"item\":\"https:\/\/xenonkungen.com\/shop\/\"},{\"@type\":\"ListItem\",\"position\":3,\"name\":\"Lazer Utility 80 arbetslampa med Slimline-f\u00e4ste\"}]},{\"@type\":\"WebSite\",\"@id\":\"https:\/\/xenonkungen.com\/#website\",\"url\":\"https:\/\/xenonkungen.com\/\",\"name\":\"Xenonkungen\",\"description\":\"\",\"potentialAction\":[{\"@type\":\"SearchAction\",\"target\":{\"@type\":\"EntryPoint\",\"urlTemplate\":\"https:\/\/xenonkungen.com\/?s={search_term_string}\"},\"query-input\":{\"@type\":\"PropertyValueSpecification\",\"valueRequired\":true,\"valueName\":\"search_term_string\"}}],\"inLanguage\":\"nb-NO\"}]}<\/script>\n<!-- \/ Yoast SEO plugin. -->","yoast_head_json":{"title":"Lazer Utility 80 arbeidslampe med Slimline-feste - Xenonkungen","robots":{"index":"index","follow":"follow","max-snippet":"max-snippet:-1","max-image-preview":"max-image-preview:large","max-video-preview":"max-video-preview:-1"},"canonical":"https:\/\/xenonkungen.com\/no\/produkt\/lazer-utility-80-arbeidslampe-med-slank-feste\/","og_locale":"nb_NO","og_type":"article","og_title":"Lazer Utility 80 arbetslampa med Slimline-f\u00e4ste - Xenonkungen","og_description":"Lazer Utility 80 arbetslampa med Slimline-f\u00e4ste Utility 80 med Slimline-f\u00e4ste arbetslampa \u00e4r Lazers serie med h\u00f6gpresterande LED-arbetslampor och tillbeh\u00f6r, som kombinerar h\u00f6geffektiva LED-system med patents\u00f6kta designfunktioner f\u00f6r att maximera ljusstyrka, funktionalitet och tillf\u00f6rlitlighet. Utility-serien \u00e4r framtagen f\u00f6r att klara av de allra tuffaste milj\u00f6erna och st\u00e5 emot b\u00e5de vibrationer, korrosion, st\u00f6tar och intr\u00e4ngande vatten. V\u00e4lj [&hellip;]","og_url":"https:\/\/xenonkungen.com\/no\/produkt\/lazer-utility-80-arbeidslampe-med-slank-feste\/","og_site_name":"Xenonkungen","article_modified_time":"2026-04-24T16:24:34+00:00","og_image":[{"width":2048,"height":1537,"url":"https:\/\/xenonkungen.com\/wp-content\/uploads\/2025\/04\/159283_itemimage_mainfront.jpg","type":"image\/jpeg"}],"twitter_card":"summary_large_image","twitter_misc":{"Ansl. lesetid":"1 minutt"},"schema":{"@context":"https:\/\/schema.org","@graph":[{"@type":"WebPage","@id":"https:\/\/xenonkungen.com\/produkt\/lazer-utility-80-arbetslampa-med-slimline-faste\/","url":"https:\/\/xenonkungen.com\/produkt\/lazer-utility-80-arbetslampa-med-slimline-faste\/","name":"Lazer Utility 80 arbeidslampe med Slimline-feste - Xenonkungen","isPartOf":{"@id":"https:\/\/xenonkungen.com\/#website"},"primaryImageOfPage":{"@id":"https:\/\/xenonkungen.com\/produkt\/lazer-utility-80-arbetslampa-med-slimline-faste\/#primaryimage"},"image":{"@id":"https:\/\/xenonkungen.com\/produkt\/lazer-utility-80-arbetslampa-med-slimline-faste\/#primaryimage"},"thumbnailUrl":"https:\/\/xenonkungen.com\/wp-content\/uploads\/2025\/04\/159283_itemimage_mainfront.jpg","datePublished":"2025-04-15T09:10:36+00:00","dateModified":"2026-04-24T16:24:34+00:00","breadcrumb":{"@id":"https:\/\/xenonkungen.com\/produkt\/lazer-utility-80-arbetslampa-med-slimline-faste\/#breadcrumb"},"inLanguage":"nb-NO","potentialAction":[{"@type":"ReadAction","target":["https:\/\/xenonkungen.com\/produkt\/lazer-utility-80-arbetslampa-med-slimline-faste\/"]}]},{"@type":"ImageObject","inLanguage":"nb-NO","@id":"https:\/\/xenonkungen.com\/produkt\/lazer-utility-80-arbetslampa-med-slimline-faste\/#primaryimage","url":"https:\/\/xenonkungen.com\/wp-content\/uploads\/2025\/04\/159283_itemimage_mainfront.jpg","contentUrl":"https:\/\/xenonkungen.com\/wp-content\/uploads\/2025\/04\/159283_itemimage_mainfront.jpg","width":2048,"height":1537},{"@type":"BreadcrumbList","@id":"https:\/\/xenonkungen.com\/produkt\/lazer-utility-80-arbetslampa-med-slimline-faste\/#breadcrumb","itemListElement":[{"@type":"ListItem","position":1,"name":"Hem","item":"https:\/\/xenonkungen.com\/"},{"@type":"ListItem","position":2,"name":"Shop","item":"https:\/\/xenonkungen.com\/shop\/"},{"@type":"ListItem","position":3,"name":"Lazer Utility 80 arbetslampa med Slimline-f\u00e4ste"}]},{"@type":"WebSite","@id":"https:\/\/xenonkungen.com\/#website","url":"https:\/\/xenonkungen.com\/","name":"Xenonkungen","description":"","potentialAction":[{"@type":"SearchAction","target":{"@type":"EntryPoint","urlTemplate":"https:\/\/xenonkungen.com\/?s={search_term_string}"},"query-input":{"@type":"PropertyValueSpecification","valueRequired":true,"valueName":"search_term_string"}}],"inLanguage":"nb-NO"}]}},"taxonomy_info":{"product_brand":[{"value":1124,"label":"Lazer"}],"product_cat":[{"value":2597,"label":"Lazer Arbetsbelysning"},{"value":508,"label":"Arbetsbelysning"}],"product_tag":[{"value":2735,"label":"Lazer"}],"pa_fargtemperatur":[{"value":154,"label":"5000K"}],"pa_fuktskydd-varde-ipxx":[{"value":333,"label":"IP67"}],"pa_lampsockel-kontakt":[{"value":329,"label":"DT"}],"pa_led-chips-effekt-w":[{"value":1017,"label":"80"}],"pa_ljusbild":[{"value":503,"label":"FLOOD"}],"pa_storlek-mm":[{"value":1367,"label":"110x85x108"}],"pa_stromforbrukning":[{"value":1369,"label":"5,5A@14,4V"}],"pa_volt-v":[{"value":1084,"label":"Multivolt, 10, 12, 16, 18, 24, 28, 30, 32"}]},"featured_image_src_large":["https:\/\/xenonkungen.com\/wp-content\/uploads\/2025\/04\/159283_itemimage_mainfront-1024x769.jpg",1024,769,true],"author_info":[],"comment_info":0,"_links":{"self":[{"href":"https:\/\/xenonkungen.com\/no\/wp-json\/wp\/v2\/product\/4314","targetHints":{"allow":["GET"]}}],"collection":[{"href":"https:\/\/xenonkungen.com\/no\/wp-json\/wp\/v2\/product"}],"about":[{"href":"https:\/\/xenonkungen.com\/no\/wp-json\/wp\/v2\/types\/product"}],"replies":[{"embeddable":true,"href":"https:\/\/xenonkungen.com\/no\/wp-json\/wp\/v2\/comments?post=4314"}],"wp:featuredmedia":[{"embeddable":true,"href":"https:\/\/xenonkungen.com\/no\/wp-json\/wp\/v2\/media\/4315"}],"wp:attachment":[{"href":"https:\/\/xenonkungen.com\/no\/wp-json\/wp\/v2\/media?parent=4314"}],"wp:term":[{"taxonomy":"anvandningsomrade","embeddable":true,"href":"https:\/\/xenonkungen.com\/no\/wp-json\/wp\/v2\/anvandningsomrade?post=4314"},{"taxonomy":"bilmarken","embeddable":true,"href":"https:\/\/xenonkungen.com\/no\/wp-json\/wp\/v2\/bilmarken?post=4314"},{"taxonomy":"product_brand","embeddable":true,"href":"https:\/\/xenonkungen.com\/no\/wp-json\/wp\/v2\/product_brand?post=4314"},{"taxonomy":"product_cat","embeddable":true,"href":"https:\/\/xenonkungen.com\/no\/wp-json\/wp\/v2\/product_cat?post=4314"},{"taxonomy":"product_tag","embeddable":true,"href":"https:\/\/xenonkungen.com\/no\/wp-json\/wp\/v2\/product_tag?post=4314"}],"curies":[{"name":"wp","href":"https:\/\/api.w.org\/{rel}","templated":true}]}}