{"id":4384,"date":"2025-04-15T09:11:57","date_gmt":"2025-04-15T09:11:57","guid":{"rendered":"https:\/\/xenonkungen.com\/product\/lazer-kabelsats-strombrytare-2-arbetsljus-utility-12v\/"},"modified":"2026-05-13T16:12:32","modified_gmt":"2026-05-13T15:12:32","slug":"laserkabelsett-strombryter-2-arbeidslys-12v","status":"publish","type":"product","link":"https:\/\/xenonkungen.com\/no\/produkt\/laserkabelsett-strombryter-2-arbeidslys-12v\/","title":{"rendered":"Lazer kabelsettbryter 2 arbeidslys (Utility 12V)"},"content":{"rendered":"<h1><span>Kabelsett for Lazer. Nedenfor kan du se hvilke lamper kabelsettene er kompatible med.<\/span><\/h1>\n<p><span>Ledningssett for \u00e9n lampe: for arbeidslamper i Utility-serien og Carbon-2 LED-lamper med h\u00f8y ytelse.<\/span><\/p>\n<p>Kompatibel med:<\/p>\n<ul>\n<li>Linear-24 Flood<\/li>\n<li>Utility-25<\/li>\n<li>Utility-25 MAXX<\/li>\n<li>Utility-45<\/li>\n<li>Utility-50<\/li>\n<li>Utility-80 HD (Heavy Duty)<\/li>\n<li>RP Spot<\/li>\n<\/ul>","protected":false},"excerpt":{"rendered":"<p>Kabelsett for Lazer. Nedenfor kan du se hvilken belysning kabelsettene er kompatible med. Kabelsett for \u00e9n lampe: for arbeidslys i Utility-serien og Carbon-2 h\u00f8yytelses LED-lys. Kompatibel med: Linear-24 Flood Utility-25 Utility-25 MAXX Utility-45 Utility-50 Utility-80 HD (Heavy Duty) RP Spot<\/p>","protected":false},"featured_media":4385,"comment_status":"closed","ping_status":"open","template":"","meta":{"_acf_changed":false,"_smort_price_nok":"689","_smort_price_dkk":"438","_smort_price_eur":"58.63","_smort_sale_price_nok":"","_smort_sale_price_dkk":"","_smort_sale_price_eur":"","smort_restorder":"","shipmondo_restorder":"","_kad_blocks_custom_css":"","_kad_blocks_head_custom_js":"","_kad_blocks_body_custom_js":"","_kad_blocks_footer_custom_js":"","smort_custom_pricelist_1":"412.8","smort_custom_pricelist_2":"412.8","smort_custom_pricelist_3":"412.8","smort_custom_pricelist_4":"516","smort_custom_pricelist_5":"412.8"},"anvandningsomrade":[],"bilmarken":[],"product_brand":[1124],"product_cat":[2828,2607,390],"product_tag":[2735],"class_list":{"0":"post-4384","1":"product","2":"type-product","3":"status-publish","4":"has-post-thumbnail","6":"product_brand-lazer","7":"product_cat-installation-led-ramper","8":"product_cat-relasats-relasats-ledramper-installation","9":"product_cat-installation","10":"product_tag-lazer","11":"pa_fuktskydd-varde-ipxx-ip53","12":"pa_lampsockel-kontakt-dt","13":"pa_volt-v-159","15":"first","16":"onbackorder","17":"taxable","18":"shipping-taxable","19":"purchasable","20":"product-type-simple"},"bundled_by":[],"bundle_stock_status":"onbackorder","bundle_stock_quantity":-1,"bundle_virtual":false,"bundle_layout":"","bundle_add_to_cart_form_location":"","bundle_editable_in_cart":false,"bundle_sold_individually_context":"","bundle_item_grouping":"","bundle_min_size":"","bundle_max_size":"","bundle_price":[],"bundled_items":[],"bundle_sell_ids":[],"acf":[],"yoast_head":"<!-- This site is optimized with the Yoast SEO plugin v27.0 - https:\/\/yoast.com\/product\/yoast-seo-wordpress\/ -->\n<title>Lazer kabelsats str\u00f6mbrytare 2 arbetsljus (Utility 12V) - Xenonkungen<\/title>\n<meta name=\"robots\" content=\"index, follow, max-snippet:-1, max-image-preview:large, max-video-preview:-1\" \/>\n<link rel=\"canonical\" href=\"https:\/\/xenonkungen.com\/no\/produkt\/laserkabelsett-strombryter-2-arbeidslys-12v\/\" \/>\n<meta property=\"og:locale\" content=\"nb_NO\" \/>\n<meta property=\"og:type\" content=\"article\" \/>\n<meta property=\"og:title\" content=\"Lazer kabelsats str\u00f6mbrytare 2 arbetsljus (Utility 12V) - Xenonkungen\" \/>\n<meta property=\"og:description\" content=\"Kabelsatser till Lazer. Nedan ser du vilken belysning kabelsatserna \u00e4r kompatibel med. Kablagesats f\u00f6r en lampa: f\u00f6r Utility-serien arbetslampor och Carbon-2 h\u00f6gpresterande LED-lampor. Kompatibla med: Linear-24 Flood Utility-25 Utility-25 MAXX Utility-45 Utility-50 Utility-80 HD (Heavy Duty) RP Spot\" \/>\n<meta property=\"og:url\" content=\"https:\/\/xenonkungen.com\/no\/produkt\/laserkabelsett-strombryter-2-arbeidslys-12v\/\" \/>\n<meta property=\"og:site_name\" content=\"Xenonkungen\" \/>\n<meta property=\"article:modified_time\" content=\"2026-05-13T15:12:32+00:00\" \/>\n<meta property=\"og:image\" content=\"https:\/\/xenonkungen.com\/wp-content\/uploads\/2025\/04\/159346_itemimage_mainfront.jpg\" \/>\n\t<meta property=\"og:image:width\" content=\"2048\" \/>\n\t<meta property=\"og:image:height\" content=\"1535\" \/>\n\t<meta property=\"og:image:type\" content=\"image\/jpeg\" \/>\n<meta name=\"twitter:card\" content=\"summary_large_image\" \/>\n<script type=\"application\/ld+json\" class=\"yoast-schema-graph\">{\"@context\":\"https:\/\/schema.org\",\"@graph\":[{\"@type\":\"WebPage\",\"@id\":\"https:\/\/xenonkungen.com\/dk\/vare\/laserkabelsaet-med-afbryder-2-arbejdslygter-12v\/\",\"url\":\"https:\/\/xenonkungen.com\/dk\/vare\/laserkabelsaet-med-afbryder-2-arbejdslygter-12v\/\",\"name\":\"Lazer kabelsats str\u00f6mbrytare 2 arbetsljus (Utility 12V) - Xenonkungen\",\"isPartOf\":{\"@id\":\"https:\/\/xenonkungen.com\/#website\"},\"primaryImageOfPage\":{\"@id\":\"https:\/\/xenonkungen.com\/dk\/vare\/laserkabelsaet-med-afbryder-2-arbejdslygter-12v\/#primaryimage\"},\"image\":{\"@id\":\"https:\/\/xenonkungen.com\/dk\/vare\/laserkabelsaet-med-afbryder-2-arbejdslygter-12v\/#primaryimage\"},\"thumbnailUrl\":\"https:\/\/xenonkungen.com\/wp-content\/uploads\/2025\/04\/159346_itemimage_mainfront.jpg\",\"datePublished\":\"2025-04-15T09:11:57+00:00\",\"dateModified\":\"2026-05-13T15:12:32+00:00\",\"breadcrumb\":{\"@id\":\"https:\/\/xenonkungen.com\/dk\/vare\/laserkabelsaet-med-afbryder-2-arbejdslygter-12v\/#breadcrumb\"},\"inLanguage\":\"nb-NO\",\"potentialAction\":[{\"@type\":\"ReadAction\",\"target\":[\"https:\/\/xenonkungen.com\/dk\/vare\/laserkabelsaet-med-afbryder-2-arbejdslygter-12v\/\"]}]},{\"@type\":\"ImageObject\",\"inLanguage\":\"nb-NO\",\"@id\":\"https:\/\/xenonkungen.com\/dk\/vare\/laserkabelsaet-med-afbryder-2-arbejdslygter-12v\/#primaryimage\",\"url\":\"https:\/\/xenonkungen.com\/wp-content\/uploads\/2025\/04\/159346_itemimage_mainfront.jpg\",\"contentUrl\":\"https:\/\/xenonkungen.com\/wp-content\/uploads\/2025\/04\/159346_itemimage_mainfront.jpg\",\"width\":2048,\"height\":1535},{\"@type\":\"BreadcrumbList\",\"@id\":\"https:\/\/xenonkungen.com\/dk\/vare\/laserkabelsaet-med-afbryder-2-arbejdslygter-12v\/#breadcrumb\",\"itemListElement\":[{\"@type\":\"ListItem\",\"position\":1,\"name\":\"Hem\",\"item\":\"https:\/\/xenonkungen.com\/\"},{\"@type\":\"ListItem\",\"position\":2,\"name\":\"Shop\",\"item\":\"https:\/\/xenonkungen.com\/shop\/\"},{\"@type\":\"ListItem\",\"position\":3,\"name\":\"Lazer kabelsats str\u00f6mbrytare 2 arbetsljus (Utility 12V)\"}]},{\"@type\":\"WebSite\",\"@id\":\"https:\/\/xenonkungen.com\/#website\",\"url\":\"https:\/\/xenonkungen.com\/\",\"name\":\"Xenonkungen\",\"description\":\"\",\"potentialAction\":[{\"@type\":\"SearchAction\",\"target\":{\"@type\":\"EntryPoint\",\"urlTemplate\":\"https:\/\/xenonkungen.com\/?s={search_term_string}\"},\"query-input\":{\"@type\":\"PropertyValueSpecification\",\"valueRequired\":true,\"valueName\":\"search_term_string\"}}],\"inLanguage\":\"nb-NO\"}]}<\/script>\n<!-- \/ Yoast SEO plugin. -->","yoast_head_json":{"title":"Lazer kabelsett bryter 2 arbeidslys (Utility 12V) - Xenonkungen","robots":{"index":"index","follow":"follow","max-snippet":"max-snippet:-1","max-image-preview":"max-image-preview:large","max-video-preview":"max-video-preview:-1"},"canonical":"https:\/\/xenonkungen.com\/no\/produkt\/laserkabelsett-strombryter-2-arbeidslys-12v\/","og_locale":"nb_NO","og_type":"article","og_title":"Lazer kabelsats str\u00f6mbrytare 2 arbetsljus (Utility 12V) - Xenonkungen","og_description":"Kabelsatser till Lazer. Nedan ser du vilken belysning kabelsatserna \u00e4r kompatibel med. Kablagesats f\u00f6r en lampa: f\u00f6r Utility-serien arbetslampor och Carbon-2 h\u00f6gpresterande LED-lampor. Kompatibla med: Linear-24 Flood Utility-25 Utility-25 MAXX Utility-45 Utility-50 Utility-80 HD (Heavy Duty) RP Spot","og_url":"https:\/\/xenonkungen.com\/no\/produkt\/laserkabelsett-strombryter-2-arbeidslys-12v\/","og_site_name":"Xenonkungen","article_modified_time":"2026-05-13T15:12:32+00:00","og_image":[{"width":2048,"height":1535,"url":"https:\/\/xenonkungen.com\/wp-content\/uploads\/2025\/04\/159346_itemimage_mainfront.jpg","type":"image\/jpeg"}],"twitter_card":"summary_large_image","schema":{"@context":"https:\/\/schema.org","@graph":[{"@type":"WebPage","@id":"https:\/\/xenonkungen.com\/dk\/vare\/laserkabelsaet-med-afbryder-2-arbejdslygter-12v\/","url":"https:\/\/xenonkungen.com\/dk\/vare\/laserkabelsaet-med-afbryder-2-arbejdslygter-12v\/","name":"Lazer kabelsett bryter 2 arbeidslys (Utility 12V) - Xenonkungen","isPartOf":{"@id":"https:\/\/xenonkungen.com\/#website"},"primaryImageOfPage":{"@id":"https:\/\/xenonkungen.com\/dk\/vare\/laserkabelsaet-med-afbryder-2-arbejdslygter-12v\/#primaryimage"},"image":{"@id":"https:\/\/xenonkungen.com\/dk\/vare\/laserkabelsaet-med-afbryder-2-arbejdslygter-12v\/#primaryimage"},"thumbnailUrl":"https:\/\/xenonkungen.com\/wp-content\/uploads\/2025\/04\/159346_itemimage_mainfront.jpg","datePublished":"2025-04-15T09:11:57+00:00","dateModified":"2026-05-13T15:12:32+00:00","breadcrumb":{"@id":"https:\/\/xenonkungen.com\/dk\/vare\/laserkabelsaet-med-afbryder-2-arbejdslygter-12v\/#breadcrumb"},"inLanguage":"nb-NO","potentialAction":[{"@type":"ReadAction","target":["https:\/\/xenonkungen.com\/dk\/vare\/laserkabelsaet-med-afbryder-2-arbejdslygter-12v\/"]}]},{"@type":"ImageObject","inLanguage":"nb-NO","@id":"https:\/\/xenonkungen.com\/dk\/vare\/laserkabelsaet-med-afbryder-2-arbejdslygter-12v\/#primaryimage","url":"https:\/\/xenonkungen.com\/wp-content\/uploads\/2025\/04\/159346_itemimage_mainfront.jpg","contentUrl":"https:\/\/xenonkungen.com\/wp-content\/uploads\/2025\/04\/159346_itemimage_mainfront.jpg","width":2048,"height":1535},{"@type":"BreadcrumbList","@id":"https:\/\/xenonkungen.com\/dk\/vare\/laserkabelsaet-med-afbryder-2-arbejdslygter-12v\/#breadcrumb","itemListElement":[{"@type":"ListItem","position":1,"name":"Hem","item":"https:\/\/xenonkungen.com\/"},{"@type":"ListItem","position":2,"name":"Shop","item":"https:\/\/xenonkungen.com\/shop\/"},{"@type":"ListItem","position":3,"name":"Lazer kabelsats str\u00f6mbrytare 2 arbetsljus (Utility 12V)"}]},{"@type":"WebSite","@id":"https:\/\/xenonkungen.com\/#website","url":"https:\/\/xenonkungen.com\/","name":"Xenonkungen","description":"","potentialAction":[{"@type":"SearchAction","target":{"@type":"EntryPoint","urlTemplate":"https:\/\/xenonkungen.com\/?s={search_term_string}"},"query-input":{"@type":"PropertyValueSpecification","valueRequired":true,"valueName":"search_term_string"}}],"inLanguage":"nb-NO"}]}},"taxonomy_info":{"product_brand":[{"value":1124,"label":"Lazer"}],"product_cat":[{"value":2828,"label":"Installation LED-ramper"},{"value":2607,"label":"Rel\u00e4sats"},{"value":390,"label":"Installation"}],"product_tag":[{"value":2735,"label":"Lazer"}],"pa_fuktskydd-varde-ipxx":[{"value":1381,"label":"IP53"}],"pa_lampsockel-kontakt":[{"value":329,"label":"DT"}],"pa_volt-v":[{"value":159,"label":"12"}]},"featured_image_src_large":["https:\/\/xenonkungen.com\/wp-content\/uploads\/2025\/04\/159346_itemimage_mainfront-1024x768.jpg",1024,768,true],"author_info":[],"comment_info":0,"_links":{"self":[{"href":"https:\/\/xenonkungen.com\/no\/wp-json\/wp\/v2\/product\/4384","targetHints":{"allow":["GET"]}}],"collection":[{"href":"https:\/\/xenonkungen.com\/no\/wp-json\/wp\/v2\/product"}],"about":[{"href":"https:\/\/xenonkungen.com\/no\/wp-json\/wp\/v2\/types\/product"}],"replies":[{"embeddable":true,"href":"https:\/\/xenonkungen.com\/no\/wp-json\/wp\/v2\/comments?post=4384"}],"wp:featuredmedia":[{"embeddable":true,"href":"https:\/\/xenonkungen.com\/no\/wp-json\/wp\/v2\/media\/4385"}],"wp:attachment":[{"href":"https:\/\/xenonkungen.com\/no\/wp-json\/wp\/v2\/media?parent=4384"}],"wp:term":[{"taxonomy":"anvandningsomrade","embeddable":true,"href":"https:\/\/xenonkungen.com\/no\/wp-json\/wp\/v2\/anvandningsomrade?post=4384"},{"taxonomy":"bilmarken","embeddable":true,"href":"https:\/\/xenonkungen.com\/no\/wp-json\/wp\/v2\/bilmarken?post=4384"},{"taxonomy":"product_brand","embeddable":true,"href":"https:\/\/xenonkungen.com\/no\/wp-json\/wp\/v2\/product_brand?post=4384"},{"taxonomy":"product_cat","embeddable":true,"href":"https:\/\/xenonkungen.com\/no\/wp-json\/wp\/v2\/product_cat?post=4384"},{"taxonomy":"product_tag","embeddable":true,"href":"https:\/\/xenonkungen.com\/no\/wp-json\/wp\/v2\/product_tag?post=4384"}],"curies":[{"name":"wp","href":"https:\/\/api.w.org\/{rel}","templated":true}]}}