{"id":4414,"date":"2025-04-15T09:12:46","date_gmt":"2025-04-15T09:12:46","guid":{"rendered":"https:\/\/xenonkungen.com\/product\/lazer-lankdel-2-lampor\/"},"modified":"2026-04-26T13:32:14","modified_gmt":"2026-04-26T12:32:14","slug":"laser-lankdel-2-lamper","status":"publish","type":"product","link":"https:\/\/xenonkungen.com\/no\/produkt\/laser-lankdel-2-lamper\/","title":{"rendered":"Lazer Link 2 lamper"},"content":{"rendered":"<h1 class=\"page-title\"><span class=\"base\" data-ui-id=\"page-title-wrapper\">KOBLINGSSTANG FOR TO LAMPER<\/span><\/h1>\n<p>Laget av ekstrudert aluminium<\/p>\n<p>Svart anodisert belegg som passer perfekt til belysningens finish<\/p>\n<p>Gir stabilitet til alle Lazer-lysinstallasjoner som er lovlige \u00e5 bruke p\u00e5 veien<\/p>\n<p>Universell kompatibilitet - egnet for ST\/T- og Triple-R-serien (ikke egnet for Linear)<\/p>\n<p>Leveres som enkeltsett med fire stillskruer<\/p>\n<h2>Innhold i pakken:<\/h2>\n<ul>\n<li>x1 Koblingsstykke med to lamper<\/li>\n<li>x4 pinolskruer<\/li>\n<\/ul>","protected":false},"excerpt":{"rendered":"<p>TO-LAMPS LEDDE Laget av ekstrudert aluminium Sort anodisert overflate som matcher lyktens overflate perfekt Gir stabilitet til alle installasjoner av laserlys som er lovlige for veibruk Universell kompatibilitet \u2013 egnet for ST\/T- og Triple-R-serien (ikke egnet for Linear) Leveres som enkeltsett med fire settskruer Pakkens innhold: x1 ledddel for to lamper x4 gjengestifter<\/p>","protected":false},"featured_media":4415,"comment_status":"closed","ping_status":"open","template":"","meta":{"_acf_changed":false,"_smort_price_nok":"203","_smort_price_dkk":"129","_smort_price_eur":"17.27","_smort_sale_price_nok":"","_smort_sale_price_dkk":"","_smort_sale_price_eur":"","smort_restorder":"","shipmondo_restorder":"","_kad_blocks_custom_css":"","_kad_blocks_head_custom_js":"","_kad_blocks_body_custom_js":"","_kad_blocks_footer_custom_js":"","smort_custom_pricelist_1":"121.6","smort_custom_pricelist_2":"121.6","smort_custom_pricelist_3":"121.6","smort_custom_pricelist_4":"152","smort_custom_pricelist_5":"121.6"},"anvandningsomrade":[],"bilmarken":[],"product_brand":[1124],"product_cat":[2971,2841,390],"product_tag":[2735],"class_list":{"0":"post-4414","1":"product","2":"type-product","3":"status-publish","4":"has-post-thumbnail","6":"product_brand-lazer","7":"product_cat-ledramp-fasten","8":"product_cat-installation-extraljus","9":"product_cat-installation","10":"product_tag-lazer","12":"first","13":"onbackorder","14":"taxable","15":"shipping-taxable","16":"purchasable","17":"product-type-simple"},"bundled_by":[],"bundle_stock_status":"onbackorder","bundle_stock_quantity":0,"bundle_virtual":false,"bundle_layout":"","bundle_add_to_cart_form_location":"","bundle_editable_in_cart":false,"bundle_sold_individually_context":"","bundle_item_grouping":"","bundle_min_size":"","bundle_max_size":"","bundle_price":[],"bundled_items":[],"bundle_sell_ids":[],"acf":[],"yoast_head":"<!-- This site is optimized with the Yoast SEO plugin v27.0 - https:\/\/yoast.com\/product\/yoast-seo-wordpress\/ -->\n<title>Lazer L\u00e4nkdel 2 lampor - Xenonkungen<\/title>\n<meta name=\"robots\" content=\"index, follow, max-snippet:-1, max-image-preview:large, max-video-preview:-1\" \/>\n<link rel=\"canonical\" href=\"https:\/\/xenonkungen.com\/no\/produkt\/laser-lankdel-2-lamper\/\" \/>\n<meta property=\"og:locale\" content=\"nb_NO\" \/>\n<meta property=\"og:type\" content=\"article\" \/>\n<meta property=\"og:title\" content=\"Lazer L\u00e4nkdel 2 lampor - Xenonkungen\" \/>\n<meta property=\"og:description\" content=\"IHOPKOPPLINGSSTAG F\u00d6R TV\u00c5 LAMPOR Tillverkad i extruderad aluminium Svart anodiserad bel\u00e4ggning som matchar belysningens finish perfekt Erbjuder stabilitet till alla Lazer-ljusinstallationer som \u00e4r lagliga att framf\u00f6ra p\u00e5 v\u00e4g Universell kompatibilitet \u2013 l\u00e4mplig f\u00f6r ST\/T- och Triple-R-sortimentet (ej l\u00e4mplig f\u00f6r Linear) Levereras som enkelsatser med fyra st\u00e4llskruvar Paketinneh\u00e5ll: x1 Two-Lamp Link Piece x4 Grub screws\" \/>\n<meta property=\"og:url\" content=\"https:\/\/xenonkungen.com\/no\/produkt\/laser-lankdel-2-lamper\/\" \/>\n<meta property=\"og:site_name\" content=\"Xenonkungen\" \/>\n<meta property=\"article:modified_time\" content=\"2026-04-26T12:32:14+00:00\" \/>\n<meta property=\"og:image\" content=\"https:\/\/xenonkungen.com\/wp-content\/uploads\/2025\/04\/1120k_-_product_image_web.jpg\" \/>\n\t<meta property=\"og:image:width\" content=\"1000\" \/>\n\t<meta property=\"og:image:height\" content=\"750\" \/>\n\t<meta property=\"og:image:type\" content=\"image\/jpeg\" \/>\n<meta name=\"twitter:card\" content=\"summary_large_image\" \/>\n<script type=\"application\/ld+json\" class=\"yoast-schema-graph\">{\"@context\":\"https:\/\/schema.org\",\"@graph\":[{\"@type\":\"WebPage\",\"@id\":\"https:\/\/xenonkungen.com\/produkt\/lazer-lankdel-2-lampor\/\",\"url\":\"https:\/\/xenonkungen.com\/produkt\/lazer-lankdel-2-lampor\/\",\"name\":\"Lazer L\u00e4nkdel 2 lampor - Xenonkungen\",\"isPartOf\":{\"@id\":\"https:\/\/xenonkungen.com\/#website\"},\"primaryImageOfPage\":{\"@id\":\"https:\/\/xenonkungen.com\/produkt\/lazer-lankdel-2-lampor\/#primaryimage\"},\"image\":{\"@id\":\"https:\/\/xenonkungen.com\/produkt\/lazer-lankdel-2-lampor\/#primaryimage\"},\"thumbnailUrl\":\"https:\/\/xenonkungen.com\/wp-content\/uploads\/2025\/04\/1120k_-_product_image_web.jpg\",\"datePublished\":\"2025-04-15T09:12:46+00:00\",\"dateModified\":\"2026-04-26T12:32:14+00:00\",\"breadcrumb\":{\"@id\":\"https:\/\/xenonkungen.com\/produkt\/lazer-lankdel-2-lampor\/#breadcrumb\"},\"inLanguage\":\"nb-NO\",\"potentialAction\":[{\"@type\":\"ReadAction\",\"target\":[\"https:\/\/xenonkungen.com\/produkt\/lazer-lankdel-2-lampor\/\"]}]},{\"@type\":\"ImageObject\",\"inLanguage\":\"nb-NO\",\"@id\":\"https:\/\/xenonkungen.com\/produkt\/lazer-lankdel-2-lampor\/#primaryimage\",\"url\":\"https:\/\/xenonkungen.com\/wp-content\/uploads\/2025\/04\/1120k_-_product_image_web.jpg\",\"contentUrl\":\"https:\/\/xenonkungen.com\/wp-content\/uploads\/2025\/04\/1120k_-_product_image_web.jpg\",\"width\":1000,\"height\":750},{\"@type\":\"BreadcrumbList\",\"@id\":\"https:\/\/xenonkungen.com\/produkt\/lazer-lankdel-2-lampor\/#breadcrumb\",\"itemListElement\":[{\"@type\":\"ListItem\",\"position\":1,\"name\":\"Hem\",\"item\":\"https:\/\/xenonkungen.com\/\"},{\"@type\":\"ListItem\",\"position\":2,\"name\":\"Shop\",\"item\":\"https:\/\/xenonkungen.com\/shop\/\"},{\"@type\":\"ListItem\",\"position\":3,\"name\":\"Lazer L\u00e4nkdel 2 lampor\"}]},{\"@type\":\"WebSite\",\"@id\":\"https:\/\/xenonkungen.com\/#website\",\"url\":\"https:\/\/xenonkungen.com\/\",\"name\":\"Xenonkungen\",\"description\":\"\",\"potentialAction\":[{\"@type\":\"SearchAction\",\"target\":{\"@type\":\"EntryPoint\",\"urlTemplate\":\"https:\/\/xenonkungen.com\/?s={search_term_string}\"},\"query-input\":{\"@type\":\"PropertyValueSpecification\",\"valueRequired\":true,\"valueName\":\"search_term_string\"}}],\"inLanguage\":\"nb-NO\"}]}<\/script>\n<!-- \/ Yoast SEO plugin. -->","yoast_head_json":{"title":"Lazer Link del 2 lamper - Xenonkungen","robots":{"index":"index","follow":"follow","max-snippet":"max-snippet:-1","max-image-preview":"max-image-preview:large","max-video-preview":"max-video-preview:-1"},"canonical":"https:\/\/xenonkungen.com\/no\/produkt\/laser-lankdel-2-lamper\/","og_locale":"nb_NO","og_type":"article","og_title":"Lazer L\u00e4nkdel 2 lampor - Xenonkungen","og_description":"IHOPKOPPLINGSSTAG F\u00d6R TV\u00c5 LAMPOR Tillverkad i extruderad aluminium Svart anodiserad bel\u00e4ggning som matchar belysningens finish perfekt Erbjuder stabilitet till alla Lazer-ljusinstallationer som \u00e4r lagliga att framf\u00f6ra p\u00e5 v\u00e4g Universell kompatibilitet \u2013 l\u00e4mplig f\u00f6r ST\/T- och Triple-R-sortimentet (ej l\u00e4mplig f\u00f6r Linear) Levereras som enkelsatser med fyra st\u00e4llskruvar Paketinneh\u00e5ll: x1 Two-Lamp Link Piece x4 Grub screws","og_url":"https:\/\/xenonkungen.com\/no\/produkt\/laser-lankdel-2-lamper\/","og_site_name":"Xenonkungen","article_modified_time":"2026-04-26T12:32:14+00:00","og_image":[{"width":1000,"height":750,"url":"https:\/\/xenonkungen.com\/wp-content\/uploads\/2025\/04\/1120k_-_product_image_web.jpg","type":"image\/jpeg"}],"twitter_card":"summary_large_image","schema":{"@context":"https:\/\/schema.org","@graph":[{"@type":"WebPage","@id":"https:\/\/xenonkungen.com\/produkt\/lazer-lankdel-2-lampor\/","url":"https:\/\/xenonkungen.com\/produkt\/lazer-lankdel-2-lampor\/","name":"Lazer Link del 2 lamper - Xenonkungen","isPartOf":{"@id":"https:\/\/xenonkungen.com\/#website"},"primaryImageOfPage":{"@id":"https:\/\/xenonkungen.com\/produkt\/lazer-lankdel-2-lampor\/#primaryimage"},"image":{"@id":"https:\/\/xenonkungen.com\/produkt\/lazer-lankdel-2-lampor\/#primaryimage"},"thumbnailUrl":"https:\/\/xenonkungen.com\/wp-content\/uploads\/2025\/04\/1120k_-_product_image_web.jpg","datePublished":"2025-04-15T09:12:46+00:00","dateModified":"2026-04-26T12:32:14+00:00","breadcrumb":{"@id":"https:\/\/xenonkungen.com\/produkt\/lazer-lankdel-2-lampor\/#breadcrumb"},"inLanguage":"nb-NO","potentialAction":[{"@type":"ReadAction","target":["https:\/\/xenonkungen.com\/produkt\/lazer-lankdel-2-lampor\/"]}]},{"@type":"ImageObject","inLanguage":"nb-NO","@id":"https:\/\/xenonkungen.com\/produkt\/lazer-lankdel-2-lampor\/#primaryimage","url":"https:\/\/xenonkungen.com\/wp-content\/uploads\/2025\/04\/1120k_-_product_image_web.jpg","contentUrl":"https:\/\/xenonkungen.com\/wp-content\/uploads\/2025\/04\/1120k_-_product_image_web.jpg","width":1000,"height":750},{"@type":"BreadcrumbList","@id":"https:\/\/xenonkungen.com\/produkt\/lazer-lankdel-2-lampor\/#breadcrumb","itemListElement":[{"@type":"ListItem","position":1,"name":"Hem","item":"https:\/\/xenonkungen.com\/"},{"@type":"ListItem","position":2,"name":"Shop","item":"https:\/\/xenonkungen.com\/shop\/"},{"@type":"ListItem","position":3,"name":"Lazer L\u00e4nkdel 2 lampor"}]},{"@type":"WebSite","@id":"https:\/\/xenonkungen.com\/#website","url":"https:\/\/xenonkungen.com\/","name":"Xenonkungen","description":"","potentialAction":[{"@type":"SearchAction","target":{"@type":"EntryPoint","urlTemplate":"https:\/\/xenonkungen.com\/?s={search_term_string}"},"query-input":{"@type":"PropertyValueSpecification","valueRequired":true,"valueName":"search_term_string"}}],"inLanguage":"nb-NO"}]}},"taxonomy_info":{"product_brand":[{"value":1124,"label":"Lazer"}],"product_cat":[{"value":2971,"label":"F\u00e4ste till ledramp"},{"value":2841,"label":"Installation extraljus"},{"value":390,"label":"Installation"}],"product_tag":[{"value":2735,"label":"Lazer"}]},"featured_image_src_large":["https:\/\/xenonkungen.com\/wp-content\/uploads\/2025\/04\/1120k_-_product_image_web.jpg",1000,750,false],"author_info":[],"comment_info":0,"_links":{"self":[{"href":"https:\/\/xenonkungen.com\/no\/wp-json\/wp\/v2\/product\/4414","targetHints":{"allow":["GET"]}}],"collection":[{"href":"https:\/\/xenonkungen.com\/no\/wp-json\/wp\/v2\/product"}],"about":[{"href":"https:\/\/xenonkungen.com\/no\/wp-json\/wp\/v2\/types\/product"}],"replies":[{"embeddable":true,"href":"https:\/\/xenonkungen.com\/no\/wp-json\/wp\/v2\/comments?post=4414"}],"wp:featuredmedia":[{"embeddable":true,"href":"https:\/\/xenonkungen.com\/no\/wp-json\/wp\/v2\/media\/4415"}],"wp:attachment":[{"href":"https:\/\/xenonkungen.com\/no\/wp-json\/wp\/v2\/media?parent=4414"}],"wp:term":[{"taxonomy":"anvandningsomrade","embeddable":true,"href":"https:\/\/xenonkungen.com\/no\/wp-json\/wp\/v2\/anvandningsomrade?post=4414"},{"taxonomy":"bilmarken","embeddable":true,"href":"https:\/\/xenonkungen.com\/no\/wp-json\/wp\/v2\/bilmarken?post=4414"},{"taxonomy":"product_brand","embeddable":true,"href":"https:\/\/xenonkungen.com\/no\/wp-json\/wp\/v2\/product_brand?post=4414"},{"taxonomy":"product_cat","embeddable":true,"href":"https:\/\/xenonkungen.com\/no\/wp-json\/wp\/v2\/product_cat?post=4414"},{"taxonomy":"product_tag","embeddable":true,"href":"https:\/\/xenonkungen.com\/no\/wp-json\/wp\/v2\/product_tag?post=4414"}],"curies":[{"name":"wp","href":"https:\/\/api.w.org\/{rel}","templated":true}]}}