{"id":4459,"date":"2025-04-15T09:13:24","date_gmt":"2025-04-15T09:13:24","guid":{"rendered":"https:\/\/xenonkungen.com\/product\/meguiars-scratch-x-2-0\/"},"modified":"2026-04-01T07:56:11","modified_gmt":"2026-04-01T06:56:11","slug":"meguiars-scratch-x-2-0","status":"publish","type":"product","link":"https:\/\/xenonkungen.com\/no\/produkt\/meguiars-scratch-x-2-0\/","title":{"rendered":"Meguiar's Scratch X 2.0"},"content":{"rendered":"<h1>Scratch X 2.0<\/h1>\n<p>Meguiar's introduserer den helt nye ScratchX\u00ae 2.0-formelen for riper og defekter som er vanskelige \u00e5 komme til. <br \/>Denne nye formelen er spesielt utviklet for h\u00e5ndfinish for raskt \u00e5 fjerne vanskelig tilgjengelige riper fra spiker og d\u00f8rbuler p\u00e5 parkeringsplasser. Unike mikroslipende korn fjerner faktisk disse feilene, ikke bare \"skjuler\" feilene. ScratchX 2.0 er spesielt utviklet for \u00e5 fjerne riper, og garanterer at n\u00e5r de f\u00f8rst er borte, s\u00e5 forblir de borte. <\/p>\n<p><strong>Innhold (ml):<\/strong> 207<\/p>\n<h2><strong>Advarsel!<\/strong><\/h2>\n<p><strong>Fargekoding:<\/strong><\/p>\n<ul>\n<li>Kan for\u00e5rsake organskader (sentralnervesystemet) ved langvarig eller gjentatt eksponering<\/li>\n<\/ul>\n<p><strong>Beskyttelsesbetegnelser:<\/strong><\/p>\n<ul>\n<li>Hold pakningen eller etiketten for h\u00e5nden i tilfelle du trenger \u00e5 opps\u00f8ke legehjelp<\/li>\n<li>Oppbevares utilgjengelig for barn<\/li>\n<li>Ikke pust inn dampene<\/li>\n<li>Opps\u00f8k lege hvis du f\u00f8ler deg uvel<\/li>\n<li>Innholdet og beholderen leveres til det kommunale mottaksanlegget for farlig avfall<\/li>\n<\/ul>","protected":false},"excerpt":{"rendered":"<p>Fjerner raskt riper som er vanskelige \u00e5 komme til, for eksempel p\u00e5 d\u00f8rh\u00e5ndtak.<\/p>","protected":false},"featured_media":4460,"comment_status":"closed","ping_status":"open","template":"","meta":{"_acf_changed":false,"_smort_price_nok":"207","_smort_price_dkk":"176","_smort_price_eur":"23.54","_smort_sale_price_nok":"207","_smort_sale_price_dkk":"","_smort_sale_price_eur":"","smort_restorder":"","shipmondo_restorder":"","_kad_blocks_custom_css":"","_kad_blocks_head_custom_js":"","_kad_blocks_body_custom_js":"","_kad_blocks_footer_custom_js":"","smort_custom_pricelist_1":"165.76","smort_custom_pricelist_2":"165.76","smort_custom_pricelist_3":"157.47","smort_custom_pricelist_4":"207.2","smort_custom_pricelist_5":"165.76"},"anvandningsomrade":[],"bilmarken":[],"product_brand":[1383],"product_cat":[2617,378,1402],"product_tag":[],"class_list":{"0":"post-4459","1":"product","2":"type-product","3":"status-publish","4":"has-post-thumbnail","6":"product_brand-meguiars","7":"product_cat-polering","8":"product_cat-bilvard","9":"product_cat-outlet","11":"first","12":"instock","13":"sale","14":"taxable","15":"shipping-taxable","16":"purchasable","17":"product-type-simple"},"bundled_by":[],"bundle_stock_status":"instock","bundle_stock_quantity":3,"bundle_virtual":false,"bundle_layout":"","bundle_add_to_cart_form_location":"","bundle_editable_in_cart":false,"bundle_sold_individually_context":"","bundle_item_grouping":"","bundle_min_size":"","bundle_max_size":"","bundle_price":[],"bundled_items":[],"bundle_sell_ids":[],"acf":[],"yoast_head":"<!-- This site is optimized with the Yoast SEO plugin v27.0 - https:\/\/yoast.com\/product\/yoast-seo-wordpress\/ -->\n<title>Meguiar&#039;s Scratch X 2.0 - Xenonkungen<\/title>\n<meta name=\"robots\" content=\"index, follow, max-snippet:-1, max-image-preview:large, max-video-preview:-1\" \/>\n<link rel=\"canonical\" href=\"https:\/\/xenonkungen.com\/no\/produkt\/meguiars-scratch-x-2-0\/\" \/>\n<meta property=\"og:locale\" content=\"nb_NO\" \/>\n<meta property=\"og:type\" content=\"article\" \/>\n<meta property=\"og:title\" content=\"Meguiar&#039;s Scratch X 2.0 - Xenonkungen\" \/>\n<meta property=\"og:description\" content=\"Tar snabbt bort sv\u00e5r\u00e5tkomliga repor som t.ex. vid d\u00f6rrhandtag.\" \/>\n<meta property=\"og:url\" content=\"https:\/\/xenonkungen.com\/no\/produkt\/meguiars-scratch-x-2-0\/\" \/>\n<meta property=\"og:site_name\" content=\"Xenonkungen\" \/>\n<meta property=\"article:modified_time\" content=\"2026-04-01T06:56:11+00:00\" \/>\n<meta property=\"og:image\" content=\"https:\/\/xenonkungen.com\/wp-content\/uploads\/2025\/04\/190088041-origpic-a23348.png\" \/>\n\t<meta property=\"og:image:width\" content=\"289\" \/>\n\t<meta property=\"og:image:height\" content=\"600\" \/>\n\t<meta property=\"og:image:type\" content=\"image\/png\" \/>\n<meta name=\"twitter:card\" content=\"summary_large_image\" \/>\n<meta name=\"twitter:label1\" content=\"Ansl. lesetid\" \/>\n\t<meta name=\"twitter:data1\" content=\"1 minutt\" \/>\n<script type=\"application\/ld+json\" class=\"yoast-schema-graph\">{\"@context\":\"https:\/\/schema.org\",\"@graph\":[{\"@type\":\"WebPage\",\"@id\":\"https:\/\/xenonkungen.com\/produkt\/meguiars-scratch-x-2-0\/\",\"url\":\"https:\/\/xenonkungen.com\/produkt\/meguiars-scratch-x-2-0\/\",\"name\":\"Meguiar's Scratch X 2.0 - Xenonkungen\",\"isPartOf\":{\"@id\":\"https:\/\/xenonkungen.com\/#website\"},\"primaryImageOfPage\":{\"@id\":\"https:\/\/xenonkungen.com\/produkt\/meguiars-scratch-x-2-0\/#primaryimage\"},\"image\":{\"@id\":\"https:\/\/xenonkungen.com\/produkt\/meguiars-scratch-x-2-0\/#primaryimage\"},\"thumbnailUrl\":\"https:\/\/xenonkungen.com\/wp-content\/uploads\/2025\/04\/190088041-origpic-a23348.png\",\"datePublished\":\"2025-04-15T09:13:24+00:00\",\"dateModified\":\"2026-04-01T06:56:11+00:00\",\"breadcrumb\":{\"@id\":\"https:\/\/xenonkungen.com\/produkt\/meguiars-scratch-x-2-0\/#breadcrumb\"},\"inLanguage\":\"nb-NO\",\"potentialAction\":[{\"@type\":\"ReadAction\",\"target\":[\"https:\/\/xenonkungen.com\/produkt\/meguiars-scratch-x-2-0\/\"]}]},{\"@type\":\"ImageObject\",\"inLanguage\":\"nb-NO\",\"@id\":\"https:\/\/xenonkungen.com\/produkt\/meguiars-scratch-x-2-0\/#primaryimage\",\"url\":\"https:\/\/xenonkungen.com\/wp-content\/uploads\/2025\/04\/190088041-origpic-a23348.png\",\"contentUrl\":\"https:\/\/xenonkungen.com\/wp-content\/uploads\/2025\/04\/190088041-origpic-a23348.png\",\"width\":289,\"height\":600},{\"@type\":\"BreadcrumbList\",\"@id\":\"https:\/\/xenonkungen.com\/produkt\/meguiars-scratch-x-2-0\/#breadcrumb\",\"itemListElement\":[{\"@type\":\"ListItem\",\"position\":1,\"name\":\"Hem\",\"item\":\"https:\/\/xenonkungen.com\/\"},{\"@type\":\"ListItem\",\"position\":2,\"name\":\"Shop\",\"item\":\"https:\/\/xenonkungen.com\/shop\/\"},{\"@type\":\"ListItem\",\"position\":3,\"name\":\"Meguiar&#8217;s Scratch X 2.0\"}]},{\"@type\":\"WebSite\",\"@id\":\"https:\/\/xenonkungen.com\/#website\",\"url\":\"https:\/\/xenonkungen.com\/\",\"name\":\"Xenonkungen\",\"description\":\"\",\"potentialAction\":[{\"@type\":\"SearchAction\",\"target\":{\"@type\":\"EntryPoint\",\"urlTemplate\":\"https:\/\/xenonkungen.com\/?s={search_term_string}\"},\"query-input\":{\"@type\":\"PropertyValueSpecification\",\"valueRequired\":true,\"valueName\":\"search_term_string\"}}],\"inLanguage\":\"nb-NO\"}]}<\/script>\n<!-- \/ Yoast SEO plugin. -->","yoast_head_json":{"title":"Meguiar&#039;s Scratch X 2.0 \u2013 Xenon-kongen","robots":{"index":"index","follow":"follow","max-snippet":"max-snippet:-1","max-image-preview":"max-image-preview:large","max-video-preview":"max-video-preview:-1"},"canonical":"https:\/\/xenonkungen.com\/no\/produkt\/meguiars-scratch-x-2-0\/","og_locale":"nb_NO","og_type":"article","og_title":"Meguiar's Scratch X 2.0 - Xenonkungen","og_description":"Tar snabbt bort sv\u00e5r\u00e5tkomliga repor som t.ex. vid d\u00f6rrhandtag.","og_url":"https:\/\/xenonkungen.com\/no\/produkt\/meguiars-scratch-x-2-0\/","og_site_name":"Xenonkungen","article_modified_time":"2026-04-01T06:56:11+00:00","og_image":[{"width":289,"height":600,"url":"https:\/\/xenonkungen.com\/wp-content\/uploads\/2025\/04\/190088041-origpic-a23348.png","type":"image\/png"}],"twitter_card":"summary_large_image","twitter_misc":{"Ansl. lesetid":"1 minutt"},"schema":{"@context":"https:\/\/schema.org","@graph":[{"@type":"WebPage","@id":"https:\/\/xenonkungen.com\/produkt\/meguiars-scratch-x-2-0\/","url":"https:\/\/xenonkungen.com\/produkt\/meguiars-scratch-x-2-0\/","name":"Meguiar&#039;s Scratch X 2.0 \u2013 Xenon-kongen","isPartOf":{"@id":"https:\/\/xenonkungen.com\/#website"},"primaryImageOfPage":{"@id":"https:\/\/xenonkungen.com\/produkt\/meguiars-scratch-x-2-0\/#primaryimage"},"image":{"@id":"https:\/\/xenonkungen.com\/produkt\/meguiars-scratch-x-2-0\/#primaryimage"},"thumbnailUrl":"https:\/\/xenonkungen.com\/wp-content\/uploads\/2025\/04\/190088041-origpic-a23348.png","datePublished":"2025-04-15T09:13:24+00:00","dateModified":"2026-04-01T06:56:11+00:00","breadcrumb":{"@id":"https:\/\/xenonkungen.com\/produkt\/meguiars-scratch-x-2-0\/#breadcrumb"},"inLanguage":"nb-NO","potentialAction":[{"@type":"ReadAction","target":["https:\/\/xenonkungen.com\/produkt\/meguiars-scratch-x-2-0\/"]}]},{"@type":"ImageObject","inLanguage":"nb-NO","@id":"https:\/\/xenonkungen.com\/produkt\/meguiars-scratch-x-2-0\/#primaryimage","url":"https:\/\/xenonkungen.com\/wp-content\/uploads\/2025\/04\/190088041-origpic-a23348.png","contentUrl":"https:\/\/xenonkungen.com\/wp-content\/uploads\/2025\/04\/190088041-origpic-a23348.png","width":289,"height":600},{"@type":"BreadcrumbList","@id":"https:\/\/xenonkungen.com\/produkt\/meguiars-scratch-x-2-0\/#breadcrumb","itemListElement":[{"@type":"ListItem","position":1,"name":"Hem","item":"https:\/\/xenonkungen.com\/"},{"@type":"ListItem","position":2,"name":"Shop","item":"https:\/\/xenonkungen.com\/shop\/"},{"@type":"ListItem","position":3,"name":"Meguiar&#8217;s Scratch X 2.0"}]},{"@type":"WebSite","@id":"https:\/\/xenonkungen.com\/#website","url":"https:\/\/xenonkungen.com\/","name":"Xenonkungen","description":"","potentialAction":[{"@type":"SearchAction","target":{"@type":"EntryPoint","urlTemplate":"https:\/\/xenonkungen.com\/?s={search_term_string}"},"query-input":{"@type":"PropertyValueSpecification","valueRequired":true,"valueName":"search_term_string"}}],"inLanguage":"nb-NO"}]}},"taxonomy_info":{"product_brand":[{"value":1383,"label":"Meguiar's"}],"product_cat":[{"value":2617,"label":"3 | Polering"},{"value":378,"label":"Bilv\u00e5rd"},{"value":1402,"label":"Outlet"}]},"featured_image_src_large":["https:\/\/xenonkungen.com\/wp-content\/uploads\/2025\/04\/190088041-origpic-a23348.png",289,600,false],"author_info":[],"comment_info":1,"_links":{"self":[{"href":"https:\/\/xenonkungen.com\/no\/wp-json\/wp\/v2\/product\/4459","targetHints":{"allow":["GET"]}}],"collection":[{"href":"https:\/\/xenonkungen.com\/no\/wp-json\/wp\/v2\/product"}],"about":[{"href":"https:\/\/xenonkungen.com\/no\/wp-json\/wp\/v2\/types\/product"}],"replies":[{"embeddable":true,"href":"https:\/\/xenonkungen.com\/no\/wp-json\/wp\/v2\/comments?post=4459"}],"wp:featuredmedia":[{"embeddable":true,"href":"https:\/\/xenonkungen.com\/no\/wp-json\/wp\/v2\/media\/4460"}],"wp:attachment":[{"href":"https:\/\/xenonkungen.com\/no\/wp-json\/wp\/v2\/media?parent=4459"}],"wp:term":[{"taxonomy":"anvandningsomrade","embeddable":true,"href":"https:\/\/xenonkungen.com\/no\/wp-json\/wp\/v2\/anvandningsomrade?post=4459"},{"taxonomy":"bilmarken","embeddable":true,"href":"https:\/\/xenonkungen.com\/no\/wp-json\/wp\/v2\/bilmarken?post=4459"},{"taxonomy":"product_brand","embeddable":true,"href":"https:\/\/xenonkungen.com\/no\/wp-json\/wp\/v2\/product_brand?post=4459"},{"taxonomy":"product_cat","embeddable":true,"href":"https:\/\/xenonkungen.com\/no\/wp-json\/wp\/v2\/product_cat?post=4459"},{"taxonomy":"product_tag","embeddable":true,"href":"https:\/\/xenonkungen.com\/no\/wp-json\/wp\/v2\/product_tag?post=4459"}],"curies":[{"name":"wp","href":"https:\/\/api.w.org\/{rel}","templated":true}]}}