{"id":4463,"date":"2025-04-15T09:13:29","date_gmt":"2025-04-15T09:13:29","guid":{"rendered":"https:\/\/xenonkungen.com\/product\/meguiars-quik-clay-detailing-system\/"},"modified":"2026-04-11T01:15:51","modified_gmt":"2026-04-11T00:15:51","slug":"meguiars-quik-clay-detailing-system","status":"publish","type":"product","link":"https:\/\/xenonkungen.com\/no\/produkt\/meguiars-quik-clay-detailing-system\/","title":{"rendered":"Meguiar's Quik Clay Detailing System"},"content":{"rendered":"<h1>Quik Clay Detailing System<\/h1>\n<p>Leiren fjerner hardnakket smuss som ikke har blitt fjernet i de foreg\u00e5ende trinnene i rengj\u00f8ringsprosessen. Dette kan f.eks. v\u00e6re lim, tj\u00e6re, spraymaling, rust osv. Leiren fjerner det mest hardnakkede smusset fra lakk- og glassoverflater. Smusspartiklene l\u00f8sner fra overflaten og g\u00e5r inn i leiren.<\/p>\n<p>Sagflis, lakkst\u00f8v og industriutslipp er bare noen f\u00e5 eksempler p\u00e5 forurensninger som kan feste seg til lakken og som ikke kan fjernes ved vask. Meguiar's Quik Clay Starter Kit fjerner disse avleiringene trygt og effektivt, og etterlater en overflate som er helt ren og gir en nesten voksbehandlet overflatef\u00f8lelse. Gj\u00f8r polering og voksing enklere med en mye dypere glans og bedre holdbarhet.<\/p>\n<p><strong>Innhold:<\/strong> 473 ml \/ 80 g leire<\/p>","protected":false},"excerpt":{"rendered":"<p>Meguiars Quik Clay Detailing System Starter Kit er en pakke som inneholder alt som trengs for \u00e5 rengj\u00f8re bilen din med leire.<\/p>","protected":false},"featured_media":4464,"comment_status":"closed","ping_status":"open","template":"","meta":{"_acf_changed":false,"_smort_price_nok":"374","_smort_price_dkk":"311","_smort_price_eur":"41.73","_smort_sale_price_nok":"374","_smort_sale_price_dkk":"","_smort_sale_price_eur":"","smort_restorder":"","shipmondo_restorder":"","_kad_blocks_custom_css":"","_kad_blocks_head_custom_js":"","_kad_blocks_body_custom_js":"","_kad_blocks_footer_custom_js":"","smort_custom_pricelist_1":"293.76","smort_custom_pricelist_2":"293.76","smort_custom_pricelist_3":"279.07","smort_custom_pricelist_4":"367.2","smort_custom_pricelist_5":"293.76"},"anvandningsomrade":[],"bilmarken":[],"product_brand":[1383],"product_cat":[2988,378,1402],"product_tag":[],"class_list":{"0":"post-4463","1":"product","2":"type-product","3":"status-publish","4":"has-post-thumbnail","6":"product_brand-meguiars","7":"product_cat-biltvatt","8":"product_cat-bilvard","9":"product_cat-outlet","11":"first","12":"instock","13":"sale","14":"taxable","15":"shipping-taxable","16":"purchasable","17":"product-type-simple"},"bundled_by":[],"bundle_stock_status":"instock","bundle_stock_quantity":1,"bundle_virtual":false,"bundle_layout":"","bundle_add_to_cart_form_location":"","bundle_editable_in_cart":false,"bundle_sold_individually_context":"","bundle_item_grouping":"","bundle_min_size":"","bundle_max_size":"","bundle_price":[],"bundled_items":[],"bundle_sell_ids":[],"acf":[],"yoast_head":"<!-- This site is optimized with the Yoast SEO plugin v27.0 - https:\/\/yoast.com\/product\/yoast-seo-wordpress\/ -->\n<title>Meguiar&#039;s Quik Clay Detailing System - Xenonkungen<\/title>\n<meta name=\"robots\" content=\"index, follow, max-snippet:-1, max-image-preview:large, max-video-preview:-1\" \/>\n<link rel=\"canonical\" href=\"https:\/\/xenonkungen.com\/no\/produkt\/meguiars-quik-clay-detailing-system\/\" \/>\n<meta property=\"og:locale\" content=\"nb_NO\" \/>\n<meta property=\"og:type\" content=\"article\" \/>\n<meta property=\"og:title\" content=\"Meguiar&#039;s Quik Clay Detailing System - Xenonkungen\" \/>\n<meta property=\"og:description\" content=\"Meguiars Quik Clay Detailing System Starter Kit \u00e4r ett paket som inneh\u00e5ller allt som beh\u00f6vs f\u00f6r att reng\u00f6ra bilen med lera.\" \/>\n<meta property=\"og:url\" content=\"https:\/\/xenonkungen.com\/no\/produkt\/meguiars-quik-clay-detailing-system\/\" \/>\n<meta property=\"og:site_name\" content=\"Xenonkungen\" \/>\n<meta property=\"article:modified_time\" content=\"2026-04-11T00:15:51+00:00\" \/>\n<meta property=\"og:image\" content=\"https:\/\/xenonkungen.com\/wp-content\/uploads\/2025\/04\/190087921-origpic-9550e7.png\" \/>\n\t<meta property=\"og:image:width\" content=\"325\" \/>\n\t<meta property=\"og:image:height\" content=\"600\" \/>\n\t<meta property=\"og:image:type\" content=\"image\/png\" \/>\n<meta name=\"twitter:card\" content=\"summary_large_image\" \/>\n<meta name=\"twitter:label1\" content=\"Ansl. lesetid\" \/>\n\t<meta name=\"twitter:data1\" content=\"1 minutt\" \/>\n<script type=\"application\/ld+json\" class=\"yoast-schema-graph\">{\"@context\":\"https:\/\/schema.org\",\"@graph\":[{\"@type\":\"WebPage\",\"@id\":\"https:\/\/xenonkungen.com\/produkt\/meguiars-quik-clay-detailing-system\/\",\"url\":\"https:\/\/xenonkungen.com\/produkt\/meguiars-quik-clay-detailing-system\/\",\"name\":\"Meguiar's Quik Clay Detailing System - Xenonkungen\",\"isPartOf\":{\"@id\":\"https:\/\/xenonkungen.com\/#website\"},\"primaryImageOfPage\":{\"@id\":\"https:\/\/xenonkungen.com\/produkt\/meguiars-quik-clay-detailing-system\/#primaryimage\"},\"image\":{\"@id\":\"https:\/\/xenonkungen.com\/produkt\/meguiars-quik-clay-detailing-system\/#primaryimage\"},\"thumbnailUrl\":\"https:\/\/xenonkungen.com\/wp-content\/uploads\/2025\/04\/190087921-origpic-9550e7.png\",\"datePublished\":\"2025-04-15T09:13:29+00:00\",\"dateModified\":\"2026-04-11T00:15:51+00:00\",\"breadcrumb\":{\"@id\":\"https:\/\/xenonkungen.com\/produkt\/meguiars-quik-clay-detailing-system\/#breadcrumb\"},\"inLanguage\":\"nb-NO\",\"potentialAction\":[{\"@type\":\"ReadAction\",\"target\":[\"https:\/\/xenonkungen.com\/produkt\/meguiars-quik-clay-detailing-system\/\"]}]},{\"@type\":\"ImageObject\",\"inLanguage\":\"nb-NO\",\"@id\":\"https:\/\/xenonkungen.com\/produkt\/meguiars-quik-clay-detailing-system\/#primaryimage\",\"url\":\"https:\/\/xenonkungen.com\/wp-content\/uploads\/2025\/04\/190087921-origpic-9550e7.png\",\"contentUrl\":\"https:\/\/xenonkungen.com\/wp-content\/uploads\/2025\/04\/190087921-origpic-9550e7.png\",\"width\":325,\"height\":600},{\"@type\":\"BreadcrumbList\",\"@id\":\"https:\/\/xenonkungen.com\/produkt\/meguiars-quik-clay-detailing-system\/#breadcrumb\",\"itemListElement\":[{\"@type\":\"ListItem\",\"position\":1,\"name\":\"Hem\",\"item\":\"https:\/\/xenonkungen.com\/\"},{\"@type\":\"ListItem\",\"position\":2,\"name\":\"Shop\",\"item\":\"https:\/\/xenonkungen.com\/shop\/\"},{\"@type\":\"ListItem\",\"position\":3,\"name\":\"Meguiar&#8217;s Quik Clay Detailing System\"}]},{\"@type\":\"WebSite\",\"@id\":\"https:\/\/xenonkungen.com\/#website\",\"url\":\"https:\/\/xenonkungen.com\/\",\"name\":\"Xenonkungen\",\"description\":\"\",\"potentialAction\":[{\"@type\":\"SearchAction\",\"target\":{\"@type\":\"EntryPoint\",\"urlTemplate\":\"https:\/\/xenonkungen.com\/?s={search_term_string}\"},\"query-input\":{\"@type\":\"PropertyValueSpecification\",\"valueRequired\":true,\"valueName\":\"search_term_string\"}}],\"inLanguage\":\"nb-NO\"}]}<\/script>\n<!-- \/ Yoast SEO plugin. -->","yoast_head_json":{"title":"Meguiar&#039;s Quik Clay Detailing System \u2013 Xenon-kongen","robots":{"index":"index","follow":"follow","max-snippet":"max-snippet:-1","max-image-preview":"max-image-preview:large","max-video-preview":"max-video-preview:-1"},"canonical":"https:\/\/xenonkungen.com\/no\/produkt\/meguiars-quik-clay-detailing-system\/","og_locale":"nb_NO","og_type":"article","og_title":"Meguiar's Quik Clay Detailing System - Xenonkungen","og_description":"Meguiars Quik Clay Detailing System Starter Kit \u00e4r ett paket som inneh\u00e5ller allt som beh\u00f6vs f\u00f6r att reng\u00f6ra bilen med lera.","og_url":"https:\/\/xenonkungen.com\/no\/produkt\/meguiars-quik-clay-detailing-system\/","og_site_name":"Xenonkungen","article_modified_time":"2026-04-11T00:15:51+00:00","og_image":[{"width":325,"height":600,"url":"https:\/\/xenonkungen.com\/wp-content\/uploads\/2025\/04\/190087921-origpic-9550e7.png","type":"image\/png"}],"twitter_card":"summary_large_image","twitter_misc":{"Ansl. lesetid":"1 minutt"},"schema":{"@context":"https:\/\/schema.org","@graph":[{"@type":"WebPage","@id":"https:\/\/xenonkungen.com\/produkt\/meguiars-quik-clay-detailing-system\/","url":"https:\/\/xenonkungen.com\/produkt\/meguiars-quik-clay-detailing-system\/","name":"Meguiar&#039;s Quik Clay Detailing System \u2013 Xenon-kongen","isPartOf":{"@id":"https:\/\/xenonkungen.com\/#website"},"primaryImageOfPage":{"@id":"https:\/\/xenonkungen.com\/produkt\/meguiars-quik-clay-detailing-system\/#primaryimage"},"image":{"@id":"https:\/\/xenonkungen.com\/produkt\/meguiars-quik-clay-detailing-system\/#primaryimage"},"thumbnailUrl":"https:\/\/xenonkungen.com\/wp-content\/uploads\/2025\/04\/190087921-origpic-9550e7.png","datePublished":"2025-04-15T09:13:29+00:00","dateModified":"2026-04-11T00:15:51+00:00","breadcrumb":{"@id":"https:\/\/xenonkungen.com\/produkt\/meguiars-quik-clay-detailing-system\/#breadcrumb"},"inLanguage":"nb-NO","potentialAction":[{"@type":"ReadAction","target":["https:\/\/xenonkungen.com\/produkt\/meguiars-quik-clay-detailing-system\/"]}]},{"@type":"ImageObject","inLanguage":"nb-NO","@id":"https:\/\/xenonkungen.com\/produkt\/meguiars-quik-clay-detailing-system\/#primaryimage","url":"https:\/\/xenonkungen.com\/wp-content\/uploads\/2025\/04\/190087921-origpic-9550e7.png","contentUrl":"https:\/\/xenonkungen.com\/wp-content\/uploads\/2025\/04\/190087921-origpic-9550e7.png","width":325,"height":600},{"@type":"BreadcrumbList","@id":"https:\/\/xenonkungen.com\/produkt\/meguiars-quik-clay-detailing-system\/#breadcrumb","itemListElement":[{"@type":"ListItem","position":1,"name":"Hem","item":"https:\/\/xenonkungen.com\/"},{"@type":"ListItem","position":2,"name":"Shop","item":"https:\/\/xenonkungen.com\/shop\/"},{"@type":"ListItem","position":3,"name":"Meguiar&#8217;s Quik Clay Detailing System"}]},{"@type":"WebSite","@id":"https:\/\/xenonkungen.com\/#website","url":"https:\/\/xenonkungen.com\/","name":"Xenonkungen","description":"","potentialAction":[{"@type":"SearchAction","target":{"@type":"EntryPoint","urlTemplate":"https:\/\/xenonkungen.com\/?s={search_term_string}"},"query-input":{"@type":"PropertyValueSpecification","valueRequired":true,"valueName":"search_term_string"}}],"inLanguage":"nb-NO"}]}},"taxonomy_info":{"product_brand":[{"value":1383,"label":"Meguiar's"}],"product_cat":[{"value":2988,"label":"1 | Biltv\u00e4tt"},{"value":378,"label":"Bilv\u00e5rd"},{"value":1402,"label":"Outlet"}]},"featured_image_src_large":["https:\/\/xenonkungen.com\/wp-content\/uploads\/2025\/04\/190087921-origpic-9550e7.png",325,600,false],"author_info":[],"comment_info":0,"_links":{"self":[{"href":"https:\/\/xenonkungen.com\/no\/wp-json\/wp\/v2\/product\/4463","targetHints":{"allow":["GET"]}}],"collection":[{"href":"https:\/\/xenonkungen.com\/no\/wp-json\/wp\/v2\/product"}],"about":[{"href":"https:\/\/xenonkungen.com\/no\/wp-json\/wp\/v2\/types\/product"}],"replies":[{"embeddable":true,"href":"https:\/\/xenonkungen.com\/no\/wp-json\/wp\/v2\/comments?post=4463"}],"wp:featuredmedia":[{"embeddable":true,"href":"https:\/\/xenonkungen.com\/no\/wp-json\/wp\/v2\/media\/4464"}],"wp:attachment":[{"href":"https:\/\/xenonkungen.com\/no\/wp-json\/wp\/v2\/media?parent=4463"}],"wp:term":[{"taxonomy":"anvandningsomrade","embeddable":true,"href":"https:\/\/xenonkungen.com\/no\/wp-json\/wp\/v2\/anvandningsomrade?post=4463"},{"taxonomy":"bilmarken","embeddable":true,"href":"https:\/\/xenonkungen.com\/no\/wp-json\/wp\/v2\/bilmarken?post=4463"},{"taxonomy":"product_brand","embeddable":true,"href":"https:\/\/xenonkungen.com\/no\/wp-json\/wp\/v2\/product_brand?post=4463"},{"taxonomy":"product_cat","embeddable":true,"href":"https:\/\/xenonkungen.com\/no\/wp-json\/wp\/v2\/product_cat?post=4463"},{"taxonomy":"product_tag","embeddable":true,"href":"https:\/\/xenonkungen.com\/no\/wp-json\/wp\/v2\/product_tag?post=4463"}],"curies":[{"name":"wp","href":"https:\/\/api.w.org\/{rel}","templated":true}]}}