{"id":4471,"date":"2025-04-15T09:13:29","date_gmt":"2025-04-15T09:13:29","guid":{"rendered":"https:\/\/xenonkungen.com\/product\/meguiars-quik-interior-detailer-wipes\/"},"modified":"2026-04-11T01:16:07","modified_gmt":"2026-04-11T00:16:07","slug":"meguiars-quik-interiordetaljservietter","status":"publish","type":"product","link":"https:\/\/xenonkungen.com\/no\/produkt\/meguiars-quik-interiordetaljservietter\/","title":{"rendered":"Meguiar's Quik Interior Detailer Wipes"},"content":{"rendered":"<h1>Quik Interior Detailer Wipes<\/h1>\n<p>Den raskeste m\u00e5ten \u00e5 rengj\u00f8re og beskytte alle innvendige overflater p\u00e5. Quik Interior Detailer Wipes\u2122 bevarer f\u00f8lelsen og utseendet til plast, vinyl, m\u00f8beltrekk, gummi, metall og audiovisuelt utstyr. Fettfrie Quik Interior Detailer Wipes gir et naturlig utseende og en frisk duft. <\/p>\n<p><strong>Innhold:<\/strong> 25 stk (17,78 cm x 22,86 cm)<\/p>","protected":false},"excerpt":{"rendered":"<p>Rengj\u00f8r og behandler alle bilens innvendige overflater med enkle kluter. Perfekt n\u00e5r du raskt trenger \u00e5 friske opp bilens interi\u00f8r!<\/p>","protected":false},"featured_media":4472,"comment_status":"closed","ping_status":"open","template":"","meta":{"_acf_changed":false,"_smort_price_nok":"140","_smort_price_dkk":"121","_smort_price_eur":"16.27","_smort_sale_price_nok":"140","_smort_sale_price_dkk":"","_smort_sale_price_eur":"","smort_restorder":"","shipmondo_restorder":"","_kad_blocks_custom_css":"","_kad_blocks_head_custom_js":"","_kad_blocks_body_custom_js":"","_kad_blocks_footer_custom_js":"","smort_custom_pricelist_1":"114.56","smort_custom_pricelist_2":"114.56","smort_custom_pricelist_3":"108.83","smort_custom_pricelist_4":"143.2","smort_custom_pricelist_5":"114.56"},"anvandningsomrade":[],"bilmarken":[],"product_brand":[1383],"product_cat":[2992,2618,378,1402],"product_tag":[],"class_list":{"0":"post-4471","1":"product","2":"type-product","3":"status-publish","4":"has-post-thumbnail","6":"product_brand-meguiars","7":"product_cat-home-bilvard","8":"product_cat-interior","9":"product_cat-bilvard","10":"product_cat-outlet","11":"pa_storlek-mm-178-x-229","13":"first","14":"instock","15":"sale","16":"taxable","17":"shipping-taxable","18":"purchasable","19":"product-type-simple"},"bundled_by":[],"bundle_stock_status":"instock","bundle_stock_quantity":3,"bundle_virtual":false,"bundle_layout":"","bundle_add_to_cart_form_location":"","bundle_editable_in_cart":false,"bundle_sold_individually_context":"","bundle_item_grouping":"","bundle_min_size":"","bundle_max_size":"","bundle_price":[],"bundled_items":[],"bundle_sell_ids":[],"acf":[],"yoast_head":"<!-- This site is optimized with the Yoast SEO plugin v27.0 - https:\/\/yoast.com\/product\/yoast-seo-wordpress\/ -->\n<title>Meguiar&#039;s Quik Interior Detailer Wipes - Xenonkungen<\/title>\n<meta name=\"robots\" content=\"index, follow, max-snippet:-1, max-image-preview:large, max-video-preview:-1\" \/>\n<link rel=\"canonical\" href=\"https:\/\/xenonkungen.com\/no\/produkt\/meguiars-quik-interiordetaljservietter\/\" \/>\n<meta property=\"og:locale\" content=\"nb_NO\" \/>\n<meta property=\"og:type\" content=\"article\" \/>\n<meta property=\"og:title\" content=\"Meguiar&#039;s Quik Interior Detailer Wipes - Xenonkungen\" \/>\n<meta property=\"og:description\" content=\"Reng\u00f6ring och behandling av alla inre ytor i bilen med enkla wipes. Funkar perfekt n\u00e4r du snabbt beh\u00f6ver fr\u00e4scha upp bilens interi\u00f6r!\" \/>\n<meta property=\"og:url\" content=\"https:\/\/xenonkungen.com\/no\/produkt\/meguiars-quik-interiordetaljservietter\/\" \/>\n<meta property=\"og:site_name\" content=\"Xenonkungen\" \/>\n<meta property=\"article:modified_time\" content=\"2026-04-11T00:16:07+00:00\" \/>\n<meta property=\"og:image\" content=\"https:\/\/xenonkungen.com\/wp-content\/uploads\/2025\/04\/190088139-origpic-7ecf6d.png\" \/>\n\t<meta property=\"og:image:width\" content=\"2048\" \/>\n\t<meta property=\"og:image:height\" content=\"2048\" \/>\n\t<meta property=\"og:image:type\" content=\"image\/png\" \/>\n<meta name=\"twitter:card\" content=\"summary_large_image\" \/>\n<script type=\"application\/ld+json\" class=\"yoast-schema-graph\">{\"@context\":\"https:\/\/schema.org\",\"@graph\":[{\"@type\":\"WebPage\",\"@id\":\"https:\/\/xenonkungen.com\/produkt\/meguiars-quik-interior-detailer-wipes\/\",\"url\":\"https:\/\/xenonkungen.com\/produkt\/meguiars-quik-interior-detailer-wipes\/\",\"name\":\"Meguiar's Quik Interior Detailer Wipes - Xenonkungen\",\"isPartOf\":{\"@id\":\"https:\/\/xenonkungen.com\/#website\"},\"primaryImageOfPage\":{\"@id\":\"https:\/\/xenonkungen.com\/produkt\/meguiars-quik-interior-detailer-wipes\/#primaryimage\"},\"image\":{\"@id\":\"https:\/\/xenonkungen.com\/produkt\/meguiars-quik-interior-detailer-wipes\/#primaryimage\"},\"thumbnailUrl\":\"https:\/\/xenonkungen.com\/wp-content\/uploads\/2025\/04\/190088139-origpic-7ecf6d.png\",\"datePublished\":\"2025-04-15T09:13:29+00:00\",\"dateModified\":\"2026-04-11T00:16:07+00:00\",\"breadcrumb\":{\"@id\":\"https:\/\/xenonkungen.com\/produkt\/meguiars-quik-interior-detailer-wipes\/#breadcrumb\"},\"inLanguage\":\"nb-NO\",\"potentialAction\":[{\"@type\":\"ReadAction\",\"target\":[\"https:\/\/xenonkungen.com\/produkt\/meguiars-quik-interior-detailer-wipes\/\"]}]},{\"@type\":\"ImageObject\",\"inLanguage\":\"nb-NO\",\"@id\":\"https:\/\/xenonkungen.com\/produkt\/meguiars-quik-interior-detailer-wipes\/#primaryimage\",\"url\":\"https:\/\/xenonkungen.com\/wp-content\/uploads\/2025\/04\/190088139-origpic-7ecf6d.png\",\"contentUrl\":\"https:\/\/xenonkungen.com\/wp-content\/uploads\/2025\/04\/190088139-origpic-7ecf6d.png\",\"width\":2048,\"height\":2048},{\"@type\":\"BreadcrumbList\",\"@id\":\"https:\/\/xenonkungen.com\/produkt\/meguiars-quik-interior-detailer-wipes\/#breadcrumb\",\"itemListElement\":[{\"@type\":\"ListItem\",\"position\":1,\"name\":\"Hem\",\"item\":\"https:\/\/xenonkungen.com\/\"},{\"@type\":\"ListItem\",\"position\":2,\"name\":\"Shop\",\"item\":\"https:\/\/xenonkungen.com\/shop\/\"},{\"@type\":\"ListItem\",\"position\":3,\"name\":\"Meguiar&#8217;s Quik Interior Detailer Wipes\"}]},{\"@type\":\"WebSite\",\"@id\":\"https:\/\/xenonkungen.com\/#website\",\"url\":\"https:\/\/xenonkungen.com\/\",\"name\":\"Xenonkungen\",\"description\":\"\",\"potentialAction\":[{\"@type\":\"SearchAction\",\"target\":{\"@type\":\"EntryPoint\",\"urlTemplate\":\"https:\/\/xenonkungen.com\/?s={search_term_string}\"},\"query-input\":{\"@type\":\"PropertyValueSpecification\",\"valueRequired\":true,\"valueName\":\"search_term_string\"}}],\"inLanguage\":\"nb-NO\"}]}<\/script>\n<!-- \/ Yoast SEO plugin. -->","yoast_head_json":{"title":"Meguiar&#039;s Quik Interior Detailer Wipes - Xenon-kongen","robots":{"index":"index","follow":"follow","max-snippet":"max-snippet:-1","max-image-preview":"max-image-preview:large","max-video-preview":"max-video-preview:-1"},"canonical":"https:\/\/xenonkungen.com\/no\/produkt\/meguiars-quik-interiordetaljservietter\/","og_locale":"nb_NO","og_type":"article","og_title":"Meguiar's Quik Interior Detailer Wipes - Xenonkungen","og_description":"Reng\u00f6ring och behandling av alla inre ytor i bilen med enkla wipes. Funkar perfekt n\u00e4r du snabbt beh\u00f6ver fr\u00e4scha upp bilens interi\u00f6r!","og_url":"https:\/\/xenonkungen.com\/no\/produkt\/meguiars-quik-interiordetaljservietter\/","og_site_name":"Xenonkungen","article_modified_time":"2026-04-11T00:16:07+00:00","og_image":[{"width":2048,"height":2048,"url":"https:\/\/xenonkungen.com\/wp-content\/uploads\/2025\/04\/190088139-origpic-7ecf6d.png","type":"image\/png"}],"twitter_card":"summary_large_image","schema":{"@context":"https:\/\/schema.org","@graph":[{"@type":"WebPage","@id":"https:\/\/xenonkungen.com\/produkt\/meguiars-quik-interior-detailer-wipes\/","url":"https:\/\/xenonkungen.com\/produkt\/meguiars-quik-interior-detailer-wipes\/","name":"Meguiar&#039;s Quik Interior Detailer Wipes - Xenon-kongen","isPartOf":{"@id":"https:\/\/xenonkungen.com\/#website"},"primaryImageOfPage":{"@id":"https:\/\/xenonkungen.com\/produkt\/meguiars-quik-interior-detailer-wipes\/#primaryimage"},"image":{"@id":"https:\/\/xenonkungen.com\/produkt\/meguiars-quik-interior-detailer-wipes\/#primaryimage"},"thumbnailUrl":"https:\/\/xenonkungen.com\/wp-content\/uploads\/2025\/04\/190088139-origpic-7ecf6d.png","datePublished":"2025-04-15T09:13:29+00:00","dateModified":"2026-04-11T00:16:07+00:00","breadcrumb":{"@id":"https:\/\/xenonkungen.com\/produkt\/meguiars-quik-interior-detailer-wipes\/#breadcrumb"},"inLanguage":"nb-NO","potentialAction":[{"@type":"ReadAction","target":["https:\/\/xenonkungen.com\/produkt\/meguiars-quik-interior-detailer-wipes\/"]}]},{"@type":"ImageObject","inLanguage":"nb-NO","@id":"https:\/\/xenonkungen.com\/produkt\/meguiars-quik-interior-detailer-wipes\/#primaryimage","url":"https:\/\/xenonkungen.com\/wp-content\/uploads\/2025\/04\/190088139-origpic-7ecf6d.png","contentUrl":"https:\/\/xenonkungen.com\/wp-content\/uploads\/2025\/04\/190088139-origpic-7ecf6d.png","width":2048,"height":2048},{"@type":"BreadcrumbList","@id":"https:\/\/xenonkungen.com\/produkt\/meguiars-quik-interior-detailer-wipes\/#breadcrumb","itemListElement":[{"@type":"ListItem","position":1,"name":"Hem","item":"https:\/\/xenonkungen.com\/"},{"@type":"ListItem","position":2,"name":"Shop","item":"https:\/\/xenonkungen.com\/shop\/"},{"@type":"ListItem","position":3,"name":"Meguiar&#8217;s Quik Interior Detailer Wipes"}]},{"@type":"WebSite","@id":"https:\/\/xenonkungen.com\/#website","url":"https:\/\/xenonkungen.com\/","name":"Xenonkungen","description":"","potentialAction":[{"@type":"SearchAction","target":{"@type":"EntryPoint","urlTemplate":"https:\/\/xenonkungen.com\/?s={search_term_string}"},"query-input":{"@type":"PropertyValueSpecification","valueRequired":true,"valueName":"search_term_string"}}],"inLanguage":"nb-NO"}]}},"taxonomy_info":{"product_brand":[{"value":1383,"label":"Meguiar's"}],"product_cat":[{"value":2992,"label":"Home"},{"value":2618,"label":"Interi\u00f6r"},{"value":378,"label":"Bilv\u00e5rd"},{"value":1402,"label":"Outlet"}],"pa_storlek-mm":[{"value":1387,"label":"178 x 229"}]},"featured_image_src_large":["https:\/\/xenonkungen.com\/wp-content\/uploads\/2025\/04\/190088139-origpic-7ecf6d-1024x1024.png",1024,1024,true],"author_info":[],"comment_info":0,"_links":{"self":[{"href":"https:\/\/xenonkungen.com\/no\/wp-json\/wp\/v2\/product\/4471","targetHints":{"allow":["GET"]}}],"collection":[{"href":"https:\/\/xenonkungen.com\/no\/wp-json\/wp\/v2\/product"}],"about":[{"href":"https:\/\/xenonkungen.com\/no\/wp-json\/wp\/v2\/types\/product"}],"replies":[{"embeddable":true,"href":"https:\/\/xenonkungen.com\/no\/wp-json\/wp\/v2\/comments?post=4471"}],"wp:featuredmedia":[{"embeddable":true,"href":"https:\/\/xenonkungen.com\/no\/wp-json\/wp\/v2\/media\/4472"}],"wp:attachment":[{"href":"https:\/\/xenonkungen.com\/no\/wp-json\/wp\/v2\/media?parent=4471"}],"wp:term":[{"taxonomy":"anvandningsomrade","embeddable":true,"href":"https:\/\/xenonkungen.com\/no\/wp-json\/wp\/v2\/anvandningsomrade?post=4471"},{"taxonomy":"bilmarken","embeddable":true,"href":"https:\/\/xenonkungen.com\/no\/wp-json\/wp\/v2\/bilmarken?post=4471"},{"taxonomy":"product_brand","embeddable":true,"href":"https:\/\/xenonkungen.com\/no\/wp-json\/wp\/v2\/product_brand?post=4471"},{"taxonomy":"product_cat","embeddable":true,"href":"https:\/\/xenonkungen.com\/no\/wp-json\/wp\/v2\/product_cat?post=4471"},{"taxonomy":"product_tag","embeddable":true,"href":"https:\/\/xenonkungen.com\/no\/wp-json\/wp\/v2\/product_tag?post=4471"}],"curies":[{"name":"wp","href":"https:\/\/api.w.org\/{rel}","templated":true}]}}