{"id":4481,"date":"2025-04-15T09:13:37","date_gmt":"2025-04-15T09:13:37","guid":{"rendered":"https:\/\/xenonkungen.com\/product\/meguiars-air-re-fresher-new-car\/"},"modified":"2026-03-27T10:21:21","modified_gmt":"2026-03-27T09:21:21","slug":"meguiars-air-fresher-til-ny-bil","status":"publish","type":"product","link":"https:\/\/xenonkungen.com\/no\/produkt\/meguiars-air-fresher-til-ny-bil\/","title":{"rendered":"Meguiar's Air Re-Fresher Ny bil"},"content":{"rendered":"<h1>Whole Car Air Re-Fresher Ny bil<\/h1>\n<p>Det f\u00f8rste systemet som eliminerer lukt fra hele bilen. Eliminerer lukt \u00f8yeblikkelig og permanent p\u00e5 molekylniv\u00e5 helt inn i viftesystemet, og etterlater en ny billukt.<\/p>\n<p>Fjerner permanent u\u00f8nsket lukt som sigarettr\u00f8yk, v\u00e5t hund osv.<\/p>\n<p>\"1 gangs bruk\"<\/p>\n<p><strong>Innhold (g):<\/strong> 57<\/p>\n<h2><strong>Advarsel!<\/strong><\/h2>\n<p><strong>Fargekoding:<\/strong><\/p>\n<ul>\n<li>Ekstremt brannfarlig aerosol. Beholder under trykk: Kan sprekke ved oppvarming<\/li>\n<li>For\u00e5rsaker alvorlig \u00f8yeirritasjon<\/li>\n<li>Langsiktige negative effekter p\u00e5 vannlevende organismer<\/li>\n<\/ul>\n<p><strong>Beskyttelsesbetegnelser:<\/strong><\/p>\n<ul>\n<li>Oppbevares utilgjengelig for barn<\/li>\n<li>M\u00e5 ikke utsettes for varme, varme overflater, gnister, \u00e5pen ild eller andre antennelseskilder.<\/li>\n<li>R\u00f8yking forbudt<\/li>\n<li>Ikke spray over \u00e5pen ild eller andre antennelseskilder<\/li>\n<li>M\u00e5 ikke punkteres eller brennes, heller ikke tomme beholdere<\/li>\n<li>Bruk \u00f8yebeskyttelse<\/li>\n<li>Beskyttes mot sollys. M\u00e5 ikke utsettes for temperaturer over 50 \u00b0C<\/li>\n<li>Innholdet og beholderen leveres til et godkjent avfallsh\u00e5ndteringsanlegg<\/li>\n<\/ul>","protected":false},"excerpt":{"rendered":"<p>Fjerner lukt med enest\u00e5ende resultater! Whole Car Re-fresher eliminerer u\u00f8nsket lukt \u00f8yeblikkelig og permanent p\u00e5 molekyl\u00e6rt niv\u00e5 rett inn i viftesystemet. Etterlater en frisk duft. Perfekt mot d\u00e5rlig lukt, for eksempel fra hunder eller sigarettr\u00f8yk.<\/p>","protected":false},"featured_media":4482,"comment_status":"closed","ping_status":"open","template":"","meta":{"_acf_changed":false,"_smort_price_nok":"245","_smort_price_dkk":"155","_smort_price_eur":"20.82","_smort_sale_price_nok":"","_smort_sale_price_dkk":"","_smort_sale_price_eur":"","smort_restorder":"","shipmondo_restorder":"","_kad_blocks_custom_css":"","_kad_blocks_head_custom_js":"","_kad_blocks_body_custom_js":"","_kad_blocks_footer_custom_js":"","smort_custom_pricelist_1":"146.56","smort_custom_pricelist_2":"146.56","smort_custom_pricelist_3":"139.23","smort_custom_pricelist_4":"183.2","smort_custom_pricelist_5":"146.56"},"anvandningsomrade":[],"bilmarken":[],"product_brand":[1383],"product_cat":[2447,2618,2991,378],"product_tag":[],"class_list":{"0":"post-4481","1":"product","2":"type-product","3":"status-publish","4":"has-post-thumbnail","6":"product_brand-meguiars","7":"product_cat-doft","8":"product_cat-interior","9":"product_cat-luktborttagning-doft","10":"product_cat-bilvard","12":"first","13":"instock","14":"taxable","15":"shipping-taxable","16":"purchasable","17":"product-type-simple"},"bundled_by":[],"bundle_stock_status":"instock","bundle_stock_quantity":6,"bundle_virtual":false,"bundle_layout":"","bundle_add_to_cart_form_location":"","bundle_editable_in_cart":false,"bundle_sold_individually_context":"","bundle_item_grouping":"","bundle_min_size":"","bundle_max_size":"","bundle_price":[],"bundled_items":[],"bundle_sell_ids":[],"acf":[],"yoast_head":"<!-- This site is optimized with the Yoast SEO plugin v27.0 - https:\/\/yoast.com\/product\/yoast-seo-wordpress\/ -->\n<title>Meguiar&#039;s Air Re-Fresher New Car - Xenonkungen<\/title>\n<meta name=\"robots\" content=\"index, follow, max-snippet:-1, max-image-preview:large, max-video-preview:-1\" \/>\n<link rel=\"canonical\" href=\"https:\/\/xenonkungen.com\/no\/produkt\/meguiars-air-fresher-til-ny-bil\/\" \/>\n<meta property=\"og:locale\" content=\"nb_NO\" \/>\n<meta property=\"og:type\" content=\"article\" \/>\n<meta property=\"og:title\" content=\"Meguiar&#039;s Air Re-Fresher New Car - Xenonkungen\" \/>\n<meta property=\"og:description\" content=\"Tar bort lukt med o\u00f6vertr\u00e4ffat resultat! Whole Car Re-freshers eliminerar ov\u00e4lkommen lukt omedelbart och permanent p\u00e5 molekyl\u00e4r niv\u00e5 \u00e4nda in i fl\u00e4ktsystemet. L\u00e4mnar en fr\u00e4sch doft efter sig. Perfekt mot d\u00e5lig lukt, efter till exempel hund eller cigarettr\u00f6k.\" \/>\n<meta property=\"og:url\" content=\"https:\/\/xenonkungen.com\/no\/produkt\/meguiars-air-fresher-til-ny-bil\/\" \/>\n<meta property=\"og:site_name\" content=\"Xenonkungen\" \/>\n<meta property=\"article:modified_time\" content=\"2026-03-27T09:21:21+00:00\" \/>\n<meta property=\"og:image\" content=\"https:\/\/xenonkungen.com\/wp-content\/uploads\/2025\/04\/190088061-origpic-c08765.png\" \/>\n\t<meta property=\"og:image:width\" content=\"418\" \/>\n\t<meta property=\"og:image:height\" content=\"600\" \/>\n\t<meta property=\"og:image:type\" content=\"image\/png\" \/>\n<meta name=\"twitter:card\" content=\"summary_large_image\" \/>\n<meta name=\"twitter:label1\" content=\"Ansl. lesetid\" \/>\n\t<meta name=\"twitter:data1\" content=\"1 minutt\" \/>\n<script type=\"application\/ld+json\" class=\"yoast-schema-graph\">{\"@context\":\"https:\/\/schema.org\",\"@graph\":[{\"@type\":\"WebPage\",\"@id\":\"https:\/\/xenonkungen.com\/produkt\/meguiars-air-re-fresher-new-car\/\",\"url\":\"https:\/\/xenonkungen.com\/produkt\/meguiars-air-re-fresher-new-car\/\",\"name\":\"Meguiar's Air Re-Fresher New Car - Xenonkungen\",\"isPartOf\":{\"@id\":\"https:\/\/xenonkungen.com\/#website\"},\"primaryImageOfPage\":{\"@id\":\"https:\/\/xenonkungen.com\/produkt\/meguiars-air-re-fresher-new-car\/#primaryimage\"},\"image\":{\"@id\":\"https:\/\/xenonkungen.com\/produkt\/meguiars-air-re-fresher-new-car\/#primaryimage\"},\"thumbnailUrl\":\"https:\/\/xenonkungen.com\/wp-content\/uploads\/2025\/04\/190088061-origpic-c08765.png\",\"datePublished\":\"2025-04-15T09:13:37+00:00\",\"dateModified\":\"2026-03-27T09:21:21+00:00\",\"breadcrumb\":{\"@id\":\"https:\/\/xenonkungen.com\/produkt\/meguiars-air-re-fresher-new-car\/#breadcrumb\"},\"inLanguage\":\"nb-NO\",\"potentialAction\":[{\"@type\":\"ReadAction\",\"target\":[\"https:\/\/xenonkungen.com\/produkt\/meguiars-air-re-fresher-new-car\/\"]}]},{\"@type\":\"ImageObject\",\"inLanguage\":\"nb-NO\",\"@id\":\"https:\/\/xenonkungen.com\/produkt\/meguiars-air-re-fresher-new-car\/#primaryimage\",\"url\":\"https:\/\/xenonkungen.com\/wp-content\/uploads\/2025\/04\/190088061-origpic-c08765.png\",\"contentUrl\":\"https:\/\/xenonkungen.com\/wp-content\/uploads\/2025\/04\/190088061-origpic-c08765.png\",\"width\":418,\"height\":600},{\"@type\":\"BreadcrumbList\",\"@id\":\"https:\/\/xenonkungen.com\/produkt\/meguiars-air-re-fresher-new-car\/#breadcrumb\",\"itemListElement\":[{\"@type\":\"ListItem\",\"position\":1,\"name\":\"Hem\",\"item\":\"https:\/\/xenonkungen.com\/\"},{\"@type\":\"ListItem\",\"position\":2,\"name\":\"Shop\",\"item\":\"https:\/\/xenonkungen.com\/shop\/\"},{\"@type\":\"ListItem\",\"position\":3,\"name\":\"Meguiar&#8217;s Air Re-Fresher New Car\"}]},{\"@type\":\"WebSite\",\"@id\":\"https:\/\/xenonkungen.com\/#website\",\"url\":\"https:\/\/xenonkungen.com\/\",\"name\":\"Xenonkungen\",\"description\":\"\",\"potentialAction\":[{\"@type\":\"SearchAction\",\"target\":{\"@type\":\"EntryPoint\",\"urlTemplate\":\"https:\/\/xenonkungen.com\/?s={search_term_string}\"},\"query-input\":{\"@type\":\"PropertyValueSpecification\",\"valueRequired\":true,\"valueName\":\"search_term_string\"}}],\"inLanguage\":\"nb-NO\"}]}<\/script>\n<!-- \/ Yoast SEO plugin. -->","yoast_head_json":{"title":"Meguiar&#039;s Air Re-Fresher Ny bil - Xenon-kongen","robots":{"index":"index","follow":"follow","max-snippet":"max-snippet:-1","max-image-preview":"max-image-preview:large","max-video-preview":"max-video-preview:-1"},"canonical":"https:\/\/xenonkungen.com\/no\/produkt\/meguiars-air-fresher-til-ny-bil\/","og_locale":"nb_NO","og_type":"article","og_title":"Meguiar's Air Re-Fresher New Car - Xenonkungen","og_description":"Tar bort lukt med o\u00f6vertr\u00e4ffat resultat! Whole Car Re-freshers eliminerar ov\u00e4lkommen lukt omedelbart och permanent p\u00e5 molekyl\u00e4r niv\u00e5 \u00e4nda in i fl\u00e4ktsystemet. L\u00e4mnar en fr\u00e4sch doft efter sig. Perfekt mot d\u00e5lig lukt, efter till exempel hund eller cigarettr\u00f6k.","og_url":"https:\/\/xenonkungen.com\/no\/produkt\/meguiars-air-fresher-til-ny-bil\/","og_site_name":"Xenonkungen","article_modified_time":"2026-03-27T09:21:21+00:00","og_image":[{"width":418,"height":600,"url":"https:\/\/xenonkungen.com\/wp-content\/uploads\/2025\/04\/190088061-origpic-c08765.png","type":"image\/png"}],"twitter_card":"summary_large_image","twitter_misc":{"Ansl. lesetid":"1 minutt"},"schema":{"@context":"https:\/\/schema.org","@graph":[{"@type":"WebPage","@id":"https:\/\/xenonkungen.com\/produkt\/meguiars-air-re-fresher-new-car\/","url":"https:\/\/xenonkungen.com\/produkt\/meguiars-air-re-fresher-new-car\/","name":"Meguiar&#039;s Air Re-Fresher Ny bil - Xenon-kongen","isPartOf":{"@id":"https:\/\/xenonkungen.com\/#website"},"primaryImageOfPage":{"@id":"https:\/\/xenonkungen.com\/produkt\/meguiars-air-re-fresher-new-car\/#primaryimage"},"image":{"@id":"https:\/\/xenonkungen.com\/produkt\/meguiars-air-re-fresher-new-car\/#primaryimage"},"thumbnailUrl":"https:\/\/xenonkungen.com\/wp-content\/uploads\/2025\/04\/190088061-origpic-c08765.png","datePublished":"2025-04-15T09:13:37+00:00","dateModified":"2026-03-27T09:21:21+00:00","breadcrumb":{"@id":"https:\/\/xenonkungen.com\/produkt\/meguiars-air-re-fresher-new-car\/#breadcrumb"},"inLanguage":"nb-NO","potentialAction":[{"@type":"ReadAction","target":["https:\/\/xenonkungen.com\/produkt\/meguiars-air-re-fresher-new-car\/"]}]},{"@type":"ImageObject","inLanguage":"nb-NO","@id":"https:\/\/xenonkungen.com\/produkt\/meguiars-air-re-fresher-new-car\/#primaryimage","url":"https:\/\/xenonkungen.com\/wp-content\/uploads\/2025\/04\/190088061-origpic-c08765.png","contentUrl":"https:\/\/xenonkungen.com\/wp-content\/uploads\/2025\/04\/190088061-origpic-c08765.png","width":418,"height":600},{"@type":"BreadcrumbList","@id":"https:\/\/xenonkungen.com\/produkt\/meguiars-air-re-fresher-new-car\/#breadcrumb","itemListElement":[{"@type":"ListItem","position":1,"name":"Hem","item":"https:\/\/xenonkungen.com\/"},{"@type":"ListItem","position":2,"name":"Shop","item":"https:\/\/xenonkungen.com\/shop\/"},{"@type":"ListItem","position":3,"name":"Meguiar&#8217;s Air Re-Fresher New Car"}]},{"@type":"WebSite","@id":"https:\/\/xenonkungen.com\/#website","url":"https:\/\/xenonkungen.com\/","name":"Xenonkungen","description":"","potentialAction":[{"@type":"SearchAction","target":{"@type":"EntryPoint","urlTemplate":"https:\/\/xenonkungen.com\/?s={search_term_string}"},"query-input":{"@type":"PropertyValueSpecification","valueRequired":true,"valueName":"search_term_string"}}],"inLanguage":"nb-NO"}]}},"taxonomy_info":{"product_brand":[{"value":1383,"label":"Meguiar's"}],"product_cat":[{"value":2447,"label":"Doft"},{"value":2618,"label":"Interi\u00f6r"},{"value":2991,"label":"Luktborttagning \/ Doft"},{"value":378,"label":"Bilv\u00e5rd"}]},"featured_image_src_large":["https:\/\/xenonkungen.com\/wp-content\/uploads\/2025\/04\/190088061-origpic-c08765.png",418,600,false],"author_info":[],"comment_info":0,"_links":{"self":[{"href":"https:\/\/xenonkungen.com\/no\/wp-json\/wp\/v2\/product\/4481","targetHints":{"allow":["GET"]}}],"collection":[{"href":"https:\/\/xenonkungen.com\/no\/wp-json\/wp\/v2\/product"}],"about":[{"href":"https:\/\/xenonkungen.com\/no\/wp-json\/wp\/v2\/types\/product"}],"replies":[{"embeddable":true,"href":"https:\/\/xenonkungen.com\/no\/wp-json\/wp\/v2\/comments?post=4481"}],"wp:featuredmedia":[{"embeddable":true,"href":"https:\/\/xenonkungen.com\/no\/wp-json\/wp\/v2\/media\/4482"}],"wp:attachment":[{"href":"https:\/\/xenonkungen.com\/no\/wp-json\/wp\/v2\/media?parent=4481"}],"wp:term":[{"taxonomy":"anvandningsomrade","embeddable":true,"href":"https:\/\/xenonkungen.com\/no\/wp-json\/wp\/v2\/anvandningsomrade?post=4481"},{"taxonomy":"bilmarken","embeddable":true,"href":"https:\/\/xenonkungen.com\/no\/wp-json\/wp\/v2\/bilmarken?post=4481"},{"taxonomy":"product_brand","embeddable":true,"href":"https:\/\/xenonkungen.com\/no\/wp-json\/wp\/v2\/product_brand?post=4481"},{"taxonomy":"product_cat","embeddable":true,"href":"https:\/\/xenonkungen.com\/no\/wp-json\/wp\/v2\/product_cat?post=4481"},{"taxonomy":"product_tag","embeddable":true,"href":"https:\/\/xenonkungen.com\/no\/wp-json\/wp\/v2\/product_tag?post=4481"}],"curies":[{"name":"wp","href":"https:\/\/api.w.org\/{rel}","templated":true}]}}