{"id":4503,"date":"2025-04-15T09:14:10","date_gmt":"2025-04-15T09:14:10","guid":{"rendered":"https:\/\/xenonkungen.com\/product\/meguiars-heavy-duty-multi-purpose-cleaner\/"},"modified":"2026-03-26T11:33:25","modified_gmt":"2026-03-26T10:33:25","slug":"meguiars-kraftige-multifunksjonsrens","status":"publish","type":"product","link":"https:\/\/xenonkungen.com\/no\/produkt\/meguiars-kraftige-multifunksjonsrens\/","title":{"rendered":"Meguiar's Heavy Duty Multi-Purpose Cleaner"},"content":{"rendered":"<h1>Kraftig universalrengj\u00f8ringsmiddel<\/h1>\n<p>Meguiar's Heavy Duty Multi Purpose Cleaner er etterf\u00f8lgeren til All Purpose Cleaner, men n\u00e5 enda mer effektiv og det opplagte valget for rengj\u00f8ring av alle innvendige overflater. Men ogs\u00e5 noen utvendige overflater.<\/p>\n<p>Midlet har en skummende effekt som effektivt fjerner smuss. Den unike blandingen av mykgj\u00f8rere og optiske tilsetningsstoffer gir tepper, andre tekstiler og vinyl et nytt utseende.<\/p>\n<p>Produktet er ogs\u00e5 ideelt til klesvask. Egnet for b\u00e5de bil- og hjemmebruk.<\/p>\n<p>NB! Ikke til bruk p\u00e5 glassflater.<\/p>\n<p><strong>Innhold (ml):<\/strong> 709<\/p>\n<h2><strong>Advarsel!<\/strong><\/h2>\n<p><strong>Fargekoding:<\/strong><\/p>\n<ul>\n<li>For\u00e5rsaker alvorlige etseskader p\u00e5 hud og \u00f8yne<\/li>\n<li>Giftig for vannlevende organismer med langvarige effekter<\/li>\n<\/ul>\n<p><strong>Beskyttelsesbetegnelser:<\/strong><\/p>\n<ul>\n<li>Hold pakningen eller etiketten for h\u00e5nden i tilfelle du trenger \u00e5 opps\u00f8ke legehjelp<\/li>\n<li>Oppbevares utilgjengelig for barn<\/li>\n<li>Ikke pust inn gasser, t\u00e5ke, damp eller spray.<\/li>\n<li>Bruk vernehansker og -kl\u00e6r samt \u00f8ye- eller ansiktsbeskyttelse<\/li>\n<li>VED INNTAGELSE: Skyll munnen. IKKE fremkall oppkast<\/li>\n<li>VED KONTAKT MED HUDEN (inkludert h\u00e5r): Ta straks av alle forurensede kl\u00e6r. Skyll huden med vann eller dusj.<\/li>\n<li>VED KONTAKT MED \u00d8YNENE: Skyll forsiktig med vann i flere minutter. Fjern eventuelle kontaktlinser hvis det er lett mulig. Fortsett \u00e5 skylle<\/li>\n<li>Kontakt GIFTINFORMASJONSSENTRALEN eller lege umiddelbart<\/li>\n<li>Oppbevares under l\u00e5s og sl\u00e5<\/li>\n<li>Innholdet og beholderen leveres til et godkjent avfallsh\u00e5ndteringsanlegg<\/li>\n<\/ul>\n<p><iframe loading=\"lazy\" height=\"314\" src=\"https:\/\/www.youtube.com\/embed\/Ccs5groZFC8\" width=\"560\" allowfullscreen=\"allowfullscreen\"><\/iframe><\/p>","protected":false},"excerpt":{"rendered":"<p>Et allround-rengj\u00f8ringsmiddel med litt ekstra rengj\u00f8ringskraft. For bilpleie og hjemmebruk.<\/p>","protected":false},"featured_media":4504,"comment_status":"closed","ping_status":"open","template":"","meta":{"_acf_changed":false,"_smort_price_nok":"202","_smort_price_dkk":"128","_smort_price_eur":"17.18","_smort_sale_price_nok":"","_smort_sale_price_dkk":"","_smort_sale_price_eur":"","smort_restorder":"","shipmondo_restorder":"","_kad_blocks_custom_css":"","_kad_blocks_head_custom_js":"","_kad_blocks_body_custom_js":"","_kad_blocks_footer_custom_js":"","smort_custom_pricelist_1":"120.96","smort_custom_pricelist_2":"120.96","smort_custom_pricelist_3":"114.91","smort_custom_pricelist_4":"151.2","smort_custom_pricelist_5":"120.96"},"anvandningsomrade":[],"bilmarken":[],"product_brand":[1383],"product_cat":[2992,2618,378],"product_tag":[],"class_list":{"0":"post-4503","1":"product","2":"type-product","3":"status-publish","4":"has-post-thumbnail","6":"product_brand-meguiars","7":"product_cat-home-bilvard","8":"product_cat-interior","9":"product_cat-bilvard","11":"first","12":"instock","13":"taxable","14":"shipping-taxable","15":"purchasable","16":"product-type-simple"},"bundled_by":[],"bundle_stock_status":"instock","bundle_stock_quantity":4,"bundle_virtual":false,"bundle_layout":"","bundle_add_to_cart_form_location":"","bundle_editable_in_cart":false,"bundle_sold_individually_context":"","bundle_item_grouping":"","bundle_min_size":"","bundle_max_size":"","bundle_price":[],"bundled_items":[],"bundle_sell_ids":[],"acf":[],"yoast_head":"<!-- This site is optimized with the Yoast SEO plugin v27.0 - https:\/\/yoast.com\/product\/yoast-seo-wordpress\/ -->\n<title>Meguiar&#039;s Heavy Duty Multi-Purpose Cleaner - Xenonkungen<\/title>\n<meta name=\"robots\" content=\"index, follow, max-snippet:-1, max-image-preview:large, max-video-preview:-1\" \/>\n<link rel=\"canonical\" href=\"https:\/\/xenonkungen.com\/no\/produkt\/meguiars-kraftige-multifunksjonsrens\/\" \/>\n<meta property=\"og:locale\" content=\"nb_NO\" \/>\n<meta property=\"og:type\" content=\"article\" \/>\n<meta property=\"og:title\" content=\"Meguiar&#039;s Heavy Duty Multi-Purpose Cleaner - Xenonkungen\" \/>\n<meta property=\"og:description\" content=\"Ett allround reng\u00f6ringsmedel, med lite extra reng\u00f6ringsf\u00f6rm\u00e5ga. F\u00f6r bilv\u00e5rd och hemmabruk.\" \/>\n<meta property=\"og:url\" content=\"https:\/\/xenonkungen.com\/no\/produkt\/meguiars-kraftige-multifunksjonsrens\/\" \/>\n<meta property=\"og:site_name\" content=\"Xenonkungen\" \/>\n<meta property=\"article:modified_time\" content=\"2026-03-26T10:33:25+00:00\" \/>\n<meta property=\"og:image\" content=\"https:\/\/xenonkungen.com\/wp-content\/uploads\/2025\/04\/190088083-origpic-8282f3.png\" \/>\n\t<meta property=\"og:image:width\" content=\"240\" \/>\n\t<meta property=\"og:image:height\" content=\"600\" \/>\n\t<meta property=\"og:image:type\" content=\"image\/png\" \/>\n<meta name=\"twitter:card\" content=\"summary_large_image\" \/>\n<meta name=\"twitter:label1\" content=\"Ansl. lesetid\" \/>\n\t<meta name=\"twitter:data1\" content=\"1 minutt\" \/>\n<script type=\"application\/ld+json\" class=\"yoast-schema-graph\">{\"@context\":\"https:\/\/schema.org\",\"@graph\":[{\"@type\":\"WebPage\",\"@id\":\"https:\/\/xenonkungen.com\/produkt\/meguiars-heavy-duty-multi-purpose-cleaner\/\",\"url\":\"https:\/\/xenonkungen.com\/produkt\/meguiars-heavy-duty-multi-purpose-cleaner\/\",\"name\":\"Meguiar's Heavy Duty Multi-Purpose Cleaner - Xenonkungen\",\"isPartOf\":{\"@id\":\"https:\/\/xenonkungen.com\/#website\"},\"primaryImageOfPage\":{\"@id\":\"https:\/\/xenonkungen.com\/produkt\/meguiars-heavy-duty-multi-purpose-cleaner\/#primaryimage\"},\"image\":{\"@id\":\"https:\/\/xenonkungen.com\/produkt\/meguiars-heavy-duty-multi-purpose-cleaner\/#primaryimage\"},\"thumbnailUrl\":\"https:\/\/xenonkungen.com\/wp-content\/uploads\/2025\/04\/190088083-origpic-8282f3.png\",\"datePublished\":\"2025-04-15T09:14:10+00:00\",\"dateModified\":\"2026-03-26T10:33:25+00:00\",\"breadcrumb\":{\"@id\":\"https:\/\/xenonkungen.com\/produkt\/meguiars-heavy-duty-multi-purpose-cleaner\/#breadcrumb\"},\"inLanguage\":\"nb-NO\",\"potentialAction\":[{\"@type\":\"ReadAction\",\"target\":[\"https:\/\/xenonkungen.com\/produkt\/meguiars-heavy-duty-multi-purpose-cleaner\/\"]}]},{\"@type\":\"ImageObject\",\"inLanguage\":\"nb-NO\",\"@id\":\"https:\/\/xenonkungen.com\/produkt\/meguiars-heavy-duty-multi-purpose-cleaner\/#primaryimage\",\"url\":\"https:\/\/xenonkungen.com\/wp-content\/uploads\/2025\/04\/190088083-origpic-8282f3.png\",\"contentUrl\":\"https:\/\/xenonkungen.com\/wp-content\/uploads\/2025\/04\/190088083-origpic-8282f3.png\",\"width\":240,\"height\":600},{\"@type\":\"BreadcrumbList\",\"@id\":\"https:\/\/xenonkungen.com\/produkt\/meguiars-heavy-duty-multi-purpose-cleaner\/#breadcrumb\",\"itemListElement\":[{\"@type\":\"ListItem\",\"position\":1,\"name\":\"Hem\",\"item\":\"https:\/\/xenonkungen.com\/\"},{\"@type\":\"ListItem\",\"position\":2,\"name\":\"Shop\",\"item\":\"https:\/\/xenonkungen.com\/shop\/\"},{\"@type\":\"ListItem\",\"position\":3,\"name\":\"Meguiar&#8217;s Heavy Duty Multi-Purpose Cleaner\"}]},{\"@type\":\"WebSite\",\"@id\":\"https:\/\/xenonkungen.com\/#website\",\"url\":\"https:\/\/xenonkungen.com\/\",\"name\":\"Xenonkungen\",\"description\":\"\",\"potentialAction\":[{\"@type\":\"SearchAction\",\"target\":{\"@type\":\"EntryPoint\",\"urlTemplate\":\"https:\/\/xenonkungen.com\/?s={search_term_string}\"},\"query-input\":{\"@type\":\"PropertyValueSpecification\",\"valueRequired\":true,\"valueName\":\"search_term_string\"}}],\"inLanguage\":\"nb-NO\"}]}<\/script>\n<!-- \/ Yoast SEO plugin. -->","yoast_head_json":{"title":"Meguiar&#039;s Heavy Duty Multifunksjonsrens - Xenonkongen","robots":{"index":"index","follow":"follow","max-snippet":"max-snippet:-1","max-image-preview":"max-image-preview:large","max-video-preview":"max-video-preview:-1"},"canonical":"https:\/\/xenonkungen.com\/no\/produkt\/meguiars-kraftige-multifunksjonsrens\/","og_locale":"nb_NO","og_type":"article","og_title":"Meguiar's Heavy Duty Multi-Purpose Cleaner - Xenonkungen","og_description":"Ett allround reng\u00f6ringsmedel, med lite extra reng\u00f6ringsf\u00f6rm\u00e5ga. F\u00f6r bilv\u00e5rd och hemmabruk.","og_url":"https:\/\/xenonkungen.com\/no\/produkt\/meguiars-kraftige-multifunksjonsrens\/","og_site_name":"Xenonkungen","article_modified_time":"2026-03-26T10:33:25+00:00","og_image":[{"width":240,"height":600,"url":"https:\/\/xenonkungen.com\/wp-content\/uploads\/2025\/04\/190088083-origpic-8282f3.png","type":"image\/png"}],"twitter_card":"summary_large_image","twitter_misc":{"Ansl. lesetid":"1 minutt"},"schema":{"@context":"https:\/\/schema.org","@graph":[{"@type":"WebPage","@id":"https:\/\/xenonkungen.com\/produkt\/meguiars-heavy-duty-multi-purpose-cleaner\/","url":"https:\/\/xenonkungen.com\/produkt\/meguiars-heavy-duty-multi-purpose-cleaner\/","name":"Meguiar&#039;s Heavy Duty Multifunksjonsrens - Xenonkongen","isPartOf":{"@id":"https:\/\/xenonkungen.com\/#website"},"primaryImageOfPage":{"@id":"https:\/\/xenonkungen.com\/produkt\/meguiars-heavy-duty-multi-purpose-cleaner\/#primaryimage"},"image":{"@id":"https:\/\/xenonkungen.com\/produkt\/meguiars-heavy-duty-multi-purpose-cleaner\/#primaryimage"},"thumbnailUrl":"https:\/\/xenonkungen.com\/wp-content\/uploads\/2025\/04\/190088083-origpic-8282f3.png","datePublished":"2025-04-15T09:14:10+00:00","dateModified":"2026-03-26T10:33:25+00:00","breadcrumb":{"@id":"https:\/\/xenonkungen.com\/produkt\/meguiars-heavy-duty-multi-purpose-cleaner\/#breadcrumb"},"inLanguage":"nb-NO","potentialAction":[{"@type":"ReadAction","target":["https:\/\/xenonkungen.com\/produkt\/meguiars-heavy-duty-multi-purpose-cleaner\/"]}]},{"@type":"ImageObject","inLanguage":"nb-NO","@id":"https:\/\/xenonkungen.com\/produkt\/meguiars-heavy-duty-multi-purpose-cleaner\/#primaryimage","url":"https:\/\/xenonkungen.com\/wp-content\/uploads\/2025\/04\/190088083-origpic-8282f3.png","contentUrl":"https:\/\/xenonkungen.com\/wp-content\/uploads\/2025\/04\/190088083-origpic-8282f3.png","width":240,"height":600},{"@type":"BreadcrumbList","@id":"https:\/\/xenonkungen.com\/produkt\/meguiars-heavy-duty-multi-purpose-cleaner\/#breadcrumb","itemListElement":[{"@type":"ListItem","position":1,"name":"Hem","item":"https:\/\/xenonkungen.com\/"},{"@type":"ListItem","position":2,"name":"Shop","item":"https:\/\/xenonkungen.com\/shop\/"},{"@type":"ListItem","position":3,"name":"Meguiar&#8217;s Heavy Duty Multi-Purpose Cleaner"}]},{"@type":"WebSite","@id":"https:\/\/xenonkungen.com\/#website","url":"https:\/\/xenonkungen.com\/","name":"Xenonkungen","description":"","potentialAction":[{"@type":"SearchAction","target":{"@type":"EntryPoint","urlTemplate":"https:\/\/xenonkungen.com\/?s={search_term_string}"},"query-input":{"@type":"PropertyValueSpecification","valueRequired":true,"valueName":"search_term_string"}}],"inLanguage":"nb-NO"}]}},"taxonomy_info":{"product_brand":[{"value":1383,"label":"Meguiar's"}],"product_cat":[{"value":2992,"label":"Home"},{"value":2618,"label":"Interi\u00f6r"},{"value":378,"label":"Bilv\u00e5rd"}]},"featured_image_src_large":["https:\/\/xenonkungen.com\/wp-content\/uploads\/2025\/04\/190088083-origpic-8282f3.png",240,600,false],"author_info":[],"comment_info":0,"_links":{"self":[{"href":"https:\/\/xenonkungen.com\/no\/wp-json\/wp\/v2\/product\/4503","targetHints":{"allow":["GET"]}}],"collection":[{"href":"https:\/\/xenonkungen.com\/no\/wp-json\/wp\/v2\/product"}],"about":[{"href":"https:\/\/xenonkungen.com\/no\/wp-json\/wp\/v2\/types\/product"}],"replies":[{"embeddable":true,"href":"https:\/\/xenonkungen.com\/no\/wp-json\/wp\/v2\/comments?post=4503"}],"wp:featuredmedia":[{"embeddable":true,"href":"https:\/\/xenonkungen.com\/no\/wp-json\/wp\/v2\/media\/4504"}],"wp:attachment":[{"href":"https:\/\/xenonkungen.com\/no\/wp-json\/wp\/v2\/media?parent=4503"}],"wp:term":[{"taxonomy":"anvandningsomrade","embeddable":true,"href":"https:\/\/xenonkungen.com\/no\/wp-json\/wp\/v2\/anvandningsomrade?post=4503"},{"taxonomy":"bilmarken","embeddable":true,"href":"https:\/\/xenonkungen.com\/no\/wp-json\/wp\/v2\/bilmarken?post=4503"},{"taxonomy":"product_brand","embeddable":true,"href":"https:\/\/xenonkungen.com\/no\/wp-json\/wp\/v2\/product_brand?post=4503"},{"taxonomy":"product_cat","embeddable":true,"href":"https:\/\/xenonkungen.com\/no\/wp-json\/wp\/v2\/product_cat?post=4503"},{"taxonomy":"product_tag","embeddable":true,"href":"https:\/\/xenonkungen.com\/no\/wp-json\/wp\/v2\/product_tag?post=4503"}],"curies":[{"name":"wp","href":"https:\/\/api.w.org\/{rel}","templated":true}]}}