{"id":4622,"date":"2025-04-15T09:15:32","date_gmt":"2025-04-15T09:15:32","guid":{"rendered":"https:\/\/xenonkungen.com\/product\/meguiars-meguiars-detail-bag-xl\/"},"modified":"2026-05-13T16:16:25","modified_gmt":"2026-05-13T15:16:25","slug":"meguiars-meguiars-detail-veske-xl","status":"publish","type":"product","link":"https:\/\/xenonkungen.com\/no\/produkt\/meguiars-meguiars-detail-veske-xl\/","title":{"rendered":"Meguiar's Meguiar's Detail Bag XL"},"content":{"rendered":"<h1>Meguiar's Detailing Bag XL<\/h1>\n<p>Stilig veske med brodert logo p\u00e5 forsiden. Skulderstropper med polstring for enkel og komfortabel bevegelse. <\/p>\n<p>Mulighet for 6 ulike rom i vesken, slik at du enkelt kan skille fra hverandre og organisere produktene og ogs\u00e5 f\u00e5 plass til en poleringsmaskin.<\/p>\n<p>Ett stort rom foran og to mellomstore rom p\u00e5 sidene. <\/p>\n<p>Stor og praktisk veske for alle produktene dine. <\/p>\n<p><strong>Dimensjoner:<\/strong> B: 30 cm H: 30 cm L: 50 cm<\/p>","protected":false},"excerpt":{"rendered":"<p>Stor og allsidig veske som gj\u00f8r det enkelt for deg \u00e5 transportere klesvaskproduktene dine.<\/p>","protected":false},"featured_media":4623,"comment_status":"closed","ping_status":"closed","template":"","meta":{"_acf_changed":false,"_smort_price_nok":"641","_smort_price_dkk":"542","_smort_price_eur":"72.63","_smort_sale_price_nok":"641","_smort_sale_price_dkk":"","_smort_sale_price_eur":"","smort_restorder":"","shipmondo_restorder":"","_kad_blocks_custom_css":"","_kad_blocks_head_custom_js":"","_kad_blocks_body_custom_js":"","_kad_blocks_footer_custom_js":"","smort_custom_pricelist_1":"511.36","smort_custom_pricelist_2":"511.36","smort_custom_pricelist_3":"485.79","smort_custom_pricelist_4":"639.2","smort_custom_pricelist_5":"511.36"},"anvandningsomrade":[],"bilmarken":[],"product_brand":[1383],"product_cat":[2450,378,1402],"product_tag":[],"class_list":{"0":"post-4622","1":"product","2":"type-product","3":"status-publish","4":"has-post-thumbnail","6":"product_brand-meguiars","7":"product_cat-tillbehor-bilvard","8":"product_cat-bilvard","9":"product_cat-outlet","10":"pa_storlek-mm-300x300x500","12":"first","13":"onbackorder","14":"taxable","15":"shipping-taxable","16":"purchasable","17":"product-type-simple"},"bundled_by":[],"bundle_stock_status":"onbackorder","bundle_stock_quantity":0,"bundle_virtual":false,"bundle_layout":"","bundle_add_to_cart_form_location":"","bundle_editable_in_cart":false,"bundle_sold_individually_context":"","bundle_item_grouping":"","bundle_min_size":"","bundle_max_size":"","bundle_price":[],"bundled_items":[],"bundle_sell_ids":[],"acf":[],"yoast_head":"<!-- This site is optimized with the Yoast SEO plugin v27.0 - https:\/\/yoast.com\/product\/yoast-seo-wordpress\/ -->\n<title>Meguiar&#039;s Meguiar&#039;s Detail Bag XL - Xenonkungen<\/title>\n<meta name=\"robots\" content=\"index, follow, max-snippet:-1, max-image-preview:large, max-video-preview:-1\" \/>\n<link rel=\"canonical\" href=\"https:\/\/xenonkungen.com\/no\/produkt\/meguiars-meguiars-detail-veske-xl\/\" \/>\n<meta property=\"og:locale\" content=\"nb_NO\" \/>\n<meta property=\"og:type\" content=\"article\" \/>\n<meta property=\"og:title\" content=\"Meguiar&#039;s Meguiar&#039;s Detail Bag XL - Xenonkungen\" \/>\n<meta property=\"og:description\" content=\"Stor och m\u00e5ngsidig v\u00e4ska som g\u00f6r det enkelt f\u00f6r dig att transportera dina tv\u00e4ttprodukter.\" \/>\n<meta property=\"og:url\" content=\"https:\/\/xenonkungen.com\/no\/produkt\/meguiars-meguiars-detail-veske-xl\/\" \/>\n<meta property=\"og:site_name\" content=\"Xenonkungen\" \/>\n<meta property=\"article:modified_time\" content=\"2026-05-13T15:16:25+00:00\" \/>\n<meta property=\"og:image\" content=\"https:\/\/xenonkungen.com\/wp-content\/uploads\/2025\/04\/190087887-origpic-44fe31.png\" \/>\n\t<meta property=\"og:image:width\" content=\"800\" \/>\n\t<meta property=\"og:image:height\" content=\"600\" \/>\n\t<meta property=\"og:image:type\" content=\"image\/png\" \/>\n<meta name=\"twitter:card\" content=\"summary_large_image\" \/>\n<script type=\"application\/ld+json\" class=\"yoast-schema-graph\">{\"@context\":\"https:\/\/schema.org\",\"@graph\":[{\"@type\":\"WebPage\",\"@id\":\"https:\/\/xenonkungen.com\/produkt\/meguiars-meguiars-detail-bag-xl\/\",\"url\":\"https:\/\/xenonkungen.com\/produkt\/meguiars-meguiars-detail-bag-xl\/\",\"name\":\"Meguiar's Meguiar's Detail Bag XL - Xenonkungen\",\"isPartOf\":{\"@id\":\"https:\/\/xenonkungen.com\/#website\"},\"primaryImageOfPage\":{\"@id\":\"https:\/\/xenonkungen.com\/produkt\/meguiars-meguiars-detail-bag-xl\/#primaryimage\"},\"image\":{\"@id\":\"https:\/\/xenonkungen.com\/produkt\/meguiars-meguiars-detail-bag-xl\/#primaryimage\"},\"thumbnailUrl\":\"https:\/\/xenonkungen.com\/wp-content\/uploads\/2025\/04\/190087887-origpic-44fe31.png\",\"datePublished\":\"2025-04-15T09:15:32+00:00\",\"dateModified\":\"2026-05-13T15:16:25+00:00\",\"breadcrumb\":{\"@id\":\"https:\/\/xenonkungen.com\/produkt\/meguiars-meguiars-detail-bag-xl\/#breadcrumb\"},\"inLanguage\":\"nb-NO\",\"potentialAction\":[{\"@type\":\"ReadAction\",\"target\":[\"https:\/\/xenonkungen.com\/produkt\/meguiars-meguiars-detail-bag-xl\/\"]}]},{\"@type\":\"ImageObject\",\"inLanguage\":\"nb-NO\",\"@id\":\"https:\/\/xenonkungen.com\/produkt\/meguiars-meguiars-detail-bag-xl\/#primaryimage\",\"url\":\"https:\/\/xenonkungen.com\/wp-content\/uploads\/2025\/04\/190087887-origpic-44fe31.png\",\"contentUrl\":\"https:\/\/xenonkungen.com\/wp-content\/uploads\/2025\/04\/190087887-origpic-44fe31.png\",\"width\":800,\"height\":600},{\"@type\":\"BreadcrumbList\",\"@id\":\"https:\/\/xenonkungen.com\/produkt\/meguiars-meguiars-detail-bag-xl\/#breadcrumb\",\"itemListElement\":[{\"@type\":\"ListItem\",\"position\":1,\"name\":\"Hem\",\"item\":\"https:\/\/xenonkungen.com\/\"},{\"@type\":\"ListItem\",\"position\":2,\"name\":\"Shop\",\"item\":\"https:\/\/xenonkungen.com\/shop\/\"},{\"@type\":\"ListItem\",\"position\":3,\"name\":\"Meguiar&#8217;s Meguiar&#8217;s Detail Bag XL\"}]},{\"@type\":\"WebSite\",\"@id\":\"https:\/\/xenonkungen.com\/#website\",\"url\":\"https:\/\/xenonkungen.com\/\",\"name\":\"Xenonkungen\",\"description\":\"\",\"potentialAction\":[{\"@type\":\"SearchAction\",\"target\":{\"@type\":\"EntryPoint\",\"urlTemplate\":\"https:\/\/xenonkungen.com\/?s={search_term_string}\"},\"query-input\":{\"@type\":\"PropertyValueSpecification\",\"valueRequired\":true,\"valueName\":\"search_term_string\"}}],\"inLanguage\":\"nb-NO\"}]}<\/script>\n<!-- \/ Yoast SEO plugin. -->","yoast_head_json":{"title":"Meguiar&#039;s Detail Bag XL - Xenon King","robots":{"index":"index","follow":"follow","max-snippet":"max-snippet:-1","max-image-preview":"max-image-preview:large","max-video-preview":"max-video-preview:-1"},"canonical":"https:\/\/xenonkungen.com\/no\/produkt\/meguiars-meguiars-detail-veske-xl\/","og_locale":"nb_NO","og_type":"article","og_title":"Meguiar's Meguiar's Detail Bag XL - Xenonkungen","og_description":"Stor och m\u00e5ngsidig v\u00e4ska som g\u00f6r det enkelt f\u00f6r dig att transportera dina tv\u00e4ttprodukter.","og_url":"https:\/\/xenonkungen.com\/no\/produkt\/meguiars-meguiars-detail-veske-xl\/","og_site_name":"Xenonkungen","article_modified_time":"2026-05-13T15:16:25+00:00","og_image":[{"width":800,"height":600,"url":"https:\/\/xenonkungen.com\/wp-content\/uploads\/2025\/04\/190087887-origpic-44fe31.png","type":"image\/png"}],"twitter_card":"summary_large_image","schema":{"@context":"https:\/\/schema.org","@graph":[{"@type":"WebPage","@id":"https:\/\/xenonkungen.com\/produkt\/meguiars-meguiars-detail-bag-xl\/","url":"https:\/\/xenonkungen.com\/produkt\/meguiars-meguiars-detail-bag-xl\/","name":"Meguiar&#039;s Detail Bag XL - Xenon King","isPartOf":{"@id":"https:\/\/xenonkungen.com\/#website"},"primaryImageOfPage":{"@id":"https:\/\/xenonkungen.com\/produkt\/meguiars-meguiars-detail-bag-xl\/#primaryimage"},"image":{"@id":"https:\/\/xenonkungen.com\/produkt\/meguiars-meguiars-detail-bag-xl\/#primaryimage"},"thumbnailUrl":"https:\/\/xenonkungen.com\/wp-content\/uploads\/2025\/04\/190087887-origpic-44fe31.png","datePublished":"2025-04-15T09:15:32+00:00","dateModified":"2026-05-13T15:16:25+00:00","breadcrumb":{"@id":"https:\/\/xenonkungen.com\/produkt\/meguiars-meguiars-detail-bag-xl\/#breadcrumb"},"inLanguage":"nb-NO","potentialAction":[{"@type":"ReadAction","target":["https:\/\/xenonkungen.com\/produkt\/meguiars-meguiars-detail-bag-xl\/"]}]},{"@type":"ImageObject","inLanguage":"nb-NO","@id":"https:\/\/xenonkungen.com\/produkt\/meguiars-meguiars-detail-bag-xl\/#primaryimage","url":"https:\/\/xenonkungen.com\/wp-content\/uploads\/2025\/04\/190087887-origpic-44fe31.png","contentUrl":"https:\/\/xenonkungen.com\/wp-content\/uploads\/2025\/04\/190087887-origpic-44fe31.png","width":800,"height":600},{"@type":"BreadcrumbList","@id":"https:\/\/xenonkungen.com\/produkt\/meguiars-meguiars-detail-bag-xl\/#breadcrumb","itemListElement":[{"@type":"ListItem","position":1,"name":"Hem","item":"https:\/\/xenonkungen.com\/"},{"@type":"ListItem","position":2,"name":"Shop","item":"https:\/\/xenonkungen.com\/shop\/"},{"@type":"ListItem","position":3,"name":"Meguiar&#8217;s Meguiar&#8217;s Detail Bag XL"}]},{"@type":"WebSite","@id":"https:\/\/xenonkungen.com\/#website","url":"https:\/\/xenonkungen.com\/","name":"Xenonkungen","description":"","potentialAction":[{"@type":"SearchAction","target":{"@type":"EntryPoint","urlTemplate":"https:\/\/xenonkungen.com\/?s={search_term_string}"},"query-input":{"@type":"PropertyValueSpecification","valueRequired":true,"valueName":"search_term_string"}}],"inLanguage":"nb-NO"}]}},"taxonomy_info":{"product_brand":[{"value":1383,"label":"Meguiar's"}],"product_cat":[{"value":2450,"label":"6 | Tillbeh\u00f6r"},{"value":378,"label":"Bilv\u00e5rd"},{"value":1402,"label":"Outlet"}],"pa_storlek-mm":[{"value":1391,"label":"300x300x500"}]},"featured_image_src_large":["https:\/\/xenonkungen.com\/wp-content\/uploads\/2025\/04\/190087887-origpic-44fe31.png",800,600,false],"author_info":[],"comment_info":0,"_links":{"self":[{"href":"https:\/\/xenonkungen.com\/no\/wp-json\/wp\/v2\/product\/4622","targetHints":{"allow":["GET"]}}],"collection":[{"href":"https:\/\/xenonkungen.com\/no\/wp-json\/wp\/v2\/product"}],"about":[{"href":"https:\/\/xenonkungen.com\/no\/wp-json\/wp\/v2\/types\/product"}],"replies":[{"embeddable":true,"href":"https:\/\/xenonkungen.com\/no\/wp-json\/wp\/v2\/comments?post=4622"}],"wp:featuredmedia":[{"embeddable":true,"href":"https:\/\/xenonkungen.com\/no\/wp-json\/wp\/v2\/media\/4623"}],"wp:attachment":[{"href":"https:\/\/xenonkungen.com\/no\/wp-json\/wp\/v2\/media?parent=4622"}],"wp:term":[{"taxonomy":"anvandningsomrade","embeddable":true,"href":"https:\/\/xenonkungen.com\/no\/wp-json\/wp\/v2\/anvandningsomrade?post=4622"},{"taxonomy":"bilmarken","embeddable":true,"href":"https:\/\/xenonkungen.com\/no\/wp-json\/wp\/v2\/bilmarken?post=4622"},{"taxonomy":"product_brand","embeddable":true,"href":"https:\/\/xenonkungen.com\/no\/wp-json\/wp\/v2\/product_brand?post=4622"},{"taxonomy":"product_cat","embeddable":true,"href":"https:\/\/xenonkungen.com\/no\/wp-json\/wp\/v2\/product_cat?post=4622"},{"taxonomy":"product_tag","embeddable":true,"href":"https:\/\/xenonkungen.com\/no\/wp-json\/wp\/v2\/product_tag?post=4622"}],"curies":[{"name":"wp","href":"https:\/\/api.w.org\/{rel}","templated":true}]}}