{"id":4653,"date":"2025-04-15T09:16:08","date_gmt":"2025-04-15T09:16:08","guid":{"rendered":"https:\/\/xenonkungen.com\/product\/meguiars-supreme-wheel-brush-medium\/"},"modified":"2026-04-11T01:20:39","modified_gmt":"2026-04-11T00:20:39","slug":"meguiars-supreme-hjulborste-medium","status":"publish","type":"product","link":"https:\/\/xenonkungen.com\/no\/produkt\/meguiars-supreme-hjulborste-medium\/","title":{"rendered":"Meguiar's Supreme Wheel Brush Medium"},"content":{"rendered":"<h1>Supreme hjulb\u00f8rste, medium<\/h1>\n<p>Meguiar's Supreme Wheel Brush er en felgrenseb\u00f8rste som kan rengj\u00f8re hele hjulbuen p\u00e5 en trygg og sikker m\u00e5te takket v\u00e6re den lange utformingen. B\u00f8rsten har et tykt lag med mikrofiber som b\u00e5de absorberer smuss og beskytter bilen mot riper. I tillegg er den ikke laget av metall, noe som ytterligere reduserer risikoen for riper betraktelig!<\/p>\n<p>Felgb\u00f8rsten er tilgjengelig i to forskjellige st\u00f8rrelser, avhengig av utformingen p\u00e5 felgene og hjulbuene dine.<\/p>","protected":false},"excerpt":{"rendered":"<p>Felgb\u00f8rste i mikrofiber som gj\u00f8r at du trygt kan rengj\u00f8re alle typer felger. Finnes i to forskjellige st\u00f8rrelser, Medium eller Large.<\/p>","protected":false},"featured_media":4654,"comment_status":"closed","ping_status":"open","template":"","meta":{"_acf_changed":false,"_smort_price_nok":"298","_smort_price_dkk":"189","_smort_price_eur":"25.36","_smort_sale_price_nok":"","_smort_sale_price_dkk":"","_smort_sale_price_eur":"","smort_restorder":"","shipmondo_restorder":"","_kad_blocks_custom_css":"","_kad_blocks_head_custom_js":"","_kad_blocks_body_custom_js":"","_kad_blocks_footer_custom_js":"","smort_custom_pricelist_1":"178.56","smort_custom_pricelist_2":"178.56","smort_custom_pricelist_3":"169.63","smort_custom_pricelist_4":"223.2","smort_custom_pricelist_5":"178.56"},"anvandningsomrade":[],"bilmarken":[],"product_brand":[1383],"product_cat":[2990,2450,378],"product_tag":[],"class_list":{"0":"post-4653","1":"product","2":"type-product","3":"status-publish","4":"has-post-thumbnail","6":"product_brand-meguiars","7":"product_cat-dack-och-falg","8":"product_cat-tillbehor-bilvard","9":"product_cat-bilvard","11":"first","12":"instock","13":"taxable","14":"shipping-taxable","15":"purchasable","16":"product-type-simple"},"bundled_by":["9686","26317"],"bundle_stock_status":"instock","bundle_stock_quantity":1,"bundle_virtual":false,"bundle_layout":"","bundle_add_to_cart_form_location":"","bundle_editable_in_cart":false,"bundle_sold_individually_context":"","bundle_item_grouping":"","bundle_min_size":"","bundle_max_size":"","bundle_price":[],"bundled_items":[],"bundle_sell_ids":[],"acf":[],"yoast_head":"<!-- This site is optimized with the Yoast SEO plugin v27.0 - https:\/\/yoast.com\/product\/yoast-seo-wordpress\/ -->\n<title>Meguiar&#039;s Supreme Wheel Brush Medium - Xenonkungen<\/title>\n<meta name=\"robots\" content=\"index, follow, max-snippet:-1, max-image-preview:large, max-video-preview:-1\" \/>\n<link rel=\"canonical\" href=\"https:\/\/xenonkungen.com\/no\/produkt\/meguiars-supreme-hjulborste-medium\/\" \/>\n<meta property=\"og:locale\" content=\"nb_NO\" \/>\n<meta property=\"og:type\" content=\"article\" \/>\n<meta property=\"og:title\" content=\"Meguiar&#039;s Supreme Wheel Brush Medium - Xenonkungen\" \/>\n<meta property=\"og:description\" content=\"F\u00e4lgborste i mikrofiber som g\u00f6r att du med trygghet kan reng\u00f6ra alla typer av f\u00e4lgar. Finns i tv\u00e5 olika storlekar, Medium eller Large.\" \/>\n<meta property=\"og:url\" content=\"https:\/\/xenonkungen.com\/no\/produkt\/meguiars-supreme-hjulborste-medium\/\" \/>\n<meta property=\"og:site_name\" content=\"Xenonkungen\" \/>\n<meta property=\"article:modified_time\" content=\"2026-04-11T00:20:39+00:00\" \/>\n<meta property=\"og:image\" content=\"https:\/\/xenonkungen.com\/wp-content\/uploads\/2025\/04\/190087987-origpic-02b175.png\" \/>\n\t<meta property=\"og:image:width\" content=\"555\" \/>\n\t<meta property=\"og:image:height\" content=\"600\" \/>\n\t<meta property=\"og:image:type\" content=\"image\/png\" \/>\n<meta name=\"twitter:card\" content=\"summary_large_image\" \/>\n<script type=\"application\/ld+json\" class=\"yoast-schema-graph\">{\"@context\":\"https:\/\/schema.org\",\"@graph\":[{\"@type\":\"WebPage\",\"@id\":\"https:\/\/xenonkungen.com\/produkt\/meguiars-supreme-wheel-brush-medium\/\",\"url\":\"https:\/\/xenonkungen.com\/produkt\/meguiars-supreme-wheel-brush-medium\/\",\"name\":\"Meguiar's Supreme Wheel Brush Medium - Xenonkungen\",\"isPartOf\":{\"@id\":\"https:\/\/xenonkungen.com\/#website\"},\"primaryImageOfPage\":{\"@id\":\"https:\/\/xenonkungen.com\/produkt\/meguiars-supreme-wheel-brush-medium\/#primaryimage\"},\"image\":{\"@id\":\"https:\/\/xenonkungen.com\/produkt\/meguiars-supreme-wheel-brush-medium\/#primaryimage\"},\"thumbnailUrl\":\"https:\/\/xenonkungen.com\/wp-content\/uploads\/2025\/04\/190087987-origpic-02b175.png\",\"datePublished\":\"2025-04-15T09:16:08+00:00\",\"dateModified\":\"2026-04-11T00:20:39+00:00\",\"breadcrumb\":{\"@id\":\"https:\/\/xenonkungen.com\/produkt\/meguiars-supreme-wheel-brush-medium\/#breadcrumb\"},\"inLanguage\":\"nb-NO\",\"potentialAction\":[{\"@type\":\"ReadAction\",\"target\":[\"https:\/\/xenonkungen.com\/produkt\/meguiars-supreme-wheel-brush-medium\/\"]}]},{\"@type\":\"ImageObject\",\"inLanguage\":\"nb-NO\",\"@id\":\"https:\/\/xenonkungen.com\/produkt\/meguiars-supreme-wheel-brush-medium\/#primaryimage\",\"url\":\"https:\/\/xenonkungen.com\/wp-content\/uploads\/2025\/04\/190087987-origpic-02b175.png\",\"contentUrl\":\"https:\/\/xenonkungen.com\/wp-content\/uploads\/2025\/04\/190087987-origpic-02b175.png\",\"width\":555,\"height\":600},{\"@type\":\"BreadcrumbList\",\"@id\":\"https:\/\/xenonkungen.com\/produkt\/meguiars-supreme-wheel-brush-medium\/#breadcrumb\",\"itemListElement\":[{\"@type\":\"ListItem\",\"position\":1,\"name\":\"Hem\",\"item\":\"https:\/\/xenonkungen.com\/\"},{\"@type\":\"ListItem\",\"position\":2,\"name\":\"Shop\",\"item\":\"https:\/\/xenonkungen.com\/shop\/\"},{\"@type\":\"ListItem\",\"position\":3,\"name\":\"Meguiar&#8217;s Supreme Wheel Brush Medium\"}]},{\"@type\":\"WebSite\",\"@id\":\"https:\/\/xenonkungen.com\/#website\",\"url\":\"https:\/\/xenonkungen.com\/\",\"name\":\"Xenonkungen\",\"description\":\"\",\"potentialAction\":[{\"@type\":\"SearchAction\",\"target\":{\"@type\":\"EntryPoint\",\"urlTemplate\":\"https:\/\/xenonkungen.com\/?s={search_term_string}\"},\"query-input\":{\"@type\":\"PropertyValueSpecification\",\"valueRequired\":true,\"valueName\":\"search_term_string\"}}],\"inLanguage\":\"nb-NO\"}]}<\/script>\n<!-- \/ Yoast SEO plugin. -->","yoast_head_json":{"title":"Meguiar&#039;s Supreme Felgb\u00f8rste Medium - Xenon Kongen","robots":{"index":"index","follow":"follow","max-snippet":"max-snippet:-1","max-image-preview":"max-image-preview:large","max-video-preview":"max-video-preview:-1"},"canonical":"https:\/\/xenonkungen.com\/no\/produkt\/meguiars-supreme-hjulborste-medium\/","og_locale":"nb_NO","og_type":"article","og_title":"Meguiar's Supreme Wheel Brush Medium - Xenonkungen","og_description":"F\u00e4lgborste i mikrofiber som g\u00f6r att du med trygghet kan reng\u00f6ra alla typer av f\u00e4lgar. Finns i tv\u00e5 olika storlekar, Medium eller Large.","og_url":"https:\/\/xenonkungen.com\/no\/produkt\/meguiars-supreme-hjulborste-medium\/","og_site_name":"Xenonkungen","article_modified_time":"2026-04-11T00:20:39+00:00","og_image":[{"width":555,"height":600,"url":"https:\/\/xenonkungen.com\/wp-content\/uploads\/2025\/04\/190087987-origpic-02b175.png","type":"image\/png"}],"twitter_card":"summary_large_image","schema":{"@context":"https:\/\/schema.org","@graph":[{"@type":"WebPage","@id":"https:\/\/xenonkungen.com\/produkt\/meguiars-supreme-wheel-brush-medium\/","url":"https:\/\/xenonkungen.com\/produkt\/meguiars-supreme-wheel-brush-medium\/","name":"Meguiar&#039;s Supreme Felgb\u00f8rste Medium - Xenon Kongen","isPartOf":{"@id":"https:\/\/xenonkungen.com\/#website"},"primaryImageOfPage":{"@id":"https:\/\/xenonkungen.com\/produkt\/meguiars-supreme-wheel-brush-medium\/#primaryimage"},"image":{"@id":"https:\/\/xenonkungen.com\/produkt\/meguiars-supreme-wheel-brush-medium\/#primaryimage"},"thumbnailUrl":"https:\/\/xenonkungen.com\/wp-content\/uploads\/2025\/04\/190087987-origpic-02b175.png","datePublished":"2025-04-15T09:16:08+00:00","dateModified":"2026-04-11T00:20:39+00:00","breadcrumb":{"@id":"https:\/\/xenonkungen.com\/produkt\/meguiars-supreme-wheel-brush-medium\/#breadcrumb"},"inLanguage":"nb-NO","potentialAction":[{"@type":"ReadAction","target":["https:\/\/xenonkungen.com\/produkt\/meguiars-supreme-wheel-brush-medium\/"]}]},{"@type":"ImageObject","inLanguage":"nb-NO","@id":"https:\/\/xenonkungen.com\/produkt\/meguiars-supreme-wheel-brush-medium\/#primaryimage","url":"https:\/\/xenonkungen.com\/wp-content\/uploads\/2025\/04\/190087987-origpic-02b175.png","contentUrl":"https:\/\/xenonkungen.com\/wp-content\/uploads\/2025\/04\/190087987-origpic-02b175.png","width":555,"height":600},{"@type":"BreadcrumbList","@id":"https:\/\/xenonkungen.com\/produkt\/meguiars-supreme-wheel-brush-medium\/#breadcrumb","itemListElement":[{"@type":"ListItem","position":1,"name":"Hem","item":"https:\/\/xenonkungen.com\/"},{"@type":"ListItem","position":2,"name":"Shop","item":"https:\/\/xenonkungen.com\/shop\/"},{"@type":"ListItem","position":3,"name":"Meguiar&#8217;s Supreme Wheel Brush Medium"}]},{"@type":"WebSite","@id":"https:\/\/xenonkungen.com\/#website","url":"https:\/\/xenonkungen.com\/","name":"Xenonkungen","description":"","potentialAction":[{"@type":"SearchAction","target":{"@type":"EntryPoint","urlTemplate":"https:\/\/xenonkungen.com\/?s={search_term_string}"},"query-input":{"@type":"PropertyValueSpecification","valueRequired":true,"valueName":"search_term_string"}}],"inLanguage":"nb-NO"}]}},"taxonomy_info":{"product_brand":[{"value":1383,"label":"Meguiar's"}],"product_cat":[{"value":2990,"label":"D\u00e4ck &amp; F\u00e4lg"},{"value":2450,"label":"Tillbeh\u00f6r"},{"value":378,"label":"Bilv\u00e5rd"}]},"featured_image_src_large":["https:\/\/xenonkungen.com\/wp-content\/uploads\/2025\/04\/190087987-origpic-02b175.png",555,600,false],"author_info":[],"comment_info":0,"_links":{"self":[{"href":"https:\/\/xenonkungen.com\/no\/wp-json\/wp\/v2\/product\/4653","targetHints":{"allow":["GET"]}}],"collection":[{"href":"https:\/\/xenonkungen.com\/no\/wp-json\/wp\/v2\/product"}],"about":[{"href":"https:\/\/xenonkungen.com\/no\/wp-json\/wp\/v2\/types\/product"}],"replies":[{"embeddable":true,"href":"https:\/\/xenonkungen.com\/no\/wp-json\/wp\/v2\/comments?post=4653"}],"wp:featuredmedia":[{"embeddable":true,"href":"https:\/\/xenonkungen.com\/no\/wp-json\/wp\/v2\/media\/4654"}],"wp:attachment":[{"href":"https:\/\/xenonkungen.com\/no\/wp-json\/wp\/v2\/media?parent=4653"}],"wp:term":[{"taxonomy":"anvandningsomrade","embeddable":true,"href":"https:\/\/xenonkungen.com\/no\/wp-json\/wp\/v2\/anvandningsomrade?post=4653"},{"taxonomy":"bilmarken","embeddable":true,"href":"https:\/\/xenonkungen.com\/no\/wp-json\/wp\/v2\/bilmarken?post=4653"},{"taxonomy":"product_brand","embeddable":true,"href":"https:\/\/xenonkungen.com\/no\/wp-json\/wp\/v2\/product_brand?post=4653"},{"taxonomy":"product_cat","embeddable":true,"href":"https:\/\/xenonkungen.com\/no\/wp-json\/wp\/v2\/product_cat?post=4653"},{"taxonomy":"product_tag","embeddable":true,"href":"https:\/\/xenonkungen.com\/no\/wp-json\/wp\/v2\/product_tag?post=4653"}],"curies":[{"name":"wp","href":"https:\/\/api.w.org\/{rel}","templated":true}]}}