{"id":4665,"date":"2025-04-15T09:16:29","date_gmt":"2025-04-15T09:16:29","guid":{"rendered":"https:\/\/xenonkungen.com\/product\/meguiars-suprem-wheel-brush-angled\/"},"modified":"2026-04-24T17:33:42","modified_gmt":"2026-04-24T16:33:42","slug":"meguiars-supreme-hjulborste-vinklet","status":"publish","type":"product","link":"https:\/\/xenonkungen.com\/no\/produkt\/meguiars-supreme-hjulborste-vinklet\/","title":{"rendered":"Meguiar's Suprem Wheel Brush Vinklet"},"content":{"rendered":"<h1>Supreme hjulb\u00f8rste, vinklet<\/h1>\n<p><span>Den ultimate b\u00f8rsten for effektiv og sk\u00e5nsom rengj\u00f8ring av felgene dine. Det nye vinklede h\u00e5ndtaket gj\u00f8r det lettere \u00e5 komme til selv p\u00e5 trange og vanskelig tilgjengelige steder, for eksempel bak eikene eller hvis du har store bremsekalipere. Kjemikaliebestandig og t\u00e5ler litt av hvert.  Helt metallfri for sikker rengj\u00f8ring av alle typer felger!<\/span><\/p>","protected":false},"excerpt":{"rendered":"<p>Vinklet mikrofiberfelgb\u00f8rste som lar deg rengj\u00f8re alle typer felger med trygghet.<\/p>","protected":false},"featured_media":4666,"comment_status":"closed","ping_status":"open","template":"","meta":{"_acf_changed":false,"_smort_price_nok":"240","_smort_price_dkk":"203","_smort_price_eur":"27.18","_smort_sale_price_nok":"240","_smort_sale_price_dkk":"","_smort_sale_price_eur":"","smort_restorder":"","shipmondo_restorder":"","_kad_blocks_custom_css":"","_kad_blocks_head_custom_js":"","_kad_blocks_body_custom_js":"","_kad_blocks_footer_custom_js":"","smort_custom_pricelist_1":"191.36","smort_custom_pricelist_2":"191.36","smort_custom_pricelist_3":"181.79","smort_custom_pricelist_4":"239.2","smort_custom_pricelist_5":"191.36"},"anvandningsomrade":[],"bilmarken":[],"product_brand":[1383],"product_cat":[2450,2990,378,1402],"product_tag":[],"class_list":{"0":"post-4665","1":"product","2":"type-product","3":"status-publish","4":"has-post-thumbnail","6":"product_brand-meguiars","7":"product_cat-tillbehor-bilvard","8":"product_cat-dack-och-falg","9":"product_cat-bilvard","10":"product_cat-outlet","12":"first","13":"instock","14":"sale","15":"taxable","16":"shipping-taxable","17":"purchasable","18":"product-type-simple"},"bundled_by":[],"bundle_stock_status":"instock","bundle_stock_quantity":3,"bundle_virtual":false,"bundle_layout":"","bundle_add_to_cart_form_location":"","bundle_editable_in_cart":false,"bundle_sold_individually_context":"","bundle_item_grouping":"","bundle_min_size":"","bundle_max_size":"","bundle_price":[],"bundled_items":[],"bundle_sell_ids":[],"acf":[],"yoast_head":"<!-- This site is optimized with the Yoast SEO plugin v27.0 - https:\/\/yoast.com\/product\/yoast-seo-wordpress\/ -->\n<title>Meguiar&#039;s Suprem Wheel Brush Angled - Xenonkungen<\/title>\n<meta name=\"robots\" content=\"index, follow, max-snippet:-1, max-image-preview:large, max-video-preview:-1\" \/>\n<link rel=\"canonical\" href=\"https:\/\/xenonkungen.com\/no\/produkt\/meguiars-supreme-hjulborste-vinklet\/\" \/>\n<meta property=\"og:locale\" content=\"nb_NO\" \/>\n<meta property=\"og:type\" content=\"article\" \/>\n<meta property=\"og:title\" content=\"Meguiar&#039;s Suprem Wheel Brush Angled - Xenonkungen\" \/>\n<meta property=\"og:description\" content=\"Vinklad f\u00e4lgborste i mikrofiber som g\u00f6r att du med trygghet kan reng\u00f6ra alla typer av f\u00e4lgar.\" \/>\n<meta property=\"og:url\" content=\"https:\/\/xenonkungen.com\/no\/produkt\/meguiars-supreme-hjulborste-vinklet\/\" \/>\n<meta property=\"og:site_name\" content=\"Xenonkungen\" \/>\n<meta property=\"article:modified_time\" content=\"2026-04-24T16:33:42+00:00\" \/>\n<meta property=\"og:image\" content=\"https:\/\/xenonkungen.com\/wp-content\/uploads\/2025\/04\/191949913-origpic-8da688.png\" \/>\n\t<meta property=\"og:image:width\" content=\"288\" \/>\n\t<meta property=\"og:image:height\" content=\"705\" \/>\n\t<meta property=\"og:image:type\" content=\"image\/png\" \/>\n<meta name=\"twitter:card\" content=\"summary_large_image\" \/>\n<script type=\"application\/ld+json\" class=\"yoast-schema-graph\">{\"@context\":\"https:\/\/schema.org\",\"@graph\":[{\"@type\":\"WebPage\",\"@id\":\"https:\/\/xenonkungen.com\/produkt\/meguiars-suprem-wheel-brush-angled\/\",\"url\":\"https:\/\/xenonkungen.com\/produkt\/meguiars-suprem-wheel-brush-angled\/\",\"name\":\"Meguiar's Suprem Wheel Brush Angled - Xenonkungen\",\"isPartOf\":{\"@id\":\"https:\/\/xenonkungen.com\/#website\"},\"primaryImageOfPage\":{\"@id\":\"https:\/\/xenonkungen.com\/produkt\/meguiars-suprem-wheel-brush-angled\/#primaryimage\"},\"image\":{\"@id\":\"https:\/\/xenonkungen.com\/produkt\/meguiars-suprem-wheel-brush-angled\/#primaryimage\"},\"thumbnailUrl\":\"https:\/\/xenonkungen.com\/wp-content\/uploads\/2025\/04\/191949913-origpic-8da688.png\",\"datePublished\":\"2025-04-15T09:16:29+00:00\",\"dateModified\":\"2026-04-24T16:33:42+00:00\",\"breadcrumb\":{\"@id\":\"https:\/\/xenonkungen.com\/produkt\/meguiars-suprem-wheel-brush-angled\/#breadcrumb\"},\"inLanguage\":\"nb-NO\",\"potentialAction\":[{\"@type\":\"ReadAction\",\"target\":[\"https:\/\/xenonkungen.com\/produkt\/meguiars-suprem-wheel-brush-angled\/\"]}]},{\"@type\":\"ImageObject\",\"inLanguage\":\"nb-NO\",\"@id\":\"https:\/\/xenonkungen.com\/produkt\/meguiars-suprem-wheel-brush-angled\/#primaryimage\",\"url\":\"https:\/\/xenonkungen.com\/wp-content\/uploads\/2025\/04\/191949913-origpic-8da688.png\",\"contentUrl\":\"https:\/\/xenonkungen.com\/wp-content\/uploads\/2025\/04\/191949913-origpic-8da688.png\",\"width\":288,\"height\":705},{\"@type\":\"BreadcrumbList\",\"@id\":\"https:\/\/xenonkungen.com\/produkt\/meguiars-suprem-wheel-brush-angled\/#breadcrumb\",\"itemListElement\":[{\"@type\":\"ListItem\",\"position\":1,\"name\":\"Hem\",\"item\":\"https:\/\/xenonkungen.com\/\"},{\"@type\":\"ListItem\",\"position\":2,\"name\":\"Shop\",\"item\":\"https:\/\/xenonkungen.com\/shop\/\"},{\"@type\":\"ListItem\",\"position\":3,\"name\":\"Meguiar&#8217;s Suprem Wheel Brush Angled\"}]},{\"@type\":\"WebSite\",\"@id\":\"https:\/\/xenonkungen.com\/#website\",\"url\":\"https:\/\/xenonkungen.com\/\",\"name\":\"Xenonkungen\",\"description\":\"\",\"potentialAction\":[{\"@type\":\"SearchAction\",\"target\":{\"@type\":\"EntryPoint\",\"urlTemplate\":\"https:\/\/xenonkungen.com\/?s={search_term_string}\"},\"query-input\":{\"@type\":\"PropertyValueSpecification\",\"valueRequired\":true,\"valueName\":\"search_term_string\"}}],\"inLanguage\":\"nb-NO\"}]}<\/script>\n<!-- \/ Yoast SEO plugin. -->","yoast_head_json":{"title":"Meguiar&#039;s Suprem Felgb\u00f8rste Vinklet - Xenon Kongen","robots":{"index":"index","follow":"follow","max-snippet":"max-snippet:-1","max-image-preview":"max-image-preview:large","max-video-preview":"max-video-preview:-1"},"canonical":"https:\/\/xenonkungen.com\/no\/produkt\/meguiars-supreme-hjulborste-vinklet\/","og_locale":"nb_NO","og_type":"article","og_title":"Meguiar's Suprem Wheel Brush Angled - Xenonkungen","og_description":"Vinklad f\u00e4lgborste i mikrofiber som g\u00f6r att du med trygghet kan reng\u00f6ra alla typer av f\u00e4lgar.","og_url":"https:\/\/xenonkungen.com\/no\/produkt\/meguiars-supreme-hjulborste-vinklet\/","og_site_name":"Xenonkungen","article_modified_time":"2026-04-24T16:33:42+00:00","og_image":[{"width":288,"height":705,"url":"https:\/\/xenonkungen.com\/wp-content\/uploads\/2025\/04\/191949913-origpic-8da688.png","type":"image\/png"}],"twitter_card":"summary_large_image","schema":{"@context":"https:\/\/schema.org","@graph":[{"@type":"WebPage","@id":"https:\/\/xenonkungen.com\/produkt\/meguiars-suprem-wheel-brush-angled\/","url":"https:\/\/xenonkungen.com\/produkt\/meguiars-suprem-wheel-brush-angled\/","name":"Meguiar&#039;s Suprem Felgb\u00f8rste Vinklet - Xenon Kongen","isPartOf":{"@id":"https:\/\/xenonkungen.com\/#website"},"primaryImageOfPage":{"@id":"https:\/\/xenonkungen.com\/produkt\/meguiars-suprem-wheel-brush-angled\/#primaryimage"},"image":{"@id":"https:\/\/xenonkungen.com\/produkt\/meguiars-suprem-wheel-brush-angled\/#primaryimage"},"thumbnailUrl":"https:\/\/xenonkungen.com\/wp-content\/uploads\/2025\/04\/191949913-origpic-8da688.png","datePublished":"2025-04-15T09:16:29+00:00","dateModified":"2026-04-24T16:33:42+00:00","breadcrumb":{"@id":"https:\/\/xenonkungen.com\/produkt\/meguiars-suprem-wheel-brush-angled\/#breadcrumb"},"inLanguage":"nb-NO","potentialAction":[{"@type":"ReadAction","target":["https:\/\/xenonkungen.com\/produkt\/meguiars-suprem-wheel-brush-angled\/"]}]},{"@type":"ImageObject","inLanguage":"nb-NO","@id":"https:\/\/xenonkungen.com\/produkt\/meguiars-suprem-wheel-brush-angled\/#primaryimage","url":"https:\/\/xenonkungen.com\/wp-content\/uploads\/2025\/04\/191949913-origpic-8da688.png","contentUrl":"https:\/\/xenonkungen.com\/wp-content\/uploads\/2025\/04\/191949913-origpic-8da688.png","width":288,"height":705},{"@type":"BreadcrumbList","@id":"https:\/\/xenonkungen.com\/produkt\/meguiars-suprem-wheel-brush-angled\/#breadcrumb","itemListElement":[{"@type":"ListItem","position":1,"name":"Hem","item":"https:\/\/xenonkungen.com\/"},{"@type":"ListItem","position":2,"name":"Shop","item":"https:\/\/xenonkungen.com\/shop\/"},{"@type":"ListItem","position":3,"name":"Meguiar&#8217;s Suprem Wheel Brush Angled"}]},{"@type":"WebSite","@id":"https:\/\/xenonkungen.com\/#website","url":"https:\/\/xenonkungen.com\/","name":"Xenonkungen","description":"","potentialAction":[{"@type":"SearchAction","target":{"@type":"EntryPoint","urlTemplate":"https:\/\/xenonkungen.com\/?s={search_term_string}"},"query-input":{"@type":"PropertyValueSpecification","valueRequired":true,"valueName":"search_term_string"}}],"inLanguage":"nb-NO"}]}},"taxonomy_info":{"product_brand":[{"value":1383,"label":"Meguiar's"}],"product_cat":[{"value":2450,"label":"6 | Tillbeh\u00f6r"},{"value":2990,"label":"D\u00e4ck &amp; F\u00e4lg"},{"value":378,"label":"Bilv\u00e5rd"},{"value":1402,"label":"Outlet"}]},"featured_image_src_large":["https:\/\/xenonkungen.com\/wp-content\/uploads\/2025\/04\/191949913-origpic-8da688.png",288,705,false],"author_info":[],"comment_info":0,"_links":{"self":[{"href":"https:\/\/xenonkungen.com\/no\/wp-json\/wp\/v2\/product\/4665","targetHints":{"allow":["GET"]}}],"collection":[{"href":"https:\/\/xenonkungen.com\/no\/wp-json\/wp\/v2\/product"}],"about":[{"href":"https:\/\/xenonkungen.com\/no\/wp-json\/wp\/v2\/types\/product"}],"replies":[{"embeddable":true,"href":"https:\/\/xenonkungen.com\/no\/wp-json\/wp\/v2\/comments?post=4665"}],"wp:featuredmedia":[{"embeddable":true,"href":"https:\/\/xenonkungen.com\/no\/wp-json\/wp\/v2\/media\/4666"}],"wp:attachment":[{"href":"https:\/\/xenonkungen.com\/no\/wp-json\/wp\/v2\/media?parent=4665"}],"wp:term":[{"taxonomy":"anvandningsomrade","embeddable":true,"href":"https:\/\/xenonkungen.com\/no\/wp-json\/wp\/v2\/anvandningsomrade?post=4665"},{"taxonomy":"bilmarken","embeddable":true,"href":"https:\/\/xenonkungen.com\/no\/wp-json\/wp\/v2\/bilmarken?post=4665"},{"taxonomy":"product_brand","embeddable":true,"href":"https:\/\/xenonkungen.com\/no\/wp-json\/wp\/v2\/product_brand?post=4665"},{"taxonomy":"product_cat","embeddable":true,"href":"https:\/\/xenonkungen.com\/no\/wp-json\/wp\/v2\/product_cat?post=4665"},{"taxonomy":"product_tag","embeddable":true,"href":"https:\/\/xenonkungen.com\/no\/wp-json\/wp\/v2\/product_tag?post=4665"}],"curies":[{"name":"wp","href":"https:\/\/api.w.org\/{rel}","templated":true}]}}