{"id":4839,"date":"2025-04-15T09:18:59","date_gmt":"2025-04-15T09:18:59","guid":{"rendered":"https:\/\/xenonkungen.com\/product\/deutsch-kontaktdon-sortimentlada-dt\/"},"modified":"2026-04-11T01:39:05","modified_gmt":"2026-04-11T00:39:05","slug":"deutsch-kontaktsortiment-butikk-dt","status":"publish","type":"product","link":"https:\/\/xenonkungen.com\/no\/produkt\/deutsch-kontaktsortiment-butikk-dt\/","title":{"rendered":"Deutsch Connector Assortment-eske DT"},"content":{"rendered":"<div class=\"container\">\n<h2>Deutsch Connector Assortment Box DT - 260 deler<\/h2>\n<p>Utforsk den ultimate l\u00f8sningen for kabeltilkoblingene dine med v\u00e5r <strong>Deutsch Connector Assortment-eske DT<\/strong>. Denne omfattende sortimentboksen med 260 deler er perfekt for alle dine behov for elektriske tilkoblinger, enten du jobber med kj\u00f8ret\u00f8y, industrimaskiner eller andre elektriske applikasjoner. Sortimentet omfatter en rekke ulike kontakter, pinner og hylser, som er n\u00f8ye utvalgt for \u00e5 garantere p\u00e5litelige og holdbare tilkoblinger.<\/p>\n<p>Med <strong>Tysk DT-serie<\/strong> f\u00e5r du kontakter av h\u00f8y kvalitet som t\u00e5ler t\u00f8ffe milj\u00f8er og er bygget for \u00e5 t\u00e5le t\u00f8ffe p\u00e5kjenninger som vibrasjoner, fuktighet og ekstreme temperaturer. Serien er ideell for b\u00e5de profesjonelle brukere og gj\u00f8r-det-selv-entusiaster som er ute etter en p\u00e5litelig og robust l\u00f8sning.<\/p>\n<h3>Innhold i esken:<\/h3>\n<ul>\n<li><strong>DT06-2S<\/strong> (15 stk)<\/li>\n<li><strong>DT06-2S-E008<\/strong> (5 stk)<\/li>\n<li><strong>DT06-3S<\/strong> (5 stk)<\/li>\n<li><strong>W3S<\/strong> (5 stk)<\/li>\n<li><strong>DT06-4S<\/strong> (4 stk)<\/li>\n<li><strong>W4S<\/strong> (4 stk)<\/li>\n<li><strong>0462-201-16141<\/strong> (70 stk)<\/li>\n<li><strong>DT04-2P<\/strong> (12 stk)<\/li>\n<li><strong>DT04-2P-E008<\/strong> (4 stk)<\/li>\n<li><strong>DT04-3P<\/strong> (4 stk)<\/li>\n<li><strong>W3P<\/strong> (4 stk)<\/li>\n<li><strong>DT04-4P<\/strong> (3 stk)<\/li>\n<li><strong>W4P<\/strong> (3 stk)<\/li>\n<li><strong>0460-202-16141<\/strong> (60 stk)<\/li>\n<li><strong>DT06-6S<\/strong> (3 stk)<\/li>\n<li><strong>W8S<\/strong> (3 stk)<\/li>\n<li><strong>DT04-8P<\/strong> (3 stk)<\/li>\n<li><strong>W6P<\/strong> (3 stk)<\/li>\n<li><strong>DT06-08SA<\/strong> (1 stk)<\/li>\n<li><strong>W8S<\/strong> (1 stk)<\/li>\n<li><strong>DT04-08PA<\/strong> (1 stk)<\/li>\n<li><strong>W8P<\/strong> (1 stk)<\/li>\n<li><strong>W2S<\/strong> (20 stk)<\/li>\n<li><strong>W2P<\/strong> (17 stk)<\/li>\n<li><strong>4420902<\/strong> (9 stk)<\/li>\n<\/ul>\n<h3>Fordeler med Deutsch-kontakter:<\/h3>\n<ul>\n<li><strong>Robust konstruksjon:<\/strong> T\u00e5ler ekstreme temperaturer, vibrasjoner og fuktighet.<\/li>\n<li><strong>Enkel installasjon:<\/strong> Hurtigutl\u00f8serteknologi som forenkler montering og demontering.<\/li>\n<li><strong>H\u00f8y p\u00e5litelighet:<\/strong> Gir sikre tilkoblinger som varer over tid, selv i t\u00f8ffe omgivelser.<\/li>\n<li><strong>Allsidighet:<\/strong> Passer til et bredt spekter av bruksomr\u00e5der, fra bilindustrien til industrimaskiner.<\/li>\n<\/ul>\n<p>S\u00f8rg for at du har de riktige verkt\u00f8yene for jobben med denne <strong>Deutsch Connector Assortment-eske DT<\/strong>. Et must for alle som jobber med profesjonell kabling og elektriske systemer!<\/p>\n<\/div>","protected":false},"excerpt":{"rendered":"<p>Deutsch Kontaktdon Sortimentl\u00e5da DT \u2013 260 delar Utforska den ultimata l\u00f6sningen f\u00f6r dina kabelanslutningar med v\u00e5r Deutsch Kontaktdon Sortimentl\u00e5da DT. Denna omfattande 260-delars sortimentsl\u00e5da \u00e4r perfekt f\u00f6r alla dina elanslutningsbehov, oavsett om du arbetar med fordon, industriella maskiner eller andra elektriska applikationer. Sortimentet inkluderar en m\u00e4ngd olika kontakter, stift och hylsor, noggrant utvalda f\u00f6r att [&hellip;]<\/p>","protected":false},"featured_media":4840,"comment_status":"closed","ping_status":"open","template":"","meta":{"_acf_changed":false,"_smort_price_nok":"2665","_smort_price_dkk":"1693","_smort_price_eur":"226.81","_smort_sale_price_nok":"","_smort_sale_price_dkk":"","_smort_sale_price_eur":"","smort_restorder":"","shipmondo_restorder":"","_kad_blocks_custom_css":"","_kad_blocks_head_custom_js":"","_kad_blocks_body_custom_js":"","_kad_blocks_footer_custom_js":"","smort_custom_pricelist_1":"1596.8","smort_custom_pricelist_2":"1397.2","smort_custom_pricelist_3":"1297.4","smort_custom_pricelist_4":"1996","smort_custom_pricelist_5":"1397.2"},"anvandningsomrade":[],"bilmarken":[],"product_brand":[],"product_cat":[2493,390],"product_tag":[],"class_list":{"0":"post-4839","1":"product","2":"type-product","3":"status-publish","4":"has-post-thumbnail","6":"product_cat-kontakter-installation","7":"product_cat-installation","9":"first","10":"onbackorder","11":"taxable","12":"shipping-taxable","13":"purchasable","14":"product-type-simple"},"bundled_by":[],"bundle_stock_status":"onbackorder","bundle_stock_quantity":0,"bundle_virtual":false,"bundle_layout":"","bundle_add_to_cart_form_location":"","bundle_editable_in_cart":false,"bundle_sold_individually_context":"","bundle_item_grouping":"","bundle_min_size":"","bundle_max_size":"","bundle_price":[],"bundled_items":[],"bundle_sell_ids":[],"acf":[],"yoast_head":"<!-- This site is optimized with the Yoast SEO plugin v27.0 - https:\/\/yoast.com\/product\/yoast-seo-wordpress\/ -->\n<title>Deutsch Kontaktdon Sortimentl\u00e5da DT - Xenonkungen<\/title>\n<meta name=\"robots\" content=\"index, follow, max-snippet:-1, max-image-preview:large, max-video-preview:-1\" \/>\n<link rel=\"canonical\" href=\"https:\/\/xenonkungen.com\/no\/produkt\/deutsch-kontaktsortiment-butikk-dt\/\" \/>\n<meta property=\"og:locale\" content=\"nb_NO\" \/>\n<meta property=\"og:type\" content=\"article\" \/>\n<meta property=\"og:title\" content=\"Deutsch Kontaktdon Sortimentl\u00e5da DT - Xenonkungen\" \/>\n<meta property=\"og:description\" content=\"Deutsch Kontaktdon Sortimentl\u00e5da DT \u2013 260 delar Utforska den ultimata l\u00f6sningen f\u00f6r dina kabelanslutningar med v\u00e5r Deutsch Kontaktdon Sortimentl\u00e5da DT. Denna omfattande 260-delars sortimentsl\u00e5da \u00e4r perfekt f\u00f6r alla dina elanslutningsbehov, oavsett om du arbetar med fordon, industriella maskiner eller andra elektriska applikationer. Sortimentet inkluderar en m\u00e4ngd olika kontakter, stift och hylsor, noggrant utvalda f\u00f6r att [&hellip;]\" \/>\n<meta property=\"og:url\" content=\"https:\/\/xenonkungen.com\/no\/produkt\/deutsch-kontaktsortiment-butikk-dt\/\" \/>\n<meta property=\"og:site_name\" content=\"Xenonkungen\" \/>\n<meta property=\"article:modified_time\" content=\"2026-04-11T00:39:05+00:00\" \/>\n<meta property=\"og:image\" content=\"https:\/\/xenonkungen.com\/wp-content\/uploads\/2025\/04\/215873453-origpic-bbb29c.png\" \/>\n\t<meta property=\"og:image:width\" content=\"400\" \/>\n\t<meta property=\"og:image:height\" content=\"300\" \/>\n\t<meta property=\"og:image:type\" content=\"image\/png\" \/>\n<meta name=\"twitter:card\" content=\"summary_large_image\" \/>\n<meta name=\"twitter:label1\" content=\"Ansl. lesetid\" \/>\n\t<meta name=\"twitter:data1\" content=\"2 minutter\" \/>\n<script type=\"application\/ld+json\" class=\"yoast-schema-graph\">{\"@context\":\"https:\/\/schema.org\",\"@graph\":[{\"@type\":\"WebPage\",\"@id\":\"https:\/\/xenonkungen.com\/produkt\/deutsch-kontaktdon-sortimentlada-dt\/\",\"url\":\"https:\/\/xenonkungen.com\/produkt\/deutsch-kontaktdon-sortimentlada-dt\/\",\"name\":\"Deutsch Kontaktdon Sortimentl\u00e5da DT - Xenonkungen\",\"isPartOf\":{\"@id\":\"https:\/\/xenonkungen.com\/#website\"},\"primaryImageOfPage\":{\"@id\":\"https:\/\/xenonkungen.com\/produkt\/deutsch-kontaktdon-sortimentlada-dt\/#primaryimage\"},\"image\":{\"@id\":\"https:\/\/xenonkungen.com\/produkt\/deutsch-kontaktdon-sortimentlada-dt\/#primaryimage\"},\"thumbnailUrl\":\"https:\/\/xenonkungen.com\/wp-content\/uploads\/2025\/04\/215873453-origpic-bbb29c.png\",\"datePublished\":\"2025-04-15T09:18:59+00:00\",\"dateModified\":\"2026-04-11T00:39:05+00:00\",\"breadcrumb\":{\"@id\":\"https:\/\/xenonkungen.com\/produkt\/deutsch-kontaktdon-sortimentlada-dt\/#breadcrumb\"},\"inLanguage\":\"nb-NO\",\"potentialAction\":[{\"@type\":\"ReadAction\",\"target\":[\"https:\/\/xenonkungen.com\/produkt\/deutsch-kontaktdon-sortimentlada-dt\/\"]}]},{\"@type\":\"ImageObject\",\"inLanguage\":\"nb-NO\",\"@id\":\"https:\/\/xenonkungen.com\/produkt\/deutsch-kontaktdon-sortimentlada-dt\/#primaryimage\",\"url\":\"https:\/\/xenonkungen.com\/wp-content\/uploads\/2025\/04\/215873453-origpic-bbb29c.png\",\"contentUrl\":\"https:\/\/xenonkungen.com\/wp-content\/uploads\/2025\/04\/215873453-origpic-bbb29c.png\",\"width\":400,\"height\":300},{\"@type\":\"BreadcrumbList\",\"@id\":\"https:\/\/xenonkungen.com\/produkt\/deutsch-kontaktdon-sortimentlada-dt\/#breadcrumb\",\"itemListElement\":[{\"@type\":\"ListItem\",\"position\":1,\"name\":\"Hem\",\"item\":\"https:\/\/xenonkungen.com\/\"},{\"@type\":\"ListItem\",\"position\":2,\"name\":\"Shop\",\"item\":\"https:\/\/xenonkungen.com\/shop\/\"},{\"@type\":\"ListItem\",\"position\":3,\"name\":\"Deutsch Kontaktdon Sortimentl\u00e5da DT\"}]},{\"@type\":\"WebSite\",\"@id\":\"https:\/\/xenonkungen.com\/#website\",\"url\":\"https:\/\/xenonkungen.com\/\",\"name\":\"Xenonkungen\",\"description\":\"\",\"potentialAction\":[{\"@type\":\"SearchAction\",\"target\":{\"@type\":\"EntryPoint\",\"urlTemplate\":\"https:\/\/xenonkungen.com\/?s={search_term_string}\"},\"query-input\":{\"@type\":\"PropertyValueSpecification\",\"valueRequired\":true,\"valueName\":\"search_term_string\"}}],\"inLanguage\":\"nb-NO\"}]}<\/script>\n<!-- \/ Yoast SEO plugin. -->","yoast_head_json":{"title":"Deutsch-kontaktassortimentsboks DT - Xenonkungen","robots":{"index":"index","follow":"follow","max-snippet":"max-snippet:-1","max-image-preview":"max-image-preview:large","max-video-preview":"max-video-preview:-1"},"canonical":"https:\/\/xenonkungen.com\/no\/produkt\/deutsch-kontaktsortiment-butikk-dt\/","og_locale":"nb_NO","og_type":"article","og_title":"Deutsch Kontaktdon Sortimentl\u00e5da DT - Xenonkungen","og_description":"Deutsch Kontaktdon Sortimentl\u00e5da DT \u2013 260 delar Utforska den ultimata l\u00f6sningen f\u00f6r dina kabelanslutningar med v\u00e5r Deutsch Kontaktdon Sortimentl\u00e5da DT. Denna omfattande 260-delars sortimentsl\u00e5da \u00e4r perfekt f\u00f6r alla dina elanslutningsbehov, oavsett om du arbetar med fordon, industriella maskiner eller andra elektriska applikationer. Sortimentet inkluderar en m\u00e4ngd olika kontakter, stift och hylsor, noggrant utvalda f\u00f6r att [&hellip;]","og_url":"https:\/\/xenonkungen.com\/no\/produkt\/deutsch-kontaktsortiment-butikk-dt\/","og_site_name":"Xenonkungen","article_modified_time":"2026-04-11T00:39:05+00:00","og_image":[{"width":400,"height":300,"url":"https:\/\/xenonkungen.com\/wp-content\/uploads\/2025\/04\/215873453-origpic-bbb29c.png","type":"image\/png"}],"twitter_card":"summary_large_image","twitter_misc":{"Ansl. lesetid":"2 minutter"},"schema":{"@context":"https:\/\/schema.org","@graph":[{"@type":"WebPage","@id":"https:\/\/xenonkungen.com\/produkt\/deutsch-kontaktdon-sortimentlada-dt\/","url":"https:\/\/xenonkungen.com\/produkt\/deutsch-kontaktdon-sortimentlada-dt\/","name":"Deutsch-kontaktassortimentsboks DT - Xenonkungen","isPartOf":{"@id":"https:\/\/xenonkungen.com\/#website"},"primaryImageOfPage":{"@id":"https:\/\/xenonkungen.com\/produkt\/deutsch-kontaktdon-sortimentlada-dt\/#primaryimage"},"image":{"@id":"https:\/\/xenonkungen.com\/produkt\/deutsch-kontaktdon-sortimentlada-dt\/#primaryimage"},"thumbnailUrl":"https:\/\/xenonkungen.com\/wp-content\/uploads\/2025\/04\/215873453-origpic-bbb29c.png","datePublished":"2025-04-15T09:18:59+00:00","dateModified":"2026-04-11T00:39:05+00:00","breadcrumb":{"@id":"https:\/\/xenonkungen.com\/produkt\/deutsch-kontaktdon-sortimentlada-dt\/#breadcrumb"},"inLanguage":"nb-NO","potentialAction":[{"@type":"ReadAction","target":["https:\/\/xenonkungen.com\/produkt\/deutsch-kontaktdon-sortimentlada-dt\/"]}]},{"@type":"ImageObject","inLanguage":"nb-NO","@id":"https:\/\/xenonkungen.com\/produkt\/deutsch-kontaktdon-sortimentlada-dt\/#primaryimage","url":"https:\/\/xenonkungen.com\/wp-content\/uploads\/2025\/04\/215873453-origpic-bbb29c.png","contentUrl":"https:\/\/xenonkungen.com\/wp-content\/uploads\/2025\/04\/215873453-origpic-bbb29c.png","width":400,"height":300},{"@type":"BreadcrumbList","@id":"https:\/\/xenonkungen.com\/produkt\/deutsch-kontaktdon-sortimentlada-dt\/#breadcrumb","itemListElement":[{"@type":"ListItem","position":1,"name":"Hem","item":"https:\/\/xenonkungen.com\/"},{"@type":"ListItem","position":2,"name":"Shop","item":"https:\/\/xenonkungen.com\/shop\/"},{"@type":"ListItem","position":3,"name":"Deutsch Kontaktdon Sortimentl\u00e5da DT"}]},{"@type":"WebSite","@id":"https:\/\/xenonkungen.com\/#website","url":"https:\/\/xenonkungen.com\/","name":"Xenonkungen","description":"","potentialAction":[{"@type":"SearchAction","target":{"@type":"EntryPoint","urlTemplate":"https:\/\/xenonkungen.com\/?s={search_term_string}"},"query-input":{"@type":"PropertyValueSpecification","valueRequired":true,"valueName":"search_term_string"}}],"inLanguage":"nb-NO"}]}},"taxonomy_info":{"product_cat":[{"value":2493,"label":"Kontakter"},{"value":390,"label":"Installation"}]},"featured_image_src_large":["https:\/\/xenonkungen.com\/wp-content\/uploads\/2025\/04\/215873453-origpic-bbb29c.png",400,300,false],"author_info":[],"comment_info":0,"_links":{"self":[{"href":"https:\/\/xenonkungen.com\/no\/wp-json\/wp\/v2\/product\/4839","targetHints":{"allow":["GET"]}}],"collection":[{"href":"https:\/\/xenonkungen.com\/no\/wp-json\/wp\/v2\/product"}],"about":[{"href":"https:\/\/xenonkungen.com\/no\/wp-json\/wp\/v2\/types\/product"}],"replies":[{"embeddable":true,"href":"https:\/\/xenonkungen.com\/no\/wp-json\/wp\/v2\/comments?post=4839"}],"wp:featuredmedia":[{"embeddable":true,"href":"https:\/\/xenonkungen.com\/no\/wp-json\/wp\/v2\/media\/4840"}],"wp:attachment":[{"href":"https:\/\/xenonkungen.com\/no\/wp-json\/wp\/v2\/media?parent=4839"}],"wp:term":[{"taxonomy":"anvandningsomrade","embeddable":true,"href":"https:\/\/xenonkungen.com\/no\/wp-json\/wp\/v2\/anvandningsomrade?post=4839"},{"taxonomy":"bilmarken","embeddable":true,"href":"https:\/\/xenonkungen.com\/no\/wp-json\/wp\/v2\/bilmarken?post=4839"},{"taxonomy":"product_brand","embeddable":true,"href":"https:\/\/xenonkungen.com\/no\/wp-json\/wp\/v2\/product_brand?post=4839"},{"taxonomy":"product_cat","embeddable":true,"href":"https:\/\/xenonkungen.com\/no\/wp-json\/wp\/v2\/product_cat?post=4839"},{"taxonomy":"product_tag","embeddable":true,"href":"https:\/\/xenonkungen.com\/no\/wp-json\/wp\/v2\/product_tag?post=4839"}],"curies":[{"name":"wp","href":"https:\/\/api.w.org\/{rel}","templated":true}]}}