{"id":4984,"date":"2025-04-15T09:21:10","date_gmt":"2025-04-15T09:21:10","guid":{"rendered":"https:\/\/xenonkungen.com\/product\/optibeam-ledramp-pure-730\/"},"modified":"2026-05-08T13:33:25","modified_gmt":"2026-05-08T12:33:25","slug":"optibeam-led-lys-pure-730","status":"publish","type":"product","link":"https:\/\/xenonkungen.com\/no\/produkt\/optibeam-led-lys-pure-730\/","title":{"rendered":"OPTIBEAM LEDrampe Pure 730"},"content":{"rendered":"<h1>Optibeam Pure 730 - Elegant design og kraftfull ytelse<\/h1>\n<p>Oppgrader kj\u00f8reopplevelsen din med <strong>Optibeam Pure 730<\/strong>Optibeam Pure 730 er LED-lyskasteren som kombinerer stil med maksimal ytelse. Med sin slanke, buede design og ultratynne profil p\u00e5 bare 42 mm smelter Optibeam Pure 730 s\u00f8ml\u00f8st inn i ethvert kj\u00f8ret\u00f8y, uansett monteringssted. Den er designet for \u00e5 passe inn overalt uten \u00e5 g\u00e5 p\u00e5 kompromiss med lysstyrke eller kvalitet.<\/p>\n<h2>Maksimal lysytelse<\/h2>\n<p>Optibeam Pure 730 har en kraftig lysstr\u00e5le som n\u00e5r hele 674 meter ved 1 lux - perfekt for \u00e5 belyse veier og terreng langt fremme. Med en m\u00e5lt lysstyrke p\u00e5 hele <strong>25 670 lumen<\/strong> s\u00f8rger for at du alltid har klar og kraftig belysning i m\u00f8rke omgivelser, noe som gj\u00f8r hver eneste kj\u00f8retur tryggere og morsommere.<\/p>\n<h2>Naturlig fargegjengivelse og stilfullt posisjonslys<\/h2>\n<p>Lysets fargetemperatur p\u00e5 5000K gir en naturlig og behagelig fargegjengivelse, noe som reduserer tretthet i \u00f8ynene og gir en klarere, dagslyslignende synsopplevelse. I tillegg har Optibeam Pure 730 et sofistikert tofarget posisjonslys som gir deg valget mellom elegant hvitt eller stilig oransje - en eksklusiv detalj for den kresne sj\u00e5f\u00f8ren.<\/p>\n<h2>Hvorfor velge Optibeam Pure 730?<\/h2>\n<ul>\n<li><strong>Elegant design<\/strong>: Elegant buet form og slank 42 mm profil - diskret, men kraftfull.<\/li>\n<li><strong>Imponerende utvalg<\/strong>: Lysbilde som n\u00e5r 674 meter ved 1 lux for optimal synlighet.<\/li>\n<li><strong>H\u00f8y lysstyrke<\/strong>: Med 25 670 lumen f\u00e5r du enest\u00e5ende belysning.<\/li>\n<li><strong>Naturlig lys<\/strong>: 5000K fargetemperatur for behagelig og klar fargegjengivelse.<\/li>\n<li><strong>To-farget posisjonslys<\/strong>: Du kan velge mellom hvitt eller oransje posisjonslys for et personlig preg.<\/li>\n<\/ul>\n<p>Optibeam Pure 730 er LED-lyskasteren som kombinerer stil, effektivitet og kraft i ett og samme produkt. Skap en usl\u00e5elig kj\u00f8rekomfort, og la Optibeam Pure 730 gj\u00f8re hver nattkj\u00f8ring til en trygg og hyggelig opplevelse.<\/p>","protected":false},"excerpt":{"rendered":"<p>Optibeam Pure 730 \u2013 Elegant Design och Kraftfull Prestanda Uppgradera din k\u00f6rupplevelse med Optibeam Pure 730, LED-rampen som kombinerar stil med maximal prestanda. Med sitt smidiga, b\u00f6jda design och en ultratunn profil p\u00e5 endast 42 mm sm\u00e4lter Optibeam Pure 730 in s\u00f6ml\u00f6st p\u00e5 alla fordon, oavsett monteringsplats. Den \u00e4r designad f\u00f6r att passa \u00f6verallt utan [&hellip;]<\/p>","protected":false},"featured_media":4985,"comment_status":"closed","ping_status":"open","template":"","meta":{"_acf_changed":false,"_smort_price_nok":"7258","_smort_price_dkk":"4611","_smort_price_eur":"617.7","_smort_sale_price_nok":"","_smort_sale_price_dkk":"","_smort_sale_price_eur":"","smort_restorder":"","shipmondo_restorder":"","_kad_blocks_custom_css":"","_kad_blocks_head_custom_js":"","_kad_blocks_body_custom_js":"","_kad_blocks_footer_custom_js":"","smort_custom_pricelist_1":"4348.8","smort_custom_pricelist_2":"3805.2","smort_custom_pricelist_3":"3533.4","smort_custom_pricelist_4":"5436","smort_custom_pricelist_5":"3805.2"},"anvandningsomrade":[],"bilmarken":[],"product_brand":[107],"product_cat":[2966,2539,2660],"product_tag":[],"class_list":{"0":"post-4984","1":"product","2":"type-product","3":"status-publish","4":"has-post-thumbnail","6":"product_brand-optibeam","7":"product_cat-ledramp-rak","8":"product_cat-ledramper","9":"product_cat-optibeam-ledramper","10":"pa_fargtemperatur-1486","11":"pa_fuktskydd-varde-ipxx-ip68","12":"pa_godkannande-e-godkand-r148-r149-r10-ref-30","13":"pa_lampsockel-kontakt-2-polig-dtp-kontakt","14":"pa_ljusbild-driving","15":"pa_storlek-mm-729-x-42-x-65","16":"pa_stromforbrukning-26-88a-137v","17":"pa_volt-v-9-48","19":"first","20":"onbackorder","21":"taxable","22":"shipping-taxable","23":"purchasable","24":"product-type-simple"},"bundled_by":[],"bundle_stock_status":"onbackorder","bundle_stock_quantity":0,"bundle_virtual":false,"bundle_layout":"","bundle_add_to_cart_form_location":"","bundle_editable_in_cart":false,"bundle_sold_individually_context":"","bundle_item_grouping":"","bundle_min_size":"","bundle_max_size":"","bundle_price":[],"bundled_items":[],"bundle_sell_ids":[],"acf":[],"yoast_head":"<!-- This site is optimized with the Yoast SEO plugin v27.0 - https:\/\/yoast.com\/product\/yoast-seo-wordpress\/ -->\n<title>OPTIBEAM LEDramp Pure 730 - Xenonkungen<\/title>\n<meta name=\"robots\" content=\"index, follow, max-snippet:-1, max-image-preview:large, max-video-preview:-1\" \/>\n<link rel=\"canonical\" href=\"https:\/\/xenonkungen.com\/no\/produkt\/optibeam-led-lys-pure-730\/\" \/>\n<meta property=\"og:locale\" content=\"nb_NO\" \/>\n<meta property=\"og:type\" content=\"article\" \/>\n<meta property=\"og:title\" content=\"OPTIBEAM LEDramp Pure 730 - Xenonkungen\" \/>\n<meta property=\"og:description\" content=\"Optibeam Pure 730 \u2013 Elegant Design och Kraftfull Prestanda Uppgradera din k\u00f6rupplevelse med Optibeam Pure 730, LED-rampen som kombinerar stil med maximal prestanda. Med sitt smidiga, b\u00f6jda design och en ultratunn profil p\u00e5 endast 42 mm sm\u00e4lter Optibeam Pure 730 in s\u00f6ml\u00f6st p\u00e5 alla fordon, oavsett monteringsplats. Den \u00e4r designad f\u00f6r att passa \u00f6verallt utan [&hellip;]\" \/>\n<meta property=\"og:url\" content=\"https:\/\/xenonkungen.com\/no\/produkt\/optibeam-led-lys-pure-730\/\" \/>\n<meta property=\"og:site_name\" content=\"Xenonkungen\" \/>\n<meta property=\"article:modified_time\" content=\"2026-05-08T12:33:25+00:00\" \/>\n<meta property=\"og:image\" content=\"https:\/\/xenonkungen.com\/wp-content\/uploads\/2025\/04\/216380027-origpic-dc6473.jpg\" \/>\n\t<meta property=\"og:image:width\" content=\"476\" \/>\n\t<meta property=\"og:image:height\" content=\"161\" \/>\n\t<meta property=\"og:image:type\" content=\"image\/jpeg\" \/>\n<meta name=\"twitter:card\" content=\"summary_large_image\" \/>\n<meta name=\"twitter:label1\" content=\"Ansl. lesetid\" \/>\n\t<meta name=\"twitter:data1\" content=\"2 minutter\" \/>\n<script type=\"application\/ld+json\" class=\"yoast-schema-graph\">{\"@context\":\"https:\/\/schema.org\",\"@graph\":[{\"@type\":\"WebPage\",\"@id\":\"https:\/\/xenonkungen.com\/produkt\/optibeam-ledramp-pure-730\/\",\"url\":\"https:\/\/xenonkungen.com\/produkt\/optibeam-ledramp-pure-730\/\",\"name\":\"OPTIBEAM LEDramp Pure 730 - Xenonkungen\",\"isPartOf\":{\"@id\":\"https:\/\/xenonkungen.com\/#website\"},\"primaryImageOfPage\":{\"@id\":\"https:\/\/xenonkungen.com\/produkt\/optibeam-ledramp-pure-730\/#primaryimage\"},\"image\":{\"@id\":\"https:\/\/xenonkungen.com\/produkt\/optibeam-ledramp-pure-730\/#primaryimage\"},\"thumbnailUrl\":\"https:\/\/xenonkungen.com\/wp-content\/uploads\/2025\/04\/216380027-origpic-dc6473.jpg\",\"datePublished\":\"2025-04-15T09:21:10+00:00\",\"dateModified\":\"2026-05-08T12:33:25+00:00\",\"breadcrumb\":{\"@id\":\"https:\/\/xenonkungen.com\/produkt\/optibeam-ledramp-pure-730\/#breadcrumb\"},\"inLanguage\":\"nb-NO\",\"potentialAction\":[{\"@type\":\"ReadAction\",\"target\":[\"https:\/\/xenonkungen.com\/produkt\/optibeam-ledramp-pure-730\/\"]}]},{\"@type\":\"ImageObject\",\"inLanguage\":\"nb-NO\",\"@id\":\"https:\/\/xenonkungen.com\/produkt\/optibeam-ledramp-pure-730\/#primaryimage\",\"url\":\"https:\/\/xenonkungen.com\/wp-content\/uploads\/2025\/04\/216380027-origpic-dc6473.jpg\",\"contentUrl\":\"https:\/\/xenonkungen.com\/wp-content\/uploads\/2025\/04\/216380027-origpic-dc6473.jpg\",\"width\":476,\"height\":161},{\"@type\":\"BreadcrumbList\",\"@id\":\"https:\/\/xenonkungen.com\/produkt\/optibeam-ledramp-pure-730\/#breadcrumb\",\"itemListElement\":[{\"@type\":\"ListItem\",\"position\":1,\"name\":\"Hem\",\"item\":\"https:\/\/xenonkungen.com\/\"},{\"@type\":\"ListItem\",\"position\":2,\"name\":\"Shop\",\"item\":\"https:\/\/xenonkungen.com\/shop\/\"},{\"@type\":\"ListItem\",\"position\":3,\"name\":\"OPTIBEAM LEDramp Pure 730\"}]},{\"@type\":\"WebSite\",\"@id\":\"https:\/\/xenonkungen.com\/#website\",\"url\":\"https:\/\/xenonkungen.com\/\",\"name\":\"Xenonkungen\",\"description\":\"\",\"potentialAction\":[{\"@type\":\"SearchAction\",\"target\":{\"@type\":\"EntryPoint\",\"urlTemplate\":\"https:\/\/xenonkungen.com\/?s={search_term_string}\"},\"query-input\":{\"@type\":\"PropertyValueSpecification\",\"valueRequired\":true,\"valueName\":\"search_term_string\"}}],\"inLanguage\":\"nb-NO\"}]}<\/script>\n<!-- \/ Yoast SEO plugin. -->","yoast_head_json":{"title":"OPTIBEAM LED-rampe Pure 730 \u2013 Xenon-kongen","robots":{"index":"index","follow":"follow","max-snippet":"max-snippet:-1","max-image-preview":"max-image-preview:large","max-video-preview":"max-video-preview:-1"},"canonical":"https:\/\/xenonkungen.com\/no\/produkt\/optibeam-led-lys-pure-730\/","og_locale":"nb_NO","og_type":"article","og_title":"OPTIBEAM LEDramp Pure 730 - Xenonkungen","og_description":"Optibeam Pure 730 \u2013 Elegant Design och Kraftfull Prestanda Uppgradera din k\u00f6rupplevelse med Optibeam Pure 730, LED-rampen som kombinerar stil med maximal prestanda. Med sitt smidiga, b\u00f6jda design och en ultratunn profil p\u00e5 endast 42 mm sm\u00e4lter Optibeam Pure 730 in s\u00f6ml\u00f6st p\u00e5 alla fordon, oavsett monteringsplats. Den \u00e4r designad f\u00f6r att passa \u00f6verallt utan [&hellip;]","og_url":"https:\/\/xenonkungen.com\/no\/produkt\/optibeam-led-lys-pure-730\/","og_site_name":"Xenonkungen","article_modified_time":"2026-05-08T12:33:25+00:00","og_image":[{"width":476,"height":161,"url":"https:\/\/xenonkungen.com\/wp-content\/uploads\/2025\/04\/216380027-origpic-dc6473.jpg","type":"image\/jpeg"}],"twitter_card":"summary_large_image","twitter_misc":{"Ansl. lesetid":"2 minutter"},"schema":{"@context":"https:\/\/schema.org","@graph":[{"@type":"WebPage","@id":"https:\/\/xenonkungen.com\/produkt\/optibeam-ledramp-pure-730\/","url":"https:\/\/xenonkungen.com\/produkt\/optibeam-ledramp-pure-730\/","name":"OPTIBEAM LED-rampe Pure 730 \u2013 Xenon-kongen","isPartOf":{"@id":"https:\/\/xenonkungen.com\/#website"},"primaryImageOfPage":{"@id":"https:\/\/xenonkungen.com\/produkt\/optibeam-ledramp-pure-730\/#primaryimage"},"image":{"@id":"https:\/\/xenonkungen.com\/produkt\/optibeam-ledramp-pure-730\/#primaryimage"},"thumbnailUrl":"https:\/\/xenonkungen.com\/wp-content\/uploads\/2025\/04\/216380027-origpic-dc6473.jpg","datePublished":"2025-04-15T09:21:10+00:00","dateModified":"2026-05-08T12:33:25+00:00","breadcrumb":{"@id":"https:\/\/xenonkungen.com\/produkt\/optibeam-ledramp-pure-730\/#breadcrumb"},"inLanguage":"nb-NO","potentialAction":[{"@type":"ReadAction","target":["https:\/\/xenonkungen.com\/produkt\/optibeam-ledramp-pure-730\/"]}]},{"@type":"ImageObject","inLanguage":"nb-NO","@id":"https:\/\/xenonkungen.com\/produkt\/optibeam-ledramp-pure-730\/#primaryimage","url":"https:\/\/xenonkungen.com\/wp-content\/uploads\/2025\/04\/216380027-origpic-dc6473.jpg","contentUrl":"https:\/\/xenonkungen.com\/wp-content\/uploads\/2025\/04\/216380027-origpic-dc6473.jpg","width":476,"height":161},{"@type":"BreadcrumbList","@id":"https:\/\/xenonkungen.com\/produkt\/optibeam-ledramp-pure-730\/#breadcrumb","itemListElement":[{"@type":"ListItem","position":1,"name":"Hem","item":"https:\/\/xenonkungen.com\/"},{"@type":"ListItem","position":2,"name":"Shop","item":"https:\/\/xenonkungen.com\/shop\/"},{"@type":"ListItem","position":3,"name":"OPTIBEAM LEDramp Pure 730"}]},{"@type":"WebSite","@id":"https:\/\/xenonkungen.com\/#website","url":"https:\/\/xenonkungen.com\/","name":"Xenonkungen","description":"","potentialAction":[{"@type":"SearchAction","target":{"@type":"EntryPoint","urlTemplate":"https:\/\/xenonkungen.com\/?s={search_term_string}"},"query-input":{"@type":"PropertyValueSpecification","valueRequired":true,"valueName":"search_term_string"}}],"inLanguage":"nb-NO"}]}},"taxonomy_info":{"product_brand":[{"value":107,"label":"Optibeam"}],"product_cat":[{"value":2966,"label":"Ledramp Rak"},{"value":2539,"label":"LEDRAMPER"},{"value":2660,"label":"Optibeam"}],"pa_fargtemperatur":[{"value":1486,"label":"5000"}],"pa_fuktskydd-varde-ipxx":[{"value":177,"label":"IP68"}],"pa_godkannande":[{"value":1527,"label":"E-godk\u00e4nd (R148, R149, R10) ref.30"}],"pa_lampsockel-kontakt":[{"value":1536,"label":"2-polig DTP-kontakt"}],"pa_ljusbild":[{"value":178,"label":"Driving"}],"pa_storlek-mm":[{"value":1533,"label":"729 x 42 x 65"}],"pa_stromforbrukning":[{"value":1535,"label":"26.88A @ 13,7V"}],"pa_volt-v":[{"value":1534,"label":"9-48"}]},"featured_image_src_large":["https:\/\/xenonkungen.com\/wp-content\/uploads\/2025\/04\/216380027-origpic-dc6473.jpg",476,161,false],"author_info":[],"comment_info":0,"_links":{"self":[{"href":"https:\/\/xenonkungen.com\/no\/wp-json\/wp\/v2\/product\/4984","targetHints":{"allow":["GET"]}}],"collection":[{"href":"https:\/\/xenonkungen.com\/no\/wp-json\/wp\/v2\/product"}],"about":[{"href":"https:\/\/xenonkungen.com\/no\/wp-json\/wp\/v2\/types\/product"}],"replies":[{"embeddable":true,"href":"https:\/\/xenonkungen.com\/no\/wp-json\/wp\/v2\/comments?post=4984"}],"wp:featuredmedia":[{"embeddable":true,"href":"https:\/\/xenonkungen.com\/no\/wp-json\/wp\/v2\/media\/4985"}],"wp:attachment":[{"href":"https:\/\/xenonkungen.com\/no\/wp-json\/wp\/v2\/media?parent=4984"}],"wp:term":[{"taxonomy":"anvandningsomrade","embeddable":true,"href":"https:\/\/xenonkungen.com\/no\/wp-json\/wp\/v2\/anvandningsomrade?post=4984"},{"taxonomy":"bilmarken","embeddable":true,"href":"https:\/\/xenonkungen.com\/no\/wp-json\/wp\/v2\/bilmarken?post=4984"},{"taxonomy":"product_brand","embeddable":true,"href":"https:\/\/xenonkungen.com\/no\/wp-json\/wp\/v2\/product_brand?post=4984"},{"taxonomy":"product_cat","embeddable":true,"href":"https:\/\/xenonkungen.com\/no\/wp-json\/wp\/v2\/product_cat?post=4984"},{"taxonomy":"product_tag","embeddable":true,"href":"https:\/\/xenonkungen.com\/no\/wp-json\/wp\/v2\/product_tag?post=4984"}],"curies":[{"name":"wp","href":"https:\/\/api.w.org\/{rel}","templated":true}]}}