{"id":5011,"date":"2025-04-15T09:21:35","date_gmt":"2025-04-15T09:21:35","guid":{"rendered":"https:\/\/xenonkungen.com\/product\/x-vision-ledramp-genesis-ii-150w-spot\/"},"modified":"2026-04-28T13:06:55","modified_gmt":"2026-04-28T12:06:55","slug":"x-vision-led-rampe-genesis-ii-150w-spot","status":"publish","type":"product","link":"https:\/\/xenonkungen.com\/no\/produkt\/x-vision-led-rampe-genesis-ii-150w-spot\/","title":{"rendered":"X-Vision LEDramp Genesis II 150W Spotlight"},"content":{"rendered":"<h1>X-Vision LED-lysbjelke 790 mm - kraftig belysning i m\u00f8rket<\/h1>\n<h2>Spot Light-bilde med 4700 lm lysstr\u00f8m<\/h2>\n<p>Med X-Visions 150 W LED-lysbjelke f\u00e5r du bedre synlighet under vanskelige lysforhold. Denne h\u00f8ytytende lysbjelken har et punktlysm\u00f8nster og en lysstr\u00f8m p\u00e5 4700 lm, noe som gir en sterk og fokusert lysstr\u00e5le som skj\u00e6rer gjennom m\u00f8rket. Til tross for den kraftige ytelsen er lysbjelken kompakt med en lengde p\u00e5 790 mm, en h\u00f8yde p\u00e5 72 mm og en dybde p\u00e5 92 mm. Den er designet for \u00e5 fungere med en spenning p\u00e5 9 til 36 V, noe som gj\u00f8r den kompatibel med b\u00e5de 12 V- og 24 V-systemer.<\/p>","protected":false},"excerpt":{"rendered":"<p>X-Vision LED-Ljusramp 790 mm &#8211; Kraftfull Belysning i M\u00f6rkret Spot Ljusbild med 4700 lm Ljusfl\u00f6de F\u00f6rb\u00e4ttra din synlighet i sv\u00e5ra ljusf\u00f6rh\u00e5llanden med X-Vision&#8217;s 150W LED-ljusramp. Denna h\u00f6gpresterande ljusramp erbjuder en spot ljusbild och ett ljusfl\u00f6de p\u00e5 4700 lm, vilket ger en stark och fokuserad ljusstr\u00e5le f\u00f6r att sk\u00e4ra igenom m\u00f6rkret. Trots dess kraftiga prestanda \u00e4r [&hellip;]<\/p>","protected":false},"featured_media":5012,"comment_status":"closed","ping_status":"closed","template":"","meta":{"_acf_changed":false,"_smort_price_nok":"2756","_smort_price_dkk":"2918","_smort_price_eur":"390.89","_smort_sale_price_nok":"2756","_smort_sale_price_dkk":"","_smort_sale_price_eur":"234.53","smort_restorder":"","shipmondo_restorder":"","_kad_blocks_custom_css":"","_kad_blocks_head_custom_js":"","_kad_blocks_body_custom_js":"","_kad_blocks_footer_custom_js":"","smort_custom_pricelist_1":"2000","smort_custom_pricelist_2":"2000","smort_custom_pricelist_3":"2000","smort_custom_pricelist_4":"2000","smort_custom_pricelist_5":"2000"},"anvandningsomrade":[],"bilmarken":[],"product_brand":[116],"product_cat":[2966,2539,2660,1402],"product_tag":[],"class_list":{"0":"post-5011","1":"product","2":"type-product","3":"status-publish","4":"has-post-thumbnail","6":"product_brand-x-vision","7":"product_cat-ledramp-rak","8":"product_cat-ledramper","9":"product_cat-optibeam-ledramper","10":"product_cat-outlet","11":"pa_led-chips-effekt-w-1004","12":"pa_ljusbild-spot","13":"pa_storlek-mm-790x72x92","14":"pa_volt-v-9-36","16":"first","17":"instock","18":"taxable","19":"shipping-taxable","20":"purchasable","21":"product-type-simple"},"bundled_by":[],"bundle_stock_status":"instock","bundle_stock_quantity":1,"bundle_virtual":false,"bundle_layout":"","bundle_add_to_cart_form_location":"","bundle_editable_in_cart":false,"bundle_sold_individually_context":"","bundle_item_grouping":"","bundle_min_size":"","bundle_max_size":"","bundle_price":[],"bundled_items":[],"bundle_sell_ids":[],"acf":[],"yoast_head":"<!-- This site is optimized with the Yoast SEO plugin v27.0 - https:\/\/yoast.com\/product\/yoast-seo-wordpress\/ -->\n<title>X-Vision LEDramp Genesis II 150W Spot - Xenonkungen<\/title>\n<meta name=\"robots\" content=\"index, follow, max-snippet:-1, max-image-preview:large, max-video-preview:-1\" \/>\n<link rel=\"canonical\" href=\"https:\/\/xenonkungen.com\/no\/produkt\/x-vision-led-rampe-genesis-ii-150w-spot\/\" \/>\n<meta property=\"og:locale\" content=\"nb_NO\" \/>\n<meta property=\"og:type\" content=\"article\" \/>\n<meta property=\"og:title\" content=\"X-Vision LEDramp Genesis II 150W Spot - Xenonkungen\" \/>\n<meta property=\"og:description\" content=\"X-Vision LED-Ljusramp 790 mm &#8211; Kraftfull Belysning i M\u00f6rkret Spot Ljusbild med 4700 lm Ljusfl\u00f6de F\u00f6rb\u00e4ttra din synlighet i sv\u00e5ra ljusf\u00f6rh\u00e5llanden med X-Vision&#8217;s 150W LED-ljusramp. Denna h\u00f6gpresterande ljusramp erbjuder en spot ljusbild och ett ljusfl\u00f6de p\u00e5 4700 lm, vilket ger en stark och fokuserad ljusstr\u00e5le f\u00f6r att sk\u00e4ra igenom m\u00f6rkret. Trots dess kraftiga prestanda \u00e4r [&hellip;]\" \/>\n<meta property=\"og:url\" content=\"https:\/\/xenonkungen.com\/no\/produkt\/x-vision-led-rampe-genesis-ii-150w-spot\/\" \/>\n<meta property=\"og:site_name\" content=\"Xenonkungen\" \/>\n<meta property=\"article:modified_time\" content=\"2026-04-28T12:06:55+00:00\" \/>\n<meta property=\"og:image\" content=\"https:\/\/xenonkungen.com\/wp-content\/uploads\/2025\/04\/204076277-origpic-31b1fe.jpg\" \/>\n\t<meta property=\"og:image:width\" content=\"400\" \/>\n\t<meta property=\"og:image:height\" content=\"300\" \/>\n\t<meta property=\"og:image:type\" content=\"image\/jpeg\" \/>\n<meta name=\"twitter:card\" content=\"summary_large_image\" \/>\n<meta name=\"twitter:label1\" content=\"Ansl. lesetid\" \/>\n\t<meta name=\"twitter:data1\" content=\"1 minutt\" \/>\n<script type=\"application\/ld+json\" class=\"yoast-schema-graph\">{\"@context\":\"https:\/\/schema.org\",\"@graph\":[{\"@type\":\"WebPage\",\"@id\":\"https:\/\/xenonkungen.com\/produkt\/x-vision-ledramp-genesis-ii-150w-spot\/\",\"url\":\"https:\/\/xenonkungen.com\/produkt\/x-vision-ledramp-genesis-ii-150w-spot\/\",\"name\":\"X-Vision LEDramp Genesis II 150W Spot - Xenonkungen\",\"isPartOf\":{\"@id\":\"https:\/\/xenonkungen.com\/#website\"},\"primaryImageOfPage\":{\"@id\":\"https:\/\/xenonkungen.com\/produkt\/x-vision-ledramp-genesis-ii-150w-spot\/#primaryimage\"},\"image\":{\"@id\":\"https:\/\/xenonkungen.com\/produkt\/x-vision-ledramp-genesis-ii-150w-spot\/#primaryimage\"},\"thumbnailUrl\":\"https:\/\/xenonkungen.com\/wp-content\/uploads\/2025\/04\/204076277-origpic-31b1fe.jpg\",\"datePublished\":\"2025-04-15T09:21:35+00:00\",\"dateModified\":\"2026-04-28T12:06:55+00:00\",\"breadcrumb\":{\"@id\":\"https:\/\/xenonkungen.com\/produkt\/x-vision-ledramp-genesis-ii-150w-spot\/#breadcrumb\"},\"inLanguage\":\"nb-NO\",\"potentialAction\":[{\"@type\":\"ReadAction\",\"target\":[\"https:\/\/xenonkungen.com\/produkt\/x-vision-ledramp-genesis-ii-150w-spot\/\"]}]},{\"@type\":\"ImageObject\",\"inLanguage\":\"nb-NO\",\"@id\":\"https:\/\/xenonkungen.com\/produkt\/x-vision-ledramp-genesis-ii-150w-spot\/#primaryimage\",\"url\":\"https:\/\/xenonkungen.com\/wp-content\/uploads\/2025\/04\/204076277-origpic-31b1fe.jpg\",\"contentUrl\":\"https:\/\/xenonkungen.com\/wp-content\/uploads\/2025\/04\/204076277-origpic-31b1fe.jpg\",\"width\":400,\"height\":300},{\"@type\":\"BreadcrumbList\",\"@id\":\"https:\/\/xenonkungen.com\/produkt\/x-vision-ledramp-genesis-ii-150w-spot\/#breadcrumb\",\"itemListElement\":[{\"@type\":\"ListItem\",\"position\":1,\"name\":\"Hem\",\"item\":\"https:\/\/xenonkungen.com\/\"},{\"@type\":\"ListItem\",\"position\":2,\"name\":\"Shop\",\"item\":\"https:\/\/xenonkungen.com\/shop\/\"},{\"@type\":\"ListItem\",\"position\":3,\"name\":\"X-Vision LEDramp Genesis II 150W Spot\"}]},{\"@type\":\"WebSite\",\"@id\":\"https:\/\/xenonkungen.com\/#website\",\"url\":\"https:\/\/xenonkungen.com\/\",\"name\":\"Xenonkungen\",\"description\":\"\",\"potentialAction\":[{\"@type\":\"SearchAction\",\"target\":{\"@type\":\"EntryPoint\",\"urlTemplate\":\"https:\/\/xenonkungen.com\/?s={search_term_string}\"},\"query-input\":{\"@type\":\"PropertyValueSpecification\",\"valueRequired\":true,\"valueName\":\"search_term_string\"}}],\"inLanguage\":\"nb-NO\"}]}<\/script>\n<!-- \/ Yoast SEO plugin. -->","yoast_head_json":{"title":"X-Vision LEDramp Genesis II 150W Spot \u2013 Xenon-kongen","robots":{"index":"index","follow":"follow","max-snippet":"max-snippet:-1","max-image-preview":"max-image-preview:large","max-video-preview":"max-video-preview:-1"},"canonical":"https:\/\/xenonkungen.com\/no\/produkt\/x-vision-led-rampe-genesis-ii-150w-spot\/","og_locale":"nb_NO","og_type":"article","og_title":"X-Vision LEDramp Genesis II 150W Spot - Xenonkungen","og_description":"X-Vision LED-Ljusramp 790 mm &#8211; Kraftfull Belysning i M\u00f6rkret Spot Ljusbild med 4700 lm Ljusfl\u00f6de F\u00f6rb\u00e4ttra din synlighet i sv\u00e5ra ljusf\u00f6rh\u00e5llanden med X-Vision&#8217;s 150W LED-ljusramp. Denna h\u00f6gpresterande ljusramp erbjuder en spot ljusbild och ett ljusfl\u00f6de p\u00e5 4700 lm, vilket ger en stark och fokuserad ljusstr\u00e5le f\u00f6r att sk\u00e4ra igenom m\u00f6rkret. Trots dess kraftiga prestanda \u00e4r [&hellip;]","og_url":"https:\/\/xenonkungen.com\/no\/produkt\/x-vision-led-rampe-genesis-ii-150w-spot\/","og_site_name":"Xenonkungen","article_modified_time":"2026-04-28T12:06:55+00:00","og_image":[{"width":400,"height":300,"url":"https:\/\/xenonkungen.com\/wp-content\/uploads\/2025\/04\/204076277-origpic-31b1fe.jpg","type":"image\/jpeg"}],"twitter_card":"summary_large_image","twitter_misc":{"Ansl. lesetid":"1 minutt"},"schema":{"@context":"https:\/\/schema.org","@graph":[{"@type":"WebPage","@id":"https:\/\/xenonkungen.com\/produkt\/x-vision-ledramp-genesis-ii-150w-spot\/","url":"https:\/\/xenonkungen.com\/produkt\/x-vision-ledramp-genesis-ii-150w-spot\/","name":"X-Vision LEDramp Genesis II 150W Spot \u2013 Xenon-kongen","isPartOf":{"@id":"https:\/\/xenonkungen.com\/#website"},"primaryImageOfPage":{"@id":"https:\/\/xenonkungen.com\/produkt\/x-vision-ledramp-genesis-ii-150w-spot\/#primaryimage"},"image":{"@id":"https:\/\/xenonkungen.com\/produkt\/x-vision-ledramp-genesis-ii-150w-spot\/#primaryimage"},"thumbnailUrl":"https:\/\/xenonkungen.com\/wp-content\/uploads\/2025\/04\/204076277-origpic-31b1fe.jpg","datePublished":"2025-04-15T09:21:35+00:00","dateModified":"2026-04-28T12:06:55+00:00","breadcrumb":{"@id":"https:\/\/xenonkungen.com\/produkt\/x-vision-ledramp-genesis-ii-150w-spot\/#breadcrumb"},"inLanguage":"nb-NO","potentialAction":[{"@type":"ReadAction","target":["https:\/\/xenonkungen.com\/produkt\/x-vision-ledramp-genesis-ii-150w-spot\/"]}]},{"@type":"ImageObject","inLanguage":"nb-NO","@id":"https:\/\/xenonkungen.com\/produkt\/x-vision-ledramp-genesis-ii-150w-spot\/#primaryimage","url":"https:\/\/xenonkungen.com\/wp-content\/uploads\/2025\/04\/204076277-origpic-31b1fe.jpg","contentUrl":"https:\/\/xenonkungen.com\/wp-content\/uploads\/2025\/04\/204076277-origpic-31b1fe.jpg","width":400,"height":300},{"@type":"BreadcrumbList","@id":"https:\/\/xenonkungen.com\/produkt\/x-vision-ledramp-genesis-ii-150w-spot\/#breadcrumb","itemListElement":[{"@type":"ListItem","position":1,"name":"Hem","item":"https:\/\/xenonkungen.com\/"},{"@type":"ListItem","position":2,"name":"Shop","item":"https:\/\/xenonkungen.com\/shop\/"},{"@type":"ListItem","position":3,"name":"X-Vision LEDramp Genesis II 150W Spot"}]},{"@type":"WebSite","@id":"https:\/\/xenonkungen.com\/#website","url":"https:\/\/xenonkungen.com\/","name":"Xenonkungen","description":"","potentialAction":[{"@type":"SearchAction","target":{"@type":"EntryPoint","urlTemplate":"https:\/\/xenonkungen.com\/?s={search_term_string}"},"query-input":{"@type":"PropertyValueSpecification","valueRequired":true,"valueName":"search_term_string"}}],"inLanguage":"nb-NO"}]}},"taxonomy_info":{"product_brand":[{"value":116,"label":"X-Vision"}],"product_cat":[{"value":2966,"label":"Ledramp Rak"},{"value":2539,"label":"LEDRAMPER"},{"value":2660,"label":"Optibeam"},{"value":1402,"label":"Outlet"}],"pa_led-chips-effekt-w":[{"value":1004,"label":"150"}],"pa_ljusbild":[{"value":1177,"label":"Spot"}],"pa_storlek-mm":[{"value":1550,"label":"790x72x92"}],"pa_volt-v":[{"value":1444,"label":"9-36"}]},"featured_image_src_large":["https:\/\/xenonkungen.com\/wp-content\/uploads\/2025\/04\/204076277-origpic-31b1fe.jpg",400,300,false],"author_info":[],"comment_info":0,"_links":{"self":[{"href":"https:\/\/xenonkungen.com\/no\/wp-json\/wp\/v2\/product\/5011","targetHints":{"allow":["GET"]}}],"collection":[{"href":"https:\/\/xenonkungen.com\/no\/wp-json\/wp\/v2\/product"}],"about":[{"href":"https:\/\/xenonkungen.com\/no\/wp-json\/wp\/v2\/types\/product"}],"replies":[{"embeddable":true,"href":"https:\/\/xenonkungen.com\/no\/wp-json\/wp\/v2\/comments?post=5011"}],"wp:featuredmedia":[{"embeddable":true,"href":"https:\/\/xenonkungen.com\/no\/wp-json\/wp\/v2\/media\/5012"}],"wp:attachment":[{"href":"https:\/\/xenonkungen.com\/no\/wp-json\/wp\/v2\/media?parent=5011"}],"wp:term":[{"taxonomy":"anvandningsomrade","embeddable":true,"href":"https:\/\/xenonkungen.com\/no\/wp-json\/wp\/v2\/anvandningsomrade?post=5011"},{"taxonomy":"bilmarken","embeddable":true,"href":"https:\/\/xenonkungen.com\/no\/wp-json\/wp\/v2\/bilmarken?post=5011"},{"taxonomy":"product_brand","embeddable":true,"href":"https:\/\/xenonkungen.com\/no\/wp-json\/wp\/v2\/product_brand?post=5011"},{"taxonomy":"product_cat","embeddable":true,"href":"https:\/\/xenonkungen.com\/no\/wp-json\/wp\/v2\/product_cat?post=5011"},{"taxonomy":"product_tag","embeddable":true,"href":"https:\/\/xenonkungen.com\/no\/wp-json\/wp\/v2\/product_tag?post=5011"}],"curies":[{"name":"wp","href":"https:\/\/api.w.org\/{rel}","templated":true}]}}