{"id":5137,"date":"2025-04-15T09:23:13","date_gmt":"2025-04-15T09:23:13","guid":{"rendered":"https:\/\/xenonkungen.com\/product\/baklampa-100rme-rod\/"},"modified":"2026-04-24T17:08:02","modified_gmt":"2026-04-24T16:08:02","slug":"baklys-100rme-stang","status":"publish","type":"product","link":"https:\/\/xenonkungen.com\/no\/produkt\/baklys-100rme-stang\/","title":{"rendered":"Baklys 100RME R\u00f8d"},"content":{"rendered":"<div class=\"container\">\n<h1>Svart stopp- og baklys med dimensjoner 120x120 mm<\/h1>\n<p>N\u00e5r du skal oppgradere bilbelysningen, er det avgj\u00f8rende \u00e5 velge riktig stopp- og baklys. V\u00e5r svarte stopp- og baklykt med dimensjoner p\u00e5 120x120 mm tilbyr den perfekte kombinasjonen av effektiv belysning og stilig design. Denne lampen er enkel \u00e5 montere utenp\u00e5liggende og er utstyrt med lekkasjetett elektronikk for \u00e5 garantere langvarig ytelse.<\/p>\n<p><strong>Langvarig ytelse:<\/strong> Dette svarte stopp- og baklyset er designet med tanke p\u00e5 holdbarhet. Den svarte kledningen gir en moderne estetikk samtidig som den beskytter mot korrosjon og slitasje, noe som er spesielt viktig ved bruk under varierende v\u00e6rforhold.<\/p>\n<p><strong>5 \u00e5rs garanti:<\/strong> For \u00e5 bekrefte v\u00e5r tillit til kvaliteten p\u00e5 produktene v\u00e5re, tilbyr vi en imponerende 5-\u00e5rs garanti. Dette gir deg ekstra trygghet n\u00e5r du investerer i v\u00e5re svarte stopp- og baklykter.<\/p>\n<p><em>Konklusjonen er at v\u00e5re svarte stopp- og baklykter med dimensjoner p\u00e5 120x120 mm er det optimale valget for \u00e5 forbedre belysningen p\u00e5 kj\u00f8ret\u00f8yet ditt. De tekniske spesifikasjonene, den langvarige ytelsen og den sjener\u00f8se garantiperioden gj\u00f8r den til en p\u00e5litelig l\u00f8sning av h\u00f8y kvalitet som \u00f8ker b\u00e5de sikkerheten og stilen p\u00e5 reisen. Gi bilen din den effektive og stilige belysningen den fortjener med v\u00e5re svarte stopp- og baklykter.<\/em><\/p>\n<\/div>","protected":false},"excerpt":{"rendered":"<p>Svart Stopp- och Baklampa med 120x120mm Dimensioner N\u00e4r det kommer till att uppgradera din fordonsbelysning, \u00e4r valet av r\u00e4tt stopp- och baklampa av st\u00f6rsta vikt. V\u00e5r svarta stopp- och baklampa med dimensioner p\u00e5 120x120mm erbjuder den perfekta kombinationen av effektiv belysning och stilfull design. Denna lampa \u00e4r enkel att montera utanp\u00e5liggande och \u00e4r utrustad med [&hellip;]<\/p>","protected":false},"featured_media":5138,"comment_status":"closed","ping_status":"open","template":"","meta":{"_acf_changed":false,"_smort_price_nok":"502","_smort_price_dkk":"319","_smort_price_eur":"42.73","_smort_sale_price_nok":"","_smort_sale_price_dkk":"","_smort_sale_price_eur":"","smort_restorder":"","shipmondo_restorder":"","_kad_blocks_custom_css":"","_kad_blocks_head_custom_js":"","_kad_blocks_body_custom_js":"","_kad_blocks_footer_custom_js":"","smort_custom_pricelist_1":"348.8","smort_custom_pricelist_2":"305.2","smort_custom_pricelist_3":"283.4","smort_custom_pricelist_4":"436","smort_custom_pricelist_5":"305.2"},"anvandningsomrade":[166,238,2816],"bilmarken":[],"product_brand":[1252],"product_cat":[3049,2552],"product_tag":[],"class_list":{"0":"post-5137","1":"product","2":"type-product","3":"status-publish","4":"has-post-thumbnail","6":"anvandningsomrade-lastbil","7":"anvandningsomrade-slap","8":"anvandningsomrade-trailer","9":"product_brand-lea","10":"product_cat-bakljus-enkel-rektangular","11":"product_cat-bakljus-slap","12":"pa_storlek-mm-120x120","13":"pa_volt-v-776","15":"first","16":"onbackorder","17":"taxable","18":"shipping-taxable","19":"purchasable","20":"product-type-simple"},"bundled_by":[],"bundle_stock_status":"onbackorder","bundle_stock_quantity":0,"bundle_virtual":false,"bundle_layout":"","bundle_add_to_cart_form_location":"","bundle_editable_in_cart":false,"bundle_sold_individually_context":"","bundle_item_grouping":"","bundle_min_size":"","bundle_max_size":"","bundle_price":[],"bundled_items":[],"bundle_sell_ids":[],"acf":[],"yoast_head":"<!-- This site is optimized with the Yoast SEO plugin v27.0 - https:\/\/yoast.com\/product\/yoast-seo-wordpress\/ -->\n<title>Baklampa 100RME R\u00f6d - Xenonkungen<\/title>\n<meta name=\"robots\" content=\"index, follow, max-snippet:-1, max-image-preview:large, max-video-preview:-1\" \/>\n<link rel=\"canonical\" href=\"https:\/\/xenonkungen.com\/no\/produkt\/baklys-100rme-stang\/\" \/>\n<meta property=\"og:locale\" content=\"nb_NO\" \/>\n<meta property=\"og:type\" content=\"article\" \/>\n<meta property=\"og:title\" content=\"Baklampa 100RME R\u00f6d - Xenonkungen\" \/>\n<meta property=\"og:description\" content=\"Svart Stopp- och Baklampa med 120x120mm Dimensioner N\u00e4r det kommer till att uppgradera din fordonsbelysning, \u00e4r valet av r\u00e4tt stopp- och baklampa av st\u00f6rsta vikt. V\u00e5r svarta stopp- och baklampa med dimensioner p\u00e5 120x120mm erbjuder den perfekta kombinationen av effektiv belysning och stilfull design. Denna lampa \u00e4r enkel att montera utanp\u00e5liggande och \u00e4r utrustad med [&hellip;]\" \/>\n<meta property=\"og:url\" content=\"https:\/\/xenonkungen.com\/no\/produkt\/baklys-100rme-stang\/\" \/>\n<meta property=\"og:site_name\" content=\"Xenonkungen\" \/>\n<meta property=\"article:modified_time\" content=\"2026-04-24T16:08:02+00:00\" \/>\n<meta property=\"og:image\" content=\"https:\/\/xenonkungen.com\/wp-content\/uploads\/2025\/04\/7282912-origpic-059a09.jpg\" \/>\n\t<meta property=\"og:image:width\" content=\"600\" \/>\n\t<meta property=\"og:image:height\" content=\"600\" \/>\n\t<meta property=\"og:image:type\" content=\"image\/jpeg\" \/>\n<meta name=\"twitter:card\" content=\"summary_large_image\" \/>\n<meta name=\"twitter:label1\" content=\"Ansl. lesetid\" \/>\n\t<meta name=\"twitter:data1\" content=\"1 minutt\" \/>\n<script type=\"application\/ld+json\" class=\"yoast-schema-graph\">{\"@context\":\"https:\/\/schema.org\",\"@graph\":[{\"@type\":\"WebPage\",\"@id\":\"https:\/\/xenonkungen.com\/produkt\/baklampa-100rme-rod\/\",\"url\":\"https:\/\/xenonkungen.com\/produkt\/baklampa-100rme-rod\/\",\"name\":\"Baklampa 100RME R\u00f6d - Xenonkungen\",\"isPartOf\":{\"@id\":\"https:\/\/xenonkungen.com\/#website\"},\"primaryImageOfPage\":{\"@id\":\"https:\/\/xenonkungen.com\/produkt\/baklampa-100rme-rod\/#primaryimage\"},\"image\":{\"@id\":\"https:\/\/xenonkungen.com\/produkt\/baklampa-100rme-rod\/#primaryimage\"},\"thumbnailUrl\":\"https:\/\/xenonkungen.com\/wp-content\/uploads\/2025\/04\/7282912-origpic-059a09.jpg\",\"datePublished\":\"2025-04-15T09:23:13+00:00\",\"dateModified\":\"2026-04-24T16:08:02+00:00\",\"breadcrumb\":{\"@id\":\"https:\/\/xenonkungen.com\/produkt\/baklampa-100rme-rod\/#breadcrumb\"},\"inLanguage\":\"nb-NO\",\"potentialAction\":[{\"@type\":\"ReadAction\",\"target\":[\"https:\/\/xenonkungen.com\/produkt\/baklampa-100rme-rod\/\"]}]},{\"@type\":\"ImageObject\",\"inLanguage\":\"nb-NO\",\"@id\":\"https:\/\/xenonkungen.com\/produkt\/baklampa-100rme-rod\/#primaryimage\",\"url\":\"https:\/\/xenonkungen.com\/wp-content\/uploads\/2025\/04\/7282912-origpic-059a09.jpg\",\"contentUrl\":\"https:\/\/xenonkungen.com\/wp-content\/uploads\/2025\/04\/7282912-origpic-059a09.jpg\",\"width\":600,\"height\":600},{\"@type\":\"BreadcrumbList\",\"@id\":\"https:\/\/xenonkungen.com\/produkt\/baklampa-100rme-rod\/#breadcrumb\",\"itemListElement\":[{\"@type\":\"ListItem\",\"position\":1,\"name\":\"Hem\",\"item\":\"https:\/\/xenonkungen.com\/\"},{\"@type\":\"ListItem\",\"position\":2,\"name\":\"Shop\",\"item\":\"https:\/\/xenonkungen.com\/shop\/\"},{\"@type\":\"ListItem\",\"position\":3,\"name\":\"Baklampa 100RME R\u00f6d\"}]},{\"@type\":\"WebSite\",\"@id\":\"https:\/\/xenonkungen.com\/#website\",\"url\":\"https:\/\/xenonkungen.com\/\",\"name\":\"Xenonkungen\",\"description\":\"\",\"potentialAction\":[{\"@type\":\"SearchAction\",\"target\":{\"@type\":\"EntryPoint\",\"urlTemplate\":\"https:\/\/xenonkungen.com\/?s={search_term_string}\"},\"query-input\":{\"@type\":\"PropertyValueSpecification\",\"valueRequired\":true,\"valueName\":\"search_term_string\"}}],\"inLanguage\":\"nb-NO\"}]}<\/script>\n<!-- \/ Yoast SEO plugin. -->","yoast_head_json":{"title":"Baklykt 100RME R\u00f8d - Xenonkungen","robots":{"index":"index","follow":"follow","max-snippet":"max-snippet:-1","max-image-preview":"max-image-preview:large","max-video-preview":"max-video-preview:-1"},"canonical":"https:\/\/xenonkungen.com\/no\/produkt\/baklys-100rme-stang\/","og_locale":"nb_NO","og_type":"article","og_title":"Baklampa 100RME R\u00f6d - Xenonkungen","og_description":"Svart Stopp- och Baklampa med 120x120mm Dimensioner N\u00e4r det kommer till att uppgradera din fordonsbelysning, \u00e4r valet av r\u00e4tt stopp- och baklampa av st\u00f6rsta vikt. V\u00e5r svarta stopp- och baklampa med dimensioner p\u00e5 120x120mm erbjuder den perfekta kombinationen av effektiv belysning och stilfull design. Denna lampa \u00e4r enkel att montera utanp\u00e5liggande och \u00e4r utrustad med [&hellip;]","og_url":"https:\/\/xenonkungen.com\/no\/produkt\/baklys-100rme-stang\/","og_site_name":"Xenonkungen","article_modified_time":"2026-04-24T16:08:02+00:00","og_image":[{"width":600,"height":600,"url":"https:\/\/xenonkungen.com\/wp-content\/uploads\/2025\/04\/7282912-origpic-059a09.jpg","type":"image\/jpeg"}],"twitter_card":"summary_large_image","twitter_misc":{"Ansl. lesetid":"1 minutt"},"schema":{"@context":"https:\/\/schema.org","@graph":[{"@type":"WebPage","@id":"https:\/\/xenonkungen.com\/produkt\/baklampa-100rme-rod\/","url":"https:\/\/xenonkungen.com\/produkt\/baklampa-100rme-rod\/","name":"Baklykt 100RME R\u00f8d - Xenonkungen","isPartOf":{"@id":"https:\/\/xenonkungen.com\/#website"},"primaryImageOfPage":{"@id":"https:\/\/xenonkungen.com\/produkt\/baklampa-100rme-rod\/#primaryimage"},"image":{"@id":"https:\/\/xenonkungen.com\/produkt\/baklampa-100rme-rod\/#primaryimage"},"thumbnailUrl":"https:\/\/xenonkungen.com\/wp-content\/uploads\/2025\/04\/7282912-origpic-059a09.jpg","datePublished":"2025-04-15T09:23:13+00:00","dateModified":"2026-04-24T16:08:02+00:00","breadcrumb":{"@id":"https:\/\/xenonkungen.com\/produkt\/baklampa-100rme-rod\/#breadcrumb"},"inLanguage":"nb-NO","potentialAction":[{"@type":"ReadAction","target":["https:\/\/xenonkungen.com\/produkt\/baklampa-100rme-rod\/"]}]},{"@type":"ImageObject","inLanguage":"nb-NO","@id":"https:\/\/xenonkungen.com\/produkt\/baklampa-100rme-rod\/#primaryimage","url":"https:\/\/xenonkungen.com\/wp-content\/uploads\/2025\/04\/7282912-origpic-059a09.jpg","contentUrl":"https:\/\/xenonkungen.com\/wp-content\/uploads\/2025\/04\/7282912-origpic-059a09.jpg","width":600,"height":600},{"@type":"BreadcrumbList","@id":"https:\/\/xenonkungen.com\/produkt\/baklampa-100rme-rod\/#breadcrumb","itemListElement":[{"@type":"ListItem","position":1,"name":"Hem","item":"https:\/\/xenonkungen.com\/"},{"@type":"ListItem","position":2,"name":"Shop","item":"https:\/\/xenonkungen.com\/shop\/"},{"@type":"ListItem","position":3,"name":"Baklampa 100RME R\u00f6d"}]},{"@type":"WebSite","@id":"https:\/\/xenonkungen.com\/#website","url":"https:\/\/xenonkungen.com\/","name":"Xenonkungen","description":"","potentialAction":[{"@type":"SearchAction","target":{"@type":"EntryPoint","urlTemplate":"https:\/\/xenonkungen.com\/?s={search_term_string}"},"query-input":{"@type":"PropertyValueSpecification","valueRequired":true,"valueName":"search_term_string"}}],"inLanguage":"nb-NO"}]}},"taxonomy_info":{"anvandningsomrade":[{"value":166,"label":"Lastbil"},{"value":238,"label":"SL\u00c4P"},{"value":2816,"label":"TRAILER"}],"product_brand":[{"value":1252,"label":"LEA"}],"product_cat":[{"value":3049,"label":"Bakljus Enkel Rektangul\u00e4r"},{"value":2552,"label":"Bakljus"}],"pa_storlek-mm":[{"value":1592,"label":"120x120"}],"pa_volt-v":[{"value":776,"label":"12,24"}]},"featured_image_src_large":["https:\/\/xenonkungen.com\/wp-content\/uploads\/2025\/04\/7282912-origpic-059a09.jpg",600,600,false],"author_info":[],"comment_info":0,"_links":{"self":[{"href":"https:\/\/xenonkungen.com\/no\/wp-json\/wp\/v2\/product\/5137","targetHints":{"allow":["GET"]}}],"collection":[{"href":"https:\/\/xenonkungen.com\/no\/wp-json\/wp\/v2\/product"}],"about":[{"href":"https:\/\/xenonkungen.com\/no\/wp-json\/wp\/v2\/types\/product"}],"replies":[{"embeddable":true,"href":"https:\/\/xenonkungen.com\/no\/wp-json\/wp\/v2\/comments?post=5137"}],"wp:featuredmedia":[{"embeddable":true,"href":"https:\/\/xenonkungen.com\/no\/wp-json\/wp\/v2\/media\/5138"}],"wp:attachment":[{"href":"https:\/\/xenonkungen.com\/no\/wp-json\/wp\/v2\/media?parent=5137"}],"wp:term":[{"taxonomy":"anvandningsomrade","embeddable":true,"href":"https:\/\/xenonkungen.com\/no\/wp-json\/wp\/v2\/anvandningsomrade?post=5137"},{"taxonomy":"bilmarken","embeddable":true,"href":"https:\/\/xenonkungen.com\/no\/wp-json\/wp\/v2\/bilmarken?post=5137"},{"taxonomy":"product_brand","embeddable":true,"href":"https:\/\/xenonkungen.com\/no\/wp-json\/wp\/v2\/product_brand?post=5137"},{"taxonomy":"product_cat","embeddable":true,"href":"https:\/\/xenonkungen.com\/no\/wp-json\/wp\/v2\/product_cat?post=5137"},{"taxonomy":"product_tag","embeddable":true,"href":"https:\/\/xenonkungen.com\/no\/wp-json\/wp\/v2\/product_tag?post=5137"}],"curies":[{"name":"wp","href":"https:\/\/api.w.org\/{rel}","templated":true}]}}