{"id":5146,"date":"2025-04-15T09:23:19","date_gmt":"2025-04-15T09:23:19","guid":{"rendered":"https:\/\/xenonkungen.com\/product\/interior-led-list-150mmspecial-rod\/"},"modified":"2026-03-20T13:37:47","modified_gmt":"2026-03-20T12:37:47","slug":"innvendig-led-stripe-150-mm-spesialstang","status":"publish","type":"product","link":"https:\/\/xenonkungen.com\/no\/produkt\/innvendig-led-stripe-150-mm-spesialstang\/","title":{"rendered":"Interi\u00f8r LED-stripe 150mm|Spesial r\u00f8d"},"content":{"rendered":"<div class=\"container\">\n<h1>12 V slank r\u00f8d LED-nattlys innvendig<\/h1>\n<p>Dette LED-lyset kombinerer avansert teknologi med en ultratynn design for \u00e5 gi effektiv og diskret nattbelysning, ideelt for bruk i kj\u00f8ret\u00f8y, b\u00e5ter og hjem.<\/p>\n<h2>Funksjoner og fordeler<\/h2>\n<ul>\n<li>R\u00f8d LED-belysning for komfortabelt nattsyn.<\/li>\n<li>Kun 10 mm h\u00f8y og 25 mm bred for enkel montering p\u00e5 trange steder.<\/li>\n<li>St\u00f8t- og vibrasjonsbestandig for holdbarhet i t\u00f8ffe milj\u00f8er.<\/li>\n<li>Helt nedsenkbar og trygg for h\u00f8ytrykksspyling, IP67-klassifisering.<\/li>\n<li>Kortslutningsbeskyttet for ekstra sikkerhet.<\/li>\n<li>Elegant design som utfyller ethvert interi\u00f8r.<\/li>\n<li>Mulighet for tilpassede monteringsalternativer.<\/li>\n<\/ul>\n<p>Den er designet for \u00e5 v\u00e6re allsidig og enkel \u00e5 installere, noe som gj\u00f8r den til en utmerket l\u00f8sning for \u00e5 skape en trygg og koselig atmosf\u00e6re i bilen eller hjemmet.<\/p>\n<\/div>\n<p><strong>Garanti:<\/strong> 3 \u00e5r<\/p>","protected":false},"excerpt":{"rendered":"<p>12V Slim R\u00f6d LED Interi\u00f6r Nattbelysning Denna LED-lampa kombinerar avancerad teknologi med en ultra-slank design f\u00f6r att erbjuda effektiv och diskret nattbelysning, idealisk f\u00f6r anv\u00e4ndning i fordon, b\u00e5tar, och hem. Egenskaper och F\u00f6rdelar R\u00f6d LED-belysning f\u00f6r behaglig nattsyn. Endast 10mm h\u00f6g och 25mm bred f\u00f6r enkel montering i tr\u00e5nga utrymmen. St\u00f6t- och vibrationst\u00e5lig f\u00f6r h\u00e5llbarhet [&hellip;]<\/p>","protected":false},"featured_media":5147,"comment_status":"closed","ping_status":"open","template":"","meta":{"_acf_changed":false,"_smort_price_nok":"513","_smort_price_dkk":"326","_smort_price_eur":"43.63","_smort_sale_price_nok":"","_smort_sale_price_dkk":"","_smort_sale_price_eur":"","smort_restorder":"","shipmondo_restorder":"","_kad_blocks_custom_css":"","_kad_blocks_head_custom_js":"","_kad_blocks_body_custom_js":"","_kad_blocks_footer_custom_js":"","smort_custom_pricelist_1":"268.8","smort_custom_pricelist_2":"268.8","smort_custom_pricelist_3":"255.36","smort_custom_pricelist_4":"384","smort_custom_pricelist_5":"268.8"},"anvandningsomrade":[166,238,2816],"bilmarken":[],"product_brand":[1252],"product_cat":[2586],"product_tag":[],"class_list":{"0":"post-5146","1":"product","2":"type-product","3":"status-publish","4":"has-post-thumbnail","6":"anvandningsomrade-lastbil","7":"anvandningsomrade-slap","8":"anvandningsomrade-trailer","9":"product_brand-lea","10":"product_cat-interiorbelysning-slap","11":"pa_fuktskydd-varde-ipxx-ip67","12":"pa_storlek-mm-150x25x10","13":"pa_stromforbrukning-0-17a-13-8v","14":"pa_volt-v-159","16":"first","17":"onbackorder","18":"taxable","19":"shipping-taxable","20":"purchasable","21":"product-type-simple"},"bundled_by":[],"bundle_stock_status":"onbackorder","bundle_stock_quantity":0,"bundle_virtual":false,"bundle_layout":"","bundle_add_to_cart_form_location":"","bundle_editable_in_cart":false,"bundle_sold_individually_context":"","bundle_item_grouping":"","bundle_min_size":"","bundle_max_size":"","bundle_price":[],"bundled_items":[],"bundle_sell_ids":[],"acf":[],"yoast_head":"<!-- This site is optimized with the Yoast SEO plugin v27.0 - https:\/\/yoast.com\/product\/yoast-seo-wordpress\/ -->\n<title>Interi\u00f6r LED-list 150mm|Special R\u00f6d - Xenonkungen<\/title>\n<meta name=\"robots\" content=\"index, follow, max-snippet:-1, max-image-preview:large, max-video-preview:-1\" \/>\n<link rel=\"canonical\" href=\"https:\/\/xenonkungen.com\/no\/produkt\/innvendig-led-stripe-150-mm-spesialstang\/\" \/>\n<meta property=\"og:locale\" content=\"nb_NO\" \/>\n<meta property=\"og:type\" content=\"article\" \/>\n<meta property=\"og:title\" content=\"Interi\u00f6r LED-list 150mm|Special R\u00f6d - Xenonkungen\" \/>\n<meta property=\"og:description\" content=\"12V Slim R\u00f6d LED Interi\u00f6r Nattbelysning Denna LED-lampa kombinerar avancerad teknologi med en ultra-slank design f\u00f6r att erbjuda effektiv och diskret nattbelysning, idealisk f\u00f6r anv\u00e4ndning i fordon, b\u00e5tar, och hem. Egenskaper och F\u00f6rdelar R\u00f6d LED-belysning f\u00f6r behaglig nattsyn. Endast 10mm h\u00f6g och 25mm bred f\u00f6r enkel montering i tr\u00e5nga utrymmen. St\u00f6t- och vibrationst\u00e5lig f\u00f6r h\u00e5llbarhet [&hellip;]\" \/>\n<meta property=\"og:url\" content=\"https:\/\/xenonkungen.com\/no\/produkt\/innvendig-led-stripe-150-mm-spesialstang\/\" \/>\n<meta property=\"og:site_name\" content=\"Xenonkungen\" \/>\n<meta property=\"article:modified_time\" content=\"2026-03-20T12:37:47+00:00\" \/>\n<meta property=\"og:image\" content=\"https:\/\/xenonkungen.com\/wp-content\/uploads\/2025\/04\/7363576-origpic-8d6373.jpg\" \/>\n\t<meta property=\"og:image:width\" content=\"600\" \/>\n\t<meta property=\"og:image:height\" content=\"600\" \/>\n\t<meta property=\"og:image:type\" content=\"image\/jpeg\" \/>\n<meta name=\"twitter:card\" content=\"summary_large_image\" \/>\n<meta name=\"twitter:label1\" content=\"Ansl. lesetid\" \/>\n\t<meta name=\"twitter:data1\" content=\"1 minutt\" \/>\n<script type=\"application\/ld+json\" class=\"yoast-schema-graph\">{\"@context\":\"https:\/\/schema.org\",\"@graph\":[{\"@type\":\"WebPage\",\"@id\":\"https:\/\/xenonkungen.com\/dk\/vare\/indvendig-led-strimmel-150-mm-specialstang\/\",\"url\":\"https:\/\/xenonkungen.com\/dk\/vare\/indvendig-led-strimmel-150-mm-specialstang\/\",\"name\":\"Interi\u00f6r LED-list 150mm|Special R\u00f6d - Xenonkungen\",\"isPartOf\":{\"@id\":\"https:\/\/xenonkungen.com\/#website\"},\"primaryImageOfPage\":{\"@id\":\"https:\/\/xenonkungen.com\/dk\/vare\/indvendig-led-strimmel-150-mm-specialstang\/#primaryimage\"},\"image\":{\"@id\":\"https:\/\/xenonkungen.com\/dk\/vare\/indvendig-led-strimmel-150-mm-specialstang\/#primaryimage\"},\"thumbnailUrl\":\"https:\/\/xenonkungen.com\/wp-content\/uploads\/2025\/04\/7363576-origpic-8d6373.jpg\",\"datePublished\":\"2025-04-15T09:23:19+00:00\",\"dateModified\":\"2026-03-20T12:37:47+00:00\",\"breadcrumb\":{\"@id\":\"https:\/\/xenonkungen.com\/dk\/vare\/indvendig-led-strimmel-150-mm-specialstang\/#breadcrumb\"},\"inLanguage\":\"nb-NO\",\"potentialAction\":[{\"@type\":\"ReadAction\",\"target\":[\"https:\/\/xenonkungen.com\/dk\/vare\/indvendig-led-strimmel-150-mm-specialstang\/\"]}]},{\"@type\":\"ImageObject\",\"inLanguage\":\"nb-NO\",\"@id\":\"https:\/\/xenonkungen.com\/dk\/vare\/indvendig-led-strimmel-150-mm-specialstang\/#primaryimage\",\"url\":\"https:\/\/xenonkungen.com\/wp-content\/uploads\/2025\/04\/7363576-origpic-8d6373.jpg\",\"contentUrl\":\"https:\/\/xenonkungen.com\/wp-content\/uploads\/2025\/04\/7363576-origpic-8d6373.jpg\",\"width\":600,\"height\":600},{\"@type\":\"BreadcrumbList\",\"@id\":\"https:\/\/xenonkungen.com\/dk\/vare\/indvendig-led-strimmel-150-mm-specialstang\/#breadcrumb\",\"itemListElement\":[{\"@type\":\"ListItem\",\"position\":1,\"name\":\"Hem\",\"item\":\"https:\/\/xenonkungen.com\/\"},{\"@type\":\"ListItem\",\"position\":2,\"name\":\"Shop\",\"item\":\"https:\/\/xenonkungen.com\/shop\/\"},{\"@type\":\"ListItem\",\"position\":3,\"name\":\"Interi\u00f6r LED-list 150mm|Special R\u00f6d\"}]},{\"@type\":\"WebSite\",\"@id\":\"https:\/\/xenonkungen.com\/#website\",\"url\":\"https:\/\/xenonkungen.com\/\",\"name\":\"Xenonkungen\",\"description\":\"\",\"potentialAction\":[{\"@type\":\"SearchAction\",\"target\":{\"@type\":\"EntryPoint\",\"urlTemplate\":\"https:\/\/xenonkungen.com\/?s={search_term_string}\"},\"query-input\":{\"@type\":\"PropertyValueSpecification\",\"valueRequired\":true,\"valueName\":\"search_term_string\"}}],\"inLanguage\":\"nb-NO\"}]}<\/script>\n<!-- \/ Yoast SEO plugin. -->","yoast_head_json":{"title":"Innvendig LED-stripe 150 mm | Spesialr\u00f8d - Xenonkungen","robots":{"index":"index","follow":"follow","max-snippet":"max-snippet:-1","max-image-preview":"max-image-preview:large","max-video-preview":"max-video-preview:-1"},"canonical":"https:\/\/xenonkungen.com\/no\/produkt\/innvendig-led-stripe-150-mm-spesialstang\/","og_locale":"nb_NO","og_type":"article","og_title":"Interi\u00f6r LED-list 150mm|Special R\u00f6d - Xenonkungen","og_description":"12V Slim R\u00f6d LED Interi\u00f6r Nattbelysning Denna LED-lampa kombinerar avancerad teknologi med en ultra-slank design f\u00f6r att erbjuda effektiv och diskret nattbelysning, idealisk f\u00f6r anv\u00e4ndning i fordon, b\u00e5tar, och hem. Egenskaper och F\u00f6rdelar R\u00f6d LED-belysning f\u00f6r behaglig nattsyn. Endast 10mm h\u00f6g och 25mm bred f\u00f6r enkel montering i tr\u00e5nga utrymmen. St\u00f6t- och vibrationst\u00e5lig f\u00f6r h\u00e5llbarhet [&hellip;]","og_url":"https:\/\/xenonkungen.com\/no\/produkt\/innvendig-led-stripe-150-mm-spesialstang\/","og_site_name":"Xenonkungen","article_modified_time":"2026-03-20T12:37:47+00:00","og_image":[{"width":600,"height":600,"url":"https:\/\/xenonkungen.com\/wp-content\/uploads\/2025\/04\/7363576-origpic-8d6373.jpg","type":"image\/jpeg"}],"twitter_card":"summary_large_image","twitter_misc":{"Ansl. lesetid":"1 minutt"},"schema":{"@context":"https:\/\/schema.org","@graph":[{"@type":"WebPage","@id":"https:\/\/xenonkungen.com\/dk\/vare\/indvendig-led-strimmel-150-mm-specialstang\/","url":"https:\/\/xenonkungen.com\/dk\/vare\/indvendig-led-strimmel-150-mm-specialstang\/","name":"Innvendig LED-stripe 150 mm | Spesialr\u00f8d - Xenonkungen","isPartOf":{"@id":"https:\/\/xenonkungen.com\/#website"},"primaryImageOfPage":{"@id":"https:\/\/xenonkungen.com\/dk\/vare\/indvendig-led-strimmel-150-mm-specialstang\/#primaryimage"},"image":{"@id":"https:\/\/xenonkungen.com\/dk\/vare\/indvendig-led-strimmel-150-mm-specialstang\/#primaryimage"},"thumbnailUrl":"https:\/\/xenonkungen.com\/wp-content\/uploads\/2025\/04\/7363576-origpic-8d6373.jpg","datePublished":"2025-04-15T09:23:19+00:00","dateModified":"2026-03-20T12:37:47+00:00","breadcrumb":{"@id":"https:\/\/xenonkungen.com\/dk\/vare\/indvendig-led-strimmel-150-mm-specialstang\/#breadcrumb"},"inLanguage":"nb-NO","potentialAction":[{"@type":"ReadAction","target":["https:\/\/xenonkungen.com\/dk\/vare\/indvendig-led-strimmel-150-mm-specialstang\/"]}]},{"@type":"ImageObject","inLanguage":"nb-NO","@id":"https:\/\/xenonkungen.com\/dk\/vare\/indvendig-led-strimmel-150-mm-specialstang\/#primaryimage","url":"https:\/\/xenonkungen.com\/wp-content\/uploads\/2025\/04\/7363576-origpic-8d6373.jpg","contentUrl":"https:\/\/xenonkungen.com\/wp-content\/uploads\/2025\/04\/7363576-origpic-8d6373.jpg","width":600,"height":600},{"@type":"BreadcrumbList","@id":"https:\/\/xenonkungen.com\/dk\/vare\/indvendig-led-strimmel-150-mm-specialstang\/#breadcrumb","itemListElement":[{"@type":"ListItem","position":1,"name":"Hem","item":"https:\/\/xenonkungen.com\/"},{"@type":"ListItem","position":2,"name":"Shop","item":"https:\/\/xenonkungen.com\/shop\/"},{"@type":"ListItem","position":3,"name":"Interi\u00f6r LED-list 150mm|Special R\u00f6d"}]},{"@type":"WebSite","@id":"https:\/\/xenonkungen.com\/#website","url":"https:\/\/xenonkungen.com\/","name":"Xenonkungen","description":"","potentialAction":[{"@type":"SearchAction","target":{"@type":"EntryPoint","urlTemplate":"https:\/\/xenonkungen.com\/?s={search_term_string}"},"query-input":{"@type":"PropertyValueSpecification","valueRequired":true,"valueName":"search_term_string"}}],"inLanguage":"nb-NO"}]}},"taxonomy_info":{"anvandningsomrade":[{"value":166,"label":"Lastbil"},{"value":238,"label":"SL\u00c4P"},{"value":2816,"label":"TRAILER"}],"product_brand":[{"value":1252,"label":"LEA"}],"product_cat":[{"value":2586,"label":"Interi\u00f6rbelysning"}],"pa_fuktskydd-varde-ipxx":[{"value":333,"label":"IP67"}],"pa_storlek-mm":[{"value":1600,"label":"150x25x10"}],"pa_stromforbrukning":[{"value":1601,"label":"0.17A @ 13.8V"}],"pa_volt-v":[{"value":159,"label":"12"}]},"featured_image_src_large":["https:\/\/xenonkungen.com\/wp-content\/uploads\/2025\/04\/7363576-origpic-8d6373.jpg",600,600,false],"author_info":[],"comment_info":0,"_links":{"self":[{"href":"https:\/\/xenonkungen.com\/no\/wp-json\/wp\/v2\/product\/5146","targetHints":{"allow":["GET"]}}],"collection":[{"href":"https:\/\/xenonkungen.com\/no\/wp-json\/wp\/v2\/product"}],"about":[{"href":"https:\/\/xenonkungen.com\/no\/wp-json\/wp\/v2\/types\/product"}],"replies":[{"embeddable":true,"href":"https:\/\/xenonkungen.com\/no\/wp-json\/wp\/v2\/comments?post=5146"}],"wp:featuredmedia":[{"embeddable":true,"href":"https:\/\/xenonkungen.com\/no\/wp-json\/wp\/v2\/media\/5147"}],"wp:attachment":[{"href":"https:\/\/xenonkungen.com\/no\/wp-json\/wp\/v2\/media?parent=5146"}],"wp:term":[{"taxonomy":"anvandningsomrade","embeddable":true,"href":"https:\/\/xenonkungen.com\/no\/wp-json\/wp\/v2\/anvandningsomrade?post=5146"},{"taxonomy":"bilmarken","embeddable":true,"href":"https:\/\/xenonkungen.com\/no\/wp-json\/wp\/v2\/bilmarken?post=5146"},{"taxonomy":"product_brand","embeddable":true,"href":"https:\/\/xenonkungen.com\/no\/wp-json\/wp\/v2\/product_brand?post=5146"},{"taxonomy":"product_cat","embeddable":true,"href":"https:\/\/xenonkungen.com\/no\/wp-json\/wp\/v2\/product_cat?post=5146"},{"taxonomy":"product_tag","embeddable":true,"href":"https:\/\/xenonkungen.com\/no\/wp-json\/wp\/v2\/product_tag?post=5146"}],"curies":[{"name":"wp","href":"https:\/\/api.w.org\/{rel}","templated":true}]}}