{"id":5158,"date":"2025-04-15T09:23:25","date_gmt":"2025-04-15T09:23:25","guid":{"rendered":"https:\/\/xenonkungen.com\/product\/backlampa-110wme-vit\/"},"modified":"2026-04-24T17:08:47","modified_gmt":"2026-04-24T16:08:47","slug":"ryggelys-110wme-hvitt","status":"publish","type":"product","link":"https:\/\/xenonkungen.com\/no\/produkt\/ryggelys-110wme-hvitt\/","title":{"rendered":"Bakgrunnsbelysning 110WME Hvit"},"content":{"rendered":"<div class=\"container\">\n<h1>Forbedre sikkerheten ved rygging med LED-baklys 110WME White<\/h1>\n<p>Optimaliser bilbelysningen med v\u00e5r LED-baklykt 110WME White, som gir overlegen lysstyrke og synlighet med sin innebygde ryggelysfunksjon. Baklyset er integrert med avansert LED-teknologi og er utformet for \u00e5 \u00f8ke sikkerheten og redusere risikoen for kollisjoner ved rygging.<\/p>\n<h2>Funksjoner og fordeler:<\/h2>\n<ul>\n<li><strong>Funksjon for bakgrunnsbelysning:<\/strong> Gir sterk og tydelig belysning for bedre sikt n\u00e5r du rygger.<\/li>\n<li><strong>Nyeste LED-teknologi:<\/strong> Gir effektiv og p\u00e5litelig lysytelse med lang levetid og redusert energiforbruk.<\/li>\n<li><strong>\u00d8kt sikkerhet:<\/strong> Bidrar til et tryggere kj\u00f8remilj\u00f8 ved \u00e5 signalisere kj\u00f8ret\u00f8yets bevegelser tydelig til andre trafikanter.<\/li>\n<li><strong>Enkel installasjon:<\/strong> Designet for enkel montering p\u00e5 en lang rekke kj\u00f8ret\u00f8y, noe som gj\u00f8r det til et allsidig valg for b\u00e5de nye og eldre kj\u00f8ret\u00f8y.<\/li>\n<\/ul>\n<p>Oppgrader bilen din i dag med v\u00e5re LED-baklykter 110WME White, og f\u00e5 bedre sikkerhet og synlighet hver gang du skal rygge. Det er et intelligent valg for alle som setter pris p\u00e5 sikkerhet og kvalitet i bilbelysningen.<\/p>\n<\/div>\n<h2>Tilbeh\u00f8r<\/h2>\n<p><a href=\"https:\/\/www.xenonkungen.com\/se\/produkter\/yrke-proffs\/baklampor\/singel-rund\/lampsarg-gummi-53101.html\" target=\"_blank\" rel=\"noopener\">Lampehus av gummi 53101<\/a><br \/><a href=\"https:\/\/www.xenonkungen.com\/se\/produkter\/yrke-proffs\/baklampor\/singel-rund\/lampsarg-chrome-53101c.html\" target=\"_blank\" rel=\"noopener\">Lampe Coffin Chrome 53101C<\/a><br \/><a href=\"https:\/\/www.xenonkungen.com\/se\/produkter\/yrke-proffs\/baklampor\/singel-rund\/lampsarg-svart-53101b.html\" target=\"_blank\" rel=\"noopener\">Lampestativ Svart 53101B<\/a><\/p>\n<p><strong>Garanti:<\/strong> 5 \u00e5r<\/p>","protected":false},"excerpt":{"rendered":"<p>F\u00f6rb\u00e4ttra S\u00e4kerheten vid Backning med LED Baklampa 110WME Vit Optimera din fordonsbelysning med v\u00e5r LED Baklampa 110WME Vit, som erbjuder \u00f6verl\u00e4gsen ljusstyrka och synlighet med sin inbyggda backljusfunktion. Integrerad med avancerad LED-teknologi, \u00e4r denna baklampa designad f\u00f6r att \u00f6ka s\u00e4kerheten och minska risken f\u00f6r kollisioner under backning. Egenskaper och F\u00f6rdelar: Backljusfunktion: Tillhandah\u00e5ller ljusstark och tydlig [&hellip;]<\/p>","protected":false},"featured_media":5159,"comment_status":"closed","ping_status":"open","template":"","meta":{"_acf_changed":false,"_smort_price_nok":"908","_smort_price_dkk":"577","_smort_price_eur":"77.27","_smort_sale_price_nok":"","_smort_sale_price_dkk":"","_smort_sale_price_eur":"","smort_restorder":"","shipmondo_restorder":"","_kad_blocks_custom_css":"","_kad_blocks_head_custom_js":"","_kad_blocks_body_custom_js":"","_kad_blocks_footer_custom_js":"","smort_custom_pricelist_1":"476","smort_custom_pricelist_2":"476","smort_custom_pricelist_3":"452.2","smort_custom_pricelist_4":"680","smort_custom_pricelist_5":"476"},"anvandningsomrade":[166,238,2816],"bilmarken":[],"product_brand":[1252],"product_cat":[3050,2585],"product_tag":[],"class_list":{"0":"post-5158","1":"product","2":"type-product","3":"status-publish","4":"has-post-thumbnail","6":"anvandningsomrade-lastbil","7":"anvandningsomrade-slap","8":"anvandningsomrade-trailer","9":"product_brand-lea","10":"product_cat-bakljus-enkel-rund","11":"product_cat-backljus","12":"pa_fuktskydd-varde-ipxx-ip67","13":"pa_storlek-mm-109x53","14":"pa_stromforbrukning-0-15a-28v","15":"pa_stromforbrukning-0-21a-13-8v","16":"pa_volt-v-776","18":"first","19":"onbackorder","20":"taxable","21":"shipping-taxable","22":"purchasable","23":"product-type-simple"},"bundled_by":[],"bundle_stock_status":"onbackorder","bundle_stock_quantity":0,"bundle_virtual":false,"bundle_layout":"","bundle_add_to_cart_form_location":"","bundle_editable_in_cart":false,"bundle_sold_individually_context":"","bundle_item_grouping":"","bundle_min_size":"","bundle_max_size":"","bundle_price":[],"bundled_items":[],"bundle_sell_ids":[],"acf":[],"yoast_head":"<!-- This site is optimized with the Yoast SEO plugin v27.0 - https:\/\/yoast.com\/product\/yoast-seo-wordpress\/ -->\n<title>Backlampa 110WME Vit - Xenonkungen<\/title>\n<meta name=\"robots\" content=\"index, follow, max-snippet:-1, max-image-preview:large, max-video-preview:-1\" \/>\n<link rel=\"canonical\" href=\"https:\/\/xenonkungen.com\/no\/produkt\/ryggelys-110wme-hvitt\/\" \/>\n<meta property=\"og:locale\" content=\"nb_NO\" \/>\n<meta property=\"og:type\" content=\"article\" \/>\n<meta property=\"og:title\" content=\"Backlampa 110WME Vit - Xenonkungen\" \/>\n<meta property=\"og:description\" content=\"F\u00f6rb\u00e4ttra S\u00e4kerheten vid Backning med LED Baklampa 110WME Vit Optimera din fordonsbelysning med v\u00e5r LED Baklampa 110WME Vit, som erbjuder \u00f6verl\u00e4gsen ljusstyrka och synlighet med sin inbyggda backljusfunktion. Integrerad med avancerad LED-teknologi, \u00e4r denna baklampa designad f\u00f6r att \u00f6ka s\u00e4kerheten och minska risken f\u00f6r kollisioner under backning. Egenskaper och F\u00f6rdelar: Backljusfunktion: Tillhandah\u00e5ller ljusstark och tydlig [&hellip;]\" \/>\n<meta property=\"og:url\" content=\"https:\/\/xenonkungen.com\/no\/produkt\/ryggelys-110wme-hvitt\/\" \/>\n<meta property=\"og:site_name\" content=\"Xenonkungen\" \/>\n<meta property=\"article:modified_time\" content=\"2026-04-24T16:08:47+00:00\" \/>\n<meta property=\"og:image\" content=\"https:\/\/xenonkungen.com\/wp-content\/uploads\/2025\/04\/7293703-origpic-1aad9c.jpg\" \/>\n\t<meta property=\"og:image:width\" content=\"600\" \/>\n\t<meta property=\"og:image:height\" content=\"600\" \/>\n\t<meta property=\"og:image:type\" content=\"image\/jpeg\" \/>\n<meta name=\"twitter:card\" content=\"summary_large_image\" \/>\n<meta name=\"twitter:label1\" content=\"Ansl. lesetid\" \/>\n\t<meta name=\"twitter:data1\" content=\"1 minutt\" \/>\n<script type=\"application\/ld+json\" class=\"yoast-schema-graph\">{\"@context\":\"https:\/\/schema.org\",\"@graph\":[{\"@type\":\"WebPage\",\"@id\":\"https:\/\/xenonkungen.com\/produkt\/backlampa-110wme-vit\/\",\"url\":\"https:\/\/xenonkungen.com\/produkt\/backlampa-110wme-vit\/\",\"name\":\"Backlampa 110WME Vit - Xenonkungen\",\"isPartOf\":{\"@id\":\"https:\/\/xenonkungen.com\/#website\"},\"primaryImageOfPage\":{\"@id\":\"https:\/\/xenonkungen.com\/produkt\/backlampa-110wme-vit\/#primaryimage\"},\"image\":{\"@id\":\"https:\/\/xenonkungen.com\/produkt\/backlampa-110wme-vit\/#primaryimage\"},\"thumbnailUrl\":\"https:\/\/xenonkungen.com\/wp-content\/uploads\/2025\/04\/7293703-origpic-1aad9c.jpg\",\"datePublished\":\"2025-04-15T09:23:25+00:00\",\"dateModified\":\"2026-04-24T16:08:47+00:00\",\"breadcrumb\":{\"@id\":\"https:\/\/xenonkungen.com\/produkt\/backlampa-110wme-vit\/#breadcrumb\"},\"inLanguage\":\"nb-NO\",\"potentialAction\":[{\"@type\":\"ReadAction\",\"target\":[\"https:\/\/xenonkungen.com\/produkt\/backlampa-110wme-vit\/\"]}]},{\"@type\":\"ImageObject\",\"inLanguage\":\"nb-NO\",\"@id\":\"https:\/\/xenonkungen.com\/produkt\/backlampa-110wme-vit\/#primaryimage\",\"url\":\"https:\/\/xenonkungen.com\/wp-content\/uploads\/2025\/04\/7293703-origpic-1aad9c.jpg\",\"contentUrl\":\"https:\/\/xenonkungen.com\/wp-content\/uploads\/2025\/04\/7293703-origpic-1aad9c.jpg\",\"width\":600,\"height\":600},{\"@type\":\"BreadcrumbList\",\"@id\":\"https:\/\/xenonkungen.com\/produkt\/backlampa-110wme-vit\/#breadcrumb\",\"itemListElement\":[{\"@type\":\"ListItem\",\"position\":1,\"name\":\"Hem\",\"item\":\"https:\/\/xenonkungen.com\/\"},{\"@type\":\"ListItem\",\"position\":2,\"name\":\"Shop\",\"item\":\"https:\/\/xenonkungen.com\/shop\/\"},{\"@type\":\"ListItem\",\"position\":3,\"name\":\"Backlampa 110WME Vit\"}]},{\"@type\":\"WebSite\",\"@id\":\"https:\/\/xenonkungen.com\/#website\",\"url\":\"https:\/\/xenonkungen.com\/\",\"name\":\"Xenonkungen\",\"description\":\"\",\"potentialAction\":[{\"@type\":\"SearchAction\",\"target\":{\"@type\":\"EntryPoint\",\"urlTemplate\":\"https:\/\/xenonkungen.com\/?s={search_term_string}\"},\"query-input\":{\"@type\":\"PropertyValueSpecification\",\"valueRequired\":true,\"valueName\":\"search_term_string\"}}],\"inLanguage\":\"nb-NO\"}]}<\/script>\n<!-- \/ Yoast SEO plugin. -->","yoast_head_json":{"title":"Baklys 110WME Hvit \u2013 Xenon-kongen","robots":{"index":"index","follow":"follow","max-snippet":"max-snippet:-1","max-image-preview":"max-image-preview:large","max-video-preview":"max-video-preview:-1"},"canonical":"https:\/\/xenonkungen.com\/no\/produkt\/ryggelys-110wme-hvitt\/","og_locale":"nb_NO","og_type":"article","og_title":"Backlampa 110WME Vit - Xenonkungen","og_description":"F\u00f6rb\u00e4ttra S\u00e4kerheten vid Backning med LED Baklampa 110WME Vit Optimera din fordonsbelysning med v\u00e5r LED Baklampa 110WME Vit, som erbjuder \u00f6verl\u00e4gsen ljusstyrka och synlighet med sin inbyggda backljusfunktion. Integrerad med avancerad LED-teknologi, \u00e4r denna baklampa designad f\u00f6r att \u00f6ka s\u00e4kerheten och minska risken f\u00f6r kollisioner under backning. Egenskaper och F\u00f6rdelar: Backljusfunktion: Tillhandah\u00e5ller ljusstark och tydlig [&hellip;]","og_url":"https:\/\/xenonkungen.com\/no\/produkt\/ryggelys-110wme-hvitt\/","og_site_name":"Xenonkungen","article_modified_time":"2026-04-24T16:08:47+00:00","og_image":[{"width":600,"height":600,"url":"https:\/\/xenonkungen.com\/wp-content\/uploads\/2025\/04\/7293703-origpic-1aad9c.jpg","type":"image\/jpeg"}],"twitter_card":"summary_large_image","twitter_misc":{"Ansl. lesetid":"1 minutt"},"schema":{"@context":"https:\/\/schema.org","@graph":[{"@type":"WebPage","@id":"https:\/\/xenonkungen.com\/produkt\/backlampa-110wme-vit\/","url":"https:\/\/xenonkungen.com\/produkt\/backlampa-110wme-vit\/","name":"Baklys 110WME Hvit \u2013 Xenon-kongen","isPartOf":{"@id":"https:\/\/xenonkungen.com\/#website"},"primaryImageOfPage":{"@id":"https:\/\/xenonkungen.com\/produkt\/backlampa-110wme-vit\/#primaryimage"},"image":{"@id":"https:\/\/xenonkungen.com\/produkt\/backlampa-110wme-vit\/#primaryimage"},"thumbnailUrl":"https:\/\/xenonkungen.com\/wp-content\/uploads\/2025\/04\/7293703-origpic-1aad9c.jpg","datePublished":"2025-04-15T09:23:25+00:00","dateModified":"2026-04-24T16:08:47+00:00","breadcrumb":{"@id":"https:\/\/xenonkungen.com\/produkt\/backlampa-110wme-vit\/#breadcrumb"},"inLanguage":"nb-NO","potentialAction":[{"@type":"ReadAction","target":["https:\/\/xenonkungen.com\/produkt\/backlampa-110wme-vit\/"]}]},{"@type":"ImageObject","inLanguage":"nb-NO","@id":"https:\/\/xenonkungen.com\/produkt\/backlampa-110wme-vit\/#primaryimage","url":"https:\/\/xenonkungen.com\/wp-content\/uploads\/2025\/04\/7293703-origpic-1aad9c.jpg","contentUrl":"https:\/\/xenonkungen.com\/wp-content\/uploads\/2025\/04\/7293703-origpic-1aad9c.jpg","width":600,"height":600},{"@type":"BreadcrumbList","@id":"https:\/\/xenonkungen.com\/produkt\/backlampa-110wme-vit\/#breadcrumb","itemListElement":[{"@type":"ListItem","position":1,"name":"Hem","item":"https:\/\/xenonkungen.com\/"},{"@type":"ListItem","position":2,"name":"Shop","item":"https:\/\/xenonkungen.com\/shop\/"},{"@type":"ListItem","position":3,"name":"Backlampa 110WME Vit"}]},{"@type":"WebSite","@id":"https:\/\/xenonkungen.com\/#website","url":"https:\/\/xenonkungen.com\/","name":"Xenonkungen","description":"","potentialAction":[{"@type":"SearchAction","target":{"@type":"EntryPoint","urlTemplate":"https:\/\/xenonkungen.com\/?s={search_term_string}"},"query-input":{"@type":"PropertyValueSpecification","valueRequired":true,"valueName":"search_term_string"}}],"inLanguage":"nb-NO"}]}},"taxonomy_info":{"anvandningsomrade":[{"value":166,"label":"Lastbil"},{"value":238,"label":"SL\u00c4P"},{"value":2816,"label":"TRAILER"}],"product_brand":[{"value":1252,"label":"LEA"}],"product_cat":[{"value":3050,"label":"Bakljus Enkel Rund"},{"value":2585,"label":"Backljus"}],"pa_fuktskydd-varde-ipxx":[{"value":333,"label":"IP67"}],"pa_storlek-mm":[{"value":1602,"label":"109X53"}],"pa_stromforbrukning":[{"value":1607,"label":"0.15A @28V"},{"value":1606,"label":"0.21A @13.8V"}],"pa_volt-v":[{"value":776,"label":"12,24"}]},"featured_image_src_large":["https:\/\/xenonkungen.com\/wp-content\/uploads\/2025\/04\/7293703-origpic-1aad9c.jpg",600,600,false],"author_info":[],"comment_info":0,"_links":{"self":[{"href":"https:\/\/xenonkungen.com\/no\/wp-json\/wp\/v2\/product\/5158","targetHints":{"allow":["GET"]}}],"collection":[{"href":"https:\/\/xenonkungen.com\/no\/wp-json\/wp\/v2\/product"}],"about":[{"href":"https:\/\/xenonkungen.com\/no\/wp-json\/wp\/v2\/types\/product"}],"replies":[{"embeddable":true,"href":"https:\/\/xenonkungen.com\/no\/wp-json\/wp\/v2\/comments?post=5158"}],"wp:featuredmedia":[{"embeddable":true,"href":"https:\/\/xenonkungen.com\/no\/wp-json\/wp\/v2\/media\/5159"}],"wp:attachment":[{"href":"https:\/\/xenonkungen.com\/no\/wp-json\/wp\/v2\/media?parent=5158"}],"wp:term":[{"taxonomy":"anvandningsomrade","embeddable":true,"href":"https:\/\/xenonkungen.com\/no\/wp-json\/wp\/v2\/anvandningsomrade?post=5158"},{"taxonomy":"bilmarken","embeddable":true,"href":"https:\/\/xenonkungen.com\/no\/wp-json\/wp\/v2\/bilmarken?post=5158"},{"taxonomy":"product_brand","embeddable":true,"href":"https:\/\/xenonkungen.com\/no\/wp-json\/wp\/v2\/product_brand?post=5158"},{"taxonomy":"product_cat","embeddable":true,"href":"https:\/\/xenonkungen.com\/no\/wp-json\/wp\/v2\/product_cat?post=5158"},{"taxonomy":"product_tag","embeddable":true,"href":"https:\/\/xenonkungen.com\/no\/wp-json\/wp\/v2\/product_tag?post=5158"}],"curies":[{"name":"wp","href":"https:\/\/api.w.org\/{rel}","templated":true}]}}