{"id":5169,"date":"2025-04-15T09:23:37","date_gmt":"2025-04-15T09:23:37","guid":{"rendered":"https:\/\/xenonkungen.com\/product\/lazer-stoldskyddssats\/"},"modified":"2026-04-25T22:08:41","modified_gmt":"2026-04-25T21:08:41","slug":"laser-tyverisikringssett","status":"publish","type":"product","link":"https:\/\/xenonkungen.com\/no\/produkt\/laser-tyverisikringssett\/","title":{"rendered":"Lazer tyverisikringssett"},"content":{"rendered":"<h1>Lazer tyverisikringssett for led-ramper og ekstra lys<\/h1>\n<p>Beskytt investeringen din med Lazer tyverisikringssett, som er spesialdesignet for \u00e5 gi p\u00e5litelig beskyttelse for rekkverk og ekstralys. Konstruert med kvalitetsmaterialer og unike sikkerhetsfunksjoner som gir deg et ekstra lag med sikkerhet.<\/p>\n<h2>Rustfritt st\u00e5l av klasse A2<\/h2>\n<p>Opplev fordelene med rustfritt st\u00e5l i A2-kvalitet, et materiale som er kjent for sin styrke og korrosjonsbestandighet, noe som sikrer lang levetid for installasjonen din.<\/p>\n<h2>Unike l\u00e5sn\u00f8kler<\/h2>\n<p>Settet inneholder unike l\u00e5sen\u00f8kler som gj\u00f8r at du kan montere rekkverk og ekstralys p\u00e5 en sikrere m\u00e5te, noe som minimerer risikoen for tyveri.<\/p>\n<h2>Innhold i pakken<\/h2>\n<ul>\n<li>x2 M8x30 Sikkerhetsbolter<\/li>\n<li>x2 M6x16 Sikkerhetsbolter<\/li>\n<li>x2 M8x80 Sikkerhetsbolter<\/li>\n<\/ul>\n<p>Med Lazer tyverisikringssett kan du forvente et h\u00f8yere sikkerhetsniv\u00e5 og ro i sjelen. Perfekt for alle som er p\u00e5 utkikk etter en p\u00e5litelig l\u00f8sning for \u00e5 beskytte belysningsutstyret sitt.<\/p>","protected":false},"excerpt":{"rendered":"<p>Kompletter ekstralysene eller rekkverket ditt med v\u00e5rt Lazer Anti-Theft Kit! Perfekt for \u00e5 beskytte dine verdifulle eiendeler og holde tyvene p\u00e5 avstand.<\/p>","protected":false},"featured_media":5170,"comment_status":"closed","ping_status":"open","template":"","meta":{"_acf_changed":false,"_smort_price_nok":"240","_smort_price_dkk":"153","_smort_price_eur":"20.45","_smort_sale_price_nok":"","_smort_sale_price_dkk":"","_smort_sale_price_eur":"","smort_restorder":"","shipmondo_restorder":"","_kad_blocks_custom_css":"","_kad_blocks_head_custom_js":"","_kad_blocks_body_custom_js":"","_kad_blocks_footer_custom_js":"","smort_custom_pricelist_1":"153.6","smort_custom_pricelist_2":"153.6","smort_custom_pricelist_3":"153.6","smort_custom_pricelist_4":"192","smort_custom_pricelist_5":"153.6"},"anvandningsomrade":[],"bilmarken":[],"product_brand":[1124],"product_cat":[2841,2828,2547,2976,390],"product_tag":[2735],"class_list":{"0":"post-5169","1":"product","2":"type-product","3":"status-publish","4":"has-post-thumbnail","6":"product_brand-lazer","7":"product_cat-installation-extraljus","8":"product_cat-installation-led-ramper","9":"product_cat-stoldskydd-installation","10":"product_cat-stoldskydd-ledramper","11":"product_cat-installation","12":"product_tag-lazer","14":"first","15":"onbackorder","16":"taxable","17":"shipping-taxable","18":"purchasable","19":"product-type-simple"},"bundled_by":[],"bundle_stock_status":"onbackorder","bundle_stock_quantity":0,"bundle_virtual":false,"bundle_layout":"","bundle_add_to_cart_form_location":"","bundle_editable_in_cart":false,"bundle_sold_individually_context":"","bundle_item_grouping":"","bundle_min_size":"","bundle_max_size":"","bundle_price":[],"bundled_items":[],"bundle_sell_ids":[],"acf":[],"yoast_head":"<!-- This site is optimized with the Yoast SEO plugin v27.0 - https:\/\/yoast.com\/product\/yoast-seo-wordpress\/ -->\n<title>Lazer St\u00f6ldskyddssats - Xenonkungen<\/title>\n<meta name=\"robots\" content=\"index, follow, max-snippet:-1, max-image-preview:large, max-video-preview:-1\" \/>\n<link rel=\"canonical\" href=\"https:\/\/xenonkungen.com\/no\/produkt\/laser-tyverisikringssett\/\" \/>\n<meta property=\"og:locale\" content=\"nb_NO\" \/>\n<meta property=\"og:type\" content=\"article\" \/>\n<meta property=\"og:title\" content=\"Lazer St\u00f6ldskyddssats - Xenonkungen\" \/>\n<meta property=\"og:description\" content=\"Komplettera dina extraljus eller din ledramp med v\u00e5r Lazer St\u00f6ldskyddssats! Perfekt f\u00f6r att skydda dina v\u00e4rdefulla tillh\u00f6righeter och h\u00e5lla tjuvarna p\u00e5 avst\u00e5nd.\" \/>\n<meta property=\"og:url\" content=\"https:\/\/xenonkungen.com\/no\/produkt\/laser-tyverisikringssett\/\" \/>\n<meta property=\"og:site_name\" content=\"Xenonkungen\" \/>\n<meta property=\"article:modified_time\" content=\"2026-04-25T21:08:41+00:00\" \/>\n<meta property=\"og:image\" content=\"https:\/\/xenonkungen.com\/wp-content\/uploads\/2025\/04\/159382_itemimage_mainfront.jpg\" \/>\n\t<meta property=\"og:image:width\" content=\"2048\" \/>\n\t<meta property=\"og:image:height\" content=\"1536\" \/>\n\t<meta property=\"og:image:type\" content=\"image\/jpeg\" \/>\n<meta name=\"twitter:card\" content=\"summary_large_image\" \/>\n<meta name=\"twitter:label1\" content=\"Ansl. lesetid\" \/>\n\t<meta name=\"twitter:data1\" content=\"1 minutt\" \/>\n<script type=\"application\/ld+json\" class=\"yoast-schema-graph\">{\"@context\":\"https:\/\/schema.org\",\"@graph\":[{\"@type\":\"WebPage\",\"@id\":\"https:\/\/xenonkungen.com\/produkt\/lazer-stoldskyddssats\/\",\"url\":\"https:\/\/xenonkungen.com\/produkt\/lazer-stoldskyddssats\/\",\"name\":\"Lazer St\u00f6ldskyddssats - Xenonkungen\",\"isPartOf\":{\"@id\":\"https:\/\/xenonkungen.com\/#website\"},\"primaryImageOfPage\":{\"@id\":\"https:\/\/xenonkungen.com\/produkt\/lazer-stoldskyddssats\/#primaryimage\"},\"image\":{\"@id\":\"https:\/\/xenonkungen.com\/produkt\/lazer-stoldskyddssats\/#primaryimage\"},\"thumbnailUrl\":\"https:\/\/xenonkungen.com\/wp-content\/uploads\/2025\/04\/159382_itemimage_mainfront.jpg\",\"datePublished\":\"2025-04-15T09:23:37+00:00\",\"dateModified\":\"2026-04-25T21:08:41+00:00\",\"breadcrumb\":{\"@id\":\"https:\/\/xenonkungen.com\/produkt\/lazer-stoldskyddssats\/#breadcrumb\"},\"inLanguage\":\"nb-NO\",\"potentialAction\":[{\"@type\":\"ReadAction\",\"target\":[\"https:\/\/xenonkungen.com\/produkt\/lazer-stoldskyddssats\/\"]}]},{\"@type\":\"ImageObject\",\"inLanguage\":\"nb-NO\",\"@id\":\"https:\/\/xenonkungen.com\/produkt\/lazer-stoldskyddssats\/#primaryimage\",\"url\":\"https:\/\/xenonkungen.com\/wp-content\/uploads\/2025\/04\/159382_itemimage_mainfront.jpg\",\"contentUrl\":\"https:\/\/xenonkungen.com\/wp-content\/uploads\/2025\/04\/159382_itemimage_mainfront.jpg\",\"width\":2048,\"height\":1536},{\"@type\":\"BreadcrumbList\",\"@id\":\"https:\/\/xenonkungen.com\/produkt\/lazer-stoldskyddssats\/#breadcrumb\",\"itemListElement\":[{\"@type\":\"ListItem\",\"position\":1,\"name\":\"Hem\",\"item\":\"https:\/\/xenonkungen.com\/\"},{\"@type\":\"ListItem\",\"position\":2,\"name\":\"Shop\",\"item\":\"https:\/\/xenonkungen.com\/shop\/\"},{\"@type\":\"ListItem\",\"position\":3,\"name\":\"Lazer St\u00f6ldskyddssats\"}]},{\"@type\":\"WebSite\",\"@id\":\"https:\/\/xenonkungen.com\/#website\",\"url\":\"https:\/\/xenonkungen.com\/\",\"name\":\"Xenonkungen\",\"description\":\"\",\"potentialAction\":[{\"@type\":\"SearchAction\",\"target\":{\"@type\":\"EntryPoint\",\"urlTemplate\":\"https:\/\/xenonkungen.com\/?s={search_term_string}\"},\"query-input\":{\"@type\":\"PropertyValueSpecification\",\"valueRequired\":true,\"valueName\":\"search_term_string\"}}],\"inLanguage\":\"nb-NO\"}]}<\/script>\n<!-- \/ Yoast SEO plugin. -->","yoast_head_json":{"title":"Lazer Tyverisikringssett - Xenonkungen","robots":{"index":"index","follow":"follow","max-snippet":"max-snippet:-1","max-image-preview":"max-image-preview:large","max-video-preview":"max-video-preview:-1"},"canonical":"https:\/\/xenonkungen.com\/no\/produkt\/laser-tyverisikringssett\/","og_locale":"nb_NO","og_type":"article","og_title":"Lazer St\u00f6ldskyddssats - Xenonkungen","og_description":"Komplettera dina extraljus eller din ledramp med v\u00e5r Lazer St\u00f6ldskyddssats! Perfekt f\u00f6r att skydda dina v\u00e4rdefulla tillh\u00f6righeter och h\u00e5lla tjuvarna p\u00e5 avst\u00e5nd.","og_url":"https:\/\/xenonkungen.com\/no\/produkt\/laser-tyverisikringssett\/","og_site_name":"Xenonkungen","article_modified_time":"2026-04-25T21:08:41+00:00","og_image":[{"width":2048,"height":1536,"url":"https:\/\/xenonkungen.com\/wp-content\/uploads\/2025\/04\/159382_itemimage_mainfront.jpg","type":"image\/jpeg"}],"twitter_card":"summary_large_image","twitter_misc":{"Ansl. lesetid":"1 minutt"},"schema":{"@context":"https:\/\/schema.org","@graph":[{"@type":"WebPage","@id":"https:\/\/xenonkungen.com\/produkt\/lazer-stoldskyddssats\/","url":"https:\/\/xenonkungen.com\/produkt\/lazer-stoldskyddssats\/","name":"Lazer Tyverisikringssett - Xenonkungen","isPartOf":{"@id":"https:\/\/xenonkungen.com\/#website"},"primaryImageOfPage":{"@id":"https:\/\/xenonkungen.com\/produkt\/lazer-stoldskyddssats\/#primaryimage"},"image":{"@id":"https:\/\/xenonkungen.com\/produkt\/lazer-stoldskyddssats\/#primaryimage"},"thumbnailUrl":"https:\/\/xenonkungen.com\/wp-content\/uploads\/2025\/04\/159382_itemimage_mainfront.jpg","datePublished":"2025-04-15T09:23:37+00:00","dateModified":"2026-04-25T21:08:41+00:00","breadcrumb":{"@id":"https:\/\/xenonkungen.com\/produkt\/lazer-stoldskyddssats\/#breadcrumb"},"inLanguage":"nb-NO","potentialAction":[{"@type":"ReadAction","target":["https:\/\/xenonkungen.com\/produkt\/lazer-stoldskyddssats\/"]}]},{"@type":"ImageObject","inLanguage":"nb-NO","@id":"https:\/\/xenonkungen.com\/produkt\/lazer-stoldskyddssats\/#primaryimage","url":"https:\/\/xenonkungen.com\/wp-content\/uploads\/2025\/04\/159382_itemimage_mainfront.jpg","contentUrl":"https:\/\/xenonkungen.com\/wp-content\/uploads\/2025\/04\/159382_itemimage_mainfront.jpg","width":2048,"height":1536},{"@type":"BreadcrumbList","@id":"https:\/\/xenonkungen.com\/produkt\/lazer-stoldskyddssats\/#breadcrumb","itemListElement":[{"@type":"ListItem","position":1,"name":"Hem","item":"https:\/\/xenonkungen.com\/"},{"@type":"ListItem","position":2,"name":"Shop","item":"https:\/\/xenonkungen.com\/shop\/"},{"@type":"ListItem","position":3,"name":"Lazer St\u00f6ldskyddssats"}]},{"@type":"WebSite","@id":"https:\/\/xenonkungen.com\/#website","url":"https:\/\/xenonkungen.com\/","name":"Xenonkungen","description":"","potentialAction":[{"@type":"SearchAction","target":{"@type":"EntryPoint","urlTemplate":"https:\/\/xenonkungen.com\/?s={search_term_string}"},"query-input":{"@type":"PropertyValueSpecification","valueRequired":true,"valueName":"search_term_string"}}],"inLanguage":"nb-NO"}]}},"taxonomy_info":{"product_brand":[{"value":1124,"label":"Lazer"}],"product_cat":[{"value":2841,"label":"Installation extraljus"},{"value":2828,"label":"Installation LED-ramper"},{"value":2547,"label":"St\u00f6ldskydd"},{"value":2976,"label":"St\u00f6ldskydd"},{"value":390,"label":"Installation"}],"product_tag":[{"value":2735,"label":"Lazer"}]},"featured_image_src_large":["https:\/\/xenonkungen.com\/wp-content\/uploads\/2025\/04\/159382_itemimage_mainfront-1024x768.jpg",1024,768,true],"author_info":[],"comment_info":0,"_links":{"self":[{"href":"https:\/\/xenonkungen.com\/no\/wp-json\/wp\/v2\/product\/5169","targetHints":{"allow":["GET"]}}],"collection":[{"href":"https:\/\/xenonkungen.com\/no\/wp-json\/wp\/v2\/product"}],"about":[{"href":"https:\/\/xenonkungen.com\/no\/wp-json\/wp\/v2\/types\/product"}],"replies":[{"embeddable":true,"href":"https:\/\/xenonkungen.com\/no\/wp-json\/wp\/v2\/comments?post=5169"}],"wp:featuredmedia":[{"embeddable":true,"href":"https:\/\/xenonkungen.com\/no\/wp-json\/wp\/v2\/media\/5170"}],"wp:attachment":[{"href":"https:\/\/xenonkungen.com\/no\/wp-json\/wp\/v2\/media?parent=5169"}],"wp:term":[{"taxonomy":"anvandningsomrade","embeddable":true,"href":"https:\/\/xenonkungen.com\/no\/wp-json\/wp\/v2\/anvandningsomrade?post=5169"},{"taxonomy":"bilmarken","embeddable":true,"href":"https:\/\/xenonkungen.com\/no\/wp-json\/wp\/v2\/bilmarken?post=5169"},{"taxonomy":"product_brand","embeddable":true,"href":"https:\/\/xenonkungen.com\/no\/wp-json\/wp\/v2\/product_brand?post=5169"},{"taxonomy":"product_cat","embeddable":true,"href":"https:\/\/xenonkungen.com\/no\/wp-json\/wp\/v2\/product_cat?post=5169"},{"taxonomy":"product_tag","embeddable":true,"href":"https:\/\/xenonkungen.com\/no\/wp-json\/wp\/v2\/product_tag?post=5169"}],"curies":[{"name":"wp","href":"https:\/\/api.w.org\/{rel}","templated":true}]}}