{"id":5300,"date":"2025-04-15T09:26:33","date_gmt":"2025-04-15T09:26:33","guid":{"rendered":"https:\/\/xenonkungen.com\/product\/lazer-ledrampskit-land-rover-def-2020-2x-triple-r-750-elite\/"},"modified":"2026-04-24T17:26:25","modified_gmt":"2026-04-24T16:26:25","slug":"laser-led-rampesett-land-rover-def-2020-2x-triple-r-750-elite","status":"publish","type":"product","link":"https:\/\/xenonkungen.com\/no\/produkt\/laser-led-rampesett-land-rover-def-2020-2x-triple-r-750-elite\/","title":{"rendered":"Lazer Ledrampesett Land Rover Def 2020+ 2x Triple-R 750 Elite"},"content":{"rendered":"<h1>Lazers LED Ramp Kit for Land Rover Def 2020+ - Perfekt belysning for din bilmodell<\/h1>\n<p><strong>Lazer Triple-R 750 Elite Grilleintegreringssett for Land Rover Defender (fra 2020)<\/strong><\/p>\n<p>Oppgrader din Land Rover Defender (modell\u00e5r 2020 og fremover) med Lazer Triple-R 750 Elite Grille Integration Kit, skreddersydd for installasjon av ekstra LED-kj\u00f8relys i OE-kvalitet. Settet inneholder spesialdesignede monteringsbraketter for rask og enkel montering av Lazer Triple-R 750 Elite High Performance LED-spotlights direkte i frontgrillen. Settet er designet for \u00e5 passe s\u00f8ml\u00f8st inn i bilens originale stil, noe som sikrer et robust og sikkert lysoppsett med ekstra beskyttelse mot tyveri.<\/p>\n<p>Settet inneholder et par Triple-R 750 Elite High Performance LED-kj\u00f8relys, komplett med ledningsnett. De fire presisjonslagede brakettene passer perfekt til bilens standard nedre grill, og er forsterket med selvgjengende, tyverisikre skruer. Brakettene er laget av et komposittmateriale som er kjent for sin styrke og UV-stabilitet, og de er fullstendig v\u00e6rbestandige og kjemikaliebestandige, slik at installasjonen din holder seg i topp stand \u00e5r etter \u00e5r.<\/p>\n<p>Et sett med skj\u00e6reveiledninger f\u00f8lger ogs\u00e5 med for \u00e5 lette monteringen og sikre perfekt passform hver gang.<\/p>","protected":false},"excerpt":{"rendered":"<p>Lazers LED-rampskit f\u00f6r Land Rover Def 2020+ &#8211; Perfekt belysning f\u00f6r din bilmodell Lazer Triple-R 750 Elite Grille Integrationssats f\u00f6r Land Rover Defender (fr\u00e5n 2020) Uppgradera din Land Rover Defender (modell\u00e5r 2020 och fram\u00e5t) med Lazer Triple-R 750 Elite Grille Integrationssats, skr\u00e4ddarsydd f\u00f6r OE-kvalitetsinstallation av extra LED-k\u00f6rstr\u00e5lkastare. Denna sats inkluderar specialdesignade monteringsf\u00e4sten f\u00f6r en snabb [&hellip;]<\/p>","protected":false},"featured_media":5301,"comment_status":"closed","ping_status":"open","template":"","meta":{"_acf_changed":false,"_smort_price_nok":"12283","_smort_price_dkk":"7803","_smort_price_eur":"1045.41","_smort_sale_price_nok":"","_smort_sale_price_dkk":"","_smort_sale_price_eur":"","smort_restorder":"","shipmondo_restorder":"","_kad_blocks_custom_css":"","_kad_blocks_head_custom_js":"","_kad_blocks_body_custom_js":"","_kad_blocks_footer_custom_js":"","smort_custom_pricelist_1":"7360","smort_custom_pricelist_2":"7360","smort_custom_pricelist_3":"7360","smort_custom_pricelist_4":"9200","smort_custom_pricelist_5":"7360"},"anvandningsomrade":[],"bilmarken":[],"product_brand":[1124],"product_cat":[2539,2596,1916],"product_tag":[2735],"class_list":{"0":"post-5300","1":"product","2":"type-product","3":"status-publish","4":"has-post-thumbnail","6":"product_brand-lazer","7":"product_cat-ledramper","8":"product_cat-paket","9":"product_cat-ledrampspaket","10":"product_tag-lazer","11":"pa_fargtemperatur-5000k","12":"pa_godkannande-e-godkand-r112","13":"pa_led-chips-effekt-w-1616","14":"pa_stromforbrukning-72a144v","15":"pa_volt-v-multivolt-10-12-16-18-24-28-30-32","17":"first","18":"instock","19":"taxable","20":"shipping-taxable","21":"purchasable","22":"product-type-simple"},"bundled_by":[],"bundle_stock_status":"instock","bundle_stock_quantity":1,"bundle_virtual":false,"bundle_layout":"","bundle_add_to_cart_form_location":"","bundle_editable_in_cart":false,"bundle_sold_individually_context":"","bundle_item_grouping":"","bundle_min_size":"","bundle_max_size":"","bundle_price":[],"bundled_items":[],"bundle_sell_ids":[],"acf":[],"yoast_head":"<!-- This site is optimized with the Yoast SEO plugin v27.0 - https:\/\/yoast.com\/product\/yoast-seo-wordpress\/ -->\n<title>Lazer Ledrampskit Land Rover Def 2020+ 2x Triple-R 750 Elite - Xenonkungen<\/title>\n<meta name=\"robots\" content=\"index, follow, max-snippet:-1, max-image-preview:large, max-video-preview:-1\" \/>\n<link rel=\"canonical\" href=\"https:\/\/xenonkungen.com\/no\/produkt\/laser-led-rampesett-land-rover-def-2020-2x-triple-r-750-elite\/\" \/>\n<meta property=\"og:locale\" content=\"nb_NO\" \/>\n<meta property=\"og:type\" content=\"article\" \/>\n<meta property=\"og:title\" content=\"Lazer Ledrampskit Land Rover Def 2020+ 2x Triple-R 750 Elite - Xenonkungen\" \/>\n<meta property=\"og:description\" content=\"Lazers LED-rampskit f\u00f6r Land Rover Def 2020+ &#8211; Perfekt belysning f\u00f6r din bilmodell Lazer Triple-R 750 Elite Grille Integrationssats f\u00f6r Land Rover Defender (fr\u00e5n 2020) Uppgradera din Land Rover Defender (modell\u00e5r 2020 och fram\u00e5t) med Lazer Triple-R 750 Elite Grille Integrationssats, skr\u00e4ddarsydd f\u00f6r OE-kvalitetsinstallation av extra LED-k\u00f6rstr\u00e5lkastare. Denna sats inkluderar specialdesignade monteringsf\u00e4sten f\u00f6r en snabb [&hellip;]\" \/>\n<meta property=\"og:url\" content=\"https:\/\/xenonkungen.com\/no\/produkt\/laser-led-rampesett-land-rover-def-2020-2x-triple-r-750-elite\/\" \/>\n<meta property=\"og:site_name\" content=\"Xenonkungen\" \/>\n<meta property=\"article:modified_time\" content=\"2026-04-24T16:26:25+00:00\" \/>\n<meta property=\"og:image\" content=\"https:\/\/xenonkungen.com\/wp-content\/uploads\/2025\/04\/159500_itemimage_mainfront.jpg\" \/>\n\t<meta property=\"og:image:width\" content=\"2048\" \/>\n\t<meta property=\"og:image:height\" content=\"1537\" \/>\n\t<meta property=\"og:image:type\" content=\"image\/jpeg\" \/>\n<meta name=\"twitter:card\" content=\"summary_large_image\" \/>\n<meta name=\"twitter:label1\" content=\"Ansl. lesetid\" \/>\n\t<meta name=\"twitter:data1\" content=\"1 minutt\" \/>\n<script type=\"application\/ld+json\" class=\"yoast-schema-graph\">{\"@context\":\"https:\/\/schema.org\",\"@graph\":[{\"@type\":\"WebPage\",\"@id\":\"https:\/\/xenonkungen.com\/no\/produkt\/laser-led-rampesett-land-rover-def-2020-2x-triple-r-750-elite\/\",\"url\":\"https:\/\/xenonkungen.com\/no\/produkt\/laser-led-rampesett-land-rover-def-2020-2x-triple-r-750-elite\/\",\"name\":\"Lazer Ledrampskit Land Rover Def 2020+ 2x Triple-R 750 Elite - Xenonkungen\",\"isPartOf\":{\"@id\":\"https:\/\/xenonkungen.com\/#website\"},\"primaryImageOfPage\":{\"@id\":\"https:\/\/xenonkungen.com\/no\/produkt\/laser-led-rampesett-land-rover-def-2020-2x-triple-r-750-elite\/#primaryimage\"},\"image\":{\"@id\":\"https:\/\/xenonkungen.com\/no\/produkt\/laser-led-rampesett-land-rover-def-2020-2x-triple-r-750-elite\/#primaryimage\"},\"thumbnailUrl\":\"https:\/\/xenonkungen.com\/wp-content\/uploads\/2025\/04\/159500_itemimage_mainfront.jpg\",\"datePublished\":\"2025-04-15T09:26:33+00:00\",\"dateModified\":\"2026-04-24T16:26:25+00:00\",\"breadcrumb\":{\"@id\":\"https:\/\/xenonkungen.com\/no\/produkt\/laser-led-rampesett-land-rover-def-2020-2x-triple-r-750-elite\/#breadcrumb\"},\"inLanguage\":\"nb-NO\",\"potentialAction\":[{\"@type\":\"ReadAction\",\"target\":[\"https:\/\/xenonkungen.com\/no\/produkt\/laser-led-rampesett-land-rover-def-2020-2x-triple-r-750-elite\/\"]}]},{\"@type\":\"ImageObject\",\"inLanguage\":\"nb-NO\",\"@id\":\"https:\/\/xenonkungen.com\/no\/produkt\/laser-led-rampesett-land-rover-def-2020-2x-triple-r-750-elite\/#primaryimage\",\"url\":\"https:\/\/xenonkungen.com\/wp-content\/uploads\/2025\/04\/159500_itemimage_mainfront.jpg\",\"contentUrl\":\"https:\/\/xenonkungen.com\/wp-content\/uploads\/2025\/04\/159500_itemimage_mainfront.jpg\",\"width\":2048,\"height\":1537},{\"@type\":\"BreadcrumbList\",\"@id\":\"https:\/\/xenonkungen.com\/no\/produkt\/laser-led-rampesett-land-rover-def-2020-2x-triple-r-750-elite\/#breadcrumb\",\"itemListElement\":[{\"@type\":\"ListItem\",\"position\":1,\"name\":\"Hem\",\"item\":\"https:\/\/xenonkungen.com\/\"},{\"@type\":\"ListItem\",\"position\":2,\"name\":\"Shop\",\"item\":\"https:\/\/xenonkungen.com\/shop\/\"},{\"@type\":\"ListItem\",\"position\":3,\"name\":\"Lazer Ledrampskit Land Rover Def 2020+ 2x Triple-R 750 Elite\"}]},{\"@type\":\"WebSite\",\"@id\":\"https:\/\/xenonkungen.com\/#website\",\"url\":\"https:\/\/xenonkungen.com\/\",\"name\":\"Xenonkungen\",\"description\":\"\",\"potentialAction\":[{\"@type\":\"SearchAction\",\"target\":{\"@type\":\"EntryPoint\",\"urlTemplate\":\"https:\/\/xenonkungen.com\/?s={search_term_string}\"},\"query-input\":{\"@type\":\"PropertyValueSpecification\",\"valueRequired\":true,\"valueName\":\"search_term_string\"}}],\"inLanguage\":\"nb-NO\"}]}<\/script>\n<!-- \/ Yoast SEO plugin. -->","yoast_head_json":{"title":"Lazer LED-rampesett Land Rover Def 2020+ 2x Triple-R 750 Elite - Xenon-kongen","robots":{"index":"index","follow":"follow","max-snippet":"max-snippet:-1","max-image-preview":"max-image-preview:large","max-video-preview":"max-video-preview:-1"},"canonical":"https:\/\/xenonkungen.com\/no\/produkt\/laser-led-rampesett-land-rover-def-2020-2x-triple-r-750-elite\/","og_locale":"nb_NO","og_type":"article","og_title":"Lazer Ledrampskit Land Rover Def 2020+ 2x Triple-R 750 Elite - Xenonkungen","og_description":"Lazers LED-rampskit f\u00f6r Land Rover Def 2020+ &#8211; Perfekt belysning f\u00f6r din bilmodell Lazer Triple-R 750 Elite Grille Integrationssats f\u00f6r Land Rover Defender (fr\u00e5n 2020) Uppgradera din Land Rover Defender (modell\u00e5r 2020 och fram\u00e5t) med Lazer Triple-R 750 Elite Grille Integrationssats, skr\u00e4ddarsydd f\u00f6r OE-kvalitetsinstallation av extra LED-k\u00f6rstr\u00e5lkastare. Denna sats inkluderar specialdesignade monteringsf\u00e4sten f\u00f6r en snabb [&hellip;]","og_url":"https:\/\/xenonkungen.com\/no\/produkt\/laser-led-rampesett-land-rover-def-2020-2x-triple-r-750-elite\/","og_site_name":"Xenonkungen","article_modified_time":"2026-04-24T16:26:25+00:00","og_image":[{"width":2048,"height":1537,"url":"https:\/\/xenonkungen.com\/wp-content\/uploads\/2025\/04\/159500_itemimage_mainfront.jpg","type":"image\/jpeg"}],"twitter_card":"summary_large_image","twitter_misc":{"Ansl. lesetid":"1 minutt"},"schema":{"@context":"https:\/\/schema.org","@graph":[{"@type":"WebPage","@id":"https:\/\/xenonkungen.com\/no\/produkt\/laser-led-rampesett-land-rover-def-2020-2x-triple-r-750-elite\/","url":"https:\/\/xenonkungen.com\/no\/produkt\/laser-led-rampesett-land-rover-def-2020-2x-triple-r-750-elite\/","name":"Lazer LED-rampesett Land Rover Def 2020+ 2x Triple-R 750 Elite - Xenon-kongen","isPartOf":{"@id":"https:\/\/xenonkungen.com\/#website"},"primaryImageOfPage":{"@id":"https:\/\/xenonkungen.com\/no\/produkt\/laser-led-rampesett-land-rover-def-2020-2x-triple-r-750-elite\/#primaryimage"},"image":{"@id":"https:\/\/xenonkungen.com\/no\/produkt\/laser-led-rampesett-land-rover-def-2020-2x-triple-r-750-elite\/#primaryimage"},"thumbnailUrl":"https:\/\/xenonkungen.com\/wp-content\/uploads\/2025\/04\/159500_itemimage_mainfront.jpg","datePublished":"2025-04-15T09:26:33+00:00","dateModified":"2026-04-24T16:26:25+00:00","breadcrumb":{"@id":"https:\/\/xenonkungen.com\/no\/produkt\/laser-led-rampesett-land-rover-def-2020-2x-triple-r-750-elite\/#breadcrumb"},"inLanguage":"nb-NO","potentialAction":[{"@type":"ReadAction","target":["https:\/\/xenonkungen.com\/no\/produkt\/laser-led-rampesett-land-rover-def-2020-2x-triple-r-750-elite\/"]}]},{"@type":"ImageObject","inLanguage":"nb-NO","@id":"https:\/\/xenonkungen.com\/no\/produkt\/laser-led-rampesett-land-rover-def-2020-2x-triple-r-750-elite\/#primaryimage","url":"https:\/\/xenonkungen.com\/wp-content\/uploads\/2025\/04\/159500_itemimage_mainfront.jpg","contentUrl":"https:\/\/xenonkungen.com\/wp-content\/uploads\/2025\/04\/159500_itemimage_mainfront.jpg","width":2048,"height":1537},{"@type":"BreadcrumbList","@id":"https:\/\/xenonkungen.com\/no\/produkt\/laser-led-rampesett-land-rover-def-2020-2x-triple-r-750-elite\/#breadcrumb","itemListElement":[{"@type":"ListItem","position":1,"name":"Hem","item":"https:\/\/xenonkungen.com\/"},{"@type":"ListItem","position":2,"name":"Shop","item":"https:\/\/xenonkungen.com\/shop\/"},{"@type":"ListItem","position":3,"name":"Lazer Ledrampskit Land Rover Def 2020+ 2x Triple-R 750 Elite"}]},{"@type":"WebSite","@id":"https:\/\/xenonkungen.com\/#website","url":"https:\/\/xenonkungen.com\/","name":"Xenonkungen","description":"","potentialAction":[{"@type":"SearchAction","target":{"@type":"EntryPoint","urlTemplate":"https:\/\/xenonkungen.com\/?s={search_term_string}"},"query-input":{"@type":"PropertyValueSpecification","valueRequired":true,"valueName":"search_term_string"}}],"inLanguage":"nb-NO"}]}},"taxonomy_info":{"product_brand":[{"value":1124,"label":"Lazer"}],"product_cat":[{"value":2539,"label":"LEDRAMPER"},{"value":2596,"label":"Paket"},{"value":1916,"label":"Ledrampspaket"}],"product_tag":[{"value":2735,"label":"Lazer"}],"pa_fargtemperatur":[{"value":154,"label":"5000K"}],"pa_godkannande":[{"value":1614,"label":"E-Godk\u00e4nd, R112"}],"pa_led-chips-effekt-w":[{"value":1616,"label":"104"}],"pa_stromforbrukning":[{"value":1617,"label":"7,2A@14,4V"}],"pa_volt-v":[{"value":1084,"label":"Multivolt, 10, 12, 16, 18, 24, 28, 30, 32"}]},"featured_image_src_large":["https:\/\/xenonkungen.com\/wp-content\/uploads\/2025\/04\/159500_itemimage_mainfront-1024x769.jpg",1024,769,true],"author_info":[],"comment_info":0,"_links":{"self":[{"href":"https:\/\/xenonkungen.com\/no\/wp-json\/wp\/v2\/product\/5300","targetHints":{"allow":["GET"]}}],"collection":[{"href":"https:\/\/xenonkungen.com\/no\/wp-json\/wp\/v2\/product"}],"about":[{"href":"https:\/\/xenonkungen.com\/no\/wp-json\/wp\/v2\/types\/product"}],"replies":[{"embeddable":true,"href":"https:\/\/xenonkungen.com\/no\/wp-json\/wp\/v2\/comments?post=5300"}],"wp:featuredmedia":[{"embeddable":true,"href":"https:\/\/xenonkungen.com\/no\/wp-json\/wp\/v2\/media\/5301"}],"wp:attachment":[{"href":"https:\/\/xenonkungen.com\/no\/wp-json\/wp\/v2\/media?parent=5300"}],"wp:term":[{"taxonomy":"anvandningsomrade","embeddable":true,"href":"https:\/\/xenonkungen.com\/no\/wp-json\/wp\/v2\/anvandningsomrade?post=5300"},{"taxonomy":"bilmarken","embeddable":true,"href":"https:\/\/xenonkungen.com\/no\/wp-json\/wp\/v2\/bilmarken?post=5300"},{"taxonomy":"product_brand","embeddable":true,"href":"https:\/\/xenonkungen.com\/no\/wp-json\/wp\/v2\/product_brand?post=5300"},{"taxonomy":"product_cat","embeddable":true,"href":"https:\/\/xenonkungen.com\/no\/wp-json\/wp\/v2\/product_cat?post=5300"},{"taxonomy":"product_tag","embeddable":true,"href":"https:\/\/xenonkungen.com\/no\/wp-json\/wp\/v2\/product_tag?post=5300"}],"curies":[{"name":"wp","href":"https:\/\/api.w.org\/{rel}","templated":true}]}}