{"id":5435,"date":"2025-04-15T09:29:56","date_gmt":"2025-04-15T09:29:56","guid":{"rendered":"https:\/\/xenonkungen.com\/product\/lazer-monteringssats-toyota-hilux-2021-linear-6\/"},"modified":"2026-04-11T01:08:46","modified_gmt":"2026-04-11T00:08:46","slug":"laser-monteringssett-toyota-hilux-2021-lineaer-6","status":"publish","type":"product","link":"https:\/\/xenonkungen.com\/no\/produkt\/laser-monteringssett-toyota-hilux-2021-lineaer-6\/","title":{"rendered":"Lazer monteringssett Toyota Hilux 2021+ (Linear 6)"},"content":{"rendered":"<h1>Monteringssett for Lazer-lyktestenger: Perfekt passform for ditt kj\u00f8ret\u00f8y<\/h1>\n<p>Utforsk v\u00e5rt utvalg av monteringssett for Lazer-lyktestenger og finn den optimale l\u00f8sningen for ditt kj\u00f8ret\u00f8y. Ved \u00e5 lese av delenummeret kan du se hvilke lyktestenger som er tilgjengelige og hvilke bilmodeller monteringssettet passer til.<\/p>\n<h2>Produktspesifikasjoner:<\/h2>\n<ul>\n<li>Monteringssett tilpasset for Lazer-lysbjelker<\/li>\n<li>Kompatibel med ulike bilmodeller for enkel installasjon<\/li>\n<li>Materialer av h\u00f8y kvalitet for holdbarhet og stabilitet<\/li>\n<\/ul>\n<p>Utforsk v\u00e5rt brede utvalg av monteringssett for Lazer-lyktestenger og f\u00e5 en perfekt passform for ditt kj\u00f8ret\u00f8y. Med skreddersydde l\u00f8sninger og enkel montering kan du maksimere ytelsen og sikkerheten med Lazer-lyktestengene dine.<\/p>","protected":false},"excerpt":{"rendered":"<p>Monteringssatser till Lazer ljusramper: Perfekt passform f\u00f6r ditt fordon Utforska v\u00e5rt sortiment av monteringssatser till Lazer ljusramper och hitta den optimala l\u00f6sningen f\u00f6r ditt fordon. Genom att enkelt avl\u00e4sa artikelnumret kan du se vilka ljusramper som \u00e4r tillg\u00e4ngliga och vilka bilmodeller som monteringssatsen passar till. Produktspecifikationer: Monteringssatser skr\u00e4ddarsydda f\u00f6r Lazer ljusramper Kompatibla med olika bilmodeller [&hellip;]<\/p>","protected":false},"featured_media":5436,"comment_status":"closed","ping_status":"open","template":"","meta":{"_acf_changed":false,"_smort_price_nok":"1602","_smort_price_dkk":"1018","_smort_price_eur":"136.36","_smort_sale_price_nok":"","_smort_sale_price_dkk":"","_smort_sale_price_eur":"","smort_restorder":"","shipmondo_restorder":"","_kad_blocks_custom_css":"","_kad_blocks_head_custom_js":"","_kad_blocks_body_custom_js":"","_kad_blocks_footer_custom_js":"","smort_custom_pricelist_1":"960","smort_custom_pricelist_2":"960","smort_custom_pricelist_3":"960","smort_custom_pricelist_4":"1200","smort_custom_pricelist_5":"960"},"anvandningsomrade":[],"bilmarken":[],"product_brand":[1124],"product_cat":[2539,2596],"product_tag":[2735],"class_list":{"0":"post-5435","1":"product","2":"type-product","3":"status-publish","4":"has-post-thumbnail","6":"product_brand-lazer","7":"product_cat-ledramper","8":"product_cat-paket","9":"product_tag-lazer","11":"first","12":"onbackorder","13":"taxable","14":"shipping-taxable","15":"purchasable","16":"product-type-simple"},"bundled_by":[],"bundle_stock_status":"onbackorder","bundle_stock_quantity":0,"bundle_virtual":false,"bundle_layout":"","bundle_add_to_cart_form_location":"","bundle_editable_in_cart":false,"bundle_sold_individually_context":"","bundle_item_grouping":"","bundle_min_size":"","bundle_max_size":"","bundle_price":[],"bundled_items":[],"bundle_sell_ids":[],"acf":[],"yoast_head":"<!-- This site is optimized with the Yoast SEO plugin v27.0 - https:\/\/yoast.com\/product\/yoast-seo-wordpress\/ -->\n<title>Lazer Monteringssats Toyota Hilux 2021+ (Linear 6) - Xenonkungen<\/title>\n<meta name=\"robots\" content=\"index, follow, max-snippet:-1, max-image-preview:large, max-video-preview:-1\" \/>\n<link rel=\"canonical\" href=\"https:\/\/xenonkungen.com\/no\/produkt\/laser-monteringssett-toyota-hilux-2021-lineaer-6\/\" \/>\n<meta property=\"og:locale\" content=\"nb_NO\" \/>\n<meta property=\"og:type\" content=\"article\" \/>\n<meta property=\"og:title\" content=\"Lazer Monteringssats Toyota Hilux 2021+ (Linear 6) - Xenonkungen\" \/>\n<meta property=\"og:description\" content=\"Monteringssatser till Lazer ljusramper: Perfekt passform f\u00f6r ditt fordon Utforska v\u00e5rt sortiment av monteringssatser till Lazer ljusramper och hitta den optimala l\u00f6sningen f\u00f6r ditt fordon. Genom att enkelt avl\u00e4sa artikelnumret kan du se vilka ljusramper som \u00e4r tillg\u00e4ngliga och vilka bilmodeller som monteringssatsen passar till. Produktspecifikationer: Monteringssatser skr\u00e4ddarsydda f\u00f6r Lazer ljusramper Kompatibla med olika bilmodeller [&hellip;]\" \/>\n<meta property=\"og:url\" content=\"https:\/\/xenonkungen.com\/no\/produkt\/laser-monteringssett-toyota-hilux-2021-lineaer-6\/\" \/>\n<meta property=\"og:site_name\" content=\"Xenonkungen\" \/>\n<meta property=\"article:modified_time\" content=\"2026-04-11T00:08:46+00:00\" \/>\n<meta property=\"og:image\" content=\"https:\/\/xenonkungen.com\/wp-content\/uploads\/2025\/04\/159548_itemimage_mainfront.jpg\" \/>\n\t<meta property=\"og:image:width\" content=\"2048\" \/>\n\t<meta property=\"og:image:height\" content=\"1537\" \/>\n\t<meta property=\"og:image:type\" content=\"image\/jpeg\" \/>\n<meta name=\"twitter:card\" content=\"summary_large_image\" \/>\n<meta name=\"twitter:label1\" content=\"Ansl. lesetid\" \/>\n\t<meta name=\"twitter:data1\" content=\"1 minutt\" \/>\n<script type=\"application\/ld+json\" class=\"yoast-schema-graph\">{\"@context\":\"https:\/\/schema.org\",\"@graph\":[{\"@type\":\"WebPage\",\"@id\":\"https:\/\/xenonkungen.com\/produkt\/lazer-monteringssats-toyota-hilux-2021-linear-6\/\",\"url\":\"https:\/\/xenonkungen.com\/produkt\/lazer-monteringssats-toyota-hilux-2021-linear-6\/\",\"name\":\"Lazer Monteringssats Toyota Hilux 2021+ (Linear 6) - Xenonkungen\",\"isPartOf\":{\"@id\":\"https:\/\/xenonkungen.com\/#website\"},\"primaryImageOfPage\":{\"@id\":\"https:\/\/xenonkungen.com\/produkt\/lazer-monteringssats-toyota-hilux-2021-linear-6\/#primaryimage\"},\"image\":{\"@id\":\"https:\/\/xenonkungen.com\/produkt\/lazer-monteringssats-toyota-hilux-2021-linear-6\/#primaryimage\"},\"thumbnailUrl\":\"https:\/\/xenonkungen.com\/wp-content\/uploads\/2025\/04\/159548_itemimage_mainfront.jpg\",\"datePublished\":\"2025-04-15T09:29:56+00:00\",\"dateModified\":\"2026-04-11T00:08:46+00:00\",\"breadcrumb\":{\"@id\":\"https:\/\/xenonkungen.com\/produkt\/lazer-monteringssats-toyota-hilux-2021-linear-6\/#breadcrumb\"},\"inLanguage\":\"nb-NO\",\"potentialAction\":[{\"@type\":\"ReadAction\",\"target\":[\"https:\/\/xenonkungen.com\/produkt\/lazer-monteringssats-toyota-hilux-2021-linear-6\/\"]}]},{\"@type\":\"ImageObject\",\"inLanguage\":\"nb-NO\",\"@id\":\"https:\/\/xenonkungen.com\/produkt\/lazer-monteringssats-toyota-hilux-2021-linear-6\/#primaryimage\",\"url\":\"https:\/\/xenonkungen.com\/wp-content\/uploads\/2025\/04\/159548_itemimage_mainfront.jpg\",\"contentUrl\":\"https:\/\/xenonkungen.com\/wp-content\/uploads\/2025\/04\/159548_itemimage_mainfront.jpg\",\"width\":2048,\"height\":1537},{\"@type\":\"BreadcrumbList\",\"@id\":\"https:\/\/xenonkungen.com\/produkt\/lazer-monteringssats-toyota-hilux-2021-linear-6\/#breadcrumb\",\"itemListElement\":[{\"@type\":\"ListItem\",\"position\":1,\"name\":\"Hem\",\"item\":\"https:\/\/xenonkungen.com\/\"},{\"@type\":\"ListItem\",\"position\":2,\"name\":\"Shop\",\"item\":\"https:\/\/xenonkungen.com\/shop\/\"},{\"@type\":\"ListItem\",\"position\":3,\"name\":\"Lazer Monteringssats Toyota Hilux 2021+ (Linear 6)\"}]},{\"@type\":\"WebSite\",\"@id\":\"https:\/\/xenonkungen.com\/#website\",\"url\":\"https:\/\/xenonkungen.com\/\",\"name\":\"Xenonkungen\",\"description\":\"\",\"potentialAction\":[{\"@type\":\"SearchAction\",\"target\":{\"@type\":\"EntryPoint\",\"urlTemplate\":\"https:\/\/xenonkungen.com\/?s={search_term_string}\"},\"query-input\":{\"@type\":\"PropertyValueSpecification\",\"valueRequired\":true,\"valueName\":\"search_term_string\"}}],\"inLanguage\":\"nb-NO\"}]}<\/script>\n<!-- \/ Yoast SEO plugin. -->","yoast_head_json":{"title":"Lazer monteringssett Toyota Hilux 2021+ (Linear 6) - Xenon-kongen","robots":{"index":"index","follow":"follow","max-snippet":"max-snippet:-1","max-image-preview":"max-image-preview:large","max-video-preview":"max-video-preview:-1"},"canonical":"https:\/\/xenonkungen.com\/no\/produkt\/laser-monteringssett-toyota-hilux-2021-lineaer-6\/","og_locale":"nb_NO","og_type":"article","og_title":"Lazer Monteringssats Toyota Hilux 2021+ (Linear 6) - Xenonkungen","og_description":"Monteringssatser till Lazer ljusramper: Perfekt passform f\u00f6r ditt fordon Utforska v\u00e5rt sortiment av monteringssatser till Lazer ljusramper och hitta den optimala l\u00f6sningen f\u00f6r ditt fordon. Genom att enkelt avl\u00e4sa artikelnumret kan du se vilka ljusramper som \u00e4r tillg\u00e4ngliga och vilka bilmodeller som monteringssatsen passar till. Produktspecifikationer: Monteringssatser skr\u00e4ddarsydda f\u00f6r Lazer ljusramper Kompatibla med olika bilmodeller [&hellip;]","og_url":"https:\/\/xenonkungen.com\/no\/produkt\/laser-monteringssett-toyota-hilux-2021-lineaer-6\/","og_site_name":"Xenonkungen","article_modified_time":"2026-04-11T00:08:46+00:00","og_image":[{"width":2048,"height":1537,"url":"https:\/\/xenonkungen.com\/wp-content\/uploads\/2025\/04\/159548_itemimage_mainfront.jpg","type":"image\/jpeg"}],"twitter_card":"summary_large_image","twitter_misc":{"Ansl. lesetid":"1 minutt"},"schema":{"@context":"https:\/\/schema.org","@graph":[{"@type":"WebPage","@id":"https:\/\/xenonkungen.com\/produkt\/lazer-monteringssats-toyota-hilux-2021-linear-6\/","url":"https:\/\/xenonkungen.com\/produkt\/lazer-monteringssats-toyota-hilux-2021-linear-6\/","name":"Lazer monteringssett Toyota Hilux 2021+ (Linear 6) - Xenon-kongen","isPartOf":{"@id":"https:\/\/xenonkungen.com\/#website"},"primaryImageOfPage":{"@id":"https:\/\/xenonkungen.com\/produkt\/lazer-monteringssats-toyota-hilux-2021-linear-6\/#primaryimage"},"image":{"@id":"https:\/\/xenonkungen.com\/produkt\/lazer-monteringssats-toyota-hilux-2021-linear-6\/#primaryimage"},"thumbnailUrl":"https:\/\/xenonkungen.com\/wp-content\/uploads\/2025\/04\/159548_itemimage_mainfront.jpg","datePublished":"2025-04-15T09:29:56+00:00","dateModified":"2026-04-11T00:08:46+00:00","breadcrumb":{"@id":"https:\/\/xenonkungen.com\/produkt\/lazer-monteringssats-toyota-hilux-2021-linear-6\/#breadcrumb"},"inLanguage":"nb-NO","potentialAction":[{"@type":"ReadAction","target":["https:\/\/xenonkungen.com\/produkt\/lazer-monteringssats-toyota-hilux-2021-linear-6\/"]}]},{"@type":"ImageObject","inLanguage":"nb-NO","@id":"https:\/\/xenonkungen.com\/produkt\/lazer-monteringssats-toyota-hilux-2021-linear-6\/#primaryimage","url":"https:\/\/xenonkungen.com\/wp-content\/uploads\/2025\/04\/159548_itemimage_mainfront.jpg","contentUrl":"https:\/\/xenonkungen.com\/wp-content\/uploads\/2025\/04\/159548_itemimage_mainfront.jpg","width":2048,"height":1537},{"@type":"BreadcrumbList","@id":"https:\/\/xenonkungen.com\/produkt\/lazer-monteringssats-toyota-hilux-2021-linear-6\/#breadcrumb","itemListElement":[{"@type":"ListItem","position":1,"name":"Hem","item":"https:\/\/xenonkungen.com\/"},{"@type":"ListItem","position":2,"name":"Shop","item":"https:\/\/xenonkungen.com\/shop\/"},{"@type":"ListItem","position":3,"name":"Lazer Monteringssats Toyota Hilux 2021+ (Linear 6)"}]},{"@type":"WebSite","@id":"https:\/\/xenonkungen.com\/#website","url":"https:\/\/xenonkungen.com\/","name":"Xenonkungen","description":"","potentialAction":[{"@type":"SearchAction","target":{"@type":"EntryPoint","urlTemplate":"https:\/\/xenonkungen.com\/?s={search_term_string}"},"query-input":{"@type":"PropertyValueSpecification","valueRequired":true,"valueName":"search_term_string"}}],"inLanguage":"nb-NO"}]}},"taxonomy_info":{"product_brand":[{"value":1124,"label":"Lazer"}],"product_cat":[{"value":2539,"label":"LEDRAMPER"},{"value":2596,"label":"Paket"}],"product_tag":[{"value":2735,"label":"Lazer"}]},"featured_image_src_large":["https:\/\/xenonkungen.com\/wp-content\/uploads\/2025\/04\/159548_itemimage_mainfront-1024x769.jpg",1024,769,true],"author_info":[],"comment_info":0,"_links":{"self":[{"href":"https:\/\/xenonkungen.com\/no\/wp-json\/wp\/v2\/product\/5435","targetHints":{"allow":["GET"]}}],"collection":[{"href":"https:\/\/xenonkungen.com\/no\/wp-json\/wp\/v2\/product"}],"about":[{"href":"https:\/\/xenonkungen.com\/no\/wp-json\/wp\/v2\/types\/product"}],"replies":[{"embeddable":true,"href":"https:\/\/xenonkungen.com\/no\/wp-json\/wp\/v2\/comments?post=5435"}],"wp:featuredmedia":[{"embeddable":true,"href":"https:\/\/xenonkungen.com\/no\/wp-json\/wp\/v2\/media\/5436"}],"wp:attachment":[{"href":"https:\/\/xenonkungen.com\/no\/wp-json\/wp\/v2\/media?parent=5435"}],"wp:term":[{"taxonomy":"anvandningsomrade","embeddable":true,"href":"https:\/\/xenonkungen.com\/no\/wp-json\/wp\/v2\/anvandningsomrade?post=5435"},{"taxonomy":"bilmarken","embeddable":true,"href":"https:\/\/xenonkungen.com\/no\/wp-json\/wp\/v2\/bilmarken?post=5435"},{"taxonomy":"product_brand","embeddable":true,"href":"https:\/\/xenonkungen.com\/no\/wp-json\/wp\/v2\/product_brand?post=5435"},{"taxonomy":"product_cat","embeddable":true,"href":"https:\/\/xenonkungen.com\/no\/wp-json\/wp\/v2\/product_cat?post=5435"},{"taxonomy":"product_tag","embeddable":true,"href":"https:\/\/xenonkungen.com\/no\/wp-json\/wp\/v2\/product_tag?post=5435"}],"curies":[{"name":"wp","href":"https:\/\/api.w.org\/{rel}","templated":true}]}}