{"id":5529,"date":"2025-04-15T09:31:26","date_gmt":"2025-04-15T09:31:26","guid":{"rendered":"https:\/\/xenonkungen.com\/product\/aspock-tail-lamp-full-led-l-europoint-iii-right\/"},"modified":"2026-04-24T17:46:39","modified_gmt":"2026-04-24T16:46:39","slug":"aspock-baklykt-full-led-l-europoint-iii-hoyre","status":"publish","type":"product","link":"https:\/\/xenonkungen.com\/no\/produkt\/aspock-baklykt-full-led-l-europoint-iii-hoyre\/","title":{"rendered":"Asp\u00f6ck baklykt Full Led l Europoint III h\u00f8yre"},"content":{"rendered":"<h1>Asp\u00f6ck Europoint III h\u00f8yre - Full LED-baklys<\/h1>\n<p><strong>Asp\u00f6ck Europoint III<\/strong> er en h\u00f8ytytende baklykt med den nyeste <strong>full LED-teknologi<\/strong>. Den er utviklet for \u00e5 gi maksimal sikkerhet, lang holdbarhet og et moderne lysbilde. Med sin <strong>ADR-autorisert<\/strong> er den ideell for tunge kj\u00f8ret\u00f8y og transport av farlig gods.<\/p>\n<h2>Funksjoner og fordeler<\/h2>\n<ul>\n<li><strong>Omfattende LED-teknologi<\/strong> som gir et sterkt og energieffektivt lys.<\/li>\n<li><strong>24 V-system<\/strong> tilpasset for lastebiler, tilhengere og andre tunge kj\u00f8ret\u00f8y.<\/li>\n<li><strong>7-pinners tilkobling<\/strong> for enkel og sikker installasjon.<\/li>\n<li><strong>ADR-godkjent<\/strong> og oppfyller alle krav til transport av farlig gods.<\/li>\n<li><strong>Moderne design<\/strong> som gir kj\u00f8ret\u00f8yet et rent og profesjonelt utseende.<\/li>\n<li><strong>Lang levetid<\/strong> takket v\u00e6re LED-lysets h\u00f8ye kvalitet og holdbarhet.<\/li>\n<\/ul>\n<h2>Kompatible OEM-numre<\/h2>\n<ul>\n<li><span>16084698<\/span><\/li>\n<li>257000707<\/li>\n<\/ul>\n<p>Asp\u00f6ck Europoint III er det perfekte valget for deg som er ute etter en <strong>p\u00e5litelig og moderne baklys<\/strong> med lang levetid og maksimal sikkerhet.<\/p>","protected":false},"excerpt":{"rendered":"<p>Asp\u00f6ck Europoint III H\u00f6ger \u2013 Helt\u00e4ckande LED-baklykta Asp\u00f6ck Europoint III \u00e4r en h\u00f6gpresterande baklykta med den senaste full LED-tekniken. Den \u00e4r utvecklad f\u00f6r att ge maximal s\u00e4kerhet, l\u00e5ng h\u00e5llbarhet och en modern ljusbild. Med sin ADR-godk\u00e4nda design \u00e4r den idealisk f\u00f6r tunga fordon och transport av farligt gods. Egenskaper och f\u00f6rdelar Helt\u00e4ckande LED-teknik som ger [&hellip;]<\/p>","protected":false},"featured_media":5530,"comment_status":"closed","ping_status":"open","template":"","meta":{"_acf_changed":false,"_smort_price_nok":"4801","_smort_price_dkk":"3050","_smort_price_eur":"408.62","_smort_sale_price_nok":"","_smort_sale_price_dkk":"","_smort_sale_price_eur":"","smort_restorder":"","shipmondo_restorder":"","_kad_blocks_custom_css":"","_kad_blocks_head_custom_js":"","_kad_blocks_body_custom_js":"","_kad_blocks_footer_custom_js":"","smort_custom_pricelist_1":"2876.8","smort_custom_pricelist_2":"2517.2","smort_custom_pricelist_3":"2517.2","smort_custom_pricelist_4":"3596","smort_custom_pricelist_5":"3596"},"anvandningsomrade":[166,238,2816],"bilmarken":[],"product_brand":[1649],"product_cat":[3052,3048,2552],"product_tag":[],"class_list":{"0":"post-5529","1":"product","2":"type-product","3":"status-publish","4":"has-post-thumbnail","6":"anvandningsomrade-lastbil","7":"anvandningsomrade-slap","8":"anvandningsomrade-trailer","9":"product_brand-aspock","10":"product_cat-bakljus-aspock","11":"product_cat-bakljus-kombination-rektangular","12":"product_cat-bakljus-slap","13":"pa_godkannande-adr-godkand","14":"pa_lampsockel-kontakt-7-polig-anslutning","15":"pa_volt-v-160","17":"first","18":"instock","19":"taxable","20":"shipping-taxable","21":"purchasable","22":"product-type-simple"},"bundled_by":[],"bundle_stock_status":"instock","bundle_stock_quantity":1,"bundle_virtual":false,"bundle_layout":"","bundle_add_to_cart_form_location":"","bundle_editable_in_cart":false,"bundle_sold_individually_context":"","bundle_item_grouping":"","bundle_min_size":"","bundle_max_size":"","bundle_price":[],"bundled_items":[],"bundle_sell_ids":[],"acf":[],"yoast_head":"<!-- This site is optimized with the Yoast SEO plugin v27.0 - https:\/\/yoast.com\/product\/yoast-seo-wordpress\/ -->\n<title>Asp\u00f6ck Tail Lamp Full Led l Europoint III Right - Xenonkungen<\/title>\n<meta name=\"robots\" content=\"index, follow, max-snippet:-1, max-image-preview:large, max-video-preview:-1\" \/>\n<link rel=\"canonical\" href=\"https:\/\/xenonkungen.com\/no\/produkt\/aspock-baklykt-full-led-l-europoint-iii-hoyre\/\" \/>\n<meta property=\"og:locale\" content=\"nb_NO\" \/>\n<meta property=\"og:type\" content=\"article\" \/>\n<meta property=\"og:title\" content=\"Asp\u00f6ck Tail Lamp Full Led l Europoint III Right - Xenonkungen\" \/>\n<meta property=\"og:description\" content=\"Asp\u00f6ck Europoint III H\u00f6ger \u2013 Helt\u00e4ckande LED-baklykta Asp\u00f6ck Europoint III \u00e4r en h\u00f6gpresterande baklykta med den senaste full LED-tekniken. Den \u00e4r utvecklad f\u00f6r att ge maximal s\u00e4kerhet, l\u00e5ng h\u00e5llbarhet och en modern ljusbild. Med sin ADR-godk\u00e4nda design \u00e4r den idealisk f\u00f6r tunga fordon och transport av farligt gods. Egenskaper och f\u00f6rdelar Helt\u00e4ckande LED-teknik som ger [&hellip;]\" \/>\n<meta property=\"og:url\" content=\"https:\/\/xenonkungen.com\/no\/produkt\/aspock-baklykt-full-led-l-europoint-iii-hoyre\/\" \/>\n<meta property=\"og:site_name\" content=\"Xenonkungen\" \/>\n<meta property=\"article:modified_time\" content=\"2026-04-24T16:46:39+00:00\" \/>\n<meta property=\"og:image\" content=\"https:\/\/xenonkungen.com\/wp-content\/uploads\/2025\/04\/217692747-origpic-6194f1.png\" \/>\n\t<meta property=\"og:image:width\" content=\"400\" \/>\n\t<meta property=\"og:image:height\" content=\"300\" \/>\n\t<meta property=\"og:image:type\" content=\"image\/png\" \/>\n<meta name=\"twitter:card\" content=\"summary_large_image\" \/>\n<meta name=\"twitter:label1\" content=\"Ansl. lesetid\" \/>\n\t<meta name=\"twitter:data1\" content=\"1 minutt\" \/>\n<script type=\"application\/ld+json\" class=\"yoast-schema-graph\">{\"@context\":\"https:\/\/schema.org\",\"@graph\":[{\"@type\":\"WebPage\",\"@id\":\"https:\/\/xenonkungen.com\/produkt\/aspock-tail-lamp-full-led-l-europoint-iii-right\/\",\"url\":\"https:\/\/xenonkungen.com\/produkt\/aspock-tail-lamp-full-led-l-europoint-iii-right\/\",\"name\":\"Asp\u00f6ck Tail Lamp Full Led l Europoint III Right - Xenonkungen\",\"isPartOf\":{\"@id\":\"https:\/\/xenonkungen.com\/#website\"},\"primaryImageOfPage\":{\"@id\":\"https:\/\/xenonkungen.com\/produkt\/aspock-tail-lamp-full-led-l-europoint-iii-right\/#primaryimage\"},\"image\":{\"@id\":\"https:\/\/xenonkungen.com\/produkt\/aspock-tail-lamp-full-led-l-europoint-iii-right\/#primaryimage\"},\"thumbnailUrl\":\"https:\/\/xenonkungen.com\/wp-content\/uploads\/2025\/04\/217692747-origpic-6194f1.png\",\"datePublished\":\"2025-04-15T09:31:26+00:00\",\"dateModified\":\"2026-04-24T16:46:39+00:00\",\"breadcrumb\":{\"@id\":\"https:\/\/xenonkungen.com\/produkt\/aspock-tail-lamp-full-led-l-europoint-iii-right\/#breadcrumb\"},\"inLanguage\":\"nb-NO\",\"potentialAction\":[{\"@type\":\"ReadAction\",\"target\":[\"https:\/\/xenonkungen.com\/produkt\/aspock-tail-lamp-full-led-l-europoint-iii-right\/\"]}]},{\"@type\":\"ImageObject\",\"inLanguage\":\"nb-NO\",\"@id\":\"https:\/\/xenonkungen.com\/produkt\/aspock-tail-lamp-full-led-l-europoint-iii-right\/#primaryimage\",\"url\":\"https:\/\/xenonkungen.com\/wp-content\/uploads\/2025\/04\/217692747-origpic-6194f1.png\",\"contentUrl\":\"https:\/\/xenonkungen.com\/wp-content\/uploads\/2025\/04\/217692747-origpic-6194f1.png\",\"width\":400,\"height\":300},{\"@type\":\"BreadcrumbList\",\"@id\":\"https:\/\/xenonkungen.com\/produkt\/aspock-tail-lamp-full-led-l-europoint-iii-right\/#breadcrumb\",\"itemListElement\":[{\"@type\":\"ListItem\",\"position\":1,\"name\":\"Hem\",\"item\":\"https:\/\/xenonkungen.com\/\"},{\"@type\":\"ListItem\",\"position\":2,\"name\":\"Shop\",\"item\":\"https:\/\/xenonkungen.com\/shop\/\"},{\"@type\":\"ListItem\",\"position\":3,\"name\":\"Asp\u00f6ck Tail Lamp Full Led l Europoint III Right\"}]},{\"@type\":\"WebSite\",\"@id\":\"https:\/\/xenonkungen.com\/#website\",\"url\":\"https:\/\/xenonkungen.com\/\",\"name\":\"Xenonkungen\",\"description\":\"\",\"potentialAction\":[{\"@type\":\"SearchAction\",\"target\":{\"@type\":\"EntryPoint\",\"urlTemplate\":\"https:\/\/xenonkungen.com\/?s={search_term_string}\"},\"query-input\":{\"@type\":\"PropertyValueSpecification\",\"valueRequired\":true,\"valueName\":\"search_term_string\"}}],\"inLanguage\":\"nb-NO\"}]}<\/script>\n<!-- \/ Yoast SEO plugin. -->","yoast_head_json":{"title":"Asp\u00f6ck Baklykt Full LED l Europoint III H\u00f8yre - Xenon king","robots":{"index":"index","follow":"follow","max-snippet":"max-snippet:-1","max-image-preview":"max-image-preview:large","max-video-preview":"max-video-preview:-1"},"canonical":"https:\/\/xenonkungen.com\/no\/produkt\/aspock-baklykt-full-led-l-europoint-iii-hoyre\/","og_locale":"nb_NO","og_type":"article","og_title":"Asp\u00f6ck Tail Lamp Full Led l Europoint III Right - Xenonkungen","og_description":"Asp\u00f6ck Europoint III H\u00f6ger \u2013 Helt\u00e4ckande LED-baklykta Asp\u00f6ck Europoint III \u00e4r en h\u00f6gpresterande baklykta med den senaste full LED-tekniken. Den \u00e4r utvecklad f\u00f6r att ge maximal s\u00e4kerhet, l\u00e5ng h\u00e5llbarhet och en modern ljusbild. Med sin ADR-godk\u00e4nda design \u00e4r den idealisk f\u00f6r tunga fordon och transport av farligt gods. Egenskaper och f\u00f6rdelar Helt\u00e4ckande LED-teknik som ger [&hellip;]","og_url":"https:\/\/xenonkungen.com\/no\/produkt\/aspock-baklykt-full-led-l-europoint-iii-hoyre\/","og_site_name":"Xenonkungen","article_modified_time":"2026-04-24T16:46:39+00:00","og_image":[{"width":400,"height":300,"url":"https:\/\/xenonkungen.com\/wp-content\/uploads\/2025\/04\/217692747-origpic-6194f1.png","type":"image\/png"}],"twitter_card":"summary_large_image","twitter_misc":{"Ansl. lesetid":"1 minutt"},"schema":{"@context":"https:\/\/schema.org","@graph":[{"@type":"WebPage","@id":"https:\/\/xenonkungen.com\/produkt\/aspock-tail-lamp-full-led-l-europoint-iii-right\/","url":"https:\/\/xenonkungen.com\/produkt\/aspock-tail-lamp-full-led-l-europoint-iii-right\/","name":"Asp\u00f6ck Baklykt Full LED l Europoint III H\u00f8yre - Xenon king","isPartOf":{"@id":"https:\/\/xenonkungen.com\/#website"},"primaryImageOfPage":{"@id":"https:\/\/xenonkungen.com\/produkt\/aspock-tail-lamp-full-led-l-europoint-iii-right\/#primaryimage"},"image":{"@id":"https:\/\/xenonkungen.com\/produkt\/aspock-tail-lamp-full-led-l-europoint-iii-right\/#primaryimage"},"thumbnailUrl":"https:\/\/xenonkungen.com\/wp-content\/uploads\/2025\/04\/217692747-origpic-6194f1.png","datePublished":"2025-04-15T09:31:26+00:00","dateModified":"2026-04-24T16:46:39+00:00","breadcrumb":{"@id":"https:\/\/xenonkungen.com\/produkt\/aspock-tail-lamp-full-led-l-europoint-iii-right\/#breadcrumb"},"inLanguage":"nb-NO","potentialAction":[{"@type":"ReadAction","target":["https:\/\/xenonkungen.com\/produkt\/aspock-tail-lamp-full-led-l-europoint-iii-right\/"]}]},{"@type":"ImageObject","inLanguage":"nb-NO","@id":"https:\/\/xenonkungen.com\/produkt\/aspock-tail-lamp-full-led-l-europoint-iii-right\/#primaryimage","url":"https:\/\/xenonkungen.com\/wp-content\/uploads\/2025\/04\/217692747-origpic-6194f1.png","contentUrl":"https:\/\/xenonkungen.com\/wp-content\/uploads\/2025\/04\/217692747-origpic-6194f1.png","width":400,"height":300},{"@type":"BreadcrumbList","@id":"https:\/\/xenonkungen.com\/produkt\/aspock-tail-lamp-full-led-l-europoint-iii-right\/#breadcrumb","itemListElement":[{"@type":"ListItem","position":1,"name":"Hem","item":"https:\/\/xenonkungen.com\/"},{"@type":"ListItem","position":2,"name":"Shop","item":"https:\/\/xenonkungen.com\/shop\/"},{"@type":"ListItem","position":3,"name":"Asp\u00f6ck Tail Lamp Full Led l Europoint III Right"}]},{"@type":"WebSite","@id":"https:\/\/xenonkungen.com\/#website","url":"https:\/\/xenonkungen.com\/","name":"Xenonkungen","description":"","potentialAction":[{"@type":"SearchAction","target":{"@type":"EntryPoint","urlTemplate":"https:\/\/xenonkungen.com\/?s={search_term_string}"},"query-input":{"@type":"PropertyValueSpecification","valueRequired":true,"valueName":"search_term_string"}}],"inLanguage":"nb-NO"}]}},"taxonomy_info":{"anvandningsomrade":[{"value":166,"label":"Lastbil"},{"value":238,"label":"SL\u00c4P"},{"value":2816,"label":"TRAILER"}],"product_brand":[{"value":1649,"label":"Asp\u00f6ck"}],"product_cat":[{"value":3052,"label":"Bakljus Asp\u00f6ck"},{"value":3048,"label":"Bakljus Kombination Rektangul\u00e4r"},{"value":2552,"label":"Bakljus"}],"pa_godkannande":[{"value":1587,"label":"ADR-godk\u00e4nd"}],"pa_lampsockel-kontakt":[{"value":1650,"label":"7-polig anslutning"}],"pa_volt-v":[{"value":160,"label":"24"}]},"featured_image_src_large":["https:\/\/xenonkungen.com\/wp-content\/uploads\/2025\/04\/217692747-origpic-6194f1.png",400,300,false],"author_info":[],"comment_info":0,"_links":{"self":[{"href":"https:\/\/xenonkungen.com\/no\/wp-json\/wp\/v2\/product\/5529","targetHints":{"allow":["GET"]}}],"collection":[{"href":"https:\/\/xenonkungen.com\/no\/wp-json\/wp\/v2\/product"}],"about":[{"href":"https:\/\/xenonkungen.com\/no\/wp-json\/wp\/v2\/types\/product"}],"replies":[{"embeddable":true,"href":"https:\/\/xenonkungen.com\/no\/wp-json\/wp\/v2\/comments?post=5529"}],"wp:featuredmedia":[{"embeddable":true,"href":"https:\/\/xenonkungen.com\/no\/wp-json\/wp\/v2\/media\/5530"}],"wp:attachment":[{"href":"https:\/\/xenonkungen.com\/no\/wp-json\/wp\/v2\/media?parent=5529"}],"wp:term":[{"taxonomy":"anvandningsomrade","embeddable":true,"href":"https:\/\/xenonkungen.com\/no\/wp-json\/wp\/v2\/anvandningsomrade?post=5529"},{"taxonomy":"bilmarken","embeddable":true,"href":"https:\/\/xenonkungen.com\/no\/wp-json\/wp\/v2\/bilmarken?post=5529"},{"taxonomy":"product_brand","embeddable":true,"href":"https:\/\/xenonkungen.com\/no\/wp-json\/wp\/v2\/product_brand?post=5529"},{"taxonomy":"product_cat","embeddable":true,"href":"https:\/\/xenonkungen.com\/no\/wp-json\/wp\/v2\/product_cat?post=5529"},{"taxonomy":"product_tag","embeddable":true,"href":"https:\/\/xenonkungen.com\/no\/wp-json\/wp\/v2\/product_tag?post=5529"}],"curies":[{"name":"wp","href":"https:\/\/api.w.org\/{rel}","templated":true}]}}