{"id":5707,"date":"2025-04-15T09:32:41","date_gmt":"2025-04-15T09:32:41","guid":{"rendered":"https:\/\/xenonkungen.com\/product\/v-sight-tron-9-dual-position-black\/"},"modified":"2026-04-24T17:49:41","modified_gmt":"2026-04-24T16:49:41","slug":"v-sikte-tron-9-dobbel-posisjon-svart","status":"publish","type":"product","link":"https:\/\/xenonkungen.com\/no\/produkt\/v-sikte-tron-9-dobbel-posisjon-svart\/","title":{"rendered":"V-SIGHT Tron 9\u2033 Dual position | Svart"},"content":{"rendered":"<h1 style=\"color: #333;\">V-SIGHT Tron 9\u2033 LED-hjelpelys med to posisjoner - svart<\/h1>\n<p>Dra ut p\u00e5 veien med <strong>V-SIGHT Tron 9\u2033 Dual Position LED utvendig belysning<\/strong> - et ekstralys som er designet for \u00e5 gi overlegen sikt og sikkerhet, uten \u00e5 g\u00e5 p\u00e5 kompromiss med stilen. Perfekt for deg som krever b\u00e5de ytelse og p\u00e5litelighet, uansett kj\u00f8reforhold.<\/p>\n<h2 style=\"color: #555;\">Egenskaper som skinner klarere<\/h2>\n<ul>\n<li><strong>9600 lumen lysstyrke:<\/strong> Krystallklar sikt selv under de mest krevende kj\u00f8reforholdene.<\/li>\n<li><strong>Rekkevidde p\u00e5 667 meter (1 lux):<\/strong> Perfekt for navigering p\u00e5 m\u00f8rke veier eller i uoversiktlig terreng.<\/li>\n<li><strong>Lys med to posisjoner:<\/strong> Tilpass belysningen for b\u00e5de funksjon og eleganse - med elegante lyseffekter rundt og mellom LED-lampene.<\/li>\n<li><strong>5000K fargetemperatur:<\/strong> Gir et naturlig lys som reduserer tretthet i \u00f8ynene og maksimerer kj\u00f8rekomforten.<\/li>\n<li><strong>Spenningsomr\u00e5de 9-36 V:<\/strong> Kompatibel med et bredt spekter av kj\u00f8ret\u00f8ytyper.<\/li>\n<li><strong>E-merket og lovlig:<\/strong> Autorisert i henhold til <strong>ECE R148\/R149\/R10<\/strong> for sikker bruk p\u00e5 veiene.<\/li>\n<\/ul>\n<h2 style=\"color: #555;\">Designet for \u00e5 levere i alle situasjoner<\/h2>\n<p><strong>V-SIGHT Tron 9\u2033<\/strong> kombinerer en elegant, robust design med et optimalisert lysm\u00f8nster som balanserer b\u00e5de bredde og lengde. Det gir deg best mulig sikt i alle milj\u00f8er - fra smale skogsveier til \u00e5pne landskap.<\/p>\n<h2 style=\"color: #555;\">To moduser for alle behov<\/h2>\n<ul>\n<li><strong>E-godkjent modus:<\/strong> For sikker og lovlig kj\u00f8ring i hverdagen.<\/li>\n<li><strong>E-boost-modus:<\/strong> Aktiver maksimal effekt n\u00e5r du trenger ekstra rekkevidde og ytelse, opptil 667 meter (1 lux).<\/li>\n<\/ul>\n<h2 style=\"color: #555;\">For de som krever mer<\/h2>\n<p>Enten du er yrkessj\u00e5f\u00f8r, offroad-entusiast eller bare er ute etter bedre lysforhold under kveldskj\u00f8ringen, er <strong>V-SIGHT Tron 9\u2033<\/strong> det ultimate valget. Dette er ikke bare en ekstra lykt - det er din p\u00e5litelige f\u00f8lgesvenn p\u00e5 enhver reise.<\/p>\n<h5><img loading=\"lazy\" decoding=\"async\" src=\"https:\/\/cdn.abicart.com\/shop\/11788\/files\/trailer-logo_medium.png\" alt=\"\" width=\"97\" height=\"25\" \/><br \/><strong>Trailer Extraljustest 2024 skriver f\u00f8lgende om V-Sight Tron Black:\u00a0<\/strong><\/h5>\n<p><em>\"Nok en hodelykt med \u00e5ttekantet design som tilbys i b\u00e5de svart og hvitt. Virkelig godt lysutbytte i stil med Lazer Sentinel. Til og med litt sterkere. Like varmt lys og litt h\u00f8yere h\u00f8yde p\u00e5 lyset. God stabil fot\"<\/em><\/p>\n<p><strong>Viktig informasjon:<\/strong><\/h2>\n<h3><strong>Koble til ekstra lys med DT6 til DTP-adapteren<\/strong><\/h3>\n<p>For \u00e5 koble til ekstra lys p\u00e5 en enkel og praktisk m\u00e5te, trenger du en <strong>DT6 til DTP-adapter<\/strong>. Denne adapteren s\u00f8rger for en rask og sikker overgang mellom DT6-kontakten i ekstralyset og et standard DTP-ledningsnett. Perfekt for en profesjonell og problemfri installasjon av ekstralys p\u00e5 bilen din!<\/p>\n<p><strong>Gj\u00f8r installasjonen enklere - velg DT6 til DTP-adapteren<br \/>Velg artikkelnummer: 140041<\/strong><\/p>","protected":false},"excerpt":{"rendered":"<p>V-SIGHT Tron 9&#8243; Dual Position LED-Extraljus\u00a0| Black Ge dig ut p\u00e5 v\u00e4garna med V-SIGHT Tron 9&#8243; Dual Position LED-Extraljus \u2013 ett extraljus designat f\u00f6r att leverera \u00f6verl\u00e4gsen sikt och s\u00e4kerhet, utan att kompromissa p\u00e5 stil. Perfekt f\u00f6r dig som kr\u00e4ver b\u00e5de prestanda och p\u00e5litlighet, oavsett k\u00f6rf\u00f6rh\u00e5llanden. Egenskaper som lyser starkare 9600 lumen av ljusstyrka: Kristallklar [&hellip;]<\/p>","protected":false},"featured_media":5708,"comment_status":"closed","ping_status":"open","template":"","meta":{"_acf_changed":false,"_smort_price_nok":"3066","_smort_price_dkk":"1947","_smort_price_eur":"260.9","_smort_sale_price_nok":"","_smort_sale_price_dkk":"","_smort_sale_price_eur":"","smort_restorder":"","shipmondo_restorder":"","_kad_blocks_custom_css":"","_kad_blocks_head_custom_js":"","_kad_blocks_body_custom_js":"","_kad_blocks_footer_custom_js":"","smort_custom_pricelist_1":"1836.8","smort_custom_pricelist_2":"1607.2","smort_custom_pricelist_3":"1492.4","smort_custom_pricelist_4":"2296","smort_custom_pricelist_5":"1607.2"},"anvandningsomrade":[],"bilmarken":[],"product_brand":[2793],"product_cat":[2839,142],"product_tag":[2735],"class_list":{"0":"post-5707","1":"product","2":"type-product","3":"status-publish","4":"has-post-thumbnail","6":"product_brand-ovrigt","7":"product_cat-extraljus-9","8":"product_cat-extraljus","9":"product_tag-lazer","10":"pa_faktisk-effekts-forbrukning-1658","11":"pa_fargtemperatur-1486","12":"pa_fuktskydd-varde-ipxx-ip68-ip69k","13":"pa_godkannande-e-markt-ece-r148-r149-r10","14":"pa_lampsockel-kontakt-dt6-6-polig","15":"pa_led-chips-effekt-w-703","16":"pa_ljusbild-combo-beam","17":"pa_storlek-mm-216-med-fot-2286-mm-x-75","18":"pa_stromforbrukning-133a12v","19":"pa_stromforbrukning-66a24v","20":"pa_volt-v-9-36","22":"first","23":"instock","24":"taxable","25":"shipping-taxable","26":"purchasable","27":"product-type-simple"},"bundled_by":[],"bundle_stock_status":"instock","bundle_stock_quantity":3,"bundle_virtual":false,"bundle_layout":"","bundle_add_to_cart_form_location":"","bundle_editable_in_cart":false,"bundle_sold_individually_context":"","bundle_item_grouping":"","bundle_min_size":"","bundle_max_size":"","bundle_price":[],"bundled_items":[],"bundle_sell_ids":[],"acf":[],"yoast_head":"<!-- This site is optimized with the Yoast SEO plugin v27.0 - https:\/\/yoast.com\/product\/yoast-seo-wordpress\/ -->\n<title>V-SIGHT Tron 9&quot; Dual position | Black - Xenonkungen<\/title>\n<meta name=\"robots\" content=\"index, follow, max-snippet:-1, max-image-preview:large, max-video-preview:-1\" \/>\n<link rel=\"canonical\" href=\"https:\/\/xenonkungen.com\/no\/produkt\/v-sikte-tron-9-dobbel-posisjon-svart\/\" \/>\n<meta property=\"og:locale\" content=\"nb_NO\" \/>\n<meta property=\"og:type\" content=\"article\" \/>\n<meta property=\"og:title\" content=\"V-SIGHT Tron 9&quot; Dual position | Black - Xenonkungen\" \/>\n<meta property=\"og:description\" content=\"V-SIGHT Tron 9&#8243; Dual Position LED-Extraljus\u00a0| Black Ge dig ut p\u00e5 v\u00e4garna med V-SIGHT Tron 9&#8243; Dual Position LED-Extraljus \u2013 ett extraljus designat f\u00f6r att leverera \u00f6verl\u00e4gsen sikt och s\u00e4kerhet, utan att kompromissa p\u00e5 stil. Perfekt f\u00f6r dig som kr\u00e4ver b\u00e5de prestanda och p\u00e5litlighet, oavsett k\u00f6rf\u00f6rh\u00e5llanden. Egenskaper som lyser starkare 9600 lumen av ljusstyrka: Kristallklar [&hellip;]\" \/>\n<meta property=\"og:url\" content=\"https:\/\/xenonkungen.com\/no\/produkt\/v-sikte-tron-9-dobbel-posisjon-svart\/\" \/>\n<meta property=\"og:site_name\" content=\"Xenonkungen\" \/>\n<meta property=\"article:modified_time\" content=\"2026-04-24T16:49:41+00:00\" \/>\n<meta property=\"og:image\" content=\"https:\/\/xenonkungen.com\/wp-content\/uploads\/2025\/04\/216591153-origpic-321fac.png\" \/>\n\t<meta property=\"og:image:width\" content=\"1000\" \/>\n\t<meta property=\"og:image:height\" content=\"800\" \/>\n\t<meta property=\"og:image:type\" content=\"image\/png\" \/>\n<meta name=\"twitter:card\" content=\"summary_large_image\" \/>\n<meta name=\"twitter:label1\" content=\"Ansl. lesetid\" \/>\n\t<meta name=\"twitter:data1\" content=\"2 minutter\" \/>\n<script type=\"application\/ld+json\" class=\"yoast-schema-graph\">{\"@context\":\"https:\/\/schema.org\",\"@graph\":[{\"@type\":\"WebPage\",\"@id\":\"https:\/\/xenonkungen.com\/produkt\/v-sight-tron-9-dual-position-black\/\",\"url\":\"https:\/\/xenonkungen.com\/produkt\/v-sight-tron-9-dual-position-black\/\",\"name\":\"V-SIGHT Tron 9\\\" Dual position | Black - Xenonkungen\",\"isPartOf\":{\"@id\":\"https:\/\/xenonkungen.com\/#website\"},\"primaryImageOfPage\":{\"@id\":\"https:\/\/xenonkungen.com\/produkt\/v-sight-tron-9-dual-position-black\/#primaryimage\"},\"image\":{\"@id\":\"https:\/\/xenonkungen.com\/produkt\/v-sight-tron-9-dual-position-black\/#primaryimage\"},\"thumbnailUrl\":\"https:\/\/xenonkungen.com\/wp-content\/uploads\/2025\/04\/216591153-origpic-321fac.png\",\"datePublished\":\"2025-04-15T09:32:41+00:00\",\"dateModified\":\"2026-04-24T16:49:41+00:00\",\"breadcrumb\":{\"@id\":\"https:\/\/xenonkungen.com\/produkt\/v-sight-tron-9-dual-position-black\/#breadcrumb\"},\"inLanguage\":\"nb-NO\",\"potentialAction\":[{\"@type\":\"ReadAction\",\"target\":[\"https:\/\/xenonkungen.com\/produkt\/v-sight-tron-9-dual-position-black\/\"]}]},{\"@type\":\"ImageObject\",\"inLanguage\":\"nb-NO\",\"@id\":\"https:\/\/xenonkungen.com\/produkt\/v-sight-tron-9-dual-position-black\/#primaryimage\",\"url\":\"https:\/\/xenonkungen.com\/wp-content\/uploads\/2025\/04\/216591153-origpic-321fac.png\",\"contentUrl\":\"https:\/\/xenonkungen.com\/wp-content\/uploads\/2025\/04\/216591153-origpic-321fac.png\",\"width\":1000,\"height\":800},{\"@type\":\"BreadcrumbList\",\"@id\":\"https:\/\/xenonkungen.com\/produkt\/v-sight-tron-9-dual-position-black\/#breadcrumb\",\"itemListElement\":[{\"@type\":\"ListItem\",\"position\":1,\"name\":\"Hem\",\"item\":\"https:\/\/xenonkungen.com\/\"},{\"@type\":\"ListItem\",\"position\":2,\"name\":\"Shop\",\"item\":\"https:\/\/xenonkungen.com\/shop\/\"},{\"@type\":\"ListItem\",\"position\":3,\"name\":\"V-SIGHT Tron 9&#8243; Dual position | Black\"}]},{\"@type\":\"WebSite\",\"@id\":\"https:\/\/xenonkungen.com\/#website\",\"url\":\"https:\/\/xenonkungen.com\/\",\"name\":\"Xenonkungen\",\"description\":\"\",\"potentialAction\":[{\"@type\":\"SearchAction\",\"target\":{\"@type\":\"EntryPoint\",\"urlTemplate\":\"https:\/\/xenonkungen.com\/?s={search_term_string}\"},\"query-input\":{\"@type\":\"PropertyValueSpecification\",\"valueRequired\":true,\"valueName\":\"search_term_string\"}}],\"inLanguage\":\"nb-NO\"}]}<\/script>\n<!-- \/ Yoast SEO plugin. -->","yoast_head_json":{"title":"V-SIGHT Tron 9&quot; dobbel posisjon | Svart \u2013 Xenon-kongen","robots":{"index":"index","follow":"follow","max-snippet":"max-snippet:-1","max-image-preview":"max-image-preview:large","max-video-preview":"max-video-preview:-1"},"canonical":"https:\/\/xenonkungen.com\/no\/produkt\/v-sikte-tron-9-dobbel-posisjon-svart\/","og_locale":"nb_NO","og_type":"article","og_title":"V-SIGHT Tron 9\" Dual position | Black - Xenonkungen","og_description":"V-SIGHT Tron 9&#8243; Dual Position LED-Extraljus\u00a0| Black Ge dig ut p\u00e5 v\u00e4garna med V-SIGHT Tron 9&#8243; Dual Position LED-Extraljus \u2013 ett extraljus designat f\u00f6r att leverera \u00f6verl\u00e4gsen sikt och s\u00e4kerhet, utan att kompromissa p\u00e5 stil. Perfekt f\u00f6r dig som kr\u00e4ver b\u00e5de prestanda och p\u00e5litlighet, oavsett k\u00f6rf\u00f6rh\u00e5llanden. Egenskaper som lyser starkare 9600 lumen av ljusstyrka: Kristallklar [&hellip;]","og_url":"https:\/\/xenonkungen.com\/no\/produkt\/v-sikte-tron-9-dobbel-posisjon-svart\/","og_site_name":"Xenonkungen","article_modified_time":"2026-04-24T16:49:41+00:00","og_image":[{"width":1000,"height":800,"url":"https:\/\/xenonkungen.com\/wp-content\/uploads\/2025\/04\/216591153-origpic-321fac.png","type":"image\/png"}],"twitter_card":"summary_large_image","twitter_misc":{"Ansl. lesetid":"2 minutter"},"schema":{"@context":"https:\/\/schema.org","@graph":[{"@type":"WebPage","@id":"https:\/\/xenonkungen.com\/produkt\/v-sight-tron-9-dual-position-black\/","url":"https:\/\/xenonkungen.com\/produkt\/v-sight-tron-9-dual-position-black\/","name":"V-SIGHT Tron 9&quot; dobbel posisjon | Svart \u2013 Xenon-kongen","isPartOf":{"@id":"https:\/\/xenonkungen.com\/#website"},"primaryImageOfPage":{"@id":"https:\/\/xenonkungen.com\/produkt\/v-sight-tron-9-dual-position-black\/#primaryimage"},"image":{"@id":"https:\/\/xenonkungen.com\/produkt\/v-sight-tron-9-dual-position-black\/#primaryimage"},"thumbnailUrl":"https:\/\/xenonkungen.com\/wp-content\/uploads\/2025\/04\/216591153-origpic-321fac.png","datePublished":"2025-04-15T09:32:41+00:00","dateModified":"2026-04-24T16:49:41+00:00","breadcrumb":{"@id":"https:\/\/xenonkungen.com\/produkt\/v-sight-tron-9-dual-position-black\/#breadcrumb"},"inLanguage":"nb-NO","potentialAction":[{"@type":"ReadAction","target":["https:\/\/xenonkungen.com\/produkt\/v-sight-tron-9-dual-position-black\/"]}]},{"@type":"ImageObject","inLanguage":"nb-NO","@id":"https:\/\/xenonkungen.com\/produkt\/v-sight-tron-9-dual-position-black\/#primaryimage","url":"https:\/\/xenonkungen.com\/wp-content\/uploads\/2025\/04\/216591153-origpic-321fac.png","contentUrl":"https:\/\/xenonkungen.com\/wp-content\/uploads\/2025\/04\/216591153-origpic-321fac.png","width":1000,"height":800},{"@type":"BreadcrumbList","@id":"https:\/\/xenonkungen.com\/produkt\/v-sight-tron-9-dual-position-black\/#breadcrumb","itemListElement":[{"@type":"ListItem","position":1,"name":"Hem","item":"https:\/\/xenonkungen.com\/"},{"@type":"ListItem","position":2,"name":"Shop","item":"https:\/\/xenonkungen.com\/shop\/"},{"@type":"ListItem","position":3,"name":"V-SIGHT Tron 9&#8243; Dual position | Black"}]},{"@type":"WebSite","@id":"https:\/\/xenonkungen.com\/#website","url":"https:\/\/xenonkungen.com\/","name":"Xenonkungen","description":"","potentialAction":[{"@type":"SearchAction","target":{"@type":"EntryPoint","urlTemplate":"https:\/\/xenonkungen.com\/?s={search_term_string}"},"query-input":{"@type":"PropertyValueSpecification","valueRequired":true,"valueName":"search_term_string"}}],"inLanguage":"nb-NO"}]}},"taxonomy_info":{"product_brand":[{"value":2793,"label":"\u00d6VRIGT"}],"product_cat":[{"value":2839,"label":"Extraljus 9\""},{"value":142,"label":"Extraljus"}],"product_tag":[{"value":2735,"label":"Lazer"}],"pa_faktisk-effekts-forbrukning":[{"value":1658,"label":"160"}],"pa_fargtemperatur":[{"value":1486,"label":"5000"}],"pa_fuktskydd-varde-ipxx":[{"value":402,"label":"IP68. IP69K"}],"pa_godkannande":[{"value":1662,"label":"E-m\u00e4rkt: ECE R148\/ R149 \/R10"}],"pa_lampsockel-kontakt":[{"value":1661,"label":"DT6 (6-polig)"}],"pa_led-chips-effekt-w":[{"value":703,"label":"160"}],"pa_ljusbild":[{"value":1659,"label":"Combo Beam"}],"pa_storlek-mm":[{"value":1657,"label":"216 (med fot 228,6 mm) x 75"}],"pa_stromforbrukning":[{"value":1114,"label":"1,33A@12V"},{"value":1660,"label":"6,6A@24V"}],"pa_volt-v":[{"value":1444,"label":"9-36"}]},"featured_image_src_large":["https:\/\/xenonkungen.com\/wp-content\/uploads\/2025\/04\/216591153-origpic-321fac.png",1000,800,false],"author_info":[],"comment_info":0,"_links":{"self":[{"href":"https:\/\/xenonkungen.com\/no\/wp-json\/wp\/v2\/product\/5707","targetHints":{"allow":["GET"]}}],"collection":[{"href":"https:\/\/xenonkungen.com\/no\/wp-json\/wp\/v2\/product"}],"about":[{"href":"https:\/\/xenonkungen.com\/no\/wp-json\/wp\/v2\/types\/product"}],"replies":[{"embeddable":true,"href":"https:\/\/xenonkungen.com\/no\/wp-json\/wp\/v2\/comments?post=5707"}],"wp:featuredmedia":[{"embeddable":true,"href":"https:\/\/xenonkungen.com\/no\/wp-json\/wp\/v2\/media\/5708"}],"wp:attachment":[{"href":"https:\/\/xenonkungen.com\/no\/wp-json\/wp\/v2\/media?parent=5707"}],"wp:term":[{"taxonomy":"anvandningsomrade","embeddable":true,"href":"https:\/\/xenonkungen.com\/no\/wp-json\/wp\/v2\/anvandningsomrade?post=5707"},{"taxonomy":"bilmarken","embeddable":true,"href":"https:\/\/xenonkungen.com\/no\/wp-json\/wp\/v2\/bilmarken?post=5707"},{"taxonomy":"product_brand","embeddable":true,"href":"https:\/\/xenonkungen.com\/no\/wp-json\/wp\/v2\/product_brand?post=5707"},{"taxonomy":"product_cat","embeddable":true,"href":"https:\/\/xenonkungen.com\/no\/wp-json\/wp\/v2\/product_cat?post=5707"},{"taxonomy":"product_tag","embeddable":true,"href":"https:\/\/xenonkungen.com\/no\/wp-json\/wp\/v2\/product_tag?post=5707"}],"curies":[{"name":"wp","href":"https:\/\/api.w.org\/{rel}","templated":true}]}}