{"id":5757,"date":"2025-04-15T09:35:06","date_gmt":"2025-04-15T09:35:06","guid":{"rendered":"https:\/\/xenonkungen.com\/product\/xk-foamlance-500\/"},"modified":"2026-03-26T10:57:36","modified_gmt":"2026-03-26T09:57:36","slug":"xk-foamlance-500","status":"publish","type":"product","link":"https:\/\/xenonkungen.com\/no\/produkt\/xk-foamlance-500\/","title":{"rendered":"XK FoamLance 500"},"content":{"rendered":"<p><strong>XK FoamLance 500 - profesjonell skumspr\u00f8yte for bilpleie<\/strong><\/p>\n<p>Optimaliser bilvasken med XK FoamLance 500, en avansert skumspr\u00f8yte som er designet for \u00e5 v\u00e6re kompatibel med alle K\u00e4rchers h\u00f8ytrykksvaskere. Denne skumspr\u00f8yten er utviklet av ledende eksperter innen bilpleieteknologi, og garanterer effektiv og sk\u00e5nsom rengj\u00f8ring.<\/p>\n<p>Med XK FoamLance 500 kan du p\u00e5f\u00f8re et tykt lag med skum som dekker hele bilen og effektivt bryter ned smuss. Denne metoden anbefales av profesjonelle bilpleiere fordi den forebygger riper ved \u00e5 l\u00f8fte smuss fra lakken f\u00f8r du bruker en svamp eller vaskevott. Dette gj\u00f8r XK FoamLance 500 til en av de sikreste metodene for forrengj\u00f8ring av biler p\u00e5 markedet.<\/p>\n<p>Beholderen p\u00e5 500 ml har nok kapasitet til flere grundige rengj\u00f8ringer, noe som gj\u00f8r produktet \u00f8konomisk og effektivt. Kundene v\u00e5re setter pris p\u00e5 hvordan XK FoamLance 500 gj\u00f8r bilvask til en rask, enkel og tilfredsstillende prosess.<\/p>\n<p>\"XK FoamLance 500 er et uunnv\u00e6rlig verkt\u00f8y for alle som setter pris p\u00e5 bilen sin og \u00f8nsker \u00e5 gi den best mulig beskyttelse. Den er en favoritt blant v\u00e5re profesjonelle kunder p\u00e5 grunn av sin p\u00e5litelighet og overlegne rengj\u00f8ringsevne\", sier Nicolai Malerbakken, teknisk spesialist hos Xenon King.<\/p>\n<p>Opplev forskjellen med XK FoamLance 500 - et produkt der ekspertise, kvalitet og brukertilfredshet g\u00e5r h\u00e5nd i h\u00e5nd.<\/p>","protected":false},"excerpt":{"rendered":"<p>Kompatibilitet med K\u00e4rchers h\u00f8ytrykksvaskere: XK FoamLance 500 er designet for \u00e5 passe perfekt med alle K\u00e4rchers modeller, noe som gj\u00f8r den ideell for bilvaskentusiaster som foretrekker K\u00e4rchers p\u00e5litelige utstyr.<br \/>\nSk\u00e5nsom og effektiv rengj\u00f8ring: P\u00e5f\u00f8r bilsjampo i tykt skum som l\u00f8fter smuss fra lakken uten \u00e5 for\u00e5rsake riper, noe som reduserer risikoen for skader p\u00e5 bilen under rengj\u00f8ringsprosessen.<br \/>\n\u00d8konomisk bruk: Den store beholderen p\u00e5 500 ml minimerer behovet for hyppig p\u00e5fylling og sikrer at du kan fullf\u00f8re flere vask med \u00e9n p\u00e5fylling, noe som sparer b\u00e5de tid og penger.<\/p>","protected":false},"featured_media":5758,"comment_status":"closed","ping_status":"open","template":"","meta":{"_acf_changed":false,"_smort_price_nok":"266","_smort_price_dkk":"169","_smort_price_eur":"22.64","_smort_sale_price_nok":"","_smort_sale_price_dkk":"","_smort_sale_price_eur":"","smort_restorder":"","shipmondo_restorder":"","_kad_blocks_custom_css":"","_kad_blocks_head_custom_js":"","_kad_blocks_body_custom_js":"","_kad_blocks_footer_custom_js":"","smort_custom_pricelist_1":"159.36","smort_custom_pricelist_2":"139.44","smort_custom_pricelist_3":"129.48","smort_custom_pricelist_4":"199.2","smort_custom_pricelist_5":"139.44"},"anvandningsomrade":[],"bilmarken":[],"product_brand":[117],"product_cat":[2988,2989,2450,378],"product_tag":[],"class_list":{"0":"post-5757","1":"product","2":"type-product","3":"status-publish","4":"has-post-thumbnail","6":"product_brand-xenonkungen","7":"product_cat-biltvatt","8":"product_cat-avfettning","9":"product_cat-tillbehor-bilvard","10":"product_cat-bilvard","12":"first","13":"instock","14":"taxable","15":"shipping-taxable","16":"purchasable","17":"product-type-simple"},"bundled_by":[],"bundle_stock_status":"instock","bundle_stock_quantity":9,"bundle_virtual":false,"bundle_layout":"","bundle_add_to_cart_form_location":"","bundle_editable_in_cart":false,"bundle_sold_individually_context":"","bundle_item_grouping":"","bundle_min_size":"","bundle_max_size":"","bundle_price":[],"bundled_items":[],"bundle_sell_ids":[],"acf":[],"yoast_head":"<!-- This site is optimized with the Yoast SEO plugin v27.0 - https:\/\/yoast.com\/product\/yoast-seo-wordpress\/ -->\n<title>XK FoamLance 500 - Xenonkungen<\/title>\n<meta name=\"robots\" content=\"index, follow, max-snippet:-1, max-image-preview:large, max-video-preview:-1\" \/>\n<link rel=\"canonical\" href=\"https:\/\/xenonkungen.com\/no\/produkt\/xk-foamlance-500\/\" \/>\n<meta property=\"og:locale\" content=\"nb_NO\" \/>\n<meta property=\"og:type\" content=\"article\" \/>\n<meta property=\"og:title\" content=\"XK FoamLance 500 - Xenonkungen\" \/>\n<meta property=\"og:description\" content=\"Kompatibilitet med K\u00e4rcher H\u00f6gtryckstv\u00e4ttar: XK FoamLance 500 \u00e4r designad f\u00f6r att passa perfekt med alla K\u00e4rcher modeller, vilket g\u00f6r den idealisk f\u00f6r biltv\u00e4ttentusiaster som f\u00f6redrar K\u00e4rcher&#039;s p\u00e5litliga utrustning. Skonsam och Effektiv Reng\u00f6ring: Applicera bilschampo i tjockt skum som lyfter smuts fr\u00e5n lacken utan att orsaka repor, vilket minskar risken f\u00f6r skador p\u00e5 din bil under reng\u00f6ringsprocessen. Ekonomisk Anv\u00e4ndning: Den stora 500 ml beh\u00e5llaren minimerar behovet av frekventa p\u00e5fyllningar och garanterar att du kan genomf\u00f6ra flera tv\u00e4ttar med en enda fyllning, vilket sparar b\u00e5de tid och pengar.\" \/>\n<meta property=\"og:url\" content=\"https:\/\/xenonkungen.com\/no\/produkt\/xk-foamlance-500\/\" \/>\n<meta property=\"og:site_name\" content=\"Xenonkungen\" \/>\n<meta property=\"article:modified_time\" content=\"2026-03-26T09:57:36+00:00\" \/>\n<meta property=\"og:image\" content=\"https:\/\/xenonkungen.com\/wp-content\/uploads\/2025\/04\/211838895-origpic-af33f6.png\" \/>\n\t<meta property=\"og:image:width\" content=\"1260\" \/>\n\t<meta property=\"og:image:height\" content=\"1000\" \/>\n\t<meta property=\"og:image:type\" content=\"image\/png\" \/>\n<meta name=\"twitter:card\" content=\"summary_large_image\" \/>\n<meta name=\"twitter:label1\" content=\"Ansl. lesetid\" \/>\n\t<meta name=\"twitter:data1\" content=\"1 minutt\" \/>\n<script type=\"application\/ld+json\" class=\"yoast-schema-graph\">{\"@context\":\"https:\/\/schema.org\",\"@graph\":[{\"@type\":\"WebPage\",\"@id\":\"https:\/\/xenonkungen.com\/produkt\/xk-foamlance-500\/\",\"url\":\"https:\/\/xenonkungen.com\/produkt\/xk-foamlance-500\/\",\"name\":\"XK FoamLance 500 - Xenonkungen\",\"isPartOf\":{\"@id\":\"https:\/\/xenonkungen.com\/#website\"},\"primaryImageOfPage\":{\"@id\":\"https:\/\/xenonkungen.com\/produkt\/xk-foamlance-500\/#primaryimage\"},\"image\":{\"@id\":\"https:\/\/xenonkungen.com\/produkt\/xk-foamlance-500\/#primaryimage\"},\"thumbnailUrl\":\"https:\/\/xenonkungen.com\/wp-content\/uploads\/2025\/04\/211838895-origpic-af33f6.png\",\"datePublished\":\"2025-04-15T09:35:06+00:00\",\"dateModified\":\"2026-03-26T09:57:36+00:00\",\"breadcrumb\":{\"@id\":\"https:\/\/xenonkungen.com\/produkt\/xk-foamlance-500\/#breadcrumb\"},\"inLanguage\":\"nb-NO\",\"potentialAction\":[{\"@type\":\"ReadAction\",\"target\":[\"https:\/\/xenonkungen.com\/produkt\/xk-foamlance-500\/\"]}]},{\"@type\":\"ImageObject\",\"inLanguage\":\"nb-NO\",\"@id\":\"https:\/\/xenonkungen.com\/produkt\/xk-foamlance-500\/#primaryimage\",\"url\":\"https:\/\/xenonkungen.com\/wp-content\/uploads\/2025\/04\/211838895-origpic-af33f6.png\",\"contentUrl\":\"https:\/\/xenonkungen.com\/wp-content\/uploads\/2025\/04\/211838895-origpic-af33f6.png\",\"width\":1260,\"height\":1000},{\"@type\":\"BreadcrumbList\",\"@id\":\"https:\/\/xenonkungen.com\/produkt\/xk-foamlance-500\/#breadcrumb\",\"itemListElement\":[{\"@type\":\"ListItem\",\"position\":1,\"name\":\"Hem\",\"item\":\"https:\/\/xenonkungen.com\/\"},{\"@type\":\"ListItem\",\"position\":2,\"name\":\"Shop\",\"item\":\"https:\/\/xenonkungen.com\/shop\/\"},{\"@type\":\"ListItem\",\"position\":3,\"name\":\"XK FoamLance 500\"}]},{\"@type\":\"WebSite\",\"@id\":\"https:\/\/xenonkungen.com\/#website\",\"url\":\"https:\/\/xenonkungen.com\/\",\"name\":\"Xenonkungen\",\"description\":\"\",\"potentialAction\":[{\"@type\":\"SearchAction\",\"target\":{\"@type\":\"EntryPoint\",\"urlTemplate\":\"https:\/\/xenonkungen.com\/?s={search_term_string}\"},\"query-input\":{\"@type\":\"PropertyValueSpecification\",\"valueRequired\":true,\"valueName\":\"search_term_string\"}}],\"inLanguage\":\"nb-NO\"}]}<\/script>\n<!-- \/ Yoast SEO plugin. -->","yoast_head_json":{"title":"XK FoamLance 500 \u2013 Xenon-kongen","robots":{"index":"index","follow":"follow","max-snippet":"max-snippet:-1","max-image-preview":"max-image-preview:large","max-video-preview":"max-video-preview:-1"},"canonical":"https:\/\/xenonkungen.com\/no\/produkt\/xk-foamlance-500\/","og_locale":"nb_NO","og_type":"article","og_title":"XK FoamLance 500 - Xenonkungen","og_description":"Kompatibilitet med K\u00e4rcher H\u00f6gtryckstv\u00e4ttar: XK FoamLance 500 \u00e4r designad f\u00f6r att passa perfekt med alla K\u00e4rcher modeller, vilket g\u00f6r den idealisk f\u00f6r biltv\u00e4ttentusiaster som f\u00f6redrar K\u00e4rcher's p\u00e5litliga utrustning. Skonsam och Effektiv Reng\u00f6ring: Applicera bilschampo i tjockt skum som lyfter smuts fr\u00e5n lacken utan att orsaka repor, vilket minskar risken f\u00f6r skador p\u00e5 din bil under reng\u00f6ringsprocessen. Ekonomisk Anv\u00e4ndning: Den stora 500 ml beh\u00e5llaren minimerar behovet av frekventa p\u00e5fyllningar och garanterar att du kan genomf\u00f6ra flera tv\u00e4ttar med en enda fyllning, vilket sparar b\u00e5de tid och pengar.","og_url":"https:\/\/xenonkungen.com\/no\/produkt\/xk-foamlance-500\/","og_site_name":"Xenonkungen","article_modified_time":"2026-03-26T09:57:36+00:00","og_image":[{"width":1260,"height":1000,"url":"https:\/\/xenonkungen.com\/wp-content\/uploads\/2025\/04\/211838895-origpic-af33f6.png","type":"image\/png"}],"twitter_card":"summary_large_image","twitter_misc":{"Ansl. lesetid":"1 minutt"},"schema":{"@context":"https:\/\/schema.org","@graph":[{"@type":"WebPage","@id":"https:\/\/xenonkungen.com\/produkt\/xk-foamlance-500\/","url":"https:\/\/xenonkungen.com\/produkt\/xk-foamlance-500\/","name":"XK FoamLance 500 \u2013 Xenon-kongen","isPartOf":{"@id":"https:\/\/xenonkungen.com\/#website"},"primaryImageOfPage":{"@id":"https:\/\/xenonkungen.com\/produkt\/xk-foamlance-500\/#primaryimage"},"image":{"@id":"https:\/\/xenonkungen.com\/produkt\/xk-foamlance-500\/#primaryimage"},"thumbnailUrl":"https:\/\/xenonkungen.com\/wp-content\/uploads\/2025\/04\/211838895-origpic-af33f6.png","datePublished":"2025-04-15T09:35:06+00:00","dateModified":"2026-03-26T09:57:36+00:00","breadcrumb":{"@id":"https:\/\/xenonkungen.com\/produkt\/xk-foamlance-500\/#breadcrumb"},"inLanguage":"nb-NO","potentialAction":[{"@type":"ReadAction","target":["https:\/\/xenonkungen.com\/produkt\/xk-foamlance-500\/"]}]},{"@type":"ImageObject","inLanguage":"nb-NO","@id":"https:\/\/xenonkungen.com\/produkt\/xk-foamlance-500\/#primaryimage","url":"https:\/\/xenonkungen.com\/wp-content\/uploads\/2025\/04\/211838895-origpic-af33f6.png","contentUrl":"https:\/\/xenonkungen.com\/wp-content\/uploads\/2025\/04\/211838895-origpic-af33f6.png","width":1260,"height":1000},{"@type":"BreadcrumbList","@id":"https:\/\/xenonkungen.com\/produkt\/xk-foamlance-500\/#breadcrumb","itemListElement":[{"@type":"ListItem","position":1,"name":"Hem","item":"https:\/\/xenonkungen.com\/"},{"@type":"ListItem","position":2,"name":"Shop","item":"https:\/\/xenonkungen.com\/shop\/"},{"@type":"ListItem","position":3,"name":"XK FoamLance 500"}]},{"@type":"WebSite","@id":"https:\/\/xenonkungen.com\/#website","url":"https:\/\/xenonkungen.com\/","name":"Xenonkungen","description":"","potentialAction":[{"@type":"SearchAction","target":{"@type":"EntryPoint","urlTemplate":"https:\/\/xenonkungen.com\/?s={search_term_string}"},"query-input":{"@type":"PropertyValueSpecification","valueRequired":true,"valueName":"search_term_string"}}],"inLanguage":"nb-NO"}]}},"taxonomy_info":{"product_brand":[{"value":117,"label":"Xenonkungen"}],"product_cat":[{"value":2988,"label":"1 | Biltv\u00e4tt"},{"value":2989,"label":"2 | Avfettning"},{"value":2450,"label":"Tillbeh\u00f6r"},{"value":378,"label":"Bilv\u00e5rd"}]},"featured_image_src_large":["https:\/\/xenonkungen.com\/wp-content\/uploads\/2025\/04\/211838895-origpic-af33f6-1024x813.png",1024,813,true],"author_info":[],"comment_info":0,"_links":{"self":[{"href":"https:\/\/xenonkungen.com\/no\/wp-json\/wp\/v2\/product\/5757","targetHints":{"allow":["GET"]}}],"collection":[{"href":"https:\/\/xenonkungen.com\/no\/wp-json\/wp\/v2\/product"}],"about":[{"href":"https:\/\/xenonkungen.com\/no\/wp-json\/wp\/v2\/types\/product"}],"replies":[{"embeddable":true,"href":"https:\/\/xenonkungen.com\/no\/wp-json\/wp\/v2\/comments?post=5757"}],"wp:featuredmedia":[{"embeddable":true,"href":"https:\/\/xenonkungen.com\/no\/wp-json\/wp\/v2\/media\/5758"}],"wp:attachment":[{"href":"https:\/\/xenonkungen.com\/no\/wp-json\/wp\/v2\/media?parent=5757"}],"wp:term":[{"taxonomy":"anvandningsomrade","embeddable":true,"href":"https:\/\/xenonkungen.com\/no\/wp-json\/wp\/v2\/anvandningsomrade?post=5757"},{"taxonomy":"bilmarken","embeddable":true,"href":"https:\/\/xenonkungen.com\/no\/wp-json\/wp\/v2\/bilmarken?post=5757"},{"taxonomy":"product_brand","embeddable":true,"href":"https:\/\/xenonkungen.com\/no\/wp-json\/wp\/v2\/product_brand?post=5757"},{"taxonomy":"product_cat","embeddable":true,"href":"https:\/\/xenonkungen.com\/no\/wp-json\/wp\/v2\/product_cat?post=5757"},{"taxonomy":"product_tag","embeddable":true,"href":"https:\/\/xenonkungen.com\/no\/wp-json\/wp\/v2\/product_tag?post=5757"}],"curies":[{"name":"wp","href":"https:\/\/api.w.org\/{rel}","templated":true}]}}