{"id":5809,"date":"2025-04-15T09:36:01","date_gmt":"2025-04-15T09:36:01","guid":{"rendered":"https:\/\/xenonkungen.com\/product\/ledriving-ledlampa-sl-r5w-ba15s-vit\/"},"modified":"2026-05-13T07:58:44","modified_gmt":"2026-05-13T06:58:44","slug":"ledriving-led-lampe-sl-r5w-ba15s-hvit","status":"publish","type":"product","link":"https:\/\/xenonkungen.com\/no\/produkt\/ledriving-led-lampe-sl-r5w-ba15s-hvit\/","title":{"rendered":"LEDriving\u00ae LED-lampe SL R5W | BA15S | Hvit"},"content":{"rendered":"<p>Passende LED-erstatningslampe for R5W | BA15S | 1156<\/p>\n<p>LEDriving SL R5W-erstatningslamper gir en moderne og intens lysopplevelse med en imponerende fargetemperatur p\u00e5 opptil 6000 Kelvin. Disse erstatningslampene er spesialdesignet for \u00e5 passe perfekt i alle standard R5W-fatninger.<\/p>\n<p>En av de st\u00f8rste fordelene med disse LED-erstatningslampene er energieffektiviteten. LED-teknologien gj\u00f8r at de bruker opptil 80 % mindre energi sammenlignet med konvensjonelle lamper. Dette reduserer ikke bare belastningen p\u00e5 bilens batteri, men gir ogs\u00e5 lengre levetid for lampene.<\/p>\n<p>LEDriving SL R5W-erstatningslamper gir ogs\u00e5 en imponerende lyseffekt med sin moderne fargetemperatur. Du kan v\u00e6re trygg p\u00e5 at disse lampene er av h\u00f8y kvalitet, og OSRAM tilbyr en gener\u00f8s 4-\u00e5rs garanti p\u00e5 LEDriving SL-lampene.<\/p>\n<p>V\u00e6r imidlertid oppmerksom p\u00e5 at disse produktene ikke er ECE-godkjent for bruk p\u00e5 offentlig vei i utvendig bruk. Bruk av disse lyktene p\u00e5 offentlig vei kan ikke bare f\u00f8re til inndragning av f\u00f8rerkort, men kan ogs\u00e5 f\u00f8re til at forsikringspolisen blir ugyldig. Det er viktig \u00e5 respektere gjeldende lover og forskrifter i ditt land. Salg og bruk av disse produktene kan v\u00e6re begrenset i enkelte land. Vi anbefaler at du kontakter din lokale forhandler for mer informasjon og r\u00e5d om bruk av disse lyktene.<\/p>\n<p>Elektriske data:<br \/>- Maksimal effekt: 0,5 W<br \/>- Nominell nominell spenning: 12,0 V<br \/>- Nominell wattstyrke: 0,50 W<br \/>- Toleranse for str\u00f8mforbruk: \u00b120 %<br \/>- Testspenning i volt: 13,5 V<\/p>\n<p>Fotometriske data:<br \/>- Lysstr\u00f8m: 50 lm<br \/>- Lysstr\u00f8m, toleranse: \u00b125 %<br \/>- LED-lysfarge: Kj\u00f8lig hvit<br \/>- Fargetemperatur: 6000 K<\/p>\n<p>Dimensjoner:<br \/>- Diameter: 19,0 mm<br \/>- Produktvekt: 9,60 g<br \/>- Lengde: 37,5 mm<\/p>\n<p>Forventet levealder:<br \/>- Levetid B3: 1500 timer<br \/>- Levetid Tc i timer: 4000 timer<br \/>- Garanti: 4 \u00e5r<\/p>\n<p>Supplerende produktdata:<br \/>- Base: BA15s<\/p>","protected":false},"excerpt":{"rendered":"<p>Endelig er LEDriving\u00ae LED-lampen SL R5W | BA15S tilgjengelig i nettbutikken v\u00e5r! Denne overlegne LED-lampen gir et sterkt og effektivt lys som overg\u00e5r tradisjonelle lamper. Den h\u00f8ykvalitets teknologien garanterer lang levetid og utmerket energieffektivitet. I tillegg er den enkel \u00e5 installere - du kan bruke den i biler, lastebiler, motorsykler og mye mer. Bestill LEDDriving\u00ae LED-lampen SL R5W i dag, og oppdag selv hvorfor den er f\u00f8rstevalget for<\/p>","protected":false},"featured_media":5810,"comment_status":"closed","ping_status":"open","template":"","meta":{"_acf_changed":false,"_smort_price_nok":"230","_smort_price_dkk":"146","_smort_price_eur":"19.54","_smort_sale_price_nok":"","_smort_sale_price_dkk":"","_smort_sale_price_eur":"","smort_restorder":"","shipmondo_restorder":"","_kad_blocks_custom_css":"","_kad_blocks_head_custom_js":"","_kad_blocks_body_custom_js":"","_kad_blocks_footer_custom_js":"","smort_custom_pricelist_1":"137.6","smort_custom_pricelist_2":"129","smort_custom_pricelist_3":"122.55","smort_custom_pricelist_4":"172","smort_custom_pricelist_5":"128.06"},"anvandningsomrade":[],"bilmarken":[],"product_brand":[108],"product_cat":[2515,338],"product_tag":[],"class_list":{"0":"post-5809","1":"product","2":"type-product","3":"status-publish","4":"has-post-thumbnail","6":"product_brand-osram","7":"product_cat-ba15s","8":"product_cat-diodlampor","9":"pa_faktisk-effekts-forbrukning-1681","10":"pa_fargtemperatur-6000k","11":"pa_lampsockel-kontakt-r5w-ba15s-1156","12":"pa_storlek-mm-1680","13":"pa_volt-v-159","15":"first","16":"instock","17":"taxable","18":"shipping-taxable","19":"purchasable","20":"product-type-simple"},"bundled_by":[],"bundle_stock_status":"instock","bundle_stock_quantity":1,"bundle_virtual":false,"bundle_layout":"","bundle_add_to_cart_form_location":"","bundle_editable_in_cart":false,"bundle_sold_individually_context":"","bundle_item_grouping":"","bundle_min_size":"","bundle_max_size":"","bundle_price":[],"bundled_items":[],"bundle_sell_ids":[],"acf":[],"yoast_head":"<!-- This site is optimized with the Yoast SEO plugin v27.0 - https:\/\/yoast.com\/product\/yoast-seo-wordpress\/ -->\n<title>LEDriving\u00ae LEDlampa SL R5W | BA15S | Vit - Xenonkungen<\/title>\n<meta name=\"robots\" content=\"index, follow, max-snippet:-1, max-image-preview:large, max-video-preview:-1\" \/>\n<link rel=\"canonical\" href=\"https:\/\/xenonkungen.com\/no\/produkt\/ledriving-led-lampe-sl-r5w-ba15s-hvit\/\" \/>\n<meta property=\"og:locale\" content=\"nb_NO\" \/>\n<meta property=\"og:type\" content=\"article\" \/>\n<meta property=\"og:title\" content=\"LEDriving\u00ae LEDlampa SL R5W | BA15S | Vit - Xenonkungen\" \/>\n<meta property=\"og:description\" content=\"\u00c4ntligen \u00e4r LEDriving\u00ae LEDlampan SL R5W | BA15S tillg\u00e4nglig i v\u00e5r webbutik! Denna \u00f6verl\u00e4gsna LEDlampa ger ett starkt och effektivt ljus som \u00f6vertr\u00e4ffar traditionella lampor. Den h\u00f6gkvalitativa tekniken garanterar en l\u00e5ng livsl\u00e4ngd och utm\u00e4rkt energieffektivitet. Dessutom \u00e4r den enkel att installera - du kan anv\u00e4nda den i dina bilar, lastbilar, motorcyklar och mycket mer. Best\u00e4ll LEDDriving\u00ae LEDlampan SL R5W idag och uppt\u00e4ck sj\u00e4lv varf\u00f6r den \u00e4r f\u00f6rstavalet f\u00f6r\" \/>\n<meta property=\"og:url\" content=\"https:\/\/xenonkungen.com\/no\/produkt\/ledriving-led-lampe-sl-r5w-ba15s-hvit\/\" \/>\n<meta property=\"og:site_name\" content=\"Xenonkungen\" \/>\n<meta property=\"article:modified_time\" content=\"2026-05-13T06:58:44+00:00\" \/>\n<meta property=\"og:image\" content=\"https:\/\/xenonkungen.com\/wp-content\/uploads\/2025\/04\/201830655-origpic-6b07ee.jpg\" \/>\n\t<meta property=\"og:image:width\" content=\"691\" \/>\n\t<meta property=\"og:image:height\" content=\"1000\" \/>\n\t<meta property=\"og:image:type\" content=\"image\/jpeg\" \/>\n<meta name=\"twitter:card\" content=\"summary_large_image\" \/>\n<meta name=\"twitter:label1\" content=\"Ansl. lesetid\" \/>\n\t<meta name=\"twitter:data1\" content=\"2 minutter\" \/>\n<script type=\"application\/ld+json\" class=\"yoast-schema-graph\">{\"@context\":\"https:\/\/schema.org\",\"@graph\":[{\"@type\":\"WebPage\",\"@id\":\"https:\/\/xenonkungen.com\/produkt\/ledriving-ledlampa-sl-r5w-ba15s-vit\/\",\"url\":\"https:\/\/xenonkungen.com\/produkt\/ledriving-ledlampa-sl-r5w-ba15s-vit\/\",\"name\":\"LEDriving\u00ae LEDlampa SL R5W | BA15S | Vit - Xenonkungen\",\"isPartOf\":{\"@id\":\"https:\/\/xenonkungen.com\/#website\"},\"primaryImageOfPage\":{\"@id\":\"https:\/\/xenonkungen.com\/produkt\/ledriving-ledlampa-sl-r5w-ba15s-vit\/#primaryimage\"},\"image\":{\"@id\":\"https:\/\/xenonkungen.com\/produkt\/ledriving-ledlampa-sl-r5w-ba15s-vit\/#primaryimage\"},\"thumbnailUrl\":\"https:\/\/xenonkungen.com\/wp-content\/uploads\/2025\/04\/201830655-origpic-6b07ee.jpg\",\"datePublished\":\"2025-04-15T09:36:01+00:00\",\"dateModified\":\"2026-05-13T06:58:44+00:00\",\"breadcrumb\":{\"@id\":\"https:\/\/xenonkungen.com\/produkt\/ledriving-ledlampa-sl-r5w-ba15s-vit\/#breadcrumb\"},\"inLanguage\":\"nb-NO\",\"potentialAction\":[{\"@type\":\"ReadAction\",\"target\":[\"https:\/\/xenonkungen.com\/produkt\/ledriving-ledlampa-sl-r5w-ba15s-vit\/\"]}]},{\"@type\":\"ImageObject\",\"inLanguage\":\"nb-NO\",\"@id\":\"https:\/\/xenonkungen.com\/produkt\/ledriving-ledlampa-sl-r5w-ba15s-vit\/#primaryimage\",\"url\":\"https:\/\/xenonkungen.com\/wp-content\/uploads\/2025\/04\/201830655-origpic-6b07ee.jpg\",\"contentUrl\":\"https:\/\/xenonkungen.com\/wp-content\/uploads\/2025\/04\/201830655-origpic-6b07ee.jpg\",\"width\":691,\"height\":1000},{\"@type\":\"BreadcrumbList\",\"@id\":\"https:\/\/xenonkungen.com\/produkt\/ledriving-ledlampa-sl-r5w-ba15s-vit\/#breadcrumb\",\"itemListElement\":[{\"@type\":\"ListItem\",\"position\":1,\"name\":\"Hem\",\"item\":\"https:\/\/xenonkungen.com\/\"},{\"@type\":\"ListItem\",\"position\":2,\"name\":\"Shop\",\"item\":\"https:\/\/xenonkungen.com\/shop\/\"},{\"@type\":\"ListItem\",\"position\":3,\"name\":\"LEDriving\u00ae LEDlampa SL R5W | BA15S | Vit\"}]},{\"@type\":\"WebSite\",\"@id\":\"https:\/\/xenonkungen.com\/#website\",\"url\":\"https:\/\/xenonkungen.com\/\",\"name\":\"Xenonkungen\",\"description\":\"\",\"potentialAction\":[{\"@type\":\"SearchAction\",\"target\":{\"@type\":\"EntryPoint\",\"urlTemplate\":\"https:\/\/xenonkungen.com\/?s={search_term_string}\"},\"query-input\":{\"@type\":\"PropertyValueSpecification\",\"valueRequired\":true,\"valueName\":\"search_term_string\"}}],\"inLanguage\":\"nb-NO\"}]}<\/script>\n<!-- \/ Yoast SEO plugin. -->","yoast_head_json":{"title":"LEDriving\u00ae LED-lampe SL R5W | BA15S | Hvit \u2013 Xenon-kongen","robots":{"index":"index","follow":"follow","max-snippet":"max-snippet:-1","max-image-preview":"max-image-preview:large","max-video-preview":"max-video-preview:-1"},"canonical":"https:\/\/xenonkungen.com\/no\/produkt\/ledriving-led-lampe-sl-r5w-ba15s-hvit\/","og_locale":"nb_NO","og_type":"article","og_title":"LEDriving\u00ae LEDlampa SL R5W | BA15S | Vit - Xenonkungen","og_description":"\u00c4ntligen \u00e4r LEDriving\u00ae LEDlampan SL R5W | BA15S tillg\u00e4nglig i v\u00e5r webbutik! Denna \u00f6verl\u00e4gsna LEDlampa ger ett starkt och effektivt ljus som \u00f6vertr\u00e4ffar traditionella lampor. Den h\u00f6gkvalitativa tekniken garanterar en l\u00e5ng livsl\u00e4ngd och utm\u00e4rkt energieffektivitet. Dessutom \u00e4r den enkel att installera - du kan anv\u00e4nda den i dina bilar, lastbilar, motorcyklar och mycket mer. Best\u00e4ll LEDDriving\u00ae LEDlampan SL R5W idag och uppt\u00e4ck sj\u00e4lv varf\u00f6r den \u00e4r f\u00f6rstavalet f\u00f6r","og_url":"https:\/\/xenonkungen.com\/no\/produkt\/ledriving-led-lampe-sl-r5w-ba15s-hvit\/","og_site_name":"Xenonkungen","article_modified_time":"2026-05-13T06:58:44+00:00","og_image":[{"width":691,"height":1000,"url":"https:\/\/xenonkungen.com\/wp-content\/uploads\/2025\/04\/201830655-origpic-6b07ee.jpg","type":"image\/jpeg"}],"twitter_card":"summary_large_image","twitter_misc":{"Ansl. lesetid":"2 minutter"},"schema":{"@context":"https:\/\/schema.org","@graph":[{"@type":"WebPage","@id":"https:\/\/xenonkungen.com\/produkt\/ledriving-ledlampa-sl-r5w-ba15s-vit\/","url":"https:\/\/xenonkungen.com\/produkt\/ledriving-ledlampa-sl-r5w-ba15s-vit\/","name":"LEDriving\u00ae LED-lampe SL R5W | BA15S | Hvit \u2013 Xenon-kongen","isPartOf":{"@id":"https:\/\/xenonkungen.com\/#website"},"primaryImageOfPage":{"@id":"https:\/\/xenonkungen.com\/produkt\/ledriving-ledlampa-sl-r5w-ba15s-vit\/#primaryimage"},"image":{"@id":"https:\/\/xenonkungen.com\/produkt\/ledriving-ledlampa-sl-r5w-ba15s-vit\/#primaryimage"},"thumbnailUrl":"https:\/\/xenonkungen.com\/wp-content\/uploads\/2025\/04\/201830655-origpic-6b07ee.jpg","datePublished":"2025-04-15T09:36:01+00:00","dateModified":"2026-05-13T06:58:44+00:00","breadcrumb":{"@id":"https:\/\/xenonkungen.com\/produkt\/ledriving-ledlampa-sl-r5w-ba15s-vit\/#breadcrumb"},"inLanguage":"nb-NO","potentialAction":[{"@type":"ReadAction","target":["https:\/\/xenonkungen.com\/produkt\/ledriving-ledlampa-sl-r5w-ba15s-vit\/"]}]},{"@type":"ImageObject","inLanguage":"nb-NO","@id":"https:\/\/xenonkungen.com\/produkt\/ledriving-ledlampa-sl-r5w-ba15s-vit\/#primaryimage","url":"https:\/\/xenonkungen.com\/wp-content\/uploads\/2025\/04\/201830655-origpic-6b07ee.jpg","contentUrl":"https:\/\/xenonkungen.com\/wp-content\/uploads\/2025\/04\/201830655-origpic-6b07ee.jpg","width":691,"height":1000},{"@type":"BreadcrumbList","@id":"https:\/\/xenonkungen.com\/produkt\/ledriving-ledlampa-sl-r5w-ba15s-vit\/#breadcrumb","itemListElement":[{"@type":"ListItem","position":1,"name":"Hem","item":"https:\/\/xenonkungen.com\/"},{"@type":"ListItem","position":2,"name":"Shop","item":"https:\/\/xenonkungen.com\/shop\/"},{"@type":"ListItem","position":3,"name":"LEDriving\u00ae LEDlampa SL R5W | BA15S | Vit"}]},{"@type":"WebSite","@id":"https:\/\/xenonkungen.com\/#website","url":"https:\/\/xenonkungen.com\/","name":"Xenonkungen","description":"","potentialAction":[{"@type":"SearchAction","target":{"@type":"EntryPoint","urlTemplate":"https:\/\/xenonkungen.com\/?s={search_term_string}"},"query-input":{"@type":"PropertyValueSpecification","valueRequired":true,"valueName":"search_term_string"}}],"inLanguage":"nb-NO"}]}},"taxonomy_info":{"product_brand":[{"value":108,"label":"OSRAM"}],"product_cat":[{"value":2515,"label":"BA15S"},{"value":338,"label":"Diodlampor"}],"pa_faktisk-effekts-forbrukning":[{"value":1681,"label":"0,5"}],"pa_fargtemperatur":[{"value":188,"label":"6000K"}],"pa_lampsockel-kontakt":[{"value":1682,"label":"R5W, BA15S, 1156"}],"pa_storlek-mm":[{"value":1680,"label":"37,5"}],"pa_volt-v":[{"value":159,"label":"12"}]},"featured_image_src_large":["https:\/\/xenonkungen.com\/wp-content\/uploads\/2025\/04\/201830655-origpic-6b07ee.jpg",691,1000,false],"author_info":[],"comment_info":3,"_links":{"self":[{"href":"https:\/\/xenonkungen.com\/no\/wp-json\/wp\/v2\/product\/5809","targetHints":{"allow":["GET"]}}],"collection":[{"href":"https:\/\/xenonkungen.com\/no\/wp-json\/wp\/v2\/product"}],"about":[{"href":"https:\/\/xenonkungen.com\/no\/wp-json\/wp\/v2\/types\/product"}],"replies":[{"embeddable":true,"href":"https:\/\/xenonkungen.com\/no\/wp-json\/wp\/v2\/comments?post=5809"}],"wp:featuredmedia":[{"embeddable":true,"href":"https:\/\/xenonkungen.com\/no\/wp-json\/wp\/v2\/media\/5810"}],"wp:attachment":[{"href":"https:\/\/xenonkungen.com\/no\/wp-json\/wp\/v2\/media?parent=5809"}],"wp:term":[{"taxonomy":"anvandningsomrade","embeddable":true,"href":"https:\/\/xenonkungen.com\/no\/wp-json\/wp\/v2\/anvandningsomrade?post=5809"},{"taxonomy":"bilmarken","embeddable":true,"href":"https:\/\/xenonkungen.com\/no\/wp-json\/wp\/v2\/bilmarken?post=5809"},{"taxonomy":"product_brand","embeddable":true,"href":"https:\/\/xenonkungen.com\/no\/wp-json\/wp\/v2\/product_brand?post=5809"},{"taxonomy":"product_cat","embeddable":true,"href":"https:\/\/xenonkungen.com\/no\/wp-json\/wp\/v2\/product_cat?post=5809"},{"taxonomy":"product_tag","embeddable":true,"href":"https:\/\/xenonkungen.com\/no\/wp-json\/wp\/v2\/product_tag?post=5809"}],"curies":[{"name":"wp","href":"https:\/\/api.w.org\/{rel}","templated":true}]}}