{"id":5856,"date":"2025-04-15T09:36:36","date_gmt":"2025-04-15T09:36:36","guid":{"rendered":"https:\/\/xenonkungen.com\/product\/ledriving-hl-easy-h3\/"},"modified":"2026-04-11T01:23:04","modified_gmt":"2026-04-11T00:23:04","slug":"led-kjoring-hl-easy-h3","status":"publish","type":"product","link":"https:\/\/xenonkungen.com\/no\/produkt\/led-kjoring-hl-easy-h3\/","title":{"rendered":"LEDriving HL EASY H3"},"content":{"rendered":"<h2 class=\"font-headline-text-bold orange\">LED fjern- og n\u00e6rlys med plug &amp; play-system - ingen adaptere trengs.<\/h2>\n<p><span>OSRAM LEDriving HL EASY er en sokkelbasert og ultrakompakt l\u00f8sning som erstatter konvensjonelle H3 fjern- og n\u00e6rlyslykter med et kj\u00f8lig hvitt LED-lys. De gir kj\u00f8ret\u00f8yet ditt et elegant utseende og overlegen lysstyrke. Lampene tilbyr en enkel plug &amp; play-installasjon med optimalisert kompatibilitet - ingen adaptere er n\u00f8dvendig! <\/span><\/p>\n<p><span>En optimalisert h\u00f8yhastighetsvifte s\u00f8rger for aktiv kj\u00f8ling. OSRAMs LEDriving HL EASY-lamper for fjern- og n\u00e6rlys erstatter konvensjonelle halogenlamper, er 12 V-kompatible og har en kj\u00f8lig hvit fargetemperatur. Med den nyeste teknologien og en sv\u00e6rt kompakt design er de nye lampene sv\u00e6rt kompatible og enkle \u00e5 installere i biler med tilsvarende type halogenlampe. <\/span><\/p>\n<p><span>Disse produktene er ikke ECE-godkjente og kan ikke brukes p\u00e5 offentlig vei i utvendig bruk. Salg og bruk av disse produktene er ikke tillatt i visse land. Ta kontakt med din lokale forhandler for mer informasjon.<\/span><\/p>\n<p><span><strong>Elektriske data:<\/strong><br \/>- Maksimal effekt: 8 W<br \/>- Nominell nominell spenning: 12,0 V<br \/>- Nominell wattstyrke: 8W<br \/>- Testspenning i volt: 13,2 V<br \/><\/span><\/p>\n<p><span><strong>Fotometriske data:<\/strong><br \/>- Lysstr\u00f8m: 900 lm<br \/>- Lysstr\u00f8m, toleranse: \u00b125 %<br \/>- Lysfarge: Cool White<br \/>- Fargetemperatur: 6500 K<\/span><\/p>\n<p><span><strong>Dimensjoner:<\/strong><br \/>- Diameter: 12,5 mm<br \/>- Lengde: 41,0 mm<br \/>- Produktvekt: 13,80 g<br \/><\/span><\/p>\n<p><span><strong>Forventet levealder:<\/strong><br \/>- Levetid Tc i timer: 1000 timer<\/span><\/p>","protected":false},"excerpt":{"rendered":"<p>Oppgrader bilens belysning med OSRAM LEDriving HL EASY. Disse h\u00f8ytytende LED-lampene tilbyr enkel plug &amp; play-installasjon, overlegen lysstyrke og et stilig, kj\u00f8lig hvitt lys. Perfekt for fjern- og n\u00e6rlys uten behov for adaptere eller spesialverkt\u00f8y.<\/p>","protected":false},"featured_media":5857,"comment_status":"closed","ping_status":"open","template":"","meta":{"_acf_changed":false,"_smort_price_nok":"1170","_smort_price_dkk":"743","_smort_price_eur":"99.54","_smort_sale_price_nok":"","_smort_sale_price_dkk":"","_smort_sale_price_eur":"","smort_restorder":"","shipmondo_restorder":"","_kad_blocks_custom_css":"","_kad_blocks_head_custom_js":"","_kad_blocks_body_custom_js":"","_kad_blocks_footer_custom_js":"","smort_custom_pricelist_1":"700.8","smort_custom_pricelist_2":"613.2","smort_custom_pricelist_3":"569.4","smort_custom_pricelist_4":"876","smort_custom_pricelist_5":"613.2"},"anvandningsomrade":[],"bilmarken":[],"product_brand":[108],"product_cat":[2633,733],"product_tag":[],"class_list":{"0":"post-5856","1":"product","2":"type-product","3":"status-publish","4":"has-post-thumbnail","6":"product_brand-osram","7":"product_cat-osram-ledriving-halvljus-helljus","8":"product_cat-halvljus-helljus","9":"pa_faktisk-effekts-forbrukning-1692","10":"pa_fargtemperatur-6500k","11":"pa_lampsockel-kontakt-h3","12":"pa_volt-v-159","14":"first","15":"instock","16":"taxable","17":"shipping-taxable","18":"purchasable","19":"product-type-simple"},"bundled_by":[],"bundle_stock_status":"instock","bundle_stock_quantity":5,"bundle_virtual":false,"bundle_layout":"","bundle_add_to_cart_form_location":"","bundle_editable_in_cart":false,"bundle_sold_individually_context":"","bundle_item_grouping":"","bundle_min_size":"","bundle_max_size":"","bundle_price":[],"bundled_items":[],"bundle_sell_ids":[],"acf":[],"yoast_head":"<!-- This site is optimized with the Yoast SEO plugin v27.0 - https:\/\/yoast.com\/product\/yoast-seo-wordpress\/ -->\n<title>LEDriving HL EASY H3 - Xenonkungen<\/title>\n<meta name=\"robots\" content=\"index, follow, max-snippet:-1, max-image-preview:large, max-video-preview:-1\" \/>\n<link rel=\"canonical\" href=\"https:\/\/xenonkungen.com\/no\/produkt\/led-kjoring-hl-easy-h3\/\" \/>\n<meta property=\"og:locale\" content=\"nb_NO\" \/>\n<meta property=\"og:type\" content=\"article\" \/>\n<meta property=\"og:title\" content=\"LEDriving HL EASY H3 - Xenonkungen\" \/>\n<meta property=\"og:description\" content=\"Uppgradera din bils belysning med OSRAM LEDriving HL EASY. Dessa h\u00f6gpresterande LED-lampor erbjuder enkel plug &amp; play-installation, \u00f6verl\u00e4gsen ljusstyrka och ett stilrent kallvitt ljus. Perfekt f\u00f6r helljus och halvljus utan behov av adaptrar eller specialverktyg.\" \/>\n<meta property=\"og:url\" content=\"https:\/\/xenonkungen.com\/no\/produkt\/led-kjoring-hl-easy-h3\/\" \/>\n<meta property=\"og:site_name\" content=\"Xenonkungen\" \/>\n<meta property=\"article:modified_time\" content=\"2026-04-11T00:23:04+00:00\" \/>\n<meta property=\"og:image\" content=\"https:\/\/xenonkungen.com\/wp-content\/uploads\/2025\/04\/215460671-origpic-62ca03.jpg\" \/>\n\t<meta property=\"og:image:width\" content=\"868\" \/>\n\t<meta property=\"og:image:height\" content=\"729\" \/>\n\t<meta property=\"og:image:type\" content=\"image\/jpeg\" \/>\n<meta name=\"twitter:card\" content=\"summary_large_image\" \/>\n<meta name=\"twitter:label1\" content=\"Ansl. lesetid\" \/>\n\t<meta name=\"twitter:data1\" content=\"1 minutt\" \/>\n<script type=\"application\/ld+json\" class=\"yoast-schema-graph\">{\"@context\":\"https:\/\/schema.org\",\"@graph\":[{\"@type\":\"WebPage\",\"@id\":\"https:\/\/xenonkungen.com\/produkt\/ledriving-hl-easy-h3\/\",\"url\":\"https:\/\/xenonkungen.com\/produkt\/ledriving-hl-easy-h3\/\",\"name\":\"LEDriving HL EASY H3 - Xenonkungen\",\"isPartOf\":{\"@id\":\"https:\/\/xenonkungen.com\/#website\"},\"primaryImageOfPage\":{\"@id\":\"https:\/\/xenonkungen.com\/produkt\/ledriving-hl-easy-h3\/#primaryimage\"},\"image\":{\"@id\":\"https:\/\/xenonkungen.com\/produkt\/ledriving-hl-easy-h3\/#primaryimage\"},\"thumbnailUrl\":\"https:\/\/xenonkungen.com\/wp-content\/uploads\/2025\/04\/215460671-origpic-62ca03.jpg\",\"datePublished\":\"2025-04-15T09:36:36+00:00\",\"dateModified\":\"2026-04-11T00:23:04+00:00\",\"breadcrumb\":{\"@id\":\"https:\/\/xenonkungen.com\/produkt\/ledriving-hl-easy-h3\/#breadcrumb\"},\"inLanguage\":\"nb-NO\",\"potentialAction\":[{\"@type\":\"ReadAction\",\"target\":[\"https:\/\/xenonkungen.com\/produkt\/ledriving-hl-easy-h3\/\"]}]},{\"@type\":\"ImageObject\",\"inLanguage\":\"nb-NO\",\"@id\":\"https:\/\/xenonkungen.com\/produkt\/ledriving-hl-easy-h3\/#primaryimage\",\"url\":\"https:\/\/xenonkungen.com\/wp-content\/uploads\/2025\/04\/215460671-origpic-62ca03.jpg\",\"contentUrl\":\"https:\/\/xenonkungen.com\/wp-content\/uploads\/2025\/04\/215460671-origpic-62ca03.jpg\",\"width\":868,\"height\":729},{\"@type\":\"BreadcrumbList\",\"@id\":\"https:\/\/xenonkungen.com\/produkt\/ledriving-hl-easy-h3\/#breadcrumb\",\"itemListElement\":[{\"@type\":\"ListItem\",\"position\":1,\"name\":\"Hem\",\"item\":\"https:\/\/xenonkungen.com\/\"},{\"@type\":\"ListItem\",\"position\":2,\"name\":\"Shop\",\"item\":\"https:\/\/xenonkungen.com\/shop\/\"},{\"@type\":\"ListItem\",\"position\":3,\"name\":\"LEDriving HL EASY H3\"}]},{\"@type\":\"WebSite\",\"@id\":\"https:\/\/xenonkungen.com\/#website\",\"url\":\"https:\/\/xenonkungen.com\/\",\"name\":\"Xenonkungen\",\"description\":\"\",\"potentialAction\":[{\"@type\":\"SearchAction\",\"target\":{\"@type\":\"EntryPoint\",\"urlTemplate\":\"https:\/\/xenonkungen.com\/?s={search_term_string}\"},\"query-input\":{\"@type\":\"PropertyValueSpecification\",\"valueRequired\":true,\"valueName\":\"search_term_string\"}}],\"inLanguage\":\"nb-NO\"}]}<\/script>\n<!-- \/ Yoast SEO plugin. -->","yoast_head_json":{"title":"LEDriving HL EASY H3 \u2013 Xenon-kongen","robots":{"index":"index","follow":"follow","max-snippet":"max-snippet:-1","max-image-preview":"max-image-preview:large","max-video-preview":"max-video-preview:-1"},"canonical":"https:\/\/xenonkungen.com\/no\/produkt\/led-kjoring-hl-easy-h3\/","og_locale":"nb_NO","og_type":"article","og_title":"LEDriving HL EASY H3 - Xenonkungen","og_description":"Uppgradera din bils belysning med OSRAM LEDriving HL EASY. Dessa h\u00f6gpresterande LED-lampor erbjuder enkel plug & play-installation, \u00f6verl\u00e4gsen ljusstyrka och ett stilrent kallvitt ljus. Perfekt f\u00f6r helljus och halvljus utan behov av adaptrar eller specialverktyg.","og_url":"https:\/\/xenonkungen.com\/no\/produkt\/led-kjoring-hl-easy-h3\/","og_site_name":"Xenonkungen","article_modified_time":"2026-04-11T00:23:04+00:00","og_image":[{"width":868,"height":729,"url":"https:\/\/xenonkungen.com\/wp-content\/uploads\/2025\/04\/215460671-origpic-62ca03.jpg","type":"image\/jpeg"}],"twitter_card":"summary_large_image","twitter_misc":{"Ansl. lesetid":"1 minutt"},"schema":{"@context":"https:\/\/schema.org","@graph":[{"@type":"WebPage","@id":"https:\/\/xenonkungen.com\/produkt\/ledriving-hl-easy-h3\/","url":"https:\/\/xenonkungen.com\/produkt\/ledriving-hl-easy-h3\/","name":"LEDriving HL EASY H3 \u2013 Xenon-kongen","isPartOf":{"@id":"https:\/\/xenonkungen.com\/#website"},"primaryImageOfPage":{"@id":"https:\/\/xenonkungen.com\/produkt\/ledriving-hl-easy-h3\/#primaryimage"},"image":{"@id":"https:\/\/xenonkungen.com\/produkt\/ledriving-hl-easy-h3\/#primaryimage"},"thumbnailUrl":"https:\/\/xenonkungen.com\/wp-content\/uploads\/2025\/04\/215460671-origpic-62ca03.jpg","datePublished":"2025-04-15T09:36:36+00:00","dateModified":"2026-04-11T00:23:04+00:00","breadcrumb":{"@id":"https:\/\/xenonkungen.com\/produkt\/ledriving-hl-easy-h3\/#breadcrumb"},"inLanguage":"nb-NO","potentialAction":[{"@type":"ReadAction","target":["https:\/\/xenonkungen.com\/produkt\/ledriving-hl-easy-h3\/"]}]},{"@type":"ImageObject","inLanguage":"nb-NO","@id":"https:\/\/xenonkungen.com\/produkt\/ledriving-hl-easy-h3\/#primaryimage","url":"https:\/\/xenonkungen.com\/wp-content\/uploads\/2025\/04\/215460671-origpic-62ca03.jpg","contentUrl":"https:\/\/xenonkungen.com\/wp-content\/uploads\/2025\/04\/215460671-origpic-62ca03.jpg","width":868,"height":729},{"@type":"BreadcrumbList","@id":"https:\/\/xenonkungen.com\/produkt\/ledriving-hl-easy-h3\/#breadcrumb","itemListElement":[{"@type":"ListItem","position":1,"name":"Hem","item":"https:\/\/xenonkungen.com\/"},{"@type":"ListItem","position":2,"name":"Shop","item":"https:\/\/xenonkungen.com\/shop\/"},{"@type":"ListItem","position":3,"name":"LEDriving HL EASY H3"}]},{"@type":"WebSite","@id":"https:\/\/xenonkungen.com\/#website","url":"https:\/\/xenonkungen.com\/","name":"Xenonkungen","description":"","potentialAction":[{"@type":"SearchAction","target":{"@type":"EntryPoint","urlTemplate":"https:\/\/xenonkungen.com\/?s={search_term_string}"},"query-input":{"@type":"PropertyValueSpecification","valueRequired":true,"valueName":"search_term_string"}}],"inLanguage":"nb-NO"}]}},"taxonomy_info":{"product_brand":[{"value":108,"label":"OSRAM"}],"product_cat":[{"value":2633,"label":"OSRAM Ledriving"},{"value":733,"label":"Halvljus \/ Helljus"}],"pa_faktisk-effekts-forbrukning":[{"value":1692,"label":"8"}],"pa_fargtemperatur":[{"value":353,"label":"6500K"}],"pa_lampsockel-kontakt":[{"value":339,"label":"H3"}],"pa_volt-v":[{"value":159,"label":"12"}]},"featured_image_src_large":["https:\/\/xenonkungen.com\/wp-content\/uploads\/2025\/04\/215460671-origpic-62ca03.jpg",868,729,false],"author_info":[],"comment_info":1,"_links":{"self":[{"href":"https:\/\/xenonkungen.com\/no\/wp-json\/wp\/v2\/product\/5856","targetHints":{"allow":["GET"]}}],"collection":[{"href":"https:\/\/xenonkungen.com\/no\/wp-json\/wp\/v2\/product"}],"about":[{"href":"https:\/\/xenonkungen.com\/no\/wp-json\/wp\/v2\/types\/product"}],"replies":[{"embeddable":true,"href":"https:\/\/xenonkungen.com\/no\/wp-json\/wp\/v2\/comments?post=5856"}],"wp:featuredmedia":[{"embeddable":true,"href":"https:\/\/xenonkungen.com\/no\/wp-json\/wp\/v2\/media\/5857"}],"wp:attachment":[{"href":"https:\/\/xenonkungen.com\/no\/wp-json\/wp\/v2\/media?parent=5856"}],"wp:term":[{"taxonomy":"anvandningsomrade","embeddable":true,"href":"https:\/\/xenonkungen.com\/no\/wp-json\/wp\/v2\/anvandningsomrade?post=5856"},{"taxonomy":"bilmarken","embeddable":true,"href":"https:\/\/xenonkungen.com\/no\/wp-json\/wp\/v2\/bilmarken?post=5856"},{"taxonomy":"product_brand","embeddable":true,"href":"https:\/\/xenonkungen.com\/no\/wp-json\/wp\/v2\/product_brand?post=5856"},{"taxonomy":"product_cat","embeddable":true,"href":"https:\/\/xenonkungen.com\/no\/wp-json\/wp\/v2\/product_cat?post=5856"},{"taxonomy":"product_tag","embeddable":true,"href":"https:\/\/xenonkungen.com\/no\/wp-json\/wp\/v2\/product_tag?post=5856"}],"curies":[{"name":"wp","href":"https:\/\/api.w.org\/{rel}","templated":true}]}}