{"id":5939,"date":"2025-04-15T09:37:32","date_gmt":"2025-04-15T09:37:32","guid":{"rendered":"https:\/\/xenonkungen.com\/product\/ledriving-street-legal-adapter-01-1\/"},"modified":"2026-04-24T17:36:38","modified_gmt":"2026-04-24T16:36:38","slug":"ledriving-gateadapter-01-1","status":"publish","type":"product","link":"https:\/\/xenonkungen.com\/no\/produkt\/ledriving-gateadapter-01-1\/","title":{"rendered":"LEDriving\u00ae Street Legal Adapter 01-1"},"content":{"rendered":"<h3>LEDriving-adapter 64210DA01-1<\/h3>\n<p>Optimaliser bilbelysningen med LEDriving Adapter 64210DA01-1, som er utviklet for \u00e5 gj\u00f8re det enklere \u00e5 ettermontere LED-lys i ulike kj\u00f8ret\u00f8ytyper. Denne modellen er ideell for dem som \u00f8nsker \u00e5 oppgradere kj\u00f8ret\u00f8yene sine med effektive og holdbare LED-l\u00f8sninger, samtidig som den er enkel \u00e5 installere og universelt kompatibel.<\/p>\n<h4>Produktinformasjon<\/h4>\n<ul>\n<li><strong>Kategori:<\/strong> Tilbeh\u00f8r for ettermontering av LED<\/li>\n<li><strong>Teknologi:<\/strong> LED-tilbeh\u00f8r<\/li>\n<li><strong>Diameter:<\/strong> 22,5 mm<\/li>\n<li><strong>Bestillingsnummer:<\/strong> 64210DA01-1<\/li>\n<\/ul>\n<h4>Funksjoner og fordeler<\/h4>\n<ul>\n<li><strong>Enkel installasjon:<\/strong> Takket v\u00e6re gjennomtenkte monteringsbraketter er adapteren enkel \u00e5 montere og passer sikkert til ulike bilmodeller.<\/li>\n<li><strong>Universell bruk:<\/strong> Adapteren er utformet for \u00e5 passe til en lang rekke bilmodeller, noe som gj\u00f8r den til en fleksibel l\u00f8sning for LED-oppgraderinger.<\/li>\n<li><strong>H\u00f8y kvalitet og sikkerhet:<\/strong> Produktet er i samsvar med EUs sikkerhets- og milj\u00f8standarder i henhold til REACH-forordningen, noe som sikrer trygg bruk.<\/li>\n<\/ul>\n<h4>Kvalitet og sikkerhet<\/h4>\n<ul>\n<li><strong>Materiale:<\/strong> Inneholder bly (bly, CAS-nr. 7439-92-1), men er identifisert for sikker bruk p\u00e5 EUs kandidatliste.<\/li>\n<li><strong>Sikkerhetsinstruksjoner:<\/strong> Bruken av denne adapteren gj\u00f8r det mulig \u00e5 installere og bruke LED-lamper p\u00e5 en sikker m\u00e5te i bilmilj\u00f8er.<\/li>\n<\/ul>\n<p>For ytterligere teknisk informasjon og installasjonstips, se det fullstendige produktdatabladet eller bes\u00f8k OSRAMs offisielle nettsted. Dette produktet er en del av en serie adaptere som tilbyr forskjellige st\u00f8rrelser og tilpasninger for \u00e5 dekke dine spesifikke kj\u00f8ret\u00f8ybehov.<\/p>\n<p><strong>Passer til f\u00f8lgende biler:<\/strong><\/p>\n<p><strong>BMW<br \/><\/strong>\u2013 1. plass (F20\/F21) 2012\u20132015<br \/>- 1. (F20\/F21) Ansiktsl\u00f8ftning 2015-2019<br \/>- 3-serie (F30\/F31\/F80) ansiktsl\u00f8ftning 2015-2019<\/p>\n<p><strong>Citroen<\/strong><br \/>\u2013 C3 Picasso 2009\u20132017<\/p>\n<p><strong>Lancia<\/strong><br \/>\u2013 Muse 2007\u20132012<br \/>\u2013 Ypsilon 2007\u20132012<\/p>\n<p><strong>MAN<\/strong><br \/>\u2013 TGE 2017-<\/p>\n<p><strong>Mercedes<\/strong><br \/>\u2013 A-klasse (W176) 2012\u20132018<br \/>\u2013 A-klasse (W177\/V177) 2018-<br \/>\u2013 B-klasse (W247) 2018-<br \/>- C-klasse (W203 CL) 2001-2004<br \/>\u2013 Citan (W420) 2021-<br \/>\u2013 CLA (118) 2019-<br \/>\u2013 CLB (X247) 2019-<br \/>\u2013 Sprinter (W906\/B906) 2006\u20132013<\/p>\n<p><strong>Vauxhall<\/strong><br \/>- Astra (H) 2004-2010<br \/>- Astra (P-J) 2009-<br \/>- Astra Sports Tourer (P-J\/SW) 2009-<br \/>- Astra Van (P-J\/V) 2009-<br \/>\u2013 Astra Sports Tourer (PJ\/SW\/V) 2009-<br \/>\u2013 Insignia (A) 2008\u20132017<\/p>\n<p><strong>Skoda<\/strong><br \/>\u2013 Citigo, og Citigo Facelift 2017-2021<br \/>\u2013 Kodiaq 2017-<br \/>\u2013 Superb 3 2015-<\/p>\n<p><strong>VW<\/strong><br \/>\u2013 Caddy 4 (SA) 2016\u20132020<br \/>\u2013 H\u00e5ndverker 2 2017-<br \/>\u2013 Golf 7 (5G) ansiktsl\u00f8ftning 2017-<br \/>\u2013 Jetta 6 2010\u20132018<br \/>\u2013 Passat (B5) 2000\u20132005<br \/>\u2013 Polo (6R) 2009-<br \/>\u2013 Polo (6R\/6C) 2014-<br \/>\u2013 Tiguan 1 (5N) 2007\u20132011<br \/>\u2013 Touareg 2 (7P5, 7P6) 2010-2014<\/p>","protected":false},"excerpt":{"rendered":"<p>Skaff deg LEDriving\u00ae-lysadapteren i dag for \u00e5 gj\u00f8re bilen din lovlig i trafikken! Denne adapteren er perfekt for \u00e5 tilpasse LED-hovedlysene dine til lovlige spesifikasjoner. Kj\u00f8p den n\u00e5 i nettbutikken v\u00e5r, og kj\u00f8r tryggere og mer lovlig med lysene dine.<\/p>","protected":false},"featured_media":5940,"comment_status":"closed","ping_status":"open","template":"","meta":{"_acf_changed":false,"_smort_price_nok":"105","_smort_price_dkk":"66","_smort_price_eur":"8.91","_smort_sale_price_nok":"","_smort_sale_price_dkk":"","_smort_sale_price_eur":"","smort_restorder":"","shipmondo_restorder":"","_kad_blocks_custom_css":"","_kad_blocks_head_custom_js":"","_kad_blocks_body_custom_js":"","_kad_blocks_footer_custom_js":"","smort_custom_pricelist_1":"62.72","smort_custom_pricelist_2":"62.72","smort_custom_pricelist_3":"59.58","smort_custom_pricelist_4":"78.4","smort_custom_pricelist_5":"62.26"},"anvandningsomrade":[],"bilmarken":[],"product_brand":[108],"product_cat":[2465,733],"product_tag":[],"class_list":{"0":"post-5939","1":"product","2":"type-product","3":"status-publish","4":"has-post-thumbnail","6":"product_brand-osram","7":"product_cat-lamphallare-halvljus-helljus","8":"product_cat-halvljus-helljus","10":"first","11":"instock","12":"taxable","13":"shipping-taxable","14":"purchasable","15":"product-type-simple"},"bundled_by":[],"bundle_stock_status":"instock","bundle_stock_quantity":4,"bundle_virtual":false,"bundle_layout":"","bundle_add_to_cart_form_location":"","bundle_editable_in_cart":false,"bundle_sold_individually_context":"","bundle_item_grouping":"","bundle_min_size":"","bundle_max_size":"","bundle_price":[],"bundled_items":[],"bundle_sell_ids":[],"acf":[],"yoast_head":"<!-- This site is optimized with the Yoast SEO plugin v27.0 - https:\/\/yoast.com\/product\/yoast-seo-wordpress\/ -->\n<title>LEDriving\u00ae Street Legal Adapter 01-1 - Xenonkungen<\/title>\n<meta name=\"robots\" content=\"index, follow, max-snippet:-1, max-image-preview:large, max-video-preview:-1\" \/>\n<link rel=\"canonical\" href=\"https:\/\/xenonkungen.com\/no\/produkt\/ledriving-gateadapter-01-1\/\" \/>\n<meta property=\"og:locale\" content=\"nb_NO\" \/>\n<meta property=\"og:type\" content=\"article\" \/>\n<meta property=\"og:title\" content=\"LEDriving\u00ae Street Legal Adapter 01-1 - Xenonkungen\" \/>\n<meta property=\"og:description\" content=\"F\u00e5 din LEDriving\u00ae-ljusadapter idag f\u00f6r att g\u00f6ra din bil laglig p\u00e5 gatorna! Denna adapter \u00e4r perfekt f\u00f6r att anpassa dina LED-str\u00e5lkastare till lagliga specifikationer. K\u00f6p den nu i v\u00e5r webbutik och k\u00f6r s\u00e4krare och lagligt med din belysning.\" \/>\n<meta property=\"og:url\" content=\"https:\/\/xenonkungen.com\/no\/produkt\/ledriving-gateadapter-01-1\/\" \/>\n<meta property=\"og:site_name\" content=\"Xenonkungen\" \/>\n<meta property=\"article:modified_time\" content=\"2026-04-24T16:36:38+00:00\" \/>\n<meta property=\"og:image\" content=\"https:\/\/xenonkungen.com\/wp-content\/uploads\/2025\/04\/201847995-origpic-ffaa1c.jpg\" \/>\n\t<meta property=\"og:image:width\" content=\"1024\" \/>\n\t<meta property=\"og:image:height\" content=\"1024\" \/>\n\t<meta property=\"og:image:type\" content=\"image\/jpeg\" \/>\n<meta name=\"twitter:card\" content=\"summary_large_image\" \/>\n<meta name=\"twitter:label1\" content=\"Ansl. lesetid\" \/>\n\t<meta name=\"twitter:data1\" content=\"2 minutter\" \/>\n<script type=\"application\/ld+json\" class=\"yoast-schema-graph\">{\"@context\":\"https:\/\/schema.org\",\"@graph\":[{\"@type\":\"WebPage\",\"@id\":\"https:\/\/xenonkungen.com\/produkt\/ledriving-street-legal-adapter-01-1\/\",\"url\":\"https:\/\/xenonkungen.com\/produkt\/ledriving-street-legal-adapter-01-1\/\",\"name\":\"LEDriving\u00ae Street Legal Adapter 01-1 - Xenonkungen\",\"isPartOf\":{\"@id\":\"https:\/\/xenonkungen.com\/#website\"},\"primaryImageOfPage\":{\"@id\":\"https:\/\/xenonkungen.com\/produkt\/ledriving-street-legal-adapter-01-1\/#primaryimage\"},\"image\":{\"@id\":\"https:\/\/xenonkungen.com\/produkt\/ledriving-street-legal-adapter-01-1\/#primaryimage\"},\"thumbnailUrl\":\"https:\/\/xenonkungen.com\/wp-content\/uploads\/2025\/04\/201847995-origpic-ffaa1c.jpg\",\"datePublished\":\"2025-04-15T09:37:32+00:00\",\"dateModified\":\"2026-04-24T16:36:38+00:00\",\"breadcrumb\":{\"@id\":\"https:\/\/xenonkungen.com\/produkt\/ledriving-street-legal-adapter-01-1\/#breadcrumb\"},\"inLanguage\":\"nb-NO\",\"potentialAction\":[{\"@type\":\"ReadAction\",\"target\":[\"https:\/\/xenonkungen.com\/produkt\/ledriving-street-legal-adapter-01-1\/\"]}]},{\"@type\":\"ImageObject\",\"inLanguage\":\"nb-NO\",\"@id\":\"https:\/\/xenonkungen.com\/produkt\/ledriving-street-legal-adapter-01-1\/#primaryimage\",\"url\":\"https:\/\/xenonkungen.com\/wp-content\/uploads\/2025\/04\/201847995-origpic-ffaa1c.jpg\",\"contentUrl\":\"https:\/\/xenonkungen.com\/wp-content\/uploads\/2025\/04\/201847995-origpic-ffaa1c.jpg\",\"width\":1024,\"height\":1024},{\"@type\":\"BreadcrumbList\",\"@id\":\"https:\/\/xenonkungen.com\/produkt\/ledriving-street-legal-adapter-01-1\/#breadcrumb\",\"itemListElement\":[{\"@type\":\"ListItem\",\"position\":1,\"name\":\"Hem\",\"item\":\"https:\/\/xenonkungen.com\/\"},{\"@type\":\"ListItem\",\"position\":2,\"name\":\"Shop\",\"item\":\"https:\/\/xenonkungen.com\/shop\/\"},{\"@type\":\"ListItem\",\"position\":3,\"name\":\"LEDriving\u00ae Street Legal Adapter 01-1\"}]},{\"@type\":\"WebSite\",\"@id\":\"https:\/\/xenonkungen.com\/#website\",\"url\":\"https:\/\/xenonkungen.com\/\",\"name\":\"Xenonkungen\",\"description\":\"\",\"potentialAction\":[{\"@type\":\"SearchAction\",\"target\":{\"@type\":\"EntryPoint\",\"urlTemplate\":\"https:\/\/xenonkungen.com\/?s={search_term_string}\"},\"query-input\":{\"@type\":\"PropertyValueSpecification\",\"valueRequired\":true,\"valueName\":\"search_term_string\"}}],\"inLanguage\":\"nb-NO\"}]}<\/script>\n<!-- \/ Yoast SEO plugin. -->","yoast_head_json":{"title":"LEDriving\u00ae Street Legal Adapter 01-1 \u2013 Xenon-kongen","robots":{"index":"index","follow":"follow","max-snippet":"max-snippet:-1","max-image-preview":"max-image-preview:large","max-video-preview":"max-video-preview:-1"},"canonical":"https:\/\/xenonkungen.com\/no\/produkt\/ledriving-gateadapter-01-1\/","og_locale":"nb_NO","og_type":"article","og_title":"LEDriving\u00ae Street Legal Adapter 01-1 - Xenonkungen","og_description":"F\u00e5 din LEDriving\u00ae-ljusadapter idag f\u00f6r att g\u00f6ra din bil laglig p\u00e5 gatorna! Denna adapter \u00e4r perfekt f\u00f6r att anpassa dina LED-str\u00e5lkastare till lagliga specifikationer. K\u00f6p den nu i v\u00e5r webbutik och k\u00f6r s\u00e4krare och lagligt med din belysning.","og_url":"https:\/\/xenonkungen.com\/no\/produkt\/ledriving-gateadapter-01-1\/","og_site_name":"Xenonkungen","article_modified_time":"2026-04-24T16:36:38+00:00","og_image":[{"width":1024,"height":1024,"url":"https:\/\/xenonkungen.com\/wp-content\/uploads\/2025\/04\/201847995-origpic-ffaa1c.jpg","type":"image\/jpeg"}],"twitter_card":"summary_large_image","twitter_misc":{"Ansl. lesetid":"2 minutter"},"schema":{"@context":"https:\/\/schema.org","@graph":[{"@type":"WebPage","@id":"https:\/\/xenonkungen.com\/produkt\/ledriving-street-legal-adapter-01-1\/","url":"https:\/\/xenonkungen.com\/produkt\/ledriving-street-legal-adapter-01-1\/","name":"LEDriving\u00ae Street Legal Adapter 01-1 \u2013 Xenon-kongen","isPartOf":{"@id":"https:\/\/xenonkungen.com\/#website"},"primaryImageOfPage":{"@id":"https:\/\/xenonkungen.com\/produkt\/ledriving-street-legal-adapter-01-1\/#primaryimage"},"image":{"@id":"https:\/\/xenonkungen.com\/produkt\/ledriving-street-legal-adapter-01-1\/#primaryimage"},"thumbnailUrl":"https:\/\/xenonkungen.com\/wp-content\/uploads\/2025\/04\/201847995-origpic-ffaa1c.jpg","datePublished":"2025-04-15T09:37:32+00:00","dateModified":"2026-04-24T16:36:38+00:00","breadcrumb":{"@id":"https:\/\/xenonkungen.com\/produkt\/ledriving-street-legal-adapter-01-1\/#breadcrumb"},"inLanguage":"nb-NO","potentialAction":[{"@type":"ReadAction","target":["https:\/\/xenonkungen.com\/produkt\/ledriving-street-legal-adapter-01-1\/"]}]},{"@type":"ImageObject","inLanguage":"nb-NO","@id":"https:\/\/xenonkungen.com\/produkt\/ledriving-street-legal-adapter-01-1\/#primaryimage","url":"https:\/\/xenonkungen.com\/wp-content\/uploads\/2025\/04\/201847995-origpic-ffaa1c.jpg","contentUrl":"https:\/\/xenonkungen.com\/wp-content\/uploads\/2025\/04\/201847995-origpic-ffaa1c.jpg","width":1024,"height":1024},{"@type":"BreadcrumbList","@id":"https:\/\/xenonkungen.com\/produkt\/ledriving-street-legal-adapter-01-1\/#breadcrumb","itemListElement":[{"@type":"ListItem","position":1,"name":"Hem","item":"https:\/\/xenonkungen.com\/"},{"@type":"ListItem","position":2,"name":"Shop","item":"https:\/\/xenonkungen.com\/shop\/"},{"@type":"ListItem","position":3,"name":"LEDriving\u00ae Street Legal Adapter 01-1"}]},{"@type":"WebSite","@id":"https:\/\/xenonkungen.com\/#website","url":"https:\/\/xenonkungen.com\/","name":"Xenonkungen","description":"","potentialAction":[{"@type":"SearchAction","target":{"@type":"EntryPoint","urlTemplate":"https:\/\/xenonkungen.com\/?s={search_term_string}"},"query-input":{"@type":"PropertyValueSpecification","valueRequired":true,"valueName":"search_term_string"}}],"inLanguage":"nb-NO"}]}},"taxonomy_info":{"product_brand":[{"value":108,"label":"OSRAM"}],"product_cat":[{"value":2465,"label":"Lamph\u00e5llare"},{"value":733,"label":"Halvljus \/ Helljus"}]},"featured_image_src_large":["https:\/\/xenonkungen.com\/wp-content\/uploads\/2025\/04\/201847995-origpic-ffaa1c.jpg",1024,1024,false],"author_info":[],"comment_info":0,"_links":{"self":[{"href":"https:\/\/xenonkungen.com\/no\/wp-json\/wp\/v2\/product\/5939","targetHints":{"allow":["GET"]}}],"collection":[{"href":"https:\/\/xenonkungen.com\/no\/wp-json\/wp\/v2\/product"}],"about":[{"href":"https:\/\/xenonkungen.com\/no\/wp-json\/wp\/v2\/types\/product"}],"replies":[{"embeddable":true,"href":"https:\/\/xenonkungen.com\/no\/wp-json\/wp\/v2\/comments?post=5939"}],"wp:featuredmedia":[{"embeddable":true,"href":"https:\/\/xenonkungen.com\/no\/wp-json\/wp\/v2\/media\/5940"}],"wp:attachment":[{"href":"https:\/\/xenonkungen.com\/no\/wp-json\/wp\/v2\/media?parent=5939"}],"wp:term":[{"taxonomy":"anvandningsomrade","embeddable":true,"href":"https:\/\/xenonkungen.com\/no\/wp-json\/wp\/v2\/anvandningsomrade?post=5939"},{"taxonomy":"bilmarken","embeddable":true,"href":"https:\/\/xenonkungen.com\/no\/wp-json\/wp\/v2\/bilmarken?post=5939"},{"taxonomy":"product_brand","embeddable":true,"href":"https:\/\/xenonkungen.com\/no\/wp-json\/wp\/v2\/product_brand?post=5939"},{"taxonomy":"product_cat","embeddable":true,"href":"https:\/\/xenonkungen.com\/no\/wp-json\/wp\/v2\/product_cat?post=5939"},{"taxonomy":"product_tag","embeddable":true,"href":"https:\/\/xenonkungen.com\/no\/wp-json\/wp\/v2\/product_tag?post=5939"}],"curies":[{"name":"wp","href":"https:\/\/api.w.org\/{rel}","templated":true}]}}