{"id":5975,"date":"2025-04-15T09:37:46","date_gmt":"2025-04-15T09:37:46","guid":{"rendered":"https:\/\/xenonkungen.com\/product\/ledriving-street-legal-adapter-a06\/"},"modified":"2026-03-17T11:51:51","modified_gmt":"2026-03-17T10:51:51","slug":"ledriving-street-legal-adapter-a06","status":"publish","type":"product","link":"https:\/\/xenonkungen.com\/no\/produkt\/ledriving-street-legal-adapter-a06\/","title":{"rendered":"LEDriving\u00ae Street Legal Adapter A06"},"content":{"rendered":"<h3>LEDriving Street Legal Adapter A06<\/h3>\n<p>Oppdag en smidig overgang til LED med LEDriving Street Legal Adapter A06. Denne adapteren er laget for \u00e5 gj\u00f8re LED-oppgraderinger enkle og kompatible med et bredt spekter av bilmodeller, noe som sikrer perfekt passform og holdbar montering av LED-lys.<\/p>\n<h4>Produktinformasjon<\/h4>\n<ul>\n<li><strong>Produktkategori:<\/strong> Tilbeh\u00f8r for ettermontering av LED<\/li>\n<li><strong>Teknologi:<\/strong> LED-tilbeh\u00f8r<\/li>\n<\/ul>\n<h4>Dimensjoner og tekniske data<\/h4>\n<ul>\n<li><strong>Diameter:<\/strong> Adapterens st\u00f8rrelse er skreddersydd for \u00e5 passe til spesifikke bilmodeller, noe som sikrer en ideell passform.<\/li>\n<li><strong>Milj\u00f8informasjon:<\/strong> Produktet er i samsvar med EU-forordningen REACH, noe som betyr at det identifiserte stoffet bly (CAS-nr. 7439-92-1) brukes p\u00e5 en sikker m\u00e5te i henhold til instruksjonene som f\u00f8lger med.<\/li>\n<\/ul>\n<h4>Kompatibilitet og bruk<\/h4>\n<ul>\n<li><strong>Enkel installasjon:<\/strong> Monteringsbrakettene s\u00f8rger for enkel montering og sikker passform.<\/li>\n<li><strong>Sjekker for kompatibilitet:<\/strong> Du kan sjekke kompatibiliteten med din bilmodell p\u00e5 OSRAMs nettsted for \u00e5 forsikre deg om at LEDriving Adapter A06 passer dine behov.<\/li>\n<\/ul>\n<h4>Kvalitetssikring<\/h4>\n<ul>\n<li>Produktet leveres med en erkl\u00e6ring fra SCIP-databasen og oppfyller de n\u00f8dvendige kvalitetsstandardene og retningslinjene som er spesifisert av OSRAM.<\/li>\n<\/ul>\n<p>For detaljerte instruksjoner og mer informasjon, inkludert juridiske r\u00e5d og r\u00e5d om bruk, kan du bes\u00f8ke OSRAMs offisielle nettsted eller laste ned<\/p>","protected":false},"excerpt":{"rendered":"<p>N\u00e5 kan du enkelt f\u00e5 bilen din til \u00e5 se bedre og tryggere ut med LEDriving\u00ae Street Legal Adapter A06! Denne adapteren gj\u00f8r det mulig \u00e5 oppgradere vanlige halogenlamper til moderne LED-lamper, samtidig som du holder deg innenfor loven. Oppgrader bilen din i dag og f\u00e5 bedre sikt og stil p\u00e5 veien. Bes\u00f8k nettbutikken v\u00e5r for \u00e5 kj\u00f8pe din LEDriving\u00ae Street Legal Adapter A06 i dag!<\/p>","protected":false},"featured_media":5976,"comment_status":"closed","ping_status":"open","template":"","meta":{"_acf_changed":false,"_smort_price_nok":"105","_smort_price_dkk":"66","_smort_price_eur":"8.91","_smort_sale_price_nok":"","_smort_sale_price_dkk":"","_smort_sale_price_eur":"","smort_restorder":"","shipmondo_restorder":"","_kad_blocks_custom_css":"","_kad_blocks_head_custom_js":"","_kad_blocks_body_custom_js":"","_kad_blocks_footer_custom_js":"","smort_custom_pricelist_1":"62.72","smort_custom_pricelist_2":"62.72","smort_custom_pricelist_3":"59.58","smort_custom_pricelist_4":"78.4","smort_custom_pricelist_5":"62.26"},"anvandningsomrade":[],"bilmarken":[],"product_brand":[108],"product_cat":[2465,733],"product_tag":[],"class_list":{"0":"post-5975","1":"product","2":"type-product","3":"status-publish","4":"has-post-thumbnail","6":"product_brand-osram","7":"product_cat-lamphallare-halvljus-helljus","8":"product_cat-halvljus-helljus","10":"first","11":"instock","12":"taxable","13":"shipping-taxable","14":"purchasable","15":"product-type-simple"},"bundled_by":[],"bundle_stock_status":"instock","bundle_stock_quantity":5,"bundle_virtual":false,"bundle_layout":"","bundle_add_to_cart_form_location":"","bundle_editable_in_cart":false,"bundle_sold_individually_context":"","bundle_item_grouping":"","bundle_min_size":"","bundle_max_size":"","bundle_price":[],"bundled_items":[],"bundle_sell_ids":[],"acf":[],"yoast_head":"<!-- This site is optimized with the Yoast SEO plugin v27.0 - https:\/\/yoast.com\/product\/yoast-seo-wordpress\/ -->\n<title>LEDriving\u00ae Street Legal Adapter A06 - Xenonkungen<\/title>\n<meta name=\"robots\" content=\"index, follow, max-snippet:-1, max-image-preview:large, max-video-preview:-1\" \/>\n<link rel=\"canonical\" href=\"https:\/\/xenonkungen.com\/no\/produkt\/ledriving-street-legal-adapter-a06\/\" \/>\n<meta property=\"og:locale\" content=\"nb_NO\" \/>\n<meta property=\"og:type\" content=\"article\" \/>\n<meta property=\"og:title\" content=\"LEDriving\u00ae Street Legal Adapter A06 - Xenonkungen\" \/>\n<meta property=\"og:description\" content=\"Nu kan du enkelt g\u00f6ra din bil snyggare och s\u00e4krare med LEDriving\u00ae Street Legal Adapter A06! Denna adapter g\u00f6r det m\u00f6jligt att uppgradera dina vanliga halogenlampor till moderna LED-lampor, samtidigt som du h\u00e5ller dig inom lagens ramar. Uppgradera din bil idag och f\u00e5 b\u00e4ttre synlighet och stil p\u00e5 v\u00e4gen. Bes\u00f6k v\u00e5r webbutik f\u00f6r att k\u00f6pa din LEDriving\u00ae Street Legal Adapter A06 idag!\" \/>\n<meta property=\"og:url\" content=\"https:\/\/xenonkungen.com\/no\/produkt\/ledriving-street-legal-adapter-a06\/\" \/>\n<meta property=\"og:site_name\" content=\"Xenonkungen\" \/>\n<meta property=\"article:modified_time\" content=\"2026-03-17T10:51:51+00:00\" \/>\n<meta property=\"og:image\" content=\"https:\/\/xenonkungen.com\/wp-content\/uploads\/2025\/04\/201848007-origpic-cebe09.jpg\" \/>\n\t<meta property=\"og:image:width\" content=\"1024\" \/>\n\t<meta property=\"og:image:height\" content=\"1024\" \/>\n\t<meta property=\"og:image:type\" content=\"image\/jpeg\" \/>\n<meta name=\"twitter:card\" content=\"summary_large_image\" \/>\n<meta name=\"twitter:label1\" content=\"Ansl. lesetid\" \/>\n\t<meta name=\"twitter:data1\" content=\"1 minutt\" \/>\n<script type=\"application\/ld+json\" class=\"yoast-schema-graph\">{\"@context\":\"https:\/\/schema.org\",\"@graph\":[{\"@type\":\"WebPage\",\"@id\":\"https:\/\/xenonkungen.com\/produkt\/ledriving-street-legal-adapter-a06\/\",\"url\":\"https:\/\/xenonkungen.com\/produkt\/ledriving-street-legal-adapter-a06\/\",\"name\":\"LEDriving\u00ae Street Legal Adapter A06 - Xenonkungen\",\"isPartOf\":{\"@id\":\"https:\/\/xenonkungen.com\/#website\"},\"primaryImageOfPage\":{\"@id\":\"https:\/\/xenonkungen.com\/produkt\/ledriving-street-legal-adapter-a06\/#primaryimage\"},\"image\":{\"@id\":\"https:\/\/xenonkungen.com\/produkt\/ledriving-street-legal-adapter-a06\/#primaryimage\"},\"thumbnailUrl\":\"https:\/\/xenonkungen.com\/wp-content\/uploads\/2025\/04\/201848007-origpic-cebe09.jpg\",\"datePublished\":\"2025-04-15T09:37:46+00:00\",\"dateModified\":\"2026-03-17T10:51:51+00:00\",\"breadcrumb\":{\"@id\":\"https:\/\/xenonkungen.com\/produkt\/ledriving-street-legal-adapter-a06\/#breadcrumb\"},\"inLanguage\":\"nb-NO\",\"potentialAction\":[{\"@type\":\"ReadAction\",\"target\":[\"https:\/\/xenonkungen.com\/produkt\/ledriving-street-legal-adapter-a06\/\"]}]},{\"@type\":\"ImageObject\",\"inLanguage\":\"nb-NO\",\"@id\":\"https:\/\/xenonkungen.com\/produkt\/ledriving-street-legal-adapter-a06\/#primaryimage\",\"url\":\"https:\/\/xenonkungen.com\/wp-content\/uploads\/2025\/04\/201848007-origpic-cebe09.jpg\",\"contentUrl\":\"https:\/\/xenonkungen.com\/wp-content\/uploads\/2025\/04\/201848007-origpic-cebe09.jpg\",\"width\":1024,\"height\":1024},{\"@type\":\"BreadcrumbList\",\"@id\":\"https:\/\/xenonkungen.com\/produkt\/ledriving-street-legal-adapter-a06\/#breadcrumb\",\"itemListElement\":[{\"@type\":\"ListItem\",\"position\":1,\"name\":\"Hem\",\"item\":\"https:\/\/xenonkungen.com\/\"},{\"@type\":\"ListItem\",\"position\":2,\"name\":\"Shop\",\"item\":\"https:\/\/xenonkungen.com\/shop\/\"},{\"@type\":\"ListItem\",\"position\":3,\"name\":\"LEDriving\u00ae Street Legal Adapter A06\"}]},{\"@type\":\"WebSite\",\"@id\":\"https:\/\/xenonkungen.com\/#website\",\"url\":\"https:\/\/xenonkungen.com\/\",\"name\":\"Xenonkungen\",\"description\":\"\",\"potentialAction\":[{\"@type\":\"SearchAction\",\"target\":{\"@type\":\"EntryPoint\",\"urlTemplate\":\"https:\/\/xenonkungen.com\/?s={search_term_string}\"},\"query-input\":{\"@type\":\"PropertyValueSpecification\",\"valueRequired\":true,\"valueName\":\"search_term_string\"}}],\"inLanguage\":\"nb-NO\"}]}<\/script>\n<!-- \/ Yoast SEO plugin. -->","yoast_head_json":{"title":"LEDriving\u00ae Street Legal Adapter A06 \u2013 Xenon-kongen","robots":{"index":"index","follow":"follow","max-snippet":"max-snippet:-1","max-image-preview":"max-image-preview:large","max-video-preview":"max-video-preview:-1"},"canonical":"https:\/\/xenonkungen.com\/no\/produkt\/ledriving-street-legal-adapter-a06\/","og_locale":"nb_NO","og_type":"article","og_title":"LEDriving\u00ae Street Legal Adapter A06 - Xenonkungen","og_description":"Nu kan du enkelt g\u00f6ra din bil snyggare och s\u00e4krare med LEDriving\u00ae Street Legal Adapter A06! Denna adapter g\u00f6r det m\u00f6jligt att uppgradera dina vanliga halogenlampor till moderna LED-lampor, samtidigt som du h\u00e5ller dig inom lagens ramar. Uppgradera din bil idag och f\u00e5 b\u00e4ttre synlighet och stil p\u00e5 v\u00e4gen. Bes\u00f6k v\u00e5r webbutik f\u00f6r att k\u00f6pa din LEDriving\u00ae Street Legal Adapter A06 idag!","og_url":"https:\/\/xenonkungen.com\/no\/produkt\/ledriving-street-legal-adapter-a06\/","og_site_name":"Xenonkungen","article_modified_time":"2026-03-17T10:51:51+00:00","og_image":[{"width":1024,"height":1024,"url":"https:\/\/xenonkungen.com\/wp-content\/uploads\/2025\/04\/201848007-origpic-cebe09.jpg","type":"image\/jpeg"}],"twitter_card":"summary_large_image","twitter_misc":{"Ansl. lesetid":"1 minutt"},"schema":{"@context":"https:\/\/schema.org","@graph":[{"@type":"WebPage","@id":"https:\/\/xenonkungen.com\/produkt\/ledriving-street-legal-adapter-a06\/","url":"https:\/\/xenonkungen.com\/produkt\/ledriving-street-legal-adapter-a06\/","name":"LEDriving\u00ae Street Legal Adapter A06 \u2013 Xenon-kongen","isPartOf":{"@id":"https:\/\/xenonkungen.com\/#website"},"primaryImageOfPage":{"@id":"https:\/\/xenonkungen.com\/produkt\/ledriving-street-legal-adapter-a06\/#primaryimage"},"image":{"@id":"https:\/\/xenonkungen.com\/produkt\/ledriving-street-legal-adapter-a06\/#primaryimage"},"thumbnailUrl":"https:\/\/xenonkungen.com\/wp-content\/uploads\/2025\/04\/201848007-origpic-cebe09.jpg","datePublished":"2025-04-15T09:37:46+00:00","dateModified":"2026-03-17T10:51:51+00:00","breadcrumb":{"@id":"https:\/\/xenonkungen.com\/produkt\/ledriving-street-legal-adapter-a06\/#breadcrumb"},"inLanguage":"nb-NO","potentialAction":[{"@type":"ReadAction","target":["https:\/\/xenonkungen.com\/produkt\/ledriving-street-legal-adapter-a06\/"]}]},{"@type":"ImageObject","inLanguage":"nb-NO","@id":"https:\/\/xenonkungen.com\/produkt\/ledriving-street-legal-adapter-a06\/#primaryimage","url":"https:\/\/xenonkungen.com\/wp-content\/uploads\/2025\/04\/201848007-origpic-cebe09.jpg","contentUrl":"https:\/\/xenonkungen.com\/wp-content\/uploads\/2025\/04\/201848007-origpic-cebe09.jpg","width":1024,"height":1024},{"@type":"BreadcrumbList","@id":"https:\/\/xenonkungen.com\/produkt\/ledriving-street-legal-adapter-a06\/#breadcrumb","itemListElement":[{"@type":"ListItem","position":1,"name":"Hem","item":"https:\/\/xenonkungen.com\/"},{"@type":"ListItem","position":2,"name":"Shop","item":"https:\/\/xenonkungen.com\/shop\/"},{"@type":"ListItem","position":3,"name":"LEDriving\u00ae Street Legal Adapter A06"}]},{"@type":"WebSite","@id":"https:\/\/xenonkungen.com\/#website","url":"https:\/\/xenonkungen.com\/","name":"Xenonkungen","description":"","potentialAction":[{"@type":"SearchAction","target":{"@type":"EntryPoint","urlTemplate":"https:\/\/xenonkungen.com\/?s={search_term_string}"},"query-input":{"@type":"PropertyValueSpecification","valueRequired":true,"valueName":"search_term_string"}}],"inLanguage":"nb-NO"}]}},"taxonomy_info":{"product_brand":[{"value":108,"label":"OSRAM"}],"product_cat":[{"value":2465,"label":"Lamph\u00e5llare"},{"value":733,"label":"Halvljus \/ Helljus"}]},"featured_image_src_large":["https:\/\/xenonkungen.com\/wp-content\/uploads\/2025\/04\/201848007-origpic-cebe09.jpg",1024,1024,false],"author_info":[],"comment_info":0,"_links":{"self":[{"href":"https:\/\/xenonkungen.com\/no\/wp-json\/wp\/v2\/product\/5975","targetHints":{"allow":["GET"]}}],"collection":[{"href":"https:\/\/xenonkungen.com\/no\/wp-json\/wp\/v2\/product"}],"about":[{"href":"https:\/\/xenonkungen.com\/no\/wp-json\/wp\/v2\/types\/product"}],"replies":[{"embeddable":true,"href":"https:\/\/xenonkungen.com\/no\/wp-json\/wp\/v2\/comments?post=5975"}],"wp:featuredmedia":[{"embeddable":true,"href":"https:\/\/xenonkungen.com\/no\/wp-json\/wp\/v2\/media\/5976"}],"wp:attachment":[{"href":"https:\/\/xenonkungen.com\/no\/wp-json\/wp\/v2\/media?parent=5975"}],"wp:term":[{"taxonomy":"anvandningsomrade","embeddable":true,"href":"https:\/\/xenonkungen.com\/no\/wp-json\/wp\/v2\/anvandningsomrade?post=5975"},{"taxonomy":"bilmarken","embeddable":true,"href":"https:\/\/xenonkungen.com\/no\/wp-json\/wp\/v2\/bilmarken?post=5975"},{"taxonomy":"product_brand","embeddable":true,"href":"https:\/\/xenonkungen.com\/no\/wp-json\/wp\/v2\/product_brand?post=5975"},{"taxonomy":"product_cat","embeddable":true,"href":"https:\/\/xenonkungen.com\/no\/wp-json\/wp\/v2\/product_cat?post=5975"},{"taxonomy":"product_tag","embeddable":true,"href":"https:\/\/xenonkungen.com\/no\/wp-json\/wp\/v2\/product_tag?post=5975"}],"curies":[{"name":"wp","href":"https:\/\/api.w.org\/{rel}","templated":true}]}}