{"id":6008,"date":"2025-04-15T09:38:22","date_gmt":"2025-04-15T09:38:22","guid":{"rendered":"https:\/\/xenonkungen.com\/product\/ledriving-ledlampa-sl-w2-3w\/"},"modified":"2026-03-18T08:53:48","modified_gmt":"2026-03-18T07:53:48","slug":"led-kjorelampe-sl-w2-3w","status":"publish","type":"product","link":"https:\/\/xenonkungen.com\/no\/produkt\/led-kjorelampe-sl-w2-3w\/","title":{"rendered":"LEDriving\u00ae LED-lampe SL W2,3W"},"content":{"rendered":"<p>Oppdater bilens interi\u00f8r med v\u00e5r nye LEDriving\u00ae LED-lampe SL W2,3W og nyt enest\u00e5ende ytelse og stil. Denne h\u00f8yeffektive LED-lampen er spesielt utviklet for \u00e5 passe perfekt i instrumentbelysningen og andre innvendige applikasjoner i bilen din.<\/p>\n<p>Med LEDriving\u00ae LED-lampen SL W2.3W kan du forvente en imponerende lang levetid, noe som betyr at du ikke trenger \u00e5 bytte ut lampene s\u00e5 ofte. Dette sparer b\u00e5de tid og penger i det lange l\u00f8p. I tillegg gir lampen en hvitere lysfarge sammenlignet med tradisjonelle halogenlamper, noe som gir deg bedre sikt og skarphet i bilens interi\u00f8r.<\/p>\n<p>Ikke bare det, SL W2.3W LED-lyset gir ogs\u00e5 bilens interi\u00f8r en mer stilfull estetikk. Den moderne designen og det sterke lyset skaper et oppdatert og stilig utseende som forbedrer kj\u00f8reopplevelsen og gir en behagelig atmosf\u00e6re i bilen.<\/p>\n<p>Installasjonen av LEDriving\u00ae LED-p\u00e6re SL W2,3W er enkel og lett, og den er spesialdesignet for \u00e5 passe inn i de fleste biler. Du trenger ikke \u00e5 v\u00e6re ekspert for \u00e5 oppgradere bilens instrumentbelysning og nyte godt av fordelene med disse LED-lysene.<\/p>\n<p>Ta bilinteri\u00f8ret ditt til neste niv\u00e5 ved \u00e5 bestille LEDriving\u00ae LED-p\u00e6re SL W2,3W i dag. F\u00e5 lengre levetid, hvitere lys og et mer stilfullt utseende p\u00e5 bilens instrumentbelysning. Skap en komfortabel og moderne atmosf\u00e6re i bilen din og kj\u00f8r med selvtillit og stil.<\/p>","protected":false},"excerpt":{"rendered":"<p>T5\/W2x4.6D-lampe fra Osram - oppgrader bilens instrumenter til LED!<\/p>","protected":false},"featured_media":6009,"comment_status":"closed","ping_status":"open","template":"","meta":{"_acf_changed":false,"_smort_price_nok":"117","_smort_price_dkk":"75","_smort_price_eur":"10","_smort_sale_price_nok":"","_smort_sale_price_dkk":"","_smort_sale_price_eur":"","smort_restorder":"","shipmondo_restorder":"","_kad_blocks_custom_css":"","_kad_blocks_head_custom_js":"","_kad_blocks_body_custom_js":"","_kad_blocks_footer_custom_js":"","smort_custom_pricelist_1":"70.4","smort_custom_pricelist_2":"66","smort_custom_pricelist_3":"62.7","smort_custom_pricelist_4":"88","smort_custom_pricelist_5":"65.52"},"anvandningsomrade":[],"bilmarken":[],"product_brand":[108],"product_cat":[338],"product_tag":[],"class_list":{"0":"post-6008","1":"product","2":"type-product","3":"status-publish","4":"has-post-thumbnail","6":"product_brand-osram","7":"product_cat-diodlampor","8":"pa_fargtemperatur-6000k","9":"pa_lampsockel-kontakt-t5-w2x4-6d","10":"pa_led-chips-effekt-w-1705","11":"pa_volt-v-1706","13":"first","14":"instock","15":"taxable","16":"shipping-taxable","17":"purchasable","18":"product-type-simple"},"bundled_by":[],"bundle_stock_status":"instock","bundle_stock_quantity":5,"bundle_virtual":false,"bundle_layout":"","bundle_add_to_cart_form_location":"","bundle_editable_in_cart":false,"bundle_sold_individually_context":"","bundle_item_grouping":"","bundle_min_size":"","bundle_max_size":"","bundle_price":[],"bundled_items":[],"bundle_sell_ids":[],"acf":[],"yoast_head":"<!-- This site is optimized with the Yoast SEO plugin v27.0 - https:\/\/yoast.com\/product\/yoast-seo-wordpress\/ -->\n<title>LEDriving\u00ae LEDlampa SL W2.3W - Xenonkungen<\/title>\n<meta name=\"robots\" content=\"index, follow, max-snippet:-1, max-image-preview:large, max-video-preview:-1\" \/>\n<link rel=\"canonical\" href=\"https:\/\/xenonkungen.com\/no\/produkt\/led-kjorelampe-sl-w2-3w\/\" \/>\n<meta property=\"og:locale\" content=\"nb_NO\" \/>\n<meta property=\"og:type\" content=\"article\" \/>\n<meta property=\"og:title\" content=\"LEDriving\u00ae LEDlampa SL W2.3W - Xenonkungen\" \/>\n<meta property=\"og:description\" content=\"T5\/W2x4.6D Lampa fr\u00e5n Osram. Uppgradera bilens instrument till LED!\" \/>\n<meta property=\"og:url\" content=\"https:\/\/xenonkungen.com\/no\/produkt\/led-kjorelampe-sl-w2-3w\/\" \/>\n<meta property=\"og:site_name\" content=\"Xenonkungen\" \/>\n<meta property=\"article:modified_time\" content=\"2026-03-18T07:53:48+00:00\" \/>\n<meta property=\"og:image\" content=\"https:\/\/xenonkungen.com\/wp-content\/uploads\/2025\/04\/osram-dam-21583260_LEDriving_SL_T5_2723DWP-02B-sml.jpg\" \/>\n\t<meta property=\"og:image:width\" content=\"744\" \/>\n\t<meta property=\"og:image:height\" content=\"1000\" \/>\n\t<meta property=\"og:image:type\" content=\"image\/jpeg\" \/>\n<meta name=\"twitter:card\" content=\"summary_large_image\" \/>\n<meta name=\"twitter:label1\" content=\"Ansl. lesetid\" \/>\n\t<meta name=\"twitter:data1\" content=\"1 minutt\" \/>\n<script type=\"application\/ld+json\" class=\"yoast-schema-graph\">{\"@context\":\"https:\/\/schema.org\",\"@graph\":[{\"@type\":\"WebPage\",\"@id\":\"https:\/\/xenonkungen.com\/produkt\/ledriving-ledlampa-sl-w2-3w\/\",\"url\":\"https:\/\/xenonkungen.com\/produkt\/ledriving-ledlampa-sl-w2-3w\/\",\"name\":\"LEDriving\u00ae LEDlampa SL W2.3W - Xenonkungen\",\"isPartOf\":{\"@id\":\"https:\/\/xenonkungen.com\/#website\"},\"primaryImageOfPage\":{\"@id\":\"https:\/\/xenonkungen.com\/produkt\/ledriving-ledlampa-sl-w2-3w\/#primaryimage\"},\"image\":{\"@id\":\"https:\/\/xenonkungen.com\/produkt\/ledriving-ledlampa-sl-w2-3w\/#primaryimage\"},\"thumbnailUrl\":\"https:\/\/xenonkungen.com\/wp-content\/uploads\/2025\/04\/osram-dam-21583260_LEDriving_SL_T5_2723DWP-02B-sml.jpg\",\"datePublished\":\"2025-04-15T09:38:22+00:00\",\"dateModified\":\"2026-03-18T07:53:48+00:00\",\"breadcrumb\":{\"@id\":\"https:\/\/xenonkungen.com\/produkt\/ledriving-ledlampa-sl-w2-3w\/#breadcrumb\"},\"inLanguage\":\"nb-NO\",\"potentialAction\":[{\"@type\":\"ReadAction\",\"target\":[\"https:\/\/xenonkungen.com\/produkt\/ledriving-ledlampa-sl-w2-3w\/\"]}]},{\"@type\":\"ImageObject\",\"inLanguage\":\"nb-NO\",\"@id\":\"https:\/\/xenonkungen.com\/produkt\/ledriving-ledlampa-sl-w2-3w\/#primaryimage\",\"url\":\"https:\/\/xenonkungen.com\/wp-content\/uploads\/2025\/04\/osram-dam-21583260_LEDriving_SL_T5_2723DWP-02B-sml.jpg\",\"contentUrl\":\"https:\/\/xenonkungen.com\/wp-content\/uploads\/2025\/04\/osram-dam-21583260_LEDriving_SL_T5_2723DWP-02B-sml.jpg\",\"width\":744,\"height\":1000},{\"@type\":\"BreadcrumbList\",\"@id\":\"https:\/\/xenonkungen.com\/produkt\/ledriving-ledlampa-sl-w2-3w\/#breadcrumb\",\"itemListElement\":[{\"@type\":\"ListItem\",\"position\":1,\"name\":\"Hem\",\"item\":\"https:\/\/xenonkungen.com\/\"},{\"@type\":\"ListItem\",\"position\":2,\"name\":\"Shop\",\"item\":\"https:\/\/xenonkungen.com\/shop\/\"},{\"@type\":\"ListItem\",\"position\":3,\"name\":\"LEDriving\u00ae LEDlampa SL W2.3W\"}]},{\"@type\":\"WebSite\",\"@id\":\"https:\/\/xenonkungen.com\/#website\",\"url\":\"https:\/\/xenonkungen.com\/\",\"name\":\"Xenonkungen\",\"description\":\"\",\"potentialAction\":[{\"@type\":\"SearchAction\",\"target\":{\"@type\":\"EntryPoint\",\"urlTemplate\":\"https:\/\/xenonkungen.com\/?s={search_term_string}\"},\"query-input\":{\"@type\":\"PropertyValueSpecification\",\"valueRequired\":true,\"valueName\":\"search_term_string\"}}],\"inLanguage\":\"nb-NO\"}]}<\/script>\n<!-- \/ Yoast SEO plugin. -->","yoast_head_json":{"title":"LEDriving\u00ae LED-lampe SL W2.3W \u2013 Xenon-kongen","robots":{"index":"index","follow":"follow","max-snippet":"max-snippet:-1","max-image-preview":"max-image-preview:large","max-video-preview":"max-video-preview:-1"},"canonical":"https:\/\/xenonkungen.com\/no\/produkt\/led-kjorelampe-sl-w2-3w\/","og_locale":"nb_NO","og_type":"article","og_title":"LEDriving\u00ae LEDlampa SL W2.3W - Xenonkungen","og_description":"T5\/W2x4.6D Lampa fr\u00e5n Osram. Uppgradera bilens instrument till LED!","og_url":"https:\/\/xenonkungen.com\/no\/produkt\/led-kjorelampe-sl-w2-3w\/","og_site_name":"Xenonkungen","article_modified_time":"2026-03-18T07:53:48+00:00","og_image":[{"width":744,"height":1000,"url":"https:\/\/xenonkungen.com\/wp-content\/uploads\/2025\/04\/osram-dam-21583260_LEDriving_SL_T5_2723DWP-02B-sml.jpg","type":"image\/jpeg"}],"twitter_card":"summary_large_image","twitter_misc":{"Ansl. lesetid":"1 minutt"},"schema":{"@context":"https:\/\/schema.org","@graph":[{"@type":"WebPage","@id":"https:\/\/xenonkungen.com\/produkt\/ledriving-ledlampa-sl-w2-3w\/","url":"https:\/\/xenonkungen.com\/produkt\/ledriving-ledlampa-sl-w2-3w\/","name":"LEDriving\u00ae LED-lampe SL W2.3W \u2013 Xenon-kongen","isPartOf":{"@id":"https:\/\/xenonkungen.com\/#website"},"primaryImageOfPage":{"@id":"https:\/\/xenonkungen.com\/produkt\/ledriving-ledlampa-sl-w2-3w\/#primaryimage"},"image":{"@id":"https:\/\/xenonkungen.com\/produkt\/ledriving-ledlampa-sl-w2-3w\/#primaryimage"},"thumbnailUrl":"https:\/\/xenonkungen.com\/wp-content\/uploads\/2025\/04\/osram-dam-21583260_LEDriving_SL_T5_2723DWP-02B-sml.jpg","datePublished":"2025-04-15T09:38:22+00:00","dateModified":"2026-03-18T07:53:48+00:00","breadcrumb":{"@id":"https:\/\/xenonkungen.com\/produkt\/ledriving-ledlampa-sl-w2-3w\/#breadcrumb"},"inLanguage":"nb-NO","potentialAction":[{"@type":"ReadAction","target":["https:\/\/xenonkungen.com\/produkt\/ledriving-ledlampa-sl-w2-3w\/"]}]},{"@type":"ImageObject","inLanguage":"nb-NO","@id":"https:\/\/xenonkungen.com\/produkt\/ledriving-ledlampa-sl-w2-3w\/#primaryimage","url":"https:\/\/xenonkungen.com\/wp-content\/uploads\/2025\/04\/osram-dam-21583260_LEDriving_SL_T5_2723DWP-02B-sml.jpg","contentUrl":"https:\/\/xenonkungen.com\/wp-content\/uploads\/2025\/04\/osram-dam-21583260_LEDriving_SL_T5_2723DWP-02B-sml.jpg","width":744,"height":1000},{"@type":"BreadcrumbList","@id":"https:\/\/xenonkungen.com\/produkt\/ledriving-ledlampa-sl-w2-3w\/#breadcrumb","itemListElement":[{"@type":"ListItem","position":1,"name":"Hem","item":"https:\/\/xenonkungen.com\/"},{"@type":"ListItem","position":2,"name":"Shop","item":"https:\/\/xenonkungen.com\/shop\/"},{"@type":"ListItem","position":3,"name":"LEDriving\u00ae LEDlampa SL W2.3W"}]},{"@type":"WebSite","@id":"https:\/\/xenonkungen.com\/#website","url":"https:\/\/xenonkungen.com\/","name":"Xenonkungen","description":"","potentialAction":[{"@type":"SearchAction","target":{"@type":"EntryPoint","urlTemplate":"https:\/\/xenonkungen.com\/?s={search_term_string}"},"query-input":{"@type":"PropertyValueSpecification","valueRequired":true,"valueName":"search_term_string"}}],"inLanguage":"nb-NO"}]}},"taxonomy_info":{"product_brand":[{"value":108,"label":"OSRAM"}],"product_cat":[{"value":338,"label":"Diodlampor"}],"pa_fargtemperatur":[{"value":188,"label":"6000K"}],"pa_lampsockel-kontakt":[{"value":1707,"label":"T5, W2x4.6d"}],"pa_led-chips-effekt-w":[{"value":1705,"label":"0,25"}],"pa_volt-v":[{"value":1706,"label":"13,2"}]},"featured_image_src_large":["https:\/\/xenonkungen.com\/wp-content\/uploads\/2025\/04\/osram-dam-21583260_LEDriving_SL_T5_2723DWP-02B-sml.jpg",744,1000,false],"author_info":[],"comment_info":0,"_links":{"self":[{"href":"https:\/\/xenonkungen.com\/no\/wp-json\/wp\/v2\/product\/6008","targetHints":{"allow":["GET"]}}],"collection":[{"href":"https:\/\/xenonkungen.com\/no\/wp-json\/wp\/v2\/product"}],"about":[{"href":"https:\/\/xenonkungen.com\/no\/wp-json\/wp\/v2\/types\/product"}],"replies":[{"embeddable":true,"href":"https:\/\/xenonkungen.com\/no\/wp-json\/wp\/v2\/comments?post=6008"}],"wp:featuredmedia":[{"embeddable":true,"href":"https:\/\/xenonkungen.com\/no\/wp-json\/wp\/v2\/media\/6009"}],"wp:attachment":[{"href":"https:\/\/xenonkungen.com\/no\/wp-json\/wp\/v2\/media?parent=6008"}],"wp:term":[{"taxonomy":"anvandningsomrade","embeddable":true,"href":"https:\/\/xenonkungen.com\/no\/wp-json\/wp\/v2\/anvandningsomrade?post=6008"},{"taxonomy":"bilmarken","embeddable":true,"href":"https:\/\/xenonkungen.com\/no\/wp-json\/wp\/v2\/bilmarken?post=6008"},{"taxonomy":"product_brand","embeddable":true,"href":"https:\/\/xenonkungen.com\/no\/wp-json\/wp\/v2\/product_brand?post=6008"},{"taxonomy":"product_cat","embeddable":true,"href":"https:\/\/xenonkungen.com\/no\/wp-json\/wp\/v2\/product_cat?post=6008"},{"taxonomy":"product_tag","embeddable":true,"href":"https:\/\/xenonkungen.com\/no\/wp-json\/wp\/v2\/product_tag?post=6008"}],"curies":[{"name":"wp","href":"https:\/\/api.w.org\/{rel}","templated":true}]}}