{"id":6068,"date":"2025-04-15T09:40:06","date_gmt":"2025-04-15T09:40:06","guid":{"rendered":"https:\/\/xenonkungen.com\/product\/lazer-ledrampskit-vw-amarok-v6-2016-2x-triple-r-750-elite\/"},"modified":"2026-04-11T01:09:20","modified_gmt":"2026-04-11T00:09:20","slug":"laser-led-rampesett-vw-amarok-v6-2016-2x-triple-r-750-elite","status":"publish","type":"product","link":"https:\/\/xenonkungen.com\/no\/produkt\/laser-led-rampesett-vw-amarok-v6-2016-2x-triple-r-750-elite\/","title":{"rendered":"Lazer Ledrampesett VW Amarok V6 2016+ 2x Triple-R 750 Elite"},"content":{"rendered":"<h1>Lazer Led-sett VW Amarok V6 2016+ 2x Triple-R 750 Elite<\/h1>\n<p>Integrert grillsett med innfelt montering for montering av Lazer LED-frontlykter eller lysbjelker med skreddersydde l\u00f8sninger for de mest popul\u00e6re firehjulsdrevne kj\u00f8ret\u00f8yene og lette motorkj\u00f8ret\u00f8yene.<\/p>\n<p>UNECE-sertifisert i henhold til forordning 112 for kj\u00f8ret\u00f8ylamper i klasse B for bruk av fjernlys ved kj\u00f8ring p\u00e5 vei.<\/p>\n<p>Montering i bilens originale grill, som utf\u00f8res p\u00e5 kj\u00f8ret\u00f8yet p\u00e5 stedet, med medf\u00f8lgende skj\u00e6ref\u00f8ringer for \u00e5 lette monteringen.<\/p>\n<p>Monteringsbrakettene er 3D-printet av det slitesterke og UV-stabile bilmaterialet ASA.<\/p>\n<p>Leveres med et Lazer-kabelsett for kj\u00f8ret\u00f8y og monteringsanvisninger.<\/p>\n<p><strong>Dette er inkludert i pakken:<\/strong><\/p>\n<ul>\n<li>1x Monteringssett (inkluderer skj\u00e6reveiledninger)<\/li>\n<li>2x Triple-R 750 LED-lampe<\/li>\n<li>1x Kablingssett med to lamper<\/li>\n<li>Installasjonsinstruksjoner<\/li>\n<\/ul>","protected":false},"excerpt":{"rendered":"<p>Lazer Led kit VW Amarok V6 2016+ 2x Triple-R 750 Elite Integrerat grillkit med f\u00f6rs\u00e4nkt montering f\u00f6r installation av Lazer LED-str\u00e5lkastare eller ljusramper med specialanpassade l\u00f6sningar f\u00f6r de mest popul\u00e4ra fyrhjulsdrivna fordonen samt l\u00e4tta motorfordon. UNECE-certifierad enligt f\u00f6rordning 112 avseende klass B-fordonslampor f\u00f6r anv\u00e4ndning av helljus vid k\u00f6rning p\u00e5 v\u00e4g. Montering i fordonets ursprungliga grill, [&hellip;]<\/p>","protected":false},"featured_media":6069,"comment_status":"closed","ping_status":"open","template":"","meta":{"_acf_changed":false,"_smort_price_nok":"12283","_smort_price_dkk":"7803","_smort_price_eur":"1045.41","_smort_sale_price_nok":"","_smort_sale_price_dkk":"","_smort_sale_price_eur":"","smort_restorder":"","shipmondo_restorder":"","_kad_blocks_custom_css":"","_kad_blocks_head_custom_js":"","_kad_blocks_body_custom_js":"","_kad_blocks_footer_custom_js":"","smort_custom_pricelist_1":"7360","smort_custom_pricelist_2":"7360","smort_custom_pricelist_3":"7360","smort_custom_pricelist_4":"9200","smort_custom_pricelist_5":"7360"},"anvandningsomrade":[],"bilmarken":[],"product_brand":[1124],"product_cat":[2539,2596,1916],"product_tag":[2735],"class_list":{"0":"post-6068","1":"product","2":"type-product","3":"status-publish","4":"has-post-thumbnail","6":"product_brand-lazer","7":"product_cat-ledramper","8":"product_cat-paket","9":"product_cat-ledrampspaket","10":"product_tag-lazer","11":"pa_fargtemperatur-5000k","12":"pa_godkannande-e-godkand-ece-r112","13":"pa_led-chips-effekt-w-1616","14":"pa_stromforbrukning-72a144v","15":"pa_volt-v-multivolt-10-12-16-18-24-28-30-32","17":"first","18":"onbackorder","19":"taxable","20":"shipping-taxable","21":"purchasable","22":"product-type-simple"},"bundled_by":[],"bundle_stock_status":"onbackorder","bundle_stock_quantity":0,"bundle_virtual":false,"bundle_layout":"","bundle_add_to_cart_form_location":"","bundle_editable_in_cart":false,"bundle_sold_individually_context":"","bundle_item_grouping":"","bundle_min_size":"","bundle_max_size":"","bundle_price":[],"bundled_items":[],"bundle_sell_ids":[],"acf":[],"yoast_head":"<!-- This site is optimized with the Yoast SEO plugin v27.0 - https:\/\/yoast.com\/product\/yoast-seo-wordpress\/ -->\n<title>Lazer Ledrampskit VW Amarok V6 2016+ 2x Triple-R 750 Elite - Xenonkungen<\/title>\n<meta name=\"robots\" content=\"index, follow, max-snippet:-1, max-image-preview:large, max-video-preview:-1\" \/>\n<link rel=\"canonical\" href=\"https:\/\/xenonkungen.com\/no\/produkt\/laser-led-rampesett-vw-amarok-v6-2016-2x-triple-r-750-elite\/\" \/>\n<meta property=\"og:locale\" content=\"nb_NO\" \/>\n<meta property=\"og:type\" content=\"article\" \/>\n<meta property=\"og:title\" content=\"Lazer Ledrampskit VW Amarok V6 2016+ 2x Triple-R 750 Elite - Xenonkungen\" \/>\n<meta property=\"og:description\" content=\"Lazer Led kit VW Amarok V6 2016+ 2x Triple-R 750 Elite Integrerat grillkit med f\u00f6rs\u00e4nkt montering f\u00f6r installation av Lazer LED-str\u00e5lkastare eller ljusramper med specialanpassade l\u00f6sningar f\u00f6r de mest popul\u00e4ra fyrhjulsdrivna fordonen samt l\u00e4tta motorfordon. UNECE-certifierad enligt f\u00f6rordning 112 avseende klass B-fordonslampor f\u00f6r anv\u00e4ndning av helljus vid k\u00f6rning p\u00e5 v\u00e4g. Montering i fordonets ursprungliga grill, [&hellip;]\" \/>\n<meta property=\"og:url\" content=\"https:\/\/xenonkungen.com\/no\/produkt\/laser-led-rampesett-vw-amarok-v6-2016-2x-triple-r-750-elite\/\" \/>\n<meta property=\"og:site_name\" content=\"Xenonkungen\" \/>\n<meta property=\"article:modified_time\" content=\"2026-04-11T00:09:20+00:00\" \/>\n<meta property=\"og:image\" content=\"https:\/\/xenonkungen.com\/wp-content\/uploads\/2025\/04\/159560_itemimage_mainfront.jpg\" \/>\n\t<meta property=\"og:image:width\" content=\"1722\" \/>\n\t<meta property=\"og:image:height\" content=\"1290\" \/>\n\t<meta property=\"og:image:type\" content=\"image\/jpeg\" \/>\n<meta name=\"twitter:card\" content=\"summary_large_image\" \/>\n<meta name=\"twitter:label1\" content=\"Ansl. lesetid\" \/>\n\t<meta name=\"twitter:data1\" content=\"1 minutt\" \/>\n<script type=\"application\/ld+json\" class=\"yoast-schema-graph\">{\"@context\":\"https:\/\/schema.org\",\"@graph\":[{\"@type\":\"WebPage\",\"@id\":\"https:\/\/xenonkungen.com\/de\/produkt\/lazer-led-rampenkit-vw-amarok-v6-2016-2x-triple-r-750-elite\/\",\"url\":\"https:\/\/xenonkungen.com\/de\/produkt\/lazer-led-rampenkit-vw-amarok-v6-2016-2x-triple-r-750-elite\/\",\"name\":\"Lazer Ledrampskit VW Amarok V6 2016+ 2x Triple-R 750 Elite - Xenonkungen\",\"isPartOf\":{\"@id\":\"https:\/\/xenonkungen.com\/#website\"},\"primaryImageOfPage\":{\"@id\":\"https:\/\/xenonkungen.com\/de\/produkt\/lazer-led-rampenkit-vw-amarok-v6-2016-2x-triple-r-750-elite\/#primaryimage\"},\"image\":{\"@id\":\"https:\/\/xenonkungen.com\/de\/produkt\/lazer-led-rampenkit-vw-amarok-v6-2016-2x-triple-r-750-elite\/#primaryimage\"},\"thumbnailUrl\":\"https:\/\/xenonkungen.com\/wp-content\/uploads\/2025\/04\/159560_itemimage_mainfront.jpg\",\"datePublished\":\"2025-04-15T09:40:06+00:00\",\"dateModified\":\"2026-04-11T00:09:20+00:00\",\"breadcrumb\":{\"@id\":\"https:\/\/xenonkungen.com\/de\/produkt\/lazer-led-rampenkit-vw-amarok-v6-2016-2x-triple-r-750-elite\/#breadcrumb\"},\"inLanguage\":\"nb-NO\",\"potentialAction\":[{\"@type\":\"ReadAction\",\"target\":[\"https:\/\/xenonkungen.com\/de\/produkt\/lazer-led-rampenkit-vw-amarok-v6-2016-2x-triple-r-750-elite\/\"]}]},{\"@type\":\"ImageObject\",\"inLanguage\":\"nb-NO\",\"@id\":\"https:\/\/xenonkungen.com\/de\/produkt\/lazer-led-rampenkit-vw-amarok-v6-2016-2x-triple-r-750-elite\/#primaryimage\",\"url\":\"https:\/\/xenonkungen.com\/wp-content\/uploads\/2025\/04\/159560_itemimage_mainfront.jpg\",\"contentUrl\":\"https:\/\/xenonkungen.com\/wp-content\/uploads\/2025\/04\/159560_itemimage_mainfront.jpg\",\"width\":1722,\"height\":1290},{\"@type\":\"BreadcrumbList\",\"@id\":\"https:\/\/xenonkungen.com\/de\/produkt\/lazer-led-rampenkit-vw-amarok-v6-2016-2x-triple-r-750-elite\/#breadcrumb\",\"itemListElement\":[{\"@type\":\"ListItem\",\"position\":1,\"name\":\"Hem\",\"item\":\"https:\/\/xenonkungen.com\/\"},{\"@type\":\"ListItem\",\"position\":2,\"name\":\"Shop\",\"item\":\"https:\/\/xenonkungen.com\/shop\/\"},{\"@type\":\"ListItem\",\"position\":3,\"name\":\"Lazer Ledrampskit VW Amarok V6 2016+ 2x Triple-R 750 Elite\"}]},{\"@type\":\"WebSite\",\"@id\":\"https:\/\/xenonkungen.com\/#website\",\"url\":\"https:\/\/xenonkungen.com\/\",\"name\":\"Xenonkungen\",\"description\":\"\",\"potentialAction\":[{\"@type\":\"SearchAction\",\"target\":{\"@type\":\"EntryPoint\",\"urlTemplate\":\"https:\/\/xenonkungen.com\/?s={search_term_string}\"},\"query-input\":{\"@type\":\"PropertyValueSpecification\",\"valueRequired\":true,\"valueName\":\"search_term_string\"}}],\"inLanguage\":\"nb-NO\"}]}<\/script>\n<!-- \/ Yoast SEO plugin. -->","yoast_head_json":{"title":"Lazer LED rampesett VW Amarok V6 2016+ 2x Triple-R 750 Elite - Xenon-kongen","robots":{"index":"index","follow":"follow","max-snippet":"max-snippet:-1","max-image-preview":"max-image-preview:large","max-video-preview":"max-video-preview:-1"},"canonical":"https:\/\/xenonkungen.com\/no\/produkt\/laser-led-rampesett-vw-amarok-v6-2016-2x-triple-r-750-elite\/","og_locale":"nb_NO","og_type":"article","og_title":"Lazer Ledrampskit VW Amarok V6 2016+ 2x Triple-R 750 Elite - Xenonkungen","og_description":"Lazer Led kit VW Amarok V6 2016+ 2x Triple-R 750 Elite Integrerat grillkit med f\u00f6rs\u00e4nkt montering f\u00f6r installation av Lazer LED-str\u00e5lkastare eller ljusramper med specialanpassade l\u00f6sningar f\u00f6r de mest popul\u00e4ra fyrhjulsdrivna fordonen samt l\u00e4tta motorfordon. UNECE-certifierad enligt f\u00f6rordning 112 avseende klass B-fordonslampor f\u00f6r anv\u00e4ndning av helljus vid k\u00f6rning p\u00e5 v\u00e4g. Montering i fordonets ursprungliga grill, [&hellip;]","og_url":"https:\/\/xenonkungen.com\/no\/produkt\/laser-led-rampesett-vw-amarok-v6-2016-2x-triple-r-750-elite\/","og_site_name":"Xenonkungen","article_modified_time":"2026-04-11T00:09:20+00:00","og_image":[{"width":1722,"height":1290,"url":"https:\/\/xenonkungen.com\/wp-content\/uploads\/2025\/04\/159560_itemimage_mainfront.jpg","type":"image\/jpeg"}],"twitter_card":"summary_large_image","twitter_misc":{"Ansl. lesetid":"1 minutt"},"schema":{"@context":"https:\/\/schema.org","@graph":[{"@type":"WebPage","@id":"https:\/\/xenonkungen.com\/de\/produkt\/lazer-led-rampenkit-vw-amarok-v6-2016-2x-triple-r-750-elite\/","url":"https:\/\/xenonkungen.com\/de\/produkt\/lazer-led-rampenkit-vw-amarok-v6-2016-2x-triple-r-750-elite\/","name":"Lazer LED rampesett VW Amarok V6 2016+ 2x Triple-R 750 Elite - Xenon-kongen","isPartOf":{"@id":"https:\/\/xenonkungen.com\/#website"},"primaryImageOfPage":{"@id":"https:\/\/xenonkungen.com\/de\/produkt\/lazer-led-rampenkit-vw-amarok-v6-2016-2x-triple-r-750-elite\/#primaryimage"},"image":{"@id":"https:\/\/xenonkungen.com\/de\/produkt\/lazer-led-rampenkit-vw-amarok-v6-2016-2x-triple-r-750-elite\/#primaryimage"},"thumbnailUrl":"https:\/\/xenonkungen.com\/wp-content\/uploads\/2025\/04\/159560_itemimage_mainfront.jpg","datePublished":"2025-04-15T09:40:06+00:00","dateModified":"2026-04-11T00:09:20+00:00","breadcrumb":{"@id":"https:\/\/xenonkungen.com\/de\/produkt\/lazer-led-rampenkit-vw-amarok-v6-2016-2x-triple-r-750-elite\/#breadcrumb"},"inLanguage":"nb-NO","potentialAction":[{"@type":"ReadAction","target":["https:\/\/xenonkungen.com\/de\/produkt\/lazer-led-rampenkit-vw-amarok-v6-2016-2x-triple-r-750-elite\/"]}]},{"@type":"ImageObject","inLanguage":"nb-NO","@id":"https:\/\/xenonkungen.com\/de\/produkt\/lazer-led-rampenkit-vw-amarok-v6-2016-2x-triple-r-750-elite\/#primaryimage","url":"https:\/\/xenonkungen.com\/wp-content\/uploads\/2025\/04\/159560_itemimage_mainfront.jpg","contentUrl":"https:\/\/xenonkungen.com\/wp-content\/uploads\/2025\/04\/159560_itemimage_mainfront.jpg","width":1722,"height":1290},{"@type":"BreadcrumbList","@id":"https:\/\/xenonkungen.com\/de\/produkt\/lazer-led-rampenkit-vw-amarok-v6-2016-2x-triple-r-750-elite\/#breadcrumb","itemListElement":[{"@type":"ListItem","position":1,"name":"Hem","item":"https:\/\/xenonkungen.com\/"},{"@type":"ListItem","position":2,"name":"Shop","item":"https:\/\/xenonkungen.com\/shop\/"},{"@type":"ListItem","position":3,"name":"Lazer Ledrampskit VW Amarok V6 2016+ 2x Triple-R 750 Elite"}]},{"@type":"WebSite","@id":"https:\/\/xenonkungen.com\/#website","url":"https:\/\/xenonkungen.com\/","name":"Xenonkungen","description":"","potentialAction":[{"@type":"SearchAction","target":{"@type":"EntryPoint","urlTemplate":"https:\/\/xenonkungen.com\/?s={search_term_string}"},"query-input":{"@type":"PropertyValueSpecification","valueRequired":true,"valueName":"search_term_string"}}],"inLanguage":"nb-NO"}]}},"taxonomy_info":{"product_brand":[{"value":1124,"label":"Lazer"}],"product_cat":[{"value":2539,"label":"LEDRAMPER"},{"value":2596,"label":"Paket"},{"value":1916,"label":"Ledrampspaket"}],"product_tag":[{"value":2735,"label":"Lazer"}],"pa_fargtemperatur":[{"value":154,"label":"5000K"}],"pa_godkannande":[{"value":1709,"label":"E-godk\u00e4nd, ECE, R112"}],"pa_led-chips-effekt-w":[{"value":1616,"label":"104"}],"pa_stromforbrukning":[{"value":1617,"label":"7,2A@14,4V"}],"pa_volt-v":[{"value":1084,"label":"Multivolt, 10, 12, 16, 18, 24, 28, 30, 32"}]},"featured_image_src_large":["https:\/\/xenonkungen.com\/wp-content\/uploads\/2025\/04\/159560_itemimage_mainfront-1024x767.jpg",1024,767,true],"author_info":[],"comment_info":0,"_links":{"self":[{"href":"https:\/\/xenonkungen.com\/no\/wp-json\/wp\/v2\/product\/6068","targetHints":{"allow":["GET"]}}],"collection":[{"href":"https:\/\/xenonkungen.com\/no\/wp-json\/wp\/v2\/product"}],"about":[{"href":"https:\/\/xenonkungen.com\/no\/wp-json\/wp\/v2\/types\/product"}],"replies":[{"embeddable":true,"href":"https:\/\/xenonkungen.com\/no\/wp-json\/wp\/v2\/comments?post=6068"}],"wp:featuredmedia":[{"embeddable":true,"href":"https:\/\/xenonkungen.com\/no\/wp-json\/wp\/v2\/media\/6069"}],"wp:attachment":[{"href":"https:\/\/xenonkungen.com\/no\/wp-json\/wp\/v2\/media?parent=6068"}],"wp:term":[{"taxonomy":"anvandningsomrade","embeddable":true,"href":"https:\/\/xenonkungen.com\/no\/wp-json\/wp\/v2\/anvandningsomrade?post=6068"},{"taxonomy":"bilmarken","embeddable":true,"href":"https:\/\/xenonkungen.com\/no\/wp-json\/wp\/v2\/bilmarken?post=6068"},{"taxonomy":"product_brand","embeddable":true,"href":"https:\/\/xenonkungen.com\/no\/wp-json\/wp\/v2\/product_brand?post=6068"},{"taxonomy":"product_cat","embeddable":true,"href":"https:\/\/xenonkungen.com\/no\/wp-json\/wp\/v2\/product_cat?post=6068"},{"taxonomy":"product_tag","embeddable":true,"href":"https:\/\/xenonkungen.com\/no\/wp-json\/wp\/v2\/product_tag?post=6068"}],"curies":[{"name":"wp","href":"https:\/\/api.w.org\/{rel}","templated":true}]}}