{"id":6130,"date":"2025-04-15T09:42:02","date_gmt":"2025-04-15T09:42:02","guid":{"rendered":"https:\/\/xenonkungen.com\/product\/lazer-ledrampskit-vw-t6-2016-hl-tl-2x-triple-r-750-elite\/"},"modified":"2026-04-21T15:21:22","modified_gmt":"2026-04-21T14:21:22","slug":"laser-led-rampesett-vw-t6-2016-hl-tl-2x-triple-r-750-elite","status":"publish","type":"product","link":"https:\/\/xenonkungen.com\/no\/produkt\/laser-led-rampesett-vw-t6-2016-hl-tl-2x-triple-r-750-elite\/","title":{"rendered":"Lazer Ledrampesett VW T6 2016+ HL TL 2x Triple-R 750 Elite"},"content":{"rendered":"<h1>Lazers LED Ramp Kit for VW Transporter T6 2016+ - Perfekt belysning for din bilmodell<\/h1>\n<p>Ledrampesett med 2 Triple-R 750 og alle komponenter tilpasset Volkswagen Transporter T6 2016+ med Startline-front. Merk at hvis du har -front, er monteringssettet forskjellig, kj\u00f8p da 159574 eller 159575 i stedet. <\/p>\n<p>Monteringen er rask og enkel, og resultatet er b\u00e5de robust og sikkert, og passer perfekt sammen med den originale grillen. Brakettene er laget av ASA-materiale, som er kjent for sin utmerkede styrke og UV-stabilitet, og de er fullstendig v\u00e6r- og kjemikaliebestandige for \u00e5 sikre at installasjonen holder seg i god stand \u00e5r etter \u00e5r.<\/p>\n<p><strong>Pakken inneholder:<\/strong><\/h3>\n<p>- 2 x Triple-R 750 Elite<\/p>\n<p>- 4 x braketter og tilh\u00f8rende festeanordninger<\/p>\n<p>- 1 x skj\u00e6reveiledning<\/p>\n<p>- 1 x koblingssett<\/p>\n<p>- 1 x monteringsanvisning<\/p>\n<p>Gi din VW Transporter den lysoppgraderingen den fortjener. Med Lazers LED-rampesett f\u00e5r du overlegen belysning og sikker montering p\u00e5 bilen.<\/p>","protected":false},"excerpt":{"rendered":"<p>Lazers LED-rampskit f\u00f6r VW Transporter T6 2016+ &#8211; Perfekt belysning f\u00f6r din bilmodell Ledrampskit med 2 st Triple-R 750 och alla ing\u00e5ende komponenter skr\u00e4ddarsydda f\u00f6r att montera p\u00e5 Volkswagen Transporter T6 2016+ med Startline-front. Notera att om du har -front ska skiljer sig monteringssatsen \u00e5t, k\u00f6p d\u00e5 ist\u00e4llet 159574 eller 159575. Monteringen g\u00f6rs enkelt och [&hellip;]<\/p>","protected":false},"featured_media":6131,"comment_status":"closed","ping_status":"open","template":"","meta":{"_acf_changed":false,"_smort_price_nok":"12283","_smort_price_dkk":"7803","_smort_price_eur":"1045.41","_smort_sale_price_nok":"","_smort_sale_price_dkk":"","_smort_sale_price_eur":"","smort_restorder":"","shipmondo_restorder":"","_kad_blocks_custom_css":"","_kad_blocks_head_custom_js":"","_kad_blocks_body_custom_js":"","_kad_blocks_footer_custom_js":"","smort_custom_pricelist_1":"7360","smort_custom_pricelist_2":"7360","smort_custom_pricelist_3":"7360","smort_custom_pricelist_4":"9200","smort_custom_pricelist_5":"7360"},"anvandningsomrade":[],"bilmarken":[],"product_brand":[1124],"product_cat":[2539,2596,1916],"product_tag":[2735],"class_list":{"0":"post-6130","1":"product","2":"type-product","3":"status-publish","4":"has-post-thumbnail","6":"product_brand-lazer","7":"product_cat-ledramper","8":"product_cat-paket","9":"product_cat-ledrampspaket","10":"product_tag-lazer","11":"pa_fargtemperatur-5000k","12":"pa_godkannande-e-godkand-ece-r112","13":"pa_led-chips-effekt-w-1616","14":"pa_stromforbrukning-72a144v","15":"pa_volt-v-multivolt-10-12-16-18-24-28-30-32","17":"first","18":"instock","19":"taxable","20":"shipping-taxable","21":"purchasable","22":"product-type-simple"},"bundled_by":[],"bundle_stock_status":"instock","bundle_stock_quantity":1,"bundle_virtual":false,"bundle_layout":"","bundle_add_to_cart_form_location":"","bundle_editable_in_cart":false,"bundle_sold_individually_context":"","bundle_item_grouping":"","bundle_min_size":"","bundle_max_size":"","bundle_price":[],"bundled_items":[],"bundle_sell_ids":[],"acf":[],"yoast_head":"<!-- This site is optimized with the Yoast SEO plugin v27.0 - https:\/\/yoast.com\/product\/yoast-seo-wordpress\/ -->\n<title>Lazer Ledrampskit VW T6 2016+ HL TL 2x Triple-R 750 Elite - Xenonkungen<\/title>\n<meta name=\"robots\" content=\"index, follow, max-snippet:-1, max-image-preview:large, max-video-preview:-1\" \/>\n<link rel=\"canonical\" href=\"http:\/\/xenonkungen.com\/no\/produkt\/laser-led-rampesett-vw-t6-2016-hl-tl-2x-triple-r-750-elite\/\" \/>\n<meta property=\"og:locale\" content=\"nb_NO\" \/>\n<meta property=\"og:type\" content=\"article\" \/>\n<meta property=\"og:title\" content=\"Lazer Ledrampskit VW T6 2016+ HL TL 2x Triple-R 750 Elite - Xenonkungen\" \/>\n<meta property=\"og:description\" content=\"Lazers LED-rampskit f\u00f6r VW Transporter T6 2016+ &#8211; Perfekt belysning f\u00f6r din bilmodell Ledrampskit med 2 st Triple-R 750 och alla ing\u00e5ende komponenter skr\u00e4ddarsydda f\u00f6r att montera p\u00e5 Volkswagen Transporter T6 2016+ med Startline-front. Notera att om du har -front ska skiljer sig monteringssatsen \u00e5t, k\u00f6p d\u00e5 ist\u00e4llet 159574 eller 159575. Monteringen g\u00f6rs enkelt och [&hellip;]\" \/>\n<meta property=\"og:url\" content=\"http:\/\/xenonkungen.com\/no\/produkt\/laser-led-rampesett-vw-t6-2016-hl-tl-2x-triple-r-750-elite\/\" \/>\n<meta property=\"og:site_name\" content=\"Xenonkungen\" \/>\n<meta property=\"article:modified_time\" content=\"2026-04-21T14:21:22+00:00\" \/>\n<meta property=\"og:image\" content=\"https:\/\/xenonkungen.com\/wp-content\/uploads\/2025\/04\/159580_itemimage_mainfront.jpg\" \/>\n\t<meta property=\"og:image:width\" content=\"2048\" \/>\n\t<meta property=\"og:image:height\" content=\"1537\" \/>\n\t<meta property=\"og:image:type\" content=\"image\/jpeg\" \/>\n<meta name=\"twitter:card\" content=\"summary_large_image\" \/>\n<meta name=\"twitter:label1\" content=\"Ansl. lesetid\" \/>\n\t<meta name=\"twitter:data1\" content=\"1 minutt\" \/>\n<script type=\"application\/ld+json\" class=\"yoast-schema-graph\">{\"@context\":\"https:\/\/schema.org\",\"@graph\":[{\"@type\":\"WebPage\",\"@id\":\"http:\/\/xenonkungen.com\/en\/product\/lazer-led-ramp-kit-vw-t6-2016-hl-tl-2x-triple-r-750-elite\/\",\"url\":\"http:\/\/xenonkungen.com\/en\/product\/lazer-led-ramp-kit-vw-t6-2016-hl-tl-2x-triple-r-750-elite\/\",\"name\":\"Lazer Ledrampskit VW T6 2016+ HL TL 2x Triple-R 750 Elite - Xenonkungen\",\"isPartOf\":{\"@id\":\"https:\/\/xenonkungen.com\/#website\"},\"primaryImageOfPage\":{\"@id\":\"http:\/\/xenonkungen.com\/en\/product\/lazer-led-ramp-kit-vw-t6-2016-hl-tl-2x-triple-r-750-elite\/#primaryimage\"},\"image\":{\"@id\":\"http:\/\/xenonkungen.com\/en\/product\/lazer-led-ramp-kit-vw-t6-2016-hl-tl-2x-triple-r-750-elite\/#primaryimage\"},\"thumbnailUrl\":\"https:\/\/xenonkungen.com\/wp-content\/uploads\/2025\/04\/159580_itemimage_mainfront.jpg\",\"datePublished\":\"2025-04-15T09:42:02+00:00\",\"dateModified\":\"2026-04-21T14:21:22+00:00\",\"breadcrumb\":{\"@id\":\"http:\/\/xenonkungen.com\/en\/product\/lazer-led-ramp-kit-vw-t6-2016-hl-tl-2x-triple-r-750-elite\/#breadcrumb\"},\"inLanguage\":\"nb-NO\",\"potentialAction\":[{\"@type\":\"ReadAction\",\"target\":[\"http:\/\/xenonkungen.com\/en\/product\/lazer-led-ramp-kit-vw-t6-2016-hl-tl-2x-triple-r-750-elite\/\"]}]},{\"@type\":\"ImageObject\",\"inLanguage\":\"nb-NO\",\"@id\":\"http:\/\/xenonkungen.com\/en\/product\/lazer-led-ramp-kit-vw-t6-2016-hl-tl-2x-triple-r-750-elite\/#primaryimage\",\"url\":\"https:\/\/xenonkungen.com\/wp-content\/uploads\/2025\/04\/159580_itemimage_mainfront.jpg\",\"contentUrl\":\"https:\/\/xenonkungen.com\/wp-content\/uploads\/2025\/04\/159580_itemimage_mainfront.jpg\",\"width\":2048,\"height\":1537},{\"@type\":\"BreadcrumbList\",\"@id\":\"http:\/\/xenonkungen.com\/en\/product\/lazer-led-ramp-kit-vw-t6-2016-hl-tl-2x-triple-r-750-elite\/#breadcrumb\",\"itemListElement\":[{\"@type\":\"ListItem\",\"position\":1,\"name\":\"Hem\",\"item\":\"https:\/\/xenonkungen.com\/\"},{\"@type\":\"ListItem\",\"position\":2,\"name\":\"Shop\",\"item\":\"https:\/\/xenonkungen.com\/shop\/\"},{\"@type\":\"ListItem\",\"position\":3,\"name\":\"Lazer Ledrampskit VW T6 2016+ HL TL 2x Triple-R 750 Elite\"}]},{\"@type\":\"WebSite\",\"@id\":\"https:\/\/xenonkungen.com\/#website\",\"url\":\"https:\/\/xenonkungen.com\/\",\"name\":\"Xenonkungen\",\"description\":\"\",\"potentialAction\":[{\"@type\":\"SearchAction\",\"target\":{\"@type\":\"EntryPoint\",\"urlTemplate\":\"https:\/\/xenonkungen.com\/?s={search_term_string}\"},\"query-input\":{\"@type\":\"PropertyValueSpecification\",\"valueRequired\":true,\"valueName\":\"search_term_string\"}}],\"inLanguage\":\"nb-NO\"}]}<\/script>\n<!-- \/ Yoast SEO plugin. -->","yoast_head_json":{"title":"Lazer LED rampesett VW T6 2016+ HL TL 2x Triple-R 750 Elite - Xenon-kongen","robots":{"index":"index","follow":"follow","max-snippet":"max-snippet:-1","max-image-preview":"max-image-preview:large","max-video-preview":"max-video-preview:-1"},"canonical":"http:\/\/xenonkungen.com\/no\/produkt\/laser-led-rampesett-vw-t6-2016-hl-tl-2x-triple-r-750-elite\/","og_locale":"nb_NO","og_type":"article","og_title":"Lazer Ledrampskit VW T6 2016+ HL TL 2x Triple-R 750 Elite - Xenonkungen","og_description":"Lazers LED-rampskit f\u00f6r VW Transporter T6 2016+ &#8211; Perfekt belysning f\u00f6r din bilmodell Ledrampskit med 2 st Triple-R 750 och alla ing\u00e5ende komponenter skr\u00e4ddarsydda f\u00f6r att montera p\u00e5 Volkswagen Transporter T6 2016+ med Startline-front. Notera att om du har -front ska skiljer sig monteringssatsen \u00e5t, k\u00f6p d\u00e5 ist\u00e4llet 159574 eller 159575. Monteringen g\u00f6rs enkelt och [&hellip;]","og_url":"http:\/\/xenonkungen.com\/no\/produkt\/laser-led-rampesett-vw-t6-2016-hl-tl-2x-triple-r-750-elite\/","og_site_name":"Xenonkungen","article_modified_time":"2026-04-21T14:21:22+00:00","og_image":[{"width":2048,"height":1537,"url":"https:\/\/xenonkungen.com\/wp-content\/uploads\/2025\/04\/159580_itemimage_mainfront.jpg","type":"image\/jpeg"}],"twitter_card":"summary_large_image","twitter_misc":{"Ansl. lesetid":"1 minutt"},"schema":{"@context":"https:\/\/schema.org","@graph":[{"@type":"WebPage","@id":"http:\/\/xenonkungen.com\/en\/product\/lazer-led-ramp-kit-vw-t6-2016-hl-tl-2x-triple-r-750-elite\/","url":"http:\/\/xenonkungen.com\/en\/product\/lazer-led-ramp-kit-vw-t6-2016-hl-tl-2x-triple-r-750-elite\/","name":"Lazer LED rampesett VW T6 2016+ HL TL 2x Triple-R 750 Elite - Xenon-kongen","isPartOf":{"@id":"https:\/\/xenonkungen.com\/#website"},"primaryImageOfPage":{"@id":"http:\/\/xenonkungen.com\/en\/product\/lazer-led-ramp-kit-vw-t6-2016-hl-tl-2x-triple-r-750-elite\/#primaryimage"},"image":{"@id":"http:\/\/xenonkungen.com\/en\/product\/lazer-led-ramp-kit-vw-t6-2016-hl-tl-2x-triple-r-750-elite\/#primaryimage"},"thumbnailUrl":"https:\/\/xenonkungen.com\/wp-content\/uploads\/2025\/04\/159580_itemimage_mainfront.jpg","datePublished":"2025-04-15T09:42:02+00:00","dateModified":"2026-04-21T14:21:22+00:00","breadcrumb":{"@id":"http:\/\/xenonkungen.com\/en\/product\/lazer-led-ramp-kit-vw-t6-2016-hl-tl-2x-triple-r-750-elite\/#breadcrumb"},"inLanguage":"nb-NO","potentialAction":[{"@type":"ReadAction","target":["http:\/\/xenonkungen.com\/en\/product\/lazer-led-ramp-kit-vw-t6-2016-hl-tl-2x-triple-r-750-elite\/"]}]},{"@type":"ImageObject","inLanguage":"nb-NO","@id":"http:\/\/xenonkungen.com\/en\/product\/lazer-led-ramp-kit-vw-t6-2016-hl-tl-2x-triple-r-750-elite\/#primaryimage","url":"https:\/\/xenonkungen.com\/wp-content\/uploads\/2025\/04\/159580_itemimage_mainfront.jpg","contentUrl":"https:\/\/xenonkungen.com\/wp-content\/uploads\/2025\/04\/159580_itemimage_mainfront.jpg","width":2048,"height":1537},{"@type":"BreadcrumbList","@id":"http:\/\/xenonkungen.com\/en\/product\/lazer-led-ramp-kit-vw-t6-2016-hl-tl-2x-triple-r-750-elite\/#breadcrumb","itemListElement":[{"@type":"ListItem","position":1,"name":"Hem","item":"https:\/\/xenonkungen.com\/"},{"@type":"ListItem","position":2,"name":"Shop","item":"https:\/\/xenonkungen.com\/shop\/"},{"@type":"ListItem","position":3,"name":"Lazer Ledrampskit VW T6 2016+ HL TL 2x Triple-R 750 Elite"}]},{"@type":"WebSite","@id":"https:\/\/xenonkungen.com\/#website","url":"https:\/\/xenonkungen.com\/","name":"Xenonkungen","description":"","potentialAction":[{"@type":"SearchAction","target":{"@type":"EntryPoint","urlTemplate":"https:\/\/xenonkungen.com\/?s={search_term_string}"},"query-input":{"@type":"PropertyValueSpecification","valueRequired":true,"valueName":"search_term_string"}}],"inLanguage":"nb-NO"}]}},"taxonomy_info":{"product_brand":[{"value":1124,"label":"Lazer"}],"product_cat":[{"value":2539,"label":"LEDRAMPER"},{"value":2596,"label":"Paket"},{"value":1916,"label":"Ledrampspaket"}],"product_tag":[{"value":2735,"label":"Lazer"}],"pa_fargtemperatur":[{"value":154,"label":"5000K"}],"pa_godkannande":[{"value":1709,"label":"E-godk\u00e4nd, ECE, R112"}],"pa_led-chips-effekt-w":[{"value":1616,"label":"104"}],"pa_stromforbrukning":[{"value":1617,"label":"7,2A@14,4V"}],"pa_volt-v":[{"value":1084,"label":"Multivolt, 10, 12, 16, 18, 24, 28, 30, 32"}]},"featured_image_src_large":["https:\/\/xenonkungen.com\/wp-content\/uploads\/2025\/04\/159580_itemimage_mainfront-1024x769.jpg",1024,769,true],"author_info":[],"comment_info":0,"_links":{"self":[{"href":"https:\/\/xenonkungen.com\/no\/wp-json\/wp\/v2\/product\/6130","targetHints":{"allow":["GET"]}}],"collection":[{"href":"https:\/\/xenonkungen.com\/no\/wp-json\/wp\/v2\/product"}],"about":[{"href":"https:\/\/xenonkungen.com\/no\/wp-json\/wp\/v2\/types\/product"}],"replies":[{"embeddable":true,"href":"https:\/\/xenonkungen.com\/no\/wp-json\/wp\/v2\/comments?post=6130"}],"wp:featuredmedia":[{"embeddable":true,"href":"https:\/\/xenonkungen.com\/no\/wp-json\/wp\/v2\/media\/6131"}],"wp:attachment":[{"href":"https:\/\/xenonkungen.com\/no\/wp-json\/wp\/v2\/media?parent=6130"}],"wp:term":[{"taxonomy":"anvandningsomrade","embeddable":true,"href":"https:\/\/xenonkungen.com\/no\/wp-json\/wp\/v2\/anvandningsomrade?post=6130"},{"taxonomy":"bilmarken","embeddable":true,"href":"https:\/\/xenonkungen.com\/no\/wp-json\/wp\/v2\/bilmarken?post=6130"},{"taxonomy":"product_brand","embeddable":true,"href":"https:\/\/xenonkungen.com\/no\/wp-json\/wp\/v2\/product_brand?post=6130"},{"taxonomy":"product_cat","embeddable":true,"href":"https:\/\/xenonkungen.com\/no\/wp-json\/wp\/v2\/product_cat?post=6130"},{"taxonomy":"product_tag","embeddable":true,"href":"https:\/\/xenonkungen.com\/no\/wp-json\/wp\/v2\/product_tag?post=6130"}],"curies":[{"name":"wp","href":"https:\/\/api.w.org\/{rel}","templated":true}]}}