{"id":6164,"date":"2025-04-15T09:42:34","date_gmt":"2025-04-15T09:42:34","guid":{"rendered":"https:\/\/xenonkungen.com\/product\/lazer-sentinel-elite-led-extraljus-9-black-positionsljus\/"},"modified":"2026-04-24T17:28:05","modified_gmt":"2026-04-24T16:28:05","slug":"lazer-sentinel-elite-led-hjelpelys-9-svart-posisjonslys","status":"publish","type":"product","link":"https:\/\/xenonkungen.com\/no\/produkt\/lazer-sentinel-elite-led-hjelpelys-9-svart-posisjonslys\/","title":{"rendered":"Lazer Sentinel Elite LED ekstra lys 9\u2033 svart posisjonslys"},"content":{"rendered":"<h1>LAZER SENTINEL ELITE 9\u2033 - Kompakt, i\u00f8ynefallende, elegant<\/h1>\n<p>Lazers nyeste og mest avanserte runde LED-ekstralys i 9\" design. Sentinel-serien er laget med avansert LED-teknologi som oppfyller behovene til profesjonelle og installat\u00f8rer. Utmerket optikk er designet for \u00e5 gi et omfattende lysm\u00f8nster som lyser opp begge sider av veien, samtidig som du oppn\u00e5r bemerkelsesverdige avstander.<\/p>\n<ul>\n<li>Rekkevidde: 1 lux ved 742 m<\/li>\n<li>15 232 Teoretiske lumen<\/li>\n<li>E-boost-modus for ekstra lysintensitet<\/li>\n<\/ul>\n<p>Lazer Sentinel Elite har en kastelengde p\u00e5 1 lux ved 742 m. Linsen har enten en svarttonet eller forkrommet overflate, noe som bidrar til en stilig design uten at det g\u00e5r p\u00e5 bekostning av lysytelsen. Positionslyset er utstyrt med et i\u00f8ynefallende, integrert posisjonslys, som kan levere enten hvitt eller gult lys. Lykten er utformet for \u00e5 forhindre at sn\u00f8, is og smuss samler seg p\u00e5 linsen. Den leveres ogs\u00e5 med en matchende svart monteringsbrakett.<\/p>\n<h2>E-boost-modus:<\/h2>\n<p>N\u00e5r du trenger maksimalt lys, for eksempel n\u00e5r du kj\u00f8rer offroad, leverer Lazer Sentinel Elite en fantastisk lysavstand p\u00e5 opptil 742 m ved 1 lux. Du kan raskt bytte mellom E-boost-modus og den E-godkjente standardmodusen.<\/p>\n<p>Den imponerende lysstyrken er bare en del av historien; den horisontale lysvinkelen p\u00e5 52 grader gir optimal sikt over alle typer terreng, noe som gj\u00f8r Sentinel til en av de ledende runde ekstralysene p\u00e5 markedet i dag.<\/p>","protected":false},"excerpt":{"rendered":"<p>LAZER SENTINEL ELITE 9&#8243; &#8211; Kompakt, Sl\u00e5ende, Elegant Lazers senaste och mest framst\u00e5ende runda LED extraljus i 9\u201d utf\u00f6rande. Sentinel-serien \u00e4r skapad med avancerad LED-teknologi som svarar p\u00e5 behoven fr\u00e5n proffs och installat\u00f6rer. Utm\u00e4rkt optik designad f\u00f6r att ge en omfattande ljusbild som belyser b\u00e5da sidor av v\u00e4gen, och samtidigt uppn\u00e5r anm\u00e4rkningsv\u00e4rda avst\u00e5nd. R\u00e4ckvidd: 1 [&hellip;]<\/p>","protected":false},"featured_media":6165,"comment_status":"closed","ping_status":"open","template":"","meta":{"_acf_changed":false,"_smort_price_nok":"8545","_smort_price_dkk":"5428","_smort_price_eur":"727.24","_smort_sale_price_nok":"","_smort_sale_price_dkk":"","_smort_sale_price_eur":"","smort_restorder":"","shipmondo_restorder":"","_kad_blocks_custom_css":"","_kad_blocks_head_custom_js":"","_kad_blocks_body_custom_js":"","_kad_blocks_footer_custom_js":"","smort_custom_pricelist_1":"5120","smort_custom_pricelist_2":"5120","smort_custom_pricelist_3":"5120","smort_custom_pricelist_4":"6400","smort_custom_pricelist_5":"5120"},"anvandningsomrade":[],"bilmarken":[],"product_brand":[1124],"product_cat":[2839,142],"product_tag":[2735],"class_list":{"0":"post-6164","1":"product","2":"type-product","3":"status-publish","4":"has-post-thumbnail","6":"product_brand-lazer","7":"product_cat-extraljus-9","8":"product_cat-extraljus","9":"product_tag-lazer","10":"pa_fargtemperatur-5000k","11":"pa_fuktskydd-varde-ipxx-ip68","12":"pa_godkannande-e-godkand-ece-r112","13":"pa_lampsockel-kontakt-superseal","14":"pa_led-chips-effekt-w-1717","15":"pa_storlek-mm-225x230x90","16":"pa_stromforbrukning-101a144v","17":"pa_volt-v-multivolt-10-12-16-18-24-28-30-32","19":"first","20":"onbackorder","21":"taxable","22":"shipping-taxable","23":"purchasable","24":"product-type-simple"},"bundled_by":[],"bundle_stock_status":"onbackorder","bundle_stock_quantity":0,"bundle_virtual":false,"bundle_layout":"","bundle_add_to_cart_form_location":"","bundle_editable_in_cart":false,"bundle_sold_individually_context":"","bundle_item_grouping":"","bundle_min_size":"","bundle_max_size":"","bundle_price":[],"bundled_items":[],"bundle_sell_ids":[],"acf":[],"yoast_head":"<!-- This site is optimized with the Yoast SEO plugin v27.0 - https:\/\/yoast.com\/product\/yoast-seo-wordpress\/ -->\n<title>Lazer Sentinel Elite LED extraljus 9&quot; Black Positionsljus - Xenonkungen<\/title>\n<meta name=\"robots\" content=\"index, follow, max-snippet:-1, max-image-preview:large, max-video-preview:-1\" \/>\n<link rel=\"canonical\" href=\"https:\/\/xenonkungen.com\/no\/produkt\/lazer-sentinel-elite-led-hjelpelys-9-svart-posisjonslys\/\" \/>\n<meta property=\"og:locale\" content=\"nb_NO\" \/>\n<meta property=\"og:type\" content=\"article\" \/>\n<meta property=\"og:title\" content=\"Lazer Sentinel Elite LED extraljus 9&quot; Black Positionsljus - Xenonkungen\" \/>\n<meta property=\"og:description\" content=\"LAZER SENTINEL ELITE 9&#8243; &#8211; Kompakt, Sl\u00e5ende, Elegant Lazers senaste och mest framst\u00e5ende runda LED extraljus i 9\u201d utf\u00f6rande. Sentinel-serien \u00e4r skapad med avancerad LED-teknologi som svarar p\u00e5 behoven fr\u00e5n proffs och installat\u00f6rer. Utm\u00e4rkt optik designad f\u00f6r att ge en omfattande ljusbild som belyser b\u00e5da sidor av v\u00e4gen, och samtidigt uppn\u00e5r anm\u00e4rkningsv\u00e4rda avst\u00e5nd. R\u00e4ckvidd: 1 [&hellip;]\" \/>\n<meta property=\"og:url\" content=\"https:\/\/xenonkungen.com\/no\/produkt\/lazer-sentinel-elite-led-hjelpelys-9-svart-posisjonslys\/\" \/>\n<meta property=\"og:site_name\" content=\"Xenonkungen\" \/>\n<meta property=\"article:modified_time\" content=\"2026-04-24T16:28:05+00:00\" \/>\n<meta property=\"og:image\" content=\"https:\/\/xenonkungen.com\/wp-content\/uploads\/2025\/04\/159603_itemimage_4.jpg\" \/>\n\t<meta property=\"og:image:width\" content=\"2048\" \/>\n\t<meta property=\"og:image:height\" content=\"1536\" \/>\n\t<meta property=\"og:image:type\" content=\"image\/jpeg\" \/>\n<meta name=\"twitter:card\" content=\"summary_large_image\" \/>\n<meta name=\"twitter:label1\" content=\"Ansl. lesetid\" \/>\n\t<meta name=\"twitter:data1\" content=\"1 minutt\" \/>\n<script type=\"application\/ld+json\" class=\"yoast-schema-graph\">{\"@context\":\"https:\/\/schema.org\",\"@graph\":[{\"@type\":\"WebPage\",\"@id\":\"https:\/\/xenonkungen.com\/no\/produkt\/lazer-sentinel-elite-led-hjelpelys-9-svart-posisjonslys\/\",\"url\":\"https:\/\/xenonkungen.com\/no\/produkt\/lazer-sentinel-elite-led-hjelpelys-9-svart-posisjonslys\/\",\"name\":\"Lazer Sentinel Elite LED extraljus 9\\\" Black Positionsljus - Xenonkungen\",\"isPartOf\":{\"@id\":\"https:\/\/xenonkungen.com\/#website\"},\"primaryImageOfPage\":{\"@id\":\"https:\/\/xenonkungen.com\/no\/produkt\/lazer-sentinel-elite-led-hjelpelys-9-svart-posisjonslys\/#primaryimage\"},\"image\":{\"@id\":\"https:\/\/xenonkungen.com\/no\/produkt\/lazer-sentinel-elite-led-hjelpelys-9-svart-posisjonslys\/#primaryimage\"},\"thumbnailUrl\":\"https:\/\/xenonkungen.com\/wp-content\/uploads\/2025\/04\/159603_itemimage_4.jpg\",\"datePublished\":\"2025-04-15T09:42:34+00:00\",\"dateModified\":\"2026-04-24T16:28:05+00:00\",\"breadcrumb\":{\"@id\":\"https:\/\/xenonkungen.com\/no\/produkt\/lazer-sentinel-elite-led-hjelpelys-9-svart-posisjonslys\/#breadcrumb\"},\"inLanguage\":\"nb-NO\",\"potentialAction\":[{\"@type\":\"ReadAction\",\"target\":[\"https:\/\/xenonkungen.com\/no\/produkt\/lazer-sentinel-elite-led-hjelpelys-9-svart-posisjonslys\/\"]}]},{\"@type\":\"ImageObject\",\"inLanguage\":\"nb-NO\",\"@id\":\"https:\/\/xenonkungen.com\/no\/produkt\/lazer-sentinel-elite-led-hjelpelys-9-svart-posisjonslys\/#primaryimage\",\"url\":\"https:\/\/xenonkungen.com\/wp-content\/uploads\/2025\/04\/159603_itemimage_4.jpg\",\"contentUrl\":\"https:\/\/xenonkungen.com\/wp-content\/uploads\/2025\/04\/159603_itemimage_4.jpg\",\"width\":2048,\"height\":1536},{\"@type\":\"BreadcrumbList\",\"@id\":\"https:\/\/xenonkungen.com\/no\/produkt\/lazer-sentinel-elite-led-hjelpelys-9-svart-posisjonslys\/#breadcrumb\",\"itemListElement\":[{\"@type\":\"ListItem\",\"position\":1,\"name\":\"Hem\",\"item\":\"https:\/\/xenonkungen.com\/\"},{\"@type\":\"ListItem\",\"position\":2,\"name\":\"Shop\",\"item\":\"https:\/\/xenonkungen.com\/shop\/\"},{\"@type\":\"ListItem\",\"position\":3,\"name\":\"Lazer Sentinel Elite LED extraljus 9&#8243; Black Positionsljus\"}]},{\"@type\":\"WebSite\",\"@id\":\"https:\/\/xenonkungen.com\/#website\",\"url\":\"https:\/\/xenonkungen.com\/\",\"name\":\"Xenonkungen\",\"description\":\"\",\"potentialAction\":[{\"@type\":\"SearchAction\",\"target\":{\"@type\":\"EntryPoint\",\"urlTemplate\":\"https:\/\/xenonkungen.com\/?s={search_term_string}\"},\"query-input\":{\"@type\":\"PropertyValueSpecification\",\"valueRequired\":true,\"valueName\":\"search_term_string\"}}],\"inLanguage\":\"nb-NO\"}]}<\/script>\n<!-- \/ Yoast SEO plugin. -->","yoast_head_json":{"title":"Lazer Sentinel Elite LED ekstralys 9&quot; svart posisjonslys - Xenonkungen","robots":{"index":"index","follow":"follow","max-snippet":"max-snippet:-1","max-image-preview":"max-image-preview:large","max-video-preview":"max-video-preview:-1"},"canonical":"https:\/\/xenonkungen.com\/no\/produkt\/lazer-sentinel-elite-led-hjelpelys-9-svart-posisjonslys\/","og_locale":"nb_NO","og_type":"article","og_title":"Lazer Sentinel Elite LED extraljus 9\" Black Positionsljus - Xenonkungen","og_description":"LAZER SENTINEL ELITE 9&#8243; &#8211; Kompakt, Sl\u00e5ende, Elegant Lazers senaste och mest framst\u00e5ende runda LED extraljus i 9\u201d utf\u00f6rande. Sentinel-serien \u00e4r skapad med avancerad LED-teknologi som svarar p\u00e5 behoven fr\u00e5n proffs och installat\u00f6rer. Utm\u00e4rkt optik designad f\u00f6r att ge en omfattande ljusbild som belyser b\u00e5da sidor av v\u00e4gen, och samtidigt uppn\u00e5r anm\u00e4rkningsv\u00e4rda avst\u00e5nd. R\u00e4ckvidd: 1 [&hellip;]","og_url":"https:\/\/xenonkungen.com\/no\/produkt\/lazer-sentinel-elite-led-hjelpelys-9-svart-posisjonslys\/","og_site_name":"Xenonkungen","article_modified_time":"2026-04-24T16:28:05+00:00","og_image":[{"width":2048,"height":1536,"url":"https:\/\/xenonkungen.com\/wp-content\/uploads\/2025\/04\/159603_itemimage_4.jpg","type":"image\/jpeg"}],"twitter_card":"summary_large_image","twitter_misc":{"Ansl. lesetid":"1 minutt"},"schema":{"@context":"https:\/\/schema.org","@graph":[{"@type":"WebPage","@id":"https:\/\/xenonkungen.com\/no\/produkt\/lazer-sentinel-elite-led-hjelpelys-9-svart-posisjonslys\/","url":"https:\/\/xenonkungen.com\/no\/produkt\/lazer-sentinel-elite-led-hjelpelys-9-svart-posisjonslys\/","name":"Lazer Sentinel Elite LED ekstralys 9&quot; svart posisjonslys - Xenonkungen","isPartOf":{"@id":"https:\/\/xenonkungen.com\/#website"},"primaryImageOfPage":{"@id":"https:\/\/xenonkungen.com\/no\/produkt\/lazer-sentinel-elite-led-hjelpelys-9-svart-posisjonslys\/#primaryimage"},"image":{"@id":"https:\/\/xenonkungen.com\/no\/produkt\/lazer-sentinel-elite-led-hjelpelys-9-svart-posisjonslys\/#primaryimage"},"thumbnailUrl":"https:\/\/xenonkungen.com\/wp-content\/uploads\/2025\/04\/159603_itemimage_4.jpg","datePublished":"2025-04-15T09:42:34+00:00","dateModified":"2026-04-24T16:28:05+00:00","breadcrumb":{"@id":"https:\/\/xenonkungen.com\/no\/produkt\/lazer-sentinel-elite-led-hjelpelys-9-svart-posisjonslys\/#breadcrumb"},"inLanguage":"nb-NO","potentialAction":[{"@type":"ReadAction","target":["https:\/\/xenonkungen.com\/no\/produkt\/lazer-sentinel-elite-led-hjelpelys-9-svart-posisjonslys\/"]}]},{"@type":"ImageObject","inLanguage":"nb-NO","@id":"https:\/\/xenonkungen.com\/no\/produkt\/lazer-sentinel-elite-led-hjelpelys-9-svart-posisjonslys\/#primaryimage","url":"https:\/\/xenonkungen.com\/wp-content\/uploads\/2025\/04\/159603_itemimage_4.jpg","contentUrl":"https:\/\/xenonkungen.com\/wp-content\/uploads\/2025\/04\/159603_itemimage_4.jpg","width":2048,"height":1536},{"@type":"BreadcrumbList","@id":"https:\/\/xenonkungen.com\/no\/produkt\/lazer-sentinel-elite-led-hjelpelys-9-svart-posisjonslys\/#breadcrumb","itemListElement":[{"@type":"ListItem","position":1,"name":"Hem","item":"https:\/\/xenonkungen.com\/"},{"@type":"ListItem","position":2,"name":"Shop","item":"https:\/\/xenonkungen.com\/shop\/"},{"@type":"ListItem","position":3,"name":"Lazer Sentinel Elite LED extraljus 9&#8243; Black Positionsljus"}]},{"@type":"WebSite","@id":"https:\/\/xenonkungen.com\/#website","url":"https:\/\/xenonkungen.com\/","name":"Xenonkungen","description":"","potentialAction":[{"@type":"SearchAction","target":{"@type":"EntryPoint","urlTemplate":"https:\/\/xenonkungen.com\/?s={search_term_string}"},"query-input":{"@type":"PropertyValueSpecification","valueRequired":true,"valueName":"search_term_string"}}],"inLanguage":"nb-NO"}]}},"taxonomy_info":{"product_brand":[{"value":1124,"label":"Lazer"}],"product_cat":[{"value":2839,"label":"Extraljus 9\""},{"value":142,"label":"Extraljus"}],"product_tag":[{"value":2735,"label":"Lazer"}],"pa_fargtemperatur":[{"value":154,"label":"5000K"}],"pa_fuktskydd-varde-ipxx":[{"value":177,"label":"IP68"}],"pa_godkannande":[{"value":1709,"label":"E-godk\u00e4nd, ECE, R112"}],"pa_lampsockel-kontakt":[{"value":1122,"label":"Superseal"}],"pa_led-chips-effekt-w":[{"value":1717,"label":"145"}],"pa_storlek-mm":[{"value":1716,"label":"225x230x90"}],"pa_stromforbrukning":[{"value":1718,"label":"10,1A@14,4V"}],"pa_volt-v":[{"value":1084,"label":"Multivolt, 10, 12, 16, 18, 24, 28, 30, 32"}]},"featured_image_src_large":["https:\/\/xenonkungen.com\/wp-content\/uploads\/2025\/04\/159603_itemimage_4-1024x768.jpg",1024,768,true],"author_info":[],"comment_info":0,"_links":{"self":[{"href":"https:\/\/xenonkungen.com\/no\/wp-json\/wp\/v2\/product\/6164","targetHints":{"allow":["GET"]}}],"collection":[{"href":"https:\/\/xenonkungen.com\/no\/wp-json\/wp\/v2\/product"}],"about":[{"href":"https:\/\/xenonkungen.com\/no\/wp-json\/wp\/v2\/types\/product"}],"replies":[{"embeddable":true,"href":"https:\/\/xenonkungen.com\/no\/wp-json\/wp\/v2\/comments?post=6164"}],"wp:featuredmedia":[{"embeddable":true,"href":"https:\/\/xenonkungen.com\/no\/wp-json\/wp\/v2\/media\/6165"}],"wp:attachment":[{"href":"https:\/\/xenonkungen.com\/no\/wp-json\/wp\/v2\/media?parent=6164"}],"wp:term":[{"taxonomy":"anvandningsomrade","embeddable":true,"href":"https:\/\/xenonkungen.com\/no\/wp-json\/wp\/v2\/anvandningsomrade?post=6164"},{"taxonomy":"bilmarken","embeddable":true,"href":"https:\/\/xenonkungen.com\/no\/wp-json\/wp\/v2\/bilmarken?post=6164"},{"taxonomy":"product_brand","embeddable":true,"href":"https:\/\/xenonkungen.com\/no\/wp-json\/wp\/v2\/product_brand?post=6164"},{"taxonomy":"product_cat","embeddable":true,"href":"https:\/\/xenonkungen.com\/no\/wp-json\/wp\/v2\/product_cat?post=6164"},{"taxonomy":"product_tag","embeddable":true,"href":"https:\/\/xenonkungen.com\/no\/wp-json\/wp\/v2\/product_tag?post=6164"}],"curies":[{"name":"wp","href":"https:\/\/api.w.org\/{rel}","templated":true}]}}