{"id":6204,"date":"2025-04-15T09:43:49","date_gmt":"2025-04-15T09:43:49","guid":{"rendered":"https:\/\/xenonkungen.com\/product\/pt-solskydd-35-cm-for-scania-ng-med-lazer-linear-18-elite-a\/"},"modified":"2026-04-11T01:11:06","modified_gmt":"2026-04-11T00:11:06","slug":"pt-solskjerm-35-cm-for-scania-ng-med-lazer-linear-18-elite-a","status":"publish","type":"product","link":"https:\/\/xenonkungen.com\/no\/produkt\/pt-solskjerm-35-cm-for-scania-ng-med-lazer-linear-18-elite-a\/","title":{"rendered":"PT-Solskjerm 35 cm for Scania NG med Lazer Linear 18 Elite *a"},"content":{"rendered":"<h1 class=\"\">PT-Solskjerm 35 cm for Scania NG med Lazer Linear 18 Elite *a<\/h1>\n<p><span>Solskjerm for Scania NextGen inkl. 2 stk Lazer Linear-18 Elite. Solskjermen har perfekt passform og passer til alle NG-f\u00f8rerhus (L-, P-, G-, R-, S- eller XT-serien). Alle festene er de samme som for den originale solskjermen. Dette gjelder ogs\u00e5 for festingen av den originale toppen til solskjermen, noe som gj\u00f8r monteringen sv\u00e6rt enkel. Solskjermen leveres komplett (uten topp) inkl. 2 Lazer Linear-18 Elite (velg om du vil ha med eller uten posisjonslys) med braketter og monteringsdetaljer. Speilforlenger for frontspeilet og avstandsstykker er inkludert.<\/span><\/p>","protected":false},"excerpt":{"rendered":"<p>PT-Solskydd 35 cm f\u00f6r Scania NG med Lazer Linear 18 Elite *a Solskydd f\u00f6r Scania NextGen inkl 2 st Lazer Linear-18 Elite. Solskyddet har perfekt passform och passar alla NGhytter (L-, P-, G-, R-, S- eller XT-serien). Alla inf\u00e4stningar \u00e4r samma som f\u00f6r originalsolskyddet. Det g\u00e4ller \u00e4ven original\u00f6verdelens inf\u00e4stning i solskyddet, vilket g\u00f6r att monteringen [&hellip;]<\/p>","protected":false},"featured_media":6205,"comment_status":"closed","ping_status":"open","template":"","meta":{"_acf_changed":false,"_smort_price_nok":"28733","_smort_price_dkk":"18253","_smort_price_eur":"2445.34","_smort_sale_price_nok":"","_smort_sale_price_dkk":"","_smort_sale_price_eur":"","smort_restorder":"","shipmondo_restorder":"","_kad_blocks_custom_css":"","_kad_blocks_head_custom_js":"","_kad_blocks_body_custom_js":"","_kad_blocks_footer_custom_js":"","smort_custom_pricelist_1":"17616","smort_custom_pricelist_2":"17616","smort_custom_pricelist_3":"17616","smort_custom_pricelist_4":"22020","smort_custom_pricelist_5":"17616"},"anvandningsomrade":[166,238,2816],"bilmarken":[],"product_brand":[2793],"product_cat":[2611],"product_tag":[2735],"class_list":{"0":"post-6204","1":"product","2":"type-product","3":"status-publish","4":"has-post-thumbnail","6":"anvandningsomrade-lastbil","7":"anvandningsomrade-slap","8":"anvandningsomrade-trailer","9":"product_brand-ovrigt","10":"product_cat-solskydd-frontlucka","11":"product_tag-lazer","13":"first","14":"onbackorder","15":"taxable","16":"shipping-taxable","17":"purchasable","18":"product-type-simple"},"bundled_by":[],"bundle_stock_status":"onbackorder","bundle_stock_quantity":0,"bundle_virtual":false,"bundle_layout":"","bundle_add_to_cart_form_location":"","bundle_editable_in_cart":false,"bundle_sold_individually_context":"","bundle_item_grouping":"","bundle_min_size":"","bundle_max_size":"","bundle_price":[],"bundled_items":[],"bundle_sell_ids":[],"acf":[],"yoast_head":"<!-- This site is optimized with the Yoast SEO plugin v27.0 - https:\/\/yoast.com\/product\/yoast-seo-wordpress\/ -->\n<title>PT-Solskydd 35 cm f\u00f6r Scania NG med Lazer Linear 18 Elite *a - Xenonkungen<\/title>\n<meta name=\"robots\" content=\"index, follow, max-snippet:-1, max-image-preview:large, max-video-preview:-1\" \/>\n<link rel=\"canonical\" href=\"https:\/\/xenonkungen.com\/no\/produkt\/pt-solskjerm-35-cm-for-scania-ng-med-lazer-linear-18-elite-a\/\" \/>\n<meta property=\"og:locale\" content=\"nb_NO\" \/>\n<meta property=\"og:type\" content=\"article\" \/>\n<meta property=\"og:title\" content=\"PT-Solskydd 35 cm f\u00f6r Scania NG med Lazer Linear 18 Elite *a - Xenonkungen\" \/>\n<meta property=\"og:description\" content=\"PT-Solskydd 35 cm f\u00f6r Scania NG med Lazer Linear 18 Elite *a Solskydd f\u00f6r Scania NextGen inkl 2 st Lazer Linear-18 Elite. Solskyddet har perfekt passform och passar alla NGhytter (L-, P-, G-, R-, S- eller XT-serien). Alla inf\u00e4stningar \u00e4r samma som f\u00f6r originalsolskyddet. Det g\u00e4ller \u00e4ven original\u00f6verdelens inf\u00e4stning i solskyddet, vilket g\u00f6r att monteringen [&hellip;]\" \/>\n<meta property=\"og:url\" content=\"https:\/\/xenonkungen.com\/no\/produkt\/pt-solskjerm-35-cm-for-scania-ng-med-lazer-linear-18-elite-a\/\" \/>\n<meta property=\"og:site_name\" content=\"Xenonkungen\" \/>\n<meta property=\"article:modified_time\" content=\"2026-04-11T00:11:06+00:00\" \/>\n<meta property=\"og:image\" content=\"https:\/\/xenonkungen.com\/wp-content\/uploads\/2025\/04\/34-100217WL_itemimage_mainfront.jpg\" \/>\n\t<meta property=\"og:image:width\" content=\"2048\" \/>\n\t<meta property=\"og:image:height\" content=\"1535\" \/>\n\t<meta property=\"og:image:type\" content=\"image\/jpeg\" \/>\n<meta name=\"twitter:card\" content=\"summary_large_image\" \/>\n<script type=\"application\/ld+json\" class=\"yoast-schema-graph\">{\"@context\":\"https:\/\/schema.org\",\"@graph\":[{\"@type\":\"WebPage\",\"@id\":\"https:\/\/xenonkungen.com\/produkt\/pt-solskydd-35-cm-for-scania-ng-med-lazer-linear-18-elite-a\/\",\"url\":\"https:\/\/xenonkungen.com\/produkt\/pt-solskydd-35-cm-for-scania-ng-med-lazer-linear-18-elite-a\/\",\"name\":\"PT-Solskydd 35 cm f\u00f6r Scania NG med Lazer Linear 18 Elite *a - Xenonkungen\",\"isPartOf\":{\"@id\":\"https:\/\/xenonkungen.com\/#website\"},\"primaryImageOfPage\":{\"@id\":\"https:\/\/xenonkungen.com\/produkt\/pt-solskydd-35-cm-for-scania-ng-med-lazer-linear-18-elite-a\/#primaryimage\"},\"image\":{\"@id\":\"https:\/\/xenonkungen.com\/produkt\/pt-solskydd-35-cm-for-scania-ng-med-lazer-linear-18-elite-a\/#primaryimage\"},\"thumbnailUrl\":\"https:\/\/xenonkungen.com\/wp-content\/uploads\/2025\/04\/34-100217WL_itemimage_mainfront.jpg\",\"datePublished\":\"2025-04-15T09:43:49+00:00\",\"dateModified\":\"2026-04-11T00:11:06+00:00\",\"breadcrumb\":{\"@id\":\"https:\/\/xenonkungen.com\/produkt\/pt-solskydd-35-cm-for-scania-ng-med-lazer-linear-18-elite-a\/#breadcrumb\"},\"inLanguage\":\"nb-NO\",\"potentialAction\":[{\"@type\":\"ReadAction\",\"target\":[\"https:\/\/xenonkungen.com\/produkt\/pt-solskydd-35-cm-for-scania-ng-med-lazer-linear-18-elite-a\/\"]}]},{\"@type\":\"ImageObject\",\"inLanguage\":\"nb-NO\",\"@id\":\"https:\/\/xenonkungen.com\/produkt\/pt-solskydd-35-cm-for-scania-ng-med-lazer-linear-18-elite-a\/#primaryimage\",\"url\":\"https:\/\/xenonkungen.com\/wp-content\/uploads\/2025\/04\/34-100217WL_itemimage_mainfront.jpg\",\"contentUrl\":\"https:\/\/xenonkungen.com\/wp-content\/uploads\/2025\/04\/34-100217WL_itemimage_mainfront.jpg\",\"width\":2048,\"height\":1535},{\"@type\":\"BreadcrumbList\",\"@id\":\"https:\/\/xenonkungen.com\/produkt\/pt-solskydd-35-cm-for-scania-ng-med-lazer-linear-18-elite-a\/#breadcrumb\",\"itemListElement\":[{\"@type\":\"ListItem\",\"position\":1,\"name\":\"Hem\",\"item\":\"https:\/\/xenonkungen.com\/\"},{\"@type\":\"ListItem\",\"position\":2,\"name\":\"Shop\",\"item\":\"https:\/\/xenonkungen.com\/shop\/\"},{\"@type\":\"ListItem\",\"position\":3,\"name\":\"PT-Solskydd 35 cm f\u00f6r Scania NG med Lazer Linear 18 Elite *a\"}]},{\"@type\":\"WebSite\",\"@id\":\"https:\/\/xenonkungen.com\/#website\",\"url\":\"https:\/\/xenonkungen.com\/\",\"name\":\"Xenonkungen\",\"description\":\"\",\"potentialAction\":[{\"@type\":\"SearchAction\",\"target\":{\"@type\":\"EntryPoint\",\"urlTemplate\":\"https:\/\/xenonkungen.com\/?s={search_term_string}\"},\"query-input\":{\"@type\":\"PropertyValueSpecification\",\"valueRequired\":true,\"valueName\":\"search_term_string\"}}],\"inLanguage\":\"nb-NO\"}]}<\/script>\n<!-- \/ Yoast SEO plugin. -->","yoast_head_json":{"title":"PT-solskjerm 35 cm for Scania NG med Lazer Linear 18 Elite *a - Xenonkungen","robots":{"index":"index","follow":"follow","max-snippet":"max-snippet:-1","max-image-preview":"max-image-preview:large","max-video-preview":"max-video-preview:-1"},"canonical":"https:\/\/xenonkungen.com\/no\/produkt\/pt-solskjerm-35-cm-for-scania-ng-med-lazer-linear-18-elite-a\/","og_locale":"nb_NO","og_type":"article","og_title":"PT-Solskydd 35 cm f\u00f6r Scania NG med Lazer Linear 18 Elite *a - Xenonkungen","og_description":"PT-Solskydd 35 cm f\u00f6r Scania NG med Lazer Linear 18 Elite *a Solskydd f\u00f6r Scania NextGen inkl 2 st Lazer Linear-18 Elite. Solskyddet har perfekt passform och passar alla NGhytter (L-, P-, G-, R-, S- eller XT-serien). Alla inf\u00e4stningar \u00e4r samma som f\u00f6r originalsolskyddet. Det g\u00e4ller \u00e4ven original\u00f6verdelens inf\u00e4stning i solskyddet, vilket g\u00f6r att monteringen [&hellip;]","og_url":"https:\/\/xenonkungen.com\/no\/produkt\/pt-solskjerm-35-cm-for-scania-ng-med-lazer-linear-18-elite-a\/","og_site_name":"Xenonkungen","article_modified_time":"2026-04-11T00:11:06+00:00","og_image":[{"width":2048,"height":1535,"url":"https:\/\/xenonkungen.com\/wp-content\/uploads\/2025\/04\/34-100217WL_itemimage_mainfront.jpg","type":"image\/jpeg"}],"twitter_card":"summary_large_image","schema":{"@context":"https:\/\/schema.org","@graph":[{"@type":"WebPage","@id":"https:\/\/xenonkungen.com\/produkt\/pt-solskydd-35-cm-for-scania-ng-med-lazer-linear-18-elite-a\/","url":"https:\/\/xenonkungen.com\/produkt\/pt-solskydd-35-cm-for-scania-ng-med-lazer-linear-18-elite-a\/","name":"PT-solskjerm 35 cm for Scania NG med Lazer Linear 18 Elite *a - Xenonkungen","isPartOf":{"@id":"https:\/\/xenonkungen.com\/#website"},"primaryImageOfPage":{"@id":"https:\/\/xenonkungen.com\/produkt\/pt-solskydd-35-cm-for-scania-ng-med-lazer-linear-18-elite-a\/#primaryimage"},"image":{"@id":"https:\/\/xenonkungen.com\/produkt\/pt-solskydd-35-cm-for-scania-ng-med-lazer-linear-18-elite-a\/#primaryimage"},"thumbnailUrl":"https:\/\/xenonkungen.com\/wp-content\/uploads\/2025\/04\/34-100217WL_itemimage_mainfront.jpg","datePublished":"2025-04-15T09:43:49+00:00","dateModified":"2026-04-11T00:11:06+00:00","breadcrumb":{"@id":"https:\/\/xenonkungen.com\/produkt\/pt-solskydd-35-cm-for-scania-ng-med-lazer-linear-18-elite-a\/#breadcrumb"},"inLanguage":"nb-NO","potentialAction":[{"@type":"ReadAction","target":["https:\/\/xenonkungen.com\/produkt\/pt-solskydd-35-cm-for-scania-ng-med-lazer-linear-18-elite-a\/"]}]},{"@type":"ImageObject","inLanguage":"nb-NO","@id":"https:\/\/xenonkungen.com\/produkt\/pt-solskydd-35-cm-for-scania-ng-med-lazer-linear-18-elite-a\/#primaryimage","url":"https:\/\/xenonkungen.com\/wp-content\/uploads\/2025\/04\/34-100217WL_itemimage_mainfront.jpg","contentUrl":"https:\/\/xenonkungen.com\/wp-content\/uploads\/2025\/04\/34-100217WL_itemimage_mainfront.jpg","width":2048,"height":1535},{"@type":"BreadcrumbList","@id":"https:\/\/xenonkungen.com\/produkt\/pt-solskydd-35-cm-for-scania-ng-med-lazer-linear-18-elite-a\/#breadcrumb","itemListElement":[{"@type":"ListItem","position":1,"name":"Hem","item":"https:\/\/xenonkungen.com\/"},{"@type":"ListItem","position":2,"name":"Shop","item":"https:\/\/xenonkungen.com\/shop\/"},{"@type":"ListItem","position":3,"name":"PT-Solskydd 35 cm f\u00f6r Scania NG med Lazer Linear 18 Elite *a"}]},{"@type":"WebSite","@id":"https:\/\/xenonkungen.com\/#website","url":"https:\/\/xenonkungen.com\/","name":"Xenonkungen","description":"","potentialAction":[{"@type":"SearchAction","target":{"@type":"EntryPoint","urlTemplate":"https:\/\/xenonkungen.com\/?s={search_term_string}"},"query-input":{"@type":"PropertyValueSpecification","valueRequired":true,"valueName":"search_term_string"}}],"inLanguage":"nb-NO"}]}},"taxonomy_info":{"anvandningsomrade":[{"value":166,"label":"Lastbil"},{"value":238,"label":"SL\u00c4P"},{"value":2816,"label":"TRAILER"}],"product_brand":[{"value":2793,"label":"\u00d6VRIGT"}],"product_cat":[{"value":2611,"label":"Solskydd \/ Frontlucka"}],"product_tag":[{"value":2735,"label":"Lazer"}]},"featured_image_src_large":["https:\/\/xenonkungen.com\/wp-content\/uploads\/2025\/04\/34-100217WL_itemimage_mainfront-1024x768.jpg",1024,768,true],"author_info":[],"comment_info":0,"_links":{"self":[{"href":"https:\/\/xenonkungen.com\/no\/wp-json\/wp\/v2\/product\/6204","targetHints":{"allow":["GET"]}}],"collection":[{"href":"https:\/\/xenonkungen.com\/no\/wp-json\/wp\/v2\/product"}],"about":[{"href":"https:\/\/xenonkungen.com\/no\/wp-json\/wp\/v2\/types\/product"}],"replies":[{"embeddable":true,"href":"https:\/\/xenonkungen.com\/no\/wp-json\/wp\/v2\/comments?post=6204"}],"wp:featuredmedia":[{"embeddable":true,"href":"https:\/\/xenonkungen.com\/no\/wp-json\/wp\/v2\/media\/6205"}],"wp:attachment":[{"href":"https:\/\/xenonkungen.com\/no\/wp-json\/wp\/v2\/media?parent=6204"}],"wp:term":[{"taxonomy":"anvandningsomrade","embeddable":true,"href":"https:\/\/xenonkungen.com\/no\/wp-json\/wp\/v2\/anvandningsomrade?post=6204"},{"taxonomy":"bilmarken","embeddable":true,"href":"https:\/\/xenonkungen.com\/no\/wp-json\/wp\/v2\/bilmarken?post=6204"},{"taxonomy":"product_brand","embeddable":true,"href":"https:\/\/xenonkungen.com\/no\/wp-json\/wp\/v2\/product_brand?post=6204"},{"taxonomy":"product_cat","embeddable":true,"href":"https:\/\/xenonkungen.com\/no\/wp-json\/wp\/v2\/product_cat?post=6204"},{"taxonomy":"product_tag","embeddable":true,"href":"https:\/\/xenonkungen.com\/no\/wp-json\/wp\/v2\/product_tag?post=6204"}],"curies":[{"name":"wp","href":"https:\/\/api.w.org\/{rel}","templated":true}]}}