{"id":6253,"date":"2025-04-15T09:44:21","date_gmt":"2025-04-15T09:44:21","guid":{"rendered":"https:\/\/xenonkungen.com\/product\/lazer-t16-evolution-extraljusramp-27-684-mm\/"},"modified":"2026-04-24T17:28:38","modified_gmt":"2026-04-24T16:28:38","slug":"lazer-t16-evolution-ekstra-lett-rampe-27-684-mm","status":"publish","type":"product","link":"https:\/\/xenonkungen.com\/no\/produkt\/lazer-t16-evolution-ekstra-lett-rampe-27-684-mm\/","title":{"rendered":"Lazer T16 Evolution ekstra lett rampe 27\u2033 (684 mm)"},"content":{"rendered":"<h1>ST Evolution-serien fra Lazer<\/h1>\n<p>En serie LED-spotlights som kombinerer overlegen lysytelse med en diskret og s\u00f8ml\u00f8s design.<\/p>\n<h2>\u00d8kt motstandsdyktighet og enkel installasjon<\/h2>\n<p>ST Evolution-serien er utviklet med forbedret v\u00e6rbestandighet og enklere montering.<\/p>\n<h2>Lysdioder med h\u00f8y ytelse for optimal lysspredning<\/h2>\n<p>Hver rampe er utstyrt med h\u00f8ytytende 11 W LED-lamper som gir en bred lysfordeling og overlegen lysytelse.<\/p>\n<h2>Robust konstruksjon og minimal risiko for sn\u00f8 og smuss<\/h2>\n<p>Den robuste konstruksjonen og den \"uknuselige\" polykarbonatlinsen med hard lakk minimerer risikoen for at sn\u00f8 og smuss setter seg fast p\u00e5 glasset.<\/p>","protected":false},"excerpt":{"rendered":"<p>ST Evolution-serien fr\u00e5n Lazer En serie LED-rampar som kombinerar \u00f6verl\u00e4gsen ljusprestanda med en diskret och s\u00f6ml\u00f6s design. \u00d6kad motst\u00e5ndskraft och enkel installation ST Evolution-serien har utvecklats med f\u00f6rb\u00e4ttrad v\u00e4derbest\u00e4ndighet och enklare installation. H\u00f6gpresterande LED-lampor f\u00f6r optimal spridning av ljus Varje ramp \u00e4r utrustad med h\u00f6gpresterande 11 W lysdioder som ger en bred ljusbild och \u00f6verl\u00e4gsen [&hellip;]<\/p>","protected":false},"featured_media":6254,"comment_status":"closed","ping_status":"open","template":"","meta":{"_acf_changed":false,"_smort_price_nok":"10890","_smort_price_dkk":"6918","_smort_price_eur":"926.78","_smort_sale_price_nok":"","_smort_sale_price_dkk":"","_smort_sale_price_eur":"","smort_restorder":"","shipmondo_restorder":"","_kad_blocks_custom_css":"","_kad_blocks_head_custom_js":"","_kad_blocks_body_custom_js":"","_kad_blocks_footer_custom_js":"","smort_custom_pricelist_1":"6524.8","smort_custom_pricelist_2":"6524.8","smort_custom_pricelist_3":"6524.8","smort_custom_pricelist_4":"8156","smort_custom_pricelist_5":"6524.8"},"anvandningsomrade":[],"bilmarken":[],"product_brand":[1124],"product_cat":[2561,2966,2539,2168],"product_tag":[2735],"class_list":{"0":"post-6253","1":"product","2":"type-product","3":"status-publish","4":"has-post-thumbnail","6":"product_brand-lazer","7":"product_cat-lazer","8":"product_cat-ledramp-rak","9":"product_cat-ledramper","10":"product_cat-lazer-evolution","11":"product_tag-lazer","12":"pa_fargtemperatur-5000k","13":"pa_fuktskydd-varde-ipxx-ip68","14":"pa_godkannande-e-godkand-ece-r10","15":"pa_lampsockel-kontakt-superseal","16":"pa_led-chips-effekt-w-314","17":"pa_ljusbild-driving","18":"pa_storlek-mm-684x73x105","19":"pa_stromforbrukning-134a144v","20":"pa_volt-v-multivolt-10-12-16-18-24-28-30-32","22":"first","23":"onbackorder","24":"taxable","25":"shipping-taxable","26":"purchasable","27":"product-type-simple"},"bundled_by":[],"bundle_stock_status":"onbackorder","bundle_stock_quantity":0,"bundle_virtual":false,"bundle_layout":"","bundle_add_to_cart_form_location":"","bundle_editable_in_cart":false,"bundle_sold_individually_context":"","bundle_item_grouping":"","bundle_min_size":"","bundle_max_size":"","bundle_price":[],"bundled_items":[],"bundle_sell_ids":[],"acf":[],"yoast_head":"<!-- This site is optimized with the Yoast SEO plugin v27.0 - https:\/\/yoast.com\/product\/yoast-seo-wordpress\/ -->\n<title>Lazer T16 Evolution extraljusramp 27&quot; (684 mm) - Xenonkungen<\/title>\n<meta name=\"robots\" content=\"index, follow, max-snippet:-1, max-image-preview:large, max-video-preview:-1\" \/>\n<link rel=\"canonical\" href=\"https:\/\/xenonkungen.com\/no\/produkt\/lazer-t16-evolution-ekstra-lett-rampe-27-684-mm\/\" \/>\n<meta property=\"og:locale\" content=\"nb_NO\" \/>\n<meta property=\"og:type\" content=\"article\" \/>\n<meta property=\"og:title\" content=\"Lazer T16 Evolution extraljusramp 27&quot; (684 mm) - Xenonkungen\" \/>\n<meta property=\"og:description\" content=\"ST Evolution-serien fr\u00e5n Lazer En serie LED-rampar som kombinerar \u00f6verl\u00e4gsen ljusprestanda med en diskret och s\u00f6ml\u00f6s design. \u00d6kad motst\u00e5ndskraft och enkel installation ST Evolution-serien har utvecklats med f\u00f6rb\u00e4ttrad v\u00e4derbest\u00e4ndighet och enklare installation. H\u00f6gpresterande LED-lampor f\u00f6r optimal spridning av ljus Varje ramp \u00e4r utrustad med h\u00f6gpresterande 11 W lysdioder som ger en bred ljusbild och \u00f6verl\u00e4gsen [&hellip;]\" \/>\n<meta property=\"og:url\" content=\"https:\/\/xenonkungen.com\/no\/produkt\/lazer-t16-evolution-ekstra-lett-rampe-27-684-mm\/\" \/>\n<meta property=\"og:site_name\" content=\"Xenonkungen\" \/>\n<meta property=\"article:modified_time\" content=\"2026-04-24T16:28:38+00:00\" \/>\n<meta property=\"og:image\" content=\"https:\/\/xenonkungen.com\/wp-content\/uploads\/2025\/04\/t16-angled_1000x750.jpg\" \/>\n\t<meta property=\"og:image:width\" content=\"1000\" \/>\n\t<meta property=\"og:image:height\" content=\"750\" \/>\n\t<meta property=\"og:image:type\" content=\"image\/jpeg\" \/>\n<meta name=\"twitter:card\" content=\"summary_large_image\" \/>\n<meta name=\"twitter:label1\" content=\"Ansl. lesetid\" \/>\n\t<meta name=\"twitter:data1\" content=\"1 minutt\" \/>\n<script type=\"application\/ld+json\" class=\"yoast-schema-graph\">{\"@context\":\"https:\/\/schema.org\",\"@graph\":[{\"@type\":\"WebPage\",\"@id\":\"https:\/\/xenonkungen.com\/dk\/vare\/lazer-t16-evolution-ekstra-let-rampe-27-684-mm\/\",\"url\":\"https:\/\/xenonkungen.com\/dk\/vare\/lazer-t16-evolution-ekstra-let-rampe-27-684-mm\/\",\"name\":\"Lazer T16 Evolution extraljusramp 27\\\" (684 mm) - Xenonkungen\",\"isPartOf\":{\"@id\":\"https:\/\/xenonkungen.com\/#website\"},\"primaryImageOfPage\":{\"@id\":\"https:\/\/xenonkungen.com\/dk\/vare\/lazer-t16-evolution-ekstra-let-rampe-27-684-mm\/#primaryimage\"},\"image\":{\"@id\":\"https:\/\/xenonkungen.com\/dk\/vare\/lazer-t16-evolution-ekstra-let-rampe-27-684-mm\/#primaryimage\"},\"thumbnailUrl\":\"https:\/\/xenonkungen.com\/wp-content\/uploads\/2025\/04\/t16-angled_1000x750.jpg\",\"datePublished\":\"2025-04-15T09:44:21+00:00\",\"dateModified\":\"2026-04-24T16:28:38+00:00\",\"breadcrumb\":{\"@id\":\"https:\/\/xenonkungen.com\/dk\/vare\/lazer-t16-evolution-ekstra-let-rampe-27-684-mm\/#breadcrumb\"},\"inLanguage\":\"nb-NO\",\"potentialAction\":[{\"@type\":\"ReadAction\",\"target\":[\"https:\/\/xenonkungen.com\/dk\/vare\/lazer-t16-evolution-ekstra-let-rampe-27-684-mm\/\"]}]},{\"@type\":\"ImageObject\",\"inLanguage\":\"nb-NO\",\"@id\":\"https:\/\/xenonkungen.com\/dk\/vare\/lazer-t16-evolution-ekstra-let-rampe-27-684-mm\/#primaryimage\",\"url\":\"https:\/\/xenonkungen.com\/wp-content\/uploads\/2025\/04\/t16-angled_1000x750.jpg\",\"contentUrl\":\"https:\/\/xenonkungen.com\/wp-content\/uploads\/2025\/04\/t16-angled_1000x750.jpg\",\"width\":1000,\"height\":750},{\"@type\":\"BreadcrumbList\",\"@id\":\"https:\/\/xenonkungen.com\/dk\/vare\/lazer-t16-evolution-ekstra-let-rampe-27-684-mm\/#breadcrumb\",\"itemListElement\":[{\"@type\":\"ListItem\",\"position\":1,\"name\":\"Hem\",\"item\":\"https:\/\/xenonkungen.com\/\"},{\"@type\":\"ListItem\",\"position\":2,\"name\":\"Shop\",\"item\":\"https:\/\/xenonkungen.com\/shop\/\"},{\"@type\":\"ListItem\",\"position\":3,\"name\":\"Lazer T16 Evolution extraljusramp 27&#8243; (684 mm)\"}]},{\"@type\":\"WebSite\",\"@id\":\"https:\/\/xenonkungen.com\/#website\",\"url\":\"https:\/\/xenonkungen.com\/\",\"name\":\"Xenonkungen\",\"description\":\"\",\"potentialAction\":[{\"@type\":\"SearchAction\",\"target\":{\"@type\":\"EntryPoint\",\"urlTemplate\":\"https:\/\/xenonkungen.com\/?s={search_term_string}\"},\"query-input\":{\"@type\":\"PropertyValueSpecification\",\"valueRequired\":true,\"valueName\":\"search_term_string\"}}],\"inLanguage\":\"nb-NO\"}]}<\/script>\n<!-- \/ Yoast SEO plugin. -->","yoast_head_json":{"title":"Lazer T16 Evolution ekstra lysbjelke 27&quot; (684 mm) - Xenon-kongen","robots":{"index":"index","follow":"follow","max-snippet":"max-snippet:-1","max-image-preview":"max-image-preview:large","max-video-preview":"max-video-preview:-1"},"canonical":"https:\/\/xenonkungen.com\/no\/produkt\/lazer-t16-evolution-ekstra-lett-rampe-27-684-mm\/","og_locale":"nb_NO","og_type":"article","og_title":"Lazer T16 Evolution extraljusramp 27\" (684 mm) - Xenonkungen","og_description":"ST Evolution-serien fr\u00e5n Lazer En serie LED-rampar som kombinerar \u00f6verl\u00e4gsen ljusprestanda med en diskret och s\u00f6ml\u00f6s design. \u00d6kad motst\u00e5ndskraft och enkel installation ST Evolution-serien har utvecklats med f\u00f6rb\u00e4ttrad v\u00e4derbest\u00e4ndighet och enklare installation. H\u00f6gpresterande LED-lampor f\u00f6r optimal spridning av ljus Varje ramp \u00e4r utrustad med h\u00f6gpresterande 11 W lysdioder som ger en bred ljusbild och \u00f6verl\u00e4gsen [&hellip;]","og_url":"https:\/\/xenonkungen.com\/no\/produkt\/lazer-t16-evolution-ekstra-lett-rampe-27-684-mm\/","og_site_name":"Xenonkungen","article_modified_time":"2026-04-24T16:28:38+00:00","og_image":[{"width":1000,"height":750,"url":"https:\/\/xenonkungen.com\/wp-content\/uploads\/2025\/04\/t16-angled_1000x750.jpg","type":"image\/jpeg"}],"twitter_card":"summary_large_image","twitter_misc":{"Ansl. lesetid":"1 minutt"},"schema":{"@context":"https:\/\/schema.org","@graph":[{"@type":"WebPage","@id":"https:\/\/xenonkungen.com\/dk\/vare\/lazer-t16-evolution-ekstra-let-rampe-27-684-mm\/","url":"https:\/\/xenonkungen.com\/dk\/vare\/lazer-t16-evolution-ekstra-let-rampe-27-684-mm\/","name":"Lazer T16 Evolution ekstra lysbjelke 27&quot; (684 mm) - Xenon-kongen","isPartOf":{"@id":"https:\/\/xenonkungen.com\/#website"},"primaryImageOfPage":{"@id":"https:\/\/xenonkungen.com\/dk\/vare\/lazer-t16-evolution-ekstra-let-rampe-27-684-mm\/#primaryimage"},"image":{"@id":"https:\/\/xenonkungen.com\/dk\/vare\/lazer-t16-evolution-ekstra-let-rampe-27-684-mm\/#primaryimage"},"thumbnailUrl":"https:\/\/xenonkungen.com\/wp-content\/uploads\/2025\/04\/t16-angled_1000x750.jpg","datePublished":"2025-04-15T09:44:21+00:00","dateModified":"2026-04-24T16:28:38+00:00","breadcrumb":{"@id":"https:\/\/xenonkungen.com\/dk\/vare\/lazer-t16-evolution-ekstra-let-rampe-27-684-mm\/#breadcrumb"},"inLanguage":"nb-NO","potentialAction":[{"@type":"ReadAction","target":["https:\/\/xenonkungen.com\/dk\/vare\/lazer-t16-evolution-ekstra-let-rampe-27-684-mm\/"]}]},{"@type":"ImageObject","inLanguage":"nb-NO","@id":"https:\/\/xenonkungen.com\/dk\/vare\/lazer-t16-evolution-ekstra-let-rampe-27-684-mm\/#primaryimage","url":"https:\/\/xenonkungen.com\/wp-content\/uploads\/2025\/04\/t16-angled_1000x750.jpg","contentUrl":"https:\/\/xenonkungen.com\/wp-content\/uploads\/2025\/04\/t16-angled_1000x750.jpg","width":1000,"height":750},{"@type":"BreadcrumbList","@id":"https:\/\/xenonkungen.com\/dk\/vare\/lazer-t16-evolution-ekstra-let-rampe-27-684-mm\/#breadcrumb","itemListElement":[{"@type":"ListItem","position":1,"name":"Hem","item":"https:\/\/xenonkungen.com\/"},{"@type":"ListItem","position":2,"name":"Shop","item":"https:\/\/xenonkungen.com\/shop\/"},{"@type":"ListItem","position":3,"name":"Lazer T16 Evolution extraljusramp 27&#8243; (684 mm)"}]},{"@type":"WebSite","@id":"https:\/\/xenonkungen.com\/#website","url":"https:\/\/xenonkungen.com\/","name":"Xenonkungen","description":"","potentialAction":[{"@type":"SearchAction","target":{"@type":"EntryPoint","urlTemplate":"https:\/\/xenonkungen.com\/?s={search_term_string}"},"query-input":{"@type":"PropertyValueSpecification","valueRequired":true,"valueName":"search_term_string"}}],"inLanguage":"nb-NO"}]}},"taxonomy_info":{"product_brand":[{"value":1124,"label":"Lazer"}],"product_cat":[{"value":2561,"label":"Lazer"},{"value":2966,"label":"Ledramp Rak"},{"value":2539,"label":"LEDRAMPER"},{"value":2168,"label":"LAZER EVOLUTION"}],"product_tag":[{"value":2735,"label":"Lazer"}],"pa_fargtemperatur":[{"value":154,"label":"5000K"}],"pa_fuktskydd-varde-ipxx":[{"value":177,"label":"IP68"}],"pa_godkannande":[{"value":900,"label":"E-Godk\u00e4nd, ECE, R10"}],"pa_lampsockel-kontakt":[{"value":1122,"label":"Superseal"}],"pa_led-chips-effekt-w":[{"value":314,"label":"192"}],"pa_ljusbild":[{"value":178,"label":"Driving"}],"pa_storlek-mm":[{"value":1738,"label":"684x73x105"}],"pa_stromforbrukning":[{"value":1739,"label":"13,4A@14,4V"}],"pa_volt-v":[{"value":1084,"label":"Multivolt, 10, 12, 16, 18, 24, 28, 30, 32"}]},"featured_image_src_large":["https:\/\/xenonkungen.com\/wp-content\/uploads\/2025\/04\/t16-angled_1000x750.jpg",1000,750,false],"author_info":[],"comment_info":0,"_links":{"self":[{"href":"https:\/\/xenonkungen.com\/no\/wp-json\/wp\/v2\/product\/6253","targetHints":{"allow":["GET"]}}],"collection":[{"href":"https:\/\/xenonkungen.com\/no\/wp-json\/wp\/v2\/product"}],"about":[{"href":"https:\/\/xenonkungen.com\/no\/wp-json\/wp\/v2\/types\/product"}],"replies":[{"embeddable":true,"href":"https:\/\/xenonkungen.com\/no\/wp-json\/wp\/v2\/comments?post=6253"}],"wp:featuredmedia":[{"embeddable":true,"href":"https:\/\/xenonkungen.com\/no\/wp-json\/wp\/v2\/media\/6254"}],"wp:attachment":[{"href":"https:\/\/xenonkungen.com\/no\/wp-json\/wp\/v2\/media?parent=6253"}],"wp:term":[{"taxonomy":"anvandningsomrade","embeddable":true,"href":"https:\/\/xenonkungen.com\/no\/wp-json\/wp\/v2\/anvandningsomrade?post=6253"},{"taxonomy":"bilmarken","embeddable":true,"href":"https:\/\/xenonkungen.com\/no\/wp-json\/wp\/v2\/bilmarken?post=6253"},{"taxonomy":"product_brand","embeddable":true,"href":"https:\/\/xenonkungen.com\/no\/wp-json\/wp\/v2\/product_brand?post=6253"},{"taxonomy":"product_cat","embeddable":true,"href":"https:\/\/xenonkungen.com\/no\/wp-json\/wp\/v2\/product_cat?post=6253"},{"taxonomy":"product_tag","embeddable":true,"href":"https:\/\/xenonkungen.com\/no\/wp-json\/wp\/v2\/product_tag?post=6253"}],"curies":[{"name":"wp","href":"https:\/\/api.w.org\/{rel}","templated":true}]}}