{"id":6305,"date":"2025-04-15T09:45:11","date_gmt":"2025-04-15T09:45:11","guid":{"rendered":"https:\/\/xenonkungen.com\/product\/lazer-linear-6-elite-led-ramp-232mm\/"},"modified":"2026-04-11T01:12:13","modified_gmt":"2026-04-11T00:12:13","slug":"lazer-linear-6-elite-led-rampe-232-mm","status":"publish","type":"product","link":"https:\/\/xenonkungen.com\/no\/produkt\/lazer-linear-6-elite-led-rampe-232-mm\/","title":{"rendered":"Lazer Linear-6 Elite ledet rampe 232 mm"},"content":{"rendered":"<h1>Lazer Linear Extra Light Ramp - h\u00f8yytelsesbelysning for alle veier<\/h1>\n<p>Linear er Lazers premiumserie av ekstralys, designet for hverdagsbruk og tilgjengelig i b\u00e5de Standard- og Elite-versjoner. Linear-serien kombinerer den beste lysytelsen med en slank, aerodynamisk design, og tilbyr en optimal belysningsl\u00f8sning for alle veier.<\/p>\n<h2>Design og installasjon<\/h2>\n<p>Linear Standard ekstra lett ramme er tilgjengelig i seks forskjellige lengder, fra 232 til 1282 mm, og m\u00e5ler bare 40 mm i h\u00f8yden og 62 mm i dybden. Den slanke profilen gj\u00f8r den ideell for montering selv p\u00e5 trange steder. Hver rampe leveres med beslag i rustfritt st\u00e5l for enkel montering. Den uknuselige polykarbonatlinsen er belagt for \u00e5 effektivt avvise sn\u00f8 og smuss som kan p\u00e5virke lysutbyttet. Det lette aluminiumshuset og den slanke designen bidrar til \u00e5 holde rampens vekt p\u00e5 et minimum, samtidig som den aerodynamiske formen gj\u00f8r at rampen smelter optimalt inn i omgivelsene, enten du velger \u00e5 montere den foran eller p\u00e5 taket av bilen.<\/p>\n<h2>Ytelse og lysstr\u00f8m<\/h2>\n<p>Linear-rampen er utstyrt med en serie 3W LED-lamper av h\u00f8y kvalitet som gir en lysstr\u00f8m p\u00e5 4050 lm, med High Beam-funksjon og en fargetemperatur p\u00e5 5000K. Lampen har et spenningsomr\u00e5de mellom 10-32 V DC og en levetid p\u00e5 50 000 timer. Det effektive str\u00f8mforbruket er 42 watt, med et str\u00f8mtrekk p\u00e5 2,9 ampere ved 14,4 V.<\/p>\n<p>Med Linear ekstralys fra Lazer f\u00e5r du en p\u00e5litelig og langvarig belysningsl\u00f8sning til bilen din. Den 5-\u00e5rige funksjonsgarantien sikrer at rampen din vil prestere p\u00e5 et h\u00f8yt niv\u00e5 i lang tid fremover.<\/p>","protected":false},"excerpt":{"rendered":"<p>Linear-serien kombinerer den h\u00f8yeste lysytelsen med en elegant og aerodynamisk design. Rampene er enkle \u00e5 montere med de medf\u00f8lgende brakettene i rustfritt st\u00e5l, og gir en fantastisk belysning p\u00e5 veien.<\/p>","protected":false},"featured_media":6306,"comment_status":"closed","ping_status":"open","template":"","meta":{"_acf_changed":false,"_smort_price_nok":"3899","_smort_price_dkk":"2477","_smort_price_eur":"331.8","_smort_sale_price_nok":"","_smort_sale_price_dkk":"","_smort_sale_price_eur":"","smort_restorder":"","shipmondo_restorder":"","_kad_blocks_custom_css":"","_kad_blocks_head_custom_js":"","_kad_blocks_body_custom_js":"","_kad_blocks_footer_custom_js":"","smort_custom_pricelist_1":"2336","smort_custom_pricelist_2":"2336","smort_custom_pricelist_3":"2336","smort_custom_pricelist_4":"2920","smort_custom_pricelist_5":"2336"},"anvandningsomrade":[],"bilmarken":[],"product_brand":[1124],"product_cat":[2561,2966,2539],"product_tag":[2735],"class_list":{"0":"post-6305","1":"product","2":"type-product","3":"status-publish","4":"has-post-thumbnail","6":"product_brand-lazer","7":"product_cat-lazer","8":"product_cat-ledramp-rak","9":"product_cat-ledramper","10":"product_tag-lazer","11":"pa_fargtemperatur-5000k","12":"pa_fuktskydd-varde-ipxx-ip68","13":"pa_godkannande-e-godkand-ece-r112","14":"pa_lampsockel-kontakt-superseal","15":"pa_led-chips-effekt-w-1092","16":"pa_storlek-mm-232x40x62","17":"pa_stromforbrukning-29a144v","18":"pa_volt-v-multivolt-10-12-16-18-24-28-30-32","20":"first","21":"instock","22":"taxable","23":"shipping-taxable","24":"purchasable","25":"product-type-simple"},"bundled_by":[],"bundle_stock_status":"instock","bundle_stock_quantity":2,"bundle_virtual":false,"bundle_layout":"","bundle_add_to_cart_form_location":"","bundle_editable_in_cart":false,"bundle_sold_individually_context":"","bundle_item_grouping":"","bundle_min_size":"","bundle_max_size":"","bundle_price":[],"bundled_items":[],"bundle_sell_ids":[],"acf":[],"yoast_head":"<!-- This site is optimized with the Yoast SEO plugin v27.0 - https:\/\/yoast.com\/product\/yoast-seo-wordpress\/ -->\n<title>Lazer Linear-6 Elite led-ramp | 232mm - Xenonkungen<\/title>\n<meta name=\"robots\" content=\"index, follow, max-snippet:-1, max-image-preview:large, max-video-preview:-1\" \/>\n<link rel=\"canonical\" href=\"https:\/\/xenonkungen.com\/no\/produkt\/lazer-linear-6-elite-led-rampe-232-mm\/\" \/>\n<meta property=\"og:locale\" content=\"nb_NO\" \/>\n<meta property=\"og:type\" content=\"article\" \/>\n<meta property=\"og:title\" content=\"Lazer Linear-6 Elite led-ramp | 232mm - Xenonkungen\" \/>\n<meta property=\"og:description\" content=\"I Linear-serien kombineras den absolut h\u00f6gsta ljusprestandan med en slimmad och aerodynamisk design. Ramperna \u00e4r enkla att montera med de tillh\u00f6rande rostfria f\u00e4stena och levererar h\u00e4pnadsv\u00e4ckande belysning p\u00e5 v\u00e4garna.\" \/>\n<meta property=\"og:url\" content=\"https:\/\/xenonkungen.com\/no\/produkt\/lazer-linear-6-elite-led-rampe-232-mm\/\" \/>\n<meta property=\"og:site_name\" content=\"Xenonkungen\" \/>\n<meta property=\"article:modified_time\" content=\"2026-04-11T00:12:13+00:00\" \/>\n<meta property=\"og:image\" content=\"https:\/\/xenonkungen.com\/wp-content\/uploads\/2025\/04\/188148711-origpic-cb240a.jpg\" \/>\n\t<meta property=\"og:image:width\" content=\"1000\" \/>\n\t<meta property=\"og:image:height\" content=\"750\" \/>\n\t<meta property=\"og:image:type\" content=\"image\/jpeg\" \/>\n<meta name=\"twitter:card\" content=\"summary_large_image\" \/>\n<meta name=\"twitter:label1\" content=\"Ansl. lesetid\" \/>\n\t<meta name=\"twitter:data1\" content=\"1 minutt\" \/>\n<script type=\"application\/ld+json\" class=\"yoast-schema-graph\">{\"@context\":\"https:\/\/schema.org\",\"@graph\":[{\"@type\":\"WebPage\",\"@id\":\"https:\/\/xenonkungen.com\/fi\/tuote\/lazer-linear-6-elite-led-ramp-232mm\/\",\"url\":\"https:\/\/xenonkungen.com\/fi\/tuote\/lazer-linear-6-elite-led-ramp-232mm\/\",\"name\":\"Lazer Linear-6 Elite led-ramp | 232mm - Xenonkungen\",\"isPartOf\":{\"@id\":\"https:\/\/xenonkungen.com\/#website\"},\"primaryImageOfPage\":{\"@id\":\"https:\/\/xenonkungen.com\/fi\/tuote\/lazer-linear-6-elite-led-ramp-232mm\/#primaryimage\"},\"image\":{\"@id\":\"https:\/\/xenonkungen.com\/fi\/tuote\/lazer-linear-6-elite-led-ramp-232mm\/#primaryimage\"},\"thumbnailUrl\":\"https:\/\/xenonkungen.com\/wp-content\/uploads\/2025\/04\/188148711-origpic-cb240a.jpg\",\"datePublished\":\"2025-04-15T09:45:11+00:00\",\"dateModified\":\"2026-04-11T00:12:13+00:00\",\"breadcrumb\":{\"@id\":\"https:\/\/xenonkungen.com\/fi\/tuote\/lazer-linear-6-elite-led-ramp-232mm\/#breadcrumb\"},\"inLanguage\":\"nb-NO\",\"potentialAction\":[{\"@type\":\"ReadAction\",\"target\":[\"https:\/\/xenonkungen.com\/fi\/tuote\/lazer-linear-6-elite-led-ramp-232mm\/\"]}]},{\"@type\":\"ImageObject\",\"inLanguage\":\"nb-NO\",\"@id\":\"https:\/\/xenonkungen.com\/fi\/tuote\/lazer-linear-6-elite-led-ramp-232mm\/#primaryimage\",\"url\":\"https:\/\/xenonkungen.com\/wp-content\/uploads\/2025\/04\/188148711-origpic-cb240a.jpg\",\"contentUrl\":\"https:\/\/xenonkungen.com\/wp-content\/uploads\/2025\/04\/188148711-origpic-cb240a.jpg\",\"width\":1000,\"height\":750},{\"@type\":\"BreadcrumbList\",\"@id\":\"https:\/\/xenonkungen.com\/fi\/tuote\/lazer-linear-6-elite-led-ramp-232mm\/#breadcrumb\",\"itemListElement\":[{\"@type\":\"ListItem\",\"position\":1,\"name\":\"Hem\",\"item\":\"https:\/\/xenonkungen.com\/\"},{\"@type\":\"ListItem\",\"position\":2,\"name\":\"Shop\",\"item\":\"https:\/\/xenonkungen.com\/shop\/\"},{\"@type\":\"ListItem\",\"position\":3,\"name\":\"Lazer Linear-6 Elite led-ramp | 232mm\"}]},{\"@type\":\"WebSite\",\"@id\":\"https:\/\/xenonkungen.com\/#website\",\"url\":\"https:\/\/xenonkungen.com\/\",\"name\":\"Xenonkungen\",\"description\":\"\",\"potentialAction\":[{\"@type\":\"SearchAction\",\"target\":{\"@type\":\"EntryPoint\",\"urlTemplate\":\"https:\/\/xenonkungen.com\/?s={search_term_string}\"},\"query-input\":{\"@type\":\"PropertyValueSpecification\",\"valueRequired\":true,\"valueName\":\"search_term_string\"}}],\"inLanguage\":\"nb-NO\"}]}<\/script>\n<!-- \/ Yoast SEO plugin. -->","yoast_head_json":{"title":"Lazer Linear-6 Elite LED-rampe | 232 mm - Xenon-kongen","robots":{"index":"index","follow":"follow","max-snippet":"max-snippet:-1","max-image-preview":"max-image-preview:large","max-video-preview":"max-video-preview:-1"},"canonical":"https:\/\/xenonkungen.com\/no\/produkt\/lazer-linear-6-elite-led-rampe-232-mm\/","og_locale":"nb_NO","og_type":"article","og_title":"Lazer Linear-6 Elite led-ramp | 232mm - Xenonkungen","og_description":"I Linear-serien kombineras den absolut h\u00f6gsta ljusprestandan med en slimmad och aerodynamisk design. Ramperna \u00e4r enkla att montera med de tillh\u00f6rande rostfria f\u00e4stena och levererar h\u00e4pnadsv\u00e4ckande belysning p\u00e5 v\u00e4garna.","og_url":"https:\/\/xenonkungen.com\/no\/produkt\/lazer-linear-6-elite-led-rampe-232-mm\/","og_site_name":"Xenonkungen","article_modified_time":"2026-04-11T00:12:13+00:00","og_image":[{"width":1000,"height":750,"url":"https:\/\/xenonkungen.com\/wp-content\/uploads\/2025\/04\/188148711-origpic-cb240a.jpg","type":"image\/jpeg"}],"twitter_card":"summary_large_image","twitter_misc":{"Ansl. lesetid":"1 minutt"},"schema":{"@context":"https:\/\/schema.org","@graph":[{"@type":"WebPage","@id":"https:\/\/xenonkungen.com\/fi\/tuote\/lazer-linear-6-elite-led-ramp-232mm\/","url":"https:\/\/xenonkungen.com\/fi\/tuote\/lazer-linear-6-elite-led-ramp-232mm\/","name":"Lazer Linear-6 Elite LED-rampe | 232 mm - Xenon-kongen","isPartOf":{"@id":"https:\/\/xenonkungen.com\/#website"},"primaryImageOfPage":{"@id":"https:\/\/xenonkungen.com\/fi\/tuote\/lazer-linear-6-elite-led-ramp-232mm\/#primaryimage"},"image":{"@id":"https:\/\/xenonkungen.com\/fi\/tuote\/lazer-linear-6-elite-led-ramp-232mm\/#primaryimage"},"thumbnailUrl":"https:\/\/xenonkungen.com\/wp-content\/uploads\/2025\/04\/188148711-origpic-cb240a.jpg","datePublished":"2025-04-15T09:45:11+00:00","dateModified":"2026-04-11T00:12:13+00:00","breadcrumb":{"@id":"https:\/\/xenonkungen.com\/fi\/tuote\/lazer-linear-6-elite-led-ramp-232mm\/#breadcrumb"},"inLanguage":"nb-NO","potentialAction":[{"@type":"ReadAction","target":["https:\/\/xenonkungen.com\/fi\/tuote\/lazer-linear-6-elite-led-ramp-232mm\/"]}]},{"@type":"ImageObject","inLanguage":"nb-NO","@id":"https:\/\/xenonkungen.com\/fi\/tuote\/lazer-linear-6-elite-led-ramp-232mm\/#primaryimage","url":"https:\/\/xenonkungen.com\/wp-content\/uploads\/2025\/04\/188148711-origpic-cb240a.jpg","contentUrl":"https:\/\/xenonkungen.com\/wp-content\/uploads\/2025\/04\/188148711-origpic-cb240a.jpg","width":1000,"height":750},{"@type":"BreadcrumbList","@id":"https:\/\/xenonkungen.com\/fi\/tuote\/lazer-linear-6-elite-led-ramp-232mm\/#breadcrumb","itemListElement":[{"@type":"ListItem","position":1,"name":"Hem","item":"https:\/\/xenonkungen.com\/"},{"@type":"ListItem","position":2,"name":"Shop","item":"https:\/\/xenonkungen.com\/shop\/"},{"@type":"ListItem","position":3,"name":"Lazer Linear-6 Elite led-ramp | 232mm"}]},{"@type":"WebSite","@id":"https:\/\/xenonkungen.com\/#website","url":"https:\/\/xenonkungen.com\/","name":"Xenonkungen","description":"","potentialAction":[{"@type":"SearchAction","target":{"@type":"EntryPoint","urlTemplate":"https:\/\/xenonkungen.com\/?s={search_term_string}"},"query-input":{"@type":"PropertyValueSpecification","valueRequired":true,"valueName":"search_term_string"}}],"inLanguage":"nb-NO"}]}},"taxonomy_info":{"product_brand":[{"value":1124,"label":"Lazer"}],"product_cat":[{"value":2561,"label":"Lazer"},{"value":2966,"label":"Ledramp Rak"},{"value":2539,"label":"LEDRAMPER"}],"product_tag":[{"value":2735,"label":"Lazer"}],"pa_fargtemperatur":[{"value":154,"label":"5000K"}],"pa_fuktskydd-varde-ipxx":[{"value":177,"label":"IP68"}],"pa_godkannande":[{"value":1709,"label":"E-godk\u00e4nd, ECE, R112"}],"pa_lampsockel-kontakt":[{"value":1122,"label":"Superseal"}],"pa_led-chips-effekt-w":[{"value":1092,"label":"42"}],"pa_storlek-mm":[{"value":1126,"label":"232x40x62"}],"pa_stromforbrukning":[{"value":1333,"label":"2,9A@14,4V"}],"pa_volt-v":[{"value":1084,"label":"Multivolt, 10, 12, 16, 18, 24, 28, 30, 32"}]},"featured_image_src_large":["https:\/\/xenonkungen.com\/wp-content\/uploads\/2025\/04\/188148711-origpic-cb240a.jpg",1000,750,false],"author_info":[],"comment_info":1,"_links":{"self":[{"href":"https:\/\/xenonkungen.com\/no\/wp-json\/wp\/v2\/product\/6305","targetHints":{"allow":["GET"]}}],"collection":[{"href":"https:\/\/xenonkungen.com\/no\/wp-json\/wp\/v2\/product"}],"about":[{"href":"https:\/\/xenonkungen.com\/no\/wp-json\/wp\/v2\/types\/product"}],"replies":[{"embeddable":true,"href":"https:\/\/xenonkungen.com\/no\/wp-json\/wp\/v2\/comments?post=6305"}],"wp:featuredmedia":[{"embeddable":true,"href":"https:\/\/xenonkungen.com\/no\/wp-json\/wp\/v2\/media\/6306"}],"wp:attachment":[{"href":"https:\/\/xenonkungen.com\/no\/wp-json\/wp\/v2\/media?parent=6305"}],"wp:term":[{"taxonomy":"anvandningsomrade","embeddable":true,"href":"https:\/\/xenonkungen.com\/no\/wp-json\/wp\/v2\/anvandningsomrade?post=6305"},{"taxonomy":"bilmarken","embeddable":true,"href":"https:\/\/xenonkungen.com\/no\/wp-json\/wp\/v2\/bilmarken?post=6305"},{"taxonomy":"product_brand","embeddable":true,"href":"https:\/\/xenonkungen.com\/no\/wp-json\/wp\/v2\/product_brand?post=6305"},{"taxonomy":"product_cat","embeddable":true,"href":"https:\/\/xenonkungen.com\/no\/wp-json\/wp\/v2\/product_cat?post=6305"},{"taxonomy":"product_tag","embeddable":true,"href":"https:\/\/xenonkungen.com\/no\/wp-json\/wp\/v2\/product_tag?post=6305"}],"curies":[{"name":"wp","href":"https:\/\/api.w.org\/{rel}","templated":true}]}}