{"id":6321,"date":"2025-04-15T09:45:11","date_gmt":"2025-04-15T09:45:11","guid":{"rendered":"https:\/\/xenonkungen.com\/product\/lazer-linear-12-elite-led-ramp-382mm\/"},"modified":"2026-04-24T17:28:58","modified_gmt":"2026-04-24T16:28:58","slug":"lazer-linear-12-elite-led-rampe-382-mm","status":"publish","type":"product","link":"https:\/\/xenonkungen.com\/no\/produkt\/lazer-linear-12-elite-led-rampe-382-mm\/","title":{"rendered":"Lazer Linear-12 Elite ledet rampe | 382 mm"},"content":{"rendered":"<h1>Linear - Lette ramper for hverdagsbruk<\/h1>\n<p>Linear er Lazers eksklusive serie med ekstra lette ramper for hverdagsbruk, tilgjengelig i b\u00e5de standard- og eliteversjoner.<\/p>\n<p>Linear-serien kombinerer den absolutt h\u00f8yeste lysytelsen med en slank og aerodynamisk design, noe som resulterer i en imponerende lysopplevelse.<\/p>\n<p>Ramper er enkle \u00e5 montere, med tilh\u00f8rende st\u00f8tteb\u00f8yler i rustfritt st\u00e5l, og gir god belysning p\u00e5 veiene, noe som forbedrer b\u00e5de sikkerhet og synlighet.<\/p>\n<h2>Line\u00e6r standard - ideell for trange plassforhold<\/h2>\n<p>Linear Standard er tilgjengelig i seks forskjellige lengder, fra 232 mm til 1282 mm. De kompakte dimensjonene p\u00e5 bare 40 mm i h\u00f8yden og 62 mm i dybden gj\u00f8r den ideell for installasjon selv p\u00e5 trange steder.<\/p>\n<p>Hver rampe er utstyrt med en serie 3W LED-lamper av h\u00f8y kvalitet bak uknuselige polykarbonatlinser. For \u00e5 sikre optimal ytelse er linsene overflatebehandlet for \u00e5 effektivt avvise sn\u00f8 og smuss som kan p\u00e5virke lysutbyttet.<\/p>\n<p>Den lette aluminiumskonstruksjonen sammen med de slanke dimensjonene holder vekten p\u00e5 rampene p\u00e5 et minimum. Den aerodynamiske designen gir optimal integrering, enten du velger \u00e5 montere dem foran eller p\u00e5 taket av bilen din. Linear Standard er en rampe du kan stole p\u00e5 i lang tid fremover!<\/p>","protected":false},"excerpt":{"rendered":"<p>Linear \u2013 Ljusstarka Ramper f\u00f6r Dagligt Bruk Linear \u00e4r Lazers exklusiva serie med extra ljusa ramper f\u00f6r dagligt bruk, tillg\u00e4ngliga i b\u00e5de Standard och Elite-versioner. I Linear-serien kombineras absolut h\u00f6gsta ljusprestanda med en smal och aerodynamisk design, vilket resulterar i en imponerande ljusupplevelse. Ramperna \u00e4r enkla att installera med tillh\u00f6rande rostfria st\u00f6djur och ger fantastisk [&hellip;]<\/p>","protected":false},"featured_media":6322,"comment_status":"closed","ping_status":"open","template":"","meta":{"_acf_changed":false,"_smort_price_nok":"6035","_smort_price_dkk":"3834","_smort_price_eur":"513.61","_smort_sale_price_nok":"","_smort_sale_price_dkk":"","_smort_sale_price_eur":"","smort_restorder":"","shipmondo_restorder":"","_kad_blocks_custom_css":"","_kad_blocks_head_custom_js":"","_kad_blocks_body_custom_js":"","_kad_blocks_footer_custom_js":"","smort_custom_pricelist_1":"3616","smort_custom_pricelist_2":"3616","smort_custom_pricelist_3":"3616","smort_custom_pricelist_4":"4520","smort_custom_pricelist_5":"3616"},"anvandningsomrade":[],"bilmarken":[],"product_brand":[1124],"product_cat":[2561,2966,2539,2166],"product_tag":[2735],"class_list":{"0":"post-6321","1":"product","2":"type-product","3":"status-publish","4":"has-post-thumbnail","6":"product_brand-lazer","7":"product_cat-lazer","8":"product_cat-ledramp-rak","9":"product_cat-ledramper","10":"product_cat-lazer-linear","11":"product_tag-lazer","12":"pa_fargtemperatur-5000k","13":"pa_fuktskydd-varde-ipxx-ip68","14":"pa_godkannande-e-godkand-ece-r112","15":"pa_lampsockel-kontakt-superseal","16":"pa_led-chips-effekt-w-1334","17":"pa_storlek-mm-382x40x62","18":"pa_stromforbrukning-58a144v","19":"pa_volt-v-multivolt-10-12-16-18-24-28-30-32","21":"first","22":"onbackorder","23":"taxable","24":"shipping-taxable","25":"purchasable","26":"product-type-simple"},"bundled_by":[],"bundle_stock_status":"onbackorder","bundle_stock_quantity":0,"bundle_virtual":false,"bundle_layout":"","bundle_add_to_cart_form_location":"","bundle_editable_in_cart":false,"bundle_sold_individually_context":"","bundle_item_grouping":"","bundle_min_size":"","bundle_max_size":"","bundle_price":[],"bundled_items":[],"bundle_sell_ids":[],"acf":[],"yoast_head":"<!-- This site is optimized with the Yoast SEO plugin v27.0 - https:\/\/yoast.com\/product\/yoast-seo-wordpress\/ -->\n<title>Lazer Linear-12 Elite led-ramp | 382mm - Xenonkungen<\/title>\n<meta name=\"robots\" content=\"index, follow, max-snippet:-1, max-image-preview:large, max-video-preview:-1\" \/>\n<link rel=\"canonical\" href=\"https:\/\/xenonkungen.com\/no\/produkt\/lazer-linear-12-elite-led-rampe-382-mm\/\" \/>\n<meta property=\"og:locale\" content=\"nb_NO\" \/>\n<meta property=\"og:type\" content=\"article\" \/>\n<meta property=\"og:title\" content=\"Lazer Linear-12 Elite led-ramp | 382mm - Xenonkungen\" \/>\n<meta property=\"og:description\" content=\"Linear \u2013 Ljusstarka Ramper f\u00f6r Dagligt Bruk Linear \u00e4r Lazers exklusiva serie med extra ljusa ramper f\u00f6r dagligt bruk, tillg\u00e4ngliga i b\u00e5de Standard och Elite-versioner. I Linear-serien kombineras absolut h\u00f6gsta ljusprestanda med en smal och aerodynamisk design, vilket resulterar i en imponerande ljusupplevelse. Ramperna \u00e4r enkla att installera med tillh\u00f6rande rostfria st\u00f6djur och ger fantastisk [&hellip;]\" \/>\n<meta property=\"og:url\" content=\"https:\/\/xenonkungen.com\/no\/produkt\/lazer-linear-12-elite-led-rampe-382-mm\/\" \/>\n<meta property=\"og:site_name\" content=\"Xenonkungen\" \/>\n<meta property=\"article:modified_time\" content=\"2026-04-24T16:28:58+00:00\" \/>\n<meta property=\"og:image\" content=\"https:\/\/xenonkungen.com\/wp-content\/uploads\/2025\/04\/188148715-origpic-e0dd5a.jpg\" \/>\n\t<meta property=\"og:image:width\" content=\"1000\" \/>\n\t<meta property=\"og:image:height\" content=\"750\" \/>\n\t<meta property=\"og:image:type\" content=\"image\/jpeg\" \/>\n<meta name=\"twitter:card\" content=\"summary_large_image\" \/>\n<meta name=\"twitter:label1\" content=\"Ansl. lesetid\" \/>\n\t<meta name=\"twitter:data1\" content=\"1 minutt\" \/>\n<script type=\"application\/ld+json\" class=\"yoast-schema-graph\">{\"@context\":\"https:\/\/schema.org\",\"@graph\":[{\"@type\":\"WebPage\",\"@id\":\"https:\/\/xenonkungen.com\/es\/producto\/rampa-led-lazer-linear-12-elite-de-382-mm\/\",\"url\":\"https:\/\/xenonkungen.com\/es\/producto\/rampa-led-lazer-linear-12-elite-de-382-mm\/\",\"name\":\"Lazer Linear-12 Elite led-ramp | 382mm - Xenonkungen\",\"isPartOf\":{\"@id\":\"https:\/\/xenonkungen.com\/#website\"},\"primaryImageOfPage\":{\"@id\":\"https:\/\/xenonkungen.com\/es\/producto\/rampa-led-lazer-linear-12-elite-de-382-mm\/#primaryimage\"},\"image\":{\"@id\":\"https:\/\/xenonkungen.com\/es\/producto\/rampa-led-lazer-linear-12-elite-de-382-mm\/#primaryimage\"},\"thumbnailUrl\":\"https:\/\/xenonkungen.com\/wp-content\/uploads\/2025\/04\/188148715-origpic-e0dd5a.jpg\",\"datePublished\":\"2025-04-15T09:45:11+00:00\",\"dateModified\":\"2026-04-24T16:28:58+00:00\",\"breadcrumb\":{\"@id\":\"https:\/\/xenonkungen.com\/es\/producto\/rampa-led-lazer-linear-12-elite-de-382-mm\/#breadcrumb\"},\"inLanguage\":\"nb-NO\",\"potentialAction\":[{\"@type\":\"ReadAction\",\"target\":[\"https:\/\/xenonkungen.com\/es\/producto\/rampa-led-lazer-linear-12-elite-de-382-mm\/\"]}]},{\"@type\":\"ImageObject\",\"inLanguage\":\"nb-NO\",\"@id\":\"https:\/\/xenonkungen.com\/es\/producto\/rampa-led-lazer-linear-12-elite-de-382-mm\/#primaryimage\",\"url\":\"https:\/\/xenonkungen.com\/wp-content\/uploads\/2025\/04\/188148715-origpic-e0dd5a.jpg\",\"contentUrl\":\"https:\/\/xenonkungen.com\/wp-content\/uploads\/2025\/04\/188148715-origpic-e0dd5a.jpg\",\"width\":1000,\"height\":750},{\"@type\":\"BreadcrumbList\",\"@id\":\"https:\/\/xenonkungen.com\/es\/producto\/rampa-led-lazer-linear-12-elite-de-382-mm\/#breadcrumb\",\"itemListElement\":[{\"@type\":\"ListItem\",\"position\":1,\"name\":\"Hem\",\"item\":\"https:\/\/xenonkungen.com\/\"},{\"@type\":\"ListItem\",\"position\":2,\"name\":\"Shop\",\"item\":\"https:\/\/xenonkungen.com\/shop\/\"},{\"@type\":\"ListItem\",\"position\":3,\"name\":\"Lazer Linear-12 Elite led-ramp | 382mm\"}]},{\"@type\":\"WebSite\",\"@id\":\"https:\/\/xenonkungen.com\/#website\",\"url\":\"https:\/\/xenonkungen.com\/\",\"name\":\"Xenonkungen\",\"description\":\"\",\"potentialAction\":[{\"@type\":\"SearchAction\",\"target\":{\"@type\":\"EntryPoint\",\"urlTemplate\":\"https:\/\/xenonkungen.com\/?s={search_term_string}\"},\"query-input\":{\"@type\":\"PropertyValueSpecification\",\"valueRequired\":true,\"valueName\":\"search_term_string\"}}],\"inLanguage\":\"nb-NO\"}]}<\/script>\n<!-- \/ Yoast SEO plugin. -->","yoast_head_json":{"title":"Lazer Linear-12 Elite LED-rampe | 382 mm - Xenon-kongen","robots":{"index":"index","follow":"follow","max-snippet":"max-snippet:-1","max-image-preview":"max-image-preview:large","max-video-preview":"max-video-preview:-1"},"canonical":"https:\/\/xenonkungen.com\/no\/produkt\/lazer-linear-12-elite-led-rampe-382-mm\/","og_locale":"nb_NO","og_type":"article","og_title":"Lazer Linear-12 Elite led-ramp | 382mm - Xenonkungen","og_description":"Linear \u2013 Ljusstarka Ramper f\u00f6r Dagligt Bruk Linear \u00e4r Lazers exklusiva serie med extra ljusa ramper f\u00f6r dagligt bruk, tillg\u00e4ngliga i b\u00e5de Standard och Elite-versioner. I Linear-serien kombineras absolut h\u00f6gsta ljusprestanda med en smal och aerodynamisk design, vilket resulterar i en imponerande ljusupplevelse. Ramperna \u00e4r enkla att installera med tillh\u00f6rande rostfria st\u00f6djur och ger fantastisk [&hellip;]","og_url":"https:\/\/xenonkungen.com\/no\/produkt\/lazer-linear-12-elite-led-rampe-382-mm\/","og_site_name":"Xenonkungen","article_modified_time":"2026-04-24T16:28:58+00:00","og_image":[{"width":1000,"height":750,"url":"https:\/\/xenonkungen.com\/wp-content\/uploads\/2025\/04\/188148715-origpic-e0dd5a.jpg","type":"image\/jpeg"}],"twitter_card":"summary_large_image","twitter_misc":{"Ansl. lesetid":"1 minutt"},"schema":{"@context":"https:\/\/schema.org","@graph":[{"@type":"WebPage","@id":"https:\/\/xenonkungen.com\/es\/producto\/rampa-led-lazer-linear-12-elite-de-382-mm\/","url":"https:\/\/xenonkungen.com\/es\/producto\/rampa-led-lazer-linear-12-elite-de-382-mm\/","name":"Lazer Linear-12 Elite LED-rampe | 382 mm - Xenon-kongen","isPartOf":{"@id":"https:\/\/xenonkungen.com\/#website"},"primaryImageOfPage":{"@id":"https:\/\/xenonkungen.com\/es\/producto\/rampa-led-lazer-linear-12-elite-de-382-mm\/#primaryimage"},"image":{"@id":"https:\/\/xenonkungen.com\/es\/producto\/rampa-led-lazer-linear-12-elite-de-382-mm\/#primaryimage"},"thumbnailUrl":"https:\/\/xenonkungen.com\/wp-content\/uploads\/2025\/04\/188148715-origpic-e0dd5a.jpg","datePublished":"2025-04-15T09:45:11+00:00","dateModified":"2026-04-24T16:28:58+00:00","breadcrumb":{"@id":"https:\/\/xenonkungen.com\/es\/producto\/rampa-led-lazer-linear-12-elite-de-382-mm\/#breadcrumb"},"inLanguage":"nb-NO","potentialAction":[{"@type":"ReadAction","target":["https:\/\/xenonkungen.com\/es\/producto\/rampa-led-lazer-linear-12-elite-de-382-mm\/"]}]},{"@type":"ImageObject","inLanguage":"nb-NO","@id":"https:\/\/xenonkungen.com\/es\/producto\/rampa-led-lazer-linear-12-elite-de-382-mm\/#primaryimage","url":"https:\/\/xenonkungen.com\/wp-content\/uploads\/2025\/04\/188148715-origpic-e0dd5a.jpg","contentUrl":"https:\/\/xenonkungen.com\/wp-content\/uploads\/2025\/04\/188148715-origpic-e0dd5a.jpg","width":1000,"height":750},{"@type":"BreadcrumbList","@id":"https:\/\/xenonkungen.com\/es\/producto\/rampa-led-lazer-linear-12-elite-de-382-mm\/#breadcrumb","itemListElement":[{"@type":"ListItem","position":1,"name":"Hem","item":"https:\/\/xenonkungen.com\/"},{"@type":"ListItem","position":2,"name":"Shop","item":"https:\/\/xenonkungen.com\/shop\/"},{"@type":"ListItem","position":3,"name":"Lazer Linear-12 Elite led-ramp | 382mm"}]},{"@type":"WebSite","@id":"https:\/\/xenonkungen.com\/#website","url":"https:\/\/xenonkungen.com\/","name":"Xenonkungen","description":"","potentialAction":[{"@type":"SearchAction","target":{"@type":"EntryPoint","urlTemplate":"https:\/\/xenonkungen.com\/?s={search_term_string}"},"query-input":{"@type":"PropertyValueSpecification","valueRequired":true,"valueName":"search_term_string"}}],"inLanguage":"nb-NO"}]}},"taxonomy_info":{"product_brand":[{"value":1124,"label":"Lazer"}],"product_cat":[{"value":2561,"label":"Lazer"},{"value":2966,"label":"Ledramp Rak"},{"value":2539,"label":"LEDRAMPER"},{"value":2166,"label":"LAZER LINEAR"}],"product_tag":[{"value":2735,"label":"Lazer"}],"pa_fargtemperatur":[{"value":154,"label":"5000K"}],"pa_fuktskydd-varde-ipxx":[{"value":177,"label":"IP68"}],"pa_godkannande":[{"value":1709,"label":"E-godk\u00e4nd, ECE, R112"}],"pa_lampsockel-kontakt":[{"value":1122,"label":"Superseal"}],"pa_led-chips-effekt-w":[{"value":1334,"label":"84"}],"pa_storlek-mm":[{"value":1724,"label":"382x40x62"}],"pa_stromforbrukning":[{"value":1335,"label":"5,8A@14,4V"}],"pa_volt-v":[{"value":1084,"label":"Multivolt, 10, 12, 16, 18, 24, 28, 30, 32"}]},"featured_image_src_large":["https:\/\/xenonkungen.com\/wp-content\/uploads\/2025\/04\/188148715-origpic-e0dd5a.jpg",1000,750,false],"author_info":[],"comment_info":0,"_links":{"self":[{"href":"https:\/\/xenonkungen.com\/no\/wp-json\/wp\/v2\/product\/6321","targetHints":{"allow":["GET"]}}],"collection":[{"href":"https:\/\/xenonkungen.com\/no\/wp-json\/wp\/v2\/product"}],"about":[{"href":"https:\/\/xenonkungen.com\/no\/wp-json\/wp\/v2\/types\/product"}],"replies":[{"embeddable":true,"href":"https:\/\/xenonkungen.com\/no\/wp-json\/wp\/v2\/comments?post=6321"}],"wp:featuredmedia":[{"embeddable":true,"href":"https:\/\/xenonkungen.com\/no\/wp-json\/wp\/v2\/media\/6322"}],"wp:attachment":[{"href":"https:\/\/xenonkungen.com\/no\/wp-json\/wp\/v2\/media?parent=6321"}],"wp:term":[{"taxonomy":"anvandningsomrade","embeddable":true,"href":"https:\/\/xenonkungen.com\/no\/wp-json\/wp\/v2\/anvandningsomrade?post=6321"},{"taxonomy":"bilmarken","embeddable":true,"href":"https:\/\/xenonkungen.com\/no\/wp-json\/wp\/v2\/bilmarken?post=6321"},{"taxonomy":"product_brand","embeddable":true,"href":"https:\/\/xenonkungen.com\/no\/wp-json\/wp\/v2\/product_brand?post=6321"},{"taxonomy":"product_cat","embeddable":true,"href":"https:\/\/xenonkungen.com\/no\/wp-json\/wp\/v2\/product_cat?post=6321"},{"taxonomy":"product_tag","embeddable":true,"href":"https:\/\/xenonkungen.com\/no\/wp-json\/wp\/v2\/product_tag?post=6321"}],"curies":[{"name":"wp","href":"https:\/\/api.w.org\/{rel}","templated":true}]}}