{"id":6360,"date":"2025-04-15T09:45:37","date_gmt":"2025-04-15T09:45:37","guid":{"rendered":"https:\/\/xenonkungen.com\/product\/lazer-linear-24-flood-arbetsljus-682mm\/"},"modified":"2026-04-24T17:29:05","modified_gmt":"2026-04-24T16:29:05","slug":"lazer-linear-24-flomlys-arbeidslys-682-mm","status":"publish","type":"product","link":"https:\/\/xenonkungen.com\/no\/produkt\/lazer-linear-24-flomlys-arbeidslys-682-mm\/","title":{"rendered":"LAZER LINEAR-24 FLOMARBEIDSLYS | 682 MM"},"content":{"rendered":"<h2>Linear-24 Flood - maksimal ytelse i t\u00f8ffe milj\u00f8er<\/h2>\n<p><strong>Kraftig. P\u00e5litelig. Designet for industrien.<\/strong><br \/>Linear-24 Flood er utviklet for \u00e5 gi eksepsjonell belysning i de mest krevende arbeidsmilj\u00f8ene - fra gruvedrift og anleggsarbeid til skog- og jordbruk. Med en imponerende lysstyrke p\u00e5 <strong>16 200 r\u00e5 lumen<\/strong> Denne arbeidslyktestangen gir overlegen ytelse n\u00e5r du trenger det som mest.<\/p>\n<p>Ved \u00e5 kombinere <strong>Den velpr\u00f8vde designen til Linear Elite-serien<\/strong> med <strong>ultrareflekterende, vakuummetallisert optikk<\/strong>f\u00e5r du et lys som ikke bare er kraftig, men som ogs\u00e5 er smart innrettet for optimal sikt i og rundt f\u00f8rerhuset.<\/p>\n<h3>Rask og enkel installasjon<\/h3>\n<p>Med et str\u00f8mforbruk p\u00e5 168 W erstatter Linear-24 Flood enkelt flere mindre lamper, noe som forenkler installasjonen og minimerer vedlikeholdet. En enkelt rampe - mindre problemer, f\u00e6rre feilkilder.<\/p>\n<h3>Belysning du kan stole p\u00e5<\/h3>\n<p>Det brede lysm\u00f8nsteret gir et <strong>trygg og jevnt opplyst arbeidssone<\/strong> b\u00e5de forover og sidelengs, noe som \u00f8ker b\u00e5de effektiviteten og sikkerheten. Fargetemperaturen p\u00e5 5000 K forbedrer kontrasten og detaljrikdommen i omgivelsene, uten at \u00f8ynene blir trette ved langvarig bruk.<\/p>\n<h3>Bygget for \u00e5 vare<\/h3>\n<p>Linear-24 Flood er testet i henhold til <strong>ISO 9227-standard for saltt\u00e5ke (250H)<\/strong> - klar til \u00e5 prestere under t\u00f8ffe v\u00e6rforhold og i korrosive milj\u00f8er.<\/p>\n<p><strong>Linear-24 Flood - den smarte l\u00f8sningen for profesjonell arbeidsbelysning.<br \/>Maksimal lysstyrke, minimal innsats.<br \/><\/strong><\/p>","protected":false},"excerpt":{"rendered":"<p>Linear-24 Flood \u2013 Maximal prestanda f\u00f6r tuffa milj\u00f6er Kraftfull. P\u00e5litlig. Designad f\u00f6r industrin.Linear-24 Flood \u00e4r framtagen f\u00f6r att leverera exceptionell belysning i de mest kr\u00e4vande arbetsmilj\u00f6erna \u2013 fr\u00e5n gruvdrift och entreprenad till skogsbruk och jordbruk. Med en imponerande ljusstyrka p\u00e5 16 200 r\u00e5a lumen erbjuder denna arbetsljusramp \u00f6verl\u00e4gsen prestanda n\u00e4r du beh\u00f6ver den som mest. [&hellip;]<\/p>","protected":false},"featured_media":6361,"comment_status":"closed","ping_status":"open","template":"","meta":{"_acf_changed":false,"_smort_price_nok":"10548","_smort_price_dkk":"6701","_smort_price_eur":"897.69","_smort_sale_price_nok":"","_smort_sale_price_dkk":"","_smort_sale_price_eur":"","smort_restorder":"","shipmondo_restorder":"","_kad_blocks_custom_css":"","_kad_blocks_head_custom_js":"","_kad_blocks_body_custom_js":"","_kad_blocks_footer_custom_js":"","smort_custom_pricelist_1":"6320","smort_custom_pricelist_2":"6320","smort_custom_pricelist_3":"6320","smort_custom_pricelist_4":"7900","smort_custom_pricelist_5":"6320"},"anvandningsomrade":[],"bilmarken":[],"product_brand":[1124],"product_cat":[2551,2966,508,2166],"product_tag":[2735],"class_list":{"0":"post-6360","1":"product","2":"type-product","3":"status-publish","4":"has-post-thumbnail","6":"product_brand-lazer","7":"product_cat-arbetsljusramp-arbetsbelysning","8":"product_cat-ledramp-rak","9":"product_cat-arbetsbelysning","10":"product_cat-lazer-linear","11":"product_tag-lazer","12":"pa_fargtemperatur-5000k","13":"pa_fuktskydd-varde-ipxx-ip68-ip69k","14":"pa_godkannande-e-godkand-ece-r10","15":"pa_lampsockel-kontakt-dt","16":"pa_led-chips-effekt-w-1751","17":"pa_ljusbild-flood","18":"pa_storlek-mm-682x62x40","19":"pa_stromforbrukning-117a144v","20":"pa_volt-v-multivolt-10-12-16-18-24-28-30-32","22":"first","23":"onbackorder","24":"taxable","25":"shipping-taxable","26":"purchasable","27":"product-type-simple"},"bundled_by":[],"bundle_stock_status":"onbackorder","bundle_stock_quantity":0,"bundle_virtual":false,"bundle_layout":"","bundle_add_to_cart_form_location":"","bundle_editable_in_cart":false,"bundle_sold_individually_context":"","bundle_item_grouping":"","bundle_min_size":"","bundle_max_size":"","bundle_price":[],"bundled_items":[],"bundle_sell_ids":[],"acf":[],"yoast_head":"<!-- This site is optimized with the Yoast SEO plugin v27.0 - https:\/\/yoast.com\/product\/yoast-seo-wordpress\/ -->\n<title>LAZER LINEAR-24 FLOOD ARBETSLJUS | 682MM - Xenonkungen<\/title>\n<meta name=\"robots\" content=\"index, follow, max-snippet:-1, max-image-preview:large, max-video-preview:-1\" \/>\n<link rel=\"canonical\" href=\"https:\/\/xenonkungen.com\/no\/produkt\/lazer-linear-24-flomlys-arbeidslys-682-mm\/\" \/>\n<meta property=\"og:locale\" content=\"nb_NO\" \/>\n<meta property=\"og:type\" content=\"article\" \/>\n<meta property=\"og:title\" content=\"LAZER LINEAR-24 FLOOD ARBETSLJUS | 682MM - Xenonkungen\" \/>\n<meta property=\"og:description\" content=\"Linear-24 Flood \u2013 Maximal prestanda f\u00f6r tuffa milj\u00f6er Kraftfull. P\u00e5litlig. Designad f\u00f6r industrin.Linear-24 Flood \u00e4r framtagen f\u00f6r att leverera exceptionell belysning i de mest kr\u00e4vande arbetsmilj\u00f6erna \u2013 fr\u00e5n gruvdrift och entreprenad till skogsbruk och jordbruk. Med en imponerande ljusstyrka p\u00e5 16 200 r\u00e5a lumen erbjuder denna arbetsljusramp \u00f6verl\u00e4gsen prestanda n\u00e4r du beh\u00f6ver den som mest. [&hellip;]\" \/>\n<meta property=\"og:url\" content=\"https:\/\/xenonkungen.com\/no\/produkt\/lazer-linear-24-flomlys-arbeidslys-682-mm\/\" \/>\n<meta property=\"og:site_name\" content=\"Xenonkungen\" \/>\n<meta property=\"article:modified_time\" content=\"2026-04-24T16:29:05+00:00\" \/>\n<meta property=\"og:image\" content=\"https:\/\/xenonkungen.com\/wp-content\/uploads\/2025\/04\/188148727-origpic-6507a2.jpg\" \/>\n\t<meta property=\"og:image:width\" content=\"1000\" \/>\n\t<meta property=\"og:image:height\" content=\"750\" \/>\n\t<meta property=\"og:image:type\" content=\"image\/jpeg\" \/>\n<meta name=\"twitter:card\" content=\"summary_large_image\" \/>\n<meta name=\"twitter:label1\" content=\"Ansl. lesetid\" \/>\n\t<meta name=\"twitter:data1\" content=\"1 minutt\" \/>\n<script type=\"application\/ld+json\" class=\"yoast-schema-graph\">{\"@context\":\"https:\/\/schema.org\",\"@graph\":[{\"@type\":\"WebPage\",\"@id\":\"https:\/\/xenonkungen.com\/dk\/vare\/lazer-linear-24-projektorarbejdslampe-682-mm\/\",\"url\":\"https:\/\/xenonkungen.com\/dk\/vare\/lazer-linear-24-projektorarbejdslampe-682-mm\/\",\"name\":\"LAZER LINEAR-24 FLOOD ARBETSLJUS | 682MM - Xenonkungen\",\"isPartOf\":{\"@id\":\"https:\/\/xenonkungen.com\/#website\"},\"primaryImageOfPage\":{\"@id\":\"https:\/\/xenonkungen.com\/dk\/vare\/lazer-linear-24-projektorarbejdslampe-682-mm\/#primaryimage\"},\"image\":{\"@id\":\"https:\/\/xenonkungen.com\/dk\/vare\/lazer-linear-24-projektorarbejdslampe-682-mm\/#primaryimage\"},\"thumbnailUrl\":\"https:\/\/xenonkungen.com\/wp-content\/uploads\/2025\/04\/188148727-origpic-6507a2.jpg\",\"datePublished\":\"2025-04-15T09:45:37+00:00\",\"dateModified\":\"2026-04-24T16:29:05+00:00\",\"breadcrumb\":{\"@id\":\"https:\/\/xenonkungen.com\/dk\/vare\/lazer-linear-24-projektorarbejdslampe-682-mm\/#breadcrumb\"},\"inLanguage\":\"nb-NO\",\"potentialAction\":[{\"@type\":\"ReadAction\",\"target\":[\"https:\/\/xenonkungen.com\/dk\/vare\/lazer-linear-24-projektorarbejdslampe-682-mm\/\"]}]},{\"@type\":\"ImageObject\",\"inLanguage\":\"nb-NO\",\"@id\":\"https:\/\/xenonkungen.com\/dk\/vare\/lazer-linear-24-projektorarbejdslampe-682-mm\/#primaryimage\",\"url\":\"https:\/\/xenonkungen.com\/wp-content\/uploads\/2025\/04\/188148727-origpic-6507a2.jpg\",\"contentUrl\":\"https:\/\/xenonkungen.com\/wp-content\/uploads\/2025\/04\/188148727-origpic-6507a2.jpg\",\"width\":1000,\"height\":750},{\"@type\":\"BreadcrumbList\",\"@id\":\"https:\/\/xenonkungen.com\/dk\/vare\/lazer-linear-24-projektorarbejdslampe-682-mm\/#breadcrumb\",\"itemListElement\":[{\"@type\":\"ListItem\",\"position\":1,\"name\":\"Hem\",\"item\":\"https:\/\/xenonkungen.com\/\"},{\"@type\":\"ListItem\",\"position\":2,\"name\":\"Shop\",\"item\":\"https:\/\/xenonkungen.com\/shop\/\"},{\"@type\":\"ListItem\",\"position\":3,\"name\":\"LAZER LINEAR-24 FLOOD ARBETSLJUS | 682MM\"}]},{\"@type\":\"WebSite\",\"@id\":\"https:\/\/xenonkungen.com\/#website\",\"url\":\"https:\/\/xenonkungen.com\/\",\"name\":\"Xenonkungen\",\"description\":\"\",\"potentialAction\":[{\"@type\":\"SearchAction\",\"target\":{\"@type\":\"EntryPoint\",\"urlTemplate\":\"https:\/\/xenonkungen.com\/?s={search_term_string}\"},\"query-input\":{\"@type\":\"PropertyValueSpecification\",\"valueRequired\":true,\"valueName\":\"search_term_string\"}}],\"inLanguage\":\"nb-NO\"}]}<\/script>\n<!-- \/ Yoast SEO plugin. -->","yoast_head_json":{"title":"LAZER LINEAR-24 ARBEIDSLYS MED FLOMSTR\u00c5D | 682 MM - Xenonlykter","robots":{"index":"index","follow":"follow","max-snippet":"max-snippet:-1","max-image-preview":"max-image-preview:large","max-video-preview":"max-video-preview:-1"},"canonical":"https:\/\/xenonkungen.com\/no\/produkt\/lazer-linear-24-flomlys-arbeidslys-682-mm\/","og_locale":"nb_NO","og_type":"article","og_title":"LAZER LINEAR-24 FLOOD ARBETSLJUS | 682MM - Xenonkungen","og_description":"Linear-24 Flood \u2013 Maximal prestanda f\u00f6r tuffa milj\u00f6er Kraftfull. P\u00e5litlig. Designad f\u00f6r industrin.Linear-24 Flood \u00e4r framtagen f\u00f6r att leverera exceptionell belysning i de mest kr\u00e4vande arbetsmilj\u00f6erna \u2013 fr\u00e5n gruvdrift och entreprenad till skogsbruk och jordbruk. Med en imponerande ljusstyrka p\u00e5 16 200 r\u00e5a lumen erbjuder denna arbetsljusramp \u00f6verl\u00e4gsen prestanda n\u00e4r du beh\u00f6ver den som mest. [&hellip;]","og_url":"https:\/\/xenonkungen.com\/no\/produkt\/lazer-linear-24-flomlys-arbeidslys-682-mm\/","og_site_name":"Xenonkungen","article_modified_time":"2026-04-24T16:29:05+00:00","og_image":[{"width":1000,"height":750,"url":"https:\/\/xenonkungen.com\/wp-content\/uploads\/2025\/04\/188148727-origpic-6507a2.jpg","type":"image\/jpeg"}],"twitter_card":"summary_large_image","twitter_misc":{"Ansl. lesetid":"1 minutt"},"schema":{"@context":"https:\/\/schema.org","@graph":[{"@type":"WebPage","@id":"https:\/\/xenonkungen.com\/dk\/vare\/lazer-linear-24-projektorarbejdslampe-682-mm\/","url":"https:\/\/xenonkungen.com\/dk\/vare\/lazer-linear-24-projektorarbejdslampe-682-mm\/","name":"LAZER LINEAR-24 ARBEIDSLYS MED FLOMSTR\u00c5D | 682 MM - Xenonlykter","isPartOf":{"@id":"https:\/\/xenonkungen.com\/#website"},"primaryImageOfPage":{"@id":"https:\/\/xenonkungen.com\/dk\/vare\/lazer-linear-24-projektorarbejdslampe-682-mm\/#primaryimage"},"image":{"@id":"https:\/\/xenonkungen.com\/dk\/vare\/lazer-linear-24-projektorarbejdslampe-682-mm\/#primaryimage"},"thumbnailUrl":"https:\/\/xenonkungen.com\/wp-content\/uploads\/2025\/04\/188148727-origpic-6507a2.jpg","datePublished":"2025-04-15T09:45:37+00:00","dateModified":"2026-04-24T16:29:05+00:00","breadcrumb":{"@id":"https:\/\/xenonkungen.com\/dk\/vare\/lazer-linear-24-projektorarbejdslampe-682-mm\/#breadcrumb"},"inLanguage":"nb-NO","potentialAction":[{"@type":"ReadAction","target":["https:\/\/xenonkungen.com\/dk\/vare\/lazer-linear-24-projektorarbejdslampe-682-mm\/"]}]},{"@type":"ImageObject","inLanguage":"nb-NO","@id":"https:\/\/xenonkungen.com\/dk\/vare\/lazer-linear-24-projektorarbejdslampe-682-mm\/#primaryimage","url":"https:\/\/xenonkungen.com\/wp-content\/uploads\/2025\/04\/188148727-origpic-6507a2.jpg","contentUrl":"https:\/\/xenonkungen.com\/wp-content\/uploads\/2025\/04\/188148727-origpic-6507a2.jpg","width":1000,"height":750},{"@type":"BreadcrumbList","@id":"https:\/\/xenonkungen.com\/dk\/vare\/lazer-linear-24-projektorarbejdslampe-682-mm\/#breadcrumb","itemListElement":[{"@type":"ListItem","position":1,"name":"Hem","item":"https:\/\/xenonkungen.com\/"},{"@type":"ListItem","position":2,"name":"Shop","item":"https:\/\/xenonkungen.com\/shop\/"},{"@type":"ListItem","position":3,"name":"LAZER LINEAR-24 FLOOD ARBETSLJUS | 682MM"}]},{"@type":"WebSite","@id":"https:\/\/xenonkungen.com\/#website","url":"https:\/\/xenonkungen.com\/","name":"Xenonkungen","description":"","potentialAction":[{"@type":"SearchAction","target":{"@type":"EntryPoint","urlTemplate":"https:\/\/xenonkungen.com\/?s={search_term_string}"},"query-input":{"@type":"PropertyValueSpecification","valueRequired":true,"valueName":"search_term_string"}}],"inLanguage":"nb-NO"}]}},"taxonomy_info":{"product_brand":[{"value":1124,"label":"Lazer"}],"product_cat":[{"value":2551,"label":"Arbetsljusramp"},{"value":2966,"label":"Ledramp Rak"},{"value":508,"label":"Arbetsbelysning"},{"value":2166,"label":"LAZER LINEAR"}],"product_tag":[{"value":2735,"label":"Lazer"}],"pa_fargtemperatur":[{"value":154,"label":"5000K"}],"pa_fuktskydd-varde-ipxx":[{"value":402,"label":"IP68. IP69K"}],"pa_godkannande":[{"value":900,"label":"E-Godk\u00e4nd, ECE, R10"}],"pa_lampsockel-kontakt":[{"value":329,"label":"DT"}],"pa_led-chips-effekt-w":[{"value":1751,"label":"168"}],"pa_ljusbild":[{"value":503,"label":"FLOOD"}],"pa_storlek-mm":[{"value":1750,"label":"682x62x40"}],"pa_stromforbrukning":[{"value":1752,"label":"11,7A@14,4V"}],"pa_volt-v":[{"value":1084,"label":"Multivolt, 10, 12, 16, 18, 24, 28, 30, 32"}]},"featured_image_src_large":["https:\/\/xenonkungen.com\/wp-content\/uploads\/2025\/04\/188148727-origpic-6507a2.jpg",1000,750,false],"author_info":[],"comment_info":0,"_links":{"self":[{"href":"https:\/\/xenonkungen.com\/no\/wp-json\/wp\/v2\/product\/6360","targetHints":{"allow":["GET"]}}],"collection":[{"href":"https:\/\/xenonkungen.com\/no\/wp-json\/wp\/v2\/product"}],"about":[{"href":"https:\/\/xenonkungen.com\/no\/wp-json\/wp\/v2\/types\/product"}],"replies":[{"embeddable":true,"href":"https:\/\/xenonkungen.com\/no\/wp-json\/wp\/v2\/comments?post=6360"}],"wp:featuredmedia":[{"embeddable":true,"href":"https:\/\/xenonkungen.com\/no\/wp-json\/wp\/v2\/media\/6361"}],"wp:attachment":[{"href":"https:\/\/xenonkungen.com\/no\/wp-json\/wp\/v2\/media?parent=6360"}],"wp:term":[{"taxonomy":"anvandningsomrade","embeddable":true,"href":"https:\/\/xenonkungen.com\/no\/wp-json\/wp\/v2\/anvandningsomrade?post=6360"},{"taxonomy":"bilmarken","embeddable":true,"href":"https:\/\/xenonkungen.com\/no\/wp-json\/wp\/v2\/bilmarken?post=6360"},{"taxonomy":"product_brand","embeddable":true,"href":"https:\/\/xenonkungen.com\/no\/wp-json\/wp\/v2\/product_brand?post=6360"},{"taxonomy":"product_cat","embeddable":true,"href":"https:\/\/xenonkungen.com\/no\/wp-json\/wp\/v2\/product_cat?post=6360"},{"taxonomy":"product_tag","embeddable":true,"href":"https:\/\/xenonkungen.com\/no\/wp-json\/wp\/v2\/product_tag?post=6360"}],"curies":[{"name":"wp","href":"https:\/\/api.w.org\/{rel}","templated":true}]}}