{"id":6447,"date":"2025-04-15T09:46:38","date_gmt":"2025-04-15T09:46:38","guid":{"rendered":"https:\/\/xenonkungen.com\/product\/lazer-triple-r-1000-elite-extraljusramp-16-410-mm\/"},"modified":"2026-04-24T17:29:32","modified_gmt":"2026-04-24T16:29:32","slug":"lazer-triple-r-1000-elite-ekstra-lett-rampe-16-410-mm","status":"publish","type":"product","link":"https:\/\/xenonkungen.com\/no\/produkt\/lazer-triple-r-1000-elite-ekstra-lett-rampe-16-410-mm\/","title":{"rendered":"Lazer Triple-R 1000 Elite ekstra lett rampe 16\u2033 (410 mm)"},"content":{"rendered":"<h2>Lazer Triple-R Elite - N\u00e5r bare det beste er godt nok<\/h2>\n<p><strong>Opprinnelig utviklet for den kompromissl\u00f8se verdenen av profesjonell rally- og motorsport<\/strong>, har <strong>Lazer Triple-R-serien<\/strong> har raskt blitt en favoritt blant f\u00f8rere av personbiler, pickuper og tunge kj\u00f8ret\u00f8y - b\u00e5de p\u00e5 og utenfor veien. Den kombinerer ekstrem ytelse, robust design og p\u00e5litelighet i en pakke som ikke g\u00e5r p\u00e5 kompromiss med noe.<\/p>\n<h3>Elite - Maksimal ytelse, uovertruffen rekkevidde<\/h3>\n<p><strong>Triple-R Elite<\/strong> tar belysningsytelsen til neste niv\u00e5 med enda h\u00f8yere lysstyrke og lengre rekkevidde enn Standard-serien. Med toppmoderne LED-teknologi og avansert reflektoroptikk f\u00e5r du en <strong>kraftig lysutbytte med imponerende rekkevidde og bred spredning<\/strong> - perfekt for \u00e5 lyse opp hele veien foran deg, selv i bekm\u00f8rke netter.<\/p>\n<h3>Ideell for takmontering<\/h3>\n<p>Den <strong>lav vertikal lysspredning<\/strong> gj\u00f8r Triple-R ideell for montering p\u00e5 taket, uten \u00e5 for\u00e5rsake blendende reflekser fra panseret. Du f\u00e5r maksimalt lysutbytte uten forstyrrende blending - bare klar sikt fremover.<\/p>\n<h3>Velg lengde - fra kompakt til full bredde<\/h3>\n<p>Triple-R Elite med <strong>E-boost<\/strong> tilgjengelig i seks lengder fra <strong>230 til 1305 mm<\/strong>med en slank profil p\u00e5 bare 73 mm i h\u00f8yden og 105 mm i dybden. Uansett kj\u00f8ret\u00f8y eller monteringsflate finner du en modell som passer perfekt.<\/p>\n<h3>E-Boost - Blinkende lys p\u00e5 et \u00f8yeblikk<\/h3>\n<p>Modellene <strong>750, 850 og 1000<\/strong> er utstyrt med <strong>E-boost-funksjon<\/strong> som gir et brutalt lys n\u00e5r den aktiveres - perfekt for kj\u00f8ring om natten p\u00e5 grusveier, i skoger eller under rally. N\u00e5r du kj\u00f8rer p\u00e5 offentlig vei, bytter du ganske enkelt til en <strong>E-godkjent og veigodkjent modus<\/strong> - fortsatt med imponerende lysstyrke.<\/p>\n<h3>Bygget for \u00e5 vare - trygghet i hver eneste kilometer<\/h3>\n<p>Alle modellene i Triple-R-serien leveres med <strong>5 \u00e5rs funksjonsgaranti<\/strong>. Det er ikke bare en investering i bedre synlighet - det er en investering i <strong>sikkerhet, kvalitet og ytelse<\/strong> som varer \u00e5r etter \u00e5r.<\/p>\n<p><strong>Lazer Triple-R Elite - for deg som krever kompromissl\u00f8s ytelse, uansett vei, v\u00e6r eller utfordring.<\/strong><\/p>","protected":false},"excerpt":{"rendered":"<p>Lazer Triple-R Elite \u2013 N\u00e4r bara det b\u00e4sta \u00e4r gott nog Ursprungligen utvecklad f\u00f6r den kompromissl\u00f6sa v\u00e4rlden inom professionell rally- och motorsport, har Lazer Triple-R-serien snabbt blivit en favorit \u00e4ven bland f\u00f6rare av personbilar, pickups och tunga fordon \u2013 b\u00e5de p\u00e5 v\u00e4g och i terr\u00e4ng. H\u00e4r m\u00f6ts extrem prestanda, robust design och p\u00e5litlighet i ett [&hellip;]<\/p>","protected":false},"featured_media":6448,"comment_status":"closed","ping_status":"open","template":"","meta":{"_acf_changed":false,"_smort_price_nok":"8278","_smort_price_dkk":"5259","_smort_price_eur":"704.51","_smort_sale_price_nok":"","_smort_sale_price_dkk":"","_smort_sale_price_eur":"","smort_restorder":"","shipmondo_restorder":"","_kad_blocks_custom_css":"","_kad_blocks_head_custom_js":"","_kad_blocks_body_custom_js":"","_kad_blocks_footer_custom_js":"","smort_custom_pricelist_1":"4960","smort_custom_pricelist_2":"4960","smort_custom_pricelist_3":"4960","smort_custom_pricelist_4":"6200","smort_custom_pricelist_5":"4960"},"anvandningsomrade":[],"bilmarken":[],"product_brand":[1124],"product_cat":[2561,2966,2539],"product_tag":[2735],"class_list":{"0":"post-6447","1":"product","2":"type-product","3":"status-publish","4":"has-post-thumbnail","6":"product_brand-lazer","7":"product_cat-lazer","8":"product_cat-ledramp-rak","9":"product_cat-ledramper","10":"product_tag-lazer","11":"pa_fargtemperatur-5000k","12":"pa_fuktskydd-varde-ipxx-ip67","13":"pa_godkannande-e-godkand-ece-r112","14":"pa_lampsockel-kontakt-superseal","15":"pa_led-chips-effekt-w-681","16":"pa_storlek-mm-410x73x105","17":"pa_stromforbrukning-72a144v","18":"pa_volt-v-multivolt-10-12-16-18-24-28-30-32","20":"first","21":"onbackorder","22":"taxable","23":"shipping-taxable","24":"purchasable","25":"product-type-simple"},"bundled_by":[],"bundle_stock_status":"onbackorder","bundle_stock_quantity":0,"bundle_virtual":false,"bundle_layout":"","bundle_add_to_cart_form_location":"","bundle_editable_in_cart":false,"bundle_sold_individually_context":"","bundle_item_grouping":"","bundle_min_size":"","bundle_max_size":"","bundle_price":[],"bundled_items":[],"bundle_sell_ids":[],"acf":[],"yoast_head":"<!-- This site is optimized with the Yoast SEO plugin v27.0 - https:\/\/yoast.com\/product\/yoast-seo-wordpress\/ -->\n<title>Lazer Triple-R 1000 Elite extraljusramp 16&quot; (410 mm) - Xenonkungen<\/title>\n<meta name=\"robots\" content=\"index, follow, max-snippet:-1, max-image-preview:large, max-video-preview:-1\" \/>\n<link rel=\"canonical\" href=\"https:\/\/xenonkungen.com\/no\/produkt\/lazer-triple-r-1000-elite-ekstra-lett-rampe-16-410-mm\/\" \/>\n<meta property=\"og:locale\" content=\"nb_NO\" \/>\n<meta property=\"og:type\" content=\"article\" \/>\n<meta property=\"og:title\" content=\"Lazer Triple-R 1000 Elite extraljusramp 16&quot; (410 mm) - Xenonkungen\" \/>\n<meta property=\"og:description\" content=\"Lazer Triple-R Elite \u2013 N\u00e4r bara det b\u00e4sta \u00e4r gott nog Ursprungligen utvecklad f\u00f6r den kompromissl\u00f6sa v\u00e4rlden inom professionell rally- och motorsport, har Lazer Triple-R-serien snabbt blivit en favorit \u00e4ven bland f\u00f6rare av personbilar, pickups och tunga fordon \u2013 b\u00e5de p\u00e5 v\u00e4g och i terr\u00e4ng. H\u00e4r m\u00f6ts extrem prestanda, robust design och p\u00e5litlighet i ett [&hellip;]\" \/>\n<meta property=\"og:url\" content=\"https:\/\/xenonkungen.com\/no\/produkt\/lazer-triple-r-1000-elite-ekstra-lett-rampe-16-410-mm\/\" \/>\n<meta property=\"og:site_name\" content=\"Xenonkungen\" \/>\n<meta property=\"article:modified_time\" content=\"2026-04-24T16:29:32+00:00\" \/>\n<meta property=\"og:image\" content=\"https:\/\/xenonkungen.com\/wp-content\/uploads\/2025\/04\/triple-r_1000_elite_gen2_-_angled_-_web.jpg\" \/>\n\t<meta property=\"og:image:width\" content=\"1000\" \/>\n\t<meta property=\"og:image:height\" content=\"750\" \/>\n\t<meta property=\"og:image:type\" content=\"image\/jpeg\" \/>\n<meta name=\"twitter:card\" content=\"summary_large_image\" \/>\n<meta name=\"twitter:label1\" content=\"Ansl. lesetid\" \/>\n\t<meta name=\"twitter:data1\" content=\"2 minutter\" \/>\n<script type=\"application\/ld+json\" class=\"yoast-schema-graph\">{\"@context\":\"https:\/\/schema.org\",\"@graph\":[{\"@type\":\"WebPage\",\"@id\":\"https:\/\/xenonkungen.com\/es\/producto\/rampa-extra-ligera-lazer-triple-r-1000-elite-de-16-410-mm\/\",\"url\":\"https:\/\/xenonkungen.com\/es\/producto\/rampa-extra-ligera-lazer-triple-r-1000-elite-de-16-410-mm\/\",\"name\":\"Lazer Triple-R 1000 Elite extraljusramp 16\\\" (410 mm) - Xenonkungen\",\"isPartOf\":{\"@id\":\"https:\/\/xenonkungen.com\/#website\"},\"primaryImageOfPage\":{\"@id\":\"https:\/\/xenonkungen.com\/es\/producto\/rampa-extra-ligera-lazer-triple-r-1000-elite-de-16-410-mm\/#primaryimage\"},\"image\":{\"@id\":\"https:\/\/xenonkungen.com\/es\/producto\/rampa-extra-ligera-lazer-triple-r-1000-elite-de-16-410-mm\/#primaryimage\"},\"thumbnailUrl\":\"https:\/\/xenonkungen.com\/wp-content\/uploads\/2025\/04\/triple-r_1000_elite_gen2_-_angled_-_web.jpg\",\"datePublished\":\"2025-04-15T09:46:38+00:00\",\"dateModified\":\"2026-04-24T16:29:32+00:00\",\"breadcrumb\":{\"@id\":\"https:\/\/xenonkungen.com\/es\/producto\/rampa-extra-ligera-lazer-triple-r-1000-elite-de-16-410-mm\/#breadcrumb\"},\"inLanguage\":\"nb-NO\",\"potentialAction\":[{\"@type\":\"ReadAction\",\"target\":[\"https:\/\/xenonkungen.com\/es\/producto\/rampa-extra-ligera-lazer-triple-r-1000-elite-de-16-410-mm\/\"]}]},{\"@type\":\"ImageObject\",\"inLanguage\":\"nb-NO\",\"@id\":\"https:\/\/xenonkungen.com\/es\/producto\/rampa-extra-ligera-lazer-triple-r-1000-elite-de-16-410-mm\/#primaryimage\",\"url\":\"https:\/\/xenonkungen.com\/wp-content\/uploads\/2025\/04\/triple-r_1000_elite_gen2_-_angled_-_web.jpg\",\"contentUrl\":\"https:\/\/xenonkungen.com\/wp-content\/uploads\/2025\/04\/triple-r_1000_elite_gen2_-_angled_-_web.jpg\",\"width\":1000,\"height\":750},{\"@type\":\"BreadcrumbList\",\"@id\":\"https:\/\/xenonkungen.com\/es\/producto\/rampa-extra-ligera-lazer-triple-r-1000-elite-de-16-410-mm\/#breadcrumb\",\"itemListElement\":[{\"@type\":\"ListItem\",\"position\":1,\"name\":\"Hem\",\"item\":\"https:\/\/xenonkungen.com\/\"},{\"@type\":\"ListItem\",\"position\":2,\"name\":\"Shop\",\"item\":\"https:\/\/xenonkungen.com\/shop\/\"},{\"@type\":\"ListItem\",\"position\":3,\"name\":\"Lazer Triple-R 1000 Elite extraljusramp 16&#8243; (410 mm)\"}]},{\"@type\":\"WebSite\",\"@id\":\"https:\/\/xenonkungen.com\/#website\",\"url\":\"https:\/\/xenonkungen.com\/\",\"name\":\"Xenonkungen\",\"description\":\"\",\"potentialAction\":[{\"@type\":\"SearchAction\",\"target\":{\"@type\":\"EntryPoint\",\"urlTemplate\":\"https:\/\/xenonkungen.com\/?s={search_term_string}\"},\"query-input\":{\"@type\":\"PropertyValueSpecification\",\"valueRequired\":true,\"valueName\":\"search_term_string\"}}],\"inLanguage\":\"nb-NO\"}]}<\/script>\n<!-- \/ Yoast SEO plugin. -->","yoast_head_json":{"title":"Lazer Triple-R 1000 Elite ekstra lysb\u00f8yle 16&quot; (410 mm) - Xenon-kongen","robots":{"index":"index","follow":"follow","max-snippet":"max-snippet:-1","max-image-preview":"max-image-preview:large","max-video-preview":"max-video-preview:-1"},"canonical":"https:\/\/xenonkungen.com\/no\/produkt\/lazer-triple-r-1000-elite-ekstra-lett-rampe-16-410-mm\/","og_locale":"nb_NO","og_type":"article","og_title":"Lazer Triple-R 1000 Elite extraljusramp 16\" (410 mm) - Xenonkungen","og_description":"Lazer Triple-R Elite \u2013 N\u00e4r bara det b\u00e4sta \u00e4r gott nog Ursprungligen utvecklad f\u00f6r den kompromissl\u00f6sa v\u00e4rlden inom professionell rally- och motorsport, har Lazer Triple-R-serien snabbt blivit en favorit \u00e4ven bland f\u00f6rare av personbilar, pickups och tunga fordon \u2013 b\u00e5de p\u00e5 v\u00e4g och i terr\u00e4ng. H\u00e4r m\u00f6ts extrem prestanda, robust design och p\u00e5litlighet i ett [&hellip;]","og_url":"https:\/\/xenonkungen.com\/no\/produkt\/lazer-triple-r-1000-elite-ekstra-lett-rampe-16-410-mm\/","og_site_name":"Xenonkungen","article_modified_time":"2026-04-24T16:29:32+00:00","og_image":[{"width":1000,"height":750,"url":"https:\/\/xenonkungen.com\/wp-content\/uploads\/2025\/04\/triple-r_1000_elite_gen2_-_angled_-_web.jpg","type":"image\/jpeg"}],"twitter_card":"summary_large_image","twitter_misc":{"Ansl. lesetid":"2 minutter"},"schema":{"@context":"https:\/\/schema.org","@graph":[{"@type":"WebPage","@id":"https:\/\/xenonkungen.com\/es\/producto\/rampa-extra-ligera-lazer-triple-r-1000-elite-de-16-410-mm\/","url":"https:\/\/xenonkungen.com\/es\/producto\/rampa-extra-ligera-lazer-triple-r-1000-elite-de-16-410-mm\/","name":"Lazer Triple-R 1000 Elite ekstra lysb\u00f8yle 16&quot; (410 mm) - Xenon-kongen","isPartOf":{"@id":"https:\/\/xenonkungen.com\/#website"},"primaryImageOfPage":{"@id":"https:\/\/xenonkungen.com\/es\/producto\/rampa-extra-ligera-lazer-triple-r-1000-elite-de-16-410-mm\/#primaryimage"},"image":{"@id":"https:\/\/xenonkungen.com\/es\/producto\/rampa-extra-ligera-lazer-triple-r-1000-elite-de-16-410-mm\/#primaryimage"},"thumbnailUrl":"https:\/\/xenonkungen.com\/wp-content\/uploads\/2025\/04\/triple-r_1000_elite_gen2_-_angled_-_web.jpg","datePublished":"2025-04-15T09:46:38+00:00","dateModified":"2026-04-24T16:29:32+00:00","breadcrumb":{"@id":"https:\/\/xenonkungen.com\/es\/producto\/rampa-extra-ligera-lazer-triple-r-1000-elite-de-16-410-mm\/#breadcrumb"},"inLanguage":"nb-NO","potentialAction":[{"@type":"ReadAction","target":["https:\/\/xenonkungen.com\/es\/producto\/rampa-extra-ligera-lazer-triple-r-1000-elite-de-16-410-mm\/"]}]},{"@type":"ImageObject","inLanguage":"nb-NO","@id":"https:\/\/xenonkungen.com\/es\/producto\/rampa-extra-ligera-lazer-triple-r-1000-elite-de-16-410-mm\/#primaryimage","url":"https:\/\/xenonkungen.com\/wp-content\/uploads\/2025\/04\/triple-r_1000_elite_gen2_-_angled_-_web.jpg","contentUrl":"https:\/\/xenonkungen.com\/wp-content\/uploads\/2025\/04\/triple-r_1000_elite_gen2_-_angled_-_web.jpg","width":1000,"height":750},{"@type":"BreadcrumbList","@id":"https:\/\/xenonkungen.com\/es\/producto\/rampa-extra-ligera-lazer-triple-r-1000-elite-de-16-410-mm\/#breadcrumb","itemListElement":[{"@type":"ListItem","position":1,"name":"Hem","item":"https:\/\/xenonkungen.com\/"},{"@type":"ListItem","position":2,"name":"Shop","item":"https:\/\/xenonkungen.com\/shop\/"},{"@type":"ListItem","position":3,"name":"Lazer Triple-R 1000 Elite extraljusramp 16&#8243; (410 mm)"}]},{"@type":"WebSite","@id":"https:\/\/xenonkungen.com\/#website","url":"https:\/\/xenonkungen.com\/","name":"Xenonkungen","description":"","potentialAction":[{"@type":"SearchAction","target":{"@type":"EntryPoint","urlTemplate":"https:\/\/xenonkungen.com\/?s={search_term_string}"},"query-input":{"@type":"PropertyValueSpecification","valueRequired":true,"valueName":"search_term_string"}}],"inLanguage":"nb-NO"}]}},"taxonomy_info":{"product_brand":[{"value":1124,"label":"Lazer"}],"product_cat":[{"value":2561,"label":"Lazer"},{"value":2966,"label":"Ledramp Rak"},{"value":2539,"label":"LEDRAMPER"}],"product_tag":[{"value":2735,"label":"Lazer"}],"pa_fargtemperatur":[{"value":154,"label":"5000K"}],"pa_fuktskydd-varde-ipxx":[{"value":333,"label":"IP67"}],"pa_godkannande":[{"value":1709,"label":"E-godk\u00e4nd, ECE, R112"}],"pa_lampsockel-kontakt":[{"value":1122,"label":"Superseal"}],"pa_led-chips-effekt-w":[{"value":681,"label":"90"}],"pa_storlek-mm":[{"value":1348,"label":"410x73x105"}],"pa_stromforbrukning":[{"value":1617,"label":"7,2A@14,4V"}],"pa_volt-v":[{"value":1084,"label":"Multivolt, 10, 12, 16, 18, 24, 28, 30, 32"}]},"featured_image_src_large":["https:\/\/xenonkungen.com\/wp-content\/uploads\/2025\/04\/triple-r_1000_elite_gen2_-_angled_-_web.jpg",1000,750,false],"author_info":[],"comment_info":0,"_links":{"self":[{"href":"https:\/\/xenonkungen.com\/no\/wp-json\/wp\/v2\/product\/6447","targetHints":{"allow":["GET"]}}],"collection":[{"href":"https:\/\/xenonkungen.com\/no\/wp-json\/wp\/v2\/product"}],"about":[{"href":"https:\/\/xenonkungen.com\/no\/wp-json\/wp\/v2\/types\/product"}],"replies":[{"embeddable":true,"href":"https:\/\/xenonkungen.com\/no\/wp-json\/wp\/v2\/comments?post=6447"}],"wp:featuredmedia":[{"embeddable":true,"href":"https:\/\/xenonkungen.com\/no\/wp-json\/wp\/v2\/media\/6448"}],"wp:attachment":[{"href":"https:\/\/xenonkungen.com\/no\/wp-json\/wp\/v2\/media?parent=6447"}],"wp:term":[{"taxonomy":"anvandningsomrade","embeddable":true,"href":"https:\/\/xenonkungen.com\/no\/wp-json\/wp\/v2\/anvandningsomrade?post=6447"},{"taxonomy":"bilmarken","embeddable":true,"href":"https:\/\/xenonkungen.com\/no\/wp-json\/wp\/v2\/bilmarken?post=6447"},{"taxonomy":"product_brand","embeddable":true,"href":"https:\/\/xenonkungen.com\/no\/wp-json\/wp\/v2\/product_brand?post=6447"},{"taxonomy":"product_cat","embeddable":true,"href":"https:\/\/xenonkungen.com\/no\/wp-json\/wp\/v2\/product_cat?post=6447"},{"taxonomy":"product_tag","embeddable":true,"href":"https:\/\/xenonkungen.com\/no\/wp-json\/wp\/v2\/product_tag?post=6447"}],"curies":[{"name":"wp","href":"https:\/\/api.w.org\/{rel}","templated":true}]}}