{"id":6487,"date":"2025-04-15T09:47:06","date_gmt":"2025-04-15T09:47:06","guid":{"rendered":"https:\/\/xenonkungen.com\/product\/lampsarg-125-serie-svart\/"},"modified":"2026-04-11T00:37:47","modified_gmt":"2026-04-10T23:37:47","slug":"lamperamme-125-serien-svart","status":"publish","type":"product","link":"https:\/\/xenonkungen.com\/no\/produkt\/lamperamme-125-serien-svart\/","title":{"rendered":"Lamperamme 125-serien Svart"},"content":{"rendered":"<h1>Svart st\u00e5lramme: En perfekt l\u00f8sning for Kvadrat Serie 125<\/h1>\n<p>Belysningen kan definere atmosf\u00e6ren i et rom. En lampeskjerm av h\u00f8y kvalitet kan v\u00e6re det som skiller en gjennomsnittlig lysopplevelse fra en som virkelig forvandler rommet. For de som allerede har investert i Kvadrat Series 125, eller de som vurderer \u00e5 gj\u00f8re det, vil denne lampestammen i svart st\u00e5l v\u00e6re et uvurderlig tilskudd.<\/p>\n<h2>Eleganse og funksjonalitet<\/h2>\n<p>Den svarte finishen p\u00e5 dette lampestativet gir en sofistikert f\u00f8lelse av moderne eleganse. Svart er en b\u00e5de tidl\u00f8s og allsidig farge som passer inn i nesten ethvert interi\u00f8r. Enten rommet ditt har et minimalistisk, industrielt, klassisk eller annet design, kan denne svarte st\u00e5lrammen passe inn eller skille seg ut p\u00e5 en m\u00e5te som fremhever rommets generelle estetikk.<\/p>\n<h2>St\u00e5l: Styrke m\u00f8ter estetikk<\/h2>\n<p>St\u00e5l er kjent for sin holdbarhet. Det betyr at n\u00e5r du investerer i et lampestativ laget av dette materialet, investerer du i et produkt som er designet for \u00e5 vare. Den t\u00e5ler daglig slitasje uten \u00e5 miste sin skj\u00f8nnhet eller funksjon. Med de n\u00f8yaktige m\u00e5lene 145x145 mm passer denne lampestammen perfekt til alle lampene i Kvadrat Series 125.<\/p>\n<h2>Hvorfor bytte ut eller bytte?<\/h2>\n<p>Alt har en levetid. Uansett hvor h\u00f8y kvalitet et produkt har, kan det over tid bli utslitt eller ikke matche den nye innredningen du velger for rommet ditt. Ved \u00e5 ha muligheten til \u00e5 enkelt bytte ut armaturene dine, f\u00e5r du friheten til \u00e5 oppdatere rommet ditt n\u00e5r du f\u00f8ler for det, uten \u00e5 m\u00e5tte bytte ut hele belysningssystemet.<\/p>\n<h2>Siste ord<\/h2>\n<p>De riktige belysningsl\u00f8sningene kan gj\u00f8re underverker for et rom. Med denne lampestammen i svart st\u00e5l til Kvadrat Series 125 f\u00e5r du en kombinasjon av styrke, skj\u00f8nnhet og funksjonalitet. Enten du trenger \u00e5 bytte ut en gammel ramme eller bare \u00f8nsker \u00e5 fornye rommet ditt, er dette et ideelt valg som vil tjene deg godt i mange \u00e5r fremover.<\/p>\n<p><iframe loading=\"lazy\" height=\"314\" src=\"https:\/\/www.youtube.com\/embed\/stf8LdE07sE\" width=\"560\" allowfullscreen=\"allowfullscreen\"><\/iframe><\/p>","protected":false},"excerpt":{"rendered":"<p>Lampsarg i Svart St\u00e5l: En Perfekt L\u00f6sning f\u00f6r Kvadrat Serie 125 Belysning kan definiera atmosf\u00e4ren i ett rum. En h\u00f6gkvalitativ lampsarg kan vara det som st\u00e5r mellan en genomsnittlig belysningsupplevelse och en som verkligen f\u00f6rvandlar utrymmet. F\u00f6r de som redan har investerat i Kvadrat Serie 125, eller de som \u00f6verv\u00e4ger att g\u00f6ra det, kommer den [&hellip;]<\/p>","protected":false},"featured_media":6488,"comment_status":"closed","ping_status":"open","template":"","meta":{"_acf_changed":false,"_smort_price_nok":"64","_smort_price_dkk":"41","_smort_price_eur":"5.45","_smort_sale_price_nok":"","_smort_sale_price_dkk":"","_smort_sale_price_eur":"","smort_restorder":"","shipmondo_restorder":"","_kad_blocks_custom_css":"","_kad_blocks_head_custom_js":"","_kad_blocks_body_custom_js":"","_kad_blocks_footer_custom_js":"","smort_custom_pricelist_1":"33.6","smort_custom_pricelist_2":"33.6","smort_custom_pricelist_3":"31.92","smort_custom_pricelist_4":"48","smort_custom_pricelist_5":"33.6"},"anvandningsomrade":[166,238,2816],"bilmarken":[],"product_brand":[1252],"product_cat":[2583],"product_tag":[],"class_list":{"0":"post-6487","1":"product","2":"type-product","3":"status-publish","4":"has-post-thumbnail","6":"anvandningsomrade-lastbil","7":"anvandningsomrade-slap","8":"anvandningsomrade-trailer","9":"product_brand-lea","10":"product_cat-lampsarg-slap","11":"pa_storlek-mm-145x145","13":"first","14":"onbackorder","15":"taxable","16":"shipping-taxable","17":"purchasable","18":"product-type-simple"},"bundled_by":[],"bundle_stock_status":"onbackorder","bundle_stock_quantity":0,"bundle_virtual":false,"bundle_layout":"","bundle_add_to_cart_form_location":"","bundle_editable_in_cart":false,"bundle_sold_individually_context":"","bundle_item_grouping":"","bundle_min_size":"","bundle_max_size":"","bundle_price":[],"bundled_items":[],"bundle_sell_ids":[],"acf":[],"yoast_head":"<!-- This site is optimized with the Yoast SEO plugin v27.0 - https:\/\/yoast.com\/product\/yoast-seo-wordpress\/ -->\n<title>Lampsarg 125-serie Svart - Xenonkungen<\/title>\n<meta name=\"robots\" content=\"index, follow, max-snippet:-1, max-image-preview:large, max-video-preview:-1\" \/>\n<link rel=\"canonical\" href=\"https:\/\/xenonkungen.com\/no\/produkt\/lamperamme-125-serien-svart\/\" \/>\n<meta property=\"og:locale\" content=\"nb_NO\" \/>\n<meta property=\"og:type\" content=\"article\" \/>\n<meta property=\"og:title\" content=\"Lampsarg 125-serie Svart - Xenonkungen\" \/>\n<meta property=\"og:description\" content=\"Lampsarg i Svart St\u00e5l: En Perfekt L\u00f6sning f\u00f6r Kvadrat Serie 125 Belysning kan definiera atmosf\u00e4ren i ett rum. En h\u00f6gkvalitativ lampsarg kan vara det som st\u00e5r mellan en genomsnittlig belysningsupplevelse och en som verkligen f\u00f6rvandlar utrymmet. F\u00f6r de som redan har investerat i Kvadrat Serie 125, eller de som \u00f6verv\u00e4ger att g\u00f6ra det, kommer den [&hellip;]\" \/>\n<meta property=\"og:url\" content=\"https:\/\/xenonkungen.com\/no\/produkt\/lamperamme-125-serien-svart\/\" \/>\n<meta property=\"og:site_name\" content=\"Xenonkungen\" \/>\n<meta property=\"article:modified_time\" content=\"2026-04-10T23:37:47+00:00\" \/>\n<meta property=\"og:image\" content=\"https:\/\/xenonkungen.com\/wp-content\/uploads\/2025\/04\/12778383-origpic-c669b6.jpg\" \/>\n\t<meta property=\"og:image:width\" content=\"600\" \/>\n\t<meta property=\"og:image:height\" content=\"600\" \/>\n\t<meta property=\"og:image:type\" content=\"image\/jpeg\" \/>\n<meta name=\"twitter:card\" content=\"summary_large_image\" \/>\n<meta name=\"twitter:label1\" content=\"Ansl. lesetid\" \/>\n\t<meta name=\"twitter:data1\" content=\"2 minutter\" \/>\n<script type=\"application\/ld+json\" class=\"yoast-schema-graph\">{\"@context\":\"https:\/\/schema.org\",\"@graph\":[{\"@type\":\"WebPage\",\"@id\":\"https:\/\/xenonkungen.com\/nl\/product\/lampframe-125-serie-zwart\/\",\"url\":\"https:\/\/xenonkungen.com\/nl\/product\/lampframe-125-serie-zwart\/\",\"name\":\"Lampsarg 125-serie Svart - Xenonkungen\",\"isPartOf\":{\"@id\":\"https:\/\/xenonkungen.com\/#website\"},\"primaryImageOfPage\":{\"@id\":\"https:\/\/xenonkungen.com\/nl\/product\/lampframe-125-serie-zwart\/#primaryimage\"},\"image\":{\"@id\":\"https:\/\/xenonkungen.com\/nl\/product\/lampframe-125-serie-zwart\/#primaryimage\"},\"thumbnailUrl\":\"https:\/\/xenonkungen.com\/wp-content\/uploads\/2025\/04\/12778383-origpic-c669b6.jpg\",\"datePublished\":\"2025-04-15T09:47:06+00:00\",\"dateModified\":\"2026-04-10T23:37:47+00:00\",\"breadcrumb\":{\"@id\":\"https:\/\/xenonkungen.com\/nl\/product\/lampframe-125-serie-zwart\/#breadcrumb\"},\"inLanguage\":\"nb-NO\",\"potentialAction\":[{\"@type\":\"ReadAction\",\"target\":[\"https:\/\/xenonkungen.com\/nl\/product\/lampframe-125-serie-zwart\/\"]}]},{\"@type\":\"ImageObject\",\"inLanguage\":\"nb-NO\",\"@id\":\"https:\/\/xenonkungen.com\/nl\/product\/lampframe-125-serie-zwart\/#primaryimage\",\"url\":\"https:\/\/xenonkungen.com\/wp-content\/uploads\/2025\/04\/12778383-origpic-c669b6.jpg\",\"contentUrl\":\"https:\/\/xenonkungen.com\/wp-content\/uploads\/2025\/04\/12778383-origpic-c669b6.jpg\",\"width\":600,\"height\":600},{\"@type\":\"BreadcrumbList\",\"@id\":\"https:\/\/xenonkungen.com\/nl\/product\/lampframe-125-serie-zwart\/#breadcrumb\",\"itemListElement\":[{\"@type\":\"ListItem\",\"position\":1,\"name\":\"Hem\",\"item\":\"https:\/\/xenonkungen.com\/\"},{\"@type\":\"ListItem\",\"position\":2,\"name\":\"Shop\",\"item\":\"https:\/\/xenonkungen.com\/shop\/\"},{\"@type\":\"ListItem\",\"position\":3,\"name\":\"Lampsarg 125-serie Svart\"}]},{\"@type\":\"WebSite\",\"@id\":\"https:\/\/xenonkungen.com\/#website\",\"url\":\"https:\/\/xenonkungen.com\/\",\"name\":\"Xenonkungen\",\"description\":\"\",\"potentialAction\":[{\"@type\":\"SearchAction\",\"target\":{\"@type\":\"EntryPoint\",\"urlTemplate\":\"https:\/\/xenonkungen.com\/?s={search_term_string}\"},\"query-input\":{\"@type\":\"PropertyValueSpecification\",\"valueRequired\":true,\"valueName\":\"search_term_string\"}}],\"inLanguage\":\"nb-NO\"}]}<\/script>\n<!-- \/ Yoast SEO plugin. -->","yoast_head_json":{"title":"Lampsarg 125-serien Svart \u2013 Xenon-kongen","robots":{"index":"index","follow":"follow","max-snippet":"max-snippet:-1","max-image-preview":"max-image-preview:large","max-video-preview":"max-video-preview:-1"},"canonical":"https:\/\/xenonkungen.com\/no\/produkt\/lamperamme-125-serien-svart\/","og_locale":"nb_NO","og_type":"article","og_title":"Lampsarg 125-serie Svart - Xenonkungen","og_description":"Lampsarg i Svart St\u00e5l: En Perfekt L\u00f6sning f\u00f6r Kvadrat Serie 125 Belysning kan definiera atmosf\u00e4ren i ett rum. En h\u00f6gkvalitativ lampsarg kan vara det som st\u00e5r mellan en genomsnittlig belysningsupplevelse och en som verkligen f\u00f6rvandlar utrymmet. F\u00f6r de som redan har investerat i Kvadrat Serie 125, eller de som \u00f6verv\u00e4ger att g\u00f6ra det, kommer den [&hellip;]","og_url":"https:\/\/xenonkungen.com\/no\/produkt\/lamperamme-125-serien-svart\/","og_site_name":"Xenonkungen","article_modified_time":"2026-04-10T23:37:47+00:00","og_image":[{"width":600,"height":600,"url":"https:\/\/xenonkungen.com\/wp-content\/uploads\/2025\/04\/12778383-origpic-c669b6.jpg","type":"image\/jpeg"}],"twitter_card":"summary_large_image","twitter_misc":{"Ansl. lesetid":"2 minutter"},"schema":{"@context":"https:\/\/schema.org","@graph":[{"@type":"WebPage","@id":"https:\/\/xenonkungen.com\/nl\/product\/lampframe-125-serie-zwart\/","url":"https:\/\/xenonkungen.com\/nl\/product\/lampframe-125-serie-zwart\/","name":"Lampsarg 125-serien Svart \u2013 Xenon-kongen","isPartOf":{"@id":"https:\/\/xenonkungen.com\/#website"},"primaryImageOfPage":{"@id":"https:\/\/xenonkungen.com\/nl\/product\/lampframe-125-serie-zwart\/#primaryimage"},"image":{"@id":"https:\/\/xenonkungen.com\/nl\/product\/lampframe-125-serie-zwart\/#primaryimage"},"thumbnailUrl":"https:\/\/xenonkungen.com\/wp-content\/uploads\/2025\/04\/12778383-origpic-c669b6.jpg","datePublished":"2025-04-15T09:47:06+00:00","dateModified":"2026-04-10T23:37:47+00:00","breadcrumb":{"@id":"https:\/\/xenonkungen.com\/nl\/product\/lampframe-125-serie-zwart\/#breadcrumb"},"inLanguage":"nb-NO","potentialAction":[{"@type":"ReadAction","target":["https:\/\/xenonkungen.com\/nl\/product\/lampframe-125-serie-zwart\/"]}]},{"@type":"ImageObject","inLanguage":"nb-NO","@id":"https:\/\/xenonkungen.com\/nl\/product\/lampframe-125-serie-zwart\/#primaryimage","url":"https:\/\/xenonkungen.com\/wp-content\/uploads\/2025\/04\/12778383-origpic-c669b6.jpg","contentUrl":"https:\/\/xenonkungen.com\/wp-content\/uploads\/2025\/04\/12778383-origpic-c669b6.jpg","width":600,"height":600},{"@type":"BreadcrumbList","@id":"https:\/\/xenonkungen.com\/nl\/product\/lampframe-125-serie-zwart\/#breadcrumb","itemListElement":[{"@type":"ListItem","position":1,"name":"Hem","item":"https:\/\/xenonkungen.com\/"},{"@type":"ListItem","position":2,"name":"Shop","item":"https:\/\/xenonkungen.com\/shop\/"},{"@type":"ListItem","position":3,"name":"Lampsarg 125-serie Svart"}]},{"@type":"WebSite","@id":"https:\/\/xenonkungen.com\/#website","url":"https:\/\/xenonkungen.com\/","name":"Xenonkungen","description":"","potentialAction":[{"@type":"SearchAction","target":{"@type":"EntryPoint","urlTemplate":"https:\/\/xenonkungen.com\/?s={search_term_string}"},"query-input":{"@type":"PropertyValueSpecification","valueRequired":true,"valueName":"search_term_string"}}],"inLanguage":"nb-NO"}]}},"taxonomy_info":{"anvandningsomrade":[{"value":166,"label":"Lastbil"},{"value":238,"label":"SL\u00c4P"},{"value":2816,"label":"TRAILER"}],"product_brand":[{"value":1252,"label":"LEA"}],"product_cat":[{"value":2583,"label":"Lampsarg"}],"pa_storlek-mm":[{"value":1766,"label":"145x145"}]},"featured_image_src_large":["https:\/\/xenonkungen.com\/wp-content\/uploads\/2025\/04\/12778383-origpic-c669b6.jpg",600,600,false],"author_info":[],"comment_info":0,"_links":{"self":[{"href":"https:\/\/xenonkungen.com\/no\/wp-json\/wp\/v2\/product\/6487","targetHints":{"allow":["GET"]}}],"collection":[{"href":"https:\/\/xenonkungen.com\/no\/wp-json\/wp\/v2\/product"}],"about":[{"href":"https:\/\/xenonkungen.com\/no\/wp-json\/wp\/v2\/types\/product"}],"replies":[{"embeddable":true,"href":"https:\/\/xenonkungen.com\/no\/wp-json\/wp\/v2\/comments?post=6487"}],"wp:featuredmedia":[{"embeddable":true,"href":"https:\/\/xenonkungen.com\/no\/wp-json\/wp\/v2\/media\/6488"}],"wp:attachment":[{"href":"https:\/\/xenonkungen.com\/no\/wp-json\/wp\/v2\/media?parent=6487"}],"wp:term":[{"taxonomy":"anvandningsomrade","embeddable":true,"href":"https:\/\/xenonkungen.com\/no\/wp-json\/wp\/v2\/anvandningsomrade?post=6487"},{"taxonomy":"bilmarken","embeddable":true,"href":"https:\/\/xenonkungen.com\/no\/wp-json\/wp\/v2\/bilmarken?post=6487"},{"taxonomy":"product_brand","embeddable":true,"href":"https:\/\/xenonkungen.com\/no\/wp-json\/wp\/v2\/product_brand?post=6487"},{"taxonomy":"product_cat","embeddable":true,"href":"https:\/\/xenonkungen.com\/no\/wp-json\/wp\/v2\/product_cat?post=6487"},{"taxonomy":"product_tag","embeddable":true,"href":"https:\/\/xenonkungen.com\/no\/wp-json\/wp\/v2\/product_tag?post=6487"}],"curies":[{"name":"wp","href":"https:\/\/api.w.org\/{rel}","templated":true}]}}