{"id":6520,"date":"2025-04-15T09:47:17","date_gmt":"2025-04-15T09:47:17","guid":{"rendered":"https:\/\/xenonkungen.com\/product\/backlampa-125cwme-vit\/"},"modified":"2026-04-24T17:09:15","modified_gmt":"2026-04-24T16:09:15","slug":"ryggelys-125cwme-hvitt","status":"publish","type":"product","link":"https:\/\/xenonkungen.com\/no\/produkt\/ryggelys-125cwme-hvitt\/","title":{"rendered":"Bakgrunnsbelysning 125CWME Hvit"},"content":{"rendered":"<div class=\"container\">\n<h1>Oppgrader bilen din med 125CWME baklys i hvit kromfinish<\/h1>\n<p>For deg som setter pris p\u00e5 b\u00e5de funksjonalitet og estetikk i bilen, presenterer vi v\u00e5r stilige baklykt i kromfinish. Denne lykten kombinerer belysning av h\u00f8y kvalitet med en moderne og sofistikert design, noe som gir bilen din et l\u00f8ft b\u00e5de n\u00e5r det gjelder stil og sikkerhet.<\/p>\n<h2>Hovedegenskaper:<\/h2>\n<ul>\n<li><strong>Krom finish:<\/strong> Gir et skinnende og estetisk utseende som passer perfekt til bilen din.<\/li>\n<li><strong>Belysning av h\u00f8y kvalitet:<\/strong> Kraftige baklys s\u00f8rger for at du er godt synlig n\u00e5r du rygger, noe som \u00f8ker b\u00e5de sikkerheten og funksjonaliteten.<\/li>\n<li><strong>Overflatemontering:<\/strong> Enkel installasjon med en design som passer perfekt for utenp\u00e5liggende montering.<\/li>\n<li><strong>Modern Touch:<\/strong> Tilf\u00f8rer bilen en sofistikert og moderne touch som forbedrer utseendet og synligheten.<\/li>\n<\/ul>\n<p>125CWME-baklykten i kromfinish er den ideelle oppgraderingen for alle som er ute etter en balanse mellom utmerket ytelse og et stilig eksteri\u00f8r. Det er ikke bare et praktisk tillegg for \u00f8kt sikkerhet, men ogs\u00e5 et estetisk valg som forskj\u00f8nner kj\u00f8ret\u00f8yet ditt.<\/p>\n<p><\/span><\/p>\n<p><span><strong>Garanti:<\/strong> 5 \u00e5r<\/span><\/p>\n<p><span><iframe loading=\"lazy\" height=\"314\" src=\"https:\/\/www.youtube.com\/embed\/stf8LdE07sE\" width=\"560\" allowfullscreen=\"allowfullscreen\"><\/iframe><\/span><\/p>\n<\/div>","protected":false},"excerpt":{"rendered":"<p>Uppgradera Ditt Fordon med Backljus Baklampa 125CWME i Kromfinish Vit F\u00f6r dem som v\u00e4rdes\u00e4tter b\u00e5de funktionalitet och estetik i sitt fordon, introducerar vi v\u00e5r eleganta backljus baklampa i kromfinish. Denna lampa kombinerar h\u00f6gkvalitativ belysning med en modern och sofistikerad design, f\u00f6r att ge ditt fordon en lyft i b\u00e5de stil och s\u00e4kerhet. Huvudegenskaper: Kromfinish: Ger [&hellip;]<\/p>","protected":false},"featured_media":6521,"comment_status":"closed","ping_status":"open","template":"","meta":{"_acf_changed":false,"_smort_price_nok":"951","_smort_price_dkk":"604","_smort_price_eur":"80.91","_smort_sale_price_nok":"","_smort_sale_price_dkk":"","_smort_sale_price_eur":"","smort_restorder":"","shipmondo_restorder":"","_kad_blocks_custom_css":"","_kad_blocks_head_custom_js":"","_kad_blocks_body_custom_js":"","_kad_blocks_footer_custom_js":"","smort_custom_pricelist_1":"498.4","smort_custom_pricelist_2":"498.4","smort_custom_pricelist_3":"473.48","smort_custom_pricelist_4":"712","smort_custom_pricelist_5":"498.4"},"anvandningsomrade":[166,238,2816],"bilmarken":[],"product_brand":[1252],"product_cat":[3049,2585],"product_tag":[],"class_list":{"0":"post-6520","1":"product","2":"type-product","3":"status-publish","4":"has-post-thumbnail","6":"anvandningsomrade-lastbil","7":"anvandningsomrade-slap","8":"anvandningsomrade-trailer","9":"product_brand-lea","10":"product_cat-bakljus-enkel-rektangular","11":"product_cat-backljus","12":"pa_fuktskydd-varde-ipxx-ip67","13":"pa_godkannande-ece-emc","14":"pa_storlek-mm-145x145x31","15":"pa_stromforbrukning-0-18a-28v","16":"pa_stromforbrukning-0-3613-8v","17":"pa_volt-v-12-24","19":"first","20":"onbackorder","21":"taxable","22":"shipping-taxable","23":"purchasable","24":"product-type-simple"},"bundled_by":[],"bundle_stock_status":"onbackorder","bundle_stock_quantity":0,"bundle_virtual":false,"bundle_layout":"","bundle_add_to_cart_form_location":"","bundle_editable_in_cart":false,"bundle_sold_individually_context":"","bundle_item_grouping":"","bundle_min_size":"","bundle_max_size":"","bundle_price":[],"bundled_items":[],"bundle_sell_ids":[],"acf":[],"yoast_head":"<!-- This site is optimized with the Yoast SEO plugin v27.0 - https:\/\/yoast.com\/product\/yoast-seo-wordpress\/ -->\n<title>Backlampa 125CWME Vit - Xenonkungen<\/title>\n<meta name=\"robots\" content=\"index, follow, max-snippet:-1, max-image-preview:large, max-video-preview:-1\" \/>\n<link rel=\"canonical\" href=\"https:\/\/xenonkungen.com\/no\/produkt\/ryggelys-125cwme-hvitt\/\" \/>\n<meta property=\"og:locale\" content=\"nb_NO\" \/>\n<meta property=\"og:type\" content=\"article\" \/>\n<meta property=\"og:title\" content=\"Backlampa 125CWME Vit - Xenonkungen\" \/>\n<meta property=\"og:description\" content=\"Uppgradera Ditt Fordon med Backljus Baklampa 125CWME i Kromfinish Vit F\u00f6r dem som v\u00e4rdes\u00e4tter b\u00e5de funktionalitet och estetik i sitt fordon, introducerar vi v\u00e5r eleganta backljus baklampa i kromfinish. Denna lampa kombinerar h\u00f6gkvalitativ belysning med en modern och sofistikerad design, f\u00f6r att ge ditt fordon en lyft i b\u00e5de stil och s\u00e4kerhet. Huvudegenskaper: Kromfinish: Ger [&hellip;]\" \/>\n<meta property=\"og:url\" content=\"https:\/\/xenonkungen.com\/no\/produkt\/ryggelys-125cwme-hvitt\/\" \/>\n<meta property=\"og:site_name\" content=\"Xenonkungen\" \/>\n<meta property=\"article:modified_time\" content=\"2026-04-24T16:09:15+00:00\" \/>\n<meta property=\"og:image\" content=\"https:\/\/xenonkungen.com\/wp-content\/uploads\/2025\/04\/7286985-origpic-fe56bb.jpg\" \/>\n\t<meta property=\"og:image:width\" content=\"800\" \/>\n\t<meta property=\"og:image:height\" content=\"800\" \/>\n\t<meta property=\"og:image:type\" content=\"image\/jpeg\" \/>\n<meta name=\"twitter:card\" content=\"summary_large_image\" \/>\n<meta name=\"twitter:label1\" content=\"Ansl. lesetid\" \/>\n\t<meta name=\"twitter:data1\" content=\"1 minutt\" \/>\n<script type=\"application\/ld+json\" class=\"yoast-schema-graph\">{\"@context\":\"https:\/\/schema.org\",\"@graph\":[{\"@type\":\"WebPage\",\"@id\":\"https:\/\/xenonkungen.com\/produkt\/backlampa-125cwme-vit\/\",\"url\":\"https:\/\/xenonkungen.com\/produkt\/backlampa-125cwme-vit\/\",\"name\":\"Backlampa 125CWME Vit - Xenonkungen\",\"isPartOf\":{\"@id\":\"https:\/\/xenonkungen.com\/#website\"},\"primaryImageOfPage\":{\"@id\":\"https:\/\/xenonkungen.com\/produkt\/backlampa-125cwme-vit\/#primaryimage\"},\"image\":{\"@id\":\"https:\/\/xenonkungen.com\/produkt\/backlampa-125cwme-vit\/#primaryimage\"},\"thumbnailUrl\":\"https:\/\/xenonkungen.com\/wp-content\/uploads\/2025\/04\/7286985-origpic-fe56bb.jpg\",\"datePublished\":\"2025-04-15T09:47:17+00:00\",\"dateModified\":\"2026-04-24T16:09:15+00:00\",\"breadcrumb\":{\"@id\":\"https:\/\/xenonkungen.com\/produkt\/backlampa-125cwme-vit\/#breadcrumb\"},\"inLanguage\":\"nb-NO\",\"potentialAction\":[{\"@type\":\"ReadAction\",\"target\":[\"https:\/\/xenonkungen.com\/produkt\/backlampa-125cwme-vit\/\"]}]},{\"@type\":\"ImageObject\",\"inLanguage\":\"nb-NO\",\"@id\":\"https:\/\/xenonkungen.com\/produkt\/backlampa-125cwme-vit\/#primaryimage\",\"url\":\"https:\/\/xenonkungen.com\/wp-content\/uploads\/2025\/04\/7286985-origpic-fe56bb.jpg\",\"contentUrl\":\"https:\/\/xenonkungen.com\/wp-content\/uploads\/2025\/04\/7286985-origpic-fe56bb.jpg\",\"width\":800,\"height\":800},{\"@type\":\"BreadcrumbList\",\"@id\":\"https:\/\/xenonkungen.com\/produkt\/backlampa-125cwme-vit\/#breadcrumb\",\"itemListElement\":[{\"@type\":\"ListItem\",\"position\":1,\"name\":\"Hem\",\"item\":\"https:\/\/xenonkungen.com\/\"},{\"@type\":\"ListItem\",\"position\":2,\"name\":\"Shop\",\"item\":\"https:\/\/xenonkungen.com\/shop\/\"},{\"@type\":\"ListItem\",\"position\":3,\"name\":\"Backlampa 125CWME Vit\"}]},{\"@type\":\"WebSite\",\"@id\":\"https:\/\/xenonkungen.com\/#website\",\"url\":\"https:\/\/xenonkungen.com\/\",\"name\":\"Xenonkungen\",\"description\":\"\",\"potentialAction\":[{\"@type\":\"SearchAction\",\"target\":{\"@type\":\"EntryPoint\",\"urlTemplate\":\"https:\/\/xenonkungen.com\/?s={search_term_string}\"},\"query-input\":{\"@type\":\"PropertyValueSpecification\",\"valueRequired\":true,\"valueName\":\"search_term_string\"}}],\"inLanguage\":\"nb-NO\"}]}<\/script>\n<!-- \/ Yoast SEO plugin. -->","yoast_head_json":{"title":"Baklys 125CWME Hvit \u2013 Xenon-kongen","robots":{"index":"index","follow":"follow","max-snippet":"max-snippet:-1","max-image-preview":"max-image-preview:large","max-video-preview":"max-video-preview:-1"},"canonical":"https:\/\/xenonkungen.com\/no\/produkt\/ryggelys-125cwme-hvitt\/","og_locale":"nb_NO","og_type":"article","og_title":"Backlampa 125CWME Vit - Xenonkungen","og_description":"Uppgradera Ditt Fordon med Backljus Baklampa 125CWME i Kromfinish Vit F\u00f6r dem som v\u00e4rdes\u00e4tter b\u00e5de funktionalitet och estetik i sitt fordon, introducerar vi v\u00e5r eleganta backljus baklampa i kromfinish. Denna lampa kombinerar h\u00f6gkvalitativ belysning med en modern och sofistikerad design, f\u00f6r att ge ditt fordon en lyft i b\u00e5de stil och s\u00e4kerhet. Huvudegenskaper: Kromfinish: Ger [&hellip;]","og_url":"https:\/\/xenonkungen.com\/no\/produkt\/ryggelys-125cwme-hvitt\/","og_site_name":"Xenonkungen","article_modified_time":"2026-04-24T16:09:15+00:00","og_image":[{"width":800,"height":800,"url":"https:\/\/xenonkungen.com\/wp-content\/uploads\/2025\/04\/7286985-origpic-fe56bb.jpg","type":"image\/jpeg"}],"twitter_card":"summary_large_image","twitter_misc":{"Ansl. lesetid":"1 minutt"},"schema":{"@context":"https:\/\/schema.org","@graph":[{"@type":"WebPage","@id":"https:\/\/xenonkungen.com\/produkt\/backlampa-125cwme-vit\/","url":"https:\/\/xenonkungen.com\/produkt\/backlampa-125cwme-vit\/","name":"Baklys 125CWME Hvit \u2013 Xenon-kongen","isPartOf":{"@id":"https:\/\/xenonkungen.com\/#website"},"primaryImageOfPage":{"@id":"https:\/\/xenonkungen.com\/produkt\/backlampa-125cwme-vit\/#primaryimage"},"image":{"@id":"https:\/\/xenonkungen.com\/produkt\/backlampa-125cwme-vit\/#primaryimage"},"thumbnailUrl":"https:\/\/xenonkungen.com\/wp-content\/uploads\/2025\/04\/7286985-origpic-fe56bb.jpg","datePublished":"2025-04-15T09:47:17+00:00","dateModified":"2026-04-24T16:09:15+00:00","breadcrumb":{"@id":"https:\/\/xenonkungen.com\/produkt\/backlampa-125cwme-vit\/#breadcrumb"},"inLanguage":"nb-NO","potentialAction":[{"@type":"ReadAction","target":["https:\/\/xenonkungen.com\/produkt\/backlampa-125cwme-vit\/"]}]},{"@type":"ImageObject","inLanguage":"nb-NO","@id":"https:\/\/xenonkungen.com\/produkt\/backlampa-125cwme-vit\/#primaryimage","url":"https:\/\/xenonkungen.com\/wp-content\/uploads\/2025\/04\/7286985-origpic-fe56bb.jpg","contentUrl":"https:\/\/xenonkungen.com\/wp-content\/uploads\/2025\/04\/7286985-origpic-fe56bb.jpg","width":800,"height":800},{"@type":"BreadcrumbList","@id":"https:\/\/xenonkungen.com\/produkt\/backlampa-125cwme-vit\/#breadcrumb","itemListElement":[{"@type":"ListItem","position":1,"name":"Hem","item":"https:\/\/xenonkungen.com\/"},{"@type":"ListItem","position":2,"name":"Shop","item":"https:\/\/xenonkungen.com\/shop\/"},{"@type":"ListItem","position":3,"name":"Backlampa 125CWME Vit"}]},{"@type":"WebSite","@id":"https:\/\/xenonkungen.com\/#website","url":"https:\/\/xenonkungen.com\/","name":"Xenonkungen","description":"","potentialAction":[{"@type":"SearchAction","target":{"@type":"EntryPoint","urlTemplate":"https:\/\/xenonkungen.com\/?s={search_term_string}"},"query-input":{"@type":"PropertyValueSpecification","valueRequired":true,"valueName":"search_term_string"}}],"inLanguage":"nb-NO"}]}},"taxonomy_info":{"anvandningsomrade":[{"value":166,"label":"Lastbil"},{"value":238,"label":"SL\u00c4P"},{"value":2816,"label":"TRAILER"}],"product_brand":[{"value":1252,"label":"LEA"}],"product_cat":[{"value":3049,"label":"Bakljus Enkel Rektangul\u00e4r"},{"value":2585,"label":"Backljus"}],"pa_fuktskydd-varde-ipxx":[{"value":333,"label":"IP67"}],"pa_godkannande":[{"value":1262,"label":"ECE, EMC"}],"pa_storlek-mm":[{"value":1770,"label":"145x145x31"}],"pa_stromforbrukning":[{"value":1772,"label":"0.18A @28V"},{"value":1771,"label":"0.36@13.8V"}],"pa_volt-v":[{"value":348,"label":"12, 24"}]},"featured_image_src_large":["https:\/\/xenonkungen.com\/wp-content\/uploads\/2025\/04\/7286985-origpic-fe56bb.jpg",800,800,false],"author_info":[],"comment_info":0,"_links":{"self":[{"href":"https:\/\/xenonkungen.com\/no\/wp-json\/wp\/v2\/product\/6520","targetHints":{"allow":["GET"]}}],"collection":[{"href":"https:\/\/xenonkungen.com\/no\/wp-json\/wp\/v2\/product"}],"about":[{"href":"https:\/\/xenonkungen.com\/no\/wp-json\/wp\/v2\/types\/product"}],"replies":[{"embeddable":true,"href":"https:\/\/xenonkungen.com\/no\/wp-json\/wp\/v2\/comments?post=6520"}],"wp:featuredmedia":[{"embeddable":true,"href":"https:\/\/xenonkungen.com\/no\/wp-json\/wp\/v2\/media\/6521"}],"wp:attachment":[{"href":"https:\/\/xenonkungen.com\/no\/wp-json\/wp\/v2\/media?parent=6520"}],"wp:term":[{"taxonomy":"anvandningsomrade","embeddable":true,"href":"https:\/\/xenonkungen.com\/no\/wp-json\/wp\/v2\/anvandningsomrade?post=6520"},{"taxonomy":"bilmarken","embeddable":true,"href":"https:\/\/xenonkungen.com\/no\/wp-json\/wp\/v2\/bilmarken?post=6520"},{"taxonomy":"product_brand","embeddable":true,"href":"https:\/\/xenonkungen.com\/no\/wp-json\/wp\/v2\/product_brand?post=6520"},{"taxonomy":"product_cat","embeddable":true,"href":"https:\/\/xenonkungen.com\/no\/wp-json\/wp\/v2\/product_cat?post=6520"},{"taxonomy":"product_tag","embeddable":true,"href":"https:\/\/xenonkungen.com\/no\/wp-json\/wp\/v2\/product_tag?post=6520"}],"curies":[{"name":"wp","href":"https:\/\/api.w.org\/{rel}","templated":true}]}}