{"id":6524,"date":"2025-04-15T09:47:22","date_gmt":"2025-04-15T09:47:22","guid":{"rendered":"https:\/\/xenonkungen.com\/product\/baklampa-125rme-rod\/"},"modified":"2026-04-24T17:09:17","modified_gmt":"2026-04-24T16:09:17","slug":"baklys-125rme-stang","status":"publish","type":"product","link":"https:\/\/xenonkungen.com\/no\/produkt\/baklys-125rme-stang\/","title":{"rendered":"Baklys 125RME R\u00f8d"},"content":{"rendered":"<h1>Stopp- og baklys med svart innkapsling 145x145 mm - perfekt for oppgradert bilbelysning<\/h1>\n<p>N\u00e5r det gjelder \u00e5 forbedre belysningen p\u00e5 kj\u00f8ret\u00f8yet ditt, er det viktig \u00e5 velge de riktige lyktene. V\u00e5re stopp- og baklykter med svart dekor og m\u00e5lene 145x145 mm er en utmerket l\u00f8sning for \u00e5 oppgradere bilbelysningen. Disse lyktene er spesialdesignet for enkel utenp\u00e5liggende montering og har en p\u00e5litelig, lekkasjetett elektronikk.<\/p>\n<h2>Langvarig ytelse:<\/h2>\n<p>V\u00e5re stopp- og baklykter med svart kant er bygget for \u00e5 vare. Den svarte kanten gir et moderne og stilig utseende, samtidig som den beskytter lyktene mot korrosjon og slitasje, noe som er spesielt viktig for utend\u00f8rs bruk.<\/p>\n<h2>5 \u00e5rs garanti:<\/h2>\n<p>For \u00e5 bekrefte v\u00e5r tillit til kvaliteten p\u00e5 produktene v\u00e5re tilbyr vi en sjener\u00f8s garantiperiode p\u00e5 5 \u00e5r. Dette gir deg ekstra trygghet n\u00e5r du velger v\u00e5re lamper til din oppgraderte bilbelysning.<\/p>\n<p>Kort oppsummert er v\u00e5re stopp- og baklykter med svart innfatning og m\u00e5lene 145x145 mm det perfekte valget for \u00e5 forbedre belysningen p\u00e5 kj\u00f8ret\u00f8yet ditt. De tekniske spesifikasjonene, holdbarheten og garantiperioden gj\u00f8r dem til en p\u00e5litelig l\u00f8sning av h\u00f8y kvalitet som \u00f8ker sikkerheten og stilen p\u00e5 reisen din. Gi kj\u00f8ret\u00f8yet ditt den oppgraderte belysningen det fortjener med v\u00e5re lykter med svart innfatning.<\/p>","protected":false},"excerpt":{"rendered":"<p>Stopp- och Baklampa med Svart Sarg 145x145mm &#8211; Perfekt f\u00f6r Uppgraderad Fordonsbelysning N\u00e4r det g\u00e4ller att f\u00f6rb\u00e4ttra belysningen p\u00e5 ditt fordon \u00e4r valet av de r\u00e4tta lamporna av st\u00f6rsta vikt. V\u00e5ra stopp- och baklampor med svart sarg och dimensioner p\u00e5 145x145mm erbjuder en utm\u00e4rkt l\u00f6sning f\u00f6r att uppgradera din fordonsbelysning. Dessa lampor \u00e4r speciellt utformade [&hellip;]<\/p>","protected":false},"featured_media":6525,"comment_status":"closed","ping_status":"open","template":"","meta":{"_acf_changed":false,"_smort_price_nok":"587","_smort_price_dkk":"373","_smort_price_eur":"50","_smort_sale_price_nok":"","_smort_sale_price_dkk":"","_smort_sale_price_eur":"","smort_restorder":"","shipmondo_restorder":"","_kad_blocks_custom_css":"","_kad_blocks_head_custom_js":"","_kad_blocks_body_custom_js":"","_kad_blocks_footer_custom_js":"","smort_custom_pricelist_1":"308","smort_custom_pricelist_2":"308","smort_custom_pricelist_3":"292.6","smort_custom_pricelist_4":"440","smort_custom_pricelist_5":"308"},"anvandningsomrade":[166,238,2816],"bilmarken":[],"product_brand":[1252],"product_cat":[3049,2552],"product_tag":[],"class_list":{"0":"post-6524","1":"product","2":"type-product","3":"status-publish","4":"has-post-thumbnail","6":"anvandningsomrade-lastbil","7":"anvandningsomrade-slap","8":"anvandningsomrade-trailer","9":"product_brand-lea","10":"product_cat-bakljus-enkel-rektangular","11":"product_cat-bakljus-slap","12":"pa_fuktskydd-varde-ipxx-ip67","13":"pa_storlek-mm-145x145","14":"pa_volt-v-12-24","16":"first","17":"onbackorder","18":"taxable","19":"shipping-taxable","20":"purchasable","21":"product-type-simple"},"bundled_by":[],"bundle_stock_status":"onbackorder","bundle_stock_quantity":0,"bundle_virtual":false,"bundle_layout":"","bundle_add_to_cart_form_location":"","bundle_editable_in_cart":false,"bundle_sold_individually_context":"","bundle_item_grouping":"","bundle_min_size":"","bundle_max_size":"","bundle_price":[],"bundled_items":[],"bundle_sell_ids":[],"acf":[],"yoast_head":"<!-- This site is optimized with the Yoast SEO plugin v27.0 - https:\/\/yoast.com\/product\/yoast-seo-wordpress\/ -->\n<title>Baklampa 125RME R\u00f6d - Xenonkungen<\/title>\n<meta name=\"robots\" content=\"index, follow, max-snippet:-1, max-image-preview:large, max-video-preview:-1\" \/>\n<link rel=\"canonical\" href=\"https:\/\/xenonkungen.com\/no\/produkt\/baklys-125rme-stang\/\" \/>\n<meta property=\"og:locale\" content=\"nb_NO\" \/>\n<meta property=\"og:type\" content=\"article\" \/>\n<meta property=\"og:title\" content=\"Baklampa 125RME R\u00f6d - Xenonkungen\" \/>\n<meta property=\"og:description\" content=\"Stopp- och Baklampa med Svart Sarg 145x145mm &#8211; Perfekt f\u00f6r Uppgraderad Fordonsbelysning N\u00e4r det g\u00e4ller att f\u00f6rb\u00e4ttra belysningen p\u00e5 ditt fordon \u00e4r valet av de r\u00e4tta lamporna av st\u00f6rsta vikt. V\u00e5ra stopp- och baklampor med svart sarg och dimensioner p\u00e5 145x145mm erbjuder en utm\u00e4rkt l\u00f6sning f\u00f6r att uppgradera din fordonsbelysning. Dessa lampor \u00e4r speciellt utformade [&hellip;]\" \/>\n<meta property=\"og:url\" content=\"https:\/\/xenonkungen.com\/no\/produkt\/baklys-125rme-stang\/\" \/>\n<meta property=\"og:site_name\" content=\"Xenonkungen\" \/>\n<meta property=\"article:modified_time\" content=\"2026-04-24T16:09:17+00:00\" \/>\n<meta property=\"og:image\" content=\"https:\/\/xenonkungen.com\/wp-content\/uploads\/2025\/04\/7282977-origpic-896d2e.png\" \/>\n\t<meta property=\"og:image:width\" content=\"600\" \/>\n\t<meta property=\"og:image:height\" content=\"600\" \/>\n\t<meta property=\"og:image:type\" content=\"image\/png\" \/>\n<meta name=\"twitter:card\" content=\"summary_large_image\" \/>\n<meta name=\"twitter:label1\" content=\"Ansl. lesetid\" \/>\n\t<meta name=\"twitter:data1\" content=\"1 minutt\" \/>\n<script type=\"application\/ld+json\" class=\"yoast-schema-graph\">{\"@context\":\"https:\/\/schema.org\",\"@graph\":[{\"@type\":\"WebPage\",\"@id\":\"https:\/\/xenonkungen.com\/produkt\/baklampa-125rme-rod\/\",\"url\":\"https:\/\/xenonkungen.com\/produkt\/baklampa-125rme-rod\/\",\"name\":\"Baklampa 125RME R\u00f6d - Xenonkungen\",\"isPartOf\":{\"@id\":\"https:\/\/xenonkungen.com\/#website\"},\"primaryImageOfPage\":{\"@id\":\"https:\/\/xenonkungen.com\/produkt\/baklampa-125rme-rod\/#primaryimage\"},\"image\":{\"@id\":\"https:\/\/xenonkungen.com\/produkt\/baklampa-125rme-rod\/#primaryimage\"},\"thumbnailUrl\":\"https:\/\/xenonkungen.com\/wp-content\/uploads\/2025\/04\/7282977-origpic-896d2e.png\",\"datePublished\":\"2025-04-15T09:47:22+00:00\",\"dateModified\":\"2026-04-24T16:09:17+00:00\",\"breadcrumb\":{\"@id\":\"https:\/\/xenonkungen.com\/produkt\/baklampa-125rme-rod\/#breadcrumb\"},\"inLanguage\":\"nb-NO\",\"potentialAction\":[{\"@type\":\"ReadAction\",\"target\":[\"https:\/\/xenonkungen.com\/produkt\/baklampa-125rme-rod\/\"]}]},{\"@type\":\"ImageObject\",\"inLanguage\":\"nb-NO\",\"@id\":\"https:\/\/xenonkungen.com\/produkt\/baklampa-125rme-rod\/#primaryimage\",\"url\":\"https:\/\/xenonkungen.com\/wp-content\/uploads\/2025\/04\/7282977-origpic-896d2e.png\",\"contentUrl\":\"https:\/\/xenonkungen.com\/wp-content\/uploads\/2025\/04\/7282977-origpic-896d2e.png\",\"width\":600,\"height\":600},{\"@type\":\"BreadcrumbList\",\"@id\":\"https:\/\/xenonkungen.com\/produkt\/baklampa-125rme-rod\/#breadcrumb\",\"itemListElement\":[{\"@type\":\"ListItem\",\"position\":1,\"name\":\"Hem\",\"item\":\"https:\/\/xenonkungen.com\/\"},{\"@type\":\"ListItem\",\"position\":2,\"name\":\"Shop\",\"item\":\"https:\/\/xenonkungen.com\/shop\/\"},{\"@type\":\"ListItem\",\"position\":3,\"name\":\"Baklampa 125RME R\u00f6d\"}]},{\"@type\":\"WebSite\",\"@id\":\"https:\/\/xenonkungen.com\/#website\",\"url\":\"https:\/\/xenonkungen.com\/\",\"name\":\"Xenonkungen\",\"description\":\"\",\"potentialAction\":[{\"@type\":\"SearchAction\",\"target\":{\"@type\":\"EntryPoint\",\"urlTemplate\":\"https:\/\/xenonkungen.com\/?s={search_term_string}\"},\"query-input\":{\"@type\":\"PropertyValueSpecification\",\"valueRequired\":true,\"valueName\":\"search_term_string\"}}],\"inLanguage\":\"nb-NO\"}]}<\/script>\n<!-- \/ Yoast SEO plugin. -->","yoast_head_json":{"title":"Baklykt 125RME R\u00f8d - Xenonkungen","robots":{"index":"index","follow":"follow","max-snippet":"max-snippet:-1","max-image-preview":"max-image-preview:large","max-video-preview":"max-video-preview:-1"},"canonical":"https:\/\/xenonkungen.com\/no\/produkt\/baklys-125rme-stang\/","og_locale":"nb_NO","og_type":"article","og_title":"Baklampa 125RME R\u00f6d - Xenonkungen","og_description":"Stopp- och Baklampa med Svart Sarg 145x145mm &#8211; Perfekt f\u00f6r Uppgraderad Fordonsbelysning N\u00e4r det g\u00e4ller att f\u00f6rb\u00e4ttra belysningen p\u00e5 ditt fordon \u00e4r valet av de r\u00e4tta lamporna av st\u00f6rsta vikt. V\u00e5ra stopp- och baklampor med svart sarg och dimensioner p\u00e5 145x145mm erbjuder en utm\u00e4rkt l\u00f6sning f\u00f6r att uppgradera din fordonsbelysning. Dessa lampor \u00e4r speciellt utformade [&hellip;]","og_url":"https:\/\/xenonkungen.com\/no\/produkt\/baklys-125rme-stang\/","og_site_name":"Xenonkungen","article_modified_time":"2026-04-24T16:09:17+00:00","og_image":[{"width":600,"height":600,"url":"https:\/\/xenonkungen.com\/wp-content\/uploads\/2025\/04\/7282977-origpic-896d2e.png","type":"image\/png"}],"twitter_card":"summary_large_image","twitter_misc":{"Ansl. lesetid":"1 minutt"},"schema":{"@context":"https:\/\/schema.org","@graph":[{"@type":"WebPage","@id":"https:\/\/xenonkungen.com\/produkt\/baklampa-125rme-rod\/","url":"https:\/\/xenonkungen.com\/produkt\/baklampa-125rme-rod\/","name":"Baklykt 125RME R\u00f8d - Xenonkungen","isPartOf":{"@id":"https:\/\/xenonkungen.com\/#website"},"primaryImageOfPage":{"@id":"https:\/\/xenonkungen.com\/produkt\/baklampa-125rme-rod\/#primaryimage"},"image":{"@id":"https:\/\/xenonkungen.com\/produkt\/baklampa-125rme-rod\/#primaryimage"},"thumbnailUrl":"https:\/\/xenonkungen.com\/wp-content\/uploads\/2025\/04\/7282977-origpic-896d2e.png","datePublished":"2025-04-15T09:47:22+00:00","dateModified":"2026-04-24T16:09:17+00:00","breadcrumb":{"@id":"https:\/\/xenonkungen.com\/produkt\/baklampa-125rme-rod\/#breadcrumb"},"inLanguage":"nb-NO","potentialAction":[{"@type":"ReadAction","target":["https:\/\/xenonkungen.com\/produkt\/baklampa-125rme-rod\/"]}]},{"@type":"ImageObject","inLanguage":"nb-NO","@id":"https:\/\/xenonkungen.com\/produkt\/baklampa-125rme-rod\/#primaryimage","url":"https:\/\/xenonkungen.com\/wp-content\/uploads\/2025\/04\/7282977-origpic-896d2e.png","contentUrl":"https:\/\/xenonkungen.com\/wp-content\/uploads\/2025\/04\/7282977-origpic-896d2e.png","width":600,"height":600},{"@type":"BreadcrumbList","@id":"https:\/\/xenonkungen.com\/produkt\/baklampa-125rme-rod\/#breadcrumb","itemListElement":[{"@type":"ListItem","position":1,"name":"Hem","item":"https:\/\/xenonkungen.com\/"},{"@type":"ListItem","position":2,"name":"Shop","item":"https:\/\/xenonkungen.com\/shop\/"},{"@type":"ListItem","position":3,"name":"Baklampa 125RME R\u00f6d"}]},{"@type":"WebSite","@id":"https:\/\/xenonkungen.com\/#website","url":"https:\/\/xenonkungen.com\/","name":"Xenonkungen","description":"","potentialAction":[{"@type":"SearchAction","target":{"@type":"EntryPoint","urlTemplate":"https:\/\/xenonkungen.com\/?s={search_term_string}"},"query-input":{"@type":"PropertyValueSpecification","valueRequired":true,"valueName":"search_term_string"}}],"inLanguage":"nb-NO"}]}},"taxonomy_info":{"anvandningsomrade":[{"value":166,"label":"Lastbil"},{"value":238,"label":"SL\u00c4P"},{"value":2816,"label":"TRAILER"}],"product_brand":[{"value":1252,"label":"LEA"}],"product_cat":[{"value":3049,"label":"Bakljus Enkel Rektangul\u00e4r"},{"value":2552,"label":"Bakljus"}],"pa_fuktskydd-varde-ipxx":[{"value":333,"label":"IP67"}],"pa_storlek-mm":[{"value":1766,"label":"145x145"}],"pa_volt-v":[{"value":348,"label":"12, 24"}]},"featured_image_src_large":["https:\/\/xenonkungen.com\/wp-content\/uploads\/2025\/04\/7282977-origpic-896d2e.png",600,600,false],"author_info":[],"comment_info":0,"_links":{"self":[{"href":"https:\/\/xenonkungen.com\/no\/wp-json\/wp\/v2\/product\/6524","targetHints":{"allow":["GET"]}}],"collection":[{"href":"https:\/\/xenonkungen.com\/no\/wp-json\/wp\/v2\/product"}],"about":[{"href":"https:\/\/xenonkungen.com\/no\/wp-json\/wp\/v2\/types\/product"}],"replies":[{"embeddable":true,"href":"https:\/\/xenonkungen.com\/no\/wp-json\/wp\/v2\/comments?post=6524"}],"wp:featuredmedia":[{"embeddable":true,"href":"https:\/\/xenonkungen.com\/no\/wp-json\/wp\/v2\/media\/6525"}],"wp:attachment":[{"href":"https:\/\/xenonkungen.com\/no\/wp-json\/wp\/v2\/media?parent=6524"}],"wp:term":[{"taxonomy":"anvandningsomrade","embeddable":true,"href":"https:\/\/xenonkungen.com\/no\/wp-json\/wp\/v2\/anvandningsomrade?post=6524"},{"taxonomy":"bilmarken","embeddable":true,"href":"https:\/\/xenonkungen.com\/no\/wp-json\/wp\/v2\/bilmarken?post=6524"},{"taxonomy":"product_brand","embeddable":true,"href":"https:\/\/xenonkungen.com\/no\/wp-json\/wp\/v2\/product_brand?post=6524"},{"taxonomy":"product_cat","embeddable":true,"href":"https:\/\/xenonkungen.com\/no\/wp-json\/wp\/v2\/product_cat?post=6524"},{"taxonomy":"product_tag","embeddable":true,"href":"https:\/\/xenonkungen.com\/no\/wp-json\/wp\/v2\/product_tag?post=6524"}],"curies":[{"name":"wp","href":"https:\/\/api.w.org\/{rel}","templated":true}]}}